{"id":19095,"date":"2022-04-20T07:55:55","date_gmt":"2022-04-20T07:55:55","guid":{"rendered":"https:\/\/www.egon.com\/?page_id=19095"},"modified":"2022-09-28T14:16:26","modified_gmt":"2022-09-28T14:16:26","slug":"trial-request-subscribed","status":"publish","type":"page","link":"https:\/\/www.egon.com\/pt\/trial-request-subscribed","title":{"rendered":"TYP Subscription &#8211; PT"},"content":{"rendered":"[vc_row][vc_column]<div class=\"c-heading\"><h3 class=\" u-h2 u-text-bolder u-margin-bottom-small u-text-center\">Bem-vindo ao EGON<\/h3><\/div><div class=\"c-heading\"><h3 class=\" u-h4 u-text-center\"> Confirmamos o sucesso do registro na plataforma.<\/h3><\/div>[vc_column_text txt_align=&#8221;u-text-center&#8221;]Para come\u00e7ar a usar os servi\u00e7os gratuitamente, verifique sua caixa de e-mail. Enviamos a voc\u00ea o link para verificar seu e-mail e acessar a plataforma. Se precisar de suporte, entre em contato conosco escrevendo para <a href=\"mailto:websupport@egon.com\">websupport@egon.com<\/a>.[\/vc_column_text]<div class=\" c-divider u-padding-vertical\"\/><\/div>[\/vc_column][\/vc_row]\n","protected":false},"excerpt":{"rendered":"<p>[vc_row][vc_column][vc_column_text txt_align=&#8221;u-text-center&#8221;]Para come\u00e7ar a usar os servi\u00e7os gratuitamente, verifique sua caixa de e-mail. Enviamos a voc\u00ea o link para verificar seu e-mail [&hellip;]<\/p>\n","protected":false},"author":1,"featured_media":0,"parent":0,"menu_order":0,"comment_status":"closed","ping_status":"closed","template":"templates\/template-nosidebar.php","meta":{"footnotes":""},"class_list":["post-19095","page","type-page","status-publish","hentry"],"yoast_head":"<!-- This site is optimized with the Yoast SEO plugin v26.8 - https:\/\/yoast.com\/product\/yoast-seo-wordpress\/ -->\n<title>TYP Subscription - PT - Egon<\/title>\n<meta name=\"robots\" content=\"index, follow, max-snippet:-1, max-image-preview:large, max-video-preview:-1\" \/>\n<link rel=\"canonical\" href=\"https:\/\/www.egon.com\/pt\/trial-request-subscribed\" \/>\n<meta property=\"og:locale\" content=\"pt_PT\" \/>\n<meta property=\"og:type\" content=\"article\" \/>\n<meta property=\"og:title\" content=\"TYP Subscription - PT - Egon\" \/>\n<meta property=\"og:description\" content=\"[vc_row][vc_column][vc_column_text txt_align=&#8221;u-text-center&#8221;]Para come\u00e7ar a usar os servi\u00e7os gratuitamente, verifique sua caixa de e-mail. Enviamos a voc\u00ea o link para verificar seu e-mail [&hellip;]\" \/>\n<meta property=\"og:url\" content=\"https:\/\/www.egon.com\/pt\/trial-request-subscribed\" \/>\n<meta property=\"og:site_name\" content=\"Egon\" \/>\n<meta property=\"article:modified_time\" content=\"2022-09-28T14:16:26+00:00\" \/>\n<meta name=\"twitter:card\" content=\"summary_large_image\" \/>\n<script type=\"application\/ld+json\" class=\"yoast-schema-graph\">{\"@context\":\"https:\/\/schema.org\",\"@graph\":[{\"@type\":\"WebPage\",\"@id\":\"https:\/\/www.egon.com\/pt\/trial-request-subscribed\",\"url\":\"https:\/\/www.egon.com\/pt\/trial-request-subscribed\",\"name\":\"TYP Subscription - PT - Egon\",\"isPartOf\":{\"@id\":\"https:\/\/www.egon.com\/zh\/#website\"},\"datePublished\":\"2022-04-20T07:55:55+00:00\",\"dateModified\":\"2022-09-28T14:16:26+00:00\",\"breadcrumb\":{\"@id\":\"https:\/\/www.egon.com\/pt\/trial-request-subscribed#breadcrumb\"},\"inLanguage\":\"pt\",\"potentialAction\":[{\"@type\":\"ReadAction\",\"target\":[\"https:\/\/www.egon.com\/pt\/trial-request-subscribed\"]}]},{\"@type\":\"BreadcrumbList\",\"@id\":\"https:\/\/www.egon.com\/pt\/trial-request-subscribed#breadcrumb\",\"itemListElement\":[{\"@type\":\"ListItem\",\"position\":1,\"name\":\"Home\",\"item\":\"https:\/\/www.egon.com\/pt\"},{\"@type\":\"ListItem\",\"position\":2,\"name\":\"TYP Subscription &#8211; PT\"}]},{\"@type\":\"WebSite\",\"@id\":\"https:\/\/www.egon.com\/zh\/#website\",\"url\":\"https:\/\/www.egon.com\/zh\/\",\"name\":\"Egon\",\"description\":\"Normalizzazione indirizzi - Address validation - Egon.com\",\"potentialAction\":[{\"@type\":\"SearchAction\",\"target\":{\"@type\":\"EntryPoint\",\"urlTemplate\":\"https:\/\/www.egon.com\/zh\/?s={search_term_string}\"},\"query-input\":{\"@type\":\"PropertyValueSpecification\",\"valueRequired\":true,\"valueName\":\"search_term_string\"}}],\"inLanguage\":\"pt\"}]}<\/script>\n<!-- \/ Yoast SEO plugin. -->","yoast_head_json":{"title":"TYP Subscription - PT - Egon","robots":{"index":"index","follow":"follow","max-snippet":"max-snippet:-1","max-image-preview":"max-image-preview:large","max-video-preview":"max-video-preview:-1"},"canonical":"https:\/\/www.egon.com\/pt\/trial-request-subscribed","og_locale":"pt_PT","og_type":"article","og_title":"TYP Subscription - PT - Egon","og_description":"[vc_row][vc_column][vc_column_text txt_align=&#8221;u-text-center&#8221;]Para come\u00e7ar a usar os servi\u00e7os gratuitamente, verifique sua caixa de e-mail. Enviamos a voc\u00ea o link para verificar seu e-mail [&hellip;]","og_url":"https:\/\/www.egon.com\/pt\/trial-request-subscribed","og_site_name":"Egon","article_modified_time":"2022-09-28T14:16:26+00:00","twitter_card":"summary_large_image","schema":{"@context":"https:\/\/schema.org","@graph":[{"@type":"WebPage","@id":"https:\/\/www.egon.com\/pt\/trial-request-subscribed","url":"https:\/\/www.egon.com\/pt\/trial-request-subscribed","name":"TYP Subscription - PT - Egon","isPartOf":{"@id":"https:\/\/www.egon.com\/zh\/#website"},"datePublished":"2022-04-20T07:55:55+00:00","dateModified":"2022-09-28T14:16:26+00:00","breadcrumb":{"@id":"https:\/\/www.egon.com\/pt\/trial-request-subscribed#breadcrumb"},"inLanguage":"pt","potentialAction":[{"@type":"ReadAction","target":["https:\/\/www.egon.com\/pt\/trial-request-subscribed"]}]},{"@type":"BreadcrumbList","@id":"https:\/\/www.egon.com\/pt\/trial-request-subscribed#breadcrumb","itemListElement":[{"@type":"ListItem","position":1,"name":"Home","item":"https:\/\/www.egon.com\/pt"},{"@type":"ListItem","position":2,"name":"TYP Subscription &#8211; PT"}]},{"@type":"WebSite","@id":"https:\/\/www.egon.com\/zh\/#website","url":"https:\/\/www.egon.com\/zh\/","name":"Egon","description":"Normalizzazione indirizzi - Address validation - Egon.com","potentialAction":[{"@type":"SearchAction","target":{"@type":"EntryPoint","urlTemplate":"https:\/\/www.egon.com\/zh\/?s={search_term_string}"},"query-input":{"@type":"PropertyValueSpecification","valueRequired":true,"valueName":"search_term_string"}}],"inLanguage":"pt"}]}},"_links":{"self":[{"href":"https:\/\/www.egon.com\/pt\/wp-json\/wp\/v2\/pages\/19095","targetHints":{"allow":["GET"]}}],"collection":[{"href":"https:\/\/www.egon.com\/pt\/wp-json\/wp\/v2\/pages"}],"about":[{"href":"https:\/\/www.egon.com\/pt\/wp-json\/wp\/v2\/types\/page"}],"author":[{"embeddable":true,"href":"https:\/\/www.egon.com\/pt\/wp-json\/wp\/v2\/users\/1"}],"replies":[{"embeddable":true,"href":"https:\/\/www.egon.com\/pt\/wp-json\/wp\/v2\/comments?post=19095"}],"version-history":[{"count":4,"href":"https:\/\/www.egon.com\/pt\/wp-json\/wp\/v2\/pages\/19095\/revisions"}],"predecessor-version":[{"id":19486,"href":"https:\/\/www.egon.com\/pt\/wp-json\/wp\/v2\/pages\/19095\/revisions\/19486"}],"wp:attachment":[{"href":"https:\/\/www.egon.com\/pt\/wp-json\/wp\/v2\/media?parent=19095"}],"curies":[{"name":"wp","href":"https:\/\/api.w.org\/{rel}","templated":true}]}}