{"id":17121,"date":"2019-04-19T11:46:56","date_gmt":"2019-04-19T11:46:56","guid":{"rendered":"https:\/\/www.egon.com\/?page_id=17121"},"modified":"2019-04-19T11:46:56","modified_gmt":"2019-04-19T11:46:56","slug":"o-mercado","status":"publish","type":"page","link":"https:\/\/www.egon.com\/pt\/empresa\/o-mercado","title":{"rendered":"O mercado"},"content":{"rendered":"<p>Para qualquer empresa ou entidade que possua um banco de dados pessoais \u00e9 fundamental poder contar com um instrumento de certifica\u00e7\u00e3o e normaliza\u00e7\u00e3o das informa\u00e7\u00f5es.<\/p>\n<h3>SERVI\u00c7OS P\u00daBLICOS<\/h3>\n<p>As nossas solu\u00e7\u00f5es podem ser utilizadas nas seguintes \u00e1reas: gerenciamento de banco de dados de clientes, marketing, CRM, data warehouse, geomarketing, gerenciamento de mailing lists, gerenciamento de campanhas, gerenciamento de redes de distribui\u00e7\u00e3o, gerenciamento de servi\u00e7os, servi\u00e7os de atendimento ao cliente, servi\u00e7os de sinaliza\u00e7\u00e3o de problemas, gerenciamento de \u00e1reas de cobertura.<\/p>\n<h3>BANCOS<\/h3>\n<p>As nossas solu\u00e7\u00f5es podem ser utilizadas nas seguintes \u00e1reas: departamentos de dados pessoais, marketing, CRM, warehouse, geomarketing, gerenciamento de mailing lists, gerenciamento de redes de distribui\u00e7\u00e3o (ag\u00eancias), transfer\u00eancias banc\u00e1rias, portf\u00f3lios comerciais, rela\u00e7\u00f5es com o exterior, relat\u00f3rios financeiros, gerenciamento de risco, centrais de atendimento, home banking, investimentos online.<\/p>\n<h3>SEGURADORAS<\/h3>\n<p>As nossas solu\u00e7\u00f5es podem ser utilizadas nas seguintes \u00e1reas: departamentos de dados pessoais, marketing, CRM, warehouse, geomarketing, gerenciamento de mailing lists, gerenciamento de redes de distribui\u00e7\u00e3o (ag\u00eancias), gerenciamento de promotores financeiros, portf\u00f3lios de seguros de vida, de danos ou acidentes, gerenciamento de risco, centrais de atendimento, seguros online.<\/p>\n<h3>INSTITUI\u00c7\u00d5ES FINANCEIRAS<\/h3>\n<p>As nossas solu\u00e7\u00f5es podem ser utilizadas nas seguintes \u00e1reas: departamentos de dados pessoais, marketing, CRM, data warehouse, geomarketing, gerenciamento de mailing lists, gerenciamento de promotores financeiros, gerenciamento de boutiques de investimento, gerenciamento de risco, centrais de atendimento, servi\u00e7os internet, investimentos online.<\/p>\n<h3>GRANDE DISTRIBUI\u00c7\u00c3O<\/h3>\n<p>As nossas solu\u00e7\u00f5es podem ser utilizadas nas seguintes \u00e1reas: gerenciamento de bancos de dados de clientes, gerenciamento de mailing lists, marketing, CRM, data warehouse, geomarketing, gerenciamento de pontos de venda, gerenciamento de cart\u00f5es de fidelidade e de compras, gerenciamento de coleta de pontos. <\/p>\n<h3>IND\u00daSTRIA<\/h3>\n<p>As nossas solu\u00e7\u00f5es podem ser utilizadas nas seguintes \u00e1reas: gerenciamento de bancos de dados de clientes, gerenciamento de mailing lists, marketing, CRM, data warehouse, geomarketing, gerenciamento da rede de distribui\u00e7\u00e3o (atacadistas e\/ou lojas), gerenciamento de garantias.<\/p>\n<h3>AUTOMOTIVO<\/h3>\n<p>As nossas solu\u00e7\u00f5es podem ser utilizadas nas seguintes \u00e1reas: gerenciamento CIDB, gerenciamento de mailing lists, marketing, CRM, data warehouse, geomarketing, gerenciamento de concession\u00e1rios, legados, gerenciamento de garantias.<\/p>\n<h3>ADMINISTRA\u00c7\u00c3O P\u00daBLICA<\/h3>\n<p>As nossas solu\u00e7\u00f5es podem ser utilizadas nas seguintes \u00e1reas: qualidade dos dados, gerenciamento de listas de endere\u00e7os, gerenciamento de registros, data warehouse, conex\u00e3o entre entidades, estat\u00edstica, sa\u00fade, transportes, impostos, taxas, cadastros, servi\u00e7os ao p\u00fablico, instru\u00e7\u00e3o, seguran\u00e7a.<\/p>\n<h3>TELEFONIA<\/h3>\n<p>As nossas solu\u00e7\u00f5es podem ser utilizadas nas seguintes \u00e1reas: gerenciamento de bancos de dados de clientes, marketing, CRM, data warehouse, geomarketing, gerenciamento de mailing lists, gerenciamento de campanhas, gerenciamento da rede de distribui\u00e7\u00e3o (revendedores\/lojas), assinaturas, servi\u00e7os de atendimento ao cliente, servi\u00e7os de sinaliza\u00e7\u00e3o de problemas.<\/p>\n<h3>EDITORIA<\/h3>\n<p>As nossas solu\u00e7\u00f5es podem ser utilizadas nas seguintes \u00e1reas: gerenciamento de bancos de dados de clientes, marketing, direct marketing, CRM, data warehouse, geomarketing, gerenciamento de mailing lists, gerenciamento de campanhas, gerenciamento da rede de distribui\u00e7\u00e3o (revendedores\/lojas), assinaturas, ERP, envios postais.<\/p>\n<h3>ASSOCIA\u00c7\u00d5ES<\/h3>\n<p>As nossas solu\u00e7\u00f5es podem ser utilizadas nas seguintes \u00e1reas: gerenciamento de bancos de dados de associados, gerenciamento de mailing lists, marketing, CRM, data warehouse, geomarketing, gerenciamento de coleta de ades\u00f5es, gerenciamento de campanhas, envios postais.<\/p>\n<h3>VENDA \u00c0 DIST NCIA<\/h3>\n<p>As nossas solu\u00e7\u00f5es podem ser utilizadas nas seguintes \u00e1reas: gerenciamento de bancos de dados de clientes, gerenciamento de mailing lists, marketing, CRM, data warehouse, geomarketing, gerenciamento de campanhas, envios postais.<\/p>\n<h3>SERVI\u00c7OS<\/h3>\n<p>As nossas solu\u00e7\u00f5es podem ser utilizadas nas seguintes \u00e1reas: gerenciamento de bancos de dados de clientes, marketing, direct marketing, CRM, data warehouse, geomarketing, gerenciamento de mailing lists, gerenciamento de campanhas, gerenciamento da rede de distribui\u00e7\u00e3o, servi\u00e7os internet, controle do risco, controle da qualidade dos dados.<\/p>\n","protected":false},"excerpt":{"rendered":"<p>Para qualquer empresa ou entidade que possua um banco de dados pessoais \u00e9 fundamental poder contar com um instrumento de certifica\u00e7\u00e3o e [&hellip;]<\/p>\n","protected":false},"author":1,"featured_media":0,"parent":16185,"menu_order":0,"comment_status":"closed","ping_status":"closed","template":"","meta":{"footnotes":""},"class_list":["post-17121","page","type-page","status-publish","hentry"],"yoast_head":"<!-- This site is optimized with the Yoast SEO plugin v26.8 - https:\/\/yoast.com\/product\/yoast-seo-wordpress\/ -->\n<title>O mercado - Egon<\/title>\n<meta name=\"robots\" content=\"index, follow, max-snippet:-1, max-image-preview:large, max-video-preview:-1\" \/>\n<link rel=\"canonical\" href=\"https:\/\/www.egon.com\/pt\/empresa\/o-mercado\" \/>\n<meta property=\"og:locale\" content=\"pt_PT\" \/>\n<meta property=\"og:type\" content=\"article\" \/>\n<meta property=\"og:title\" content=\"O mercado - Egon\" \/>\n<meta property=\"og:description\" content=\"Para qualquer empresa ou entidade que possua um banco de dados pessoais \u00e9 fundamental poder contar com um instrumento de certifica\u00e7\u00e3o e [&hellip;]\" \/>\n<meta property=\"og:url\" content=\"https:\/\/www.egon.com\/pt\/empresa\/o-mercado\" \/>\n<meta property=\"og:site_name\" content=\"Egon\" \/>\n<meta name=\"twitter:card\" content=\"summary_large_image\" \/>\n<meta name=\"twitter:label1\" content=\"Est. reading time\" \/>\n\t<meta name=\"twitter:data1\" content=\"3 minutes\" \/>\n<script type=\"application\/ld+json\" class=\"yoast-schema-graph\">{\"@context\":\"https:\/\/schema.org\",\"@graph\":[{\"@type\":\"WebPage\",\"@id\":\"https:\/\/www.egon.com\/pt\/empresa\/o-mercado\",\"url\":\"https:\/\/www.egon.com\/pt\/empresa\/o-mercado\",\"name\":\"O mercado - Egon\",\"isPartOf\":{\"@id\":\"https:\/\/www.egon.com\/zh\/#website\"},\"datePublished\":\"2019-04-19T11:46:56+00:00\",\"breadcrumb\":{\"@id\":\"https:\/\/www.egon.com\/pt\/empresa\/o-mercado#breadcrumb\"},\"inLanguage\":\"pt\",\"potentialAction\":[{\"@type\":\"ReadAction\",\"target\":[\"https:\/\/www.egon.com\/pt\/empresa\/o-mercado\"]}]},{\"@type\":\"BreadcrumbList\",\"@id\":\"https:\/\/www.egon.com\/pt\/empresa\/o-mercado#breadcrumb\",\"itemListElement\":[{\"@type\":\"ListItem\",\"position\":1,\"name\":\"Home\",\"item\":\"https:\/\/www.egon.com\/pt\"},{\"@type\":\"ListItem\",\"position\":2,\"name\":\"Company\",\"item\":\"https:\/\/www.egon.com\/pt\/empresa\"},{\"@type\":\"ListItem\",\"position\":3,\"name\":\"O mercado\"}]},{\"@type\":\"WebSite\",\"@id\":\"https:\/\/www.egon.com\/zh\/#website\",\"url\":\"https:\/\/www.egon.com\/zh\/\",\"name\":\"Egon\",\"description\":\"Normalizzazione indirizzi - Address validation - Egon.com\",\"potentialAction\":[{\"@type\":\"SearchAction\",\"target\":{\"@type\":\"EntryPoint\",\"urlTemplate\":\"https:\/\/www.egon.com\/zh\/?s={search_term_string}\"},\"query-input\":{\"@type\":\"PropertyValueSpecification\",\"valueRequired\":true,\"valueName\":\"search_term_string\"}}],\"inLanguage\":\"pt\"}]}<\/script>\n<!-- \/ Yoast SEO plugin. -->","yoast_head_json":{"title":"O mercado - Egon","robots":{"index":"index","follow":"follow","max-snippet":"max-snippet:-1","max-image-preview":"max-image-preview:large","max-video-preview":"max-video-preview:-1"},"canonical":"https:\/\/www.egon.com\/pt\/empresa\/o-mercado","og_locale":"pt_PT","og_type":"article","og_title":"O mercado - Egon","og_description":"Para qualquer empresa ou entidade que possua um banco de dados pessoais \u00e9 fundamental poder contar com um instrumento de certifica\u00e7\u00e3o e [&hellip;]","og_url":"https:\/\/www.egon.com\/pt\/empresa\/o-mercado","og_site_name":"Egon","twitter_card":"summary_large_image","twitter_misc":{"Est. reading time":"3 minutes"},"schema":{"@context":"https:\/\/schema.org","@graph":[{"@type":"WebPage","@id":"https:\/\/www.egon.com\/pt\/empresa\/o-mercado","url":"https:\/\/www.egon.com\/pt\/empresa\/o-mercado","name":"O mercado - Egon","isPartOf":{"@id":"https:\/\/www.egon.com\/zh\/#website"},"datePublished":"2019-04-19T11:46:56+00:00","breadcrumb":{"@id":"https:\/\/www.egon.com\/pt\/empresa\/o-mercado#breadcrumb"},"inLanguage":"pt","potentialAction":[{"@type":"ReadAction","target":["https:\/\/www.egon.com\/pt\/empresa\/o-mercado"]}]},{"@type":"BreadcrumbList","@id":"https:\/\/www.egon.com\/pt\/empresa\/o-mercado#breadcrumb","itemListElement":[{"@type":"ListItem","position":1,"name":"Home","item":"https:\/\/www.egon.com\/pt"},{"@type":"ListItem","position":2,"name":"Company","item":"https:\/\/www.egon.com\/pt\/empresa"},{"@type":"ListItem","position":3,"name":"O mercado"}]},{"@type":"WebSite","@id":"https:\/\/www.egon.com\/zh\/#website","url":"https:\/\/www.egon.com\/zh\/","name":"Egon","description":"Normalizzazione indirizzi - Address validation - Egon.com","potentialAction":[{"@type":"SearchAction","target":{"@type":"EntryPoint","urlTemplate":"https:\/\/www.egon.com\/zh\/?s={search_term_string}"},"query-input":{"@type":"PropertyValueSpecification","valueRequired":true,"valueName":"search_term_string"}}],"inLanguage":"pt"}]}},"_links":{"self":[{"href":"https:\/\/www.egon.com\/pt\/wp-json\/wp\/v2\/pages\/17121","targetHints":{"allow":["GET"]}}],"collection":[{"href":"https:\/\/www.egon.com\/pt\/wp-json\/wp\/v2\/pages"}],"about":[{"href":"https:\/\/www.egon.com\/pt\/wp-json\/wp\/v2\/types\/page"}],"author":[{"embeddable":true,"href":"https:\/\/www.egon.com\/pt\/wp-json\/wp\/v2\/users\/1"}],"replies":[{"embeddable":true,"href":"https:\/\/www.egon.com\/pt\/wp-json\/wp\/v2\/comments?post=17121"}],"version-history":[{"count":0,"href":"https:\/\/www.egon.com\/pt\/wp-json\/wp\/v2\/pages\/17121\/revisions"}],"up":[{"embeddable":true,"href":"https:\/\/www.egon.com\/pt\/wp-json\/wp\/v2\/pages\/16185"}],"wp:attachment":[{"href":"https:\/\/www.egon.com\/pt\/wp-json\/wp\/v2\/media?parent=17121"}],"curies":[{"name":"wp","href":"https:\/\/api.w.org\/{rel}","templated":true}]}}