{"id":16211,"date":"2017-09-19T11:41:33","date_gmt":"2017-09-19T11:41:33","guid":{"rendered":"https:\/\/www.egon.com\/solucoes"},"modified":"2017-09-19T11:41:33","modified_gmt":"2017-09-19T11:41:33","slug":"solucoes","status":"publish","type":"page","link":"https:\/\/www.egon.com\/pt\/solucoes","title":{"rendered":"Solu\u00e7\u00f5es"},"content":{"rendered":"[vc_row][vc_column][vc_column_text]Toda empresa tem que lidar com a delicada tarefa de gerenciar seus dados de clientes e fornecedores em seu sistema de TI, no CRM ou em aplicativos da web. Com o\u00a0<a href=\"https:\/\/www.egon.com\">Egon<\/a>\u00a0todas as suas necessidades de <span>verifica\u00e7\u00e3o de dados e georreferenciamento de endere\u00e7o<\/span>\u00a0ser\u00e3o satisfeitas. Nosso neg\u00f3cio principal \u00e9 o estudo de sistemas de software capazes de automatizar o gerenciamento e a verifica\u00e7\u00e3o de endere\u00e7os e dados de contato.<\/p>\n<p>A quantidade de dados que deve ser inserida e preservada todos os dias para v\u00e1rios usos aumenta com o passar do tempo e, em alguns casos, grandes bancos de dados podem conter centenas de milhares de contatos. O <span>controle constante de dados<\/span> e as ferramentas de valida\u00e7\u00e3o autom\u00e1tica e de corre\u00e7\u00e3o da duplica\u00e7\u00e3o s\u00e3o fundamentais nesses casos, para evitar um gerenciamento cada vez mais problem\u00e1tico e erros e inconsist\u00eancias que podem at\u00e9 bloquear os sistemas, o que significa que, em vez de ser uma fonte de dados preciosa e estrat\u00e9gica, o sistema de TI se torna um enorme fardo ineficiente.<\/p>\n<p>Em certos casos, o georreferenciamento de endere\u00e7os \u00e9 igualmente importante para gerenciar corretamente atividades especializadas, como para bom encaminhamento e geomarketing.<\/p>\n<p>O Egon \u00e9 um pacote de software que visa auxiliar os departamentos empresariais e governamentais na verifica\u00e7\u00e3o de dados corporativos e de georreferenciamento, com servi\u00e7os integrados e modulares de gerenciamento de dados fornecidos diretamente ou via web.<\/p>\n<p>As<span> ferramentas de gerenciamento de dados <\/span>permitem lidar com os fluxos de dados com altos n\u00edveis de autonomia e reduzir o n\u00famero de interven\u00e7\u00f5es t\u00e9cnicas.[\/vc_column_text][\/vc_column][\/vc_row][vc_row][vc_column width=&#8221;1\/4&#8243;]<div class=\"c-featured-box u-background-gradient-one\">\t\r\n\t\t\t\t\t\t<div class=\"c-featured-box__image\"><svg xmlns=\"http:\/\/www.w3.org\/2000\/svg\" width=\"99\" height=\"81\" viewBox=\"0 0 99 81\">\n    <g fill=\"none\" fill-rule=\"nonzero\">\n        <g fill=\"#FFF\">\n            <path stroke=\"#FFF\" d=\"M88.313 43.224h-.688V17.168C87.648 8.266 80.385 1.03 71.4 1H18.875c-9.113 0-16.5 7.318-16.5 16.345v25.88h-.688a.684.684 0 0 0-.687.68v4.086c0 .377.308.681.688.681H34V79.32c0 .376.308.681.688.681h19.25c.38 0 .687-.305.687-.681V48.672h33.688c.38 0 .687-.304.687-.68v-4.087a.684.684 0 0 0-.688-.68zM71.4 2.362c8.226.03 14.873 6.657 14.85 14.806v26.056H35.375V17.168a.378.378 0 0 0 0-.123v-.926c0-.3 0-.708-.11-1.049-.11-.34 0-.408-.096-.613l-.165-.83-.124-.45a16.098 16.098 0 0 0-1.086-2.915c.002-.045.002-.09 0-.136a16.634 16.634 0 0 0-6.105-6.66h-.124a17.01 17.01 0 0 0-2.117-1.104H71.4zM3.75 17.345C3.7 9.07 10.432 2.322 18.786 2.274 27.139 2.224 33.95 8.893 34 17.168v26.057H3.75v-25.88zm49.5 61.293H35.375V48.672H53.25v29.966zM87.625 47.31H2.375v-2.724h85.25v2.724z\"\/>\n            <path d=\"M43.572 22.714h12.197l1.215 3.8a.693.693 0 0 0 .663.486h5.647a.71.71 0 0 0 .706-.714v-8.572a.71.71 0 0 0-.706-.714H40.706a.71.71 0 0 0-.706.714v1.429c0 .955.378 1.87 1.049 2.54a3.508 3.508 0 0 0 2.523 1.031zm19.059 2.857h-4.433l-.946-2.857h5.379v2.857zM41.454 18.43h21.177v2.857H43.57c-1.169 0-2.117-.96-2.117-2.143v-.714z\"\/>\n        <\/g>\n        <path fill=\"#FFF\" d=\"M65 48.5C65 58.165 72.611 66 82 66s17-7.835 17-17.5S91.389 31 82 31c-9.385.01-16.99 7.84-17 17.5z\"\/>\n        <path fill=\"#7ED321\" d=\"M92.463 41.52c.716.695.716 1.82 0 2.514L79.616 56.48a1.877 1.877 0 0 1-2.595 0l-5.506-5.333a1.738 1.738 0 0 1 .023-2.492 1.878 1.878 0 0 1 2.572-.022l4.208 4.077 11.55-11.188a1.877 1.877 0 0 1 2.595 0z\"\/>\n    <\/g>\n<\/svg>\n<\/div>\t\t\t\t\t\r\n\t\t\t\t\t\t<div class=\"c-featured-box__content\">\t\t\t\t\t\t\r\n\t\t\t\t\t\t\t<p class=\"c-featured-box__title\">NORMALIZA\u00c7\u00c3O  <span class=\"c-featured-box__subtitle\">DE ENDERE\u00c7OS<\/span><\/p>\r\n\t\t\t\t\t\t\t<div class=\"c-featured-box__description\">Verifica\u00e7\u00e3o e corre\u00e7\u00e3o de endere\u00e7os e CEPs do mundo inteiro<\/div>\t\t\t\t\t\t\t\r\n\t\t\t\t\t\t<\/div>\t\r\n\t\t\t\t\t\t<a class=\"c-featured-box__link\" href=\"https:\/\/www.egon.com\/solutions\/address-validation\">Learn more<\/a>\t\t\r\n\t\t\t\t\t<\/div>[\/vc_column][vc_column width=&#8221;1\/4&#8243;]<div class=\"c-featured-box u-background-gradient-two\">\t\r\n\t\t\t\t\t\t<div class=\"c-featured-box__image\"><svg xmlns=\"http:\/\/www.w3.org\/2000\/svg\" width=\"58\" height=\"87\" viewBox=\"0 0 58 87\">\n    <g fill=\"none\" fill-rule=\"evenodd\">\n        <path fill=\"#FFF\" fill-rule=\"nonzero\" d=\"M29 77c-.452 0-.886-.18-1.206-.501C26.658 75.36.001 48.399.001 29.089a28.854 28.854 0 0 1 8.41-20.651A28.673 28.673 0 0 1 29 0a28.673 28.673 0 0 1 20.588 8.437 28.854 28.854 0 0 1 8.41 20.652c0 19.31-26.656 46.27-27.792 47.409-.32.32-.754.5-1.206.501z\"\/>\n        <ellipse cx=\"29.5\" cy=\"77.5\" stroke=\"#FFF\" stroke-width=\"3\" opacity=\".563\" rx=\"17\" ry=\"8\"\/>\n        <path fill=\"#F8B42F\" fill-rule=\"nonzero\" d=\"M13 28.5C13 37.613 20.387 45 29.5 45S46 37.613 46 28.5 38.613 12 29.5 12c-9.109.01-16.49 7.391-16.5 16.5z\"\/>\n        <path fill=\"#FFF\" fill-rule=\"nonzero\" d=\"M38.512 20.52c.65.695.65 1.82 0 2.514L26.832 35.48a1.597 1.597 0 0 1-2.358 0l-5.006-5.333a1.862 1.862 0 0 1 .02-2.492 1.596 1.596 0 0 1 2.34-.022l3.825 4.077 10.5-11.188a1.597 1.597 0 0 1 2.359 0z\"\/>\n    <\/g>\n<\/svg>\n<\/div>\t\t\t\t\t\r\n\t\t\t\t\t\t<div class=\"c-featured-box__content\">\t\t\t\t\t\t\r\n\t\t\t\t\t\t\t<p class=\"c-featured-box__title\">GEOCODIFICA\u00c7\u00c3O<\/p>\r\n\t\t\t\t\t\t\t<div class=\"c-featured-box__description\">Identifica\u00e7\u00e3o das coordenadas geogr\u00e1ficas exatas de qualquer endere\u00e7o<\/div>\t\t\t\t\t\t\t\r\n\t\t\t\t\t\t<\/div>\t\r\n\t\t\t\t\t\t<a class=\"c-featured-box__link\" href=\"https:\/\/www.egon.com\/solutions\/geocoding\">Learn more<\/a>\t\t\r\n\t\t\t\t\t<\/div>[\/vc_column][vc_column width=&#8221;1\/4&#8243;]<div class=\"c-featured-box u-background-gradient-three\">\t\r\n\t\t\t\t\t\t<div class=\"c-featured-box__image\"><svg xmlns=\"http:\/\/www.w3.org\/2000\/svg\" width=\"138\" height=\"108\" viewBox=\"0 0 138 108\">\n    <g fill=\"none\" fill-rule=\"evenodd\">\n        <g opacity=\".326\">\n            <path fill=\"#FFF\" fill-rule=\"nonzero\" d=\"M61 97V70h27z\"\/>\n            <path stroke=\"#FFF\" stroke-width=\"2\" d=\"M61 97V70h27\"\/>\n            <path stroke=\"#FFF\" stroke-linecap=\"square\" stroke-width=\"4\" d=\"M62.2 97H2V2h86v69.09z\"\/>\n            <path stroke=\"#FFF\" stroke-linecap=\"square\" stroke-width=\"2\" d=\"M24 24h42M24 45h42M24 67h16\"\/>\n        <\/g>\n        <path fill=\"#FFF\" fill-rule=\"nonzero\" d=\"M110 97V78h19z\"\/>\n        <path stroke=\"#FFF\" stroke-width=\"2\" d=\"M110 97V78h19\"\/>\n        <path stroke=\"#FFF\" stroke-linecap=\"square\" stroke-width=\"4\" d=\"M110.1 97H66V28h63v50.182z\"\/>\n        <path stroke=\"#FFF\" stroke-linecap=\"square\" stroke-width=\"3\" d=\"M82 44h32M82 60h32M82 75h12\"\/>\n        <g fill-rule=\"nonzero\">\n            <path fill=\"#FFF\" d=\"M104 90.5c0 9.665 7.611 17.5 17 17.5s17-7.835 17-17.5S130.389 73 121 73c-9.385.01-16.99 7.84-17 17.5z\"\/>\n            <path fill=\"#7ED321\" d=\"M131.108 83.518c.705.69.705 1.809 0 2.5l-12.634 12.374c-.705.69-1.848.69-2.553 0l-5.414-5.304a1.742 1.742 0 0 1 .022-2.478 1.832 1.832 0 0 1 2.53-.021l4.138 4.053 11.359-11.124a1.832 1.832 0 0 1 2.552 0z\"\/>\n        <\/g>\n    <\/g>\n<\/svg>\n<\/div>\t\t\t\t\t\r\n\t\t\t\t\t\t<div class=\"c-featured-box__content\">\t\t\t\t\t\t\r\n\t\t\t\t\t\t\t<p class=\"c-featured-box__title\">DEDUPLICA\u00c7\u00c3O<\/p>\r\n\t\t\t\t\t\t\t<div class=\"c-featured-box__description\">Controle de duplicidades e identifica\u00e7\u00e3o das redund\u00e2ncias<\/div>\t\t\t\t\t\t\t\r\n\t\t\t\t\t\t<\/div>\t\r\n\t\t\t\t\t\t<a class=\"c-featured-box__link\" href=\"https:\/\/www.egon.com\/solutions\/deduplication\">Learn more<\/a>\t\t\r\n\t\t\t\t\t<\/div>[\/vc_column][vc_column width=&#8221;1\/4&#8243;]<div class=\"c-featured-box u-background-gradient-four\">\t\r\n\t\t\t\t\t\t<div class=\"c-featured-box__image\"><svg xmlns=\"http:\/\/www.w3.org\/2000\/svg\" width=\"98\" height=\"82\" viewBox=\"0 0 98 82\">\n    <g fill=\"none\" fill-rule=\"evenodd\">\n        <g transform=\"translate(2 2)\">\n            <path stroke=\"#FFF\" stroke-linecap=\"square\" stroke-width=\"4\" d=\"M50 30h14M50 44h14\"\/>\n            <path fill=\"#FFF\" fill-rule=\"nonzero\" d=\"M10 51c0-6.076 5.036-11 11.25-11h7.5C34.964 40 40 44.924 40 51H10z\"\/>\n            <path stroke=\"#FFF\" stroke-linecap=\"square\" stroke-width=\"3\" d=\"M65.455 0c0 4.052-3.255 7.333-7.273 7.333S50.909 4.052 50.909 0H29.091c0 4.052-3.255 7.333-7.273 7.333S14.545 4.052 14.545 0H0v66h80V0H65.455z\"\/>\n            <circle cx=\"25\" cy=\"29\" r=\"7\" fill=\"#FFF\" fill-rule=\"nonzero\"\/>\n        <\/g>\n        <g fill-rule=\"nonzero\">\n            <path fill=\"#FFF\" d=\"M64 64.5C64 74.165 71.611 82 81 82s17-7.835 17-17.5S90.389 47 81 47c-9.385.01-16.99 7.84-17 17.5z\"\/>\n            <path fill=\"#7ED321\" d=\"M91.108 57.518c.705.69.705 1.809 0 2.5L78.474 72.391c-.705.69-1.848.69-2.553 0l-5.414-5.304a1.742 1.742 0 0 1 .022-2.478 1.832 1.832 0 0 1 2.53-.021l4.138 4.053 11.359-11.124a1.832 1.832 0 0 1 2.552 0z\"\/>\n        <\/g>\n    <\/g>\n<\/svg>\n<\/div>\t\t\t\t\t\r\n\t\t\t\t\t\t<div class=\"c-featured-box__content\">\t\t\t\t\t\t\r\n\t\t\t\t\t\t\t<p class=\"c-featured-box__title\">NORMALIZA\u00c7\u00c3O <span class=\"c-featured-box__subtitle\">DADOS PESSOAIS<\/span><\/p>\r\n\t\t\t\t\t\t\t<div class=\"c-featured-box__description\">An\u00e1lise e corre\u00e7\u00e3o de t\u00edtulos e outros dados pessoais e empresariais<\/div>\t\t\t\t\t\t\t\r\n\t\t\t\t\t\t<\/div>\t\r\n\t\t\t\t\t\t<a class=\"c-featured-box__link\" href=\"https:\/\/www.egon.com\/solutions\/personal-data-validation\">Learn more<\/a>\t\t\r\n\t\t\t\t\t<\/div>[\/vc_column][\/vc_row]\n","protected":false},"excerpt":{"rendered":"<p>[vc_row][vc_column][vc_column_text]Toda empresa tem que lidar com a delicada tarefa de gerenciar seus dados de clientes e fornecedores em seu sistema de TI, [&hellip;]<\/p>\n","protected":false},"author":1,"featured_media":0,"parent":0,"menu_order":0,"comment_status":"closed","ping_status":"closed","template":"templates\/template-nosidebar.php","meta":{"footnotes":""},"class_list":["post-16211","page","type-page","status-publish","hentry"],"yoast_head":"<!-- This site is optimized with the Yoast SEO plugin v26.8 - https:\/\/yoast.com\/product\/yoast-seo-wordpress\/ -->\n<title>Solu\u00e7\u00f5es de normaliza\u00e7\u00e3o - Egon<\/title>\n<meta name=\"description\" content=\"Sistemas de software capazes de automatizar o gerenciamento e a valida\u00e7\u00e3o de endere\u00e7os e dados de contato. Experimente a sua Demonstra\u00e7\u00e3o Gratuita!\" \/>\n<meta name=\"robots\" content=\"index, follow, max-snippet:-1, max-image-preview:large, max-video-preview:-1\" \/>\n<link rel=\"canonical\" href=\"https:\/\/www.egon.com\/pt\/solucoes\" \/>\n<meta property=\"og:locale\" content=\"pt_PT\" \/>\n<meta property=\"og:type\" content=\"article\" \/>\n<meta property=\"og:title\" content=\"Solu\u00e7\u00f5es de normaliza\u00e7\u00e3o - Egon\" \/>\n<meta property=\"og:description\" content=\"Sistemas de software capazes de automatizar o gerenciamento e a valida\u00e7\u00e3o de endere\u00e7os e dados de contato. Experimente a sua Demonstra\u00e7\u00e3o Gratuita!\" \/>\n<meta property=\"og:url\" content=\"https:\/\/www.egon.com\/pt\/solucoes\" \/>\n<meta property=\"og:site_name\" content=\"Egon\" \/>\n<meta name=\"twitter:card\" content=\"summary_large_image\" \/>\n<meta name=\"twitter:label1\" content=\"Est. reading time\" \/>\n\t<meta name=\"twitter:data1\" content=\"2 minutes\" \/>\n<script type=\"application\/ld+json\" class=\"yoast-schema-graph\">{\"@context\":\"https:\/\/schema.org\",\"@graph\":[{\"@type\":\"WebPage\",\"@id\":\"https:\/\/www.egon.com\/pt\/solucoes\",\"url\":\"https:\/\/www.egon.com\/pt\/solucoes\",\"name\":\"Solu\u00e7\u00f5es de normaliza\u00e7\u00e3o - Egon\",\"isPartOf\":{\"@id\":\"https:\/\/www.egon.com\/zh\/#website\"},\"datePublished\":\"2017-09-19T11:41:33+00:00\",\"description\":\"Sistemas de software capazes de automatizar o gerenciamento e a valida\u00e7\u00e3o de endere\u00e7os e dados de contato. Experimente a sua Demonstra\u00e7\u00e3o Gratuita!\",\"breadcrumb\":{\"@id\":\"https:\/\/www.egon.com\/pt\/solucoes#breadcrumb\"},\"inLanguage\":\"pt\",\"potentialAction\":[{\"@type\":\"ReadAction\",\"target\":[\"https:\/\/www.egon.com\/pt\/solucoes\"]}]},{\"@type\":\"BreadcrumbList\",\"@id\":\"https:\/\/www.egon.com\/pt\/solucoes#breadcrumb\",\"itemListElement\":[{\"@type\":\"ListItem\",\"position\":1,\"name\":\"Home\",\"item\":\"https:\/\/www.egon.com\/pt\"},{\"@type\":\"ListItem\",\"position\":2,\"name\":\"Solu\u00e7\u00f5es\"}]},{\"@type\":\"WebSite\",\"@id\":\"https:\/\/www.egon.com\/zh\/#website\",\"url\":\"https:\/\/www.egon.com\/zh\/\",\"name\":\"Egon\",\"description\":\"Normalizzazione indirizzi - Address validation - Egon.com\",\"potentialAction\":[{\"@type\":\"SearchAction\",\"target\":{\"@type\":\"EntryPoint\",\"urlTemplate\":\"https:\/\/www.egon.com\/zh\/?s={search_term_string}\"},\"query-input\":{\"@type\":\"PropertyValueSpecification\",\"valueRequired\":true,\"valueName\":\"search_term_string\"}}],\"inLanguage\":\"pt\"}]}<\/script>\n<!-- \/ Yoast SEO plugin. -->","yoast_head_json":{"title":"Solu\u00e7\u00f5es de normaliza\u00e7\u00e3o - Egon","description":"Sistemas de software capazes de automatizar o gerenciamento e a valida\u00e7\u00e3o de endere\u00e7os e dados de contato. Experimente a sua Demonstra\u00e7\u00e3o Gratuita!","robots":{"index":"index","follow":"follow","max-snippet":"max-snippet:-1","max-image-preview":"max-image-preview:large","max-video-preview":"max-video-preview:-1"},"canonical":"https:\/\/www.egon.com\/pt\/solucoes","og_locale":"pt_PT","og_type":"article","og_title":"Solu\u00e7\u00f5es de normaliza\u00e7\u00e3o - Egon","og_description":"Sistemas de software capazes de automatizar o gerenciamento e a valida\u00e7\u00e3o de endere\u00e7os e dados de contato. Experimente a sua Demonstra\u00e7\u00e3o Gratuita!","og_url":"https:\/\/www.egon.com\/pt\/solucoes","og_site_name":"Egon","twitter_card":"summary_large_image","twitter_misc":{"Est. reading time":"2 minutes"},"schema":{"@context":"https:\/\/schema.org","@graph":[{"@type":"WebPage","@id":"https:\/\/www.egon.com\/pt\/solucoes","url":"https:\/\/www.egon.com\/pt\/solucoes","name":"Solu\u00e7\u00f5es de normaliza\u00e7\u00e3o - Egon","isPartOf":{"@id":"https:\/\/www.egon.com\/zh\/#website"},"datePublished":"2017-09-19T11:41:33+00:00","description":"Sistemas de software capazes de automatizar o gerenciamento e a valida\u00e7\u00e3o de endere\u00e7os e dados de contato. Experimente a sua Demonstra\u00e7\u00e3o Gratuita!","breadcrumb":{"@id":"https:\/\/www.egon.com\/pt\/solucoes#breadcrumb"},"inLanguage":"pt","potentialAction":[{"@type":"ReadAction","target":["https:\/\/www.egon.com\/pt\/solucoes"]}]},{"@type":"BreadcrumbList","@id":"https:\/\/www.egon.com\/pt\/solucoes#breadcrumb","itemListElement":[{"@type":"ListItem","position":1,"name":"Home","item":"https:\/\/www.egon.com\/pt"},{"@type":"ListItem","position":2,"name":"Solu\u00e7\u00f5es"}]},{"@type":"WebSite","@id":"https:\/\/www.egon.com\/zh\/#website","url":"https:\/\/www.egon.com\/zh\/","name":"Egon","description":"Normalizzazione indirizzi - Address validation - Egon.com","potentialAction":[{"@type":"SearchAction","target":{"@type":"EntryPoint","urlTemplate":"https:\/\/www.egon.com\/zh\/?s={search_term_string}"},"query-input":{"@type":"PropertyValueSpecification","valueRequired":true,"valueName":"search_term_string"}}],"inLanguage":"pt"}]}},"_links":{"self":[{"href":"https:\/\/www.egon.com\/pt\/wp-json\/wp\/v2\/pages\/16211","targetHints":{"allow":["GET"]}}],"collection":[{"href":"https:\/\/www.egon.com\/pt\/wp-json\/wp\/v2\/pages"}],"about":[{"href":"https:\/\/www.egon.com\/pt\/wp-json\/wp\/v2\/types\/page"}],"author":[{"embeddable":true,"href":"https:\/\/www.egon.com\/pt\/wp-json\/wp\/v2\/users\/1"}],"replies":[{"embeddable":true,"href":"https:\/\/www.egon.com\/pt\/wp-json\/wp\/v2\/comments?post=16211"}],"version-history":[{"count":0,"href":"https:\/\/www.egon.com\/pt\/wp-json\/wp\/v2\/pages\/16211\/revisions"}],"wp:attachment":[{"href":"https:\/\/www.egon.com\/pt\/wp-json\/wp\/v2\/media?parent=16211"}],"curies":[{"name":"wp","href":"https:\/\/api.w.org\/{rel}","templated":true}]}}