{"id":16209,"date":"2017-09-19T12:02:07","date_gmt":"2017-09-19T12:02:07","guid":{"rendered":"https:\/\/www.egon.com\/normalizacao-de-enderecos"},"modified":"2022-10-17T09:48:36","modified_gmt":"2022-10-17T09:48:36","slug":"normalizacao-de-enderecos","status":"publish","type":"page","link":"https:\/\/www.egon.com\/pt\/solucoes\/normalizacao-de-enderecos","title":{"rendered":"Europeu e internacional Ferramenta de verifica\u00e7\u00e3o de endere\u00e7o postal"},"content":{"rendered":"[vc_row row_h_align=&#8221;grid&#8211;center&#8221; wrapper=&#8221;true&#8221; holder_class=&#8221;u-section-hero-two u-overlapped-hero-padding&#8221; holder_set_margin=&#8221;true&#8221; holder_margin=&#8221;u-margin-bottom-large&#8221;][vc_column row_width=&#8221;_desktop-9&#8243;]<div class=\"c-heading\"><h1 class=\" u-h1 u-text-bolder u-margin-bottom-none u-text-center\">Europeu e internacional Ferramenta de verifica\u00e7\u00e3o de endere\u00e7o postal<\/h1><\/div>[vc_column_text txt_align=&#8221;u-text-center&#8221; set_margin=&#8221;true&#8221; margin=&#8221;u-margin-bottom-large&#8221;]A valida\u00e7\u00e3o de endere\u00e7o postal \u00e9 uma necessidade fundamental para qualquer empresa que trabalha com bancos de dados de alto conte\u00fado.[\/vc_column_text]<div class=\"c-button-holder c-button-holder--center\"><a class=\"c-button c-button--center u-margin-right u-margin-bottom u-margin-left c-button--primary\" href=\"https:\/\/www.egon.com\/egon-demo\">DEMONSTRA\u00c7\u00c3O WEB GRATUITA<\/a><\/div>[\/vc_column][\/vc_row][vc_row wrapper=&#8221;true&#8221;][vc_column]<div class=\"c-heading\"><h3 class=\" u-text-bolder\">SOFTWARE DE VALIDA\u00c7\u00c3O DE ENDERE\u00c7O POSTAL<\/h3><\/div>[vc_column_text]O processo de valida\u00e7\u00e3o do endere\u00e7o postal envolve a an\u00e1lise e corre\u00e7\u00e3o de quaisquer imprecis\u00f5es ou inconsist\u00eancias em um endere\u00e7o ou grupo de endere\u00e7os (por exemplo, um banco de dados de cliente\/fornecedor). O objetivo \u00e9 reduzir cada endere\u00e7o individual em um formato universalmente intelig\u00edvel que pode ser claramente rastreado a partir de qualquer sistema de TI. A verifica\u00e7\u00e3o de endere\u00e7os europeus \u00e9 a nossa atividade principal, mas fornecemos assist\u00eancia completa para mais de 250 pa\u00edses em todo o mundo, atrav\u00e9s da\u00a0<a href=\"https:\/\/www.egon.com\/br\/modalidade-de-uso\/batch\">valida\u00e7\u00e3o de endere\u00e7os em lote<\/a>\u00a0e de\u00a0<a href=\"https:\/\/www.egon.com\/br\/modalidade-de-uso\/online\">servi\u00e7os on-line<\/a>.<\/p>\n<p>O software Egon est\u00e1 dispon\u00edvel para verifica\u00e7\u00e3o de endere\u00e7os internacionais e foi projetado especificamente para realizar e automatizar essas opera\u00e7\u00f5es com uma verifica\u00e7\u00e3o minuciosa de qualquer endere\u00e7o incorreto ou incompleto.\u00a0N\u00e3o h\u00e1 mais problemas devido a erros de ortografia e formata\u00e7\u00e3o, gra\u00e7as ao backup interativo do nosso software com suas fun\u00e7\u00f5es em tempo real quando o operador insere diretamente os dados (incluindo adicionar automaticamente quaisquer c\u00f3digos postais ausentes).[\/vc_column_text][\/vc_column][\/vc_row][vc_row holder_set_margin=&#8221;true&#8221; holder_margin=&#8221;u-margin-bottom-large&#8221;][vc_column]<div class=\"templatera_shortcode\"><div class=\"o-holder u-background-color-one\"><div class=\" o-wrapper\"><div class=\"grid-1 u-deco-globe grid--equalHeight\"><div class=\"col _lap-and-up-8\" ><div class=\"o-holder u-padding-vertical-large\"><div class=\"grid-1\"><div class=\"col _lap-and-up-4\" ><div class=\"c-heading\"><h3 class=\" u-text-color-invert u-text-right\">Experimente agora nosso software de valida\u00e7\u00e3o de endere\u00e7os<\/h3><\/div><\/div><div class=\"col _lap-and-up-8\" ><div class=\"c-text-block u-text-color-invert\"><p><span>A valida\u00e7\u00e3o de endere\u00e7os envolve um conjunto de t\u00e9cnicas <\/span>visando verificar, corrigir, atualizar, desduplicar e, quando necess\u00e1rio, enriquecer dados arquivados ou armazenados em um \u00fanico banco de dados ou em v\u00e1rios bancos de dados diferentes.<\/p>\n<p class=\"p1\">O Egon verificar\u00e1 imediatamente a precis\u00e3o da informa\u00e7\u00e3o que voc\u00ea possui. A verifica\u00e7\u00e3o analisa erros gramaticais (letras repetidas, espa\u00e7o, etc.), registros desatualizados, dados duplicados e, por fim, completa os endere\u00e7os, os quais s\u00e3o aprimorados com qualquer informa\u00e7\u00e3o omissa (CEP, estado, prov\u00edncia, pa\u00eds, etc.).<\/p>\n <\/div><\/div>\n<\/div><\/div><\/div><div class=\"col _lap-and-up-4\" ><div class=\"col_inner u-padding-vertical col_inner--middle\"><div class=\"c-button-holder c-button-holder--center\"><a class=\"c-button u-text-bold c-button--center c-button--white\" href=\"https:\/\/www.egon.com\/egon-demo\">Experimente a nossa DEMONSTRA\u00c7\u00c3O WEB GRATUITA<\/a><\/div><\/div><\/div>\n<\/div><\/div><\/div><\/div>[\/vc_column][\/vc_row][vc_row wrapper=&#8221;true&#8221;][vc_column]<div class=\"c-heading\"><h3 class=\" u-text-bolder\">CAMPOS DE ATUA\u00c7\u00c3O<\/h3><\/div>[\/vc_column][\/vc_row][vc_row wrapper=&#8221;true&#8221;][vc_column width=&#8221;1\/3&#8243;]<div class=\"c-image\"><img loading=\"lazy\" decoding=\"async\" width=\"500\" height=\"509\" src=\"https:\/\/www.egon.com\/wp-content\/uploads\/2017\/09\/normalizacao-enderecos.jpg\" class=\" aligncenter\" alt=\"Normaliza\u00e7\u00e3o de endere\u00e7os postais\" srcset=\"https:\/\/www.egon.com\/wp-content\/uploads\/2017\/09\/normalizacao-enderecos.jpg 500w, https:\/\/www.egon.com\/wp-content\/uploads\/2017\/09\/normalizacao-enderecos-295x300.jpg 295w, https:\/\/www.egon.com\/wp-content\/uploads\/2017\/09\/normalizacao-enderecos-40x40.jpg 40w\" sizes=\"auto, (max-width: 500px) 100vw, 500px\" \/><\/div>[\/vc_column][vc_column width=&#8221;2\/3&#8243;][vc_column_text]Um conjunto complexo de regras foi desenvolvido para an\u00e1lise e verifica\u00e7\u00e3o de endere\u00e7o postal, com base em m\u00faltiplos fatores, como espa\u00e7os em branco entre as palavras inseridas, pedidos e outros elementos, que est\u00e3o relacionados \u00e0s nossas tabelas de sin\u00f4nimos para alcan\u00e7ar um resultado perfeito.<\/p>\n<p>O Egon pode ser facilmente incorporado em qualquer tipo de aplicativo (ERP, operacional, CRM, etc.) e ambientes de software padr\u00f5es (sap, oracle, janelas, etc.), o que significa que voc\u00ea pode impulsionar imediatamente as opera\u00e7\u00f5es da empresa em todos os campos de dados com fun\u00e7\u00f5es meticulosas que eram in\u00e9ditas at\u00e9 agora.<\/p>\n<p>Existem v\u00e1rios campos de atua\u00e7\u00e3o para um software de verifica\u00e7\u00e3o de endere\u00e7os postais, que v\u00e3o desde a verifica\u00e7\u00e3o de v\u00e1rios bancos de dados individuais \u00e0 correspond\u00eancia (servi\u00e7o cl\u00e1ssico para vendas de pedidos por correspond\u00eancia), converg\u00eancia entre diferentes bancos de dados ou migra\u00e7\u00e3o de sistemas antigos para novos.<\/p>\n<p>O Egon interage automaticamente com voc\u00ea durante a inser\u00e7\u00e3o de dados, corrigindo quaisquer erros, verificando os endere\u00e7os e padronizando-os para o formato oficial.<\/p>\n<p>Entretanto, o Egon vai al\u00e9m e tem algumas fun\u00e7\u00f5es avan\u00e7adas muito \u00fateis, por exemplo, auto aprimoramento em tempo real, o que significa que, quando voc\u00ea insere apenas alguns dos campos no formul\u00e1rio de entrada, o Egon preenche automaticamente os outros, tornando todo o processo muito mais r\u00e1pido e seu trabalho muito mais f\u00e1cil.[\/vc_column_text][\/vc_column][\/vc_row][vc_row wrapper=&#8221;true&#8221; holder_set_margin=&#8221;true&#8221; holder_margin=&#8221;u-margin-bottom-large&#8221;][vc_column inner_bg_fx=&#8221;u-background-color-six&#8221; set_padding_inner=&#8221;true&#8221; padding_inner=&#8221;u-padding&#8221;][vc_column_text txt_color=&#8221;u-text-color-invert&#8221;]\n<h3>E SE EU PRECISAR VERIFICAR GRANDES QUANTIDADES DE ENDERE\u00c7O AO MESMO TEMPO?<\/h3>\n<p>Sem problemas! Al\u00e9m de suas fun\u00e7\u00f5es em tempo real, o Egon tamb\u00e9m habilita o servi\u00e7o de valida\u00e7\u00e3o em lotes: o sistema aceita bases de dados inteiras ou arquivos de formato diferentes (csv, xml, etc.) e os analisa e processa para devolv\u00ea-los completamente verificados e sem duplica\u00e7\u00e3o.[\/vc_column_text]<div class=\"c-button-holder c-button-holder--center\"><a class=\"c-button c-button--center c-button--white  c-button--ghost\" href=\"https:\/\/www.egon.com\/methodology\/batch\">Saiba mais<\/a><\/div>[\/vc_column][\/vc_row][vc_row wrapper=&#8221;true&#8221;][vc_column]<div class=\"c-heading\"><h3 class=\" u-text-bolder\">FERRAMENTA DE SOFTWARE DE VERIFICA\u00c7\u00c3O DE ENDERE\u00c7O EUROPEU, E ENT\u00c3O?<\/h3><\/div>[vc_column_text]O algoritmo em que o software Egon \u00e9 baseado permite tamb\u00e9m operar em dados pessoais (exemplos de valida\u00e7\u00e3o de dados pessoais incluem c\u00f3digos de imposto, documentos de identidade, etc.), incluindo t\u00edtulos e v\u00e1rios tipos de dados banc\u00e1rios, devolvendo os dados em um formato padr\u00e3o universalmente aceito. Bancos de dados para pessoas f\u00edsicas e jur\u00eddicas podem ser validados.<\/p>\n<p>O Egon garante excelentes resultados de limpeza de banco de dados, at\u00e9 a corre\u00e7\u00e3o manual de todos os registros que foram rejeitados pelo processo autom\u00e1tico.<\/p>\n<p>Somos capazes de garantir cobertura global com nossos servi\u00e7os de qualidade (verifica\u00e7\u00e3o de endere\u00e7o na Europa e em pa\u00edses internacionais). Nossa empresa se especializou h\u00e1 anos na presta\u00e7\u00e3o de servi\u00e7os referente \u00e0 valida\u00e7\u00e3o de endere\u00e7os europeus, a n\u00e3o duplica\u00e7\u00e3o e qualidade de dados, nossa sede na It\u00e1lia, em Verona (no cora\u00e7\u00e3o da regi\u00e3o de Veneto).[\/vc_column_text][\/vc_column][\/vc_row][vc_row][vc_column]<div class=\"templatera_shortcode\"><div class=\"o-holder u-background-ca-one u-padding-vertical-large\"><div class=\" o-wrapper\"><div class=\"grid-1\"><div class=\"col _lap-and-up-12\" ><div class=\"c-heading\"><h3 class=\" u-text-color-invert u-text-center\">SAIBA COMO O NOSSO SOFTWARE DE GERENCIAMENTO DE DADOS PODE AJUDAR A SUA EMPRESA A CRESCER!<\/h3><\/div><div class=\"c-button-holder c-button-holder--center\"><a class=\"c-button u-text-bold c-button--center c-button--white  c-button--ghost\" href=\"https:\/\/www.egon.com\/company\/contact-us\">ENTRE EM CONTATO CONOSCO<\/a><\/div><\/div>\n<\/div><\/div><\/div>\r\n<\/div>[\/vc_column][\/vc_row]\n","protected":false},"excerpt":{"rendered":"SAIBA COMO O NOSSO SOFTWARE DE GERENCIAMENTO DE DADOS PODE AJUDAR A SUA EMPRESA A CRESCER!ENTRE EM CONTATO CONOSCO","protected":false},"author":1,"featured_media":0,"parent":16211,"menu_order":0,"comment_status":"closed","ping_status":"closed","template":"templates\/template-fullwidth.php","meta":{"footnotes":""},"class_list":["post-16209","page","type-page","status-publish","hentry"],"yoast_head":"<!-- This site is optimized with the Yoast SEO plugin v26.8 - https:\/\/yoast.com\/product\/yoast-seo-wordpress\/ -->\n<title>Normaliza\u00e7\u00e3o de endere\u00e7os postais on-line: escolha Egon!<\/title>\n<meta name=\"description\" content=\"Normaliza\u00e7\u00e3o de endere\u00e7os postais internacionais (tamb\u00e9m normaliza\u00e7\u00e3o on-line e batch via internet): escolha o software EGON\" \/>\n<meta name=\"robots\" content=\"index, follow, max-snippet:-1, max-image-preview:large, max-video-preview:-1\" \/>\n<link rel=\"canonical\" href=\"https:\/\/www.egon.com\/pt\/solucoes\/normalizacao-de-enderecos\" \/>\n<meta property=\"og:locale\" content=\"pt_PT\" \/>\n<meta property=\"og:type\" content=\"article\" \/>\n<meta property=\"og:title\" content=\"Normaliza\u00e7\u00e3o de endere\u00e7os postais on-line: escolha Egon!\" \/>\n<meta property=\"og:description\" content=\"Normaliza\u00e7\u00e3o de endere\u00e7os postais internacionais (tamb\u00e9m normaliza\u00e7\u00e3o on-line e batch via internet): escolha o software EGON\" \/>\n<meta property=\"og:url\" content=\"https:\/\/www.egon.com\/pt\/solucoes\/normalizacao-de-enderecos\" \/>\n<meta property=\"og:site_name\" content=\"Egon\" \/>\n<meta property=\"article:modified_time\" content=\"2022-10-17T09:48:36+00:00\" \/>\n<meta name=\"twitter:card\" content=\"summary_large_image\" \/>\n<meta name=\"twitter:label1\" content=\"Est. reading time\" \/>\n\t<meta name=\"twitter:data1\" content=\"3 minutes\" \/>\n<script type=\"application\/ld+json\" class=\"yoast-schema-graph\">{\"@context\":\"https:\/\/schema.org\",\"@graph\":[{\"@type\":\"WebPage\",\"@id\":\"https:\/\/www.egon.com\/pt\/solucoes\/normalizacao-de-enderecos\",\"url\":\"https:\/\/www.egon.com\/pt\/solucoes\/normalizacao-de-enderecos\",\"name\":\"Normaliza\u00e7\u00e3o de endere\u00e7os postais on-line: escolha Egon!\",\"isPartOf\":{\"@id\":\"https:\/\/www.egon.com\/zh\/#website\"},\"datePublished\":\"2017-09-19T12:02:07+00:00\",\"dateModified\":\"2022-10-17T09:48:36+00:00\",\"description\":\"Normaliza\u00e7\u00e3o de endere\u00e7os postais internacionais (tamb\u00e9m normaliza\u00e7\u00e3o on-line e batch via internet): escolha o software EGON\",\"breadcrumb\":{\"@id\":\"https:\/\/www.egon.com\/pt\/solucoes\/normalizacao-de-enderecos#breadcrumb\"},\"inLanguage\":\"pt\",\"potentialAction\":[{\"@type\":\"ReadAction\",\"target\":[\"https:\/\/www.egon.com\/pt\/solucoes\/normalizacao-de-enderecos\"]}]},{\"@type\":\"BreadcrumbList\",\"@id\":\"https:\/\/www.egon.com\/pt\/solucoes\/normalizacao-de-enderecos#breadcrumb\",\"itemListElement\":[{\"@type\":\"ListItem\",\"position\":1,\"name\":\"Home\",\"item\":\"https:\/\/www.egon.com\/pt\"},{\"@type\":\"ListItem\",\"position\":2,\"name\":\"Solu\u00e7\u00f5es\",\"item\":\"https:\/\/www.egon.com\/pt\/solucoes\"},{\"@type\":\"ListItem\",\"position\":3,\"name\":\"Europeu e internacional Ferramenta de verifica\u00e7\u00e3o de endere\u00e7o postal\"}]},{\"@type\":\"WebSite\",\"@id\":\"https:\/\/www.egon.com\/zh\/#website\",\"url\":\"https:\/\/www.egon.com\/zh\/\",\"name\":\"Egon\",\"description\":\"Normalizzazione indirizzi - Address validation - Egon.com\",\"potentialAction\":[{\"@type\":\"SearchAction\",\"target\":{\"@type\":\"EntryPoint\",\"urlTemplate\":\"https:\/\/www.egon.com\/zh\/?s={search_term_string}\"},\"query-input\":{\"@type\":\"PropertyValueSpecification\",\"valueRequired\":true,\"valueName\":\"search_term_string\"}}],\"inLanguage\":\"pt\"}]}<\/script>\n<!-- \/ Yoast SEO plugin. -->","yoast_head_json":{"title":"Normaliza\u00e7\u00e3o de endere\u00e7os postais on-line: escolha Egon!","description":"Normaliza\u00e7\u00e3o de endere\u00e7os postais internacionais (tamb\u00e9m normaliza\u00e7\u00e3o on-line e batch via internet): escolha o software EGON","robots":{"index":"index","follow":"follow","max-snippet":"max-snippet:-1","max-image-preview":"max-image-preview:large","max-video-preview":"max-video-preview:-1"},"canonical":"https:\/\/www.egon.com\/pt\/solucoes\/normalizacao-de-enderecos","og_locale":"pt_PT","og_type":"article","og_title":"Normaliza\u00e7\u00e3o de endere\u00e7os postais on-line: escolha Egon!","og_description":"Normaliza\u00e7\u00e3o de endere\u00e7os postais internacionais (tamb\u00e9m normaliza\u00e7\u00e3o on-line e batch via internet): escolha o software EGON","og_url":"https:\/\/www.egon.com\/pt\/solucoes\/normalizacao-de-enderecos","og_site_name":"Egon","article_modified_time":"2022-10-17T09:48:36+00:00","twitter_card":"summary_large_image","twitter_misc":{"Est. reading time":"3 minutes"},"schema":{"@context":"https:\/\/schema.org","@graph":[{"@type":"WebPage","@id":"https:\/\/www.egon.com\/pt\/solucoes\/normalizacao-de-enderecos","url":"https:\/\/www.egon.com\/pt\/solucoes\/normalizacao-de-enderecos","name":"Normaliza\u00e7\u00e3o de endere\u00e7os postais on-line: escolha Egon!","isPartOf":{"@id":"https:\/\/www.egon.com\/zh\/#website"},"datePublished":"2017-09-19T12:02:07+00:00","dateModified":"2022-10-17T09:48:36+00:00","description":"Normaliza\u00e7\u00e3o de endere\u00e7os postais internacionais (tamb\u00e9m normaliza\u00e7\u00e3o on-line e batch via internet): escolha o software EGON","breadcrumb":{"@id":"https:\/\/www.egon.com\/pt\/solucoes\/normalizacao-de-enderecos#breadcrumb"},"inLanguage":"pt","potentialAction":[{"@type":"ReadAction","target":["https:\/\/www.egon.com\/pt\/solucoes\/normalizacao-de-enderecos"]}]},{"@type":"BreadcrumbList","@id":"https:\/\/www.egon.com\/pt\/solucoes\/normalizacao-de-enderecos#breadcrumb","itemListElement":[{"@type":"ListItem","position":1,"name":"Home","item":"https:\/\/www.egon.com\/pt"},{"@type":"ListItem","position":2,"name":"Solu\u00e7\u00f5es","item":"https:\/\/www.egon.com\/pt\/solucoes"},{"@type":"ListItem","position":3,"name":"Europeu e internacional Ferramenta de verifica\u00e7\u00e3o de endere\u00e7o postal"}]},{"@type":"WebSite","@id":"https:\/\/www.egon.com\/zh\/#website","url":"https:\/\/www.egon.com\/zh\/","name":"Egon","description":"Normalizzazione indirizzi - Address validation - Egon.com","potentialAction":[{"@type":"SearchAction","target":{"@type":"EntryPoint","urlTemplate":"https:\/\/www.egon.com\/zh\/?s={search_term_string}"},"query-input":{"@type":"PropertyValueSpecification","valueRequired":true,"valueName":"search_term_string"}}],"inLanguage":"pt"}]}},"_links":{"self":[{"href":"https:\/\/www.egon.com\/pt\/wp-json\/wp\/v2\/pages\/16209","targetHints":{"allow":["GET"]}}],"collection":[{"href":"https:\/\/www.egon.com\/pt\/wp-json\/wp\/v2\/pages"}],"about":[{"href":"https:\/\/www.egon.com\/pt\/wp-json\/wp\/v2\/types\/page"}],"author":[{"embeddable":true,"href":"https:\/\/www.egon.com\/pt\/wp-json\/wp\/v2\/users\/1"}],"replies":[{"embeddable":true,"href":"https:\/\/www.egon.com\/pt\/wp-json\/wp\/v2\/comments?post=16209"}],"version-history":[{"count":2,"href":"https:\/\/www.egon.com\/pt\/wp-json\/wp\/v2\/pages\/16209\/revisions"}],"predecessor-version":[{"id":19519,"href":"https:\/\/www.egon.com\/pt\/wp-json\/wp\/v2\/pages\/16209\/revisions\/19519"}],"up":[{"embeddable":true,"href":"https:\/\/www.egon.com\/pt\/wp-json\/wp\/v2\/pages\/16211"}],"wp:attachment":[{"href":"https:\/\/www.egon.com\/pt\/wp-json\/wp\/v2\/media?parent=16209"}],"curies":[{"name":"wp","href":"https:\/\/api.w.org\/{rel}","templated":true}]}}