{"id":16206,"date":"2017-09-19T12:43:33","date_gmt":"2017-09-19T12:43:33","guid":{"rendered":"https:\/\/www.egon.com\/geocodificacao"},"modified":"2021-02-15T11:21:26","modified_gmt":"2021-02-15T11:21:26","slug":"geocodificacao","status":"publish","type":"page","link":"https:\/\/www.egon.com\/pt\/solucoes\/geocodificacao","title":{"rendered":"Software de geocodifica\u00e7\u00e3o de endere\u00e7os"},"content":{"rendered":"[vc_row row_h_align=&#8221;grid&#8211;center&#8221; wrapper=&#8221;true&#8221; holder_class=&#8221;u-section-hero-one u-overlapped-hero-padding&#8221; holder_set_margin=&#8221;true&#8221; holder_margin=&#8221;u-margin-bottom-large&#8221;][vc_column row_width=&#8221;_desktop-9&#8243;]<div class=\"c-heading\"><h1 class=\" u-h1 u-text-bolder u-margin-bottom u-text-center\">Software de geocodifica\u00e7\u00e3o de endere\u00e7os<\/h1><\/div>[vc_column_text txt_align=&#8221;u-text-center&#8221; set_margin=&#8221;true&#8221; margin=&#8221;u-margin-bottom-large&#8221;]A geocodifica\u00e7\u00e3o de endere\u00e7os envolve a atribui\u00e7\u00e3o de dados e c\u00f3digos espaciais e territoriais precisos a endere\u00e7os espec\u00edficos. Na fase preliminar, isso envolve georreferenciamento, o que significa atribuir coordenadas de mapa precisas ao endere\u00e7o, para garantir localiza\u00e7\u00e3o geogr\u00e1fica correta e espec\u00edfica.[\/vc_column_text][vc_column_text txt_color=&#8221;u-text-color-invert&#8221; txt_align=&#8221;u-text-center&#8221;]SAIBA MAIS[\/vc_column_text][\/vc_column][\/vc_row][vc_row][vc_column]<div class=\"templatera_shortcode\"><div class=\"o-holder u-background-color-one u-margin-bottom-large u-padding-vertical-large\"><div class=\" o-wrapper\"><div class=\"grid-1 grid--middle grid--equalHeight\"><div class=\"col _lap-and-up-8\" ><div class=\"c-heading\"><h3 class=\" u-h1 u-text-color-invert u-text-thinner\">Precisa localizar um endere\u00e7o postal em um mapa?<\/h3><\/div><div class=\"c-text-block u-text-color-invert\"><p>Em poucos minutos voc\u00ea poder\u00e1 converter um endere\u00e7o postal em uma coordenada geogr\u00e1fica precisa (latitude e longitude) e vice-versa. Ent\u00e3o voc\u00ea ver\u00e1 a localiza\u00e7\u00e3o em um mapa.<\/p>\n <\/div><\/div><div class=\"col _lap-and-up-4\" ><div class=\"c-button-holder c-button-holder--center\"><a class=\"c-button c-button--center c-button--white  c-button--ghost c-button--large\" href=\"https:\/\/www.egon.com\/egon-demo\">EXPERIMENTE AGORA DE GRA\u00c7A<\/a><\/div><\/div>\n<\/div><\/div><\/div><\/div>[\/vc_column][\/vc_row][vc_row wrapper=&#8221;true&#8221;][vc_column]<div class=\"c-heading\"><h3 class=\" u-text-bolder\">COMO GEOCODIFICAR ENDERE\u00c7OS COM O SOFTWARE EGON<\/h3><\/div>[\/vc_column][vc_column width=&#8221;7\/12&#8243;][vc_column_text]O Egon \u00e9 um pacote de software de geocodifica\u00e7\u00e3o muito poderoso, que permite a geocodifica\u00e7\u00e3o em bancos de dados de registro m\u00faltiplo, fornecendo o formato validado e as coordenadas geogr\u00e1ficas para qualquer endere\u00e7o.<\/p>\n<p>Com o r\u00e1pido desenvolvimento da tecnologia e dos servi\u00e7os de geolocaliza\u00e7\u00e3o e a crescente disponibilidade de dados territoriais de todo o mundo, \u00e9 crucial que cada campo comercial reconsidere cuidadosamente o valor estrat\u00e9gico dos endere\u00e7os e dados geogr\u00e1ficos precisos.<\/p>\n<p>O Egon relaciona os dados com o territ\u00f3rio e por se concentrar no mais alto n\u00edvel de detalhes, fornece uma representa\u00e7\u00e3o meticulosa dos dados, auxiliando aplicativos GIS e criando bacias coletoras, \u00e1reas de responsabilidade e de endere\u00e7os, etc.[\/vc_column_text][\/vc_column][vc_column width=&#8221;5\/12&#8243;][vc_column_text]O software n\u00e3o se limita apenas a fun\u00e7\u00f5es b\u00e1sicas de georreferenciamento, mas tamb\u00e9m pode satisfazer necessidades de geocodifica\u00e7\u00e3o muito sofisticadas e diversas:[\/vc_column_text]<div class=\" c-list c-list--color-one\"><ul>\n<li><i class=\"c-list__icon fal fa-check-circle\"><\/i>Atribui\u00e7\u00e3o de zonas tribut\u00e1veis<\/li>\n<li><i class=\"c-list__icon fal fa-check-circle\"><\/i>Proximidade e c\u00e1lculo imediato das dist\u00e2ncias \u00e0 em linha reta e a p\u00e9<\/li>\n<li><i class=\"c-list__icon fal fa-check-circle\"><\/i>geocodifica\u00e7\u00e3o inversa<\/li>\n<li><i class=\"c-list__icon fal fa-check-circle\"><\/i>pontos de interesse<\/li>\n<li><i class=\"c-list__icon fal fa-check-circle\"><\/i>localiza\u00e7\u00e3o por nome de rua<\/li>\n<li><i class=\"c-list__icon fal fa-check-circle\"><\/i>Identifica\u00e7\u00e3o de cruzamentos (esquinas)<\/li>\n<\/ul>\n<\/div>[\/vc_column][vc_column]<div class=\" c-divider c-divider--dashed\"\/><\/div>[\/vc_column][\/vc_row][vc_row wrapper=&#8221;true&#8221; holder_set_margin=&#8221;true&#8221; holder_margin=&#8221;u-margin-bottom&#8221;][vc_column]<div class=\"c-heading\"><h3 class=\" u-text-bolder\">DESDE GEOLOCALIZA\u00c7\u00c3O AT\u00c9 EXIBI\u00c7\u00c3O NO MAPA<\/h3><\/div>[\/vc_column][vc_column width=&#8221;1\/3&#8243;]<div class=\"c-image\"><img loading=\"lazy\" decoding=\"async\" width=\"500\" height=\"581\" src=\"https:\/\/www.egon.com\/wp-content\/uploads\/2017\/09\/geocodificacao-enderecos.jpg\" class=\" aligncenter\" alt=\"geocodifica\u00e7\u00e3o de endere\u00e7os\" srcset=\"https:\/\/www.egon.com\/wp-content\/uploads\/2017\/09\/geocodificacao-enderecos.jpg 500w, https:\/\/www.egon.com\/wp-content\/uploads\/2017\/09\/geocodificacao-enderecos-258x300.jpg 258w\" sizes=\"auto, (max-width: 500px) 100vw, 500px\" \/><\/div>[\/vc_column][vc_column width=&#8221;2\/3&#8243;][vc_column_text]A geolocaliza\u00e7\u00e3o garante que todos os dados sejam aprimorados com os dados territoriais e estat\u00edsticos da micro-zona taxativa de refer\u00eancia.<\/p>\n<p>Com o uso de qualquer mapa, a geolocaliza\u00e7\u00e3o \u00e9 completada com a exibi\u00e7\u00e3o (inclusive via web) da posi\u00e7\u00e3o do mapeamento preciso.<\/p>\n<p>A efici\u00eancia do nosso mecanismo de valida\u00e7\u00e3o garante um desempenho excepcional e preciso at\u00e9 o n\u00famero da rua, mesmo que sejam introduzidos endere\u00e7os incompletos ou inexatos.[\/vc_column_text]<div class=\"c-heading\"><h3 class=\" u-h5\">APLICATIVOS PARA GEOCODIFICA\u00c7\u00c3O<\/h3><\/div>[vc_column_text]O Egon \u00e9 um software de geocodifica\u00e7\u00e3o extremamente flex\u00edvel e pode ser incorporado em qualquer sistema operacional que precise da geolocaliza\u00e7\u00e3o de certos dados. A geocodifica\u00e7\u00e3o \u00e9 de import\u00e2ncia fundamental em diversos campos, os principais s\u00e3o:[\/vc_column_text]<div class=\" c-list c-list--color-one\"><ul>\n<li><i class=\"c-list__icon fal fa-check-circle\"><\/i>Log\u00edstica e transporte: algumas aplica\u00e7\u00f5es de log\u00edstica muito sofisticadas est\u00e3o dispon\u00edveis hoje, que podem tra\u00e7ar o itiner\u00e1rio de mercadorias em detalhes e em tempo real, o que significa que o itiner\u00e1rio pode ser planejado efetivamente de antem\u00e3o atrav\u00e9s dos v\u00e1rios pontos intermedi\u00e1rios. O rastreamento correto de endere\u00e7os pelo n\u00famero da rua permite economias not\u00e1veis em recursos e tempo.<\/li>\n<li><i class=\"c-list__icon fal fa-check-circle\"><\/i>Geomarketing: atrav\u00e9s do backup autom\u00e1tico do software Egon, certos aplicativos direcionados \u00e0 pesquisa Geomarketing permitem a reconstru\u00e7\u00e3o de todos os dados mais importantes sobre o potencial comercial de um determinado local ou \u00e1rea.\u00a0<a href=\"https:\/\/www.egon.com\/br\/solucoes\/normalizacao-de-enderecos\">Valida\u00e7\u00e3o de endere\u00e7o<\/a>\u00a0e georreferenciamento \u00e9 prepara\u00e7\u00e3o para qualquer an\u00e1lise subsequente de Geomarketing.<\/li>\n<\/ul>\n<\/div>[\/vc_column][\/vc_row][vc_row][vc_column]<div class=\"templatera_shortcode\"><div class=\"o-holder u-background-ca-one u-padding-vertical-large\"><div class=\" o-wrapper\"><div class=\"grid-1\"><div class=\"col _lap-and-up-12\" ><div class=\"c-heading\"><h3 class=\" u-text-color-invert u-text-center\">SAIBA COMO O NOSSO SOFTWARE DE GERENCIAMENTO DE DADOS PODE AJUDAR A SUA EMPRESA A CRESCER!<\/h3><\/div><div class=\"c-button-holder c-button-holder--center\"><a class=\"c-button u-text-bold c-button--center c-button--white  c-button--ghost\" href=\"https:\/\/www.egon.com\/company\/contact-us\">ENTRE EM CONTATO CONOSCO<\/a><\/div><\/div>\n<\/div><\/div><\/div>\r\n<\/div>[\/vc_column][\/vc_row]\n","protected":false},"excerpt":{"rendered":"SAIBA COMO O NOSSO SOFTWARE DE GERENCIAMENTO DE DADOS PODE AJUDAR A SUA EMPRESA A CRESCER!ENTRE EM CONTATO CONOSCO","protected":false},"author":1,"featured_media":0,"parent":16211,"menu_order":0,"comment_status":"closed","ping_status":"closed","template":"templates\/template-fullwidth.php","meta":{"footnotes":""},"class_list":["post-16206","page","type-page","status-publish","hentry"],"yoast_head":"<!-- This site is optimized with the Yoast SEO plugin v26.8 - https:\/\/yoast.com\/product\/yoast-seo-wordpress\/ -->\n<title>Software de geocodifica\u00e7\u00e3o de endere\u00e7os via internet - EGON<\/title>\n<meta name=\"description\" content=\"A geocodifica\u00e7\u00e3o de endere\u00e7os postais permite a transforma\u00e7\u00e3o de uma base de dados em Informa\u00e7\u00f5es Espacializadas. Egon software: Teste a Demo!\" \/>\n<meta name=\"robots\" content=\"index, follow, max-snippet:-1, max-image-preview:large, max-video-preview:-1\" \/>\n<link rel=\"canonical\" href=\"https:\/\/www.egon.com\/pt\/solucoes\/geocodificacao\" \/>\n<meta property=\"og:locale\" content=\"pt_PT\" \/>\n<meta property=\"og:type\" content=\"article\" \/>\n<meta property=\"og:title\" content=\"Software de geocodifica\u00e7\u00e3o de endere\u00e7os via internet - EGON\" \/>\n<meta property=\"og:description\" content=\"A geocodifica\u00e7\u00e3o de endere\u00e7os postais permite a transforma\u00e7\u00e3o de uma base de dados em Informa\u00e7\u00f5es Espacializadas. Egon software: Teste a Demo!\" \/>\n<meta property=\"og:url\" content=\"https:\/\/www.egon.com\/pt\/solucoes\/geocodificacao\" \/>\n<meta property=\"og:site_name\" content=\"Egon\" \/>\n<meta property=\"article:modified_time\" content=\"2021-02-15T11:21:26+00:00\" \/>\n<meta name=\"twitter:card\" content=\"summary_large_image\" \/>\n<meta name=\"twitter:label1\" content=\"Est. reading time\" \/>\n\t<meta name=\"twitter:data1\" content=\"3 minutes\" \/>\n<script type=\"application\/ld+json\" class=\"yoast-schema-graph\">{\"@context\":\"https:\/\/schema.org\",\"@graph\":[{\"@type\":\"WebPage\",\"@id\":\"https:\/\/www.egon.com\/pt\/solucoes\/geocodificacao\",\"url\":\"https:\/\/www.egon.com\/pt\/solucoes\/geocodificacao\",\"name\":\"Software de geocodifica\u00e7\u00e3o de endere\u00e7os via internet - EGON\",\"isPartOf\":{\"@id\":\"https:\/\/www.egon.com\/zh\/#website\"},\"datePublished\":\"2017-09-19T12:43:33+00:00\",\"dateModified\":\"2021-02-15T11:21:26+00:00\",\"description\":\"A geocodifica\u00e7\u00e3o de endere\u00e7os postais permite a transforma\u00e7\u00e3o de uma base de dados em Informa\u00e7\u00f5es Espacializadas. Egon software: Teste a Demo!\",\"breadcrumb\":{\"@id\":\"https:\/\/www.egon.com\/pt\/solucoes\/geocodificacao#breadcrumb\"},\"inLanguage\":\"pt\",\"potentialAction\":[{\"@type\":\"ReadAction\",\"target\":[\"https:\/\/www.egon.com\/pt\/solucoes\/geocodificacao\"]}]},{\"@type\":\"BreadcrumbList\",\"@id\":\"https:\/\/www.egon.com\/pt\/solucoes\/geocodificacao#breadcrumb\",\"itemListElement\":[{\"@type\":\"ListItem\",\"position\":1,\"name\":\"Home\",\"item\":\"https:\/\/www.egon.com\/pt\"},{\"@type\":\"ListItem\",\"position\":2,\"name\":\"Solu\u00e7\u00f5es\",\"item\":\"https:\/\/www.egon.com\/pt\/solucoes\"},{\"@type\":\"ListItem\",\"position\":3,\"name\":\"Software de geocodifica\u00e7\u00e3o de endere\u00e7os\"}]},{\"@type\":\"WebSite\",\"@id\":\"https:\/\/www.egon.com\/zh\/#website\",\"url\":\"https:\/\/www.egon.com\/zh\/\",\"name\":\"Egon\",\"description\":\"Normalizzazione indirizzi - Address validation - Egon.com\",\"potentialAction\":[{\"@type\":\"SearchAction\",\"target\":{\"@type\":\"EntryPoint\",\"urlTemplate\":\"https:\/\/www.egon.com\/zh\/?s={search_term_string}\"},\"query-input\":{\"@type\":\"PropertyValueSpecification\",\"valueRequired\":true,\"valueName\":\"search_term_string\"}}],\"inLanguage\":\"pt\"}]}<\/script>\n<!-- \/ Yoast SEO plugin. -->","yoast_head_json":{"title":"Software de geocodifica\u00e7\u00e3o de endere\u00e7os via internet - EGON","description":"A geocodifica\u00e7\u00e3o de endere\u00e7os postais permite a transforma\u00e7\u00e3o de uma base de dados em Informa\u00e7\u00f5es Espacializadas. Egon software: Teste a Demo!","robots":{"index":"index","follow":"follow","max-snippet":"max-snippet:-1","max-image-preview":"max-image-preview:large","max-video-preview":"max-video-preview:-1"},"canonical":"https:\/\/www.egon.com\/pt\/solucoes\/geocodificacao","og_locale":"pt_PT","og_type":"article","og_title":"Software de geocodifica\u00e7\u00e3o de endere\u00e7os via internet - EGON","og_description":"A geocodifica\u00e7\u00e3o de endere\u00e7os postais permite a transforma\u00e7\u00e3o de uma base de dados em Informa\u00e7\u00f5es Espacializadas. Egon software: Teste a Demo!","og_url":"https:\/\/www.egon.com\/pt\/solucoes\/geocodificacao","og_site_name":"Egon","article_modified_time":"2021-02-15T11:21:26+00:00","twitter_card":"summary_large_image","twitter_misc":{"Est. reading time":"3 minutes"},"schema":{"@context":"https:\/\/schema.org","@graph":[{"@type":"WebPage","@id":"https:\/\/www.egon.com\/pt\/solucoes\/geocodificacao","url":"https:\/\/www.egon.com\/pt\/solucoes\/geocodificacao","name":"Software de geocodifica\u00e7\u00e3o de endere\u00e7os via internet - EGON","isPartOf":{"@id":"https:\/\/www.egon.com\/zh\/#website"},"datePublished":"2017-09-19T12:43:33+00:00","dateModified":"2021-02-15T11:21:26+00:00","description":"A geocodifica\u00e7\u00e3o de endere\u00e7os postais permite a transforma\u00e7\u00e3o de uma base de dados em Informa\u00e7\u00f5es Espacializadas. Egon software: Teste a Demo!","breadcrumb":{"@id":"https:\/\/www.egon.com\/pt\/solucoes\/geocodificacao#breadcrumb"},"inLanguage":"pt","potentialAction":[{"@type":"ReadAction","target":["https:\/\/www.egon.com\/pt\/solucoes\/geocodificacao"]}]},{"@type":"BreadcrumbList","@id":"https:\/\/www.egon.com\/pt\/solucoes\/geocodificacao#breadcrumb","itemListElement":[{"@type":"ListItem","position":1,"name":"Home","item":"https:\/\/www.egon.com\/pt"},{"@type":"ListItem","position":2,"name":"Solu\u00e7\u00f5es","item":"https:\/\/www.egon.com\/pt\/solucoes"},{"@type":"ListItem","position":3,"name":"Software de geocodifica\u00e7\u00e3o de endere\u00e7os"}]},{"@type":"WebSite","@id":"https:\/\/www.egon.com\/zh\/#website","url":"https:\/\/www.egon.com\/zh\/","name":"Egon","description":"Normalizzazione indirizzi - Address validation - Egon.com","potentialAction":[{"@type":"SearchAction","target":{"@type":"EntryPoint","urlTemplate":"https:\/\/www.egon.com\/zh\/?s={search_term_string}"},"query-input":{"@type":"PropertyValueSpecification","valueRequired":true,"valueName":"search_term_string"}}],"inLanguage":"pt"}]}},"_links":{"self":[{"href":"https:\/\/www.egon.com\/pt\/wp-json\/wp\/v2\/pages\/16206","targetHints":{"allow":["GET"]}}],"collection":[{"href":"https:\/\/www.egon.com\/pt\/wp-json\/wp\/v2\/pages"}],"about":[{"href":"https:\/\/www.egon.com\/pt\/wp-json\/wp\/v2\/types\/page"}],"author":[{"embeddable":true,"href":"https:\/\/www.egon.com\/pt\/wp-json\/wp\/v2\/users\/1"}],"replies":[{"embeddable":true,"href":"https:\/\/www.egon.com\/pt\/wp-json\/wp\/v2\/comments?post=16206"}],"version-history":[{"count":2,"href":"https:\/\/www.egon.com\/pt\/wp-json\/wp\/v2\/pages\/16206\/revisions"}],"predecessor-version":[{"id":17913,"href":"https:\/\/www.egon.com\/pt\/wp-json\/wp\/v2\/pages\/16206\/revisions\/17913"}],"up":[{"embeddable":true,"href":"https:\/\/www.egon.com\/pt\/wp-json\/wp\/v2\/pages\/16211"}],"wp:attachment":[{"href":"https:\/\/www.egon.com\/pt\/wp-json\/wp\/v2\/media?parent=16206"}],"curies":[{"name":"wp","href":"https:\/\/api.w.org\/{rel}","templated":true}]}}