{"id":16202,"date":"2017-09-19T13:06:33","date_gmt":"2017-09-19T13:06:33","guid":{"rendered":"https:\/\/www.egon.com\/normalizacao-de-dados-pessoais"},"modified":"2021-02-15T11:28:53","modified_gmt":"2021-02-15T11:28:53","slug":"normalizacao-de-dados-pessoais","status":"publish","type":"page","link":"https:\/\/www.egon.com\/pt\/solucoes\/normalizacao-de-dados-pessoais","title":{"rendered":"Normaliza\u00e7\u00e3o de dados pessoais"},"content":{"rendered":"[vc_row row_h_align=&#8221;grid&#8211;center&#8221; wrapper=&#8221;true&#8221; holder_class=&#8221;u-section-hero-four u-overlapped-hero-padding&#8221; holder_set_margin=&#8221;true&#8221; holder_margin=&#8221;u-margin-bottom-large&#8221;][vc_column row_width=&#8221;_desktop-9&#8243;]<div class=\"c-heading\"><h1 class=\" u-h1 u-text-bolder u-margin-bottom u-text-center\">Normaliza\u00e7\u00e3o de dados pessoais<\/h1><\/div>[vc_column_text txt_align=&#8221;u-text-center&#8221; set_margin=&#8221;true&#8221; margin=&#8221;u-margin-bottom-large&#8221;]As informa\u00e7\u00f5es pessoais representam um recurso estrat\u00e9gico fundamental para diversas estruturas empenhadas diariamente em atividades de Marketing Direto, assim como para bancos, companhias de seguro e Administra\u00e7\u00f5es P\u00fablicas em geral.[\/vc_column_text][\/vc_column][\/vc_row][vc_row wrapper=&#8221;true&#8221; holder_set_margin=&#8221;true&#8221; holder_margin=&#8221;u-margin-bottom&#8221;][vc_column]<div class=\"c-heading\"><h3 class=\" u-text-bolder\">A SOLU\u00c7\u00c3O EGON PARA OS DADOS PESSOAIS<\/h3><\/div>[\/vc_column][vc_column width=&#8221;1\/3&#8243; set_margin_inner=&#8221;true&#8221; margin_inner=&#8221;u-margin-bottom&#8221;]<div class=\"c-image\"><img loading=\"lazy\" decoding=\"async\" width=\"400\" height=\"279\" src=\"https:\/\/www.egon.com\/wp-content\/uploads\/2017\/09\/normalizacao-de-dados-pessoais-400x279.jpg\" class=\" alignone\" alt=\"normaliza\u00e7\u00e3o de dados pessoais\" srcset=\"https:\/\/www.egon.com\/wp-content\/uploads\/2017\/09\/normalizacao-de-dados-pessoais-400x279.jpg 400w, https:\/\/www.egon.com\/wp-content\/uploads\/2017\/09\/normalizacao-de-dados-pessoais-768x536.jpg 768w, https:\/\/www.egon.com\/wp-content\/uploads\/2017\/09\/normalizacao-de-dados-pessoais-1024x715.jpg 1024w, https:\/\/www.egon.com\/wp-content\/uploads\/2017\/09\/normalizacao-de-dados-pessoais.jpg 1547w\" sizes=\"auto, (max-width: 400px) 100vw, 400px\" \/><\/div>[\/vc_column][vc_column width=&#8221;2\/3&#8243;][vc_column_text]A efic\u00e1cia das informa\u00e7\u00f5es obtidas atrav\u00e9s dos dados recolhidos, arquivados informaticamente e, em seguida, tratados para diversas finalidades, depende exatamente da\u00a0<a title=\"qualidade de dados\" href=\"https:\/\/www.egon.com\/br\/\">qualidade de dados<\/a>.<\/p>\n<p>Por\u00e9m, nem sempre s\u00e3o utilizados instrumentos adequados para a coleta e a gest\u00e3o inform\u00e1tica destes dados, provocando um aumento das dificuldades operacionais para aqueles que devem dispor destes dados para exig\u00eancias administrativas ou comerciais.<\/p>\n<p>Gra\u00e7as a anos de estudos e \u00e0 experi\u00eancia direta neste setor, realizamos um aplicativo impec\u00e1vel,\u00a0<a title=\"egon\" href=\"https:\/\/www.egon.com\/br\/\">EGON<\/a>, que nos orgulha principalmente pela sua grande versatilidade de uso e pela precis\u00e3o de execu\u00e7\u00e3o invej\u00e1vel (e invejada\u2026).[\/vc_column_text][\/vc_column][\/vc_row][vc_row wrapper=&#8221;true&#8221;][vc_column]<div class=\" c-divider c-divider--dashed u-margin-bottom-large\"\/><\/div>[\/vc_column][\/vc_row][vc_row wrapper=&#8221;true&#8221; wrapper_class=&#8221;o-wrapper&#8211;slim&#8221; holder_set_margin=&#8221;true&#8221; holder_margin=&#8221;u-margin-bottom&#8221;][vc_column]<div class=\"c-heading\"><h3 class=\" u-text-bolder\">Hoje em dia, Egon \u00e9 um dos principais pontos de referencia em termos de pacotes software presentes no mercado internacional para a normaliza\u00e7\u00e3o de dados pessoais de diversos tipos:<\/h3><\/div>[\/vc_column][vc_column width=&#8221;1\/2&#8243;]<div class=\" c-list c-list--color-one\"><ul>\n<li><i class=\"c-list__icon fal fa-check-circle\"><\/i>Nome<\/li>\n<li><i class=\"c-list__icon fal fa-check-circle\"><\/i>Data de nascimento<\/li>\n<li><i class=\"c-list__icon fal fa-check-circle\"><\/i>T\u00edtulos<\/li>\n<li><i class=\"c-list__icon fal fa-check-circle\"><\/i>Especifica\u00e7\u00f5es legais<\/li>\n<li><i class=\"c-list__icon fal fa-check-circle\"><\/i>Telefones<\/li>\n<li><i class=\"c-list__icon fal fa-check-circle\"><\/i>E-Mail<\/li>\n<\/ul>\n<\/div>[\/vc_column][vc_column width=&#8221;1\/2&#8243;]<div class=\" c-list c-list--color-one\"><ul>\n<li><i class=\"c-list__icon fal fa-check-circle\"><\/i>C\u00f3digos pessoais\u00a0(CPF, CNPJ, etc.)<\/li>\n<li><i class=\"c-list__icon fal fa-check-circle\"><\/i>Dados banc\u00e1rios<\/li>\n<li><i class=\"c-list__icon fal fa-check-circle\"><\/i>Dados postais<\/li>\n<li><i class=\"c-list__icon fal fa-check-circle\"><\/i>CEP<\/li>\n<li><i class=\"c-list__icon fal fa-check-circle\"><\/i>Nomes estrangeiros<\/li>\n<li><i class=\"c-list__icon fal fa-check-circle\"><\/i>Documentos de identidade<\/li>\n<\/ul>\n<\/div>[\/vc_column][\/vc_row][vc_row][vc_column]<div class=\"templatera_shortcode\"><div class=\"o-holder u-background-ca-one u-padding-vertical-large\"><div class=\" o-wrapper\"><div class=\"grid-1\"><div class=\"col _lap-and-up-12\" ><div class=\"c-heading\"><h3 class=\" u-text-color-invert u-text-center\">SAIBA COMO O NOSSO SOFTWARE DE GERENCIAMENTO DE DADOS PODE AJUDAR A SUA EMPRESA A CRESCER!<\/h3><\/div><div class=\"c-button-holder c-button-holder--center\"><a class=\"c-button u-text-bold c-button--center c-button--white  c-button--ghost\" href=\"https:\/\/www.egon.com\/company\/contact-us\">ENTRE EM CONTATO CONOSCO<\/a><\/div><\/div>\n<\/div><\/div><\/div>\r\n<\/div>[\/vc_column][\/vc_row][vc_row wrapper=&#8221;true&#8221;][vc_column]<div class=\" c-divider c-divider--dashed u-margin-bottom-large\"\/><\/div>[\/vc_column][\/vc_row][vc_row wrapper=&#8221;true&#8221;][vc_column]<div class=\"c-heading\"><h3 class=\" u-text-bolder\">O QUE QUEREMOS DIZER COM NORMALIZA\u00c7\u00c3O DE DADOS PESSOAIS?<\/h3><\/div>[vc_column_text]Normalizar dados pessoais\u00a0significa, essencialmente, adquirir dados de registro de diversos tipos, que se referem a pessoas f\u00edsicas ou jur\u00eddicas, analis\u00e1-los e padroniz\u00e1-los com uma\u00a0forma correta e un\u00edvoca.<\/p>\n<p>Este tipo de opera\u00e7\u00e3o, se realizada de forma \u201cmanual\u201d e n\u00e3o controlada pelos operadores de entrada de dados, comporta um custo enorme, sendo preciso muito tempo para obter um bom resultado. Egon, por sua vez, \u00e9 capaz de entrar nos arquivos e agir de forma totalmente autom\u00e1tica.[\/vc_column_text]<div class=\"c-heading\"><h3 class=\" u-text-bolder\">DO PRODUTO \u00c0 PESSOA<\/h3><\/div>[vc_column_text]A correta\u00a0identifica\u00e7\u00e3o de pessoas\u00a0e, em seguida, a\u00a0cria\u00e7\u00e3o de perfis\u00a0mediante o cruzamento de dados provenientes de fontes diversas, permite um tratamento ad hoc do cliente segundo seus aspectos peculiares. No mundo do marketing, assim como no mundo da comunica\u00e7\u00e3o e das atividades sociais, a aten\u00e7\u00e3o priorit\u00e1ria, nos \u00faltimos anos, passou\u00a0do produto \u00e0 pessoa.<\/p>\n<p>Em termos de marketing, n\u00e3o se trata mais de convencer uma massa indistinta de consumidores da qualidade ou do sex-appeal do produto, e sim, instaurar com cada pessoa potencialmente interessada e com os clientes adquiridos uma\u00a0rela\u00e7\u00e3o de confian\u00e7a m\u00fatua. Neste sentido, a\u00a0normaliza\u00e7\u00e3o dos dados pessoais\u00a0provenientes de um ou mais arquivos, e o cruzamento posterior destes dados, com a elimina\u00e7\u00e3o das duplicidades, permite conhecer realmente tudo o que \u00e9 poss\u00edvel sobre as pessoas e, portanto, realizar\u00a0campanhas de marketing corretamente miradas.[\/vc_column_text]<div class=\"c-heading\"><h3 class=\" u-text-bolder\">\u00c2MBITOS DE APLICA\u00c7\u00c3O E MODALIDADES DE USO DISPON\u00cdVEIS<\/h3><\/div>[vc_column_text]Egon\u00a0\u00e9 um instrumento indispens\u00e1vel em muitos campos de aplica\u00e7\u00e3o, como\u00a0CRM,\u00a0expedi\u00e7\u00f5es, programas de\u00a0administra\u00e7\u00e3o da empresa,\u00a0postagem, etc. As solu\u00e7\u00f5es em venda incluem instrumentos capazes de trabalhar com inteiros arquivos empresariais e realizar a sua normaliza\u00e7\u00e3o (<a title=\"egon batch\" href=\"https:\/\/www.egon.com\/br\/modalidade-de-uso\/batch.html\">sistemas batch ou massivos<\/a>), assim como instrumentos interativos,\u00a0<a title=\"Egon Online\" href=\"https:\/\/www.egon.com\/br\/modalidade-de-uso\/online.html\">online<\/a>. Neste segundo caso, Egon ser\u00e1 integrado a qualquer tipo de aplica\u00e7\u00e3o empresarial e auxiliar\u00e1 o usu\u00e1rio durante a fase de entrada de dados, corrigindo em tempo real os dados inseridos e indicando a presen\u00e7a de\u00a0<a title=\"deduplicades\" href=\"https:\/\/www.egon.com\/br\/solucoes\/deduplicacao.html\">duplicidades<\/a>.<br \/>\n[\/vc_column_text][\/vc_column][\/vc_row]\n","protected":false},"excerpt":{"rendered":"SAIBA COMO O NOSSO SOFTWARE DE GERENCIAMENTO DE DADOS PODE AJUDAR A SUA EMPRESA A CRESCER!ENTRE EM CONTATO CONOSCO","protected":false},"author":1,"featured_media":0,"parent":16211,"menu_order":0,"comment_status":"closed","ping_status":"closed","template":"templates\/template-fullwidth.php","meta":{"footnotes":""},"class_list":["post-16202","page","type-page","status-publish","hentry"],"yoast_head":"<!-- This site is optimized with the Yoast SEO plugin v26.8 - https:\/\/yoast.com\/product\/yoast-seo-wordpress\/ -->\n<title>Normaliza\u00e7\u00e3o de dados pessoais com o software Egon<\/title>\n<meta name=\"description\" content=\"Egon \u00e9 um pacote software para a normaliza\u00e7\u00e3o de dados pessoais internacionais (nomes, c\u00f3digos, t\u00edtulos, telefones, etc.), reduzindo-os \u00e0 sua forma correta e universalmente aceita\" \/>\n<meta name=\"robots\" content=\"index, follow, max-snippet:-1, max-image-preview:large, max-video-preview:-1\" \/>\n<link rel=\"canonical\" href=\"https:\/\/www.egon.com\/pt\/solucoes\/normalizacao-de-dados-pessoais\" \/>\n<meta property=\"og:locale\" content=\"pt_PT\" \/>\n<meta property=\"og:type\" content=\"article\" \/>\n<meta property=\"og:title\" content=\"Normaliza\u00e7\u00e3o de dados pessoais com o software Egon\" \/>\n<meta property=\"og:description\" content=\"Egon \u00e9 um pacote software para a normaliza\u00e7\u00e3o de dados pessoais internacionais (nomes, c\u00f3digos, t\u00edtulos, telefones, etc.), reduzindo-os \u00e0 sua forma correta e universalmente aceita\" \/>\n<meta property=\"og:url\" content=\"https:\/\/www.egon.com\/pt\/solucoes\/normalizacao-de-dados-pessoais\" \/>\n<meta property=\"og:site_name\" content=\"Egon\" \/>\n<meta property=\"article:modified_time\" content=\"2021-02-15T11:28:53+00:00\" \/>\n<meta name=\"twitter:card\" content=\"summary_large_image\" \/>\n<meta name=\"twitter:label1\" content=\"Est. reading time\" \/>\n\t<meta name=\"twitter:data1\" content=\"3 minutes\" \/>\n<script type=\"application\/ld+json\" class=\"yoast-schema-graph\">{\"@context\":\"https:\/\/schema.org\",\"@graph\":[{\"@type\":\"WebPage\",\"@id\":\"https:\/\/www.egon.com\/pt\/solucoes\/normalizacao-de-dados-pessoais\",\"url\":\"https:\/\/www.egon.com\/pt\/solucoes\/normalizacao-de-dados-pessoais\",\"name\":\"Normaliza\u00e7\u00e3o de dados pessoais com o software Egon\",\"isPartOf\":{\"@id\":\"https:\/\/www.egon.com\/zh\/#website\"},\"datePublished\":\"2017-09-19T13:06:33+00:00\",\"dateModified\":\"2021-02-15T11:28:53+00:00\",\"description\":\"Egon \u00e9 um pacote software para a normaliza\u00e7\u00e3o de dados pessoais internacionais (nomes, c\u00f3digos, t\u00edtulos, telefones, etc.), reduzindo-os \u00e0 sua forma correta e universalmente aceita\",\"breadcrumb\":{\"@id\":\"https:\/\/www.egon.com\/pt\/solucoes\/normalizacao-de-dados-pessoais#breadcrumb\"},\"inLanguage\":\"pt\",\"potentialAction\":[{\"@type\":\"ReadAction\",\"target\":[\"https:\/\/www.egon.com\/pt\/solucoes\/normalizacao-de-dados-pessoais\"]}]},{\"@type\":\"BreadcrumbList\",\"@id\":\"https:\/\/www.egon.com\/pt\/solucoes\/normalizacao-de-dados-pessoais#breadcrumb\",\"itemListElement\":[{\"@type\":\"ListItem\",\"position\":1,\"name\":\"Home\",\"item\":\"https:\/\/www.egon.com\/pt\"},{\"@type\":\"ListItem\",\"position\":2,\"name\":\"Solu\u00e7\u00f5es\",\"item\":\"https:\/\/www.egon.com\/pt\/solucoes\"},{\"@type\":\"ListItem\",\"position\":3,\"name\":\"Normaliza\u00e7\u00e3o de dados pessoais\"}]},{\"@type\":\"WebSite\",\"@id\":\"https:\/\/www.egon.com\/zh\/#website\",\"url\":\"https:\/\/www.egon.com\/zh\/\",\"name\":\"Egon\",\"description\":\"Normalizzazione indirizzi - Address validation - Egon.com\",\"potentialAction\":[{\"@type\":\"SearchAction\",\"target\":{\"@type\":\"EntryPoint\",\"urlTemplate\":\"https:\/\/www.egon.com\/zh\/?s={search_term_string}\"},\"query-input\":{\"@type\":\"PropertyValueSpecification\",\"valueRequired\":true,\"valueName\":\"search_term_string\"}}],\"inLanguage\":\"pt\"}]}<\/script>\n<!-- \/ Yoast SEO plugin. -->","yoast_head_json":{"title":"Normaliza\u00e7\u00e3o de dados pessoais com o software Egon","description":"Egon \u00e9 um pacote software para a normaliza\u00e7\u00e3o de dados pessoais internacionais (nomes, c\u00f3digos, t\u00edtulos, telefones, etc.), reduzindo-os \u00e0 sua forma correta e universalmente aceita","robots":{"index":"index","follow":"follow","max-snippet":"max-snippet:-1","max-image-preview":"max-image-preview:large","max-video-preview":"max-video-preview:-1"},"canonical":"https:\/\/www.egon.com\/pt\/solucoes\/normalizacao-de-dados-pessoais","og_locale":"pt_PT","og_type":"article","og_title":"Normaliza\u00e7\u00e3o de dados pessoais com o software Egon","og_description":"Egon \u00e9 um pacote software para a normaliza\u00e7\u00e3o de dados pessoais internacionais (nomes, c\u00f3digos, t\u00edtulos, telefones, etc.), reduzindo-os \u00e0 sua forma correta e universalmente aceita","og_url":"https:\/\/www.egon.com\/pt\/solucoes\/normalizacao-de-dados-pessoais","og_site_name":"Egon","article_modified_time":"2021-02-15T11:28:53+00:00","twitter_card":"summary_large_image","twitter_misc":{"Est. reading time":"3 minutes"},"schema":{"@context":"https:\/\/schema.org","@graph":[{"@type":"WebPage","@id":"https:\/\/www.egon.com\/pt\/solucoes\/normalizacao-de-dados-pessoais","url":"https:\/\/www.egon.com\/pt\/solucoes\/normalizacao-de-dados-pessoais","name":"Normaliza\u00e7\u00e3o de dados pessoais com o software Egon","isPartOf":{"@id":"https:\/\/www.egon.com\/zh\/#website"},"datePublished":"2017-09-19T13:06:33+00:00","dateModified":"2021-02-15T11:28:53+00:00","description":"Egon \u00e9 um pacote software para a normaliza\u00e7\u00e3o de dados pessoais internacionais (nomes, c\u00f3digos, t\u00edtulos, telefones, etc.), reduzindo-os \u00e0 sua forma correta e universalmente aceita","breadcrumb":{"@id":"https:\/\/www.egon.com\/pt\/solucoes\/normalizacao-de-dados-pessoais#breadcrumb"},"inLanguage":"pt","potentialAction":[{"@type":"ReadAction","target":["https:\/\/www.egon.com\/pt\/solucoes\/normalizacao-de-dados-pessoais"]}]},{"@type":"BreadcrumbList","@id":"https:\/\/www.egon.com\/pt\/solucoes\/normalizacao-de-dados-pessoais#breadcrumb","itemListElement":[{"@type":"ListItem","position":1,"name":"Home","item":"https:\/\/www.egon.com\/pt"},{"@type":"ListItem","position":2,"name":"Solu\u00e7\u00f5es","item":"https:\/\/www.egon.com\/pt\/solucoes"},{"@type":"ListItem","position":3,"name":"Normaliza\u00e7\u00e3o de dados pessoais"}]},{"@type":"WebSite","@id":"https:\/\/www.egon.com\/zh\/#website","url":"https:\/\/www.egon.com\/zh\/","name":"Egon","description":"Normalizzazione indirizzi - Address validation - Egon.com","potentialAction":[{"@type":"SearchAction","target":{"@type":"EntryPoint","urlTemplate":"https:\/\/www.egon.com\/zh\/?s={search_term_string}"},"query-input":{"@type":"PropertyValueSpecification","valueRequired":true,"valueName":"search_term_string"}}],"inLanguage":"pt"}]}},"_links":{"self":[{"href":"https:\/\/www.egon.com\/pt\/wp-json\/wp\/v2\/pages\/16202","targetHints":{"allow":["GET"]}}],"collection":[{"href":"https:\/\/www.egon.com\/pt\/wp-json\/wp\/v2\/pages"}],"about":[{"href":"https:\/\/www.egon.com\/pt\/wp-json\/wp\/v2\/types\/page"}],"author":[{"embeddable":true,"href":"https:\/\/www.egon.com\/pt\/wp-json\/wp\/v2\/users\/1"}],"replies":[{"embeddable":true,"href":"https:\/\/www.egon.com\/pt\/wp-json\/wp\/v2\/comments?post=16202"}],"version-history":[{"count":2,"href":"https:\/\/www.egon.com\/pt\/wp-json\/wp\/v2\/pages\/16202\/revisions"}],"predecessor-version":[{"id":17946,"href":"https:\/\/www.egon.com\/pt\/wp-json\/wp\/v2\/pages\/16202\/revisions\/17946"}],"up":[{"embeddable":true,"href":"https:\/\/www.egon.com\/pt\/wp-json\/wp\/v2\/pages\/16211"}],"wp:attachment":[{"href":"https:\/\/www.egon.com\/pt\/wp-json\/wp\/v2\/media?parent=16202"}],"curies":[{"name":"wp","href":"https:\/\/api.w.org\/{rel}","templated":true}]}}