{"id":16201,"date":"2017-09-19T13:13:43","date_gmt":"2017-09-19T13:13:43","guid":{"rendered":"https:\/\/www.egon.com\/aplicacoes"},"modified":"2019-02-20T10:47:27","modified_gmt":"2019-02-20T10:47:27","slug":"aplicacoes","status":"publish","type":"page","link":"https:\/\/www.egon.com\/pt\/aplicacoes","title":{"rendered":"Applications"},"content":{"rendered":"[vc_row row_h_align=&#8221;grid&#8211;center&#8221; wrapper=&#8221;true&#8221; holder_class=&#8221;u-section-hero-applications u-overlapped-hero-padding&#8221; holder_set_margin=&#8221;true&#8221; holder_margin=&#8221;u-margin-bottom-large&#8221;][vc_column row_width=&#8221;_desktop-9&#8243;][vc_column_text]\n<h3 class=\"u-text-large\">Aplica\u00e7\u00f5es valida\u00e7\u00e3o de endere\u00e7os para ambientes profissionais<\/h3>\n<p class=\"u-text-thinner u-h3\">Validar, desduplicar e manter dados de endere\u00e7o precisos e dispon\u00edveis.<\/p>\n[\/vc_column_text]<a class=\"c-button u-margin-bottom c-button--primary\" href=\"https:\/\/www.egon.com\/company\/contact-us\">SOLICITAR INFORMA\u00c7\u00d5ES<\/a><a class=\"c-button u-margin-right u-margin-bottom u-margin-left c-button--secondary\" href=\"https:\/\/www.egon.com\/egon-demo\">DEMONSTRA\u00c7\u00c3O WEB GRATUITA <\/a>[vc_column_text]\n<ul>\n<li><em>Verifica\u00e7\u00e3o por lotes de bancos de dados contendo at\u00e9 milhares de endere\u00e7os e dados de contato<\/em><\/li>\n<li><em>Verifica\u00e7\u00e3o em tempo real com sugest\u00e3o e autocomplemento em seu site ou aplicativo<\/em><\/li>\n<li><em>Translitera\u00e7\u00e3o e formata\u00e7\u00e3o postal, pronto para despachar<\/em><\/li>\n<\/ul>\n[\/vc_column_text][\/vc_column][\/vc_row][vc_row wrapper=&#8221;true&#8221;][vc_column width=&#8221;2\/3&#8243;][vc_column_text]<span>Customer Relationship Management (CRM):\u00a0<\/span>suporte para aplicativos CRM com a finalidade de otimizar as opera\u00e7\u00f5es promocionais.<\/p>\n<p><span>Data Warehousing:\u00a0<\/span>alida\u00e7\u00e3o e integra\u00e7\u00e3o de dados provenientes de fontes diversas, garantindo a qualidade, a precis\u00e3o e a univocidade das informa\u00e7\u00f5es, assim como a sua atualiza\u00e7\u00e3o constante.<\/p>\n<p><span>Migra\u00e7\u00f5es<\/span>: simplifica a migra\u00e7\u00e3o para \u201cnovos sistemas\u201d mediante instrumentos din\u00e2micos de aquisi\u00e7\u00e3o, controle, tratamento e convers\u00e3o das informa\u00e7\u00f5es.<\/p>\n<p><span>Sistema integrado de gest\u00e3o empresarial (ERP):<\/span>\u00a0suporte \u00e0 gest\u00e3o de dados diretamente com aplica\u00e7\u00f5es de ERP.<\/p>\n<p><span>E-Business:\u00a0<\/span>uporte para projetos de e-business e aplica\u00e7\u00f5es baseadas na rede com a finalidade de filtrar erros diretamente durante a fase de registro dos usu\u00e1rios.<\/p>\n<p><span>Postagem:\u00a0<\/span>suporte para campanhas de postagem, com a finalidade de otimizar a efic\u00e1cia das expedi\u00e7\u00f5es, identificar \u00e1reas ou sujeitos indesej\u00e1veis (avalia\u00e7\u00e3o), preparar e ordenar os dados segundo as regras exigidas (formata\u00e7\u00e3o), garantir a entrega em breve prazo.<\/p>\n<p><span>Campanhas de Marketing Direto:\u00a0<\/span>durante as atividades de Marketing Direto, a qualidade de dados fornecidos pelos clientes frequentemente \u00e9 baixa. Normalizar as listas antes de iniciar a campanha evita o retorno das expedi\u00e7\u00f5es e elimina os gastos de reenvio das comunica\u00e7\u00f5es, que muitas vezes s\u00e3o altos. Al\u00e9m disso, reduz significativamente os prazos e os custos gerais de gest\u00e3o.<\/p>\n<p><span>Centrais de Atendimento:<\/span>\u00a0os operadores de centrais de atendimento est\u00e3o sempre sujeitos \u00e0 press\u00e3o do tempo, mas a qualidade e a precis\u00e3o das informa\u00e7\u00f5es s\u00e3o fundamentais. Verificar os dados fornecidos pelos operadores de centrais de atendimento, em modo autom\u00e1tico, permite limitar ao m\u00e1ximo os erros e otimizar os prazos e os custos.<\/p>\n<p><span>Portais web:\u00a0<\/span>os dados provenientes da Internet, inseridos pelos pr\u00f3prios clientes ou potenciais clientes, muitas vezes cont\u00eam erros ou s\u00e3o pouco confi\u00e1veis. O servi\u00e7o de normaliza\u00e7\u00e3o, associado ao registro dos usu\u00e1rios do site, garante uma melhor qualidade e precis\u00e3o das preciosas informa\u00e7\u00f5es recolhidas.<\/p>\n<p><span>Entrada de dados:\u00a0<\/span>quando os dados s\u00e3o recolhidos em centros de elabora\u00e7\u00e3o externos, ou em outros contextos, por pessoal n\u00e3o especializado, fornecer assist\u00eancia ao preenchimento dos dados adquiridos \u00e9 a chave para garantir a qualidade de dados e a redu\u00e7\u00e3o dos erros.<\/p>\n<p><span>Editora\u00e7\u00e3o:\u00a0<\/span>as empresas que enviam cat\u00e1logos ou folhetos de produtos pelo correio conhecem, por experi\u00eancia pr\u00f3pria, o esfor\u00e7o necess\u00e1rio para a gest\u00e3o cont\u00ednua de entregas n\u00e3o realizadas e para a verifica\u00e7\u00e3o posterior de cada endere\u00e7o. O sistema de normaliza\u00e7\u00e3o jPuzzle fornece uma solu\u00e7\u00e3o \u00fanica para toda a gama de problemas ligados a estes tipos de registro. Por exemplo, modifica\u00e7\u00f5es de CEPs, que s\u00e3o realizadas de forma autom\u00e1tica, mesmo em caso de endere\u00e7os obsoletos.[\/vc_column_text][\/vc_column][vc_column width=&#8221;1\/3&#8243;]<div class=\"templatera_shortcode\"><div class=\"grid-1\"><div class=\"col _lap-and-up-12\" ><div class=\"c-cta c-cta--style-one\"><a href=\"https:\/\/www.egon.com\/egon-demo\" class=\"c-cta__link\"><div class=\"c-cta__content\"><div class=\"c-cta__label-one\">DEMONSTRA\u00c7\u00c3O ON-LINE GRATUITA<\/div><div class=\"c-cta__label-two\">Experimente a sua Demonstra\u00e7\u00e3o Gratuita agora via Web!<\/div><span class=\"c-button c-button--center c-button--white c-cta__button\">Experimente a sua<\/span><\/div><?xml version=\"1.0\" encoding=\"utf-8\"?>\r\n\t<svg class=\"c-cta__symbol\" xmlns=\"http:\/\/www.w3.org\/2000\/svg\" width=\"487\" height=\"487\" viewBox=\"0 0 487 487\">\r\n\t\t<path fill=\"none\" fill-rule=\"evenodd\" stroke=\"#FFF\" stroke-dasharray=\"2,5\" d=\"M243.5 1C109.789 1 1 109.783 1 243.5 1 377.217 109.789 486 243.5 486 377.21 486 486 377.217 486 243.5 486 109.783 377.21 1 243.5 1zM24.68 255.048h92.092c.783 33.126 4.86 64.271 11.692 92.38H50.342c-14.988-27.744-23.918-59.122-25.662-92.38zm230.368-138.572V25.617c29.453 7.246 55.552 41.763 72.447 90.86h-72.447zm79.523 23.095c7.316 27.895 11.708 59.33 12.571 92.381h-92.094v-92.38h79.523zM231.952 25.617v90.86h-72.447c16.895-49.097 42.994-83.614 72.447-90.86zm0 113.954v92.381h-92.094c.862-33.05 5.255-64.486 12.57-92.38h79.524zm-115.18 92.381H24.68c1.744-33.258 10.674-64.636 25.662-92.38h78.122c-6.832 28.109-10.91 59.254-11.692 92.38zm23.086 23.096h92.094v92.38h-79.524c-7.315-27.894-11.708-59.33-12.57-92.38zm92.094 115.476v90.859c-29.453-7.246-55.552-41.763-72.447-90.86h72.447zm23.096 90.859v-90.86h72.447c-16.895 49.097-42.994 83.614-72.447 90.86zm0-113.954v-92.381h92.094c-.863 33.05-5.255 64.486-12.57 92.38h-79.524zm115.18-92.381h92.091c-1.744 33.258-10.673 64.636-25.661 92.38h-78.122c6.832-28.109 10.909-59.254 11.692-92.38zm0-23.096c-.783-33.126-4.86-64.271-11.692-92.38h78.122c14.988 27.744 23.917 59.122 25.661 92.38h-92.091zm51.834-115.476h-69.968c-10.85-34.233-25.98-62.62-44.145-82.687 46.56 14.34 86.422 43.878 114.113 82.687zM179.05 33.79c-18.164 20.067-33.295 48.454-44.144 82.687H64.938C92.629 77.667 132.49 48.128 179.05 33.79zM64.938 370.524h69.968c10.849 34.233 25.98 62.62 44.144 82.687-46.56-14.34-86.421-43.878-114.112-82.687zm243.011 82.687c18.165-20.067 33.296-48.454 44.145-82.687h69.968c-27.691 38.809-67.553 68.348-114.113 82.687z\" opacity=\".9\"\/>\r\n\t<\/svg><\/a><\/div><\/div>\n<\/div><div class=\"grid-1\"><div class=\"col _lap-and-up-12\" ><div class=\"c-lbox c-lbox--style-one\"><a href=\"https:\/\/www.egon.com\/web-in-the-cloud\" class=\"c-lbox__link\"><div class=\"c-lbox__content\"><div class=\"c-lbox__label-one\">Egon Web<\/div><div class=\"c-lbox__label-two\">NA NUVEM<\/div><\/div><?xml version=\"1.0\" encoding=\"UTF-8\"?>\r\n\t<svg class=\"c-lbox__arrow\" width=\"11px\" height=\"25px\" viewBox=\"0 0 11 25\" version=\"1.1\" xmlns=\"http:\/\/www.w3.org\/2000\/svg\" xmlns:xlink=\"http:\/\/www.w3.org\/1999\/xlink\">\r\n\t\t<g id=\"Page-1\" stroke=\"none\" stroke-width=\"1\" fill=\"none\" fill-rule=\"evenodd\" stroke-linecap=\"round\" stroke-linejoin=\"round\">\r\n\t\t\t<g id=\"Egon-Batch-Sidebar\" class=\"line\" transform=\"translate(-1337.000000, -463.000000)\" stroke=\"#42CFF4\">\r\n\t\t\t\t<polyline id=\"Path\" points=\"1338.1 463.1 1346.9 475.2 1338.1 487.3\"><\/polyline>\r\n\t\t\t<\/g>\r\n\t\t<\/g>\r\n\t<\/svg><\/a><\/div><div class=\"c-lbox c-lbox--style-two\"><a href=\"https:\/\/www.egon.com\/on-site-on-premises\" class=\"c-lbox__link\"><div class=\"c-lbox__content\"><div class=\"c-lbox__label-one\">Egon OnSite<\/div><div class=\"c-lbox__label-two\">ON PREMISES<\/div><\/div><?xml version=\"1.0\" encoding=\"UTF-8\"?>\r\n\t<svg class=\"c-lbox__arrow\" width=\"11px\" height=\"25px\" viewBox=\"0 0 11 25\" version=\"1.1\" xmlns=\"http:\/\/www.w3.org\/2000\/svg\" xmlns:xlink=\"http:\/\/www.w3.org\/1999\/xlink\">\r\n\t\t<g id=\"Page-1\" stroke=\"none\" stroke-width=\"1\" fill=\"none\" fill-rule=\"evenodd\" stroke-linecap=\"round\" stroke-linejoin=\"round\">\r\n\t\t\t<g id=\"Egon-Batch-Sidebar\" class=\"line\" transform=\"translate(-1337.000000, -463.000000)\" stroke=\"#42CFF4\">\r\n\t\t\t\t<polyline id=\"Path\" points=\"1338.1 463.1 1346.9 475.2 1338.1 487.3\"><\/polyline>\r\n\t\t\t<\/g>\r\n\t\t<\/g>\r\n\t<\/svg><\/a><\/div><\/div>\n<\/div>\r\n<\/div>[\/vc_column][\/vc_row]\n","protected":false},"excerpt":{"rendered":"DEMONSTRA\u00c7\u00c3O ON-LINE GRATUITAExperimente a sua Demonstra\u00e7\u00e3o Gratuita agora via Web!Experimente a sua Egon WebNA NUVEM Egon OnSiteON PREMISES","protected":false},"author":1,"featured_media":0,"parent":0,"menu_order":0,"comment_status":"closed","ping_status":"closed","template":"templates\/template-fullwidth.php","meta":{"footnotes":""},"class_list":["post-16201","page","type-page","status-publish","hentry"],"yoast_head":"<!-- This site is optimized with the Yoast SEO plugin v26.8 - https:\/\/yoast.com\/product\/yoast-seo-wordpress\/ -->\n<title>Aplica\u00e7\u00f5es valida\u00e7\u00e3o de endere\u00e7os para ambientes profissionais<\/title>\n<meta name=\"description\" content=\"Setores profissionais de aplica\u00e7\u00e3o do nosso software para a normaliza\u00e7\u00e3o e a geocodifica\u00e7\u00e3o | Egon\" \/>\n<meta name=\"robots\" content=\"index, follow, max-snippet:-1, max-image-preview:large, max-video-preview:-1\" \/>\n<link rel=\"canonical\" href=\"https:\/\/www.egon.com\/pt\/aplicacoes\" \/>\n<meta property=\"og:locale\" content=\"pt_PT\" \/>\n<meta property=\"og:type\" content=\"article\" \/>\n<meta property=\"og:title\" content=\"Aplica\u00e7\u00f5es valida\u00e7\u00e3o de endere\u00e7os para ambientes profissionais\" \/>\n<meta property=\"og:description\" content=\"Setores profissionais de aplica\u00e7\u00e3o do nosso software para a normaliza\u00e7\u00e3o e a geocodifica\u00e7\u00e3o | Egon\" \/>\n<meta property=\"og:url\" content=\"https:\/\/www.egon.com\/pt\/aplicacoes\" \/>\n<meta property=\"og:site_name\" content=\"Egon\" \/>\n<meta property=\"article:modified_time\" content=\"2019-02-20T10:47:27+00:00\" \/>\n<meta name=\"twitter:card\" content=\"summary_large_image\" \/>\n<meta name=\"twitter:label1\" content=\"Est. reading time\" \/>\n\t<meta name=\"twitter:data1\" content=\"3 minutes\" \/>\n<script type=\"application\/ld+json\" class=\"yoast-schema-graph\">{\"@context\":\"https:\/\/schema.org\",\"@graph\":[{\"@type\":\"WebPage\",\"@id\":\"https:\/\/www.egon.com\/pt\/aplicacoes\",\"url\":\"https:\/\/www.egon.com\/pt\/aplicacoes\",\"name\":\"Aplica\u00e7\u00f5es valida\u00e7\u00e3o de endere\u00e7os para ambientes profissionais\",\"isPartOf\":{\"@id\":\"https:\/\/www.egon.com\/zh\/#website\"},\"datePublished\":\"2017-09-19T13:13:43+00:00\",\"dateModified\":\"2019-02-20T10:47:27+00:00\",\"description\":\"Setores profissionais de aplica\u00e7\u00e3o do nosso software para a normaliza\u00e7\u00e3o e a geocodifica\u00e7\u00e3o | Egon\",\"breadcrumb\":{\"@id\":\"https:\/\/www.egon.com\/pt\/aplicacoes#breadcrumb\"},\"inLanguage\":\"pt\",\"potentialAction\":[{\"@type\":\"ReadAction\",\"target\":[\"https:\/\/www.egon.com\/pt\/aplicacoes\"]}]},{\"@type\":\"BreadcrumbList\",\"@id\":\"https:\/\/www.egon.com\/pt\/aplicacoes#breadcrumb\",\"itemListElement\":[{\"@type\":\"ListItem\",\"position\":1,\"name\":\"Home\",\"item\":\"https:\/\/www.egon.com\/pt\"},{\"@type\":\"ListItem\",\"position\":2,\"name\":\"Applications\"}]},{\"@type\":\"WebSite\",\"@id\":\"https:\/\/www.egon.com\/zh\/#website\",\"url\":\"https:\/\/www.egon.com\/zh\/\",\"name\":\"Egon\",\"description\":\"Normalizzazione indirizzi - Address validation - Egon.com\",\"potentialAction\":[{\"@type\":\"SearchAction\",\"target\":{\"@type\":\"EntryPoint\",\"urlTemplate\":\"https:\/\/www.egon.com\/zh\/?s={search_term_string}\"},\"query-input\":{\"@type\":\"PropertyValueSpecification\",\"valueRequired\":true,\"valueName\":\"search_term_string\"}}],\"inLanguage\":\"pt\"}]}<\/script>\n<!-- \/ Yoast SEO plugin. -->","yoast_head_json":{"title":"Aplica\u00e7\u00f5es valida\u00e7\u00e3o de endere\u00e7os para ambientes profissionais","description":"Setores profissionais de aplica\u00e7\u00e3o do nosso software para a normaliza\u00e7\u00e3o e a geocodifica\u00e7\u00e3o | Egon","robots":{"index":"index","follow":"follow","max-snippet":"max-snippet:-1","max-image-preview":"max-image-preview:large","max-video-preview":"max-video-preview:-1"},"canonical":"https:\/\/www.egon.com\/pt\/aplicacoes","og_locale":"pt_PT","og_type":"article","og_title":"Aplica\u00e7\u00f5es valida\u00e7\u00e3o de endere\u00e7os para ambientes profissionais","og_description":"Setores profissionais de aplica\u00e7\u00e3o do nosso software para a normaliza\u00e7\u00e3o e a geocodifica\u00e7\u00e3o | Egon","og_url":"https:\/\/www.egon.com\/pt\/aplicacoes","og_site_name":"Egon","article_modified_time":"2019-02-20T10:47:27+00:00","twitter_card":"summary_large_image","twitter_misc":{"Est. reading time":"3 minutes"},"schema":{"@context":"https:\/\/schema.org","@graph":[{"@type":"WebPage","@id":"https:\/\/www.egon.com\/pt\/aplicacoes","url":"https:\/\/www.egon.com\/pt\/aplicacoes","name":"Aplica\u00e7\u00f5es valida\u00e7\u00e3o de endere\u00e7os para ambientes profissionais","isPartOf":{"@id":"https:\/\/www.egon.com\/zh\/#website"},"datePublished":"2017-09-19T13:13:43+00:00","dateModified":"2019-02-20T10:47:27+00:00","description":"Setores profissionais de aplica\u00e7\u00e3o do nosso software para a normaliza\u00e7\u00e3o e a geocodifica\u00e7\u00e3o | Egon","breadcrumb":{"@id":"https:\/\/www.egon.com\/pt\/aplicacoes#breadcrumb"},"inLanguage":"pt","potentialAction":[{"@type":"ReadAction","target":["https:\/\/www.egon.com\/pt\/aplicacoes"]}]},{"@type":"BreadcrumbList","@id":"https:\/\/www.egon.com\/pt\/aplicacoes#breadcrumb","itemListElement":[{"@type":"ListItem","position":1,"name":"Home","item":"https:\/\/www.egon.com\/pt"},{"@type":"ListItem","position":2,"name":"Applications"}]},{"@type":"WebSite","@id":"https:\/\/www.egon.com\/zh\/#website","url":"https:\/\/www.egon.com\/zh\/","name":"Egon","description":"Normalizzazione indirizzi - Address validation - Egon.com","potentialAction":[{"@type":"SearchAction","target":{"@type":"EntryPoint","urlTemplate":"https:\/\/www.egon.com\/zh\/?s={search_term_string}"},"query-input":{"@type":"PropertyValueSpecification","valueRequired":true,"valueName":"search_term_string"}}],"inLanguage":"pt"}]}},"_links":{"self":[{"href":"https:\/\/www.egon.com\/pt\/wp-json\/wp\/v2\/pages\/16201","targetHints":{"allow":["GET"]}}],"collection":[{"href":"https:\/\/www.egon.com\/pt\/wp-json\/wp\/v2\/pages"}],"about":[{"href":"https:\/\/www.egon.com\/pt\/wp-json\/wp\/v2\/types\/page"}],"author":[{"embeddable":true,"href":"https:\/\/www.egon.com\/pt\/wp-json\/wp\/v2\/users\/1"}],"replies":[{"embeddable":true,"href":"https:\/\/www.egon.com\/pt\/wp-json\/wp\/v2\/comments?post=16201"}],"version-history":[{"count":0,"href":"https:\/\/www.egon.com\/pt\/wp-json\/wp\/v2\/pages\/16201\/revisions"}],"wp:attachment":[{"href":"https:\/\/www.egon.com\/pt\/wp-json\/wp\/v2\/media?parent=16201"}],"curies":[{"name":"wp","href":"https:\/\/api.w.org\/{rel}","templated":true}]}}