{"id":16197,"date":"2017-09-19T13:29:00","date_gmt":"2017-09-19T13:29:00","guid":{"rendered":"https:\/\/www.egon.com\/data-warehouse"},"modified":"2017-09-19T13:29:00","modified_gmt":"2017-09-19T13:29:00","slug":"data-warehouse","status":"publish","type":"page","link":"https:\/\/www.egon.com\/pt\/aplicacoes\/data-warehouse","title":{"rendered":"Data warehouse: dos dados \u00e0s informa\u00e7\u00f5es"},"content":{"rendered":"<p>Muitas empresas possuem dados distintos sobre os pr\u00f3prios clientes, distribu\u00eddos em diferentes banco de dados, \u00e0s vezes utilizados por aplicativos software diversos e que n\u00e3o comunicam entre si. Transformar estes dados em informa\u00e7\u00f5es a 360\u00b0 significa analis\u00e1-los profundamente para poder reconhecer suas conex\u00f5es e integr\u00e1-los quando se referem aos mesmos clientes.<\/p>\n<p><img loading=\"lazy\" decoding=\"async\" class=\"alignnone wp-image-9440 size-wps_child_blog\" src=\"https:\/\/www.egon.com\/wp-content\/uploads\/2017\/09\/servicos-data-warehouse-820x400.jpg\" alt=\"Servi\u00e7os Data warehouse\" width=\"820\" height=\"400\" srcset=\"https:\/\/www.egon.com\/wp-content\/uploads\/2017\/09\/servicos-data-warehouse-820x400.jpg 820w, https:\/\/www.egon.com\/wp-content\/uploads\/2017\/09\/servicos-data-warehouse-400x194.jpg 400w\" sizes=\"auto, (max-width: 820px) 100vw, 820px\" \/><\/p>\n<p>Fala-se de entidade \u00fanica ou<span> vis\u00e3o \u00fanica do cliente<\/span> (<span>Single view of customer<\/span>), o que significa a <span>fus\u00e3o em um \u00fanico banco de dados mestre<\/span> dos dados analisados e recolhidos atrav\u00e9s de fontes distintas e incoerentes entre si. Obter uma <span>vis\u00e3o completa e integrada de cada cliente<\/span> permite compreender da melhor maneira o tipo de comportamento do cliente, os interesses passados e a sua varia\u00e7\u00e3o com o passar do tempo, uma vantagem indiscut\u00edvel para a cria\u00e7\u00e3o de perfis e para as atividades futuras de marketing<\/p>\n<h3><span>PRINCIPAIS VANTAGENS DE UM DATA WAREHOUSE:<\/span><\/h3>\n<p>Facilita a prepara\u00e7\u00e3o de relat\u00f3rios detalhados.<\/p>\n<ul>\n<li>Proporciona um instrumento de confian\u00e7a para o <span>processo de tomada de decis\u00e3o<\/span> em todas as \u00e1reas da empresa, baseado em informa\u00e7\u00f5es integradas.<\/li>\n<li>Facilita a aplica\u00e7\u00e3o de t\u00e9cnicas <span>estat\u00edsticas e an\u00e1lises<\/span> para identificar rela\u00e7\u00f5es \u00e0 primeira vista ocultas.<\/li>\n<li>Suporta a an\u00e1lise de situa\u00e7\u00f5es passadas e, portanto, a preven\u00e7\u00e3o e a <span>an\u00e1lise estrat\u00e9gica de cen\u00e1rios futuros<\/span>.<\/li>\n<li>Facilita a implementa\u00e7\u00e3o na empresa de <span>sistemas de gest\u00e3o integrada do relacionamento com o cliente<\/span>.<\/li>\n<li>Facilita a prepara\u00e7\u00e3o de <span>relat\u00f3rios detalhados<\/span>.<\/li>\n<\/ul>\n<h3>MIGRA\u00c7\u00c3O PARA NOVOS SISTEMAS<\/h3>\n<p>A realiza\u00e7\u00e3o de <span>arquivos de dados un\u00edvocos e coerentes<\/span> simplifica enormemente a <span>migra\u00e7\u00e3o para \u201cnovos sistemas\u201d<\/span>, aspecto cr\u00edtico para qualquer empresa quando \u00e9 necess\u00e1rio substituir os pr\u00f3prios programas administrativos e aplicativos. \u00a0Atrav\u00e9s de instrumentos din\u00e2micos de aquisi\u00e7\u00e3o, controle, tratamento e convers\u00e3o das informa\u00e7\u00f5es, \u00e9 poss\u00edvel n\u00e3o apenas realizar a passagem sem perda de dados e de forma indolor, como tamb\u00e9m aproveitar o momento da migra\u00e7\u00e3o para limpar e normalizar os pr\u00f3prios dados, integrando eventuais informa\u00e7\u00f5es repetidas que se referem a entidades \u00fanicas.Com <span>Egon<\/span> o cliente pode estar certo que estas opera\u00e7\u00f5es ser\u00e3o realizadas com facilidade e que <span>toda a manuten\u00e7\u00e3o do seu data warehouse ser\u00e1 simples e segura.<\/span><\/p>\n<p>&nbsp;<\/p>\n","protected":false},"excerpt":{"rendered":"<p>Muitas empresas possuem dados distintos sobre os pr\u00f3prios clientes, distribu\u00eddos em diferentes banco de dados, \u00e0s vezes utilizados por aplicativos software diversos [&hellip;]<\/p>\n","protected":false},"author":1,"featured_media":0,"parent":16201,"menu_order":0,"comment_status":"closed","ping_status":"closed","template":"","meta":{"footnotes":""},"class_list":["post-16197","page","type-page","status-publish","hentry"],"yoast_head":"<!-- This site is optimized with the Yoast SEO plugin v26.8 - https:\/\/yoast.com\/product\/yoast-seo-wordpress\/ -->\n<title>Servi\u00e7os Data warehouse: integrando dados em poucos cliques!<\/title>\n<meta name=\"description\" content=\"Fornecemos servi\u00e7os data warehouse para normalizar os bancos de dados da empresa e simplificar poss\u00edveis migra\u00e7\u00f5es para novos sistemas: Teste a Demo!\" \/>\n<meta name=\"robots\" content=\"index, follow, max-snippet:-1, max-image-preview:large, max-video-preview:-1\" \/>\n<link rel=\"canonical\" href=\"https:\/\/www.egon.com\/pt\/aplicacoes\/data-warehouse\" \/>\n<meta property=\"og:locale\" content=\"pt_PT\" \/>\n<meta property=\"og:type\" content=\"article\" \/>\n<meta property=\"og:title\" content=\"Servi\u00e7os Data warehouse: integrando dados em poucos cliques!\" \/>\n<meta property=\"og:description\" content=\"Fornecemos servi\u00e7os data warehouse para normalizar os bancos de dados da empresa e simplificar poss\u00edveis migra\u00e7\u00f5es para novos sistemas: Teste a Demo!\" \/>\n<meta property=\"og:url\" content=\"https:\/\/www.egon.com\/pt\/aplicacoes\/data-warehouse\" \/>\n<meta property=\"og:site_name\" content=\"Egon\" \/>\n<meta property=\"og:image\" content=\"https:\/\/www.egon.com\/wp-content\/uploads\/2017\/09\/servicos-data-warehouse-820x400.jpg\" \/>\n<meta name=\"twitter:card\" content=\"summary_large_image\" \/>\n<meta name=\"twitter:label1\" content=\"Est. reading time\" \/>\n\t<meta name=\"twitter:data1\" content=\"2 minutes\" \/>\n<script type=\"application\/ld+json\" class=\"yoast-schema-graph\">{\"@context\":\"https:\/\/schema.org\",\"@graph\":[{\"@type\":\"WebPage\",\"@id\":\"https:\/\/www.egon.com\/pt\/aplicacoes\/data-warehouse\",\"url\":\"https:\/\/www.egon.com\/pt\/aplicacoes\/data-warehouse\",\"name\":\"Servi\u00e7os Data warehouse: integrando dados em poucos cliques!\",\"isPartOf\":{\"@id\":\"https:\/\/www.egon.com\/zh\/#website\"},\"primaryImageOfPage\":{\"@id\":\"https:\/\/www.egon.com\/pt\/aplicacoes\/data-warehouse#primaryimage\"},\"image\":{\"@id\":\"https:\/\/www.egon.com\/pt\/aplicacoes\/data-warehouse#primaryimage\"},\"thumbnailUrl\":\"https:\/\/www.egon.com\/wp-content\/uploads\/2017\/09\/servicos-data-warehouse-820x400.jpg\",\"datePublished\":\"2017-09-19T13:29:00+00:00\",\"description\":\"Fornecemos servi\u00e7os data warehouse para normalizar os bancos de dados da empresa e simplificar poss\u00edveis migra\u00e7\u00f5es para novos sistemas: Teste a Demo!\",\"breadcrumb\":{\"@id\":\"https:\/\/www.egon.com\/pt\/aplicacoes\/data-warehouse#breadcrumb\"},\"inLanguage\":\"pt\",\"potentialAction\":[{\"@type\":\"ReadAction\",\"target\":[\"https:\/\/www.egon.com\/pt\/aplicacoes\/data-warehouse\"]}]},{\"@type\":\"ImageObject\",\"inLanguage\":\"pt\",\"@id\":\"https:\/\/www.egon.com\/pt\/aplicacoes\/data-warehouse#primaryimage\",\"url\":\"https:\/\/www.egon.com\/wp-content\/uploads\/2017\/09\/servicos-data-warehouse-820x400.jpg\",\"contentUrl\":\"https:\/\/www.egon.com\/wp-content\/uploads\/2017\/09\/servicos-data-warehouse-820x400.jpg\"},{\"@type\":\"BreadcrumbList\",\"@id\":\"https:\/\/www.egon.com\/pt\/aplicacoes\/data-warehouse#breadcrumb\",\"itemListElement\":[{\"@type\":\"ListItem\",\"position\":1,\"name\":\"Home\",\"item\":\"https:\/\/www.egon.com\/pt\"},{\"@type\":\"ListItem\",\"position\":2,\"name\":\"Applications\",\"item\":\"https:\/\/www.egon.com\/pt\/aplicacoes\"},{\"@type\":\"ListItem\",\"position\":3,\"name\":\"Data warehouse: dos dados \u00e0s informa\u00e7\u00f5es\"}]},{\"@type\":\"WebSite\",\"@id\":\"https:\/\/www.egon.com\/zh\/#website\",\"url\":\"https:\/\/www.egon.com\/zh\/\",\"name\":\"Egon\",\"description\":\"Normalizzazione indirizzi - Address validation - Egon.com\",\"potentialAction\":[{\"@type\":\"SearchAction\",\"target\":{\"@type\":\"EntryPoint\",\"urlTemplate\":\"https:\/\/www.egon.com\/zh\/?s={search_term_string}\"},\"query-input\":{\"@type\":\"PropertyValueSpecification\",\"valueRequired\":true,\"valueName\":\"search_term_string\"}}],\"inLanguage\":\"pt\"}]}<\/script>\n<!-- \/ Yoast SEO plugin. -->","yoast_head_json":{"title":"Servi\u00e7os Data warehouse: integrando dados em poucos cliques!","description":"Fornecemos servi\u00e7os data warehouse para normalizar os bancos de dados da empresa e simplificar poss\u00edveis migra\u00e7\u00f5es para novos sistemas: Teste a Demo!","robots":{"index":"index","follow":"follow","max-snippet":"max-snippet:-1","max-image-preview":"max-image-preview:large","max-video-preview":"max-video-preview:-1"},"canonical":"https:\/\/www.egon.com\/pt\/aplicacoes\/data-warehouse","og_locale":"pt_PT","og_type":"article","og_title":"Servi\u00e7os Data warehouse: integrando dados em poucos cliques!","og_description":"Fornecemos servi\u00e7os data warehouse para normalizar os bancos de dados da empresa e simplificar poss\u00edveis migra\u00e7\u00f5es para novos sistemas: Teste a Demo!","og_url":"https:\/\/www.egon.com\/pt\/aplicacoes\/data-warehouse","og_site_name":"Egon","og_image":[{"url":"https:\/\/www.egon.com\/wp-content\/uploads\/2017\/09\/servicos-data-warehouse-820x400.jpg","type":"","width":"","height":""}],"twitter_card":"summary_large_image","twitter_misc":{"Est. reading time":"2 minutes"},"schema":{"@context":"https:\/\/schema.org","@graph":[{"@type":"WebPage","@id":"https:\/\/www.egon.com\/pt\/aplicacoes\/data-warehouse","url":"https:\/\/www.egon.com\/pt\/aplicacoes\/data-warehouse","name":"Servi\u00e7os Data warehouse: integrando dados em poucos cliques!","isPartOf":{"@id":"https:\/\/www.egon.com\/zh\/#website"},"primaryImageOfPage":{"@id":"https:\/\/www.egon.com\/pt\/aplicacoes\/data-warehouse#primaryimage"},"image":{"@id":"https:\/\/www.egon.com\/pt\/aplicacoes\/data-warehouse#primaryimage"},"thumbnailUrl":"https:\/\/www.egon.com\/wp-content\/uploads\/2017\/09\/servicos-data-warehouse-820x400.jpg","datePublished":"2017-09-19T13:29:00+00:00","description":"Fornecemos servi\u00e7os data warehouse para normalizar os bancos de dados da empresa e simplificar poss\u00edveis migra\u00e7\u00f5es para novos sistemas: Teste a Demo!","breadcrumb":{"@id":"https:\/\/www.egon.com\/pt\/aplicacoes\/data-warehouse#breadcrumb"},"inLanguage":"pt","potentialAction":[{"@type":"ReadAction","target":["https:\/\/www.egon.com\/pt\/aplicacoes\/data-warehouse"]}]},{"@type":"ImageObject","inLanguage":"pt","@id":"https:\/\/www.egon.com\/pt\/aplicacoes\/data-warehouse#primaryimage","url":"https:\/\/www.egon.com\/wp-content\/uploads\/2017\/09\/servicos-data-warehouse-820x400.jpg","contentUrl":"https:\/\/www.egon.com\/wp-content\/uploads\/2017\/09\/servicos-data-warehouse-820x400.jpg"},{"@type":"BreadcrumbList","@id":"https:\/\/www.egon.com\/pt\/aplicacoes\/data-warehouse#breadcrumb","itemListElement":[{"@type":"ListItem","position":1,"name":"Home","item":"https:\/\/www.egon.com\/pt"},{"@type":"ListItem","position":2,"name":"Applications","item":"https:\/\/www.egon.com\/pt\/aplicacoes"},{"@type":"ListItem","position":3,"name":"Data warehouse: dos dados \u00e0s informa\u00e7\u00f5es"}]},{"@type":"WebSite","@id":"https:\/\/www.egon.com\/zh\/#website","url":"https:\/\/www.egon.com\/zh\/","name":"Egon","description":"Normalizzazione indirizzi - Address validation - Egon.com","potentialAction":[{"@type":"SearchAction","target":{"@type":"EntryPoint","urlTemplate":"https:\/\/www.egon.com\/zh\/?s={search_term_string}"},"query-input":{"@type":"PropertyValueSpecification","valueRequired":true,"valueName":"search_term_string"}}],"inLanguage":"pt"}]}},"_links":{"self":[{"href":"https:\/\/www.egon.com\/pt\/wp-json\/wp\/v2\/pages\/16197","targetHints":{"allow":["GET"]}}],"collection":[{"href":"https:\/\/www.egon.com\/pt\/wp-json\/wp\/v2\/pages"}],"about":[{"href":"https:\/\/www.egon.com\/pt\/wp-json\/wp\/v2\/types\/page"}],"author":[{"embeddable":true,"href":"https:\/\/www.egon.com\/pt\/wp-json\/wp\/v2\/users\/1"}],"replies":[{"embeddable":true,"href":"https:\/\/www.egon.com\/pt\/wp-json\/wp\/v2\/comments?post=16197"}],"version-history":[{"count":0,"href":"https:\/\/www.egon.com\/pt\/wp-json\/wp\/v2\/pages\/16197\/revisions"}],"up":[{"embeddable":true,"href":"https:\/\/www.egon.com\/pt\/wp-json\/wp\/v2\/pages\/16201"}],"wp:attachment":[{"href":"https:\/\/www.egon.com\/pt\/wp-json\/wp\/v2\/media?parent=16197"}],"curies":[{"name":"wp","href":"https:\/\/api.w.org\/{rel}","templated":true}]}}