{"id":16195,"date":"2017-09-19T13:38:36","date_gmt":"2017-09-19T13:38:36","guid":{"rendered":"https:\/\/www.egon.com\/entrada-de-dados"},"modified":"2017-09-19T13:38:36","modified_gmt":"2017-09-19T13:38:36","slug":"entrada-de-dados","status":"publish","type":"page","link":"https:\/\/www.egon.com\/pt\/aplicacoes\/entrada-de-dados","title":{"rendered":"VALIDA\u00c7\u00c3O INTERATIVA DOS DADOS INSERIDOS"},"content":{"rendered":"<p>Os sistemas de entrada de dados utilizados nos centrais de atendimento exigem procedimentos rigorosos de controle dos dados que s\u00e3o inseridos pelos operadores. Todos os dados devem ser verificados em tempo real, conforme s\u00e3o digitados e, em caso de erros ou presen\u00e7a de dados duplos no banco de dados, o sistema deve ser capaz de for\u00e7ar a corre\u00e7\u00e3o necess\u00e1ria.<\/p>\n<p>Gra\u00e7as ao programa Egon, as opera\u00e7\u00f5es de entrada de dados se tornam mais r\u00e1pidas e mais precisas. O nosso software \u00e9 capaz de suportar todas as opera\u00e7\u00f5es de introdu\u00e7\u00e3o de dados pessoais e postais tornando o trabalho do operador muito mais seguro, agilizando o tempo de trabalho com consequente abatimento dos custos de gest\u00e3o.<\/p>\n<p><img loading=\"lazy\" decoding=\"async\" class=\"alignnone wp-image-627 size-wps_child_large\" src=\"https:\/\/www.egon.com\/wp-content\/uploads\/2017\/07\/real-time-validation-data-entry-820x400.jpg\" alt=\"Real time validation during data entry\" width=\"820\" height=\"400\" \/><\/p>\n<p>De fato, o inteiro processo de digita\u00e7\u00e3o e introdu\u00e7\u00e3o de novos usu\u00e1rios pelos operadores \u00e9 consideravelmente facilitado pelo <span><a title=\"suporte online\" href=\"https:\/\/www.egon.com\/br\/modalidade-de-uso\/online.html\">suporte online<\/a><\/span>, portanto, durante a digita\u00e7\u00e3o dos dados, \u00e9 fornecida <span>assist\u00eancia em tempo real<\/span>, com o <span><a title=\"autocompletamento dos dados\" href=\"https:\/\/www.egon.com\/br\/modalidade-de-uso\/autocompletamento.html\">autocompletamento dos dados <\/a><\/span>que faltam e a sugest\u00e3o dos dados v\u00e1lidos que podem ser inseridos<\/p>\n<h3>A FLEXIBILIDADE DAS NOSSAS SOLU\u00c7\u00d5ES PARA A ENTRADA DE DADOS<\/h3>\n<p>Egon \u00e9 f\u00e1cil de instalar, sob a forma de plugin adicional, integrando qualquer software empresarial j\u00e1 existente para a coleta dos dados. Assim, n\u00e3o ser\u00e1 necess\u00e1rio substituir completamente o pr\u00f3prio aplicativo para a entrada de dados, pois seremos n\u00f3s, atrav\u00e9s de simples medidas t\u00e9cnicas, j\u00e1 um patrim\u00f4nio consolidado do nosso know-how empresarial, a <span><a title=\"egon integrado\" href=\"https:\/\/www.egon.com\/br\/modalidade-de-uso\/integrado.html\">integrar Egon diretamente como suporte de qualquer plataforma software pr\u00e9-instalada<\/a><\/span>.<\/p>\n<h3>AS VANTAGENS DO SUPORTE EGON PARA OS APLICATIVOS DE ENTRADA DE DADOS<\/h3>\n<p>As vantagens fornecidas pelo nosso aplicativo s\u00e3o numerosas:<\/p>\n<ul>\n<li>alida\u00e7\u00e3o em tempo real dos dados introduzidos<\/li>\n<li>Aumento da efici\u00eancia e da rapidez dos processos<\/li>\n<li>Elimina\u00e7\u00e3o do desagrad\u00e1vel tempo de espera para os usu\u00e1rios<\/li>\n<li>Introdu\u00e7\u00e3o de informa\u00e7\u00f5es v\u00e1lidas j\u00e1 na fase de digita\u00e7\u00e3o<\/li>\n<li>Aumento da satisfa\u00e7\u00e3o dos usu\u00e1rios<\/li>\n<li>Flexibilidade de integra\u00e7\u00e3o em qualquer arquitetura software j\u00e1 existente<\/li>\n<\/ul>\n<p>&nbsp;<\/p>\n","protected":false},"excerpt":{"rendered":"<p>Os sistemas de entrada de dados utilizados nos centrais de atendimento exigem procedimentos rigorosos de controle dos dados que s\u00e3o inseridos pelos [&hellip;]<\/p>\n","protected":false},"author":1,"featured_media":0,"parent":16201,"menu_order":0,"comment_status":"closed","ping_status":"closed","template":"","meta":{"footnotes":""},"class_list":["post-16195","page","type-page","status-publish","hentry"],"yoast_head":"<!-- This site is optimized with the Yoast SEO plugin v26.8 - https:\/\/yoast.com\/product\/yoast-seo-wordpress\/ -->\n<title>VALIDA\u00c7\u00c3O INTERATIVA DOS DADOS INSERIDOS - Egon<\/title>\n<meta name=\"robots\" content=\"index, follow, max-snippet:-1, max-image-preview:large, max-video-preview:-1\" \/>\n<link rel=\"canonical\" href=\"https:\/\/www.egon.com\/pt\/aplicacoes\/entrada-de-dados\" \/>\n<meta property=\"og:locale\" content=\"pt_PT\" \/>\n<meta property=\"og:type\" content=\"article\" \/>\n<meta property=\"og:title\" content=\"VALIDA\u00c7\u00c3O INTERATIVA DOS DADOS INSERIDOS - Egon\" \/>\n<meta property=\"og:description\" content=\"Os sistemas de entrada de dados utilizados nos centrais de atendimento exigem procedimentos rigorosos de controle dos dados que s\u00e3o inseridos pelos [&hellip;]\" \/>\n<meta property=\"og:url\" content=\"https:\/\/www.egon.com\/pt\/aplicacoes\/entrada-de-dados\" \/>\n<meta property=\"og:site_name\" content=\"Egon\" \/>\n<meta property=\"og:image\" content=\"https:\/\/www.egon.com\/wp-content\/uploads\/2017\/07\/real-time-validation-data-entry-820x400.jpg\" \/>\n<meta name=\"twitter:card\" content=\"summary_large_image\" \/>\n<meta name=\"twitter:label1\" content=\"Est. reading time\" \/>\n\t<meta name=\"twitter:data1\" content=\"2 minutes\" \/>\n<script type=\"application\/ld+json\" class=\"yoast-schema-graph\">{\"@context\":\"https:\/\/schema.org\",\"@graph\":[{\"@type\":\"WebPage\",\"@id\":\"https:\/\/www.egon.com\/pt\/aplicacoes\/entrada-de-dados\",\"url\":\"https:\/\/www.egon.com\/pt\/aplicacoes\/entrada-de-dados\",\"name\":\"VALIDA\u00c7\u00c3O INTERATIVA DOS DADOS INSERIDOS - Egon\",\"isPartOf\":{\"@id\":\"https:\/\/www.egon.com\/zh\/#website\"},\"primaryImageOfPage\":{\"@id\":\"https:\/\/www.egon.com\/pt\/aplicacoes\/entrada-de-dados#primaryimage\"},\"image\":{\"@id\":\"https:\/\/www.egon.com\/pt\/aplicacoes\/entrada-de-dados#primaryimage\"},\"thumbnailUrl\":\"https:\/\/www.egon.com\/wp-content\/uploads\/2017\/07\/real-time-validation-data-entry-820x400.jpg\",\"datePublished\":\"2017-09-19T13:38:36+00:00\",\"breadcrumb\":{\"@id\":\"https:\/\/www.egon.com\/pt\/aplicacoes\/entrada-de-dados#breadcrumb\"},\"inLanguage\":\"pt\",\"potentialAction\":[{\"@type\":\"ReadAction\",\"target\":[\"https:\/\/www.egon.com\/pt\/aplicacoes\/entrada-de-dados\"]}]},{\"@type\":\"ImageObject\",\"inLanguage\":\"pt\",\"@id\":\"https:\/\/www.egon.com\/pt\/aplicacoes\/entrada-de-dados#primaryimage\",\"url\":\"https:\/\/www.egon.com\/wp-content\/uploads\/2017\/07\/real-time-validation-data-entry-820x400.jpg\",\"contentUrl\":\"https:\/\/www.egon.com\/wp-content\/uploads\/2017\/07\/real-time-validation-data-entry-820x400.jpg\"},{\"@type\":\"BreadcrumbList\",\"@id\":\"https:\/\/www.egon.com\/pt\/aplicacoes\/entrada-de-dados#breadcrumb\",\"itemListElement\":[{\"@type\":\"ListItem\",\"position\":1,\"name\":\"Home\",\"item\":\"https:\/\/www.egon.com\/pt\"},{\"@type\":\"ListItem\",\"position\":2,\"name\":\"Applications\",\"item\":\"https:\/\/www.egon.com\/pt\/aplicacoes\"},{\"@type\":\"ListItem\",\"position\":3,\"name\":\"VALIDA\u00c7\u00c3O INTERATIVA DOS DADOS INSERIDOS\"}]},{\"@type\":\"WebSite\",\"@id\":\"https:\/\/www.egon.com\/zh\/#website\",\"url\":\"https:\/\/www.egon.com\/zh\/\",\"name\":\"Egon\",\"description\":\"Normalizzazione indirizzi - Address validation - Egon.com\",\"potentialAction\":[{\"@type\":\"SearchAction\",\"target\":{\"@type\":\"EntryPoint\",\"urlTemplate\":\"https:\/\/www.egon.com\/zh\/?s={search_term_string}\"},\"query-input\":{\"@type\":\"PropertyValueSpecification\",\"valueRequired\":true,\"valueName\":\"search_term_string\"}}],\"inLanguage\":\"pt\"}]}<\/script>\n<!-- \/ Yoast SEO plugin. -->","yoast_head_json":{"title":"VALIDA\u00c7\u00c3O INTERATIVA DOS DADOS INSERIDOS - Egon","robots":{"index":"index","follow":"follow","max-snippet":"max-snippet:-1","max-image-preview":"max-image-preview:large","max-video-preview":"max-video-preview:-1"},"canonical":"https:\/\/www.egon.com\/pt\/aplicacoes\/entrada-de-dados","og_locale":"pt_PT","og_type":"article","og_title":"VALIDA\u00c7\u00c3O INTERATIVA DOS DADOS INSERIDOS - Egon","og_description":"Os sistemas de entrada de dados utilizados nos centrais de atendimento exigem procedimentos rigorosos de controle dos dados que s\u00e3o inseridos pelos [&hellip;]","og_url":"https:\/\/www.egon.com\/pt\/aplicacoes\/entrada-de-dados","og_site_name":"Egon","og_image":[{"url":"https:\/\/www.egon.com\/wp-content\/uploads\/2017\/07\/real-time-validation-data-entry-820x400.jpg","type":"","width":"","height":""}],"twitter_card":"summary_large_image","twitter_misc":{"Est. reading time":"2 minutes"},"schema":{"@context":"https:\/\/schema.org","@graph":[{"@type":"WebPage","@id":"https:\/\/www.egon.com\/pt\/aplicacoes\/entrada-de-dados","url":"https:\/\/www.egon.com\/pt\/aplicacoes\/entrada-de-dados","name":"VALIDA\u00c7\u00c3O INTERATIVA DOS DADOS INSERIDOS - Egon","isPartOf":{"@id":"https:\/\/www.egon.com\/zh\/#website"},"primaryImageOfPage":{"@id":"https:\/\/www.egon.com\/pt\/aplicacoes\/entrada-de-dados#primaryimage"},"image":{"@id":"https:\/\/www.egon.com\/pt\/aplicacoes\/entrada-de-dados#primaryimage"},"thumbnailUrl":"https:\/\/www.egon.com\/wp-content\/uploads\/2017\/07\/real-time-validation-data-entry-820x400.jpg","datePublished":"2017-09-19T13:38:36+00:00","breadcrumb":{"@id":"https:\/\/www.egon.com\/pt\/aplicacoes\/entrada-de-dados#breadcrumb"},"inLanguage":"pt","potentialAction":[{"@type":"ReadAction","target":["https:\/\/www.egon.com\/pt\/aplicacoes\/entrada-de-dados"]}]},{"@type":"ImageObject","inLanguage":"pt","@id":"https:\/\/www.egon.com\/pt\/aplicacoes\/entrada-de-dados#primaryimage","url":"https:\/\/www.egon.com\/wp-content\/uploads\/2017\/07\/real-time-validation-data-entry-820x400.jpg","contentUrl":"https:\/\/www.egon.com\/wp-content\/uploads\/2017\/07\/real-time-validation-data-entry-820x400.jpg"},{"@type":"BreadcrumbList","@id":"https:\/\/www.egon.com\/pt\/aplicacoes\/entrada-de-dados#breadcrumb","itemListElement":[{"@type":"ListItem","position":1,"name":"Home","item":"https:\/\/www.egon.com\/pt"},{"@type":"ListItem","position":2,"name":"Applications","item":"https:\/\/www.egon.com\/pt\/aplicacoes"},{"@type":"ListItem","position":3,"name":"VALIDA\u00c7\u00c3O INTERATIVA DOS DADOS INSERIDOS"}]},{"@type":"WebSite","@id":"https:\/\/www.egon.com\/zh\/#website","url":"https:\/\/www.egon.com\/zh\/","name":"Egon","description":"Normalizzazione indirizzi - Address validation - Egon.com","potentialAction":[{"@type":"SearchAction","target":{"@type":"EntryPoint","urlTemplate":"https:\/\/www.egon.com\/zh\/?s={search_term_string}"},"query-input":{"@type":"PropertyValueSpecification","valueRequired":true,"valueName":"search_term_string"}}],"inLanguage":"pt"}]}},"_links":{"self":[{"href":"https:\/\/www.egon.com\/pt\/wp-json\/wp\/v2\/pages\/16195","targetHints":{"allow":["GET"]}}],"collection":[{"href":"https:\/\/www.egon.com\/pt\/wp-json\/wp\/v2\/pages"}],"about":[{"href":"https:\/\/www.egon.com\/pt\/wp-json\/wp\/v2\/types\/page"}],"author":[{"embeddable":true,"href":"https:\/\/www.egon.com\/pt\/wp-json\/wp\/v2\/users\/1"}],"replies":[{"embeddable":true,"href":"https:\/\/www.egon.com\/pt\/wp-json\/wp\/v2\/comments?post=16195"}],"version-history":[{"count":0,"href":"https:\/\/www.egon.com\/pt\/wp-json\/wp\/v2\/pages\/16195\/revisions"}],"up":[{"embeddable":true,"href":"https:\/\/www.egon.com\/pt\/wp-json\/wp\/v2\/pages\/16201"}],"wp:attachment":[{"href":"https:\/\/www.egon.com\/pt\/wp-json\/wp\/v2\/media?parent=16195"}],"curies":[{"name":"wp","href":"https:\/\/api.w.org\/{rel}","templated":true}]}}