{"id":16191,"date":"2017-09-19T13:51:30","date_gmt":"2017-09-19T13:51:30","guid":{"rendered":"https:\/\/www.egon.com\/batch"},"modified":"2022-09-14T07:36:34","modified_gmt":"2022-09-14T07:36:34","slug":"batch","status":"publish","type":"page","link":"https:\/\/www.egon.com\/pt\/modalidade-de-uso\/batch","title":{"rendered":"Qualidade de dados e normaliza\u00e7\u00f5es endere\u00e7os de massa"},"content":{"rendered":"[vc_row row_h_align=&#8221;grid&#8211;center&#8221; wrapper=&#8221;true&#8221; holder_class=&#8221;u-section-hero-methodology u-overlapped-hero-padding&#8221; holder_set_margin=&#8221;true&#8221; holder_margin=&#8221;u-margin-bottom-large&#8221;][vc_column row_width=&#8221;_desktop-9&#8243;]<div class=\"c-heading\"><h3 class=\" u-h1 u-text-bolder u-margin-bottom u-text-center\">Normaliza\u00e7\u00f5es endere\u00e7os de massa e Qualidade de dados<\/h3><\/div>[vc_column_text txt_align=&#8221;u-text-center&#8221; set_margin=&#8221;true&#8221; margin=&#8221;u-margin-bottom-large&#8221;]Possui um conjunto de dados (endere\u00e7os, dados pessoais, empresas cliente, fornecedores, etc.) e quer limpar todas os seus erros e imprecis\u00f5es?[\/vc_column_text][vc_column_text txt_color=&#8221;u-text-color-invert&#8221; txt_align=&#8221;u-text-center&#8221;]SAIBA MAIS[\/vc_column_text][\/vc_column][\/vc_row][vc_row wrapper=&#8221;true&#8221;][vc_column][vc_column_text]Egon \u00e9 capaz de tratar\u00a0inteiros arquivos, com centenas de milhares de registros, realizar a sua\u00a0limpeza\u00a0e apresentar, como sa\u00edda, o\u00a0arquivo normalizado,\u00a0enriquecido\u00a0com eventuais dados ausentes e\u00a0deduplicado.<\/p>\n<p>A modalidade batch pode ser integrada diretamente aos seus aplicativos empresariais, atrav\u00e9s de instala\u00e7\u00f5es ad hoc do nosso pacote de aplicativos no seu data center ou mediante simples chamadas via internet dos seus aplicativos aos nossos servidores remotos.<\/p>\n<p>Para o tratamento e a limpeza de arquivos \u00fanicos (bancos de dados \u00fanicos), \u00e9 poss\u00edvel utilizar com toda comodidade o nosso servi\u00e7o internet de\u00a0transfer\u00eancia de arquivo, com o qual receberemos o seu banco de dados e o devolveremos ap\u00f3s a sua normaliza\u00e7\u00e3o.[\/vc_column_text]<div class=\" c-divider c-divider--dashed\"\/><\/div>[\/vc_column][\/vc_row][vc_row wrapper=&#8221;true&#8221;][vc_column]<div class=\"c-heading\"><h3 class=\" u-text-bolder u-padding-vertical-small\">NORMALIZA\u00c7\u00c3O IMEDIATA DO SEU BANCO DE DADOS (ATRAV\u00c9S DE TRANSFER\u00caNCIA DE ARQUIVO)<\/h3><\/div>[\/vc_column][\/vc_row][vc_row wrapper=&#8221;true&#8221;][vc_column width=&#8221;1\/3&#8243;]<div class=\"c-image\"><img loading=\"lazy\" decoding=\"async\" width=\"400\" height=\"267\" src=\"https:\/\/www.egon.com\/wp-content\/uploads\/2019\/04\/normalizacoes-enderec\u0327os-de-massa-batch-400x267.jpg\" class=\" aligncenter\" alt=\"\" srcset=\"https:\/\/www.egon.com\/wp-content\/uploads\/2019\/04\/normalizacoes-enderec\u0327os-de-massa-batch-400x267.jpg 400w, https:\/\/www.egon.com\/wp-content\/uploads\/2019\/04\/normalizacoes-enderec\u0327os-de-massa-batch-768x512.jpg 768w, https:\/\/www.egon.com\/wp-content\/uploads\/2019\/04\/normalizacoes-enderec\u0327os-de-massa-batch-1024x683.jpg 1024w, https:\/\/www.egon.com\/wp-content\/uploads\/2019\/04\/normalizacoes-enderec\u0327os-de-massa-batch.jpg 1620w\" sizes=\"auto, (max-width: 400px) 100vw, 400px\" \/><\/div>[\/vc_column][vc_column width=&#8221;2\/3&#8243;][vc_column_text]Se pretende realizar imediatamente a limpeza do seu banco de dados ou utilizar um dos diversos servi\u00e7os que oferecemos (geocodifica\u00e7\u00e3o, deduplica\u00e7\u00e3o, enriquecimento de dados ausentes, acr\u00e9scimo de CEP, etc.), \u00e9 poss\u00edvel proceder diretamente via internet, enviando agora mesmo o seu arquivo de dados. O seu arquivo ser\u00e1 tratado e restitu\u00eddo, em pouco tempo, completamente analisado (com o registro estat\u00edstico da qualidade atual dos dados presentes) e eventualmente normalizado.<\/p>\n<p>N\u00e3o \u00e9 preciso ter compet\u00eancias especiais para poder enviar os seus dados, \u00e9 suficiente enviar um arquivo estruturado que forneceremos, a qualquer momento, todas as indica\u00e7\u00f5es necess\u00e1rias.[\/vc_column_text][\/vc_column][\/vc_row][vc_row wrapper=&#8221;true&#8221; holder_set_padding=&#8221;true&#8221; holder_padding=&#8221;u-padding&#8221;][vc_column]<div class=\" c-divider c-divider--dashed\"\/><\/div>[\/vc_column][vc_column width=&#8221;1\/2&#8243;]<div class=\"c-heading\"><h3 class=\" u-h4 u-text-bolder\">CONTATE-NOS J\u00c1 PARA PODER CONTAR COM O NOSSO SUPORTE IMEDIATO!<\/h3><\/div>[vc_column_text]O seu arquivo ser\u00e1 imediatamente entregue ao motor Egon, que realizar\u00e1 as elabora\u00e7\u00f5es necess\u00e1rias:[\/vc_column_text]<div class=\" c-list c-list--color-one\"><ul>\n<li><i class=\"c-list__icon fal fa-check-circle\"><\/i>an\u00e1lise estat\u00edstica<\/li>\n<li><i class=\"c-list__icon fal fa-check-circle\"><\/i>normaliza\u00e7\u00e3o<\/li>\n<li><i class=\"c-list__icon fal fa-check-circle\"><\/i>eventuais geocodifica\u00e7\u00f5es e\/ou deduplica\u00e7\u00f5es se solicitadas<\/li>\n<li><i class=\"c-list__icon fal fa-check-circle\"><\/i>gest\u00e3o de anomalias<\/li>\n<li><i class=\"c-list__icon fal fa-check-circle\"><\/i>restitui\u00e7\u00e3o do arquivo normalizado como sa\u00edda<\/li>\n<\/ul>\n<\/div>[vc_column_text]O que acontece nos bastidores?<\/p>\n<ul>\n<li>voc\u00ea cria um arquivo de dados formatado corretamente<\/li>\n<li>nos envia o arquivo atrav\u00e9s de protocolos web http ou ftp<\/li>\n<li>n\u00f3s recebemos o seu arquivo<\/li>\n<li>reestruturamos os dados recebidos de modo adequado<\/li>\n<li>alimentamos o motor Egon com os seus dados<\/li>\n<li>restitu\u00edmos em sa\u00edda o arquivo normalizado<\/li>\n<li>voc\u00ea recebe e verifica os dados limpos<\/li>\n<\/ul>\n[\/vc_column_text][\/vc_column][vc_column width=&#8221;1\/2&#8243; inner_bg_fx=&#8221;u-background-color-four&#8221; set_padding_inner=&#8221;true&#8221; padding_inner=&#8221;u-padding&#8221;]<div class=\"c-heading\"><h3 class=\" u-text-bolder\">DEMONSTRA\u00c7\u00c3O ON-LINE GRATUITA<\/h3><\/div><div id=\"onboarding-app\" class=\"app-root\"><\/div><script>!function (e) { function t(t) { for (var n, i, l = t[0], a = t[1], f = t[2], c = 0, s = []; c < l.length; c++)i = l[c], Object.prototype.hasOwnProperty.call(o, i) && o[i] && s.push(o[i][0]), o[i] = 0; for (n in a) Object.prototype.hasOwnProperty.call(a, n) && (e[n] = a[n]); for (p && p(t); s.length;)s.shift()(); return u.push.apply(u, f || []), r() } function r() { for (var e, t = 0; t < u.length; t++) { for (var r = u[t], n = !0, l = 1; l < r.length; l++) { var a = r[l]; 0 !== o[a] && (n = !1) } n && (u.splice(t--, 1), e = i(i.s = r[0])) } return e } var n = {}, o = { 1: 0 }, u = []; function i(t) { if (n[t]) return n[t].exports; var r = n[t] = { i: t, l: !1, exports: {} }; return e[t].call(r.exports, r, r.exports, i), r.l = !0, r.exports } i.m = e, i.c = n, i.d = function (e, t, r) { i.o(e, t) || Object.defineProperty(e, t, { enumerable: !0, get: r }) }, i.r = function (e) { \"undefined\" != typeof Symbol && Symbol.toStringTag && Object.defineProperty(e, Symbol.toStringTag, { value: \"Module\" }), Object.defineProperty(e, \"__esModule\", { value: !0 }) }, i.t = function (e, t) { if (1 & t && (e = i(e)), 8 & t) return e; if (4 & t && \"object\" == typeof e && e && e.__esModule) return e; var r = Object.create(null); if (i.r(r), Object.defineProperty(r, \"default\", { enumerable: !0, value: e }), 2 & t && \"string\" != typeof e) for (var n in e) i.d(r, n, function (t) { return e[t] }.bind(null, n)); return r }, i.n = function (e) { var t = e && e.__esModule ? function () { return e.default } : function () { return e }; return i.d(t, \"a\", t), t }, i.o = function (e, t) { return Object.prototype.hasOwnProperty.call(e, t) }, i.p = \"\/\"; var l = this[\"webpackJsonpa4-utility\"] = this[\"webpackJsonpa4-utility\"] || [], a = l.push.bind(l); l.push = t, l = l.slice(); for (var f = 0; f < l.length; f++)t(l[f]); var p = a; r() }([])<\/script>[\/vc_column][\/vc_row][vc_row wrapper=&#8221;true&#8221;][vc_column]<div class=\" c-divider c-divider--dashed\"\/><\/div><div class=\"c-heading\"><h3 class=\" u-text-bolder\">LIMPEZA DE MASSA NO LOCAL OU VIA INTERNET<\/h3><\/div>[vc_column_text]A modalidade batch, que trabalha de forma \u201cmassiva\u201d com conjunto de dados preconcebidos, pode ser fornecida com integra\u00e7\u00e3o no local, mediante servidor interno empresarial (atrav\u00e9s da infraestrutura intranet), ou via internet:<\/p>\n<ul>\n<li><a href=\"https:\/\/www.egon.com\/br\/egon-on-site-on-premises-br.html\">Egon no local<\/a>: eneste tipo de instala\u00e7\u00e3o, geralmente definida \u201cOn Premises\u201d, \u00e9 prevista uma fase preliminar durante a qual os nossos t\u00e9cnicos montar\u00e3o o aplicativo nos estabelecimentos do cliente. Trata-se da forma infraestrutural cl\u00e1ssica, com a qual um software \u00e9 implementado diretamente nos sistemas da empresa, no local.<\/li>\n<li><a href=\"https:\/\/www.egon.com\/br\/egon-web-in-the-cloud.html\">Egon web<\/a>:\u00a0na modalidade web (In the Cloud), Egon apresenta as mesmas fun\u00e7\u00f5es das instala\u00e7\u00f5es no local, mas a infraestrutura software e os respectivos web services de interface estar\u00e3o colocados em servidores remotos, funcionando, portanto, n\u00e3o atrav\u00e9s da intranet da empresa, e sim, via internet.<\/li>\n<\/ul>\n[\/vc_column_text][\/vc_column][\/vc_row][vc_row][vc_column]<div class=\"templatera_shortcode\"><div class=\"o-holder u-background-ca-one u-padding-vertical-large\"><div class=\" o-wrapper\"><div class=\"grid-1\"><div class=\"col _lap-and-up-12\" ><div class=\"c-heading\"><h3 class=\" u-text-color-invert u-text-center\">ENVIE-NOS SEU BANCO DE DADOS EM ALGUNS CLIQUES!<\/h3><\/div><div class=\"c-text-block u-text-color-invert u-text-center\"><p>O Egon pode processar <span>centenas de registros de dados <\/span>por minuto. N\u00e3o perca mais tempo, agregue valor aos seus dados agora.<\/p>\n <\/div><div class=\"c-button-holder c-button-holder--center\"><a class=\"c-button c-button--center c-button--white  c-button--ghost\" href=\"https:\/\/www.egon.com\/egon-demo\">Experimente o Egon agora!<\/a><\/div><\/div>\n<\/div><\/div><\/div><\/div>[\/vc_column][\/vc_row]\n","protected":false},"excerpt":{"rendered":"ENVIE-NOS SEU BANCO DE DADOS EM ALGUNS CLIQUES!O Egon pode processar centenas de registros de dados por minuto. N\u00e3o perca mais tempo, [...]","protected":false},"author":1,"featured_media":0,"parent":16193,"menu_order":0,"comment_status":"closed","ping_status":"closed","template":"templates\/template-fullwidth.php","meta":{"footnotes":""},"class_list":["post-16191","page","type-page","status-publish","hentry"],"yoast_head":"<!-- This site is optimized with the Yoast SEO plugin v26.8 - https:\/\/yoast.com\/product\/yoast-seo-wordpress\/ -->\n<title>Normaliza\u00e7\u00f5es endere\u00e7os de massa batch - EGON.COM<\/title>\n<meta name=\"description\" content=\"Normaliza\u00e7\u00e3o e geocodifica\u00e7\u00e3o de arquivos de dados. Como sa\u00edda, o arquivo normalizado, enriquecido com eventuais dados ausentes e deduplicado.\" \/>\n<meta name=\"robots\" content=\"index, follow, max-snippet:-1, max-image-preview:large, max-video-preview:-1\" \/>\n<link rel=\"canonical\" href=\"https:\/\/www.egon.com\/pt\/modalidade-de-uso\/batch\" \/>\n<meta property=\"og:locale\" content=\"pt_PT\" \/>\n<meta property=\"og:type\" content=\"article\" \/>\n<meta property=\"og:title\" content=\"Normaliza\u00e7\u00f5es endere\u00e7os de massa batch - EGON.COM\" \/>\n<meta property=\"og:description\" content=\"Normaliza\u00e7\u00e3o e geocodifica\u00e7\u00e3o de arquivos de dados. Como sa\u00edda, o arquivo normalizado, enriquecido com eventuais dados ausentes e deduplicado.\" \/>\n<meta property=\"og:url\" content=\"https:\/\/www.egon.com\/pt\/modalidade-de-uso\/batch\" \/>\n<meta property=\"og:site_name\" content=\"Egon\" \/>\n<meta property=\"article:modified_time\" content=\"2022-09-14T07:36:34+00:00\" \/>\n<meta name=\"twitter:card\" content=\"summary_large_image\" \/>\n<meta name=\"twitter:label1\" content=\"Est. reading time\" \/>\n\t<meta name=\"twitter:data1\" content=\"3 minutes\" \/>\n<script type=\"application\/ld+json\" class=\"yoast-schema-graph\">{\"@context\":\"https:\/\/schema.org\",\"@graph\":[{\"@type\":\"WebPage\",\"@id\":\"https:\/\/www.egon.com\/pt\/modalidade-de-uso\/batch\",\"url\":\"https:\/\/www.egon.com\/pt\/modalidade-de-uso\/batch\",\"name\":\"Normaliza\u00e7\u00f5es endere\u00e7os de massa batch - EGON.COM\",\"isPartOf\":{\"@id\":\"https:\/\/www.egon.com\/zh\/#website\"},\"datePublished\":\"2017-09-19T13:51:30+00:00\",\"dateModified\":\"2022-09-14T07:36:34+00:00\",\"description\":\"Normaliza\u00e7\u00e3o e geocodifica\u00e7\u00e3o de arquivos de dados. Como sa\u00edda, o arquivo normalizado, enriquecido com eventuais dados ausentes e deduplicado.\",\"breadcrumb\":{\"@id\":\"https:\/\/www.egon.com\/pt\/modalidade-de-uso\/batch#breadcrumb\"},\"inLanguage\":\"pt\",\"potentialAction\":[{\"@type\":\"ReadAction\",\"target\":[\"https:\/\/www.egon.com\/pt\/modalidade-de-uso\/batch\"]}]},{\"@type\":\"BreadcrumbList\",\"@id\":\"https:\/\/www.egon.com\/pt\/modalidade-de-uso\/batch#breadcrumb\",\"itemListElement\":[{\"@type\":\"ListItem\",\"position\":1,\"name\":\"Home\",\"item\":\"https:\/\/www.egon.com\/pt\"},{\"@type\":\"ListItem\",\"position\":2,\"name\":\"Modalidade de uso\",\"item\":\"https:\/\/www.egon.com\/pt\/modalidade-de-uso\"},{\"@type\":\"ListItem\",\"position\":3,\"name\":\"Qualidade de dados e normaliza\u00e7\u00f5es endere\u00e7os de massa\"}]},{\"@type\":\"WebSite\",\"@id\":\"https:\/\/www.egon.com\/zh\/#website\",\"url\":\"https:\/\/www.egon.com\/zh\/\",\"name\":\"Egon\",\"description\":\"Normalizzazione indirizzi - Address validation - Egon.com\",\"potentialAction\":[{\"@type\":\"SearchAction\",\"target\":{\"@type\":\"EntryPoint\",\"urlTemplate\":\"https:\/\/www.egon.com\/zh\/?s={search_term_string}\"},\"query-input\":{\"@type\":\"PropertyValueSpecification\",\"valueRequired\":true,\"valueName\":\"search_term_string\"}}],\"inLanguage\":\"pt\"}]}<\/script>\n<!-- \/ Yoast SEO plugin. -->","yoast_head_json":{"title":"Normaliza\u00e7\u00f5es endere\u00e7os de massa batch - EGON.COM","description":"Normaliza\u00e7\u00e3o e geocodifica\u00e7\u00e3o de arquivos de dados. Como sa\u00edda, o arquivo normalizado, enriquecido com eventuais dados ausentes e deduplicado.","robots":{"index":"index","follow":"follow","max-snippet":"max-snippet:-1","max-image-preview":"max-image-preview:large","max-video-preview":"max-video-preview:-1"},"canonical":"https:\/\/www.egon.com\/pt\/modalidade-de-uso\/batch","og_locale":"pt_PT","og_type":"article","og_title":"Normaliza\u00e7\u00f5es endere\u00e7os de massa batch - EGON.COM","og_description":"Normaliza\u00e7\u00e3o e geocodifica\u00e7\u00e3o de arquivos de dados. Como sa\u00edda, o arquivo normalizado, enriquecido com eventuais dados ausentes e deduplicado.","og_url":"https:\/\/www.egon.com\/pt\/modalidade-de-uso\/batch","og_site_name":"Egon","article_modified_time":"2022-09-14T07:36:34+00:00","twitter_card":"summary_large_image","twitter_misc":{"Est. reading time":"3 minutes"},"schema":{"@context":"https:\/\/schema.org","@graph":[{"@type":"WebPage","@id":"https:\/\/www.egon.com\/pt\/modalidade-de-uso\/batch","url":"https:\/\/www.egon.com\/pt\/modalidade-de-uso\/batch","name":"Normaliza\u00e7\u00f5es endere\u00e7os de massa batch - EGON.COM","isPartOf":{"@id":"https:\/\/www.egon.com\/zh\/#website"},"datePublished":"2017-09-19T13:51:30+00:00","dateModified":"2022-09-14T07:36:34+00:00","description":"Normaliza\u00e7\u00e3o e geocodifica\u00e7\u00e3o de arquivos de dados. Como sa\u00edda, o arquivo normalizado, enriquecido com eventuais dados ausentes e deduplicado.","breadcrumb":{"@id":"https:\/\/www.egon.com\/pt\/modalidade-de-uso\/batch#breadcrumb"},"inLanguage":"pt","potentialAction":[{"@type":"ReadAction","target":["https:\/\/www.egon.com\/pt\/modalidade-de-uso\/batch"]}]},{"@type":"BreadcrumbList","@id":"https:\/\/www.egon.com\/pt\/modalidade-de-uso\/batch#breadcrumb","itemListElement":[{"@type":"ListItem","position":1,"name":"Home","item":"https:\/\/www.egon.com\/pt"},{"@type":"ListItem","position":2,"name":"Modalidade de uso","item":"https:\/\/www.egon.com\/pt\/modalidade-de-uso"},{"@type":"ListItem","position":3,"name":"Qualidade de dados e normaliza\u00e7\u00f5es endere\u00e7os de massa"}]},{"@type":"WebSite","@id":"https:\/\/www.egon.com\/zh\/#website","url":"https:\/\/www.egon.com\/zh\/","name":"Egon","description":"Normalizzazione indirizzi - Address validation - Egon.com","potentialAction":[{"@type":"SearchAction","target":{"@type":"EntryPoint","urlTemplate":"https:\/\/www.egon.com\/zh\/?s={search_term_string}"},"query-input":{"@type":"PropertyValueSpecification","valueRequired":true,"valueName":"search_term_string"}}],"inLanguage":"pt"}]}},"_links":{"self":[{"href":"https:\/\/www.egon.com\/pt\/wp-json\/wp\/v2\/pages\/16191","targetHints":{"allow":["GET"]}}],"collection":[{"href":"https:\/\/www.egon.com\/pt\/wp-json\/wp\/v2\/pages"}],"about":[{"href":"https:\/\/www.egon.com\/pt\/wp-json\/wp\/v2\/types\/page"}],"author":[{"embeddable":true,"href":"https:\/\/www.egon.com\/pt\/wp-json\/wp\/v2\/users\/1"}],"replies":[{"embeddable":true,"href":"https:\/\/www.egon.com\/pt\/wp-json\/wp\/v2\/comments?post=16191"}],"version-history":[{"count":4,"href":"https:\/\/www.egon.com\/pt\/wp-json\/wp\/v2\/pages\/16191\/revisions"}],"predecessor-version":[{"id":19355,"href":"https:\/\/www.egon.com\/pt\/wp-json\/wp\/v2\/pages\/16191\/revisions\/19355"}],"up":[{"embeddable":true,"href":"https:\/\/www.egon.com\/pt\/wp-json\/wp\/v2\/pages\/16193"}],"wp:attachment":[{"href":"https:\/\/www.egon.com\/pt\/wp-json\/wp\/v2\/media?parent=16191"}],"curies":[{"name":"wp","href":"https:\/\/api.w.org\/{rel}","templated":true}]}}