{"id":16190,"date":"2017-09-19T13:57:54","date_gmt":"2017-09-19T13:57:54","guid":{"rendered":"https:\/\/www.egon.com\/integrado"},"modified":"2021-02-15T13:54:48","modified_gmt":"2021-02-15T13:54:48","slug":"integrado","status":"publish","type":"page","link":"https:\/\/www.egon.com\/pt\/modalidade-de-uso\/integrado","title":{"rendered":"Egon: a normaliza\u00e7\u00e3o e a geocodifica\u00e7\u00e3o integradas na sua aplica\u00e7\u00e3o desde j\u00e1"},"content":{"rendered":"[vc_row row_h_align=&#8221;grid&#8211;center&#8221; wrapper=&#8221;true&#8221; holder_class=&#8221;u-section-hero-methodology u-overlapped-hero-padding&#8221; holder_set_margin=&#8221;true&#8221; holder_margin=&#8221;u-margin-bottom-large&#8221;][vc_column row_width=&#8221;_desktop-9&#8243;]<div class=\"c-heading\"><h1 class=\" u-h1 u-text-bolder u-margin-bottom u-text-center\">Normaliza\u00e7\u00e3o e Geocodifica\u00e7\u00e3o integradas na sua aplica\u00e7\u00e3o desde j\u00e1<\/h1><\/div>[vc_column_text txt_align=&#8221;u-text-center&#8221; set_margin=&#8221;true&#8221; margin=&#8221;u-margin-bottom-large&#8221;]Egon \u00e9 um aplicativo capaz de operar n\u00e3o apenas em modalidade massiva com inteiros arquivos de dados, mas tamb\u00e9m de integrar-se e colaborar com aplica\u00e7\u00f5es terceiras de qualquer tipo e em ambientes padr\u00e3o.[\/vc_column_text][\/vc_column][\/vc_row][vc_row wrapper=&#8221;true&#8221;][vc_column][vc_column_text]Em detalhes, qualquer que seja o software empresarial utilizado para o tratamento dos dados, a integra\u00e7\u00e3o permitir\u00e1 que este software solicite, quando necess\u00e1rio, o suporte do motor Egon para a normaliza\u00e7\u00e3o e para todas as fun\u00e7\u00f5es previstas, <a href=\"https:\/\/www.egon.com\/br\/egon-on-site-on-premises-br.html\">via intranet empresarial<\/a> assim como <a href=\"https:\/\/www.egon.com\/br\/egon-web-in-the-cloud.html\">via web<\/a>, segundo o tipo de instala\u00e7\u00e3o escolhido (On Premises \u2013 In the Cloud).<\/p>\n<p>\u00c9 poss\u00edvel integrar Egon com qualquer solu\u00e7\u00e3o inform\u00e1tica, como as infraestruturas software mais difusas, nas quais poder\u00e1 ser adaptado sob forma de plugin adicional.[\/vc_column_text]<div class=\" c-divider c-divider--dashed\"\/><\/div>[\/vc_column][\/vc_row][vc_row wrapper=&#8221;true&#8221;][vc_column width=&#8221;1\/2&#8243;]<div class=\"c-heading\"><h3 class=\" u-text-bolder u-padding-vertical-small\">Integra\u00e7\u00e3o com aplicativos empresariais<\/h3><\/div>[vc_column_text]\n<ul>\n<li>(on line \u2013 batch):\u00a0mediante web service, Egon \u00e9 integrado a softwares empresariais que o utilizam em modalidade tempo real (Egon funciona online via intranet empresarial ou via internet, diretamente durante o uso da aplica\u00e7\u00e3o, como suporte para a entrada de dados) ou em modalidade batch automatizada no interior dos processos.<\/li>\n<\/ul>\n<p>&nbsp;<\/p>\n<p>A integra\u00e7\u00e3o \u00e9 completamente independente do sistema de refer\u00eancia (Windows, Linux, Unix, IBMi, Mainframe, etc.) e \u00e9 efetuada com qualquer tipo de aplica\u00e7\u00e3o[\/vc_column_text]<div class=\" c-list c-list--color-one\"><ul>\n<li><i class=\"c-list__icon fal fa-check-circle\"><\/i>CRM<\/li>\n<li><i class=\"c-list__icon fal fa-check-circle\"><\/i>ERP<\/li>\n<li><i class=\"c-list__icon fal fa-check-circle\"><\/i>software de entrada de dados<\/li>\n<li><i class=\"c-list__icon fal fa-check-circle\"><\/i>web<\/li>\n<li><i class=\"c-list__icon fal fa-check-circle\"><\/i>e-business<\/li>\n<\/ul>\n<\/div>[\/vc_column][vc_column width=&#8221;1\/2&#8243;]<div class=\"c-heading\"><h3 class=\" u-text-bolder u-padding-vertical-small\">Integra\u00e7\u00e3o em ambientes padr\u00e3o<\/h3><\/div><div class=\" c-list c-list--color-one\"><p>aplica\u00e7\u00f5es empresariais): Egon, neste caso, \u00e9 integrado, sob forma de plugin adicional em infraestruturas preexistentes como:<\/p>\n<ul>\n<li><i class=\"c-list__icon fal fa-check-circle\"><\/i>IBM<\/li>\n<li><i class=\"c-list__icon fal fa-check-circle\"><\/i>Oracle<\/li>\n<li><i class=\"c-list__icon fal fa-check-circle\"><\/i>Google<\/li>\n<li><i class=\"c-list__icon fal fa-check-circle\"><\/i>Microsoft<\/li>\n<li><i class=\"c-list__icon fal fa-check-circle\"><\/i>SAP<\/li>\n<li><i class=\"c-list__icon fal fa-check-circle\"><\/i>Windows<\/li>\n<\/ul>\n<\/div>[\/vc_column][\/vc_row][vc_row][vc_column]<div class=\"templatera_shortcode\"><div class=\"o-holder u-background-ca-one u-padding-vertical-large\"><div class=\" o-wrapper\"><div class=\"grid-1\"><div class=\"col _lap-and-up-12\" ><div class=\"c-heading\"><h3 class=\" u-text-color-invert u-text-center\">SAIBA COMO O NOSSO SOFTWARE DE GERENCIAMENTO DE DADOS PODE AJUDAR A SUA EMPRESA A CRESCER!<\/h3><\/div><div class=\"c-button-holder c-button-holder--center\"><a class=\"c-button u-text-bold c-button--center c-button--white  c-button--ghost\" href=\"https:\/\/www.egon.com\/company\/contact-us\">ENTRE EM CONTATO CONOSCO<\/a><\/div><\/div>\n<\/div><\/div><\/div>\r\n<\/div>[\/vc_column][\/vc_row]\n","protected":false},"excerpt":{"rendered":"SAIBA COMO O NOSSO SOFTWARE DE GERENCIAMENTO DE DADOS PODE AJUDAR A SUA EMPRESA A CRESCER!ENTRE EM CONTATO CONOSCO","protected":false},"author":1,"featured_media":0,"parent":16193,"menu_order":0,"comment_status":"closed","ping_status":"closed","template":"templates\/template-fullwidth.php","meta":{"footnotes":""},"class_list":["post-16190","page","type-page","status-publish","hentry"],"yoast_head":"<!-- This site is optimized with the Yoast SEO plugin v26.8 - https:\/\/yoast.com\/product\/yoast-seo-wordpress\/ -->\n<title>Normaliza\u00e7\u00e3o e a geocodifica\u00e7\u00e3o integradas na sua aplica\u00e7\u00e3o desde j\u00e1<\/title>\n<meta name=\"description\" content=\"Egon \u00e9 um aplicativo capaz de ser integrado e de colaborar com terceiras aplica\u00e7\u00f5es de qualquer tipo.\" \/>\n<meta name=\"robots\" content=\"index, follow, max-snippet:-1, max-image-preview:large, max-video-preview:-1\" \/>\n<link rel=\"canonical\" href=\"https:\/\/www.egon.com\/pt\/modalidade-de-uso\/integrado\" \/>\n<meta property=\"og:locale\" content=\"pt_PT\" \/>\n<meta property=\"og:type\" content=\"article\" \/>\n<meta property=\"og:title\" content=\"Normaliza\u00e7\u00e3o e a geocodifica\u00e7\u00e3o integradas na sua aplica\u00e7\u00e3o desde j\u00e1\" \/>\n<meta property=\"og:description\" content=\"Egon \u00e9 um aplicativo capaz de ser integrado e de colaborar com terceiras aplica\u00e7\u00f5es de qualquer tipo.\" \/>\n<meta property=\"og:url\" content=\"https:\/\/www.egon.com\/pt\/modalidade-de-uso\/integrado\" \/>\n<meta property=\"og:site_name\" content=\"Egon\" \/>\n<meta property=\"article:modified_time\" content=\"2021-02-15T13:54:48+00:00\" \/>\n<meta name=\"twitter:card\" content=\"summary_large_image\" \/>\n<meta name=\"twitter:label1\" content=\"Est. reading time\" \/>\n\t<meta name=\"twitter:data1\" content=\"2 minutes\" \/>\n<script type=\"application\/ld+json\" class=\"yoast-schema-graph\">{\"@context\":\"https:\/\/schema.org\",\"@graph\":[{\"@type\":\"WebPage\",\"@id\":\"https:\/\/www.egon.com\/pt\/modalidade-de-uso\/integrado\",\"url\":\"https:\/\/www.egon.com\/pt\/modalidade-de-uso\/integrado\",\"name\":\"Normaliza\u00e7\u00e3o e a geocodifica\u00e7\u00e3o integradas na sua aplica\u00e7\u00e3o desde j\u00e1\",\"isPartOf\":{\"@id\":\"https:\/\/www.egon.com\/zh\/#website\"},\"datePublished\":\"2017-09-19T13:57:54+00:00\",\"dateModified\":\"2021-02-15T13:54:48+00:00\",\"description\":\"Egon \u00e9 um aplicativo capaz de ser integrado e de colaborar com terceiras aplica\u00e7\u00f5es de qualquer tipo.\",\"breadcrumb\":{\"@id\":\"https:\/\/www.egon.com\/pt\/modalidade-de-uso\/integrado#breadcrumb\"},\"inLanguage\":\"pt\",\"potentialAction\":[{\"@type\":\"ReadAction\",\"target\":[\"https:\/\/www.egon.com\/pt\/modalidade-de-uso\/integrado\"]}]},{\"@type\":\"BreadcrumbList\",\"@id\":\"https:\/\/www.egon.com\/pt\/modalidade-de-uso\/integrado#breadcrumb\",\"itemListElement\":[{\"@type\":\"ListItem\",\"position\":1,\"name\":\"Home\",\"item\":\"https:\/\/www.egon.com\/pt\"},{\"@type\":\"ListItem\",\"position\":2,\"name\":\"Modalidade de uso\",\"item\":\"https:\/\/www.egon.com\/pt\/modalidade-de-uso\"},{\"@type\":\"ListItem\",\"position\":3,\"name\":\"Egon: a normaliza\u00e7\u00e3o e a geocodifica\u00e7\u00e3o integradas na sua aplica\u00e7\u00e3o desde j\u00e1\"}]},{\"@type\":\"WebSite\",\"@id\":\"https:\/\/www.egon.com\/zh\/#website\",\"url\":\"https:\/\/www.egon.com\/zh\/\",\"name\":\"Egon\",\"description\":\"Normalizzazione indirizzi - Address validation - Egon.com\",\"potentialAction\":[{\"@type\":\"SearchAction\",\"target\":{\"@type\":\"EntryPoint\",\"urlTemplate\":\"https:\/\/www.egon.com\/zh\/?s={search_term_string}\"},\"query-input\":{\"@type\":\"PropertyValueSpecification\",\"valueRequired\":true,\"valueName\":\"search_term_string\"}}],\"inLanguage\":\"pt\"}]}<\/script>\n<!-- \/ Yoast SEO plugin. -->","yoast_head_json":{"title":"Normaliza\u00e7\u00e3o e a geocodifica\u00e7\u00e3o integradas na sua aplica\u00e7\u00e3o desde j\u00e1","description":"Egon \u00e9 um aplicativo capaz de ser integrado e de colaborar com terceiras aplica\u00e7\u00f5es de qualquer tipo.","robots":{"index":"index","follow":"follow","max-snippet":"max-snippet:-1","max-image-preview":"max-image-preview:large","max-video-preview":"max-video-preview:-1"},"canonical":"https:\/\/www.egon.com\/pt\/modalidade-de-uso\/integrado","og_locale":"pt_PT","og_type":"article","og_title":"Normaliza\u00e7\u00e3o e a geocodifica\u00e7\u00e3o integradas na sua aplica\u00e7\u00e3o desde j\u00e1","og_description":"Egon \u00e9 um aplicativo capaz de ser integrado e de colaborar com terceiras aplica\u00e7\u00f5es de qualquer tipo.","og_url":"https:\/\/www.egon.com\/pt\/modalidade-de-uso\/integrado","og_site_name":"Egon","article_modified_time":"2021-02-15T13:54:48+00:00","twitter_card":"summary_large_image","twitter_misc":{"Est. reading time":"2 minutes"},"schema":{"@context":"https:\/\/schema.org","@graph":[{"@type":"WebPage","@id":"https:\/\/www.egon.com\/pt\/modalidade-de-uso\/integrado","url":"https:\/\/www.egon.com\/pt\/modalidade-de-uso\/integrado","name":"Normaliza\u00e7\u00e3o e a geocodifica\u00e7\u00e3o integradas na sua aplica\u00e7\u00e3o desde j\u00e1","isPartOf":{"@id":"https:\/\/www.egon.com\/zh\/#website"},"datePublished":"2017-09-19T13:57:54+00:00","dateModified":"2021-02-15T13:54:48+00:00","description":"Egon \u00e9 um aplicativo capaz de ser integrado e de colaborar com terceiras aplica\u00e7\u00f5es de qualquer tipo.","breadcrumb":{"@id":"https:\/\/www.egon.com\/pt\/modalidade-de-uso\/integrado#breadcrumb"},"inLanguage":"pt","potentialAction":[{"@type":"ReadAction","target":["https:\/\/www.egon.com\/pt\/modalidade-de-uso\/integrado"]}]},{"@type":"BreadcrumbList","@id":"https:\/\/www.egon.com\/pt\/modalidade-de-uso\/integrado#breadcrumb","itemListElement":[{"@type":"ListItem","position":1,"name":"Home","item":"https:\/\/www.egon.com\/pt"},{"@type":"ListItem","position":2,"name":"Modalidade de uso","item":"https:\/\/www.egon.com\/pt\/modalidade-de-uso"},{"@type":"ListItem","position":3,"name":"Egon: a normaliza\u00e7\u00e3o e a geocodifica\u00e7\u00e3o integradas na sua aplica\u00e7\u00e3o desde j\u00e1"}]},{"@type":"WebSite","@id":"https:\/\/www.egon.com\/zh\/#website","url":"https:\/\/www.egon.com\/zh\/","name":"Egon","description":"Normalizzazione indirizzi - Address validation - Egon.com","potentialAction":[{"@type":"SearchAction","target":{"@type":"EntryPoint","urlTemplate":"https:\/\/www.egon.com\/zh\/?s={search_term_string}"},"query-input":{"@type":"PropertyValueSpecification","valueRequired":true,"valueName":"search_term_string"}}],"inLanguage":"pt"}]}},"_links":{"self":[{"href":"https:\/\/www.egon.com\/pt\/wp-json\/wp\/v2\/pages\/16190","targetHints":{"allow":["GET"]}}],"collection":[{"href":"https:\/\/www.egon.com\/pt\/wp-json\/wp\/v2\/pages"}],"about":[{"href":"https:\/\/www.egon.com\/pt\/wp-json\/wp\/v2\/types\/page"}],"author":[{"embeddable":true,"href":"https:\/\/www.egon.com\/pt\/wp-json\/wp\/v2\/users\/1"}],"replies":[{"embeddable":true,"href":"https:\/\/www.egon.com\/pt\/wp-json\/wp\/v2\/comments?post=16190"}],"version-history":[{"count":1,"href":"https:\/\/www.egon.com\/pt\/wp-json\/wp\/v2\/pages\/16190\/revisions"}],"predecessor-version":[{"id":17993,"href":"https:\/\/www.egon.com\/pt\/wp-json\/wp\/v2\/pages\/16190\/revisions\/17993"}],"up":[{"embeddable":true,"href":"https:\/\/www.egon.com\/pt\/wp-json\/wp\/v2\/pages\/16193"}],"wp:attachment":[{"href":"https:\/\/www.egon.com\/pt\/wp-json\/wp\/v2\/media?parent=16190"}],"curies":[{"name":"wp","href":"https:\/\/api.w.org\/{rel}","templated":true}]}}