{"id":16187,"date":"2017-09-19T14:05:35","date_gmt":"2017-09-19T14:05:35","guid":{"rendered":"https:\/\/www.egon.com\/online"},"modified":"2021-02-18T15:44:33","modified_gmt":"2021-02-18T15:44:33","slug":"online","status":"publish","type":"page","link":"https:\/\/www.egon.com\/pt\/modalidade-de-uso\/online","title":{"rendered":"Egon Online: Normalize j\u00e1, on-line, o seu endere\u00e7o"},"content":{"rendered":"[vc_row row_h_align=&#8221;grid&#8211;center&#8221; wrapper=&#8221;true&#8221; holder_class=&#8221;u-section-hero-methodology u-overlapped-hero-padding&#8221; holder_set_margin=&#8221;true&#8221; holder_margin=&#8221;u-margin-bottom-large&#8221;][vc_column row_width=&#8221;_desktop-9&#8243;]<div class=\"c-heading\"><h1 class=\" u-h1 u-text-bolder u-margin-bottom u-text-center\">Egon Online: Normalize j\u00e1, on-line, o seu endere\u00e7o<\/h1><\/div>[vc_column_text txt_align=&#8221;u-text-center&#8221; set_margin=&#8221;true&#8221; margin=&#8221;u-margin-bottom-large&#8221;]Utilizar Egon online significa ter acesso, diretamente via internet, a um simples formul\u00e1rio de entrada de dados atrav\u00e9s do qual \u00e9 poss\u00edvel solicitar a normaliza\u00e7\u00e3o de um determinado endere\u00e7o quando for preciso.[\/vc_column_text][\/vc_column][\/vc_row][vc_row wrapper=&#8221;true&#8221;][vc_column width=&#8221;1\/3&#8243;]<div class=\"c-image\"><a href=\"https:\/\/www.egon.com\/wp-content\/uploads\/2017\/07\/address-validation-online.jpg\"><img loading=\"lazy\" decoding=\"async\" width=\"768\" height=\"960\" src=\"https:\/\/www.egon.com\/wp-content\/uploads\/2017\/09\/Normalize-ja-on-line-endereco-768x960.jpg\" class=\" u-margin-bottom aligncenter\" alt=\"Normalize j\u00e1, on-line, o seu endere\u00e7o\" srcset=\"https:\/\/www.egon.com\/wp-content\/uploads\/2017\/09\/Normalize-ja-on-line-endereco-768x960.jpg 768w, https:\/\/www.egon.com\/wp-content\/uploads\/2017\/09\/Normalize-ja-on-line-endereco-240x300.jpg 240w, https:\/\/www.egon.com\/wp-content\/uploads\/2017\/09\/Normalize-ja-on-line-endereco-819x1024.jpg 819w, https:\/\/www.egon.com\/wp-content\/uploads\/2017\/09\/Normalize-ja-on-line-endereco-336x420.jpg 336w, https:\/\/www.egon.com\/wp-content\/uploads\/2017\/09\/Normalize-ja-on-line-endereco.jpg 960w\" sizes=\"auto, (max-width: 768px) 100vw, 768px\" \/><\/a><\/div>[\/vc_column][vc_column width=&#8221;2\/3&#8243;][vc_column_text]Egon Online permite corrigir os dados relacionados a endere\u00e7os internacionais, \u00a0a qualquer momento e em qualquer lugar. \u00c9 suficiente uma conex\u00e3o com a internet.<\/p>\n<p>S\u00e3o dispon\u00edveis diversas fun\u00e7\u00f5es:[\/vc_column_text]<div class=\" c-list c-list--color-one\"><ul>\n<li><i class=\"c-list__icon fal fa-check-circle\"><\/i>controle e normaliza\u00e7\u00e3o de endere\u00e7o<\/li>\n<li><i class=\"c-list__icon fal fa-check-circle\"><\/i>autocompletamento dos campos vazios<\/li>\n<li><i class=\"c-list__icon fal fa-check-circle\"><\/i>acr\u00e9scimo de coordenadas<\/li>\n<li><i class=\"c-list__icon fal fa-check-circle\"><\/i>visualiza\u00e7\u00e3o em mapas<\/li>\n<\/ul>\n<\/div>[vc_column_text]Os servi\u00e7os online operam mediante controles autom\u00e1ticos interativos, em base aos quais o sistema poder\u00e1 agir em tempo real como suporte para todas as exig\u00eancias do usu\u00e1rio.<\/p>\n<p>Inserindo apenas a localidade, \u00e9 poss\u00edvel obter, como resultado, a indica\u00e7\u00e3o do CEP, da cidade e do estado, gra\u00e7as ao suporte da fun\u00e7\u00e3o de autocompletamento (<a href=\"https:\/\/www.egon.com\/br\/modalidade-de-uso\/autocompletamento.html\">autocomplete<\/a>). Inserindo, por sua vez, os dados completos de um endere\u00e7o, \u00e9 poss\u00edvel obter como sa\u00edda as coordenadas geogr\u00e1ficas precisas at\u00e9 o n\u00famero da rua, podendo visualizar o resultado em um mapa[\/vc_column_text][\/vc_column][\/vc_row][vc_row][vc_column]<div class=\"templatera_shortcode\"><div class=\"o-holder u-background-ca-one u-padding-vertical-large\"><div class=\" o-wrapper\"><div class=\"grid-1\"><div class=\"col _lap-and-up-12\" ><div class=\"c-heading\"><h3 class=\" u-text-color-invert u-text-center\">SAIBA COMO O NOSSO SOFTWARE DE GERENCIAMENTO DE DADOS PODE AJUDAR A SUA EMPRESA A CRESCER!<\/h3><\/div><div class=\"c-button-holder c-button-holder--center\"><a class=\"c-button u-text-bold c-button--center c-button--white  c-button--ghost\" href=\"https:\/\/www.egon.com\/company\/contact-us\">ENTRE EM CONTATO CONOSCO<\/a><\/div><\/div>\n<\/div><\/div><\/div>\r\n<\/div>[\/vc_column][\/vc_row]\n","protected":false},"excerpt":{"rendered":"SAIBA COMO O NOSSO SOFTWARE DE GERENCIAMENTO DE DADOS PODE AJUDAR A SUA EMPRESA A CRESCER!ENTRE EM CONTATO CONOSCO","protected":false},"author":1,"featured_media":0,"parent":16193,"menu_order":0,"comment_status":"closed","ping_status":"closed","template":"templates\/template-fullwidth.php","meta":{"footnotes":""},"class_list":["post-16187","page","type-page","status-publish","hentry"],"yoast_head":"<!-- This site is optimized with the Yoast SEO plugin v26.8 - https:\/\/yoast.com\/product\/yoast-seo-wordpress\/ -->\n<title>Egon Online: Normalize j\u00e1, on-line, o seu endere\u00e7o<\/title>\n<meta name=\"description\" content=\"Egon Online: insira e normalize j\u00e1 o seu endere\u00e7o atrav\u00e9s de um simples formul\u00e1rio na p\u00e1gina web\" \/>\n<meta name=\"robots\" content=\"index, follow, max-snippet:-1, max-image-preview:large, max-video-preview:-1\" \/>\n<link rel=\"canonical\" href=\"https:\/\/www.egon.com\/pt\/modalidade-de-uso\/online\" \/>\n<meta property=\"og:locale\" content=\"pt_PT\" \/>\n<meta property=\"og:type\" content=\"article\" \/>\n<meta property=\"og:title\" content=\"Egon Online: Normalize j\u00e1, on-line, o seu endere\u00e7o\" \/>\n<meta property=\"og:description\" content=\"Egon Online: insira e normalize j\u00e1 o seu endere\u00e7o atrav\u00e9s de um simples formul\u00e1rio na p\u00e1gina web\" \/>\n<meta property=\"og:url\" content=\"https:\/\/www.egon.com\/pt\/modalidade-de-uso\/online\" \/>\n<meta property=\"og:site_name\" content=\"Egon\" \/>\n<meta property=\"article:modified_time\" content=\"2021-02-18T15:44:33+00:00\" \/>\n<meta name=\"twitter:card\" content=\"summary_large_image\" \/>\n<meta name=\"twitter:label1\" content=\"Est. reading time\" \/>\n\t<meta name=\"twitter:data1\" content=\"1 minute\" \/>\n<script type=\"application\/ld+json\" class=\"yoast-schema-graph\">{\"@context\":\"https:\/\/schema.org\",\"@graph\":[{\"@type\":\"WebPage\",\"@id\":\"https:\/\/www.egon.com\/pt\/modalidade-de-uso\/online\",\"url\":\"https:\/\/www.egon.com\/pt\/modalidade-de-uso\/online\",\"name\":\"Egon Online: Normalize j\u00e1, on-line, o seu endere\u00e7o\",\"isPartOf\":{\"@id\":\"https:\/\/www.egon.com\/zh\/#website\"},\"datePublished\":\"2017-09-19T14:05:35+00:00\",\"dateModified\":\"2021-02-18T15:44:33+00:00\",\"description\":\"Egon Online: insira e normalize j\u00e1 o seu endere\u00e7o atrav\u00e9s de um simples formul\u00e1rio na p\u00e1gina web\",\"breadcrumb\":{\"@id\":\"https:\/\/www.egon.com\/pt\/modalidade-de-uso\/online#breadcrumb\"},\"inLanguage\":\"pt\",\"potentialAction\":[{\"@type\":\"ReadAction\",\"target\":[\"https:\/\/www.egon.com\/pt\/modalidade-de-uso\/online\"]}]},{\"@type\":\"BreadcrumbList\",\"@id\":\"https:\/\/www.egon.com\/pt\/modalidade-de-uso\/online#breadcrumb\",\"itemListElement\":[{\"@type\":\"ListItem\",\"position\":1,\"name\":\"Home\",\"item\":\"https:\/\/www.egon.com\/pt\"},{\"@type\":\"ListItem\",\"position\":2,\"name\":\"Modalidade de uso\",\"item\":\"https:\/\/www.egon.com\/pt\/modalidade-de-uso\"},{\"@type\":\"ListItem\",\"position\":3,\"name\":\"Egon Online: Normalize j\u00e1, on-line, o seu endere\u00e7o\"}]},{\"@type\":\"WebSite\",\"@id\":\"https:\/\/www.egon.com\/zh\/#website\",\"url\":\"https:\/\/www.egon.com\/zh\/\",\"name\":\"Egon\",\"description\":\"Normalizzazione indirizzi - Address validation - Egon.com\",\"potentialAction\":[{\"@type\":\"SearchAction\",\"target\":{\"@type\":\"EntryPoint\",\"urlTemplate\":\"https:\/\/www.egon.com\/zh\/?s={search_term_string}\"},\"query-input\":{\"@type\":\"PropertyValueSpecification\",\"valueRequired\":true,\"valueName\":\"search_term_string\"}}],\"inLanguage\":\"pt\"}]}<\/script>\n<!-- \/ Yoast SEO plugin. -->","yoast_head_json":{"title":"Egon Online: Normalize j\u00e1, on-line, o seu endere\u00e7o","description":"Egon Online: insira e normalize j\u00e1 o seu endere\u00e7o atrav\u00e9s de um simples formul\u00e1rio na p\u00e1gina web","robots":{"index":"index","follow":"follow","max-snippet":"max-snippet:-1","max-image-preview":"max-image-preview:large","max-video-preview":"max-video-preview:-1"},"canonical":"https:\/\/www.egon.com\/pt\/modalidade-de-uso\/online","og_locale":"pt_PT","og_type":"article","og_title":"Egon Online: Normalize j\u00e1, on-line, o seu endere\u00e7o","og_description":"Egon Online: insira e normalize j\u00e1 o seu endere\u00e7o atrav\u00e9s de um simples formul\u00e1rio na p\u00e1gina web","og_url":"https:\/\/www.egon.com\/pt\/modalidade-de-uso\/online","og_site_name":"Egon","article_modified_time":"2021-02-18T15:44:33+00:00","twitter_card":"summary_large_image","twitter_misc":{"Est. reading time":"1 minute"},"schema":{"@context":"https:\/\/schema.org","@graph":[{"@type":"WebPage","@id":"https:\/\/www.egon.com\/pt\/modalidade-de-uso\/online","url":"https:\/\/www.egon.com\/pt\/modalidade-de-uso\/online","name":"Egon Online: Normalize j\u00e1, on-line, o seu endere\u00e7o","isPartOf":{"@id":"https:\/\/www.egon.com\/zh\/#website"},"datePublished":"2017-09-19T14:05:35+00:00","dateModified":"2021-02-18T15:44:33+00:00","description":"Egon Online: insira e normalize j\u00e1 o seu endere\u00e7o atrav\u00e9s de um simples formul\u00e1rio na p\u00e1gina web","breadcrumb":{"@id":"https:\/\/www.egon.com\/pt\/modalidade-de-uso\/online#breadcrumb"},"inLanguage":"pt","potentialAction":[{"@type":"ReadAction","target":["https:\/\/www.egon.com\/pt\/modalidade-de-uso\/online"]}]},{"@type":"BreadcrumbList","@id":"https:\/\/www.egon.com\/pt\/modalidade-de-uso\/online#breadcrumb","itemListElement":[{"@type":"ListItem","position":1,"name":"Home","item":"https:\/\/www.egon.com\/pt"},{"@type":"ListItem","position":2,"name":"Modalidade de uso","item":"https:\/\/www.egon.com\/pt\/modalidade-de-uso"},{"@type":"ListItem","position":3,"name":"Egon Online: Normalize j\u00e1, on-line, o seu endere\u00e7o"}]},{"@type":"WebSite","@id":"https:\/\/www.egon.com\/zh\/#website","url":"https:\/\/www.egon.com\/zh\/","name":"Egon","description":"Normalizzazione indirizzi - Address validation - Egon.com","potentialAction":[{"@type":"SearchAction","target":{"@type":"EntryPoint","urlTemplate":"https:\/\/www.egon.com\/zh\/?s={search_term_string}"},"query-input":{"@type":"PropertyValueSpecification","valueRequired":true,"valueName":"search_term_string"}}],"inLanguage":"pt"}]}},"_links":{"self":[{"href":"https:\/\/www.egon.com\/pt\/wp-json\/wp\/v2\/pages\/16187","targetHints":{"allow":["GET"]}}],"collection":[{"href":"https:\/\/www.egon.com\/pt\/wp-json\/wp\/v2\/pages"}],"about":[{"href":"https:\/\/www.egon.com\/pt\/wp-json\/wp\/v2\/types\/page"}],"author":[{"embeddable":true,"href":"https:\/\/www.egon.com\/pt\/wp-json\/wp\/v2\/users\/1"}],"replies":[{"embeddable":true,"href":"https:\/\/www.egon.com\/pt\/wp-json\/wp\/v2\/comments?post=16187"}],"version-history":[{"count":1,"href":"https:\/\/www.egon.com\/pt\/wp-json\/wp\/v2\/pages\/16187\/revisions"}],"predecessor-version":[{"id":18006,"href":"https:\/\/www.egon.com\/pt\/wp-json\/wp\/v2\/pages\/16187\/revisions\/18006"}],"up":[{"embeddable":true,"href":"https:\/\/www.egon.com\/pt\/wp-json\/wp\/v2\/pages\/16193"}],"wp:attachment":[{"href":"https:\/\/www.egon.com\/pt\/wp-json\/wp\/v2\/media?parent=16187"}],"curies":[{"name":"wp","href":"https:\/\/api.w.org\/{rel}","templated":true}]}}