{"id":16185,"date":"2017-09-19T14:17:06","date_gmt":"2017-09-19T14:17:06","guid":{"rendered":"https:\/\/www.egon.com\/empresa"},"modified":"2022-09-09T07:59:30","modified_gmt":"2022-09-09T07:59:30","slug":"empresa","status":"publish","type":"page","link":"https:\/\/www.egon.com\/pt\/empresa","title":{"rendered":"Company"},"content":{"rendered":"[vc_row row_h_align=&#8221;grid&#8211;center&#8221; wrapper=&#8221;true&#8221; holder_class=&#8221;u-section-hero-applications u-overlapped-hero-padding&#8221; holder_set_margin=&#8221;true&#8221; holder_margin=&#8221;u-margin-bottom-large&#8221;][vc_column row_width=&#8221;_desktop-9&#8243;][vc_column_text]\n<h3 class=\"u-text-large\">EGON<\/h3>\n<p class=\"u-text-thinner u-h3\">Validar, desduplicar e manter dados de endere\u00e7o precisos e dispon\u00edveis.<\/p>\n[\/vc_column_text][vc_column_text]\n<p class=\"p1\">Projetamos aplicativos de software capazes de automatizar a verifica\u00e7\u00e3o e valida\u00e7\u00e3o de endere\u00e7os postais e dados pessoais inclu\u00eddos nos bancos de dados da empresa.<\/p>\n[\/vc_column_text][\/vc_column][\/vc_row][vc_row wrapper=&#8221;true&#8221;][vc_column][vc_column_text]EGON DATA QUALITY S.L. \u00e9 uma sociedade de servi\u00e7os que utiliza softwares fornecidos por terceiros para satisfazer, da melhor maneira, as in\u00fameras exig\u00eancias comerciais, seguindo os seus clientes com o passar dos anos e auxiliando-os durante a gest\u00e3o e a resolu\u00e7\u00e3o das diferentes problem\u00e1ticas.[\/vc_column_text]<div class=\"c-heading\"><h3 class=\" u-h2 u-text-bold\">EGON: DISTRIBUI\u00c7\u00c3O DE SERVI\u00c7OS DE QUALIDADE DE DADOS<\/h3><\/div>[vc_column_text]Gra\u00e7as \u00e0 experi\u00eancia de mais de vinte anos dos colaboradores que criaram o grupo EGON DATA QUALITY S.L., EGON DATA QUALITY S.L. nasceu com o objetivo de fortalecer constantemente e difundir em grande escala o fornecimento de servi\u00e7os de entrada de dados ligados ao nosso portal de refer\u00eancia, Egon.com.<\/p>\n<p>Hoje, EGON \u00e9 perfeitamente capaz de fornecer solu\u00e7\u00f5es sofisticadas e competitivas no setor de <a title=\"normaliza\u00e7\u00e3o endere\u00e7os \" href=\"https:\/\/www.egon.com\/br\/solucoes\/normalizacao-de-enderecos.html\">normaliza\u00e7\u00e3o de endere\u00e7os <\/a>e dados pessoais, <a title=\"geocodifica\u00e7\u00e3o\" href=\"https:\/\/www.egon.com\/br\/solucoes\/geocodificacao.html\">geocodifica\u00e7\u00e3o<\/a>, <a title=\"deduplica\u00e7\u00e3o\" href=\"https:\/\/www.egon.com\/br\/solucoes\/deduplicacao.html\">deduplica\u00e7\u00e3o<\/a> e outros setores relacionados.[\/vc_column_text]<div class=\"c-heading\"><h3 class=\" u-h3 u-text-bold\">ESPECIALIZA\u00c7\u00c3O E OBJETIVOS<\/h3><\/div><div class=\"c-mediabox u-margin-bottom\">\n<div class=\" o-media o-media--responsive\">\n<div class=\"o-media__img\"><img loading=\"lazy\" decoding=\"async\" width=\"400\" height=\"267\" src=\"https:\/\/www.egon.com\/wp-content\/uploads\/2017\/07\/staff-egon-400x267.jpg\" class=\"attachment-medium size-medium\" alt=\"\" srcset=\"https:\/\/www.egon.com\/wp-content\/uploads\/2017\/07\/staff-egon-400x267.jpg 400w, https:\/\/www.egon.com\/wp-content\/uploads\/2017\/07\/staff-egon-768x512.jpg 768w, https:\/\/www.egon.com\/wp-content\/uploads\/2017\/07\/staff-egon-1024x683.jpg 1024w, https:\/\/www.egon.com\/wp-content\/uploads\/2017\/07\/staff-egon.jpg 1920w\" sizes=\"auto, (max-width: 400px) 100vw, 400px\" \/><\/div>\n<div class=\"o-media__body\">EGON DATA QUALITY S.L., portanto, fez uma escolha concreta de especializa\u00e7\u00e3o para satisfazer de forma eficaz e inovadora as necessidades dos seus parceiros no mercado e de uma clientela cada vez mais atenta \u00e0s novas tecnologias e \u00e0s modalidades emergentes de utiliza\u00e7\u00e3o dos servi\u00e7os. Gra\u00e7as aos\u00a0numerosos acordos\u00a0feitos com importantes empresas do setor, EGON \u00e9 hoje um ponto de refer\u00eancia\u00a0para a realiza\u00e7\u00e3o de solu\u00e7\u00f5es para internet em termos de normaliza\u00e7\u00e3o, certifica\u00e7\u00e3o e identifica\u00e7\u00e3o un\u00edvoca de informa\u00e7\u00f5es comerciais.<\/p>\n<p>O principal produto empresarial de refer\u00eancia, <a title=\"egon\" href=\"https:\/\/www.egon.com\/br\/\">Egon<\/a>, \u00e9 uma solu\u00e7\u00e3o software baseada em um sofisticado algoritmo, capaz de elaborar a normaliza\u00e7\u00e3o mediante diversas solu\u00e7\u00f5es, <a href=\"https:\/\/www.egon.com\/br\/egon-on-site-on-premises-br.html\">no local<\/a>, com a instala\u00e7\u00e3o no data center do cliente, ou <a href=\"https:\/\/www.egon.com\/br\/egon-web-in-the-cloud.html\">via web<\/a>, em clouding.<\/p>\n<p>Atualmente a equipe \u00e9 formada por cerca de 30 pessoas, entre funcion\u00e1rios e parceiros, que constituem uma base de especialistas preparada e eficiente. Durante a realiza\u00e7\u00e3o de projetos, conta ainda com a colabora\u00e7\u00e3o de algumas empresas externas. Com os seus clientes, EGON instaura um rela\u00e7\u00e3o duradoura de colabora\u00e7\u00e3o, para que juntos possam alcan\u00e7ar os pr\u00f3prios objetivos, assim como para poder compartilhar a atualiza\u00e7\u00e3o constante que o patrim\u00f4nio de informa\u00e7\u00f5es exige.<\/p><\/div>\n<\/div>\n<\/div>\n<div class=\" c-divider c-divider--dashed\"\/><\/div>[\/vc_column][\/vc_row][vc_row wrapper=&#8221;true&#8221;][vc_column]<div class=\"c-heading\"><h3 class=\" u-h2 u-text-bold\">NOSSA MISS\u00c3O<\/h3><\/div>[vc_column_text]Fundamos a\u00a0 EGON DATA QUALITY S.L.\u00a0\u00a0 com uma ideia bem precisa: tornar-se progressivamente um\u00a0ponto de refer\u00eancia de n\u00edvel internacional para fornecer servi\u00e7os de normaliza\u00e7\u00e3o, certifica\u00e7\u00e3o\u00a0e identifica\u00e7\u00e3o un\u00edvoca das informa\u00e7\u00f5es mediante\u00a0solu\u00e7\u00f5es inovadoras, suportadas por uma metodologia de trabalho transparente e personalizada\u00a0o m\u00e1ximo poss\u00edvel, segundo cada projeto.[\/vc_column_text]<div class=\"c-heading\"><h3 class=\" u-h4 u-text-bold\">EGON: PAIX\u00c3O E COMPET\u00caNCIA\u2026<\/h3><\/div>[vc_column_text]Trata-se certamente de um objetivo ambicioso, que, unido \u00e0 nossa paix\u00e3o hist\u00f3rica por endere\u00e7os e mapas, tamb\u00e9m nos permitiu obter resultados em termos de geocodifica\u00e7\u00e3o cada vez mais importantes.<\/p>\n<p>Os nossos esfor\u00e7os di\u00e1rios s\u00e3o constantemente voltados a otimizar as opera\u00e7\u00f5es relacionadas \u00e0 <a title=\"qualidade de dados\" href=\"https:\/\/www.egon.com\/br\/\">qualidade de dados<\/a> e a adapt\u00e1-las \u00e0s exig\u00eancias dos usu\u00e1rios, fornecendo servi\u00e7os avan\u00e7ados, que tamb\u00e9m podem ser integrados e utilizados a dist\u00e2ncia, diretamente via internet.\u00a0\u00a0 \u2028EGON\u00a0\u00a0 conta com uma equipe de especialistas que obteve uma grande experi\u00eancia neste setor, trabalhando em projetos de n\u00edvel internacional.[\/vc_column_text]<div class=\" c-divider c-divider--dashed\"\/><\/div><div class=\"c-heading\"><h3 class=\" u-h4 u-text-bold\">EGON: SIMPLES, CONFI\u00c1VEL, AO ALCANCE DE UM CLIQUE<\/h3><\/div>[vc_column_text]Durante os anos, nos dedicamos a uma busca atenta e constante de solu\u00e7\u00f5es capazes de oferecer confiabilidade e seguran\u00e7a, que possam, ao mesmo tempo, satisfazer exig\u00eancias diversas e complexas. Agora, com o pacote Egon, podemos garantir uma gama de servi\u00e7os completa e consolidada, cada vez mais aberta ao mundo da web e clouding.<\/p>\n<p>Portanto, acreditamos que podemos continuar a nossa escalada para conquistar uma posi\u00e7\u00e3o de lideran\u00e7a no mercado europeu e mundial.<\/p>\n<p>A cria\u00e7\u00e3o de um polo internacional para a certifica\u00e7\u00e3o da informa\u00e7\u00e3o comercial representa, para n\u00f3s, uma etapa e uma ocasi\u00e3o fundamental em vista de uma ulterior afirma\u00e7\u00e3o internacional.[\/vc_column_text][\/vc_column][\/vc_row][vc_row][vc_column]<div class=\"templatera_shortcode\"><div class=\"o-holder u-background-color-one\"><div class=\" o-wrapper\"><div class=\"grid-1 u-deco-globe grid--equalHeight\"><div class=\"col _lap-and-up-8\" ><div class=\"o-holder u-padding-vertical-large\"><div class=\"grid-1\"><div class=\"col _lap-and-up-4\" ><div class=\"c-heading\"><h3 class=\" u-text-color-invert u-text-right\">Qualidade de dados \u00e9 importante para o seu neg\u00f3cio? <\/h3><\/div><\/div><div class=\"col _lap-and-up-8\" ><div class=\"c-text-block u-text-color-invert\"><p class=\"p1\">Em transportes como embarques, na entrada de dados, como geomarketing, e em estat\u00edsticas como o mapeamento: h\u00e1 v\u00e1rios setores e opera\u00e7\u00f5es baseados no uso de endere\u00e7os postais. Arquivos e bases de dados de qualidade garantem economia de custos e log\u00edsticas consider\u00e1veis para a empresa cuja chave para o sucesso se baseia no ajuste de opera\u00e7\u00f5es. Este \u00e9 um valor agregado que n\u00e3o deve ser subestimado para tornar o trabalho mais f\u00e1cil e eficiente.<\/p>\n <\/div><\/div>\n<\/div><\/div><\/div><div class=\"col _lap-and-up-4\" ><div class=\"col_inner u-padding-vertical col_inner--middle\"><div class=\"c-button-holder c-button-holder--center\"><a class=\"c-button u-text-bold c-button--center c-button--white\" href=\"https:\/\/www.egon.com\/egon-demo\">Experimente a nossa DEMONSTRA\u00c7\u00c3O WEB GRATUITA<\/a><\/div><\/div><\/div>\n<\/div><\/div><\/div><\/div>[\/vc_column][\/vc_row]\n","protected":false},"excerpt":{"rendered":"Qualidade de dados \u00e9 importante para o seu neg\u00f3cio? Em transportes como embarques, na entrada de dados, como geomarketing, e em estat\u00edsticas [...]","protected":false},"author":1,"featured_media":0,"parent":0,"menu_order":0,"comment_status":"closed","ping_status":"closed","template":"templates\/template-fullwidth.php","meta":{"footnotes":""},"class_list":["post-16185","page","type-page","status-publish","hentry"],"yoast_head":"<!-- This site is optimized with the Yoast SEO plugin v26.8 - https:\/\/yoast.com\/product\/yoast-seo-wordpress\/ -->\n<title>Egon: uma grande paix\u00e3o: os endere\u00e7os<\/title>\n<meta name=\"description\" content=\"EGON, gra\u00e7as \u00e0 paix\u00e3o pelos endere\u00e7os e \u00e0 valoriza\u00e7\u00e3o das informa\u00e7\u00f5es comerciais, criou o pacote Egon\" \/>\n<meta name=\"robots\" content=\"index, follow, max-snippet:-1, max-image-preview:large, max-video-preview:-1\" \/>\n<link rel=\"canonical\" href=\"https:\/\/www.egon.com\/pt\/empresa\" \/>\n<meta property=\"og:locale\" content=\"pt_PT\" \/>\n<meta property=\"og:type\" content=\"article\" \/>\n<meta property=\"og:title\" content=\"Egon: uma grande paix\u00e3o: os endere\u00e7os\" \/>\n<meta property=\"og:description\" content=\"EGON, gra\u00e7as \u00e0 paix\u00e3o pelos endere\u00e7os e \u00e0 valoriza\u00e7\u00e3o das informa\u00e7\u00f5es comerciais, criou o pacote Egon\" \/>\n<meta property=\"og:url\" content=\"https:\/\/www.egon.com\/pt\/empresa\" \/>\n<meta property=\"og:site_name\" content=\"Egon\" \/>\n<meta property=\"article:modified_time\" content=\"2022-09-09T07:59:30+00:00\" \/>\n<meta name=\"twitter:card\" content=\"summary_large_image\" \/>\n<meta name=\"twitter:label1\" content=\"Est. reading time\" \/>\n\t<meta name=\"twitter:data1\" content=\"4 minutes\" \/>\n<script type=\"application\/ld+json\" class=\"yoast-schema-graph\">{\"@context\":\"https:\/\/schema.org\",\"@graph\":[{\"@type\":\"WebPage\",\"@id\":\"https:\/\/www.egon.com\/pt\/empresa\",\"url\":\"https:\/\/www.egon.com\/pt\/empresa\",\"name\":\"Egon: uma grande paix\u00e3o: os endere\u00e7os\",\"isPartOf\":{\"@id\":\"https:\/\/www.egon.com\/zh\/#website\"},\"datePublished\":\"2017-09-19T14:17:06+00:00\",\"dateModified\":\"2022-09-09T07:59:30+00:00\",\"description\":\"EGON, gra\u00e7as \u00e0 paix\u00e3o pelos endere\u00e7os e \u00e0 valoriza\u00e7\u00e3o das informa\u00e7\u00f5es comerciais, criou o pacote Egon\",\"breadcrumb\":{\"@id\":\"https:\/\/www.egon.com\/pt\/empresa#breadcrumb\"},\"inLanguage\":\"pt\",\"potentialAction\":[{\"@type\":\"ReadAction\",\"target\":[\"https:\/\/www.egon.com\/pt\/empresa\"]}]},{\"@type\":\"BreadcrumbList\",\"@id\":\"https:\/\/www.egon.com\/pt\/empresa#breadcrumb\",\"itemListElement\":[{\"@type\":\"ListItem\",\"position\":1,\"name\":\"Home\",\"item\":\"https:\/\/www.egon.com\/pt\"},{\"@type\":\"ListItem\",\"position\":2,\"name\":\"Company\"}]},{\"@type\":\"WebSite\",\"@id\":\"https:\/\/www.egon.com\/zh\/#website\",\"url\":\"https:\/\/www.egon.com\/zh\/\",\"name\":\"Egon\",\"description\":\"Normalizzazione indirizzi - Address validation - Egon.com\",\"potentialAction\":[{\"@type\":\"SearchAction\",\"target\":{\"@type\":\"EntryPoint\",\"urlTemplate\":\"https:\/\/www.egon.com\/zh\/?s={search_term_string}\"},\"query-input\":{\"@type\":\"PropertyValueSpecification\",\"valueRequired\":true,\"valueName\":\"search_term_string\"}}],\"inLanguage\":\"pt\"}]}<\/script>\n<!-- \/ Yoast SEO plugin. -->","yoast_head_json":{"title":"Egon: uma grande paix\u00e3o: os endere\u00e7os","description":"EGON, gra\u00e7as \u00e0 paix\u00e3o pelos endere\u00e7os e \u00e0 valoriza\u00e7\u00e3o das informa\u00e7\u00f5es comerciais, criou o pacote Egon","robots":{"index":"index","follow":"follow","max-snippet":"max-snippet:-1","max-image-preview":"max-image-preview:large","max-video-preview":"max-video-preview:-1"},"canonical":"https:\/\/www.egon.com\/pt\/empresa","og_locale":"pt_PT","og_type":"article","og_title":"Egon: uma grande paix\u00e3o: os endere\u00e7os","og_description":"EGON, gra\u00e7as \u00e0 paix\u00e3o pelos endere\u00e7os e \u00e0 valoriza\u00e7\u00e3o das informa\u00e7\u00f5es comerciais, criou o pacote Egon","og_url":"https:\/\/www.egon.com\/pt\/empresa","og_site_name":"Egon","article_modified_time":"2022-09-09T07:59:30+00:00","twitter_card":"summary_large_image","twitter_misc":{"Est. reading time":"4 minutes"},"schema":{"@context":"https:\/\/schema.org","@graph":[{"@type":"WebPage","@id":"https:\/\/www.egon.com\/pt\/empresa","url":"https:\/\/www.egon.com\/pt\/empresa","name":"Egon: uma grande paix\u00e3o: os endere\u00e7os","isPartOf":{"@id":"https:\/\/www.egon.com\/zh\/#website"},"datePublished":"2017-09-19T14:17:06+00:00","dateModified":"2022-09-09T07:59:30+00:00","description":"EGON, gra\u00e7as \u00e0 paix\u00e3o pelos endere\u00e7os e \u00e0 valoriza\u00e7\u00e3o das informa\u00e7\u00f5es comerciais, criou o pacote Egon","breadcrumb":{"@id":"https:\/\/www.egon.com\/pt\/empresa#breadcrumb"},"inLanguage":"pt","potentialAction":[{"@type":"ReadAction","target":["https:\/\/www.egon.com\/pt\/empresa"]}]},{"@type":"BreadcrumbList","@id":"https:\/\/www.egon.com\/pt\/empresa#breadcrumb","itemListElement":[{"@type":"ListItem","position":1,"name":"Home","item":"https:\/\/www.egon.com\/pt"},{"@type":"ListItem","position":2,"name":"Company"}]},{"@type":"WebSite","@id":"https:\/\/www.egon.com\/zh\/#website","url":"https:\/\/www.egon.com\/zh\/","name":"Egon","description":"Normalizzazione indirizzi - Address validation - Egon.com","potentialAction":[{"@type":"SearchAction","target":{"@type":"EntryPoint","urlTemplate":"https:\/\/www.egon.com\/zh\/?s={search_term_string}"},"query-input":{"@type":"PropertyValueSpecification","valueRequired":true,"valueName":"search_term_string"}}],"inLanguage":"pt"}]}},"_links":{"self":[{"href":"https:\/\/www.egon.com\/pt\/wp-json\/wp\/v2\/pages\/16185","targetHints":{"allow":["GET"]}}],"collection":[{"href":"https:\/\/www.egon.com\/pt\/wp-json\/wp\/v2\/pages"}],"about":[{"href":"https:\/\/www.egon.com\/pt\/wp-json\/wp\/v2\/types\/page"}],"author":[{"embeddable":true,"href":"https:\/\/www.egon.com\/pt\/wp-json\/wp\/v2\/users\/1"}],"replies":[{"embeddable":true,"href":"https:\/\/www.egon.com\/pt\/wp-json\/wp\/v2\/comments?post=16185"}],"version-history":[{"count":1,"href":"https:\/\/www.egon.com\/pt\/wp-json\/wp\/v2\/pages\/16185\/revisions"}],"predecessor-version":[{"id":19324,"href":"https:\/\/www.egon.com\/pt\/wp-json\/wp\/v2\/pages\/16185\/revisions\/19324"}],"wp:attachment":[{"href":"https:\/\/www.egon.com\/pt\/wp-json\/wp\/v2\/media?parent=16185"}],"curies":[{"name":"wp","href":"https:\/\/api.w.org\/{rel}","templated":true}]}}