{"id":16180,"date":"2017-09-19T14:43:42","date_gmt":"2017-09-19T14:43:42","guid":{"rendered":"https:\/\/www.egon.com\/egon-on-site-on-premises-br"},"modified":"2017-09-19T14:43:42","modified_gmt":"2017-09-19T14:43:42","slug":"egon-on-site-on-premises-br","status":"publish","type":"page","link":"https:\/\/www.egon.com\/pt\/egon-on-site-on-premises-br","title":{"rendered":"EGON PRESENCIAL (NOS LOCAIS)"},"content":{"rendered":"[vc_row holder_set_margin=&#8221;true&#8221; holder_margin=&#8221;u-margin-bottom&#8221;][vc_column]<div class=\"c-mediabox\">\n<div class=\" o-media o-media--responsive\">\n<div class=\"o-media__img\"><img loading=\"lazy\" decoding=\"async\" width=\"425\" height=\"265\" src=\"https:\/\/www.egon.com\/wp-content\/uploads\/2017\/07\/install-software-425x265.jpg\" class=\"attachment-wps_child_medium_inter size-wps_child_medium_inter\" alt=\"\" \/><\/div>\n<div class=\"o-media__body\">\n<h3 class=\"u-text-bolder\">SEGURAN\u00c7A E PERFORMANCE<\/h3>\n<p>O Egon \u00e9 distribu\u00eddo e ativado por meio de uma instala\u00e7\u00e3o local espec\u00edfica no servidor do cliente e opera atrav\u00e9s da intranet da empresa atrav\u00e9s de um di\u00e1logo cont\u00ednuo entre os processos de aplicativos de software da empresa e o mecanismo.<\/p>\n<p><span>Egon nos Locais<\/span>: toda a seguran\u00e7a de uma instala\u00e7\u00e3o local tradicional..<\/div>\n<\/div>\n<\/div>\n[\/vc_column][\/vc_row][vc_row row_v_align=&#8221;grid&#8211;middle&#8221; holder_set_margin=&#8221;true&#8221; holder_img=&#8221;293&#8243; holder_img_behave=&#8221;u-background-cover&#8221; holder_img_pos=&#8221;u-background-pos-bottom-right&#8221; holder_bg_fx=&#8221;u-background-color-one&#8221; holder_margin=&#8221;u-margin-bottom-large&#8221;][vc_column width=&#8221;3\/4&#8243; set_padding_inner=&#8221;true&#8221; padding_inner=&#8221;u-padding&#8221;]<div class=\"c-heading\"><h3 class=\" u-text-color-invert u-text-bolder u-margin-bottom-none u-padding-vertical\">CONTATE-NOS E DESCUBRA COMO IMPLEMENTAR J\u00c1 EGON NA SUA EMPRESA.<\/h3><\/div>[\/vc_column][vc_column width=&#8221;1\/4&#8243;]<div class=\"c-button-holder c-button-holder--center\"><a class=\"c-button c-button--center c-button--white  c-button--ghost\" href=\"https:\/\/www.egon.com\/br\/empresa\/contatos\">ENTRE EM CONTATO<\/a><\/div>[\/vc_column][\/vc_row][vc_row][vc_column][vc_column_text]Obviamente, esse tipo de uso implica custos de implementa\u00e7\u00e3o mais elevados, devido \u00e0 natureza espec\u00edfica da instala\u00e7\u00e3o local no servidor da empresa. Entretanto, apesar do investimento inicial mais alto, este servi\u00e7o ainda \u00e9 um favorito com o objetivo de usu\u00e1rios mais tecnicamente avan\u00e7ados, que exigem controles completos de toda a infraestrutura t\u00e9cnica de que precisam para suas opera\u00e7\u00f5es eficientes.[\/vc_column_text]<div class=\" c-divider c-divider--dashed\"\/><\/div><div class=\"c-heading\"><h3>COMO USAR O EGON NAS FERRAMENTAS DE SOFTWARE DA EMPRESA<\/h3><\/div>[vc_column_text]Por enquanto o Egon pode ser usado das seguintes formas:<\/p>\n<ul>\n<li><a href=\"https:\/\/www.egon.com\/br\/modalidade-de-uso\/batch\"><span>Em lotes<\/span><\/a>: O Egon pega um banco de dados inteiro e o purifica, devolvendo um bando de dados validado como resultado.<\/li>\n<li><a href=\"https:\/\/www.egon.com\/br\/modalidade-de-uso\/integrado\"><span>Incorpora\u00e7\u00e3o no software de aplica\u00e7\u00e3o empresarial (on-line \u2013 lotes)<\/span><\/a>: atrav\u00e9s do servi\u00e7o web, o Egon \u00e9 incorporado no software de aplica\u00e7\u00e3o empresarial que o explora em tempo real (o Egon trabalha on-line atrav\u00e9s da intranet da empresa, diretamente quando o aplicativo est\u00e1 em execu\u00e7\u00e3o, para melhorar a entrada de dados) ou no modo de lote autom\u00e1tico nos processos.<\/li>\n<li><a href=\"https:\/\/www.egon.com\/br\/modalidade-de-uso\/integrado\"><span>Incorpora\u00e7\u00e3o em aplicativos empresariais padr\u00f5es como um plug-in<\/span><\/a>: neste caso o Egon \u00e9 incorporado nos sistemas locais atuais como Oracle, Google, Windows, SAP, etc.<\/li>\n<li><a href=\"https:\/\/www.egon.com\/br\/modalidade-de-uso\/online\"><span>On-line<\/span><\/a>: que \u00e9 uma interface da web onde fun\u00e7\u00f5es \u00fanicas podem ser exploradas em tempo real, como a valida\u00e7\u00e3o de endere\u00e7os individuais.<\/li>\n<li><a href=\"https:\/\/www.egon.com\/br\/modalidade-de-uso\/autocompletamento\"><span>Autocomplemento<\/span><\/a>: backup de entrada de dados com sugest\u00f5es autom\u00e1ticas de poss\u00edveis valores em tempo real, durante a digita\u00e7\u00e3o de dados e a inser\u00e7\u00e3o em formul\u00e1rios de entrada.<\/li>\n<\/ul>\n[\/vc_column_text][\/vc_column][\/vc_row]\n","protected":false},"excerpt":{"rendered":"<p>[vc_row holder_set_margin=&#8221;true&#8221; holder_margin=&#8221;u-margin-bottom&#8221;][vc_column][\/vc_column][\/vc_row][vc_row row_v_align=&#8221;grid&#8211;middle&#8221; holder_set_margin=&#8221;true&#8221; holder_img=&#8221;293&#8243; holder_img_behave=&#8221;u-background-cover&#8221; holder_img_pos=&#8221;u-background-pos-bottom-right&#8221; holder_bg_fx=&#8221;u-background-color-one&#8221; holder_margin=&#8221;u-margin-bottom-large&#8221;][vc_column width=&#8221;3\/4&#8243; set_padding_inner=&#8221;true&#8221; padding_inner=&#8221;u-padding&#8221;][\/vc_column][vc_column width=&#8221;1\/4&#8243;][\/vc_column][\/vc_row][vc_row][vc_column][vc_column_text]Obviamente, esse tipo de uso implica custos de implementa\u00e7\u00e3o [&hellip;]<\/p>\n","protected":false},"author":1,"featured_media":0,"parent":0,"menu_order":0,"comment_status":"closed","ping_status":"closed","template":"templates\/template-nosidebar.php","meta":{"footnotes":""},"class_list":["post-16180","page","type-page","status-publish","hentry"],"yoast_head":"<!-- This site is optimized with the Yoast SEO plugin v26.8 - https:\/\/yoast.com\/product\/yoast-seo-wordpress\/ -->\n<title>Egon No Local: a qualidade de dados na sua casa<\/title>\n<meta name=\"description\" content=\"Egon No Local (On Premises): instala\u00e7\u00e3o do pacote Egon diretamente no data center do cliente e uso r\u00e1pido e direto atrav\u00e9s da intranet empresarial\" \/>\n<meta name=\"robots\" content=\"index, follow, max-snippet:-1, max-image-preview:large, max-video-preview:-1\" \/>\n<link rel=\"canonical\" href=\"https:\/\/www.egon.com\/pt\/egon-on-site-on-premises-br\" \/>\n<meta property=\"og:locale\" content=\"pt_PT\" \/>\n<meta property=\"og:type\" content=\"article\" \/>\n<meta property=\"og:title\" content=\"Egon No Local: a qualidade de dados na sua casa\" \/>\n<meta property=\"og:description\" content=\"Egon No Local (On Premises): instala\u00e7\u00e3o do pacote Egon diretamente no data center do cliente e uso r\u00e1pido e direto atrav\u00e9s da intranet empresarial\" \/>\n<meta property=\"og:url\" content=\"https:\/\/www.egon.com\/pt\/egon-on-site-on-premises-br\" \/>\n<meta property=\"og:site_name\" content=\"Egon\" \/>\n<meta name=\"twitter:card\" content=\"summary_large_image\" \/>\n<meta name=\"twitter:label1\" content=\"Est. reading time\" \/>\n\t<meta name=\"twitter:data1\" content=\"2 minutes\" \/>\n<script type=\"application\/ld+json\" class=\"yoast-schema-graph\">{\"@context\":\"https:\/\/schema.org\",\"@graph\":[{\"@type\":\"WebPage\",\"@id\":\"https:\/\/www.egon.com\/pt\/egon-on-site-on-premises-br\",\"url\":\"https:\/\/www.egon.com\/pt\/egon-on-site-on-premises-br\",\"name\":\"Egon No Local: a qualidade de dados na sua casa\",\"isPartOf\":{\"@id\":\"https:\/\/www.egon.com\/zh\/#website\"},\"datePublished\":\"2017-09-19T14:43:42+00:00\",\"description\":\"Egon No Local (On Premises): instala\u00e7\u00e3o do pacote Egon diretamente no data center do cliente e uso r\u00e1pido e direto atrav\u00e9s da intranet empresarial\",\"breadcrumb\":{\"@id\":\"https:\/\/www.egon.com\/pt\/egon-on-site-on-premises-br#breadcrumb\"},\"inLanguage\":\"pt\",\"potentialAction\":[{\"@type\":\"ReadAction\",\"target\":[\"https:\/\/www.egon.com\/pt\/egon-on-site-on-premises-br\"]}]},{\"@type\":\"BreadcrumbList\",\"@id\":\"https:\/\/www.egon.com\/pt\/egon-on-site-on-premises-br#breadcrumb\",\"itemListElement\":[{\"@type\":\"ListItem\",\"position\":1,\"name\":\"Home\",\"item\":\"https:\/\/www.egon.com\/pt\"},{\"@type\":\"ListItem\",\"position\":2,\"name\":\"EGON PRESENCIAL (NOS LOCAIS)\"}]},{\"@type\":\"WebSite\",\"@id\":\"https:\/\/www.egon.com\/zh\/#website\",\"url\":\"https:\/\/www.egon.com\/zh\/\",\"name\":\"Egon\",\"description\":\"Normalizzazione indirizzi - Address validation - Egon.com\",\"potentialAction\":[{\"@type\":\"SearchAction\",\"target\":{\"@type\":\"EntryPoint\",\"urlTemplate\":\"https:\/\/www.egon.com\/zh\/?s={search_term_string}\"},\"query-input\":{\"@type\":\"PropertyValueSpecification\",\"valueRequired\":true,\"valueName\":\"search_term_string\"}}],\"inLanguage\":\"pt\"}]}<\/script>\n<!-- \/ Yoast SEO plugin. -->","yoast_head_json":{"title":"Egon No Local: a qualidade de dados na sua casa","description":"Egon No Local (On Premises): instala\u00e7\u00e3o do pacote Egon diretamente no data center do cliente e uso r\u00e1pido e direto atrav\u00e9s da intranet empresarial","robots":{"index":"index","follow":"follow","max-snippet":"max-snippet:-1","max-image-preview":"max-image-preview:large","max-video-preview":"max-video-preview:-1"},"canonical":"https:\/\/www.egon.com\/pt\/egon-on-site-on-premises-br","og_locale":"pt_PT","og_type":"article","og_title":"Egon No Local: a qualidade de dados na sua casa","og_description":"Egon No Local (On Premises): instala\u00e7\u00e3o do pacote Egon diretamente no data center do cliente e uso r\u00e1pido e direto atrav\u00e9s da intranet empresarial","og_url":"https:\/\/www.egon.com\/pt\/egon-on-site-on-premises-br","og_site_name":"Egon","twitter_card":"summary_large_image","twitter_misc":{"Est. reading time":"2 minutes"},"schema":{"@context":"https:\/\/schema.org","@graph":[{"@type":"WebPage","@id":"https:\/\/www.egon.com\/pt\/egon-on-site-on-premises-br","url":"https:\/\/www.egon.com\/pt\/egon-on-site-on-premises-br","name":"Egon No Local: a qualidade de dados na sua casa","isPartOf":{"@id":"https:\/\/www.egon.com\/zh\/#website"},"datePublished":"2017-09-19T14:43:42+00:00","description":"Egon No Local (On Premises): instala\u00e7\u00e3o do pacote Egon diretamente no data center do cliente e uso r\u00e1pido e direto atrav\u00e9s da intranet empresarial","breadcrumb":{"@id":"https:\/\/www.egon.com\/pt\/egon-on-site-on-premises-br#breadcrumb"},"inLanguage":"pt","potentialAction":[{"@type":"ReadAction","target":["https:\/\/www.egon.com\/pt\/egon-on-site-on-premises-br"]}]},{"@type":"BreadcrumbList","@id":"https:\/\/www.egon.com\/pt\/egon-on-site-on-premises-br#breadcrumb","itemListElement":[{"@type":"ListItem","position":1,"name":"Home","item":"https:\/\/www.egon.com\/pt"},{"@type":"ListItem","position":2,"name":"EGON PRESENCIAL (NOS LOCAIS)"}]},{"@type":"WebSite","@id":"https:\/\/www.egon.com\/zh\/#website","url":"https:\/\/www.egon.com\/zh\/","name":"Egon","description":"Normalizzazione indirizzi - Address validation - Egon.com","potentialAction":[{"@type":"SearchAction","target":{"@type":"EntryPoint","urlTemplate":"https:\/\/www.egon.com\/zh\/?s={search_term_string}"},"query-input":{"@type":"PropertyValueSpecification","valueRequired":true,"valueName":"search_term_string"}}],"inLanguage":"pt"}]}},"_links":{"self":[{"href":"https:\/\/www.egon.com\/pt\/wp-json\/wp\/v2\/pages\/16180","targetHints":{"allow":["GET"]}}],"collection":[{"href":"https:\/\/www.egon.com\/pt\/wp-json\/wp\/v2\/pages"}],"about":[{"href":"https:\/\/www.egon.com\/pt\/wp-json\/wp\/v2\/types\/page"}],"author":[{"embeddable":true,"href":"https:\/\/www.egon.com\/pt\/wp-json\/wp\/v2\/users\/1"}],"replies":[{"embeddable":true,"href":"https:\/\/www.egon.com\/pt\/wp-json\/wp\/v2\/comments?post=16180"}],"version-history":[{"count":0,"href":"https:\/\/www.egon.com\/pt\/wp-json\/wp\/v2\/pages\/16180\/revisions"}],"wp:attachment":[{"href":"https:\/\/www.egon.com\/pt\/wp-json\/wp\/v2\/media?parent=16180"}],"curies":[{"name":"wp","href":"https:\/\/api.w.org\/{rel}","templated":true}]}}