{"id":16178,"date":"2017-09-19T14:46:38","date_gmt":"2017-09-19T14:46:38","guid":{"rendered":"https:\/\/www.egon.com\/egon-web-in-the-cloud"},"modified":"2017-09-19T14:46:38","modified_gmt":"2017-09-19T14:46:38","slug":"egon-web-in-the-cloud","status":"publish","type":"page","link":"https:\/\/www.egon.com\/pt\/egon-web-in-the-cloud","title":{"rendered":"QUALIDADE DE DADOS E NORMALIZA\u00c7\u00c3O DE ENDERE\u00c7OS VIA WEB"},"content":{"rendered":"[vc_row holder_set_margin=&#8221;true&#8221; holder_margin=&#8221;u-margin-bottom-large&#8221;][vc_column]<div class=\"c-mediabox\">\n<div class=\" o-media o-media--responsive\">\n<div class=\"o-media__img\"><img loading=\"lazy\" decoding=\"async\" width=\"336\" height=\"420\" src=\"https:\/\/www.egon.com\/wp-content\/uploads\/2017\/09\/normalizacao-enderecos-web-336x420.jpg\" class=\"attachment-wps_prime_medium size-wps_prime_medium\" alt=\"normaliza\u00e7\u00e3o de endere\u00e7os via web\" \/><\/div>\n<div class=\"o-media__body\">Egon pode ser utilizado quer de maneira cont\u00ednua, quer quando necess\u00e1rio (com f\u00f3rmulas de pagamento \u00fanico ou a consumo, al\u00e9m das cl\u00e1ssicas assinaturas), sem que sejam necess\u00e1rias instala\u00e7\u00f5es especiais na infraestrutura inform\u00e1tica do cliente, utilizando simples\u00a0<span>liga\u00e7\u00f5es internet<\/span>\u00a0aos \u201c<span>web services<\/span>\u201d dispon\u00edveis, que permitem uma comunica\u00e7\u00e3o direta entre as aplica\u00e7\u00f5es da empresa e o motor Egon, atrav\u00e9s de linguagens e interfaces padr\u00e3o (wsdl, api\u2026).<\/p>\n<p>Voc\u00ea n\u00e3o dever\u00e1 se preocupar com os custos e as modalidades de instala\u00e7\u00e3o f\u00edsica do nosso aplicativo, pois Egon, como se costuma dizer, est\u00e1 dispon\u00edvel diretamente \u201c<span>In the Cloud<\/span>\u201d (<span>nas nuvens<\/span>) e voc\u00ea\u00a0<span>adquire exclusivamente o servi\u00e7o<\/span>, enquanto n\u00f3s nos ocupamos de toda a infraestrutura t\u00e9cnico-log\u00edstica, atrav\u00e9s de instala\u00e7\u00f5es em servidores de nossa propriedade e sob o nosso controle.<\/div>\n<\/div>\n<\/div>\n[\/vc_column][\/vc_row][vc_row][vc_column]<div class=\"templatera_shortcode\"><div class=\"o-holder u-background-pos-bottom-right u-background-cover u-background-color-one u-margin-bottom-large\" style='background-image:url(https:\/\/www.egon.com\/wp-content\/uploads\/2017\/07\/pattern.svg);'><div class=\"grid-1 grid--middle\"><div class=\"col _lap-and-up-9\" ><div class=\"col_inner u-padding\"><div class=\"c-heading\"><h3 class=\" u-text-color-invert u-text-bolder u-margin-bottom-none u-padding-vertical\">Teste imediatamente a for\u00e7a do nosso aplicativo!<\/h3><\/div><div class=\"c-text-block u-text-color-invert\"><p>Avaliaremos juntos, sem compromisso, a solu\u00e7\u00e3o ideal para satisfazer as suas necesidades, permitindo, ainda, que\u00a0<span>teste gratuitamente alguns dos nossos servi\u00e7os de base<\/span>, para que possa compreender de forma clara o imenso potencial do nosso produto.<\/p>\n <\/div><\/div><\/div><div class=\"col _lap-and-up-3\" ><div class=\"col_inner u-padding\"><div class=\"c-button-holder c-button-holder--center\"><a class=\"c-button c-button--center c-button--white  c-button--ghost\" href=\"https:\/\/www.egon.com\/company\/contact-us\">CONTATE-NOS J\u00c1<\/a><\/div><\/div><\/div>\n<\/div><\/div><\/div>[\/vc_column][\/vc_row][vc_row holder_set_margin=&#8221;true&#8221; holder_margin=&#8221;u-margin-bottom&#8221;][vc_column]<div class=\"c-heading\"><h3 class=\" u-text-bolder\">DAS NUVENS \u00c0 EMPRESA, A QUALIDADE DE DADOS VIA WEB<\/h3><\/div>[vc_column_text]Todas as empresas, das maiores e mais estruturadas ao centro artesanal de uma pequena cidade, devem diariamente administrar uma rede de informa\u00e7\u00e3o cada vez maior, com uma progressiva deteriora\u00e7\u00e3o da sua qualidade. Com frequ\u00eancia, a perda de coer\u00eancia dos seus bancos de dados administrativos comporta uma inevit\u00e1vel impossibilidade de utilizar com efic\u00e1cia estes dados, com as finalidades mais diversas. Por exemplo, como podem ser enviadas campanhas publicit\u00e1rias sobre as novidades ou as \u00faltimas ofertas, ou ent\u00e3o como expedir com tranquilidade comunica\u00e7\u00f5es importantes, se n\u00e3o temos certeza de dispor de dados pessoais e endere\u00e7os corretos dos pr\u00f3prios clientes\/fornecedores? Enviar comunica\u00e7\u00f5es postais, ou at\u00e9 mesmo digitais, erradas ou duplicadas devido \u00e0 m\u00e1 qualidade dos arquivos pode significar ser mal visto pelos pr\u00f3prios compradores e at\u00e9 mesmo ser considerado, e \u00e0s vezes indicado, como spammer.<\/p>\n<p>Por sua vez, n\u00e3o poder recuperar, em um banco de dados, informa\u00e7\u00f5es diferentes e desagregadas relacionadas aos mesmos usu\u00e1rios faz com que seja imposs\u00edvel criar corretamente perfis dos pr\u00f3prios clientes, tornando in\u00fatil a imensa disponibilidade de informa\u00e7\u00f5es possu\u00eddas:<\/p>\n<p><em><span>uma informa\u00e7\u00e3o desagregada corresponde a uma informa\u00e7\u00e3o inutiliz\u00e1vel.<\/span><\/em><\/p>\n<p>Neste sentido, a nossa miss\u00e3o \u00e9 garantir que qualquer empresa, mesmo pequenas ou m\u00e9dias, possa realizar a normaliza\u00e7\u00e3o de seus arquivos de informa\u00e7\u00f5es e utilizar todos os servi\u00e7os Egon, em\u00a0<span>pouco tempo<\/span>\u00a0e de\u00a0<span>forma extremamente simples<\/span>, diretamente\u00a0<span>via internet<\/span>.<\/p>\n<p>Este projeto, que culminou recentemente com a implementa\u00e7\u00e3o do m\u00f3dulo \u201c<span>Egon web<\/span>\u201d para a qualidade de dados, permite que at\u00e9 mesmo empresas que n\u00e3o podem ou n\u00e3o pretendem dispor de grandes recursos para a inova\u00e7\u00e3o possam investir de forma focada em qualidade e dar um passo adiante de grande potencial.[\/vc_column_text][\/vc_column][\/vc_row][vc_row holder_set_margin=&#8221;true&#8221; holder_margin=&#8221;u-margin-bottom-large&#8221;][vc_column]<div class=\"templatera_shortcode\"><div class=\"o-holder u-background-pos-bottom-right u-background-cover u-background-color-one u-margin-bottom-large\" style='background-image:url(https:\/\/www.egon.com\/wp-content\/uploads\/2017\/07\/pattern.svg);'><div class=\"grid-1 grid--middle\"><div class=\"col _lap-and-up-9\" ><div class=\"col_inner u-padding\"><div class=\"c-heading\"><h3 class=\" u-text-color-invert u-text-bolder u-margin-bottom-none u-padding-vertical\">CONTATE-NOS E TESTE J\u00c1 A SOLU\u00c7\u00c3O WEB PARA OS SEUS DADOS<\/h3><\/div><\/div><\/div><div class=\"col _lap-and-up-3\" ><div class=\"col_inner u-padding\"><div class=\"c-button-holder c-button-holder--center\"><a class=\"c-button c-button--center c-button--white  c-button--ghost\" href=\"https:\/\/www.egon.com\/egon-demo\">EXPERIMENTE A DEMONSTRA\u00c7\u00c3O<\/a><\/div><\/div><\/div>\n<\/div><\/div><\/div>[\/vc_column][\/vc_row]\n","protected":false},"excerpt":{"rendered":"CONTATE-NOS E TESTE J\u00c1 A SOLU\u00c7\u00c3O WEB PARA OS SEUS DADOSEXPERIMENTE A DEMONSTRA\u00c7\u00c3O","protected":false},"author":1,"featured_media":0,"parent":0,"menu_order":0,"comment_status":"closed","ping_status":"closed","template":"templates\/template-nosidebar.php","meta":{"footnotes":""},"class_list":["post-16178","page","type-page","status-publish","hentry"],"yoast_head":"<!-- This site is optimized with the Yoast SEO plugin v26.8 - https:\/\/yoast.com\/product\/yoast-seo-wordpress\/ -->\n<title>Qualidade de dados e normaliza\u00e7\u00e3o de endere\u00e7os via web - EGON<\/title>\n<meta name=\"description\" content=\"Poder\u00e1 utilizar Egon via web, sem realizar a instala\u00e7\u00e3o no local, mediante simples liga\u00e7\u00f5es via internet com os nossos web services. Teste a Demo!\" \/>\n<meta name=\"robots\" content=\"index, follow, max-snippet:-1, max-image-preview:large, max-video-preview:-1\" \/>\n<link rel=\"canonical\" href=\"https:\/\/www.egon.com\/pt\/egon-web-in-the-cloud\" \/>\n<meta property=\"og:locale\" content=\"pt_PT\" \/>\n<meta property=\"og:type\" content=\"article\" \/>\n<meta property=\"og:title\" content=\"Qualidade de dados e normaliza\u00e7\u00e3o de endere\u00e7os via web - EGON\" \/>\n<meta property=\"og:description\" content=\"Poder\u00e1 utilizar Egon via web, sem realizar a instala\u00e7\u00e3o no local, mediante simples liga\u00e7\u00f5es via internet com os nossos web services. Teste a Demo!\" \/>\n<meta property=\"og:url\" content=\"https:\/\/www.egon.com\/pt\/egon-web-in-the-cloud\" \/>\n<meta property=\"og:site_name\" content=\"Egon\" \/>\n<meta name=\"twitter:card\" content=\"summary_large_image\" \/>\n<meta name=\"twitter:label1\" content=\"Est. reading time\" \/>\n\t<meta name=\"twitter:data1\" content=\"3 minutes\" \/>\n<script type=\"application\/ld+json\" class=\"yoast-schema-graph\">{\"@context\":\"https:\/\/schema.org\",\"@graph\":[{\"@type\":\"WebPage\",\"@id\":\"https:\/\/www.egon.com\/pt\/egon-web-in-the-cloud\",\"url\":\"https:\/\/www.egon.com\/pt\/egon-web-in-the-cloud\",\"name\":\"Qualidade de dados e normaliza\u00e7\u00e3o de endere\u00e7os via web - EGON\",\"isPartOf\":{\"@id\":\"https:\/\/www.egon.com\/zh\/#website\"},\"datePublished\":\"2017-09-19T14:46:38+00:00\",\"description\":\"Poder\u00e1 utilizar Egon via web, sem realizar a instala\u00e7\u00e3o no local, mediante simples liga\u00e7\u00f5es via internet com os nossos web services. Teste a Demo!\",\"breadcrumb\":{\"@id\":\"https:\/\/www.egon.com\/pt\/egon-web-in-the-cloud#breadcrumb\"},\"inLanguage\":\"pt\",\"potentialAction\":[{\"@type\":\"ReadAction\",\"target\":[\"https:\/\/www.egon.com\/pt\/egon-web-in-the-cloud\"]}]},{\"@type\":\"BreadcrumbList\",\"@id\":\"https:\/\/www.egon.com\/pt\/egon-web-in-the-cloud#breadcrumb\",\"itemListElement\":[{\"@type\":\"ListItem\",\"position\":1,\"name\":\"Home\",\"item\":\"https:\/\/www.egon.com\/pt\"},{\"@type\":\"ListItem\",\"position\":2,\"name\":\"QUALIDADE DE DADOS E NORMALIZA\u00c7\u00c3O DE ENDERE\u00c7OS VIA WEB\"}]},{\"@type\":\"WebSite\",\"@id\":\"https:\/\/www.egon.com\/zh\/#website\",\"url\":\"https:\/\/www.egon.com\/zh\/\",\"name\":\"Egon\",\"description\":\"Normalizzazione indirizzi - Address validation - Egon.com\",\"potentialAction\":[{\"@type\":\"SearchAction\",\"target\":{\"@type\":\"EntryPoint\",\"urlTemplate\":\"https:\/\/www.egon.com\/zh\/?s={search_term_string}\"},\"query-input\":{\"@type\":\"PropertyValueSpecification\",\"valueRequired\":true,\"valueName\":\"search_term_string\"}}],\"inLanguage\":\"pt\"}]}<\/script>\n<!-- \/ Yoast SEO plugin. -->","yoast_head_json":{"title":"Qualidade de dados e normaliza\u00e7\u00e3o de endere\u00e7os via web - EGON","description":"Poder\u00e1 utilizar Egon via web, sem realizar a instala\u00e7\u00e3o no local, mediante simples liga\u00e7\u00f5es via internet com os nossos web services. Teste a Demo!","robots":{"index":"index","follow":"follow","max-snippet":"max-snippet:-1","max-image-preview":"max-image-preview:large","max-video-preview":"max-video-preview:-1"},"canonical":"https:\/\/www.egon.com\/pt\/egon-web-in-the-cloud","og_locale":"pt_PT","og_type":"article","og_title":"Qualidade de dados e normaliza\u00e7\u00e3o de endere\u00e7os via web - EGON","og_description":"Poder\u00e1 utilizar Egon via web, sem realizar a instala\u00e7\u00e3o no local, mediante simples liga\u00e7\u00f5es via internet com os nossos web services. Teste a Demo!","og_url":"https:\/\/www.egon.com\/pt\/egon-web-in-the-cloud","og_site_name":"Egon","twitter_card":"summary_large_image","twitter_misc":{"Est. reading time":"3 minutes"},"schema":{"@context":"https:\/\/schema.org","@graph":[{"@type":"WebPage","@id":"https:\/\/www.egon.com\/pt\/egon-web-in-the-cloud","url":"https:\/\/www.egon.com\/pt\/egon-web-in-the-cloud","name":"Qualidade de dados e normaliza\u00e7\u00e3o de endere\u00e7os via web - EGON","isPartOf":{"@id":"https:\/\/www.egon.com\/zh\/#website"},"datePublished":"2017-09-19T14:46:38+00:00","description":"Poder\u00e1 utilizar Egon via web, sem realizar a instala\u00e7\u00e3o no local, mediante simples liga\u00e7\u00f5es via internet com os nossos web services. Teste a Demo!","breadcrumb":{"@id":"https:\/\/www.egon.com\/pt\/egon-web-in-the-cloud#breadcrumb"},"inLanguage":"pt","potentialAction":[{"@type":"ReadAction","target":["https:\/\/www.egon.com\/pt\/egon-web-in-the-cloud"]}]},{"@type":"BreadcrumbList","@id":"https:\/\/www.egon.com\/pt\/egon-web-in-the-cloud#breadcrumb","itemListElement":[{"@type":"ListItem","position":1,"name":"Home","item":"https:\/\/www.egon.com\/pt"},{"@type":"ListItem","position":2,"name":"QUALIDADE DE DADOS E NORMALIZA\u00c7\u00c3O DE ENDERE\u00c7OS VIA WEB"}]},{"@type":"WebSite","@id":"https:\/\/www.egon.com\/zh\/#website","url":"https:\/\/www.egon.com\/zh\/","name":"Egon","description":"Normalizzazione indirizzi - Address validation - Egon.com","potentialAction":[{"@type":"SearchAction","target":{"@type":"EntryPoint","urlTemplate":"https:\/\/www.egon.com\/zh\/?s={search_term_string}"},"query-input":{"@type":"PropertyValueSpecification","valueRequired":true,"valueName":"search_term_string"}}],"inLanguage":"pt"}]}},"_links":{"self":[{"href":"https:\/\/www.egon.com\/pt\/wp-json\/wp\/v2\/pages\/16178","targetHints":{"allow":["GET"]}}],"collection":[{"href":"https:\/\/www.egon.com\/pt\/wp-json\/wp\/v2\/pages"}],"about":[{"href":"https:\/\/www.egon.com\/pt\/wp-json\/wp\/v2\/types\/page"}],"author":[{"embeddable":true,"href":"https:\/\/www.egon.com\/pt\/wp-json\/wp\/v2\/users\/1"}],"replies":[{"embeddable":true,"href":"https:\/\/www.egon.com\/pt\/wp-json\/wp\/v2\/comments?post=16178"}],"version-history":[{"count":0,"href":"https:\/\/www.egon.com\/pt\/wp-json\/wp\/v2\/pages\/16178\/revisions"}],"wp:attachment":[{"href":"https:\/\/www.egon.com\/pt\/wp-json\/wp\/v2\/media?parent=16178"}],"curies":[{"name":"wp","href":"https:\/\/api.w.org\/{rel}","templated":true}]}}