{"id":8414,"date":"2017-09-19T15:11:41","date_gmt":"2017-09-19T15:11:41","guid":{"rendered":"https:\/\/egon.com\/?page_id=8414"},"modified":"2021-02-25T07:46:03","modified_gmt":"2021-02-25T07:46:03","slug":"oceania","status":"publish","type":"page","link":"https:\/\/www.egon.com\/pl\/kraje\/oceania","title":{"rendered":"OCEANIA \u2013 ADDRESS VALIDATION, GEOCODING AND DEDUPLICATION SERVICES"},"content":{"rendered":"<h1>OCEANIA<\/h1>\n<div class=\"country-list\"><div class=\"country-list__head\"><div class=\"country-list__item\"><span class=\"country-label\">Kraj<\/span><span class=\"country-label\">ISO 3166<\/span><span class=\"country-label\">Norm. adres\u00f3w<\/span><span class=\"country-label\">Geokodowanie<\/span><span class=\"country-label\">Poziom<\/span><span class=\"country-label\">Deduplikowanie<\/span><span class=\"country-label\">Norm. Danych osobowych<\/span><span class=\"country-label\">Format zapisu<\/span><\/div><\/div><div class=\"country-list__item\"><span><a href=\"https:\/\/www.egon.com\/pl\/country\/american-samoa\"><img decoding=\"async\" class=\"u-margin-right-small\" width=\"25\" src=\"https:\/\/www.egon.com\/wp-content\/plugins\/wp-egon-plugin\/flags\/as.svg\"\/>Samoa Ameryka\u0144skie<\/a><\/span><span>ASM<\/span><span>Tak<\/span><span>Tak<\/span><span>Miejscowo\u015b\u0107<\/span><span>Tak<\/span><span>Tak<\/span><span>krajowy, Translit., \u0141aci\u0144ski<\/span><\/div><div class=\"country-list__item\"><span><a href=\"https:\/\/www.egon.com\/pl\/country\/australia\"><img decoding=\"async\" class=\"u-margin-right-small\" width=\"25\" src=\"https:\/\/www.egon.com\/wp-content\/plugins\/wp-egon-plugin\/flags\/au.svg\"\/>Australia<\/a><\/span><span>AUS<\/span><span>Tak<\/span><span>Tak<\/span><span>Ulica<\/span><span>Tak<\/span><span>Tak<\/span><span>krajowy, Translit., \u0141aci\u0144ski<\/span><\/div><div class=\"country-list__item\"><span><a href=\"https:\/\/www.egon.com\/pl\/country\/christmas-island\"><img decoding=\"async\" class=\"u-margin-right-small\" width=\"25\" src=\"https:\/\/www.egon.com\/wp-content\/plugins\/wp-egon-plugin\/flags\/cx.svg\"\/>Wyspa Bo\u017cego Narodzenia<\/a><\/span><span>CXR<\/span><span>Tak<\/span><span>Tak<\/span><span>Miejscowo\u015b\u0107<\/span><span>Tak<\/span><span>Tak<\/span><span>krajowy, Translit., \u0141aci\u0144ski<\/span><\/div><div class=\"country-list__item\"><span><a href=\"https:\/\/www.egon.com\/pl\/country\/cocos-keeling-islands\"><img decoding=\"async\" class=\"u-margin-right-small\" width=\"25\" src=\"https:\/\/www.egon.com\/wp-content\/plugins\/wp-egon-plugin\/flags\/cc.svg\"\/>Wyspy Kokosowe<\/a><\/span><span>CCK<\/span><span>Tak<\/span><span>Tak<\/span><span>Miejscowo\u015b\u0107<\/span><span>Tak<\/span><span>Tak<\/span><span>krajowy, Translit., \u0141aci\u0144ski<\/span><\/div><div class=\"country-list__item\"><span><a href=\"https:\/\/www.egon.com\/pl\/country\/cook-islands\"><img decoding=\"async\" class=\"u-margin-right-small\" width=\"25\" src=\"https:\/\/www.egon.com\/wp-content\/plugins\/wp-egon-plugin\/flags\/ck.svg\"\/>Wyspy Cooka<\/a><\/span><span>COK<\/span><span>Tak<\/span><span>Tak<\/span><span>Miejscowo\u015b\u0107<\/span><span>Tak<\/span><span>Tak<\/span><span>krajowy, Translit., \u0141aci\u0144ski<\/span><\/div><div class=\"country-list__item\"><span><a href=\"https:\/\/www.egon.com\/pl\/country\/fiji\"><img decoding=\"async\" class=\"u-margin-right-small\" width=\"25\" src=\"https:\/\/www.egon.com\/wp-content\/plugins\/wp-egon-plugin\/flags\/fj.svg\"\/>Fid\u017ci<\/a><\/span><span>FJI<\/span><span>Tak<\/span><span>Tak<\/span><span>Miejscowo\u015b\u0107<\/span><span>Tak<\/span><span>Tak<\/span><span>krajowy, Translit., \u0141aci\u0144ski<\/span><\/div><div class=\"country-list__item\"><span><a href=\"https:\/\/www.egon.com\/pl\/country\/french-polynesia\"><img decoding=\"async\" class=\"u-margin-right-small\" width=\"25\" src=\"https:\/\/www.egon.com\/wp-content\/plugins\/wp-egon-plugin\/flags\/pf.svg\"\/>Polinezja Francuska<\/a><\/span><span>PYF<\/span><span>Tak<\/span><span>Tak<\/span><span>Ulica<\/span><span>Tak<\/span><span>Tak<\/span><span>krajowy, Translit., \u0141aci\u0144ski<\/span><\/div><div class=\"country-list__item\"><span><a href=\"https:\/\/www.egon.com\/pl\/country\/guam\"><img decoding=\"async\" class=\"u-margin-right-small\" width=\"25\" src=\"https:\/\/www.egon.com\/wp-content\/plugins\/wp-egon-plugin\/flags\/gu.svg\"\/>Guam<\/a><\/span><span>GUM<\/span><span>Tak<\/span><span>Tak<\/span><span>Miejscowo\u015b\u0107<\/span><span>Tak<\/span><span>Tak<\/span><span>krajowy, Translit., \u0141aci\u0144ski<\/span><\/div><div class=\"country-list__item\"><span><a href=\"https:\/\/www.egon.com\/pl\/country\/kiribati\"><img decoding=\"async\" class=\"u-margin-right-small\" width=\"25\" src=\"https:\/\/www.egon.com\/wp-content\/plugins\/wp-egon-plugin\/flags\/ki.svg\"\/>Kiribati<\/a><\/span><span>KIR<\/span><span>Tak<\/span><span>Tak<\/span><span>Miejscowo\u015b\u0107<\/span><span>Tak<\/span><span>Tak<\/span><span>krajowy, Translit., \u0141aci\u0144ski<\/span><\/div><div class=\"country-list__item\"><span><a href=\"https:\/\/www.egon.com\/pl\/country\/marshall-islands\"><img decoding=\"async\" class=\"u-margin-right-small\" width=\"25\" src=\"https:\/\/www.egon.com\/wp-content\/plugins\/wp-egon-plugin\/flags\/mh.svg\"\/>Wyspy Marshalla<\/a><\/span><span>MHL<\/span><span>Tak<\/span><span>Tak<\/span><span>Miejscowo\u015b\u0107<\/span><span>Tak<\/span><span>Tak<\/span><span>krajowy, Translit., \u0141aci\u0144ski<\/span><\/div><div class=\"country-list__item\"><span><a href=\"https:\/\/www.egon.com\/pl\/country\/micronesia\"><img decoding=\"async\" class=\"u-margin-right-small\" width=\"25\" src=\"https:\/\/www.egon.com\/wp-content\/plugins\/wp-egon-plugin\/flags\/fm.svg\"\/>Mikronezja<\/a><\/span><span>FSM<\/span><span>Tak<\/span><span>Tak<\/span><span>Miejscowo\u015b\u0107<\/span><span>Tak<\/span><span>Tak<\/span><span>krajowy, Translit., \u0141aci\u0144ski<\/span><\/div><div class=\"country-list__item\"><span><a href=\"https:\/\/www.egon.com\/pl\/country\/nauru\"><img decoding=\"async\" class=\"u-margin-right-small\" width=\"25\" src=\"https:\/\/www.egon.com\/wp-content\/plugins\/wp-egon-plugin\/flags\/nr.svg\"\/>Nauru<\/a><\/span><span>NRU<\/span><span>Tak<\/span><span>Tak<\/span><span>Miejscowo\u015b\u0107<\/span><span>Tak<\/span><span>Tak<\/span><span>krajowy, Translit., \u0141aci\u0144ski<\/span><\/div><div class=\"country-list__item\"><span><a href=\"https:\/\/www.egon.com\/pl\/country\/new-caledonia\"><img decoding=\"async\" class=\"u-margin-right-small\" width=\"25\" src=\"https:\/\/www.egon.com\/wp-content\/plugins\/wp-egon-plugin\/flags\/nc.svg\"\/>Nowa Kaledonia<\/a><\/span><span>NCL<\/span><span>Tak<\/span><span>Tak<\/span><span>Ulica<\/span><span>Tak<\/span><span>Tak<\/span><span>krajowy, Translit., \u0141aci\u0144ski<\/span><\/div><div class=\"country-list__item\"><span><a href=\"https:\/\/www.egon.com\/pl\/country\/new-zeland\"><img decoding=\"async\" class=\"u-margin-right-small\" width=\"25\" src=\"https:\/\/www.egon.com\/wp-content\/plugins\/wp-egon-plugin\/flags\/nz.svg\"\/>Nowa Zelandia<\/a><\/span><span>NZL<\/span><span>Tak<\/span><span>Tak<\/span><span>Ulica<\/span><span>Tak<\/span><span>Tak<\/span><span>krajowy, Translit., \u0141aci\u0144ski<\/span><\/div><div class=\"country-list__item\"><span><a href=\"https:\/\/www.egon.com\/pl\/country\/niue\"><img decoding=\"async\" class=\"u-margin-right-small\" width=\"25\" src=\"https:\/\/www.egon.com\/wp-content\/plugins\/wp-egon-plugin\/flags\/nu.svg\"\/>Niue<\/a><\/span><span>NIU<\/span><span>Tak<\/span><span>Tak<\/span><span>Miejscowo\u015b\u0107<\/span><span>Tak<\/span><span>Tak<\/span><span>krajowy, Translit., \u0141aci\u0144ski<\/span><\/div><div class=\"country-list__item\"><span><a href=\"https:\/\/www.egon.com\/pl\/country\/norfolk-island\"><img decoding=\"async\" class=\"u-margin-right-small\" width=\"25\" src=\"https:\/\/www.egon.com\/wp-content\/plugins\/wp-egon-plugin\/flags\/nf.svg\"\/>Wyspa Norfolk<\/a><\/span><span>NFK<\/span><span>Tak<\/span><span>Tak<\/span><span>Miejscowo\u015b\u0107<\/span><span>Tak<\/span><span>Tak<\/span><span>krajowy, Translit., \u0141aci\u0144ski<\/span><\/div><div class=\"country-list__item\"><span><a href=\"https:\/\/www.egon.com\/pl\/country\/northern-mariana-islands\"><img decoding=\"async\" class=\"u-margin-right-small\" width=\"25\" src=\"https:\/\/www.egon.com\/wp-content\/plugins\/wp-egon-plugin\/flags\/mp.svg\"\/>Mariany P\u00f3\u0142nocne<\/a><\/span><span>MNP<\/span><span>Tak<\/span><span>Tak<\/span><span>Miejscowo\u015b\u0107<\/span><span>Tak<\/span><span>Tak<\/span><span>krajowy, Translit., \u0141aci\u0144ski<\/span><\/div><div class=\"country-list__item\"><span><a href=\"https:\/\/www.egon.com\/pl\/country\/palau\"><img decoding=\"async\" class=\"u-margin-right-small\" width=\"25\" src=\"https:\/\/www.egon.com\/wp-content\/plugins\/wp-egon-plugin\/flags\/pw.svg\"\/>Palau<\/a><\/span><span>PLW<\/span><span>Tak<\/span><span>Tak<\/span><span>Miejscowo\u015b\u0107<\/span><span>Tak<\/span><span>Tak<\/span><span>krajowy, Translit., \u0141aci\u0144ski<\/span><\/div><div class=\"country-list__item\"><span><a href=\"https:\/\/www.egon.com\/pl\/country\/papua-new-guinea\"><img decoding=\"async\" class=\"u-margin-right-small\" width=\"25\" src=\"https:\/\/www.egon.com\/wp-content\/plugins\/wp-egon-plugin\/flags\/pg.svg\"\/>Papua-Nowa Gwinea<\/a><\/span><span>PNG<\/span><span>Tak<\/span><span>Tak<\/span><span>Miejscowo\u015b\u0107<\/span><span>Tak<\/span><span>Tak<\/span><span>krajowy, Translit., \u0141aci\u0144ski<\/span><\/div><div class=\"country-list__item\"><span><a href=\"https:\/\/www.egon.com\/pl\/country\/pitcairn-islands\"><img decoding=\"async\" class=\"u-margin-right-small\" width=\"25\" src=\"https:\/\/www.egon.com\/wp-content\/plugins\/wp-egon-plugin\/flags\/pn.svg\"\/>Pitcairn<\/a><\/span><span>PCN<\/span><span>Tak<\/span><span>Tak<\/span><span>Miejscowo\u015b\u0107<\/span><span>Tak<\/span><span>Tak<\/span><span>krajowy, Translit., \u0141aci\u0144ski<\/span><\/div><div class=\"country-list__item\"><span><a href=\"https:\/\/www.egon.com\/pl\/country\/samoa\"><img decoding=\"async\" class=\"u-margin-right-small\" width=\"25\" src=\"https:\/\/www.egon.com\/wp-content\/plugins\/wp-egon-plugin\/flags\/ws.svg\"\/>Samoa<\/a><\/span><span>WSM<\/span><span>Tak<\/span><span>Tak<\/span><span>Miejscowo\u015b\u0107<\/span><span>Tak<\/span><span>Tak<\/span><span>krajowy, Translit., \u0141aci\u0144ski<\/span><\/div><div class=\"country-list__item\"><span><a href=\"https:\/\/www.egon.com\/pl\/country\/solomon-islands\"><img decoding=\"async\" class=\"u-margin-right-small\" width=\"25\" src=\"https:\/\/www.egon.com\/wp-content\/plugins\/wp-egon-plugin\/flags\/sb.svg\"\/>Wyspy Salomona<\/a><\/span><span>SLB<\/span><span>Tak<\/span><span>Tak<\/span><span>Miejscowo\u015b\u0107<\/span><span>Tak<\/span><span>Tak<\/span><span>krajowy, Translit., \u0141aci\u0144ski<\/span><\/div><div class=\"country-list__item\"><span><a href=\"https:\/\/www.egon.com\/pl\/country\/tokelau\"><img decoding=\"async\" class=\"u-margin-right-small\" width=\"25\" src=\"https:\/\/www.egon.com\/wp-content\/plugins\/wp-egon-plugin\/flags\/tk.svg\"\/>Tokelau<\/a><\/span><span>TKL<\/span><span>Tak<\/span><span>Tak<\/span><span>Miejscowo\u015b\u0107<\/span><span>Tak<\/span><span>Tak<\/span><span>krajowy, Translit., \u0141aci\u0144ski<\/span><\/div><div class=\"country-list__item\"><span><a href=\"https:\/\/www.egon.com\/pl\/country\/tonga\"><img decoding=\"async\" class=\"u-margin-right-small\" width=\"25\" src=\"https:\/\/www.egon.com\/wp-content\/plugins\/wp-egon-plugin\/flags\/to.svg\"\/>Tonga<\/a><\/span><span>TON<\/span><span>Tak<\/span><span>Tak<\/span><span>Miejscowo\u015b\u0107<\/span><span>Tak<\/span><span>Tak<\/span><span>krajowy, Translit., \u0141aci\u0144ski<\/span><\/div><div class=\"country-list__item\"><span><a href=\"https:\/\/www.egon.com\/pl\/country\/tuvalu\"><img decoding=\"async\" class=\"u-margin-right-small\" width=\"25\" src=\"https:\/\/www.egon.com\/wp-content\/plugins\/wp-egon-plugin\/flags\/tv.svg\"\/>Tuvalu<\/a><\/span><span>TUV<\/span><span>Tak<\/span><span>Tak<\/span><span>Miejscowo\u015b\u0107<\/span><span>Tak<\/span><span>Tak<\/span><span>krajowy, Translit., \u0141aci\u0144ski<\/span><\/div><div class=\"country-list__item\"><span><a href=\"https:\/\/www.egon.com\/pl\/country\/vanuatu\"><img decoding=\"async\" class=\"u-margin-right-small\" width=\"25\" src=\"https:\/\/www.egon.com\/wp-content\/plugins\/wp-egon-plugin\/flags\/vu.svg\"\/>Vanuatu<\/a><\/span><span>VUT<\/span><span>Tak<\/span><span>Tak<\/span><span>Miejscowo\u015b\u0107<\/span><span>Tak<\/span><span>Tak<\/span><span>krajowy, Translit., \u0141aci\u0144ski<\/span><\/div><div class=\"country-list__item\"><span><a href=\"https:\/\/www.egon.com\/pl\/country\/wallis-and-futuna\"><img decoding=\"async\" class=\"u-margin-right-small\" width=\"25\" src=\"https:\/\/www.egon.com\/wp-content\/plugins\/wp-egon-plugin\/flags\/wf.svg\"\/>Wallis i Futuna<\/a><\/span><span>WLF<\/span><span>Tak<\/span><span>Tak<\/span><span>Miejscowo\u015b\u0107<\/span><span>Tak<\/span><span>Tak<\/span><span>krajowy, Translit., \u0141aci\u0144ski<\/span><\/div><\/div><div class=\"country-list-legend\"><h4 class=\"u-margin-bottom-small\">Legenda<\/h4><span>Norm. adres\u00f3w: TAK = us\u0142uga normalizacji adres\u00f3w dost\u0119pna; NIE = us\u0142uga normalizacji adres\u00f3w niedost\u0119pna<\/span>\r\n        <span>Geokodowanie: TAK = us\u0142uga geokodowania dost\u0119pna; NIE = us\u0142uga geokodowania niedost\u0119pna<\/span>\r\n        <span>Poziom: ULICA = szczeg\u00f3\u0142y na poziomie ulic;; MIEJSCOWO\u015a\u0106 = szczeg\u00f3\u0142y na poziomie miejscowo\u015bci<\/span>\r\n        <span>Deduplikowanie: TAK = us\u0142uga deduplikacji dost\u0119pna; NIE = us\u0142uga deduplikacji niedost\u0119pna<\/span>\r\n        <span>Norm. Danych osobowych: TAK = us\u0142uga normalizacji danych osobowych dost\u0119pna; NIE = us\u0142uga normalizacji danych osobowych niedost\u0119pna<\/span>\r\n        <span>Znaki: Ojczysty = znaki j\u0119zyka ojczystego; Rzymskie = znaki \u0142aci\u0144skie; Mi\u0119dzynarodowy = format mi\u0119dzynarodowy. Wszystkie litery mog\u0105 by\u0107 w formacie drukowanym.<\/span><\/div>\n","protected":false},"excerpt":{"rendered":"<p>OCEANIA<\/p>\n","protected":false},"author":1,"featured_media":0,"parent":8386,"menu_order":0,"comment_status":"closed","ping_status":"closed","template":"templates\/template-nosidebar.php","meta":{"footnotes":""},"class_list":["post-8414","page","type-page","status-publish","hentry"],"yoast_head":"<!-- This site is optimized with the Yoast SEO plugin v26.8 - https:\/\/yoast.com\/product\/yoast-seo-wordpress\/ -->\n<title>OCEANIA \u2013 ADDRESS VALIDATION, GEOCODING AND DEDUPLICATION SERVICES - Egon<\/title>\n<meta name=\"robots\" content=\"index, follow, max-snippet:-1, max-image-preview:large, max-video-preview:-1\" \/>\n<link rel=\"canonical\" href=\"https:\/\/www.egon.com\/pl\/kraje\/oceania\" \/>\n<meta property=\"og:locale\" content=\"pl_PL\" \/>\n<meta property=\"og:type\" content=\"article\" \/>\n<meta property=\"og:title\" content=\"OCEANIA \u2013 ADDRESS VALIDATION, GEOCODING AND DEDUPLICATION SERVICES - Egon\" \/>\n<meta property=\"og:description\" content=\"OCEANIA\" \/>\n<meta property=\"og:url\" content=\"https:\/\/www.egon.com\/pl\/kraje\/oceania\" \/>\n<meta property=\"og:site_name\" content=\"Egon\" \/>\n<meta property=\"article:modified_time\" content=\"2021-02-25T07:46:03+00:00\" \/>\n<meta name=\"twitter:card\" content=\"summary_large_image\" \/>\n<meta name=\"twitter:label1\" content=\"Szacowany czas czytania\" \/>\n\t<meta name=\"twitter:data1\" content=\"1 minuta\" \/>\n<script type=\"application\/ld+json\" class=\"yoast-schema-graph\">{\"@context\":\"https:\/\/schema.org\",\"@graph\":[{\"@type\":\"WebPage\",\"@id\":\"https:\/\/www.egon.com\/pl\/kraje\/oceania\",\"url\":\"https:\/\/www.egon.com\/pl\/kraje\/oceania\",\"name\":\"OCEANIA \u2013 ADDRESS VALIDATION, GEOCODING AND DEDUPLICATION SERVICES - Egon\",\"isPartOf\":{\"@id\":\"https:\/\/www.egon.com\/zh\/#website\"},\"datePublished\":\"2017-09-19T15:11:41+00:00\",\"dateModified\":\"2021-02-25T07:46:03+00:00\",\"breadcrumb\":{\"@id\":\"https:\/\/www.egon.com\/pl\/kraje\/oceania#breadcrumb\"},\"inLanguage\":\"pl-PL\",\"potentialAction\":[{\"@type\":\"ReadAction\",\"target\":[\"https:\/\/www.egon.com\/pl\/kraje\/oceania\"]}]},{\"@type\":\"BreadcrumbList\",\"@id\":\"https:\/\/www.egon.com\/pl\/kraje\/oceania#breadcrumb\",\"itemListElement\":[{\"@type\":\"ListItem\",\"position\":1,\"name\":\"Home\",\"item\":\"https:\/\/www.egon.com\/pl\"},{\"@type\":\"ListItem\",\"position\":2,\"name\":\"Available Services per Country &#8211; Country Lists\",\"item\":\"https:\/\/www.egon.com\/pl\/kraje\"},{\"@type\":\"ListItem\",\"position\":3,\"name\":\"OCEANIA \u2013 ADDRESS VALIDATION, GEOCODING AND DEDUPLICATION SERVICES\"}]},{\"@type\":\"WebSite\",\"@id\":\"https:\/\/www.egon.com\/zh\/#website\",\"url\":\"https:\/\/www.egon.com\/zh\/\",\"name\":\"Egon\",\"description\":\"Normalizzazione indirizzi - Address validation - Egon.com\",\"potentialAction\":[{\"@type\":\"SearchAction\",\"target\":{\"@type\":\"EntryPoint\",\"urlTemplate\":\"https:\/\/www.egon.com\/zh\/?s={search_term_string}\"},\"query-input\":{\"@type\":\"PropertyValueSpecification\",\"valueRequired\":true,\"valueName\":\"search_term_string\"}}],\"inLanguage\":\"pl-PL\"}]}<\/script>\n<!-- \/ Yoast SEO plugin. -->","yoast_head_json":{"title":"OCEANIA \u2013 ADDRESS VALIDATION, GEOCODING AND DEDUPLICATION SERVICES - Egon","robots":{"index":"index","follow":"follow","max-snippet":"max-snippet:-1","max-image-preview":"max-image-preview:large","max-video-preview":"max-video-preview:-1"},"canonical":"https:\/\/www.egon.com\/pl\/kraje\/oceania","og_locale":"pl_PL","og_type":"article","og_title":"OCEANIA \u2013 ADDRESS VALIDATION, GEOCODING AND DEDUPLICATION SERVICES - Egon","og_description":"OCEANIA","og_url":"https:\/\/www.egon.com\/pl\/kraje\/oceania","og_site_name":"Egon","article_modified_time":"2021-02-25T07:46:03+00:00","twitter_card":"summary_large_image","twitter_misc":{"Szacowany czas czytania":"1 minuta"},"schema":{"@context":"https:\/\/schema.org","@graph":[{"@type":"WebPage","@id":"https:\/\/www.egon.com\/pl\/kraje\/oceania","url":"https:\/\/www.egon.com\/pl\/kraje\/oceania","name":"OCEANIA \u2013 ADDRESS VALIDATION, GEOCODING AND DEDUPLICATION SERVICES - Egon","isPartOf":{"@id":"https:\/\/www.egon.com\/zh\/#website"},"datePublished":"2017-09-19T15:11:41+00:00","dateModified":"2021-02-25T07:46:03+00:00","breadcrumb":{"@id":"https:\/\/www.egon.com\/pl\/kraje\/oceania#breadcrumb"},"inLanguage":"pl-PL","potentialAction":[{"@type":"ReadAction","target":["https:\/\/www.egon.com\/pl\/kraje\/oceania"]}]},{"@type":"BreadcrumbList","@id":"https:\/\/www.egon.com\/pl\/kraje\/oceania#breadcrumb","itemListElement":[{"@type":"ListItem","position":1,"name":"Home","item":"https:\/\/www.egon.com\/pl"},{"@type":"ListItem","position":2,"name":"Available Services per Country &#8211; Country Lists","item":"https:\/\/www.egon.com\/pl\/kraje"},{"@type":"ListItem","position":3,"name":"OCEANIA \u2013 ADDRESS VALIDATION, GEOCODING AND DEDUPLICATION SERVICES"}]},{"@type":"WebSite","@id":"https:\/\/www.egon.com\/zh\/#website","url":"https:\/\/www.egon.com\/zh\/","name":"Egon","description":"Normalizzazione indirizzi - Address validation - Egon.com","potentialAction":[{"@type":"SearchAction","target":{"@type":"EntryPoint","urlTemplate":"https:\/\/www.egon.com\/zh\/?s={search_term_string}"},"query-input":{"@type":"PropertyValueSpecification","valueRequired":true,"valueName":"search_term_string"}}],"inLanguage":"pl-PL"}]}},"_links":{"self":[{"href":"https:\/\/www.egon.com\/pl\/wp-json\/wp\/v2\/pages\/8414","targetHints":{"allow":["GET"]}}],"collection":[{"href":"https:\/\/www.egon.com\/pl\/wp-json\/wp\/v2\/pages"}],"about":[{"href":"https:\/\/www.egon.com\/pl\/wp-json\/wp\/v2\/types\/page"}],"author":[{"embeddable":true,"href":"https:\/\/www.egon.com\/pl\/wp-json\/wp\/v2\/users\/1"}],"replies":[{"embeddable":true,"href":"https:\/\/www.egon.com\/pl\/wp-json\/wp\/v2\/comments?post=8414"}],"version-history":[{"count":1,"href":"https:\/\/www.egon.com\/pl\/wp-json\/wp\/v2\/pages\/8414\/revisions"}],"predecessor-version":[{"id":18086,"href":"https:\/\/www.egon.com\/pl\/wp-json\/wp\/v2\/pages\/8414\/revisions\/18086"}],"up":[{"embeddable":true,"href":"https:\/\/www.egon.com\/pl\/wp-json\/wp\/v2\/pages\/8386"}],"wp:attachment":[{"href":"https:\/\/www.egon.com\/pl\/wp-json\/wp\/v2\/media?parent=8414"}],"curies":[{"name":"wp","href":"https:\/\/api.w.org\/{rel}","templated":true}]}}