{"id":8408,"date":"2017-09-19T15:08:26","date_gmt":"2017-09-19T15:08:26","guid":{"rendered":"https:\/\/egon.com\/?page_id=8408"},"modified":"2021-02-19T13:58:21","modified_gmt":"2021-02-19T13:58:21","slug":"ameryka-polnocna","status":"publish","type":"page","link":"https:\/\/www.egon.com\/pl\/kraje\/ameryka-polnocna","title":{"rendered":"NORTH AMERICA \u2013 ADDRESS VALIDATION, GEOCODING AND DEDUPLICATION SERVICES"},"content":{"rendered":"<h1>Weryfikacji adres\u00f3w pocztowychAmeryka p\u00f3\u0142nocna<\/h1>\n<div class=\"country-list\"><div class=\"country-list__head\"><div class=\"country-list__item\"><span class=\"country-label\">Kraj<\/span><span class=\"country-label\">ISO 3166<\/span><span class=\"country-label\">Norm. adres\u00f3w<\/span><span class=\"country-label\">Geokodowanie<\/span><span class=\"country-label\">Poziom<\/span><span class=\"country-label\">Deduplikowanie<\/span><span class=\"country-label\">Norm. Danych osobowych<\/span><span class=\"country-label\">Format zapisu<\/span><\/div><\/div><div class=\"country-list__item\"><span><a href=\"https:\/\/www.egon.com\/pl\/country\/bahamas\"><img decoding=\"async\" class=\"u-margin-right-small\" width=\"25\" src=\"https:\/\/www.egon.com\/wp-content\/plugins\/wp-egon-plugin\/flags\/bs.svg\"\/>Bahamy<\/a><\/span><span>BHS<\/span><span>Tak<\/span><span>Tak<\/span><span>Miejscowo\u015b\u0107<\/span><span>Tak<\/span><span>Tak<\/span><span>krajowy, Translit., \u0141aci\u0144ski<\/span><\/div><div class=\"country-list__item\"><span><a href=\"https:\/\/www.egon.com\/pl\/country\/bermuda\"><img decoding=\"async\" class=\"u-margin-right-small\" width=\"25\" src=\"https:\/\/www.egon.com\/wp-content\/plugins\/wp-egon-plugin\/flags\/bm.svg\"\/>Bermudy<\/a><\/span><span>BMU<\/span><span>Tak<\/span><span>Tak<\/span><span>Miejscowo\u015b\u0107<\/span><span>Tak<\/span><span>Tak<\/span><span>krajowy, Translit., \u0141aci\u0144ski<\/span><\/div><div class=\"country-list__item\"><span><a href=\"https:\/\/www.egon.com\/pl\/country\/canada\"><img decoding=\"async\" class=\"u-margin-right-small\" width=\"25\" src=\"https:\/\/www.egon.com\/wp-content\/plugins\/wp-egon-plugin\/flags\/ca.svg\"\/>Kanada<\/a><\/span><span>CAN<\/span><span>Tak<\/span><span>Tak<\/span><span>Ulica<\/span><span>Tak<\/span><span>Tak<\/span><span>krajowy, Translit., \u0141aci\u0144ski<\/span><\/div><div class=\"country-list__item\"><span><a href=\"https:\/\/www.egon.com\/pl\/country\/greenland\"><img decoding=\"async\" class=\"u-margin-right-small\" width=\"25\" src=\"https:\/\/www.egon.com\/wp-content\/plugins\/wp-egon-plugin\/flags\/gl.svg\"\/>Grenlandia<\/a><\/span><span>GRL<\/span><span>Tak<\/span><span>Tak<\/span><span>Miejscowo\u015b\u0107<\/span><span>Tak<\/span><span>Tak<\/span><span>krajowy, Translit., \u0141aci\u0144ski<\/span><\/div><div class=\"country-list__item\"><span><a href=\"https:\/\/www.egon.com\/pl\/country\/mexico\"><img decoding=\"async\" class=\"u-margin-right-small\" width=\"25\" src=\"https:\/\/www.egon.com\/wp-content\/plugins\/wp-egon-plugin\/flags\/mx.svg\"\/>Meksyk<\/a><\/span><span>MEX<\/span><span>Tak<\/span><span>Tak<\/span><span>Ulica<\/span><span>Tak<\/span><span>Tak<\/span><span>krajowy, Translit., \u0141aci\u0144ski<\/span><\/div><div class=\"country-list__item\"><span><a href=\"https:\/\/www.egon.com\/pl\/country\/puerto-rico\"><img decoding=\"async\" class=\"u-margin-right-small\" width=\"25\" src=\"https:\/\/www.egon.com\/wp-content\/plugins\/wp-egon-plugin\/flags\/pr.svg\"\/>Portoryko<\/a><\/span><span>PRI<\/span><span>Tak<\/span><span>Tak<\/span><span>Ulica<\/span><span>Tak<\/span><span>Tak<\/span><span>krajowy, Translit., \u0141aci\u0144ski<\/span><\/div><div class=\"country-list__item\"><span><a href=\"https:\/\/www.egon.com\/pl\/country\/saint-pierre-miquelon\"><img decoding=\"async\" class=\"u-margin-right-small\" width=\"25\" src=\"https:\/\/www.egon.com\/wp-content\/plugins\/wp-egon-plugin\/flags\/pm.svg\"\/>Saint Pierre i Miquelon<\/a><\/span><span>SPM<\/span><span>Tak<\/span><span>Tak<\/span><span>Miejscowo\u015b\u0107<\/span><span>Tak<\/span><span>Tak<\/span><span>krajowy, Translit., \u0141aci\u0144ski<\/span><\/div><div class=\"country-list__item\"><span><a href=\"https:\/\/www.egon.com\/pl\/country\/united-states\"><img decoding=\"async\" class=\"u-margin-right-small\" width=\"25\" src=\"https:\/\/www.egon.com\/wp-content\/plugins\/wp-egon-plugin\/flags\/us.svg\"\/>Stany Zjednoczone Ameryki<\/a><\/span><span>USA<\/span><span>Tak<\/span><span>Tak<\/span><span>Ulica<\/span><span>Tak<\/span><span>Tak<\/span><span>krajowy, Translit., \u0141aci\u0144ski<\/span><\/div><\/div><div class=\"country-list-legend\"><h4 class=\"u-margin-bottom-small\">Legenda<\/h4><span>Norm. adres\u00f3w: TAK = us\u0142uga normalizacji adres\u00f3w dost\u0119pna; NIE = us\u0142uga normalizacji adres\u00f3w niedost\u0119pna<\/span>\r\n        <span>Geokodowanie: TAK = us\u0142uga geokodowania dost\u0119pna; NIE = us\u0142uga geokodowania niedost\u0119pna<\/span>\r\n        <span>Poziom: ULICA = szczeg\u00f3\u0142y na poziomie ulic;; MIEJSCOWO\u015a\u0106 = szczeg\u00f3\u0142y na poziomie miejscowo\u015bci<\/span>\r\n        <span>Deduplikowanie: TAK = us\u0142uga deduplikacji dost\u0119pna; NIE = us\u0142uga deduplikacji niedost\u0119pna<\/span>\r\n        <span>Norm. Danych osobowych: TAK = us\u0142uga normalizacji danych osobowych dost\u0119pna; NIE = us\u0142uga normalizacji danych osobowych niedost\u0119pna<\/span>\r\n        <span>Znaki: Ojczysty = znaki j\u0119zyka ojczystego; Rzymskie = znaki \u0142aci\u0144skie; Mi\u0119dzynarodowy = format mi\u0119dzynarodowy. Wszystkie litery mog\u0105 by\u0107 w formacie drukowanym.<\/span><\/div>\n","protected":false},"excerpt":{"rendered":"<p>Weryfikacji adres\u00f3w pocztowychAmeryka p\u00f3\u0142nocna<\/p>\n","protected":false},"author":1,"featured_media":0,"parent":8386,"menu_order":0,"comment_status":"closed","ping_status":"closed","template":"templates\/template-nosidebar.php","meta":{"footnotes":""},"class_list":["post-8408","page","type-page","status-publish","hentry"],"yoast_head":"<!-- This site is optimized with the Yoast SEO plugin v26.8 - https:\/\/yoast.com\/product\/yoast-seo-wordpress\/ -->\n<title>Weryfikacji adres\u00f3w pocztowychAmeryka p\u00f3\u0142nocna<\/title>\n<meta name=\"robots\" content=\"index, follow, max-snippet:-1, max-image-preview:large, max-video-preview:-1\" \/>\n<link rel=\"canonical\" href=\"https:\/\/www.egon.com\/pl\/kraje\/ameryka-polnocna\" \/>\n<meta property=\"og:locale\" content=\"pl_PL\" \/>\n<meta property=\"og:type\" content=\"article\" \/>\n<meta property=\"og:title\" content=\"Weryfikacji adres\u00f3w pocztowychAmeryka p\u00f3\u0142nocna\" \/>\n<meta property=\"og:description\" content=\"Weryfikacji adres\u00f3w pocztowychAmeryka p\u00f3\u0142nocna\" \/>\n<meta property=\"og:url\" content=\"https:\/\/www.egon.com\/pl\/kraje\/ameryka-polnocna\" \/>\n<meta property=\"og:site_name\" content=\"Egon\" \/>\n<meta property=\"article:modified_time\" content=\"2021-02-19T13:58:21+00:00\" \/>\n<meta name=\"twitter:card\" content=\"summary_large_image\" \/>\n<meta name=\"twitter:label1\" content=\"Szacowany czas czytania\" \/>\n\t<meta name=\"twitter:data1\" content=\"1 minuta\" \/>\n<script type=\"application\/ld+json\" class=\"yoast-schema-graph\">{\"@context\":\"https:\/\/schema.org\",\"@graph\":[{\"@type\":\"WebPage\",\"@id\":\"https:\/\/www.egon.com\/pl\/kraje\/ameryka-polnocna\",\"url\":\"https:\/\/www.egon.com\/pl\/kraje\/ameryka-polnocna\",\"name\":\"Weryfikacji adres\u00f3w pocztowychAmeryka p\u00f3\u0142nocna\",\"isPartOf\":{\"@id\":\"https:\/\/www.egon.com\/zh\/#website\"},\"datePublished\":\"2017-09-19T15:08:26+00:00\",\"dateModified\":\"2021-02-19T13:58:21+00:00\",\"breadcrumb\":{\"@id\":\"https:\/\/www.egon.com\/pl\/kraje\/ameryka-polnocna#breadcrumb\"},\"inLanguage\":\"pl-PL\",\"potentialAction\":[{\"@type\":\"ReadAction\",\"target\":[\"https:\/\/www.egon.com\/pl\/kraje\/ameryka-polnocna\"]}]},{\"@type\":\"BreadcrumbList\",\"@id\":\"https:\/\/www.egon.com\/pl\/kraje\/ameryka-polnocna#breadcrumb\",\"itemListElement\":[{\"@type\":\"ListItem\",\"position\":1,\"name\":\"Home\",\"item\":\"https:\/\/www.egon.com\/pl\"},{\"@type\":\"ListItem\",\"position\":2,\"name\":\"Available Services per Country &#8211; Country Lists\",\"item\":\"https:\/\/www.egon.com\/pl\/kraje\"},{\"@type\":\"ListItem\",\"position\":3,\"name\":\"NORTH AMERICA \u2013 ADDRESS VALIDATION, GEOCODING AND DEDUPLICATION SERVICES\"}]},{\"@type\":\"WebSite\",\"@id\":\"https:\/\/www.egon.com\/zh\/#website\",\"url\":\"https:\/\/www.egon.com\/zh\/\",\"name\":\"Egon\",\"description\":\"Normalizzazione indirizzi - Address validation - Egon.com\",\"potentialAction\":[{\"@type\":\"SearchAction\",\"target\":{\"@type\":\"EntryPoint\",\"urlTemplate\":\"https:\/\/www.egon.com\/zh\/?s={search_term_string}\"},\"query-input\":{\"@type\":\"PropertyValueSpecification\",\"valueRequired\":true,\"valueName\":\"search_term_string\"}}],\"inLanguage\":\"pl-PL\"}]}<\/script>\n<!-- \/ Yoast SEO plugin. -->","yoast_head_json":{"title":"Weryfikacji adres\u00f3w pocztowychAmeryka p\u00f3\u0142nocna","robots":{"index":"index","follow":"follow","max-snippet":"max-snippet:-1","max-image-preview":"max-image-preview:large","max-video-preview":"max-video-preview:-1"},"canonical":"https:\/\/www.egon.com\/pl\/kraje\/ameryka-polnocna","og_locale":"pl_PL","og_type":"article","og_title":"Weryfikacji adres\u00f3w pocztowychAmeryka p\u00f3\u0142nocna","og_description":"Weryfikacji adres\u00f3w pocztowychAmeryka p\u00f3\u0142nocna","og_url":"https:\/\/www.egon.com\/pl\/kraje\/ameryka-polnocna","og_site_name":"Egon","article_modified_time":"2021-02-19T13:58:21+00:00","twitter_card":"summary_large_image","twitter_misc":{"Szacowany czas czytania":"1 minuta"},"schema":{"@context":"https:\/\/schema.org","@graph":[{"@type":"WebPage","@id":"https:\/\/www.egon.com\/pl\/kraje\/ameryka-polnocna","url":"https:\/\/www.egon.com\/pl\/kraje\/ameryka-polnocna","name":"Weryfikacji adres\u00f3w pocztowychAmeryka p\u00f3\u0142nocna","isPartOf":{"@id":"https:\/\/www.egon.com\/zh\/#website"},"datePublished":"2017-09-19T15:08:26+00:00","dateModified":"2021-02-19T13:58:21+00:00","breadcrumb":{"@id":"https:\/\/www.egon.com\/pl\/kraje\/ameryka-polnocna#breadcrumb"},"inLanguage":"pl-PL","potentialAction":[{"@type":"ReadAction","target":["https:\/\/www.egon.com\/pl\/kraje\/ameryka-polnocna"]}]},{"@type":"BreadcrumbList","@id":"https:\/\/www.egon.com\/pl\/kraje\/ameryka-polnocna#breadcrumb","itemListElement":[{"@type":"ListItem","position":1,"name":"Home","item":"https:\/\/www.egon.com\/pl"},{"@type":"ListItem","position":2,"name":"Available Services per Country &#8211; Country Lists","item":"https:\/\/www.egon.com\/pl\/kraje"},{"@type":"ListItem","position":3,"name":"NORTH AMERICA \u2013 ADDRESS VALIDATION, GEOCODING AND DEDUPLICATION SERVICES"}]},{"@type":"WebSite","@id":"https:\/\/www.egon.com\/zh\/#website","url":"https:\/\/www.egon.com\/zh\/","name":"Egon","description":"Normalizzazione indirizzi - Address validation - Egon.com","potentialAction":[{"@type":"SearchAction","target":{"@type":"EntryPoint","urlTemplate":"https:\/\/www.egon.com\/zh\/?s={search_term_string}"},"query-input":{"@type":"PropertyValueSpecification","valueRequired":true,"valueName":"search_term_string"}}],"inLanguage":"pl-PL"}]}},"_links":{"self":[{"href":"https:\/\/www.egon.com\/pl\/wp-json\/wp\/v2\/pages\/8408","targetHints":{"allow":["GET"]}}],"collection":[{"href":"https:\/\/www.egon.com\/pl\/wp-json\/wp\/v2\/pages"}],"about":[{"href":"https:\/\/www.egon.com\/pl\/wp-json\/wp\/v2\/types\/page"}],"author":[{"embeddable":true,"href":"https:\/\/www.egon.com\/pl\/wp-json\/wp\/v2\/users\/1"}],"replies":[{"embeddable":true,"href":"https:\/\/www.egon.com\/pl\/wp-json\/wp\/v2\/comments?post=8408"}],"version-history":[{"count":2,"href":"https:\/\/www.egon.com\/pl\/wp-json\/wp\/v2\/pages\/8408\/revisions"}],"predecessor-version":[{"id":18038,"href":"https:\/\/www.egon.com\/pl\/wp-json\/wp\/v2\/pages\/8408\/revisions\/18038"}],"up":[{"embeddable":true,"href":"https:\/\/www.egon.com\/pl\/wp-json\/wp\/v2\/pages\/8386"}],"wp:attachment":[{"href":"https:\/\/www.egon.com\/pl\/wp-json\/wp\/v2\/media?parent=8408"}],"curies":[{"name":"wp","href":"https:\/\/api.w.org\/{rel}","templated":true}]}}