{"id":8386,"date":"2017-09-19T14:56:24","date_gmt":"2017-09-19T14:56:24","guid":{"rendered":"https:\/\/egon.com\/?page_id=8386"},"modified":"2019-02-15T16:19:08","modified_gmt":"2019-02-15T16:19:08","slug":"kraje","status":"publish","type":"page","link":"https:\/\/www.egon.com\/pl\/kraje","title":{"rendered":"Available Services per Country &#8211; Country Lists"},"content":{"rendered":"[vc_row][vc_column][vc_column_text]<div id=\"mapsvg-14597\" class=\"mapsvg\"><\/div>[\/vc_column_text][\/vc_column][\/vc_row][vc_row][vc_column][vc_column_text]Znajd\u017a kraj lub terytorium, kt\u00f3re Ci\u0119 interesuj\u0105, a nast\u0119pnie sprawd\u017a wszystkie dost\u0119pne us\u0142ugi i poziomy. B\u0119dziesz m\u00f3g\u0142 tak\u017ce przekszta\u0142ci\u0107 wszystkie adresy pocztowe w \u017c\u0105danym j\u0119zyku i przyj\u0105\u0107 preferowany model pisania mi\u0119dzy skryptem macierzystym (napisanym w j\u0119zyku ojczystym kraju docelowego), skryptem \u0142aci\u0144skim (znaki \u0142aci\u0144skie) i skryptem transliterowanym (transpozycja grafogram\u00f3w jednego systemu pisania na wykresy innego systemu).[\/vc_column_text][\/vc_column][\/vc_row][vc_row][vc_column width=&#8221;1\/3&#8243;]<div class=\"c-heading\"><h3><a href=\"https:\/\/www.egon.com\/countries\/address-validation-north-america\" title=\"NORMALIZACJA DANYCH OSOBOWYCH, GEOKODOWANIE I DEDUPLIKACJA\">AMERYKA P\u00d3\u0141NOCNA<\/a><\/h3><\/div>[\/vc_column][vc_column width=&#8221;1\/3&#8243;]<div class=\"c-heading\"><h3><a href=\"https:\/\/www.egon.com\/countries\/europe\" title=\"NORMALIZACJA DANYCH OSOBOWYCH, GEOKODOWANIE I DEDUPLIKACJA\">EUROPA<\/a><\/h3><\/div>[\/vc_column][vc_column width=&#8221;1\/3&#8243;]<div class=\"c-heading\"><h3><a href=\"https:\/\/www.egon.com\/countries\/south-america\" title=\"NORMALIZACJA DANYCH OSOBOWYCH, GEOKODOWANIE I DEDUPLIKACJA\">AMERYKA PO\u0141UDNIOWA<\/a><\/h3><\/div>[\/vc_column][vc_column width=&#8221;1\/3&#8243;]<div class=\"c-heading\"><h3><a href=\"https:\/\/www.egon.com\/countries\/oceania\" title=\"NORMALIZACJA DANYCH OSOBOWYCH, GEOKODOWANIE I DEDUPLIKACJA\">OCEANIA<\/a><\/h3><\/div>[\/vc_column][vc_column width=&#8221;1\/3&#8243;]<div class=\"c-heading\"><h3><a href=\"https:\/\/www.egon.com\/countries\/asia\" title=\"NORMALIZACJA DANYCH OSOBOWYCH, GEOKODOWANIE I DEDUPLIKACJA\">AZJA<\/a><\/h3><\/div>[\/vc_column][vc_column width=&#8221;1\/3&#8243;]<div class=\"c-heading\"><h3><a href=\"https:\/\/www.egon.com\/countries\/africa\" title=\"NORMALIZACJA DANYCH OSOBOWYCH, GEOKODOWANIE I DEDUPLIKACJA\">AFRYKA<\/a><\/h3><\/div>[\/vc_column][\/vc_row]\n","protected":false},"excerpt":{"rendered":"<p>[vc_row][vc_column][vc_column_text][\/vc_column_text][\/vc_column][\/vc_row][vc_row][vc_column][vc_column_text]Znajd\u017a kraj lub terytorium, kt\u00f3re Ci\u0119 interesuj\u0105, a nast\u0119pnie sprawd\u017a wszystkie dost\u0119pne us\u0142ugi i poziomy. B\u0119dziesz m\u00f3g\u0142 tak\u017ce przekszta\u0142ci\u0107 wszystkie adresy pocztowe [&hellip;]<\/p>\n","protected":false},"author":1,"featured_media":0,"parent":0,"menu_order":0,"comment_status":"closed","ping_status":"closed","template":"templates\/template-nosidebar.php","meta":{"footnotes":""},"class_list":["post-8386","page","type-page","status-publish","hentry"],"yoast_head":"<!-- This site is optimized with the Yoast SEO plugin v26.8 - https:\/\/yoast.com\/product\/yoast-seo-wordpress\/ -->\n<title>Available Services per Country - Country Lists - Egon<\/title>\n<meta name=\"robots\" content=\"noindex, follow\" \/>\n<meta property=\"og:locale\" content=\"pl_PL\" \/>\n<meta property=\"og:type\" content=\"article\" \/>\n<meta property=\"og:title\" content=\"Available Services per Country - Country Lists - Egon\" \/>\n<meta property=\"og:description\" content=\"[vc_row][vc_column][vc_column_text][\/vc_column_text][\/vc_column][\/vc_row][vc_row][vc_column][vc_column_text]Znajd\u017a kraj lub terytorium, kt\u00f3re Ci\u0119 interesuj\u0105, a nast\u0119pnie sprawd\u017a wszystkie dost\u0119pne us\u0142ugi i poziomy. B\u0119dziesz m\u00f3g\u0142 tak\u017ce przekszta\u0142ci\u0107 wszystkie adresy pocztowe [&hellip;]\" \/>\n<meta property=\"og:url\" content=\"https:\/\/www.egon.com\/pl\/kraje\" \/>\n<meta property=\"og:site_name\" content=\"Egon\" \/>\n<meta property=\"article:modified_time\" content=\"2019-02-15T16:19:08+00:00\" \/>\n<meta name=\"twitter:card\" content=\"summary_large_image\" \/>\n<meta name=\"twitter:label1\" content=\"Szacowany czas czytania\" \/>\n\t<meta name=\"twitter:data1\" content=\"1 minuta\" \/>\n<script type=\"application\/ld+json\" class=\"yoast-schema-graph\">{\"@context\":\"https:\/\/schema.org\",\"@graph\":[{\"@type\":\"WebPage\",\"@id\":\"https:\/\/www.egon.com\/pl\/kraje\",\"url\":\"https:\/\/www.egon.com\/pl\/kraje\",\"name\":\"Available Services per Country - Country Lists - Egon\",\"isPartOf\":{\"@id\":\"https:\/\/www.egon.com\/zh\/#website\"},\"datePublished\":\"2017-09-19T14:56:24+00:00\",\"dateModified\":\"2019-02-15T16:19:08+00:00\",\"breadcrumb\":{\"@id\":\"https:\/\/www.egon.com\/pl\/kraje#breadcrumb\"},\"inLanguage\":\"pl-PL\",\"potentialAction\":[{\"@type\":\"ReadAction\",\"target\":[\"https:\/\/www.egon.com\/pl\/kraje\"]}]},{\"@type\":\"BreadcrumbList\",\"@id\":\"https:\/\/www.egon.com\/pl\/kraje#breadcrumb\",\"itemListElement\":[{\"@type\":\"ListItem\",\"position\":1,\"name\":\"Home\",\"item\":\"https:\/\/www.egon.com\/pl\"},{\"@type\":\"ListItem\",\"position\":2,\"name\":\"Available Services per Country &#8211; Country Lists\"}]},{\"@type\":\"WebSite\",\"@id\":\"https:\/\/www.egon.com\/zh\/#website\",\"url\":\"https:\/\/www.egon.com\/zh\/\",\"name\":\"Egon\",\"description\":\"Normalizzazione indirizzi - Address validation - Egon.com\",\"potentialAction\":[{\"@type\":\"SearchAction\",\"target\":{\"@type\":\"EntryPoint\",\"urlTemplate\":\"https:\/\/www.egon.com\/zh\/?s={search_term_string}\"},\"query-input\":{\"@type\":\"PropertyValueSpecification\",\"valueRequired\":true,\"valueName\":\"search_term_string\"}}],\"inLanguage\":\"pl-PL\"}]}<\/script>\n<!-- \/ Yoast SEO plugin. -->","yoast_head_json":{"title":"Available Services per Country - Country Lists - Egon","robots":{"index":"noindex","follow":"follow"},"og_locale":"pl_PL","og_type":"article","og_title":"Available Services per Country - Country Lists - Egon","og_description":"[vc_row][vc_column][vc_column_text][\/vc_column_text][\/vc_column][\/vc_row][vc_row][vc_column][vc_column_text]Znajd\u017a kraj lub terytorium, kt\u00f3re Ci\u0119 interesuj\u0105, a nast\u0119pnie sprawd\u017a wszystkie dost\u0119pne us\u0142ugi i poziomy. B\u0119dziesz m\u00f3g\u0142 tak\u017ce przekszta\u0142ci\u0107 wszystkie adresy pocztowe [&hellip;]","og_url":"https:\/\/www.egon.com\/pl\/kraje","og_site_name":"Egon","article_modified_time":"2019-02-15T16:19:08+00:00","twitter_card":"summary_large_image","twitter_misc":{"Szacowany czas czytania":"1 minuta"},"schema":{"@context":"https:\/\/schema.org","@graph":[{"@type":"WebPage","@id":"https:\/\/www.egon.com\/pl\/kraje","url":"https:\/\/www.egon.com\/pl\/kraje","name":"Available Services per Country - Country Lists - Egon","isPartOf":{"@id":"https:\/\/www.egon.com\/zh\/#website"},"datePublished":"2017-09-19T14:56:24+00:00","dateModified":"2019-02-15T16:19:08+00:00","breadcrumb":{"@id":"https:\/\/www.egon.com\/pl\/kraje#breadcrumb"},"inLanguage":"pl-PL","potentialAction":[{"@type":"ReadAction","target":["https:\/\/www.egon.com\/pl\/kraje"]}]},{"@type":"BreadcrumbList","@id":"https:\/\/www.egon.com\/pl\/kraje#breadcrumb","itemListElement":[{"@type":"ListItem","position":1,"name":"Home","item":"https:\/\/www.egon.com\/pl"},{"@type":"ListItem","position":2,"name":"Available Services per Country &#8211; Country Lists"}]},{"@type":"WebSite","@id":"https:\/\/www.egon.com\/zh\/#website","url":"https:\/\/www.egon.com\/zh\/","name":"Egon","description":"Normalizzazione indirizzi - Address validation - Egon.com","potentialAction":[{"@type":"SearchAction","target":{"@type":"EntryPoint","urlTemplate":"https:\/\/www.egon.com\/zh\/?s={search_term_string}"},"query-input":{"@type":"PropertyValueSpecification","valueRequired":true,"valueName":"search_term_string"}}],"inLanguage":"pl-PL"}]}},"_links":{"self":[{"href":"https:\/\/www.egon.com\/pl\/wp-json\/wp\/v2\/pages\/8386","targetHints":{"allow":["GET"]}}],"collection":[{"href":"https:\/\/www.egon.com\/pl\/wp-json\/wp\/v2\/pages"}],"about":[{"href":"https:\/\/www.egon.com\/pl\/wp-json\/wp\/v2\/types\/page"}],"author":[{"embeddable":true,"href":"https:\/\/www.egon.com\/pl\/wp-json\/wp\/v2\/users\/1"}],"replies":[{"embeddable":true,"href":"https:\/\/www.egon.com\/pl\/wp-json\/wp\/v2\/comments?post=8386"}],"version-history":[{"count":0,"href":"https:\/\/www.egon.com\/pl\/wp-json\/wp\/v2\/pages\/8386\/revisions"}],"wp:attachment":[{"href":"https:\/\/www.egon.com\/pl\/wp-json\/wp\/v2\/media?parent=8386"}],"curies":[{"name":"wp","href":"https:\/\/api.w.org\/{rel}","templated":true}]}}