{"id":8362,"date":"2017-09-19T14:47:26","date_gmt":"2017-09-19T14:47:26","guid":{"rendered":"https:\/\/egon.com\/?page_id=8362"},"modified":"2017-10-18T18:37:18","modified_gmt":"2017-10-18T18:37:18","slug":"web-in-the-cloud-pl","status":"publish","type":"page","link":"https:\/\/www.egon.com\/pl\/web-in-the-cloud-pl","title":{"rendered":"EGON WEB &#8211; Normalizacja adres\u00f3w web"},"content":{"rendered":"[vc_row holder_set_margin=&#8221;true&#8221; holder_margin=&#8221;u-margin-bottom-large&#8221;][vc_column]<div class=\"c-mediabox\">\n<div class=\" o-media o-media--responsive\">\n<div class=\"o-media__img\"><img loading=\"lazy\" decoding=\"async\" width=\"336\" height=\"420\" src=\"https:\/\/www.egon.com\/wp-content\/uploads\/2017\/09\/normalizacja-adresow-web-336x420.jpg\" class=\"attachment-wps_prime_medium size-wps_prime_medium\" alt=\"normalizacja adresow web\" \/><\/div>\n<div class=\"o-media__body\">Egon mo\u017ce by\u0107 wykorzystywany zar\u00f3wno w trybie ci\u0105g\u0142ym, jak i wed\u0142ug istniej\u0105cej potrzeby ( z form\u0105 zap\u0142aty rycza\u0142towej lub wed\u0142ug czasu u\u017cytkowania, a tak\u017ce w formie klasycznych abonament\u00f3w), bez konieczno\u015bci \u017cadnych szczeg\u00f3lnych instalacji w istniej\u0105cej infrastrukturze informatycznej firmy, lecz za pomoc\u0105 prostego<span>wywo\u0142ania po stronie web<\/span>\u00a0naszego \u201e<span>web service<\/span>\u201d, umo\u017cliwiaj\u0105cego bezpo\u015bredni\u0105 komunikacj\u0119 pomi\u0119dzy aplikacjami firmowymi i maszyn\u0105 Egon, dzi\u0119ki standardowym j\u0119zykom i interfejsom (wsdl, api\u2026).<\/p>\n<p>Nie musisz absolutnie przejmowa\u0107 si\u0119 kosztami i sposobem fizycznej instalacji naszej aplikacji, poniewa\u017c Egon jest dla ciebie bezpo\u015brednio dost\u0119pny \u201cIn the Cloud\u201d (<span>w chmurach<\/span>), a ty\u00a0<span>zakupujesz wy\u0142\u0105cznie nasz\u0105 us\u0142ug\u0119<\/span>, natomiast my zajmiemy si\u0119 ca\u0142\u0105 infrastruktur\u0105 techniczno-logistyczn\u0105, wykorzystuj\u0105c instalacje obecne na naszym serwerze i b\u0119d\u0105ce pod nasz\u0105 kontrol\u0105.<\/div>\n<\/div>\n<\/div>\n[\/vc_column][\/vc_row][vc_row][vc_column]<div class=\"templatera_shortcode\"><div class=\"o-holder u-background-pos-bottom-right u-background-cover u-background-color-one u-margin-bottom-large\" style='background-image:url(https:\/\/www.egon.com\/wp-content\/uploads\/2017\/07\/pattern.svg);'><div class=\"grid-1 grid--middle\"><div class=\"col _lap-and-up-9\" ><div class=\"col_inner u-padding\"><div class=\"c-heading\"><h3 class=\" u-text-color-invert u-text-bolder u-margin-bottom-none u-padding-vertical\">CHCESZ PRZETESTOWA\u0106 NATYCHMIAST MOC NASZEJ APLIKACJI?<\/h3><\/div><div class=\"c-text-block u-text-color-invert\"><p>Poszukamy wsp\u00f3lnie i bez \u017cadnego zobowi\u0105zania z waszej strony najlepszego rozwi\u0105zania dla waszych potrzeb, umo\u017cliwiaj\u0105c wam darmowe\u00a0<span>wypr\u00f3bowanie niekt\u00f3rych naszych podstawowych us\u0142ug<\/span>, po to aby\u015bcie mogli dok\u0142adnie zrozumie\u0107 ogromny potencja\u0142 naszego produktu.<\/p>\n <\/div><\/div><\/div><div class=\"col _lap-and-up-3 u-padding\" ><div class=\"c-button-holder c-button-holder--center\"><a class=\"c-button c-button--center c-button--white  c-button--ghost\" href=\"https:\/\/www.egon.com\/company\/contact-us\">SKONTAKTUJ SI\u0118 Z NAMI JU\u017b TERAZ<\/a><\/div><\/div>\n<\/div><\/div><\/div>[\/vc_column][\/vc_row][vc_row holder_set_margin=&#8221;true&#8221; holder_margin=&#8221;u-margin-bottom&#8221;][vc_column]<div class=\"c-heading\"><h3 class=\" u-text-bolder\">Z CHMUR DO FIRMY, JAKO\u015a\u0106 DANYCH VIA WEB <\/h3><\/div>[vc_column_text]Wszystkie istniej\u0105ce firmy, pocz\u0105wszy od najwi\u0119kszych i najbardziej rozbudowanych, a na malutkich o\u015brodkach rzemie\u015blniczych ko\u0144cz\u0105c, korzystaj\u0105 codziennie ze swojej sieci informacyjnej, kt\u00f3ra nieuchronnie si\u0119 rozrasta, powoduj\u0105c jej stopniowe pogorszenie pod wzgl\u0119dem jako\u015bci. Cz\u0119sto utrata sp\u00f3jno\u015bci posiadanych baz danych uniemo\u017cliwia wydajne korzystanie z posiadanych danych. Dotyczy to najprzer\u00f3\u017cniejszych dziedzin. W jaki spos\u00f3b, na przyk\u0142ad, wykona\u0107 kampani\u0119 reklamow\u0105 dotycz\u0105c\u0105 nowo\u015bci lub ostatnich ofert, lub jak wysy\u0142a\u0107 wa\u017cne informacje bez pewno\u015bci, i\u017c posiadamy dok\u0142adne dane i adresy w naszym parku klient\u00f3w\/dostawc\u00f3w? Wysy\u0142anie b\u0142\u0119dnych lub podw\u00f3jnych informacji poczt\u0105 lub w formie cyfrowej, z powodu niskiej jako\u015bci danych zawartych w naszych archiwach, mo\u017ce spowodowa\u0107 utrat\u0119 dobrego wizerunku firmy w oczach naszych klient\u00f3w, a nawet mo\u017cemy zosta\u0107 uznani i zasygnalizowani jako spamer.<\/p>\n<p>Niemo\u017cliwo\u015b\u0107 korzystania z odmiennych i sprzecznych danych zawartych w bazie danych a dotycz\u0105cych tych samych u\u017cytkownik\u00f3w uniemo\u017cliwia wykonanie dok\u0142adnego profilu posiadanych klient\u00f3w i, w konsekwencji, ca\u0142y ogrom posiadanych przez nas informacji jest bezu\u017cyteczny:<\/p>\n<p><em>Informacja sprzeczna to informacja bezu\u017cyteczna.<\/em><\/p>\n<p>Dlatego te\u017c postawili\u015bmy sobie za cel umo\u017cliwienie wszystkim firmom, r\u00f3wnie\u017c tym niewielkim, wykonania normalizacji posiadanych archiw\u00f3w informacyjnych oraz korzystania ze wszystkich funkcji Egon przy\u00a0<span>niewielkim nak\u0142adzie czasu<\/span>, w spos\u00f3b\u00a0<span>maksymalnie wygodny<\/span>, bezpo\u015brednio\u00a0<span>przez Internet<\/span>.<\/p>\n<p>Nasz projekt, uwie\u0144czony wprowadzeniem w \u017cycie modu\u0142u\u00a0 \u201e<span>Egon Web<\/span>\u201d zapewniaj\u0105cego wysok\u0105 jako\u015b\u0107 danych, umo\u017cliwi\u0142 r\u00f3wnie\u017c firmom, kt\u00f3re nie s\u0105 w stanie przeznaczy\u0107 du\u017cych sum na\u00a0 swoj\u0105 innowacj\u0119, przeprowadzenie odpowiedniej\u00a0 inwestycji\u00a0 w jako\u015b\u0107 oraz wykonanie znacznego kroku naprz\u00f3d.[\/vc_column_text][\/vc_column][\/vc_row][vc_row holder_set_margin=&#8221;true&#8221; holder_margin=&#8221;u-margin-bottom-large&#8221;][vc_column]<div class=\"templatera_shortcode\"><div class=\"o-holder u-background-pos-bottom-right u-background-cover u-background-color-one u-margin-bottom-large\" style='background-image:url(https:\/\/www.egon.com\/wp-content\/uploads\/2017\/07\/pattern.svg);'><div class=\"grid-1 grid--middle\"><div class=\"col _lap-and-up-9\" ><div class=\"col_inner u-padding\"><div class=\"c-heading\"><h3 class=\" u-text-color-invert u-text-bolder u-margin-bottom-none u-padding-vertical\">SKONTAKTUJ SI\u0118 Z NAMI JU\u017b TERAZ I WYPR\u00d3BUJ NASZE ROZWI\u0104ZANIE WEB DLA TWOICH DANYCH<\/h3><\/div><\/div><\/div><div class=\"col _lap-and-up-3\" ><div class=\"col_inner u-padding\"><div class=\"c-button-holder c-button-holder--center\"><a class=\"c-button c-button--center c-button--white  c-button--ghost\" href=\"https:\/\/www.egon.com\/egon-demo\">DARMOWE DEMO ONLINE<\/a><\/div><\/div><\/div>\n<\/div><\/div><\/div>[\/vc_column][\/vc_row]\n","protected":false},"excerpt":{"rendered":"SKONTAKTUJ SI\u0118 Z NAMI JU\u017b TERAZ I WYPR\u00d3BUJ NASZE ROZWI\u0104ZANIE WEB DLA TWOICH DANYCHDARMOWE DEMO ONLINE","protected":false},"author":1,"featured_media":0,"parent":0,"menu_order":0,"comment_status":"closed","ping_status":"closed","template":"templates\/template-nosidebar.php","meta":{"footnotes":""},"class_list":["post-8362","page","type-page","status-publish","hentry"],"yoast_head":"<!-- This site is optimized with the Yoast SEO plugin v26.8 - https:\/\/yoast.com\/product\/yoast-seo-wordpress\/ -->\n<title>Normalizacja adres\u00f3w web - Egon.com<\/title>\n<meta name=\"description\" content=\"Mo\u017cesz stosowa\u0107 Egon bezpo\u015brednio w Internecie, bez \u017cadnej instalacji w trybie lokalnym, lecz dzi\u0119ki po\u0142\u0105czeniu internetowym z naszym web service.\" \/>\n<meta name=\"robots\" content=\"index, follow, max-snippet:-1, max-image-preview:large, max-video-preview:-1\" \/>\n<link rel=\"canonical\" href=\"https:\/\/www.egon.com\/pl\/web-in-the-cloud-pl\" \/>\n<meta property=\"og:locale\" content=\"pl_PL\" \/>\n<meta property=\"og:type\" content=\"article\" \/>\n<meta property=\"og:title\" content=\"Normalizacja adres\u00f3w web - Egon.com\" \/>\n<meta property=\"og:description\" content=\"Mo\u017cesz stosowa\u0107 Egon bezpo\u015brednio w Internecie, bez \u017cadnej instalacji w trybie lokalnym, lecz dzi\u0119ki po\u0142\u0105czeniu internetowym z naszym web service.\" \/>\n<meta property=\"og:url\" content=\"https:\/\/www.egon.com\/pl\/web-in-the-cloud-pl\" \/>\n<meta property=\"og:site_name\" content=\"Egon\" \/>\n<meta property=\"article:modified_time\" content=\"2017-10-18T18:37:18+00:00\" \/>\n<meta name=\"twitter:card\" content=\"summary_large_image\" \/>\n<meta name=\"twitter:label1\" content=\"Szacowany czas czytania\" \/>\n\t<meta name=\"twitter:data1\" content=\"3 minuty\" \/>\n<script type=\"application\/ld+json\" class=\"yoast-schema-graph\">{\"@context\":\"https:\/\/schema.org\",\"@graph\":[{\"@type\":\"WebPage\",\"@id\":\"https:\/\/www.egon.com\/pl\/web-in-the-cloud-pl\",\"url\":\"https:\/\/www.egon.com\/pl\/web-in-the-cloud-pl\",\"name\":\"Normalizacja adres\u00f3w web - Egon.com\",\"isPartOf\":{\"@id\":\"https:\/\/www.egon.com\/zh\/#website\"},\"datePublished\":\"2017-09-19T14:47:26+00:00\",\"dateModified\":\"2017-10-18T18:37:18+00:00\",\"description\":\"Mo\u017cesz stosowa\u0107 Egon bezpo\u015brednio w Internecie, bez \u017cadnej instalacji w trybie lokalnym, lecz dzi\u0119ki po\u0142\u0105czeniu internetowym z naszym web service.\",\"breadcrumb\":{\"@id\":\"https:\/\/www.egon.com\/pl\/web-in-the-cloud-pl#breadcrumb\"},\"inLanguage\":\"pl-PL\",\"potentialAction\":[{\"@type\":\"ReadAction\",\"target\":[\"https:\/\/www.egon.com\/pl\/web-in-the-cloud-pl\"]}]},{\"@type\":\"BreadcrumbList\",\"@id\":\"https:\/\/www.egon.com\/pl\/web-in-the-cloud-pl#breadcrumb\",\"itemListElement\":[{\"@type\":\"ListItem\",\"position\":1,\"name\":\"Home\",\"item\":\"https:\/\/www.egon.com\/pl\"},{\"@type\":\"ListItem\",\"position\":2,\"name\":\"EGON WEB &#8211; Normalizacja adres\u00f3w web\"}]},{\"@type\":\"WebSite\",\"@id\":\"https:\/\/www.egon.com\/zh\/#website\",\"url\":\"https:\/\/www.egon.com\/zh\/\",\"name\":\"Egon\",\"description\":\"Normalizzazione indirizzi - Address validation - Egon.com\",\"potentialAction\":[{\"@type\":\"SearchAction\",\"target\":{\"@type\":\"EntryPoint\",\"urlTemplate\":\"https:\/\/www.egon.com\/zh\/?s={search_term_string}\"},\"query-input\":{\"@type\":\"PropertyValueSpecification\",\"valueRequired\":true,\"valueName\":\"search_term_string\"}}],\"inLanguage\":\"pl-PL\"}]}<\/script>\n<!-- \/ Yoast SEO plugin. -->","yoast_head_json":{"title":"Normalizacja adres\u00f3w web - Egon.com","description":"Mo\u017cesz stosowa\u0107 Egon bezpo\u015brednio w Internecie, bez \u017cadnej instalacji w trybie lokalnym, lecz dzi\u0119ki po\u0142\u0105czeniu internetowym z naszym web service.","robots":{"index":"index","follow":"follow","max-snippet":"max-snippet:-1","max-image-preview":"max-image-preview:large","max-video-preview":"max-video-preview:-1"},"canonical":"https:\/\/www.egon.com\/pl\/web-in-the-cloud-pl","og_locale":"pl_PL","og_type":"article","og_title":"Normalizacja adres\u00f3w web - Egon.com","og_description":"Mo\u017cesz stosowa\u0107 Egon bezpo\u015brednio w Internecie, bez \u017cadnej instalacji w trybie lokalnym, lecz dzi\u0119ki po\u0142\u0105czeniu internetowym z naszym web service.","og_url":"https:\/\/www.egon.com\/pl\/web-in-the-cloud-pl","og_site_name":"Egon","article_modified_time":"2017-10-18T18:37:18+00:00","twitter_card":"summary_large_image","twitter_misc":{"Szacowany czas czytania":"3 minuty"},"schema":{"@context":"https:\/\/schema.org","@graph":[{"@type":"WebPage","@id":"https:\/\/www.egon.com\/pl\/web-in-the-cloud-pl","url":"https:\/\/www.egon.com\/pl\/web-in-the-cloud-pl","name":"Normalizacja adres\u00f3w web - Egon.com","isPartOf":{"@id":"https:\/\/www.egon.com\/zh\/#website"},"datePublished":"2017-09-19T14:47:26+00:00","dateModified":"2017-10-18T18:37:18+00:00","description":"Mo\u017cesz stosowa\u0107 Egon bezpo\u015brednio w Internecie, bez \u017cadnej instalacji w trybie lokalnym, lecz dzi\u0119ki po\u0142\u0105czeniu internetowym z naszym web service.","breadcrumb":{"@id":"https:\/\/www.egon.com\/pl\/web-in-the-cloud-pl#breadcrumb"},"inLanguage":"pl-PL","potentialAction":[{"@type":"ReadAction","target":["https:\/\/www.egon.com\/pl\/web-in-the-cloud-pl"]}]},{"@type":"BreadcrumbList","@id":"https:\/\/www.egon.com\/pl\/web-in-the-cloud-pl#breadcrumb","itemListElement":[{"@type":"ListItem","position":1,"name":"Home","item":"https:\/\/www.egon.com\/pl"},{"@type":"ListItem","position":2,"name":"EGON WEB &#8211; Normalizacja adres\u00f3w web"}]},{"@type":"WebSite","@id":"https:\/\/www.egon.com\/zh\/#website","url":"https:\/\/www.egon.com\/zh\/","name":"Egon","description":"Normalizzazione indirizzi - Address validation - Egon.com","potentialAction":[{"@type":"SearchAction","target":{"@type":"EntryPoint","urlTemplate":"https:\/\/www.egon.com\/zh\/?s={search_term_string}"},"query-input":{"@type":"PropertyValueSpecification","valueRequired":true,"valueName":"search_term_string"}}],"inLanguage":"pl-PL"}]}},"_links":{"self":[{"href":"https:\/\/www.egon.com\/pl\/wp-json\/wp\/v2\/pages\/8362","targetHints":{"allow":["GET"]}}],"collection":[{"href":"https:\/\/www.egon.com\/pl\/wp-json\/wp\/v2\/pages"}],"about":[{"href":"https:\/\/www.egon.com\/pl\/wp-json\/wp\/v2\/types\/page"}],"author":[{"embeddable":true,"href":"https:\/\/www.egon.com\/pl\/wp-json\/wp\/v2\/users\/1"}],"replies":[{"embeddable":true,"href":"https:\/\/www.egon.com\/pl\/wp-json\/wp\/v2\/comments?post=8362"}],"version-history":[{"count":0,"href":"https:\/\/www.egon.com\/pl\/wp-json\/wp\/v2\/pages\/8362\/revisions"}],"wp:attachment":[{"href":"https:\/\/www.egon.com\/pl\/wp-json\/wp\/v2\/media?parent=8362"}],"curies":[{"name":"wp","href":"https:\/\/api.w.org\/{rel}","templated":true}]}}