{"id":8296,"date":"2017-09-19T14:29:56","date_gmt":"2017-09-19T14:29:56","guid":{"rendered":"https:\/\/egon.com\/?page_id=8296"},"modified":"2019-04-19T12:06:34","modified_gmt":"2019-04-19T12:06:34","slug":"staff","status":"publish","type":"page","link":"https:\/\/www.egon.com\/pl\/firma\/staff","title":{"rendered":"Staff"},"content":{"rendered":"[vc_row][vc_column][vc_column_text]Nasi wsp\u00f3\u0142pracownicy posiadaj\u0105 potwierdzone do\u015bwiadczenie, oraz dog\u0142\u0119bn\u0105 wiedz\u0119 nabyte w przeci\u0105gu wielu lat pracy. Dzi\u0119ki ich cennej wsp\u00f3\u0142pracy jeste\u015bmy zawsze w stanie odpowiedzie\u0107 szybko i profesjonalnie na bezustannie wzrastaj\u0105ce wymogi rynku, osi\u0105gaj\u0105c szybko doskona\u0142e rezultaty. [\/vc_column_text]<div class=\"c-mediabox u-margin-bottom\">\n<div class=\" o-media o-media--responsive\">\n<div class=\"o-media__img\"><img loading=\"lazy\" decoding=\"async\" width=\"336\" height=\"420\" src=\"https:\/\/www.egon.com\/wp-content\/uploads\/2017\/07\/company-staff-e1501220020532-336x420.jpg\" class=\"attachment-wps_prime_medium size-wps_prime_medium\" alt=\"\" \/><\/div>\n<div class=\"o-media__body\">\n<h3>PO\u015aWI\u0118CANIE UWAGI OSOBOM JAKO STRATEGIA DO SUKCESU.<\/h3>\n<p>To co wyr\u00f3\u017cnia nas team, to przede wszystkim struktura naszego zespo\u0142u. Zgodnie z firmow\u0105 strategi\u0105, nasz team jest tworzony i zarz\u0105dzany w spos\u00f3b zapewniaj\u0105cy zwracanie dog\u0142\u0119bnej uwagi na ludzi, na ich zainteresowania i zwyczaje, podtrzymuj\u0105c w ten spos\u00f3b entuzjazm, z jakim przychodz\u0105 oni codziennie do pracy.<\/p>\n<p>Jeste\u015bmy przekonani, i\u017c sukces jest \u015bci\u015ble zwi\u0105zany z dobrym samopoczuciem naszego personelu, w zwi\u0105zku z czym staramy si\u0119 zapewni\u0107 stymuluj\u0105ce miejsce pracy, w kt\u00f3rym ka\u017cdy pracownik mo\u017ce kultywowa\u0107 swoje ambicje i talenty.\n<\/div>\n<\/div>\n<\/div>\n<div class=\" c-divider c-divider--dashed\"\/><\/div><div class=\"c-heading\"><h3 class=\" u-text-bolder\">PROJEKT UWZGL\u0118DNIA WYMOGI KLIENTA.<\/h3><\/div>[vc_column_text]Ka\u017cdego dnia nasz team anga\u017cuje si\u0119 w przer\u00f3\u017cne projekty, wsp\u00f3\u0142pracuj\u0105c aktywnie zar\u00f3wno w naszej siedzibie jak i na odleg\u0142o\u015b\u0107, z naszych peryferyjnych biur, oraz bezpo\u015brednio z siedzib naszych klient\u00f3w. Nasza organizacja jest elastyczna, zawsze ch\u0119tna do wsp\u00f3\u0142pracy i przystosowuje si\u0119 specjalnie do ka\u017cdego projektu, w celu ca\u0142kowitego zaspokojenia specyficznych wymog\u00f3w ka\u017cdego klienta.[\/vc_column_text][\/vc_column][\/vc_row][vc_row holder_set_margin=&#8221;true&#8221; holder_margin=&#8221;u-margin-bottom-large&#8221;][vc_column]<div class=\"templatera_shortcode\"><div class=\"o-holder u-background-ca-one u-padding-vertical-large\"><div class=\" o-wrapper\"><div class=\"grid-1\"><div class=\"col _lap-and-up-12\" ><div class=\"c-heading\"><h3 class=\" u-text-color-invert u-text-center\">ODKRYJ JAK NASZE ZARZ\u0104DZAJ\u0104CE DANYMI OPROGRAMOWANIE MO\u017bE POM\u00d3C CI ROZWIN\u0104\u0106 TWOJ\u0104 FIRM\u0118!<\/h3><\/div><div class=\"c-button-holder c-button-holder--center\"><a class=\"c-button u-text-bold c-button--center c-button--white  c-button--ghost\" href=\"https:\/\/www.egon.com\/company\/contact-us\">SKONTAKTUJ SI\u0118 Z NAMI<\/a><\/div><\/div>\n<\/div><\/div><\/div>\r\n<\/div>[\/vc_column][\/vc_row]\n","protected":false},"excerpt":{"rendered":"ODKRYJ JAK NASZE ZARZ\u0104DZAJ\u0104CE DANYMI OPROGRAMOWANIE MO\u017bE POM\u00d3C CI ROZWIN\u0104\u0106 TWOJ\u0104 FIRM\u0118!SKONTAKTUJ SI\u0118 Z NAMI","protected":false},"author":1,"featured_media":0,"parent":8270,"menu_order":0,"comment_status":"closed","ping_status":"closed","template":"templates\/template-nosidebar.php","meta":{"footnotes":""},"class_list":["post-8296","page","type-page","status-publish","hentry"],"yoast_head":"<!-- This site is optimized with the Yoast SEO plugin v26.8 - https:\/\/yoast.com\/product\/yoast-seo-wordpress\/ -->\n<title>Staff - Egon<\/title>\n<meta name=\"robots\" content=\"index, follow, max-snippet:-1, max-image-preview:large, max-video-preview:-1\" \/>\n<link rel=\"canonical\" href=\"https:\/\/www.egon.com\/pl\/firma\/staff\" \/>\n<meta property=\"og:locale\" content=\"pl_PL\" \/>\n<meta property=\"og:type\" content=\"article\" \/>\n<meta property=\"og:title\" content=\"Staff - Egon\" \/>\n<meta property=\"og:url\" content=\"https:\/\/www.egon.com\/pl\/firma\/staff\" \/>\n<meta property=\"og:site_name\" content=\"Egon\" \/>\n<meta property=\"article:modified_time\" content=\"2019-04-19T12:06:34+00:00\" \/>\n<meta name=\"twitter:card\" content=\"summary_large_image\" \/>\n<meta name=\"twitter:label1\" content=\"Szacowany czas czytania\" \/>\n\t<meta name=\"twitter:data1\" content=\"1 minuta\" \/>\n<script type=\"application\/ld+json\" class=\"yoast-schema-graph\">{\"@context\":\"https:\/\/schema.org\",\"@graph\":[{\"@type\":\"WebPage\",\"@id\":\"https:\/\/www.egon.com\/pl\/firma\/staff\",\"url\":\"https:\/\/www.egon.com\/pl\/firma\/staff\",\"name\":\"Staff - Egon\",\"isPartOf\":{\"@id\":\"https:\/\/www.egon.com\/zh\/#website\"},\"datePublished\":\"2017-09-19T14:29:56+00:00\",\"dateModified\":\"2019-04-19T12:06:34+00:00\",\"breadcrumb\":{\"@id\":\"https:\/\/www.egon.com\/pl\/firma\/staff#breadcrumb\"},\"inLanguage\":\"pl-PL\",\"potentialAction\":[{\"@type\":\"ReadAction\",\"target\":[\"https:\/\/www.egon.com\/pl\/firma\/staff\"]}]},{\"@type\":\"BreadcrumbList\",\"@id\":\"https:\/\/www.egon.com\/pl\/firma\/staff#breadcrumb\",\"itemListElement\":[{\"@type\":\"ListItem\",\"position\":1,\"name\":\"Home\",\"item\":\"https:\/\/www.egon.com\/pl\"},{\"@type\":\"ListItem\",\"position\":2,\"name\":\"Company\",\"item\":\"https:\/\/www.egon.com\/pl\/firma\"},{\"@type\":\"ListItem\",\"position\":3,\"name\":\"Staff\"}]},{\"@type\":\"WebSite\",\"@id\":\"https:\/\/www.egon.com\/zh\/#website\",\"url\":\"https:\/\/www.egon.com\/zh\/\",\"name\":\"Egon\",\"description\":\"Normalizzazione indirizzi - Address validation - Egon.com\",\"potentialAction\":[{\"@type\":\"SearchAction\",\"target\":{\"@type\":\"EntryPoint\",\"urlTemplate\":\"https:\/\/www.egon.com\/zh\/?s={search_term_string}\"},\"query-input\":{\"@type\":\"PropertyValueSpecification\",\"valueRequired\":true,\"valueName\":\"search_term_string\"}}],\"inLanguage\":\"pl-PL\"}]}<\/script>\n<!-- \/ Yoast SEO plugin. -->","yoast_head_json":{"title":"Staff - Egon","robots":{"index":"index","follow":"follow","max-snippet":"max-snippet:-1","max-image-preview":"max-image-preview:large","max-video-preview":"max-video-preview:-1"},"canonical":"https:\/\/www.egon.com\/pl\/firma\/staff","og_locale":"pl_PL","og_type":"article","og_title":"Staff - Egon","og_url":"https:\/\/www.egon.com\/pl\/firma\/staff","og_site_name":"Egon","article_modified_time":"2019-04-19T12:06:34+00:00","twitter_card":"summary_large_image","twitter_misc":{"Szacowany czas czytania":"1 minuta"},"schema":{"@context":"https:\/\/schema.org","@graph":[{"@type":"WebPage","@id":"https:\/\/www.egon.com\/pl\/firma\/staff","url":"https:\/\/www.egon.com\/pl\/firma\/staff","name":"Staff - Egon","isPartOf":{"@id":"https:\/\/www.egon.com\/zh\/#website"},"datePublished":"2017-09-19T14:29:56+00:00","dateModified":"2019-04-19T12:06:34+00:00","breadcrumb":{"@id":"https:\/\/www.egon.com\/pl\/firma\/staff#breadcrumb"},"inLanguage":"pl-PL","potentialAction":[{"@type":"ReadAction","target":["https:\/\/www.egon.com\/pl\/firma\/staff"]}]},{"@type":"BreadcrumbList","@id":"https:\/\/www.egon.com\/pl\/firma\/staff#breadcrumb","itemListElement":[{"@type":"ListItem","position":1,"name":"Home","item":"https:\/\/www.egon.com\/pl"},{"@type":"ListItem","position":2,"name":"Company","item":"https:\/\/www.egon.com\/pl\/firma"},{"@type":"ListItem","position":3,"name":"Staff"}]},{"@type":"WebSite","@id":"https:\/\/www.egon.com\/zh\/#website","url":"https:\/\/www.egon.com\/zh\/","name":"Egon","description":"Normalizzazione indirizzi - Address validation - Egon.com","potentialAction":[{"@type":"SearchAction","target":{"@type":"EntryPoint","urlTemplate":"https:\/\/www.egon.com\/zh\/?s={search_term_string}"},"query-input":{"@type":"PropertyValueSpecification","valueRequired":true,"valueName":"search_term_string"}}],"inLanguage":"pl-PL"}]}},"_links":{"self":[{"href":"https:\/\/www.egon.com\/pl\/wp-json\/wp\/v2\/pages\/8296","targetHints":{"allow":["GET"]}}],"collection":[{"href":"https:\/\/www.egon.com\/pl\/wp-json\/wp\/v2\/pages"}],"about":[{"href":"https:\/\/www.egon.com\/pl\/wp-json\/wp\/v2\/types\/page"}],"author":[{"embeddable":true,"href":"https:\/\/www.egon.com\/pl\/wp-json\/wp\/v2\/users\/1"}],"replies":[{"embeddable":true,"href":"https:\/\/www.egon.com\/pl\/wp-json\/wp\/v2\/comments?post=8296"}],"version-history":[{"count":0,"href":"https:\/\/www.egon.com\/pl\/wp-json\/wp\/v2\/pages\/8296\/revisions"}],"up":[{"embeddable":true,"href":"https:\/\/www.egon.com\/pl\/wp-json\/wp\/v2\/pages\/8270"}],"wp:attachment":[{"href":"https:\/\/www.egon.com\/pl\/wp-json\/wp\/v2\/media?parent=8296"}],"curies":[{"name":"wp","href":"https:\/\/api.w.org\/{rel}","templated":true}]}}