{"id":8270,"date":"2017-09-19T14:21:31","date_gmt":"2017-09-19T14:21:31","guid":{"rendered":"https:\/\/egon.com\/?page_id=8270"},"modified":"2022-09-09T07:59:20","modified_gmt":"2022-09-09T07:59:20","slug":"firma","status":"publish","type":"page","link":"https:\/\/www.egon.com\/pl\/firma","title":{"rendered":"Company"},"content":{"rendered":"[vc_row row_h_align=&#8221;grid&#8211;center&#8221; wrapper=&#8221;true&#8221; holder_class=&#8221;u-section-hero-applications u-overlapped-hero-padding&#8221; holder_set_margin=&#8221;true&#8221; holder_margin=&#8221;u-margin-bottom-large&#8221;][vc_column row_width=&#8221;_desktop-9&#8243;][vc_column_text]\n<h3 class=\"u-text-large\">EGON<\/h3>\n<p class=\"u-text-thinner u-h3\">Zweryfikuj, przeprowad\u017a deduplikacj\u0119 i zachowaj dok\u0142adne i mo\u017cliwe do dostarczenia dane adresowe.<\/p>\n[\/vc_column_text][vc_column_text]\n<p class=\"p1\">Projektujemy aplikacje, kt\u00f3re mog\u0105 automatyzowa\u0107 weryfikacj\u0119 adres\u00f3w pocztowych i danych osobowych zawartych w bazach danych firmy<\/p>\n[\/vc_column_text][\/vc_column][\/vc_row][vc_row wrapper=&#8221;true&#8221;][vc_column][vc_column_text]EGON DATA QUALITY S.L. to sp\u00f3\u0142ka u\u017cywaj\u0105ca oprogramowania dostarczone przez firmy w celu jak najlepszego sprostania olbrzymim wymogom biznesu, towarzysz\u0105c nieustannie swoim klientom i dostarczaj\u0105c im wsparcia w zarz\u0105dzaniu i rozwi\u0105zywaniu przer\u00f3\u017cnych problem\u00f3w.[\/vc_column_text]<div class=\"c-heading\"><h3 class=\" u-h2 u-text-bold\">EGON: DYSTRYBUCJA US\u0141UG DLA DANYCH O WYSOKIEJ JAKO\u015aCI<\/h3><\/div>[vc_column_text]Silny w dwudziestoletnie do\u015bwiadczenie naszych wsp\u00f3\u0142pracownik\u00f3w, kt\u00f3rzy utworzyli grup\u0119 EGON DATA QUALITY S.L., EGON ma na celu bezustanne usprawnianie i rozpowszechnianie na wielk\u0105 skal\u0119 mo\u017cliwo\u015bci zdobywania danych o wysokiej jako\u015bci, zwi\u0105zanych z naszym portalem Egon.com.<\/p>\n<p>W dniu dzisiejszym EGON jest w stanie dostarczy\u0107 z\u0142o\u017cone i konkurencyjne rozwi\u0105zania w dziedzinie <a title=\"normalizacji adres\u00f3w\" href=\"https:\/\/www.egon.com\/pl\/rozwiazania\/normalizacja-adresow.html\">normalizacji adres\u00f3w<\/a> oraz danych osobowych, <a title=\"geokodowania\" href=\"https:\/\/www.egon.com\/pl\/rozwiazania\/geokodowanie.html\">geokodowania<\/a>, <a title=\"deduplikacji\" href=\"https:\/\/www.egon.com\/pl\/rozwiazania\/deduplikacja-danych.html\">deduplikacji<\/a> i tym podobnych[\/vc_column_text]<div class=\"c-heading\"><h3 class=\" u-h3 u-text-bold\">SPECJALIZACJA I CELE<\/h3><\/div><div class=\"c-mediabox u-margin-bottom\">\n<div class=\" o-media o-media--responsive\">\n<div class=\"o-media__img\"><img loading=\"lazy\" decoding=\"async\" width=\"400\" height=\"267\" src=\"https:\/\/www.egon.com\/wp-content\/uploads\/2017\/07\/staff-egon-400x267.jpg\" class=\"attachment-medium size-medium\" alt=\"\" srcset=\"https:\/\/www.egon.com\/wp-content\/uploads\/2017\/07\/staff-egon-400x267.jpg 400w, https:\/\/www.egon.com\/wp-content\/uploads\/2017\/07\/staff-egon-768x512.jpg 768w, https:\/\/www.egon.com\/wp-content\/uploads\/2017\/07\/staff-egon-1024x683.jpg 1024w, https:\/\/www.egon.com\/wp-content\/uploads\/2017\/07\/staff-egon.jpg 1920w\" sizes=\"auto, (max-width: 400px) 100vw, 400px\" \/><\/div>\n<div class=\"o-media__body\">EGON DATA QUALITY S.L. dokona\u0142 precyzyjnego wyboru kierunku swojej specjalizacji, odpowiadaj\u0105c w spos\u00f3b wydajny i precyzyjny na wymagania zar\u00f3wno swoich obecnych partner\u00f3w jak i nowej klienteli, kt\u00f3ra zwraca coraz baczniejsz\u0105 uwag\u0119 na nowe technologie i sposoby korzystania z oferowanych us\u0142ug. \u00a0Dzi\u0119ki niezliczonym umowom nawi\u0105zanym z wa\u017cnymi firmami w tym sektorze, EGON DATA QUALITY S.L. stanowi dzisiaj punkt odniesienia dla realizacji projekt\u00f3w i rozwi\u0105za\u0144 internetowych dotycz\u0105cych normalizacji, certyfikacji oraz jednoznacznej identyfikacji informacji biznesowych.<\/p>\n<p>Nasz firmowy produkt, \u00a0<a title=\"egon\" href=\"https:\/\/www.egon.com\/pl\/\">Egon<\/a>, to oprogramowanie opieraj\u0105ce si\u0119 na bardzo z\u0142o\u017conym logarytmie b\u0119d\u0105cym w stanie przeprowadza\u0107 procesy normalizacji \u00a0dzi\u0119ki zastosowaniu najprzer\u00f3\u017cniejszych rozwi\u0105za\u0144, \u00a0 w trybie <a href=\"https:\/\/www.egon.com\/pl\/on-site-on-premises-pl.html\">lokalnym<\/a> \u00a0poprzez instalacj\u0119 data center klienta, lub <a href=\"https:\/\/www.egon.com\/pl\/web-in-the-cloud-pl.html\">poprzez Internet<\/a>, w trybie clouding.<\/p>\n<p>Aktualnie nasz zesp\u00f3\u0142 liczy oko\u0142o 30 os\u00f3b, pracownik\u00f3w i \u015bcis\u0142ych wsp\u00f3\u0142pracownik\u00f3w, tworz\u0105cych grup\u0119 przygotowanych i niezmiernie efektywnych specjalist\u00f3w. Podczas realizacji projekt\u00f3w korzystamy dodatkowo ze wsp\u00f3\u0142pracy z niekt\u00f3rymi firmami zewn\u0119trznymi. EGON nawi\u0105zuje ze swoimi klientami trwa\u0142\u0105 i solidn\u0105 wsp\u00f3\u0142prac\u0119, zar\u00f3wno dla osi\u0105gni\u0119cia wyznaczonych cel\u00f3w, jak i sta\u0142ej aktualizacji niezb\u0119dnej dla dobytku informacyjnego klient\u00f3w.<\/p><\/div>\n<\/div>\n<\/div>\n<div class=\" c-divider c-divider--dashed\"\/><\/div>[\/vc_column][\/vc_row][vc_row wrapper=&#8221;true&#8221;][vc_column]<div class=\"c-heading\"><h3 class=\" u-h2 u-text-bold\">MISJA<\/h3><\/div>[vc_column_text]Za\u0142o\u017cyli\u015bmy\u00a0EGON DATA QUALITY S.L.\u00a0stawiaj\u0105c sobie jasno okre\u015blony cel: przeistoczy\u0107 si\u0119 z czasem w punkt odniesienia na poziomie mi\u0119dzynarodowym w zakresie dostarczania us\u0142ug normalizacji, certyfikacji oraz jednoznacznej identyfikacji informacji, stosuj\u0105c nowoczesne rozwi\u0105zania opieraj\u0105ce si\u0119 na przejrzystej i spersonalizowanej metodologii pracy umo\u017cliwiaj\u0105cej optymalne rozwi\u0105zanie dla ka\u017cdego projektu.[\/vc_column_text]<div class=\"c-heading\"><h3 class=\" u-h4 u-text-bold\">EGON: PASJA I KOMPETENCJE\u2026<\/h3><\/div>[vc_column_text]Bez w\u0105tpienia, nasz projekt jest bardzo ambitny i, w po\u0142\u0105czeniu z nasz\u0105 historyczn\u0105 ju\u017c pasj\u0105 do adres\u00f3w i map, umo\u017cliwia nam osi\u0105ganie coraz bardziej presti\u017cowych rezultat\u00f3w, r\u00f3wnie\u017c w dziedzinie geokodowania.<\/p>\n<p>Nasze codzienne starania d\u0105\u017c\u0105 nieustannie do zoptymalizowania operacji zwi\u0105zanych z jako\u015bci\u0105 danych i do dostosowania ich do wymaga\u0144 u\u017cytkownika, a to dzi\u0119ki dostarczaniu zaawansowanych us\u0142ug, kt\u00f3re integruj\u0105 si\u0119 z \u0142atwo\u015bci\u0105 i z kt\u00f3rych mo\u017cna korzysta\u0107 r\u00f3wnie\u017c na odleg\u0142o\u015b\u0107, bezpo\u015brednio przez Internet<\/p>\n<p>EGON DATA QUALITY S.L. \u00a0mo\u017ce polega\u0107 z ca\u0142ym zaufaniem na swoim zespole specjalist\u00f3w posiadaj\u0105cych ogromne do\u015bwiadczenie w tym sektorze i opracowuj\u0105cych projekty na poziomie mi\u0119dzynarodowym.[\/vc_column_text]<div class=\" c-divider c-divider--dashed\"\/><\/div><div class=\"c-heading\"><h3 class=\" u-h4 u-text-bold\">EGON: PROSTY, NIEZAWODNY, W ZASI\u0118GU J EDNEGO KLIKNI\u0118CIA<\/h3><\/div>[vc_column_text]Lata naszej pracy zadedykowali\u015bmy dok\u0142adnemu i nieustannemu poszukiwaniu rozwi\u0105za\u0144 b\u0119d\u0105cych w stanie zapewni\u0107 niezawodno\u015b\u0107 i bezpiecze\u0144stwo oraz umo\u017cliwiaj\u0105cych sprostanie najbardziej z\u0142o\u017conym i szczeg\u00f3lnym wymaganiom. Dzisiaj, dzi\u0119ki Egon suite, jeste\u015bmy w stanie zagwarantowa\u0107 kompletn\u0105 i sprawdzon\u0105 gam\u0119 us\u0142ug, coraz bardziej otwartych na \u015bwiat Internetu i clouding.<\/p>\n<p>Wierzymy wi\u0119c, i\u017c jeste\u015bmy w stanie kontynuowa\u0107 nasz podb\u00f3j pozycji leadera na rynku europejskim i \u015bwiatowym. Utworzenie mi\u0119dzynarodowego bieguna dla certyfikacji informacji biznesowych stanowi dla nas krok i okazj\u0119 umo\u017cliwiaj\u0105c\u0105 kolejne potwierdzenie pozycji naszej firmy na poziomie mi\u0119dzynarodowym.[\/vc_column_text][\/vc_column][\/vc_row][vc_row][vc_column]<div class=\"templatera_shortcode\"><div class=\"o-holder u-background-color-one\"><div class=\" o-wrapper\"><div class=\"grid-1 u-deco-globe grid--equalHeight\"><div class=\"col _lap-and-up-8\" ><div class=\"o-holder u-padding-vertical-large\"><div class=\"grid-1\"><div class=\"col _lap-and-up-4\" ><div class=\"c-heading\"><h3 class=\" u-text-color-invert u-text-right\">Czy chcesz spr\u00f3bowa\u0107 Egon za DARMO i bez \u017cadnego zaanga\u017cowania?<\/h3><\/div><\/div><div class=\"col _lap-and-up-8\" ><div class=\"c-text-block u-text-color-invert\"><p>Zarejestruj si\u0119 za darmo i wypr\u00f3buj us\u0142ugi egonu w zakresie sprawdzania adres\u00f3w pocztowych i geokodowania.<br \/>\nBez czekania i bez konieczno\u015bci wprowadzania danych karty kredytowej.<br \/>\nWystarczy wype\u0142ni\u0107 darmowy formularz rejestracyjny wersji pr\u00f3bnej, aby natychmiast rozpocz\u0105\u0107 korzystanie ze wszystkich us\u0142ug egonu!<\/p>\n <\/div><\/div>\n<\/div><\/div><\/div><div class=\"col _lap-and-up-4\" ><div class=\"col_inner u-padding-vertical col_inner--middle\"><div class=\"c-button-holder c-button-holder--center\"><a class=\"c-button u-text-bold c-button--center c-button--white\" href=\"https:\/\/www.egon.com\/egon-demo\">Wypr\u00f3buj nasze BEZP\u0141ATNE WEB DEMO!<\/a><\/div><\/div><\/div>\n<\/div><\/div><\/div><\/div>[\/vc_column][\/vc_row]\n","protected":false},"excerpt":{"rendered":"Czy chcesz spr\u00f3bowa\u0107 Egon za DARMO i bez \u017cadnego zaanga\u017cowania?Zarejestruj si\u0119 za darmo i wypr\u00f3buj us\u0142ugi egonu w zakresie sprawdzania adres\u00f3w pocztowych [...]","protected":false},"author":1,"featured_media":0,"parent":0,"menu_order":0,"comment_status":"closed","ping_status":"closed","template":"templates\/template-fullwidth.php","meta":{"footnotes":""},"class_list":["post-8270","page","type-page","status-publish","hentry"],"yoast_head":"<!-- This site is optimized with the Yoast SEO plugin v26.8 - https:\/\/yoast.com\/product\/yoast-seo-wordpress\/ -->\n<title>Egon: wsp\u00f3lna wielka pasja: adresy<\/title>\n<meta name=\"description\" content=\"EGON, dzi\u0119ki pasji do adres\u00f3w i do waloryzacji informacji biznesowych powsta\u0142 suite Egon\" \/>\n<meta name=\"robots\" content=\"index, follow, max-snippet:-1, max-image-preview:large, max-video-preview:-1\" \/>\n<link rel=\"canonical\" href=\"https:\/\/www.egon.com\/pl\/firma\" \/>\n<meta property=\"og:locale\" content=\"pl_PL\" \/>\n<meta property=\"og:type\" content=\"article\" \/>\n<meta property=\"og:title\" content=\"Egon: wsp\u00f3lna wielka pasja: adresy\" \/>\n<meta property=\"og:description\" content=\"EGON, dzi\u0119ki pasji do adres\u00f3w i do waloryzacji informacji biznesowych powsta\u0142 suite Egon\" \/>\n<meta property=\"og:url\" content=\"https:\/\/www.egon.com\/pl\/firma\" \/>\n<meta property=\"og:site_name\" content=\"Egon\" \/>\n<meta property=\"article:modified_time\" content=\"2022-09-09T07:59:20+00:00\" \/>\n<meta name=\"twitter:card\" content=\"summary_large_image\" \/>\n<meta name=\"twitter:label1\" content=\"Szacowany czas czytania\" \/>\n\t<meta name=\"twitter:data1\" content=\"4 minuty\" \/>\n<script type=\"application\/ld+json\" class=\"yoast-schema-graph\">{\"@context\":\"https:\/\/schema.org\",\"@graph\":[{\"@type\":\"WebPage\",\"@id\":\"https:\/\/www.egon.com\/pl\/firma\",\"url\":\"https:\/\/www.egon.com\/pl\/firma\",\"name\":\"Egon: wsp\u00f3lna wielka pasja: adresy\",\"isPartOf\":{\"@id\":\"https:\/\/www.egon.com\/zh\/#website\"},\"datePublished\":\"2017-09-19T14:21:31+00:00\",\"dateModified\":\"2022-09-09T07:59:20+00:00\",\"description\":\"EGON, dzi\u0119ki pasji do adres\u00f3w i do waloryzacji informacji biznesowych powsta\u0142 suite Egon\",\"breadcrumb\":{\"@id\":\"https:\/\/www.egon.com\/pl\/firma#breadcrumb\"},\"inLanguage\":\"pl-PL\",\"potentialAction\":[{\"@type\":\"ReadAction\",\"target\":[\"https:\/\/www.egon.com\/pl\/firma\"]}]},{\"@type\":\"BreadcrumbList\",\"@id\":\"https:\/\/www.egon.com\/pl\/firma#breadcrumb\",\"itemListElement\":[{\"@type\":\"ListItem\",\"position\":1,\"name\":\"Home\",\"item\":\"https:\/\/www.egon.com\/pl\"},{\"@type\":\"ListItem\",\"position\":2,\"name\":\"Company\"}]},{\"@type\":\"WebSite\",\"@id\":\"https:\/\/www.egon.com\/zh\/#website\",\"url\":\"https:\/\/www.egon.com\/zh\/\",\"name\":\"Egon\",\"description\":\"Normalizzazione indirizzi - Address validation - Egon.com\",\"potentialAction\":[{\"@type\":\"SearchAction\",\"target\":{\"@type\":\"EntryPoint\",\"urlTemplate\":\"https:\/\/www.egon.com\/zh\/?s={search_term_string}\"},\"query-input\":{\"@type\":\"PropertyValueSpecification\",\"valueRequired\":true,\"valueName\":\"search_term_string\"}}],\"inLanguage\":\"pl-PL\"}]}<\/script>\n<!-- \/ Yoast SEO plugin. -->","yoast_head_json":{"title":"Egon: wsp\u00f3lna wielka pasja: adresy","description":"EGON, dzi\u0119ki pasji do adres\u00f3w i do waloryzacji informacji biznesowych powsta\u0142 suite Egon","robots":{"index":"index","follow":"follow","max-snippet":"max-snippet:-1","max-image-preview":"max-image-preview:large","max-video-preview":"max-video-preview:-1"},"canonical":"https:\/\/www.egon.com\/pl\/firma","og_locale":"pl_PL","og_type":"article","og_title":"Egon: wsp\u00f3lna wielka pasja: adresy","og_description":"EGON, dzi\u0119ki pasji do adres\u00f3w i do waloryzacji informacji biznesowych powsta\u0142 suite Egon","og_url":"https:\/\/www.egon.com\/pl\/firma","og_site_name":"Egon","article_modified_time":"2022-09-09T07:59:20+00:00","twitter_card":"summary_large_image","twitter_misc":{"Szacowany czas czytania":"4 minuty"},"schema":{"@context":"https:\/\/schema.org","@graph":[{"@type":"WebPage","@id":"https:\/\/www.egon.com\/pl\/firma","url":"https:\/\/www.egon.com\/pl\/firma","name":"Egon: wsp\u00f3lna wielka pasja: adresy","isPartOf":{"@id":"https:\/\/www.egon.com\/zh\/#website"},"datePublished":"2017-09-19T14:21:31+00:00","dateModified":"2022-09-09T07:59:20+00:00","description":"EGON, dzi\u0119ki pasji do adres\u00f3w i do waloryzacji informacji biznesowych powsta\u0142 suite Egon","breadcrumb":{"@id":"https:\/\/www.egon.com\/pl\/firma#breadcrumb"},"inLanguage":"pl-PL","potentialAction":[{"@type":"ReadAction","target":["https:\/\/www.egon.com\/pl\/firma"]}]},{"@type":"BreadcrumbList","@id":"https:\/\/www.egon.com\/pl\/firma#breadcrumb","itemListElement":[{"@type":"ListItem","position":1,"name":"Home","item":"https:\/\/www.egon.com\/pl"},{"@type":"ListItem","position":2,"name":"Company"}]},{"@type":"WebSite","@id":"https:\/\/www.egon.com\/zh\/#website","url":"https:\/\/www.egon.com\/zh\/","name":"Egon","description":"Normalizzazione indirizzi - Address validation - Egon.com","potentialAction":[{"@type":"SearchAction","target":{"@type":"EntryPoint","urlTemplate":"https:\/\/www.egon.com\/zh\/?s={search_term_string}"},"query-input":{"@type":"PropertyValueSpecification","valueRequired":true,"valueName":"search_term_string"}}],"inLanguage":"pl-PL"}]}},"_links":{"self":[{"href":"https:\/\/www.egon.com\/pl\/wp-json\/wp\/v2\/pages\/8270","targetHints":{"allow":["GET"]}}],"collection":[{"href":"https:\/\/www.egon.com\/pl\/wp-json\/wp\/v2\/pages"}],"about":[{"href":"https:\/\/www.egon.com\/pl\/wp-json\/wp\/v2\/types\/page"}],"author":[{"embeddable":true,"href":"https:\/\/www.egon.com\/pl\/wp-json\/wp\/v2\/users\/1"}],"replies":[{"embeddable":true,"href":"https:\/\/www.egon.com\/pl\/wp-json\/wp\/v2\/comments?post=8270"}],"version-history":[{"count":1,"href":"https:\/\/www.egon.com\/pl\/wp-json\/wp\/v2\/pages\/8270\/revisions"}],"predecessor-version":[{"id":19323,"href":"https:\/\/www.egon.com\/pl\/wp-json\/wp\/v2\/pages\/8270\/revisions\/19323"}],"wp:attachment":[{"href":"https:\/\/www.egon.com\/pl\/wp-json\/wp\/v2\/media?parent=8270"}],"curies":[{"name":"wp","href":"https:\/\/api.w.org\/{rel}","templated":true}]}}