{"id":8255,"date":"2017-09-19T14:13:39","date_gmt":"2017-09-19T14:13:39","guid":{"rendered":"https:\/\/egon.com\/?page_id=8255"},"modified":"2021-02-18T15:49:41","modified_gmt":"2021-02-18T15:49:41","slug":"automatyczne-uzupelnianie","status":"publish","type":"page","link":"https:\/\/www.egon.com\/pl\/ssposoby-uzytkowania\/automatyczne-uzupelnianie","title":{"rendered":"Automatyczne uzupe\u0142nianie &#8211; Uzupe\u0142nij ju\u017c teraz brakuj\u0105ce dane w twoim adresie"},"content":{"rendered":"[vc_row row_h_align=&#8221;grid&#8211;center&#8221; wrapper=&#8221;true&#8221; holder_class=&#8221;u-section-hero-methodology u-overlapped-hero-padding&#8221; holder_set_margin=&#8221;true&#8221; holder_margin=&#8221;u-margin-bottom-large&#8221;][vc_column row_width=&#8221;_desktop-9&#8243;]<div class=\"c-heading\"><h1 class=\" u-h1 u-text-bolder u-margin-bottom u-text-center\">Automatyczne uzupe\u0142nianie<\/h1><\/div>[vc_column_text txt_align=&#8221;u-text-center&#8221; set_margin=&#8221;true&#8221; margin=&#8221;u-margin-bottom-large&#8221;]Funkcja automatycznego uzupe\u0142niania\u00a0 mo\u017ce by\u0107 stosowana dla dowolnego formularza on line s\u0142u\u017c\u0105cego do wprowadzania danych oraz umo\u017cliwia wizualizacj\u0119 podpowiedzi podczas ich wpisywania przez operatora[\/vc_column_text][\/vc_column][\/vc_row][vc_row wrapper=&#8221;true&#8221;][vc_column width=&#8221;1\/3&#8243;]<div class=\"c-image\"><img loading=\"lazy\" decoding=\"async\" width=\"768\" height=\"611\" src=\"https:\/\/www.egon.com\/wp-content\/uploads\/2017\/09\/automatyczne-uzupe\u0142nianie-768x611.jpg\" class=\" u-margin-bottom aligncenter\" alt=\"Automatyczne uzupe\u0142nianie\" srcset=\"https:\/\/www.egon.com\/wp-content\/uploads\/2017\/09\/automatyczne-uzupe\u0142nianie.jpg 768w, https:\/\/www.egon.com\/wp-content\/uploads\/2017\/09\/automatyczne-uzupe\u0142nianie-377x300.jpg 377w\" sizes=\"auto, (max-width: 768px) 100vw, 768px\" \/><\/div>[\/vc_column][vc_column width=&#8221;2\/3&#8243;][vc_column_text]Dzi\u0119ki z\u0142o\u017conemu systemowi filtrowania, uzupe\u0142nianie automatyczne umo\u017cliwia u\u017cytkownikom szybkie odnalezienie i wyb\u00f3r z przygotowanej listy szukanego elementu, znajduj\u0105cego si\u0119 w\u015br\u00f3d mo\u017cliwych kandydat\u00f3w.<\/p>\n<p>Na poziomie technicznym, wprowadzenie trzeciego bajtu ( na przyk\u0142ad, wpisanie w polu miejscowo\u015bci \u201emil\u201d), spowoduje rozpocz\u0119cie przez system przeszukiwania wszystkich odpowiadaj\u0105cych pozycji, z sukcesywn\u0105 wizualizacj\u0105 listy mo\u017cliwych do wybrania warto\u015bci.\u00a0 Oczywistym jest, i\u017c kontynuuj\u0105c wpisywanie, zaw\u0119\u017camy stopniowo zakres przeszukiwania, umo\u017cliwiaj\u0105c u\u017cytkownikowi filtrowanie listy i optymalizacj\u0119 szukania poprzez zredukowanie ilo\u015bci mo\u017cliwych kandydat\u00f3w.<\/p>\n<p>Funkcja ta jest zapewniona przez aplikacj\u0119 Egon, dzi\u0119ki ci\u0105g\u0142emu wywo\u0142ywaniu systemu z jednoczesn\u0105 analiz\u0105 gotowych tablic danych, zaczynaj\u0105c od odpowiedniego zbioru\u00a0 thesaurus\u00a0 zawieraj\u0105cego setki tysi\u0119cy danych dla ka\u017cdego z mo\u017cliwych p\u00f3l (miejscowo\u015b\u0107, kod pocztowy, wojew\u00f3dztwo, itd.).<\/p>\n<p>Z punktu widzenia \u015bci\u015ble operatywnego, m\u00f3wimy o wa\u017cnej pomocy podczas wpisywania danych zwi\u0105zanych z jak\u0105kolwiek dzia\u0142alno\u015bci\u0105 data entry, czyli o powodzie, dla kt\u00f3rego modu\u0142 ten mo\u017ce sta\u0107 si\u0119 niezb\u0119dny dla wielu firm, redukuj\u0105c znacznie z jednej strony czas wprowadzania danych przez operator\u00f3w, a z drugiej mo\u017cliwo\u015b\u0107 b\u0142\u0119d\u00f3w pope\u0142nianych podczas ich wpisywania, dzi\u0119ki sugerowaniu odpowiednich mo\u017cliwych \u201epoprawnych\u201d kandydat\u00f3w.[\/vc_column_text][\/vc_column][\/vc_row][vc_row][vc_column]<div class=\"templatera_shortcode\"><div class=\"o-holder u-background-ca-one u-padding-vertical-large\"><div class=\" o-wrapper\"><div class=\"grid-1\"><div class=\"col _lap-and-up-12\" ><div class=\"c-heading\"><h3 class=\" u-text-color-invert u-text-center\">ODKRYJ JAK NASZE ZARZ\u0104DZAJ\u0104CE DANYMI OPROGRAMOWANIE MO\u017bE POM\u00d3C CI ROZWIN\u0104\u0106 TWOJ\u0104 FIRM\u0118!<\/h3><\/div><div class=\"c-button-holder c-button-holder--center\"><a class=\"c-button u-text-bold c-button--center c-button--white  c-button--ghost\" href=\"https:\/\/www.egon.com\/company\/contact-us\">SKONTAKTUJ SI\u0118 Z NAMI<\/a><\/div><\/div>\n<\/div><\/div><\/div>\r\n<\/div>[\/vc_column][\/vc_row]\n","protected":false},"excerpt":{"rendered":"ODKRYJ JAK NASZE ZARZ\u0104DZAJ\u0104CE DANYMI OPROGRAMOWANIE MO\u017bE POM\u00d3C CI ROZWIN\u0104\u0106 TWOJ\u0104 FIRM\u0118!SKONTAKTUJ SI\u0118 Z NAMI","protected":false},"author":1,"featured_media":0,"parent":8192,"menu_order":0,"comment_status":"closed","ping_status":"closed","template":"templates\/template-fullwidth.php","meta":{"footnotes":""},"class_list":["post-8255","page","type-page","status-publish","hentry"],"yoast_head":"<!-- This site is optimized with the Yoast SEO plugin v26.8 - https:\/\/yoast.com\/product\/yoast-seo-wordpress\/ -->\n<title>Uzupe\u0142nij ju\u017c teraz brakuj\u0105ce dane w twoim adresie<\/title>\n<meta name=\"description\" content=\"Uzupe\u0142nianie automatyczne umo\u017cliwia szybkie odnalezienie i wyb\u00f3r z przygotowanej listy (uzupe\u0142nianie automatyczne), \u017c\u0105danego elementu znajduj\u0105cego si\u0119 na li\u015bcie mo\u017cliwych kandydat\u00f3w i dotycz\u0105cego adresu oraz miejscowo\u015bci.\" \/>\n<meta name=\"robots\" content=\"index, follow, max-snippet:-1, max-image-preview:large, max-video-preview:-1\" \/>\n<link rel=\"canonical\" href=\"https:\/\/www.egon.com\/pl\/ssposoby-uzytkowania\/automatyczne-uzupelnianie\" \/>\n<meta property=\"og:locale\" content=\"pl_PL\" \/>\n<meta property=\"og:type\" content=\"article\" \/>\n<meta property=\"og:title\" content=\"Uzupe\u0142nij ju\u017c teraz brakuj\u0105ce dane w twoim adresie\" \/>\n<meta property=\"og:description\" content=\"Uzupe\u0142nianie automatyczne umo\u017cliwia szybkie odnalezienie i wyb\u00f3r z przygotowanej listy (uzupe\u0142nianie automatyczne), \u017c\u0105danego elementu znajduj\u0105cego si\u0119 na li\u015bcie mo\u017cliwych kandydat\u00f3w i dotycz\u0105cego adresu oraz miejscowo\u015bci.\" \/>\n<meta property=\"og:url\" content=\"https:\/\/www.egon.com\/pl\/ssposoby-uzytkowania\/automatyczne-uzupelnianie\" \/>\n<meta property=\"og:site_name\" content=\"Egon\" \/>\n<meta property=\"article:modified_time\" content=\"2021-02-18T15:49:41+00:00\" \/>\n<meta name=\"twitter:card\" content=\"summary_large_image\" \/>\n<meta name=\"twitter:label1\" content=\"Szacowany czas czytania\" \/>\n\t<meta name=\"twitter:data1\" content=\"1 minuta\" \/>\n<script type=\"application\/ld+json\" class=\"yoast-schema-graph\">{\"@context\":\"https:\/\/schema.org\",\"@graph\":[{\"@type\":\"WebPage\",\"@id\":\"https:\/\/www.egon.com\/pl\/ssposoby-uzytkowania\/automatyczne-uzupelnianie\",\"url\":\"https:\/\/www.egon.com\/pl\/ssposoby-uzytkowania\/automatyczne-uzupelnianie\",\"name\":\"Uzupe\u0142nij ju\u017c teraz brakuj\u0105ce dane w twoim adresie\",\"isPartOf\":{\"@id\":\"https:\/\/www.egon.com\/zh\/#website\"},\"datePublished\":\"2017-09-19T14:13:39+00:00\",\"dateModified\":\"2021-02-18T15:49:41+00:00\",\"description\":\"Uzupe\u0142nianie automatyczne umo\u017cliwia szybkie odnalezienie i wyb\u00f3r z przygotowanej listy (uzupe\u0142nianie automatyczne), \u017c\u0105danego elementu znajduj\u0105cego si\u0119 na li\u015bcie mo\u017cliwych kandydat\u00f3w i dotycz\u0105cego adresu oraz miejscowo\u015bci.\",\"breadcrumb\":{\"@id\":\"https:\/\/www.egon.com\/pl\/ssposoby-uzytkowania\/automatyczne-uzupelnianie#breadcrumb\"},\"inLanguage\":\"pl-PL\",\"potentialAction\":[{\"@type\":\"ReadAction\",\"target\":[\"https:\/\/www.egon.com\/pl\/ssposoby-uzytkowania\/automatyczne-uzupelnianie\"]}]},{\"@type\":\"BreadcrumbList\",\"@id\":\"https:\/\/www.egon.com\/pl\/ssposoby-uzytkowania\/automatyczne-uzupelnianie#breadcrumb\",\"itemListElement\":[{\"@type\":\"ListItem\",\"position\":1,\"name\":\"Home\",\"item\":\"https:\/\/www.egon.com\/pl\"},{\"@type\":\"ListItem\",\"position\":2,\"name\":\"SPOSOBY U\u017bYTKOWANIA\",\"item\":\"https:\/\/www.egon.com\/pl\/ssposoby-uzytkowania\"},{\"@type\":\"ListItem\",\"position\":3,\"name\":\"Automatyczne uzupe\u0142nianie &#8211; Uzupe\u0142nij ju\u017c teraz brakuj\u0105ce dane w twoim adresie\"}]},{\"@type\":\"WebSite\",\"@id\":\"https:\/\/www.egon.com\/zh\/#website\",\"url\":\"https:\/\/www.egon.com\/zh\/\",\"name\":\"Egon\",\"description\":\"Normalizzazione indirizzi - Address validation - Egon.com\",\"potentialAction\":[{\"@type\":\"SearchAction\",\"target\":{\"@type\":\"EntryPoint\",\"urlTemplate\":\"https:\/\/www.egon.com\/zh\/?s={search_term_string}\"},\"query-input\":{\"@type\":\"PropertyValueSpecification\",\"valueRequired\":true,\"valueName\":\"search_term_string\"}}],\"inLanguage\":\"pl-PL\"}]}<\/script>\n<!-- \/ Yoast SEO plugin. -->","yoast_head_json":{"title":"Uzupe\u0142nij ju\u017c teraz brakuj\u0105ce dane w twoim adresie","description":"Uzupe\u0142nianie automatyczne umo\u017cliwia szybkie odnalezienie i wyb\u00f3r z przygotowanej listy (uzupe\u0142nianie automatyczne), \u017c\u0105danego elementu znajduj\u0105cego si\u0119 na li\u015bcie mo\u017cliwych kandydat\u00f3w i dotycz\u0105cego adresu oraz miejscowo\u015bci.","robots":{"index":"index","follow":"follow","max-snippet":"max-snippet:-1","max-image-preview":"max-image-preview:large","max-video-preview":"max-video-preview:-1"},"canonical":"https:\/\/www.egon.com\/pl\/ssposoby-uzytkowania\/automatyczne-uzupelnianie","og_locale":"pl_PL","og_type":"article","og_title":"Uzupe\u0142nij ju\u017c teraz brakuj\u0105ce dane w twoim adresie","og_description":"Uzupe\u0142nianie automatyczne umo\u017cliwia szybkie odnalezienie i wyb\u00f3r z przygotowanej listy (uzupe\u0142nianie automatyczne), \u017c\u0105danego elementu znajduj\u0105cego si\u0119 na li\u015bcie mo\u017cliwych kandydat\u00f3w i dotycz\u0105cego adresu oraz miejscowo\u015bci.","og_url":"https:\/\/www.egon.com\/pl\/ssposoby-uzytkowania\/automatyczne-uzupelnianie","og_site_name":"Egon","article_modified_time":"2021-02-18T15:49:41+00:00","twitter_card":"summary_large_image","twitter_misc":{"Szacowany czas czytania":"1 minuta"},"schema":{"@context":"https:\/\/schema.org","@graph":[{"@type":"WebPage","@id":"https:\/\/www.egon.com\/pl\/ssposoby-uzytkowania\/automatyczne-uzupelnianie","url":"https:\/\/www.egon.com\/pl\/ssposoby-uzytkowania\/automatyczne-uzupelnianie","name":"Uzupe\u0142nij ju\u017c teraz brakuj\u0105ce dane w twoim adresie","isPartOf":{"@id":"https:\/\/www.egon.com\/zh\/#website"},"datePublished":"2017-09-19T14:13:39+00:00","dateModified":"2021-02-18T15:49:41+00:00","description":"Uzupe\u0142nianie automatyczne umo\u017cliwia szybkie odnalezienie i wyb\u00f3r z przygotowanej listy (uzupe\u0142nianie automatyczne), \u017c\u0105danego elementu znajduj\u0105cego si\u0119 na li\u015bcie mo\u017cliwych kandydat\u00f3w i dotycz\u0105cego adresu oraz miejscowo\u015bci.","breadcrumb":{"@id":"https:\/\/www.egon.com\/pl\/ssposoby-uzytkowania\/automatyczne-uzupelnianie#breadcrumb"},"inLanguage":"pl-PL","potentialAction":[{"@type":"ReadAction","target":["https:\/\/www.egon.com\/pl\/ssposoby-uzytkowania\/automatyczne-uzupelnianie"]}]},{"@type":"BreadcrumbList","@id":"https:\/\/www.egon.com\/pl\/ssposoby-uzytkowania\/automatyczne-uzupelnianie#breadcrumb","itemListElement":[{"@type":"ListItem","position":1,"name":"Home","item":"https:\/\/www.egon.com\/pl"},{"@type":"ListItem","position":2,"name":"SPOSOBY U\u017bYTKOWANIA","item":"https:\/\/www.egon.com\/pl\/ssposoby-uzytkowania"},{"@type":"ListItem","position":3,"name":"Automatyczne uzupe\u0142nianie &#8211; Uzupe\u0142nij ju\u017c teraz brakuj\u0105ce dane w twoim adresie"}]},{"@type":"WebSite","@id":"https:\/\/www.egon.com\/zh\/#website","url":"https:\/\/www.egon.com\/zh\/","name":"Egon","description":"Normalizzazione indirizzi - Address validation - Egon.com","potentialAction":[{"@type":"SearchAction","target":{"@type":"EntryPoint","urlTemplate":"https:\/\/www.egon.com\/zh\/?s={search_term_string}"},"query-input":{"@type":"PropertyValueSpecification","valueRequired":true,"valueName":"search_term_string"}}],"inLanguage":"pl-PL"}]}},"_links":{"self":[{"href":"https:\/\/www.egon.com\/pl\/wp-json\/wp\/v2\/pages\/8255","targetHints":{"allow":["GET"]}}],"collection":[{"href":"https:\/\/www.egon.com\/pl\/wp-json\/wp\/v2\/pages"}],"about":[{"href":"https:\/\/www.egon.com\/pl\/wp-json\/wp\/v2\/types\/page"}],"author":[{"embeddable":true,"href":"https:\/\/www.egon.com\/pl\/wp-json\/wp\/v2\/users\/1"}],"replies":[{"embeddable":true,"href":"https:\/\/www.egon.com\/pl\/wp-json\/wp\/v2\/comments?post=8255"}],"version-history":[{"count":1,"href":"https:\/\/www.egon.com\/pl\/wp-json\/wp\/v2\/pages\/8255\/revisions"}],"predecessor-version":[{"id":18015,"href":"https:\/\/www.egon.com\/pl\/wp-json\/wp\/v2\/pages\/8255\/revisions\/18015"}],"up":[{"embeddable":true,"href":"https:\/\/www.egon.com\/pl\/wp-json\/wp\/v2\/pages\/8192"}],"wp:attachment":[{"href":"https:\/\/www.egon.com\/pl\/wp-json\/wp\/v2\/media?parent=8255"}],"curies":[{"name":"wp","href":"https:\/\/api.w.org\/{rel}","templated":true}]}}