{"id":8220,"date":"2017-09-19T13:59:38","date_gmt":"2017-09-19T13:59:38","guid":{"rendered":"https:\/\/egon.com\/?page_id=8220"},"modified":"2021-02-15T13:54:21","modified_gmt":"2021-02-15T13:54:21","slug":"integrowanie","status":"publish","type":"page","link":"https:\/\/www.egon.com\/pl\/ssposoby-uzytkowania\/integrowanie","title":{"rendered":"Normalizacja i geokodowanie integruj\u0105 si\u0119 b\u0142yskawicznie z twoj\u0105 aplikacj\u0105."},"content":{"rendered":"[vc_row row_h_align=&#8221;grid&#8211;center&#8221; wrapper=&#8221;true&#8221; holder_class=&#8221;u-section-hero-methodology u-overlapped-hero-padding&#8221; holder_set_margin=&#8221;true&#8221; holder_margin=&#8221;u-margin-bottom-large&#8221;][vc_column row_width=&#8221;_desktop-9&#8243;]<div class=\"c-heading\"><h1 class=\" u-h1 u-text-bolder u-margin-bottom u-text-center\">Normalizacja i geokodowanie integruj\u0105 si\u0119 b\u0142yskawicznie z twoj\u0105 aplikacj\u0105.<\/h1><\/div>[vc_column_text txt_align=&#8221;u-text-center&#8221; set_margin=&#8221;true&#8221; margin=&#8221;u-margin-bottom-large&#8221;]Egon to aplikacja nie tylko pracuj\u0105ca w trybie masowym z ca\u0142ymi archiwami danych, lecz tak\u017ce integruj\u0105ca si\u0119 i wsp\u00f3\u0142pracuj\u0105ca z zewn\u0119trznymi aplikacjami ka\u017cdego typu oraz ze standardowymi \u015brodowiskami operacyjnymi.[\/vc_column_text][\/vc_column][\/vc_row][vc_row wrapper=&#8221;true&#8221;][vc_column][vc_column_text]M\u00f3wi\u0105c szczeg\u00f3\u0142owo, mo\u017cesz u\u017cywa\u0107 dowolnego oprogramowania firmowego do opracowywania twoich danych i dzi\u0119ki funkcji integracji tw\u00f3j program mo\u017ce zawsze zwr\u00f3ci\u0107 si\u0119 w razie potrzeby z zapytaniem o pomoc do aplikacji Egon w celu normalizacji lub w celu zastosowania oferowanej funkcji, \u00a0 <a href=\"https:\/\/www.egon.com\/pl\/on-site-on-premises-pl.html\">poprzez firmowy intranet<\/a> , lub <a href=\"https:\/\/www.egon.com\/pl\/web-in-the-cloud-pl.html\">przez Internet<\/a>, w zale\u017cno\u015bci od wybranego przez ciebie rodzaju instalacji (On Premises\u00a0 \u2013\u00a0 In the Cloud).<\/p>\n<p>Egon integruje si\u0119 z dowolnym rozwi\u0105zaniem informatycznym, \u0142\u0105cznie z najpowszechniejszymi standardowymi infrastrukturami oprogramowa\u0144, w kt\u00f3rych mo\u017ce by\u0107 zastosowany w formie dodatkowej wtyczki.[\/vc_column_text]<div class=\" c-divider c-divider--dashed\"\/><\/div>[\/vc_column][\/vc_row][vc_row wrapper=&#8221;true&#8221;][vc_column width=&#8221;1\/2&#8243;]<div class=\"c-heading\"><h3 class=\" u-text-bolder u-padding-vertical-small\">Integracja z aplikacjami firmowymi<\/h3><\/div>[vc_column_text](on line \u2013 batch): poprzez us\u0142ugi internetowe Egon integruje si\u0119 z oprogramowaniem firmy, kt\u00f3ra korzysta z jego mo\u017cliwo\u015bci w czasie rzeczywistym (Egon funkcjonuje online poprzez firmow\u0105 sie\u0107 intranetu lub przez Internet, bezpo\u015brednio podczas stosowania aplikacji, zapewniaj\u0105c pomoc w momencie wprowadzania danych), lub w zautomatyzowanym trybie batch wewn\u0105trz procesu. \u2028Integracja nie zale\u017cy absolutnie od stosowanego systemu (Windows, Linux, Unix, IBMi, Mainframe itd.) i jest wykonywana dla ka\u017cdego rodzaju aplikacji:[\/vc_column_text]<div class=\" c-list c-list--color-one\"><ul>\n<li><i class=\"c-list__icon fal fa-check-circle\"><\/i>CRM<\/li>\n<li><i class=\"c-list__icon fal fa-check-circle\"><\/i>ERP<\/li>\n<li><i class=\"c-list__icon fal fa-check-circle\"><\/i>software dla data entry<\/li>\n<li><i class=\"c-list__icon fal fa-check-circle\"><\/i>web<\/li>\n<li><i class=\"c-list__icon fal fa-check-circle\"><\/i>e-business<\/li>\n<\/ul>\n<\/div>[\/vc_column][vc_column width=&#8221;1\/2&#8243;]<div class=\"c-heading\"><h3 class=\" u-text-bolder u-padding-vertical-small\">Integracja ze \u015brodowiskami standardowymi<\/h3><\/div><div class=\" c-list c-list--color-one\"><p>(enterprise application):\u00a0w tej sytuacji Egon integruje si\u0119 z istniej\u0105cymi infrastrukturami w formie dodatkowej wtyczki:<\/p>\n<ul>\n<li><i class=\"c-list__icon fal fa-check-circle\"><\/i>IBM<\/li>\n<li><i class=\"c-list__icon fal fa-check-circle\"><\/i>Oracle<\/li>\n<li><i class=\"c-list__icon fal fa-check-circle\"><\/i>Google<\/li>\n<li><i class=\"c-list__icon fal fa-check-circle\"><\/i>Microsoft<\/li>\n<li><i class=\"c-list__icon fal fa-check-circle\"><\/i>SAP<\/li>\n<li><i class=\"c-list__icon fal fa-check-circle\"><\/i>Windows<\/li>\n<\/ul>\n<\/div>[\/vc_column][\/vc_row][vc_row][vc_column]<div class=\"templatera_shortcode\"><div class=\"o-holder u-background-ca-one u-padding-vertical-large\"><div class=\" o-wrapper\"><div class=\"grid-1\"><div class=\"col _lap-and-up-12\" ><div class=\"c-heading\"><h3 class=\" u-text-color-invert u-text-center\">ODKRYJ JAK NASZE ZARZ\u0104DZAJ\u0104CE DANYMI OPROGRAMOWANIE MO\u017bE POM\u00d3C CI ROZWIN\u0104\u0106 TWOJ\u0104 FIRM\u0118!<\/h3><\/div><div class=\"c-button-holder c-button-holder--center\"><a class=\"c-button u-text-bold c-button--center c-button--white  c-button--ghost\" href=\"https:\/\/www.egon.com\/company\/contact-us\">SKONTAKTUJ SI\u0118 Z NAMI<\/a><\/div><\/div>\n<\/div><\/div><\/div>\r\n<\/div>[\/vc_column][\/vc_row]\n","protected":false},"excerpt":{"rendered":"ODKRYJ JAK NASZE ZARZ\u0104DZAJ\u0104CE DANYMI OPROGRAMOWANIE MO\u017bE POM\u00d3C CI ROZWIN\u0104\u0106 TWOJ\u0104 FIRM\u0118!SKONTAKTUJ SI\u0118 Z NAMI","protected":false},"author":1,"featured_media":0,"parent":8192,"menu_order":0,"comment_status":"closed","ping_status":"closed","template":"templates\/template-fullwidth.php","meta":{"footnotes":""},"class_list":["post-8220","page","type-page","status-publish","hentry"],"yoast_head":"<!-- This site is optimized with the Yoast SEO plugin v26.8 - https:\/\/yoast.com\/product\/yoast-seo-wordpress\/ -->\n<title>Normalizacja i geokodowanie integruj\u0105 si\u0119 b\u0142yskawicznie z twoj\u0105 aplikacj\u0105.<\/title>\n<meta name=\"description\" content=\"Egon to aplikacja integruj\u0105ca si\u0119 i wsp\u00f3\u0142pracuj\u0105ca z zewn\u0119trznymi aplikacjami ka\u017cdego typu oraz, jako plugin, ze standardowymi \u015brodowiskami operacyjnymi (aplikacja Enterprise).\" \/>\n<meta name=\"robots\" content=\"index, follow, max-snippet:-1, max-image-preview:large, max-video-preview:-1\" \/>\n<link rel=\"canonical\" href=\"https:\/\/www.egon.com\/pl\/ssposoby-uzytkowania\/integrowanie\" \/>\n<meta property=\"og:locale\" content=\"pl_PL\" \/>\n<meta property=\"og:type\" content=\"article\" \/>\n<meta property=\"og:title\" content=\"Normalizacja i geokodowanie integruj\u0105 si\u0119 b\u0142yskawicznie z twoj\u0105 aplikacj\u0105.\" \/>\n<meta property=\"og:description\" content=\"Egon to aplikacja integruj\u0105ca si\u0119 i wsp\u00f3\u0142pracuj\u0105ca z zewn\u0119trznymi aplikacjami ka\u017cdego typu oraz, jako plugin, ze standardowymi \u015brodowiskami operacyjnymi (aplikacja Enterprise).\" \/>\n<meta property=\"og:url\" content=\"https:\/\/www.egon.com\/pl\/ssposoby-uzytkowania\/integrowanie\" \/>\n<meta property=\"og:site_name\" content=\"Egon\" \/>\n<meta property=\"article:modified_time\" content=\"2021-02-15T13:54:21+00:00\" \/>\n<meta name=\"twitter:card\" content=\"summary_large_image\" \/>\n<meta name=\"twitter:label1\" content=\"Szacowany czas czytania\" \/>\n\t<meta name=\"twitter:data1\" content=\"2 minuty\" \/>\n<script type=\"application\/ld+json\" class=\"yoast-schema-graph\">{\"@context\":\"https:\/\/schema.org\",\"@graph\":[{\"@type\":\"WebPage\",\"@id\":\"https:\/\/www.egon.com\/pl\/ssposoby-uzytkowania\/integrowanie\",\"url\":\"https:\/\/www.egon.com\/pl\/ssposoby-uzytkowania\/integrowanie\",\"name\":\"Normalizacja i geokodowanie integruj\u0105 si\u0119 b\u0142yskawicznie z twoj\u0105 aplikacj\u0105.\",\"isPartOf\":{\"@id\":\"https:\/\/www.egon.com\/zh\/#website\"},\"datePublished\":\"2017-09-19T13:59:38+00:00\",\"dateModified\":\"2021-02-15T13:54:21+00:00\",\"description\":\"Egon to aplikacja integruj\u0105ca si\u0119 i wsp\u00f3\u0142pracuj\u0105ca z zewn\u0119trznymi aplikacjami ka\u017cdego typu oraz, jako plugin, ze standardowymi \u015brodowiskami operacyjnymi (aplikacja Enterprise).\",\"breadcrumb\":{\"@id\":\"https:\/\/www.egon.com\/pl\/ssposoby-uzytkowania\/integrowanie#breadcrumb\"},\"inLanguage\":\"pl-PL\",\"potentialAction\":[{\"@type\":\"ReadAction\",\"target\":[\"https:\/\/www.egon.com\/pl\/ssposoby-uzytkowania\/integrowanie\"]}]},{\"@type\":\"BreadcrumbList\",\"@id\":\"https:\/\/www.egon.com\/pl\/ssposoby-uzytkowania\/integrowanie#breadcrumb\",\"itemListElement\":[{\"@type\":\"ListItem\",\"position\":1,\"name\":\"Home\",\"item\":\"https:\/\/www.egon.com\/pl\"},{\"@type\":\"ListItem\",\"position\":2,\"name\":\"SPOSOBY U\u017bYTKOWANIA\",\"item\":\"https:\/\/www.egon.com\/pl\/ssposoby-uzytkowania\"},{\"@type\":\"ListItem\",\"position\":3,\"name\":\"Normalizacja i geokodowanie integruj\u0105 si\u0119 b\u0142yskawicznie z twoj\u0105 aplikacj\u0105.\"}]},{\"@type\":\"WebSite\",\"@id\":\"https:\/\/www.egon.com\/zh\/#website\",\"url\":\"https:\/\/www.egon.com\/zh\/\",\"name\":\"Egon\",\"description\":\"Normalizzazione indirizzi - Address validation - Egon.com\",\"potentialAction\":[{\"@type\":\"SearchAction\",\"target\":{\"@type\":\"EntryPoint\",\"urlTemplate\":\"https:\/\/www.egon.com\/zh\/?s={search_term_string}\"},\"query-input\":{\"@type\":\"PropertyValueSpecification\",\"valueRequired\":true,\"valueName\":\"search_term_string\"}}],\"inLanguage\":\"pl-PL\"}]}<\/script>\n<!-- \/ Yoast SEO plugin. -->","yoast_head_json":{"title":"Normalizacja i geokodowanie integruj\u0105 si\u0119 b\u0142yskawicznie z twoj\u0105 aplikacj\u0105.","description":"Egon to aplikacja integruj\u0105ca si\u0119 i wsp\u00f3\u0142pracuj\u0105ca z zewn\u0119trznymi aplikacjami ka\u017cdego typu oraz, jako plugin, ze standardowymi \u015brodowiskami operacyjnymi (aplikacja Enterprise).","robots":{"index":"index","follow":"follow","max-snippet":"max-snippet:-1","max-image-preview":"max-image-preview:large","max-video-preview":"max-video-preview:-1"},"canonical":"https:\/\/www.egon.com\/pl\/ssposoby-uzytkowania\/integrowanie","og_locale":"pl_PL","og_type":"article","og_title":"Normalizacja i geokodowanie integruj\u0105 si\u0119 b\u0142yskawicznie z twoj\u0105 aplikacj\u0105.","og_description":"Egon to aplikacja integruj\u0105ca si\u0119 i wsp\u00f3\u0142pracuj\u0105ca z zewn\u0119trznymi aplikacjami ka\u017cdego typu oraz, jako plugin, ze standardowymi \u015brodowiskami operacyjnymi (aplikacja Enterprise).","og_url":"https:\/\/www.egon.com\/pl\/ssposoby-uzytkowania\/integrowanie","og_site_name":"Egon","article_modified_time":"2021-02-15T13:54:21+00:00","twitter_card":"summary_large_image","twitter_misc":{"Szacowany czas czytania":"2 minuty"},"schema":{"@context":"https:\/\/schema.org","@graph":[{"@type":"WebPage","@id":"https:\/\/www.egon.com\/pl\/ssposoby-uzytkowania\/integrowanie","url":"https:\/\/www.egon.com\/pl\/ssposoby-uzytkowania\/integrowanie","name":"Normalizacja i geokodowanie integruj\u0105 si\u0119 b\u0142yskawicznie z twoj\u0105 aplikacj\u0105.","isPartOf":{"@id":"https:\/\/www.egon.com\/zh\/#website"},"datePublished":"2017-09-19T13:59:38+00:00","dateModified":"2021-02-15T13:54:21+00:00","description":"Egon to aplikacja integruj\u0105ca si\u0119 i wsp\u00f3\u0142pracuj\u0105ca z zewn\u0119trznymi aplikacjami ka\u017cdego typu oraz, jako plugin, ze standardowymi \u015brodowiskami operacyjnymi (aplikacja Enterprise).","breadcrumb":{"@id":"https:\/\/www.egon.com\/pl\/ssposoby-uzytkowania\/integrowanie#breadcrumb"},"inLanguage":"pl-PL","potentialAction":[{"@type":"ReadAction","target":["https:\/\/www.egon.com\/pl\/ssposoby-uzytkowania\/integrowanie"]}]},{"@type":"BreadcrumbList","@id":"https:\/\/www.egon.com\/pl\/ssposoby-uzytkowania\/integrowanie#breadcrumb","itemListElement":[{"@type":"ListItem","position":1,"name":"Home","item":"https:\/\/www.egon.com\/pl"},{"@type":"ListItem","position":2,"name":"SPOSOBY U\u017bYTKOWANIA","item":"https:\/\/www.egon.com\/pl\/ssposoby-uzytkowania"},{"@type":"ListItem","position":3,"name":"Normalizacja i geokodowanie integruj\u0105 si\u0119 b\u0142yskawicznie z twoj\u0105 aplikacj\u0105."}]},{"@type":"WebSite","@id":"https:\/\/www.egon.com\/zh\/#website","url":"https:\/\/www.egon.com\/zh\/","name":"Egon","description":"Normalizzazione indirizzi - Address validation - Egon.com","potentialAction":[{"@type":"SearchAction","target":{"@type":"EntryPoint","urlTemplate":"https:\/\/www.egon.com\/zh\/?s={search_term_string}"},"query-input":{"@type":"PropertyValueSpecification","valueRequired":true,"valueName":"search_term_string"}}],"inLanguage":"pl-PL"}]}},"_links":{"self":[{"href":"https:\/\/www.egon.com\/pl\/wp-json\/wp\/v2\/pages\/8220","targetHints":{"allow":["GET"]}}],"collection":[{"href":"https:\/\/www.egon.com\/pl\/wp-json\/wp\/v2\/pages"}],"about":[{"href":"https:\/\/www.egon.com\/pl\/wp-json\/wp\/v2\/types\/page"}],"author":[{"embeddable":true,"href":"https:\/\/www.egon.com\/pl\/wp-json\/wp\/v2\/users\/1"}],"replies":[{"embeddable":true,"href":"https:\/\/www.egon.com\/pl\/wp-json\/wp\/v2\/comments?post=8220"}],"version-history":[{"count":2,"href":"https:\/\/www.egon.com\/pl\/wp-json\/wp\/v2\/pages\/8220\/revisions"}],"predecessor-version":[{"id":17992,"href":"https:\/\/www.egon.com\/pl\/wp-json\/wp\/v2\/pages\/8220\/revisions\/17992"}],"up":[{"embeddable":true,"href":"https:\/\/www.egon.com\/pl\/wp-json\/wp\/v2\/pages\/8192"}],"wp:attachment":[{"href":"https:\/\/www.egon.com\/pl\/wp-json\/wp\/v2\/media?parent=8220"}],"curies":[{"name":"wp","href":"https:\/\/api.w.org\/{rel}","templated":true}]}}