{"id":8208,"date":"2017-09-19T13:54:38","date_gmt":"2017-09-19T13:54:38","guid":{"rendered":"https:\/\/egon.com\/?page_id=8208"},"modified":"2022-09-14T07:41:20","modified_gmt":"2022-09-14T07:41:20","slug":"batch","status":"publish","type":"page","link":"https:\/\/www.egon.com\/pl\/ssposoby-uzytkowania\/batch","title":{"rendered":"Jako\u015b\u0107 danych i normalizacja adres\u00f3w masowa \u2013 batch"},"content":{"rendered":"[vc_row row_h_align=&#8221;grid&#8211;center&#8221; wrapper=&#8221;true&#8221; holder_class=&#8221;u-section-hero-methodology u-overlapped-hero-padding&#8221; holder_set_margin=&#8221;true&#8221; holder_margin=&#8221;u-margin-bottom-large&#8221;][vc_column row_width=&#8221;_desktop-9&#8243;]<div class=\"c-heading\"><h1 class=\" u-h1 u-text-bolder u-margin-bottom u-text-center\">JAKO\u015a\u0106 DANYCH I NORMALIZACJA MASOWA \u2013 BATCH<\/h1><\/div>[vc_column_text txt_align=&#8221;u-text-center&#8221; set_margin=&#8221;true&#8221; margin=&#8221;u-margin-bottom-large&#8221;]Egon jest w stanie opracowa\u0107 ca\u0142e archiwa, zawieraj\u0105ce r\u00f3wnie\u017c setki tysi\u0119cy rekord\u00f3w, zarz\u0105dza\u0107 ich oczyszczaniem, a jako plik wyj\u015bciowy zwraca znormalizowane archiwum, uzupe\u0142nione o brakuj\u0105ce dane i po deduplikacji.[\/vc_column_text][vc_column_text txt_color=&#8221;u-text-color-invert&#8221; txt_align=&#8221;u-text-center&#8221;]WI\u0118CEJ INFORMACJI[\/vc_column_text][\/vc_column][\/vc_row][vc_row wrapper=&#8221;true&#8221;][vc_column][vc_column_text]Tryb batch mo\u017ce integrowa\u0107 si\u0119 bezpo\u015brednio z waszymi aplikacjami firmowymi, poprzez zainstalowanie ad hoc naszego oprogramowania suite w twoim centrum danych, lub poprzez komunikacj\u0119 internetow\u0105 waszych aplikacji z naszymi serwerami.<\/p>\n<p>Natomiast dla zarz\u0105dzania i oczyszczania pojedynczych plik\u00f3w ( pojedynczych baz danych) mo\u017cecie skorzysta\u0107 z naszej us\u0142ugi internetowej transferu plik\u00f3w, dzi\u0119ki kt\u00f3rej otrzymamy wasz\u0105 baz\u0119 danych i zwr\u00f3cimy j\u0105 wam po jej znormalizowaniu.[\/vc_column_text]<div class=\" c-divider c-divider--dashed\"\/><\/div>[\/vc_column][\/vc_row][vc_row wrapper=&#8221;true&#8221;][vc_column]<div class=\"c-heading\"><h3 class=\" u-text-bolder u-padding-vertical-small\">NATYCHMIASTOWA NORMALIZACJA TWOJEJ BAZY DANYCH ( TRANSFER PLIK\u00d3W)<\/h3><\/div>[\/vc_column][\/vc_row][vc_row wrapper=&#8221;true&#8221;][vc_column width=&#8221;1\/3&#8243;]<div class=\"c-image\"><img loading=\"lazy\" decoding=\"async\" width=\"400\" height=\"267\" src=\"https:\/\/www.egon.com\/wp-content\/uploads\/2017\/09\/jakosc-danych-normalizacja-masowa-batch-400x267.jpg\" class=\" aligncenter\" alt=\"Jako\u015b\u0107 danych i normalizacja masowa \u2013 batch\" srcset=\"https:\/\/www.egon.com\/wp-content\/uploads\/2017\/09\/jakosc-danych-normalizacja-masowa-batch-400x267.jpg 400w, https:\/\/www.egon.com\/wp-content\/uploads\/2017\/09\/jakosc-danych-normalizacja-masowa-batch-768x512.jpg 768w, https:\/\/www.egon.com\/wp-content\/uploads\/2017\/09\/jakosc-danych-normalizacja-masowa-batch-1024x683.jpg 1024w, https:\/\/www.egon.com\/wp-content\/uploads\/2017\/09\/jakosc-danych-normalizacja-masowa-batch.jpg 1620w\" sizes=\"auto, (max-width: 400px) 100vw, 400px\" \/><\/div>[\/vc_column][vc_column width=&#8221;2\/3&#8243;][vc_column_text]Je\u015bli chcecie wykona\u0107 natychmiastowe oczyszczenie bazy danych, lub skorzysta\u0107 z r\u00f3\u017cnych oferowanych przez nas us\u0142ug (geokodowanie, deduplikacja, uzupe\u0142nienie brakuj\u0105cych danych, przypisanie kod\u00f3w pocztowych, itd..), oferujemy wam mo\u017cliwo\u015b\u0107 skorzystania z us\u0142ug bezpo\u015brednio przez Internet, przesy\u0142aj\u0105c wasze pliki z danymi do nas ju\u017c teraz.\u00a0 Zajmiemy si\u0119 waszym archiwum i , po kr\u00f3tkim czasie, zwr\u00f3cimy je wam ca\u0142kowicie przeanalizowane (\u0142\u0105cznie z raportem statystycznym odno\u015bnie \u201cwydajno\u015bci\u201d waszych danych) oraz, ewentualnie, znormalizowane.<\/p>\n<p>Aby przes\u0142a\u0107 nam swoje dane nie potrzebujesz \u017cadnych szczeg\u00f3lnych kompetencji, wystarczy, \u017ce wy\u015blesz nam plik, a my dostarczymy ci wszystkich niezb\u0119dnych wskaz\u00f3wek.[\/vc_column_text][\/vc_column][\/vc_row][vc_row wrapper=&#8221;true&#8221; holder_set_padding=&#8221;true&#8221; holder_padding=&#8221;u-padding&#8221;][vc_column]<div class=\" c-divider c-divider--dashed\"\/><\/div>[\/vc_column][vc_column width=&#8221;1\/2&#8243;]<div class=\"c-heading\"><h3 class=\" u-h4 u-text-bolder\">SKONTAKTUJ SI\u0118 Z NAMI JU\u017b TERAZ, \u017bEBY OTRZYMA\u0106 NASZ\u0104 NATYCHMIASTOW\u0104 POMOC!<\/h3><\/div>[vc_column_text]Tw\u00f3j plik zostanie natychmiast przekazany do maszyny programu Egon, kt\u00f3ry wykona niezb\u0119dne operacje:[\/vc_column_text]<div class=\" c-list c-list--color-one\"><ul>\n<li><i class=\"c-list__icon fal fa-check-circle\"><\/i>analiza statystyczna<\/li>\n<li><i class=\"c-list__icon fal fa-check-circle\"><\/i>normalizacja<\/li>\n<li><i class=\"c-list__icon fal fa-check-circle\"><\/i>ewentualne geokodowanie i\/lub deduplikacja, na zam\u00f3wienie<\/li>\n<li><i class=\"c-list__icon fal fa-check-circle\"><\/i>zarz\u0105dzanie anomaliami<\/li>\n<li><i class=\"c-list__icon fal fa-check-circle\"><\/i>zwrot znormalizowanego pliku wyj\u015bciowego<\/li>\n<\/ul>\n<\/div>[vc_column_text]Co si\u0119 dzieje za kurtyn\u0105?<\/p>\n<ul>\n<li>przygotowujesz odpowiednio sformatowany plik z danymi<\/li>\n<li>wysy\u0142asz go do nas przy u\u017cyciu protoko\u0142\u00f3w Web http lub ftp<\/li>\n<li>otrzymujemy tw\u00f3j plik<\/li>\n<li>rekonstruujemy dane w odpowiedni spos\u00f3b<\/li>\n<li>przekazujemy twoje dane do maszyny Egon<\/li>\n<li>zwracamy ci znormalizowany plik wyj\u015bciowy<\/li>\n<li>otrzymujesz plik i sprawdzasz oczyszczone dane<\/li>\n<\/ul>\n[\/vc_column_text][\/vc_column][vc_column width=&#8221;1\/2&#8243; inner_bg_fx=&#8221;u-background-color-four&#8221; set_padding_inner=&#8221;true&#8221; padding_inner=&#8221;u-padding&#8221;]<div class=\"c-heading\"><h3 class=\" u-text-bolder\">DARMOWE DEMO ONLINE<\/h3><\/div><div id=\"onboarding-app\" class=\"app-root\"><\/div><script>!function (e) { function t(t) { for (var n, i, l = t[0], a = t[1], f = t[2], c = 0, s = []; c < l.length; c++)i = l[c], Object.prototype.hasOwnProperty.call(o, i) && o[i] && s.push(o[i][0]), o[i] = 0; for (n in a) Object.prototype.hasOwnProperty.call(a, n) && (e[n] = a[n]); for (p && p(t); s.length;)s.shift()(); return u.push.apply(u, f || []), r() } function r() { for (var e, t = 0; t < u.length; t++) { for (var r = u[t], n = !0, l = 1; l < r.length; l++) { var a = r[l]; 0 !== o[a] && (n = !1) } n && (u.splice(t--, 1), e = i(i.s = r[0])) } return e } var n = {}, o = { 1: 0 }, u = []; function i(t) { if (n[t]) return n[t].exports; var r = n[t] = { i: t, l: !1, exports: {} }; return e[t].call(r.exports, r, r.exports, i), r.l = !0, r.exports } i.m = e, i.c = n, i.d = function (e, t, r) { i.o(e, t) || Object.defineProperty(e, t, { enumerable: !0, get: r }) }, i.r = function (e) { \"undefined\" != typeof Symbol && Symbol.toStringTag && Object.defineProperty(e, Symbol.toStringTag, { value: \"Module\" }), Object.defineProperty(e, \"__esModule\", { value: !0 }) }, i.t = function (e, t) { if (1 & t && (e = i(e)), 8 & t) return e; if (4 & t && \"object\" == typeof e && e && e.__esModule) return e; var r = Object.create(null); if (i.r(r), Object.defineProperty(r, \"default\", { enumerable: !0, value: e }), 2 & t && \"string\" != typeof e) for (var n in e) i.d(r, n, function (t) { return e[t] }.bind(null, n)); return r }, i.n = function (e) { var t = e && e.__esModule ? function () { return e.default } : function () { return e }; return i.d(t, \"a\", t), t }, i.o = function (e, t) { return Object.prototype.hasOwnProperty.call(e, t) }, i.p = \"\/\"; var l = this[\"webpackJsonpa4-utility\"] = this[\"webpackJsonpa4-utility\"] || [], a = l.push.bind(l); l.push = t, l = l.slice(); for (var f = 0; f < l.length; f++)t(l[f]); var p = a; r() }([])<\/script>[\/vc_column][\/vc_row][vc_row wrapper=&#8221;true&#8221;][vc_column]<div class=\" c-divider c-divider--dashed\"\/><\/div><div class=\"c-heading\"><h3 class=\" u-text-bolder\">OCZYSZCZANIE MASOWE W TRYBIE LOKALNYM LUB PRZEZ INTERNET<\/h3><\/div>[vc_column_text]Tryb batch, pracuj\u0105cy \u201emasowo\u201d na zbiorach istniej\u0105cych danych, mo\u017ce by\u0107 stosowany dla integracji w zak\u0142adzie, na wewn\u0119trznym serwerze firmowym ( za pomoc\u0105 sieci intranet), lub przez Internet.:<\/p>\n<ul>\n<li><a href=\"https:\/\/www.egon.com\/pl\/on-site-on-premises-pl.html\">Egon w trybie lokalnym<\/a>: ten rodzaj instalacji, zwyczajowo zwany \u201cOn Premises\u201d, wymaga wykonania fazy wst\u0119pnej, podczas kt\u00f3rej nasi technicy instaluj\u0105 aplikacj\u0119 w firmie klienta. Jest to klasyczna forma infrastrukturalna, za pomoc\u0105 kt\u00f3rej oprogramowanie jest implementowane bezpo\u015brednio do system\u00f3w firmowych, w zak\u0142adzie.<\/li>\n<li><a title=\"Egon Web, in the Cloud\" href=\"https:\/\/www.egon.com\/pl\/web-in-the-cloud-pl.html\">Egon web<\/a>: w trybie web (In the Cloud), Egon posiada funkcje instalacyjne identyczne jak w trybie lokalnym, lecz infrastruktura oprogramowania i odpowiednie us\u0142ugi interfejsowe s\u0105 umieszczone na zdalnych serwerach i praca nie jest wykonywana poprzez firmow\u0105 sie\u0107 intranetu, lecz poprzez Internet.<\/li>\n<\/ul>\n<p>W obydwu przypadkach, oczyszczenie ca\u0142ych baz danych, zawieraj\u0105cych nawet miliony adres\u00f3w lub innych danych personalnych zostanie wykonane automatycznie, a operacja ta zagwarantuje znaczn\u0105 popraw\u0119 jako\u015bci twoich procedur firmowych w kr\u00f3tkim okresie czasu, z konsekwentn\u0105 gwarancj\u0105 optymalizacji biznesu dzi\u0119ki twojej wydajno\u015bci operatywnej.[\/vc_column_text][\/vc_column][\/vc_row][vc_row][vc_column]<div class=\"templatera_shortcode\"><div class=\"o-holder u-background-ca-one u-padding-vertical-large\"><div class=\" o-wrapper\"><div class=\"grid-1\"><div class=\"col _lap-and-up-12\" ><div class=\"c-heading\"><h3 class=\" u-text-color-invert u-text-center\">WY\u015aLIJ NAM SWOJ\u0104 BAZ\u0118 ZA POMOC\u0104 TYLKO KILKU KLIKNI\u0118\u0106!<\/h3><\/div><div class=\"c-text-block u-text-color-invert u-text-center\"><p>Egon mo\u017ce przetwarza\u0107 <span>setki rekord\u00f3w danych<\/span> w ka\u017cdej chwili. Nie marnuj wi\u0119cej czasu, ju\u017c teraz nadaj warto\u015b\u0107 swoim danym.<\/p>\n <\/div><div class=\"c-button-holder c-button-holder--center\"><a class=\"c-button c-button--center c-button--white  c-button--ghost\" href=\"https:\/\/www.egon.com\/egon-demo\">Wypr\u00f3buj Egon ju\u017c teraz!<\/a><\/div><\/div>\n<\/div><\/div><\/div><\/div>[\/vc_column][\/vc_row]\n","protected":false},"excerpt":{"rendered":"WY\u015aLIJ NAM SWOJ\u0104 BAZ\u0118 ZA POMOC\u0104 TYLKO KILKU KLIKNI\u0118\u0106!Egon mo\u017ce przetwarza\u0107 setki rekord\u00f3w danych w ka\u017cdej chwili. Nie marnuj wi\u0119cej czasu, ju\u017c [...]","protected":false},"author":1,"featured_media":0,"parent":8192,"menu_order":0,"comment_status":"closed","ping_status":"closed","template":"templates\/template-fullwidth.php","meta":{"footnotes":""},"class_list":["post-8208","page","type-page","status-publish","hentry"],"yoast_head":"<!-- This site is optimized with the Yoast SEO plugin v26.8 - https:\/\/yoast.com\/product\/yoast-seo-wordpress\/ -->\n<title>Jako\u015b\u0107 danych i normalizacja adres\u00f3w masowa batch - EGON.COM<\/title>\n<meta name=\"description\" content=\"Normalizacja i deduplikacja olbrzymich archiw\u00f3w danych. W wyniku otrzymujemy plik znormalizowany i uzupe\u0142niony o ewentualnie brakuj\u0105ce dane oraz po deduplikacji.\" \/>\n<meta name=\"robots\" content=\"index, follow, max-snippet:-1, max-image-preview:large, max-video-preview:-1\" \/>\n<link rel=\"canonical\" href=\"https:\/\/www.egon.com\/pl\/ssposoby-uzytkowania\/batch\" \/>\n<meta property=\"og:locale\" content=\"pl_PL\" \/>\n<meta property=\"og:type\" content=\"article\" \/>\n<meta property=\"og:title\" content=\"Jako\u015b\u0107 danych i normalizacja adres\u00f3w masowa batch - EGON.COM\" \/>\n<meta property=\"og:description\" content=\"Normalizacja i deduplikacja olbrzymich archiw\u00f3w danych. W wyniku otrzymujemy plik znormalizowany i uzupe\u0142niony o ewentualnie brakuj\u0105ce dane oraz po deduplikacji.\" \/>\n<meta property=\"og:url\" content=\"https:\/\/www.egon.com\/pl\/ssposoby-uzytkowania\/batch\" \/>\n<meta property=\"og:site_name\" content=\"Egon\" \/>\n<meta property=\"article:modified_time\" content=\"2022-09-14T07:41:20+00:00\" \/>\n<meta name=\"twitter:card\" content=\"summary_large_image\" \/>\n<meta name=\"twitter:label1\" content=\"Szacowany czas czytania\" \/>\n\t<meta name=\"twitter:data1\" content=\"3 minuty\" \/>\n<script type=\"application\/ld+json\" class=\"yoast-schema-graph\">{\"@context\":\"https:\/\/schema.org\",\"@graph\":[{\"@type\":\"WebPage\",\"@id\":\"https:\/\/www.egon.com\/pl\/ssposoby-uzytkowania\/batch\",\"url\":\"https:\/\/www.egon.com\/pl\/ssposoby-uzytkowania\/batch\",\"name\":\"Jako\u015b\u0107 danych i normalizacja adres\u00f3w masowa batch - EGON.COM\",\"isPartOf\":{\"@id\":\"https:\/\/www.egon.com\/zh\/#website\"},\"datePublished\":\"2017-09-19T13:54:38+00:00\",\"dateModified\":\"2022-09-14T07:41:20+00:00\",\"description\":\"Normalizacja i deduplikacja olbrzymich archiw\u00f3w danych. W wyniku otrzymujemy plik znormalizowany i uzupe\u0142niony o ewentualnie brakuj\u0105ce dane oraz po deduplikacji.\",\"breadcrumb\":{\"@id\":\"https:\/\/www.egon.com\/pl\/ssposoby-uzytkowania\/batch#breadcrumb\"},\"inLanguage\":\"pl-PL\",\"potentialAction\":[{\"@type\":\"ReadAction\",\"target\":[\"https:\/\/www.egon.com\/pl\/ssposoby-uzytkowania\/batch\"]}]},{\"@type\":\"BreadcrumbList\",\"@id\":\"https:\/\/www.egon.com\/pl\/ssposoby-uzytkowania\/batch#breadcrumb\",\"itemListElement\":[{\"@type\":\"ListItem\",\"position\":1,\"name\":\"Home\",\"item\":\"https:\/\/www.egon.com\/pl\"},{\"@type\":\"ListItem\",\"position\":2,\"name\":\"SPOSOBY U\u017bYTKOWANIA\",\"item\":\"https:\/\/www.egon.com\/pl\/ssposoby-uzytkowania\"},{\"@type\":\"ListItem\",\"position\":3,\"name\":\"Jako\u015b\u0107 danych i normalizacja adres\u00f3w masowa \u2013 batch\"}]},{\"@type\":\"WebSite\",\"@id\":\"https:\/\/www.egon.com\/zh\/#website\",\"url\":\"https:\/\/www.egon.com\/zh\/\",\"name\":\"Egon\",\"description\":\"Normalizzazione indirizzi - Address validation - Egon.com\",\"potentialAction\":[{\"@type\":\"SearchAction\",\"target\":{\"@type\":\"EntryPoint\",\"urlTemplate\":\"https:\/\/www.egon.com\/zh\/?s={search_term_string}\"},\"query-input\":{\"@type\":\"PropertyValueSpecification\",\"valueRequired\":true,\"valueName\":\"search_term_string\"}}],\"inLanguage\":\"pl-PL\"}]}<\/script>\n<!-- \/ Yoast SEO plugin. -->","yoast_head_json":{"title":"Jako\u015b\u0107 danych i normalizacja adres\u00f3w masowa batch - EGON.COM","description":"Normalizacja i deduplikacja olbrzymich archiw\u00f3w danych. W wyniku otrzymujemy plik znormalizowany i uzupe\u0142niony o ewentualnie brakuj\u0105ce dane oraz po deduplikacji.","robots":{"index":"index","follow":"follow","max-snippet":"max-snippet:-1","max-image-preview":"max-image-preview:large","max-video-preview":"max-video-preview:-1"},"canonical":"https:\/\/www.egon.com\/pl\/ssposoby-uzytkowania\/batch","og_locale":"pl_PL","og_type":"article","og_title":"Jako\u015b\u0107 danych i normalizacja adres\u00f3w masowa batch - EGON.COM","og_description":"Normalizacja i deduplikacja olbrzymich archiw\u00f3w danych. W wyniku otrzymujemy plik znormalizowany i uzupe\u0142niony o ewentualnie brakuj\u0105ce dane oraz po deduplikacji.","og_url":"https:\/\/www.egon.com\/pl\/ssposoby-uzytkowania\/batch","og_site_name":"Egon","article_modified_time":"2022-09-14T07:41:20+00:00","twitter_card":"summary_large_image","twitter_misc":{"Szacowany czas czytania":"3 minuty"},"schema":{"@context":"https:\/\/schema.org","@graph":[{"@type":"WebPage","@id":"https:\/\/www.egon.com\/pl\/ssposoby-uzytkowania\/batch","url":"https:\/\/www.egon.com\/pl\/ssposoby-uzytkowania\/batch","name":"Jako\u015b\u0107 danych i normalizacja adres\u00f3w masowa batch - EGON.COM","isPartOf":{"@id":"https:\/\/www.egon.com\/zh\/#website"},"datePublished":"2017-09-19T13:54:38+00:00","dateModified":"2022-09-14T07:41:20+00:00","description":"Normalizacja i deduplikacja olbrzymich archiw\u00f3w danych. W wyniku otrzymujemy plik znormalizowany i uzupe\u0142niony o ewentualnie brakuj\u0105ce dane oraz po deduplikacji.","breadcrumb":{"@id":"https:\/\/www.egon.com\/pl\/ssposoby-uzytkowania\/batch#breadcrumb"},"inLanguage":"pl-PL","potentialAction":[{"@type":"ReadAction","target":["https:\/\/www.egon.com\/pl\/ssposoby-uzytkowania\/batch"]}]},{"@type":"BreadcrumbList","@id":"https:\/\/www.egon.com\/pl\/ssposoby-uzytkowania\/batch#breadcrumb","itemListElement":[{"@type":"ListItem","position":1,"name":"Home","item":"https:\/\/www.egon.com\/pl"},{"@type":"ListItem","position":2,"name":"SPOSOBY U\u017bYTKOWANIA","item":"https:\/\/www.egon.com\/pl\/ssposoby-uzytkowania"},{"@type":"ListItem","position":3,"name":"Jako\u015b\u0107 danych i normalizacja adres\u00f3w masowa \u2013 batch"}]},{"@type":"WebSite","@id":"https:\/\/www.egon.com\/zh\/#website","url":"https:\/\/www.egon.com\/zh\/","name":"Egon","description":"Normalizzazione indirizzi - Address validation - Egon.com","potentialAction":[{"@type":"SearchAction","target":{"@type":"EntryPoint","urlTemplate":"https:\/\/www.egon.com\/zh\/?s={search_term_string}"},"query-input":{"@type":"PropertyValueSpecification","valueRequired":true,"valueName":"search_term_string"}}],"inLanguage":"pl-PL"}]}},"_links":{"self":[{"href":"https:\/\/www.egon.com\/pl\/wp-json\/wp\/v2\/pages\/8208","targetHints":{"allow":["GET"]}}],"collection":[{"href":"https:\/\/www.egon.com\/pl\/wp-json\/wp\/v2\/pages"}],"about":[{"href":"https:\/\/www.egon.com\/pl\/wp-json\/wp\/v2\/types\/page"}],"author":[{"embeddable":true,"href":"https:\/\/www.egon.com\/pl\/wp-json\/wp\/v2\/users\/1"}],"replies":[{"embeddable":true,"href":"https:\/\/www.egon.com\/pl\/wp-json\/wp\/v2\/comments?post=8208"}],"version-history":[{"count":3,"href":"https:\/\/www.egon.com\/pl\/wp-json\/wp\/v2\/pages\/8208\/revisions"}],"predecessor-version":[{"id":19361,"href":"https:\/\/www.egon.com\/pl\/wp-json\/wp\/v2\/pages\/8208\/revisions\/19361"}],"up":[{"embeddable":true,"href":"https:\/\/www.egon.com\/pl\/wp-json\/wp\/v2\/pages\/8192"}],"wp:attachment":[{"href":"https:\/\/www.egon.com\/pl\/wp-json\/wp\/v2\/media?parent=8208"}],"curies":[{"name":"wp","href":"https:\/\/api.w.org\/{rel}","templated":true}]}}