{"id":8178,"date":"2017-09-19T13:44:08","date_gmt":"2017-09-19T13:44:08","guid":{"rendered":"https:\/\/egon.com\/?page_id=8178"},"modified":"2017-10-23T09:23:29","modified_gmt":"2017-10-23T09:23:29","slug":"e-business","status":"publish","type":"page","link":"https:\/\/www.egon.com\/pl\/aplikacje\/e-business","title":{"rendered":"US\u0141UGI E-COMMERCE WYSOKIEJ JAKO\u015aCI"},"content":{"rendered":"<p>Wszystkie portale zajmuj\u0105ce si\u0119 us\u0142ugami <span>e-commerce<\/span>, wymagaj\u0105 rejestracji od u\u017cytkownika, kt\u00f3ry uzyskuje w ten spos\u00f3b dost\u0119p do us\u0142ug i mo\u017ce nabywa\u0107 produkty; w zwi\u0105zku z tym portale te musz\u0105 posiada\u0107 <span>system poprawnego zarz\u0105dzania danymi<\/span> nabywanymi przez system, w celu zaoferowania klientom <span>us\u0142ug<\/span> o naprawd\u0119 <span>wysokiej jako\u015bci<\/span>, unikni\u0119cia b\u0142\u0119d\u00f3w podczas komunikacji (elektronicznych lub pocztowych) oraz w momencie ewentualnej spedycji zakupionych produkt\u00f3w.<\/p>\n<p><span><img loading=\"lazy\" decoding=\"async\" class=\"alignnone wp-image-615 size-wps_child_large\" src=\"https:\/\/www.egon.com\/wp-content\/uploads\/2017\/07\/address-validation-checkout-ecommerce-website-820x400.jpg\" alt=\"Address validation checkout for ecommerce websites\" width=\"820\" height=\"400\" \/><\/span><\/p>\n<h3>EWOLUCJA PROGRAM\u00d3W E-BUSINESS<\/h3>\n<p>W dzisiejszych czasach <span>portale e-business<\/span> s\u0105 u\u017cywane na porz\u0105dku dziennym przez u\u017cytkownik\u00f3w na ca\u0142ym \u015bwiecie, a zakup produkt\u00f3w i us\u0142ug bezpo\u015brednio przez Internet sta\u0142 si\u0119 powszechn\u0105 praktyk\u0105.<\/p>\n<p>Istnieje wiele <span>program\u00f3w i cms<\/span>, r\u00f3wnie\u017c open source, opracowanych specjalnie dla tworzenia <span>internetowych stron e-commerce<\/span>; fakt ten u\u0142atwi\u0142 wielu firmom, r\u00f3wnie\u017c ma\u0142o-\u015brednim, stworzenie w\u0142asnego portalu sprzeda\u017cy on Line.<\/p>\n<h3>PROFESJONALNE US\u0141UGI E-COMMERCE<\/h3>\n<p>W ten oto spos\u00f3b Internet sta\u0142 si\u0119 dla \u015bwiatu biznesu kluczowym sposobem zbierania danych dotycz\u0105cych klient\u00f3w realnych i potencjalnych, powoduj\u0105c powa\u017cne konsekwencje zar\u00f3wno z prawnego punktu widzenia (prawa o ochronie danych osobowych oraz o ochronie danych pobranych przez modu\u0142y internetowe s\u0105 ju\u017c stosowane niemal we wszystkich krajach zachodnich i przewiduj\u0105 powa\u017cne sankcje dla przest\u0119pc\u00f3w), jak i na poziome <span>firmowych baz danych<\/span>.<\/p>\n<p>Zbieranie danych pochodz\u0105cych z formularzy internetowych daje niew\u0105tpliw\u0105 korzy\u015b\u0107 ich natychmiastowego otrzymania, czyli u\u0142atwia prac\u0119 u\u017cytkownika; nie nale\u017cy jednak zapomina\u0107 o wielu problematykach zwi\u0105zanych z szybkim i niekontrolowanym wysy\u0142aniem danych osobowych przez nieuwa\u017cnych u\u017cytkownik\u00f3w, kt\u00f3rzy cz\u0119sto nie po\u015bwi\u0119caj\u0105 nale\u017cytej uwagi procesowi <span>rejestracji on Line<\/span>.<\/p>\n<p>Prawdziwie profesjonalny \u00a0e-business musi by\u0107 w stanie podo\u0142a\u0107 takim problematykom i znale\u017a\u0107 odpowiednie rozwi\u0105zanie.<\/p>\n<h3>EGON: JAKO\u015a\u0106 DANYCH I FILTRY INTERNETOWE<\/h3>\n<p><span>Egon<\/span> \u00a0jest \u00a0 <span>aplikacj\u0105 wieloplatformow\u0105<\/span>, \u00a0doskonale integruj\u0105c\u0105 si\u0119 z dowolnym programem zarz\u0105dzaj\u0105cym dla e-commerce i maj\u0105c\u0105 niema\u0142y wk\u0142ad w dziedzinie \u00a0 <span>walidacji danych<\/span> \u00a0na wej\u015bciu.<\/p>\n<p>Wszystkie dane wprowadzone przez u\u017cytkownika w czasie fazy rejestracji poprzez aplikacj\u0119 internetow\u0105 zostan\u0105 opracowane, sprawdzone i ewentualnie poprawione ( z mo\u017cliwo\u015bci\u0105 \u00a0 <a href=\"https:\/\/www.egon.com\/pl\/ssposoby-uzytkowania\/on-line.html\"><span>pomocy w czasie rzeczywistym<\/span><\/a> \u00a0ju\u017c podczas wpisywania danych przez u\u017cytkownika). \u00a0Umo\u017cliwi to nabywanie danych znormalizowanych i o wysokiej jako\u015bci, z konsekwentnym optymalnym zarz\u0105dzaniem baz\u0105 danych klient\u00f3w.<\/p>\n<p>&nbsp;<\/p>\n","protected":false},"excerpt":{"rendered":"<p>Wszystkie portale zajmuj\u0105ce si\u0119 us\u0142ugami e-commerce, wymagaj\u0105 rejestracji od u\u017cytkownika, kt\u00f3ry uzyskuje w ten spos\u00f3b dost\u0119p do us\u0142ug i mo\u017ce nabywa\u0107 produkty; [&hellip;]<\/p>\n","protected":false},"author":1,"featured_media":0,"parent":7698,"menu_order":0,"comment_status":"closed","ping_status":"closed","template":"","meta":{"footnotes":""},"class_list":["post-8178","page","type-page","status-publish","hentry"],"yoast_head":"<!-- This site is optimized with the Yoast SEO plugin v26.8 - https:\/\/yoast.com\/product\/yoast-seo-wordpress\/ -->\n<title>US\u0141UGI E-COMMERCE WYSOKIEJ JAKO\u015aCI - Egon<\/title>\n<meta name=\"robots\" content=\"index, follow, max-snippet:-1, max-image-preview:large, max-video-preview:-1\" \/>\n<link rel=\"canonical\" href=\"https:\/\/www.egon.com\/pl\/aplikacje\/e-business\" \/>\n<meta property=\"og:locale\" content=\"pl_PL\" \/>\n<meta property=\"og:type\" content=\"article\" \/>\n<meta property=\"og:title\" content=\"US\u0141UGI E-COMMERCE WYSOKIEJ JAKO\u015aCI - Egon\" \/>\n<meta property=\"og:description\" content=\"Wszystkie portale zajmuj\u0105ce si\u0119 us\u0142ugami e-commerce, wymagaj\u0105 rejestracji od u\u017cytkownika, kt\u00f3ry uzyskuje w ten spos\u00f3b dost\u0119p do us\u0142ug i mo\u017ce nabywa\u0107 produkty; [&hellip;]\" \/>\n<meta property=\"og:url\" content=\"https:\/\/www.egon.com\/pl\/aplikacje\/e-business\" \/>\n<meta property=\"og:site_name\" content=\"Egon\" \/>\n<meta property=\"article:modified_time\" content=\"2017-10-23T09:23:29+00:00\" \/>\n<meta property=\"og:image\" content=\"https:\/\/www.egon.com\/wp-content\/uploads\/2017\/07\/address-validation-checkout-ecommerce-website-820x400.jpg\" \/>\n<meta name=\"twitter:card\" content=\"summary_large_image\" \/>\n<meta name=\"twitter:label1\" content=\"Szacowany czas czytania\" \/>\n\t<meta name=\"twitter:data1\" content=\"2 minuty\" \/>\n<script type=\"application\/ld+json\" class=\"yoast-schema-graph\">{\"@context\":\"https:\/\/schema.org\",\"@graph\":[{\"@type\":\"WebPage\",\"@id\":\"https:\/\/www.egon.com\/pl\/aplikacje\/e-business\",\"url\":\"https:\/\/www.egon.com\/pl\/aplikacje\/e-business\",\"name\":\"US\u0141UGI E-COMMERCE WYSOKIEJ JAKO\u015aCI - Egon\",\"isPartOf\":{\"@id\":\"https:\/\/www.egon.com\/zh\/#website\"},\"primaryImageOfPage\":{\"@id\":\"https:\/\/www.egon.com\/pl\/aplikacje\/e-business#primaryimage\"},\"image\":{\"@id\":\"https:\/\/www.egon.com\/pl\/aplikacje\/e-business#primaryimage\"},\"thumbnailUrl\":\"https:\/\/www.egon.com\/wp-content\/uploads\/2017\/07\/address-validation-checkout-ecommerce-website-820x400.jpg\",\"datePublished\":\"2017-09-19T13:44:08+00:00\",\"dateModified\":\"2017-10-23T09:23:29+00:00\",\"breadcrumb\":{\"@id\":\"https:\/\/www.egon.com\/pl\/aplikacje\/e-business#breadcrumb\"},\"inLanguage\":\"pl-PL\",\"potentialAction\":[{\"@type\":\"ReadAction\",\"target\":[\"https:\/\/www.egon.com\/pl\/aplikacje\/e-business\"]}]},{\"@type\":\"ImageObject\",\"inLanguage\":\"pl-PL\",\"@id\":\"https:\/\/www.egon.com\/pl\/aplikacje\/e-business#primaryimage\",\"url\":\"https:\/\/www.egon.com\/wp-content\/uploads\/2017\/07\/address-validation-checkout-ecommerce-website-820x400.jpg\",\"contentUrl\":\"https:\/\/www.egon.com\/wp-content\/uploads\/2017\/07\/address-validation-checkout-ecommerce-website-820x400.jpg\"},{\"@type\":\"BreadcrumbList\",\"@id\":\"https:\/\/www.egon.com\/pl\/aplikacje\/e-business#breadcrumb\",\"itemListElement\":[{\"@type\":\"ListItem\",\"position\":1,\"name\":\"Home\",\"item\":\"https:\/\/www.egon.com\/pl\"},{\"@type\":\"ListItem\",\"position\":2,\"name\":\"Applications\",\"item\":\"https:\/\/www.egon.com\/pl\/aplikacje\"},{\"@type\":\"ListItem\",\"position\":3,\"name\":\"US\u0141UGI E-COMMERCE WYSOKIEJ JAKO\u015aCI\"}]},{\"@type\":\"WebSite\",\"@id\":\"https:\/\/www.egon.com\/zh\/#website\",\"url\":\"https:\/\/www.egon.com\/zh\/\",\"name\":\"Egon\",\"description\":\"Normalizzazione indirizzi - Address validation - Egon.com\",\"potentialAction\":[{\"@type\":\"SearchAction\",\"target\":{\"@type\":\"EntryPoint\",\"urlTemplate\":\"https:\/\/www.egon.com\/zh\/?s={search_term_string}\"},\"query-input\":{\"@type\":\"PropertyValueSpecification\",\"valueRequired\":true,\"valueName\":\"search_term_string\"}}],\"inLanguage\":\"pl-PL\"}]}<\/script>\n<!-- \/ Yoast SEO plugin. -->","yoast_head_json":{"title":"US\u0141UGI E-COMMERCE WYSOKIEJ JAKO\u015aCI - Egon","robots":{"index":"index","follow":"follow","max-snippet":"max-snippet:-1","max-image-preview":"max-image-preview:large","max-video-preview":"max-video-preview:-1"},"canonical":"https:\/\/www.egon.com\/pl\/aplikacje\/e-business","og_locale":"pl_PL","og_type":"article","og_title":"US\u0141UGI E-COMMERCE WYSOKIEJ JAKO\u015aCI - Egon","og_description":"Wszystkie portale zajmuj\u0105ce si\u0119 us\u0142ugami e-commerce, wymagaj\u0105 rejestracji od u\u017cytkownika, kt\u00f3ry uzyskuje w ten spos\u00f3b dost\u0119p do us\u0142ug i mo\u017ce nabywa\u0107 produkty; [&hellip;]","og_url":"https:\/\/www.egon.com\/pl\/aplikacje\/e-business","og_site_name":"Egon","article_modified_time":"2017-10-23T09:23:29+00:00","og_image":[{"url":"https:\/\/www.egon.com\/wp-content\/uploads\/2017\/07\/address-validation-checkout-ecommerce-website-820x400.jpg","type":"","width":"","height":""}],"twitter_card":"summary_large_image","twitter_misc":{"Szacowany czas czytania":"2 minuty"},"schema":{"@context":"https:\/\/schema.org","@graph":[{"@type":"WebPage","@id":"https:\/\/www.egon.com\/pl\/aplikacje\/e-business","url":"https:\/\/www.egon.com\/pl\/aplikacje\/e-business","name":"US\u0141UGI E-COMMERCE WYSOKIEJ JAKO\u015aCI - Egon","isPartOf":{"@id":"https:\/\/www.egon.com\/zh\/#website"},"primaryImageOfPage":{"@id":"https:\/\/www.egon.com\/pl\/aplikacje\/e-business#primaryimage"},"image":{"@id":"https:\/\/www.egon.com\/pl\/aplikacje\/e-business#primaryimage"},"thumbnailUrl":"https:\/\/www.egon.com\/wp-content\/uploads\/2017\/07\/address-validation-checkout-ecommerce-website-820x400.jpg","datePublished":"2017-09-19T13:44:08+00:00","dateModified":"2017-10-23T09:23:29+00:00","breadcrumb":{"@id":"https:\/\/www.egon.com\/pl\/aplikacje\/e-business#breadcrumb"},"inLanguage":"pl-PL","potentialAction":[{"@type":"ReadAction","target":["https:\/\/www.egon.com\/pl\/aplikacje\/e-business"]}]},{"@type":"ImageObject","inLanguage":"pl-PL","@id":"https:\/\/www.egon.com\/pl\/aplikacje\/e-business#primaryimage","url":"https:\/\/www.egon.com\/wp-content\/uploads\/2017\/07\/address-validation-checkout-ecommerce-website-820x400.jpg","contentUrl":"https:\/\/www.egon.com\/wp-content\/uploads\/2017\/07\/address-validation-checkout-ecommerce-website-820x400.jpg"},{"@type":"BreadcrumbList","@id":"https:\/\/www.egon.com\/pl\/aplikacje\/e-business#breadcrumb","itemListElement":[{"@type":"ListItem","position":1,"name":"Home","item":"https:\/\/www.egon.com\/pl"},{"@type":"ListItem","position":2,"name":"Applications","item":"https:\/\/www.egon.com\/pl\/aplikacje"},{"@type":"ListItem","position":3,"name":"US\u0141UGI E-COMMERCE WYSOKIEJ JAKO\u015aCI"}]},{"@type":"WebSite","@id":"https:\/\/www.egon.com\/zh\/#website","url":"https:\/\/www.egon.com\/zh\/","name":"Egon","description":"Normalizzazione indirizzi - Address validation - Egon.com","potentialAction":[{"@type":"SearchAction","target":{"@type":"EntryPoint","urlTemplate":"https:\/\/www.egon.com\/zh\/?s={search_term_string}"},"query-input":{"@type":"PropertyValueSpecification","valueRequired":true,"valueName":"search_term_string"}}],"inLanguage":"pl-PL"}]}},"_links":{"self":[{"href":"https:\/\/www.egon.com\/pl\/wp-json\/wp\/v2\/pages\/8178","targetHints":{"allow":["GET"]}}],"collection":[{"href":"https:\/\/www.egon.com\/pl\/wp-json\/wp\/v2\/pages"}],"about":[{"href":"https:\/\/www.egon.com\/pl\/wp-json\/wp\/v2\/types\/page"}],"author":[{"embeddable":true,"href":"https:\/\/www.egon.com\/pl\/wp-json\/wp\/v2\/users\/1"}],"replies":[{"embeddable":true,"href":"https:\/\/www.egon.com\/pl\/wp-json\/wp\/v2\/comments?post=8178"}],"version-history":[{"count":0,"href":"https:\/\/www.egon.com\/pl\/wp-json\/wp\/v2\/pages\/8178\/revisions"}],"up":[{"embeddable":true,"href":"https:\/\/www.egon.com\/pl\/wp-json\/wp\/v2\/pages\/7698"}],"wp:attachment":[{"href":"https:\/\/www.egon.com\/pl\/wp-json\/wp\/v2\/media?parent=8178"}],"curies":[{"name":"wp","href":"https:\/\/api.w.org\/{rel}","templated":true}]}}