{"id":8164,"date":"2017-09-19T13:40:07","date_gmt":"2017-09-19T13:40:07","guid":{"rendered":"https:\/\/egon.com\/?page_id=8164"},"modified":"2017-10-20T12:31:31","modified_gmt":"2017-10-20T12:31:31","slug":"data-entry","status":"publish","type":"page","link":"https:\/\/www.egon.com\/pl\/aplikacje\/data-entry","title":{"rendered":"DATA ENTRY I POMOC PODCZAS WPROWADZANIA DANYCH W CALL CENTER"},"content":{"rendered":"<p><span>Data entry<\/span> \u00a0to czynno\u015b\u0107 wykonywana w wielu firmach, a dla niekt\u00f3rych z nich jest ono wr\u0119cz przedmiotem ich g\u0142\u00f3wnej dzia\u0142alno\u015bci, jak na przyk\u0142ad centra zbieraj\u0105ce dane za pomoc\u0105 wywiad\u00f3w telefonicznych i w szczeg\u00f3lno\u015bci <span>call center<\/span>. W takim przypadku <span>wsparcie podczas wprowadzania danych<\/span> jest niezmiernie wa\u017cne, poniewa\u017c <span>redukuje czas, zapobiega powstawaniu<\/span> nieprecyzyjnych baz danych i <span>niepotrzebnych koszt\u00f3w<\/span>.<\/p>\n<p><img loading=\"lazy\" decoding=\"async\" class=\"alignnone wp-image-627 size-wps_child_large\" src=\"https:\/\/www.egon.com\/wp-content\/uploads\/2017\/07\/real-time-validation-data-entry-820x400.jpg\" alt=\"Real time validation during data entry\" width=\"820\" height=\"400\" \/><\/p>\n<h3>EGON DLA DATA ENTRY<\/h3>\n<p><span>Systemy data entry<\/span> \u00a0stosowane w call center musz\u0105 koniecznie wykonywa\u0107 dok\u0142adne i bardzo szybkie procedury kontroli danych wprowadzanych przez operator\u00f3w. Wszystkie dostarczane drog\u0105 telefoniczn\u0105 dane, wprowadzane w momencie ich otrzymania, musz\u0105 by\u0107 <span>natychmiastowo kontrolowane, w czasie rzeczywistym<\/span> i, w przypadku b\u0142\u0119d\u00f3w lub obecno\u015bci podw\u00f3jnych danych, system musi koniecznie poinformowa\u0107 o tym fakcie operatora.<\/p>\n<p>Dzi\u0119ki Egon, suite wprowadzanie danych, nawet je\u017celi wykonywane przez niewyspecjalizowany personel, przeistacza si\u0119 w bardzo szybk\u0105 operacj\u0119, o nieskazitelnej jako\u015bci. Nasze oprogramowanie jest w stanie pom\u00f3c wszystkim operacjom<span> wprowadzania danych osobowych i pocztowych<\/span>, przeistaczaj\u0105c prac\u0119 operatora w zaj\u0119cie wykonywane szybko i bezpiecznie oraz redukuj\u0105c w konsekwencji koszty zarz\u0105dzania call center.<\/p>\n<p>W rzeczy samej, ca\u0142y proces wpisywania i wprowadzania nowych u\u017cytkownik\u00f3w przez operator\u00f3w jest bardzo u\u0142atwiony dzi\u0119ki tak zwanemu <a href=\"https:\/\/www.egon.com\/pl\/ssposoby-uzytkowania\/on-line.html\"><span>wsparciu online<\/span><\/a>, kt\u00f3re zapewnia podczas wpisywania <span>automatyczn\u0105 asyst\u0119 w czasie rzeczywistym<\/span> za pomoc\u0105 \u00a0<a href=\"https:\/\/www.egon.com\/pl\/ssposoby-uzytkowania\/automatyczne-uzupelnianie.html\"><span>automatycznego uzupe\u0142niania<\/span><\/a> brakuj\u0105cych danych i podpowiadaniu mo\u017cliwych do wprowadzenia aktualnych danych.<\/p>\n<h3>ELASTYCZNO\u015a\u0106 NASZYCH ROZWI\u0104ZA\u0143 DLA DATA ENTRY<\/h3>\n<p>Przypominamy, \u017ce Egon jest bardzo \u0142atwy w instalacji, w formie dodatkowej wtyczki oraz integruje si\u0119 z dowolnym oprogramowaniem firmowym s\u0142u\u017c\u0105cym do zbierania danych.<\/p>\n<p>Nie istnieje wi\u0119c potrzeba ca\u0142kowitej wymiany waszych aplikacji data entry, gdy\u017c to my, za pomoc\u0105 niewielkich zmian technicznych stanowi\u0105cych nasze know how firmowe, udoskonalone i skonsolidowane z biegiem lat, <span><a href=\"https:\/\/www.egon.com\/pl\/ssposoby-uzytkowania\/integrowanie.html\">zintegrujemy Egon bezpo\u015brednio z dowoln\u0105 istniej\u0105c\u0105 ju\u017c platform\u0105<\/a>.<\/span><\/p>\n<h3>KORZY\u015aCI<\/h3>\n<p>Korzy\u015bci wynikaj\u0105ce ze stosowania naszej aplikacji s\u0105 liczne:<\/p>\n<ul>\n<li>Walidacja wprowadzanych danych w czasie rzeczywistym<\/li>\n<li>Wzrost wydajno\u015bci i szybko\u015bci proces\u00f3w<\/li>\n<li>Eliminacja nieprzyjemnego czasu oczekiwania podczas wykonywania telefon\u00f3w przez u\u017cytkownik\u00f3w<\/li>\n<li>Wprowadzanie informacji aktualnych ju\u017c w momencie ich wpisywania<\/li>\n<li>Znaczny wzrost zadowolenia ze strony u\u017cytkownik\u00f3w<\/li>\n<li>Elastyczna integracja z dowoln\u0105 architektur\u0105 istniej\u0105cego oprogramowania<\/li>\n<\/ul>\n<p>&nbsp;<\/p>\n","protected":false},"excerpt":{"rendered":"<p>Data entry \u00a0to czynno\u015b\u0107 wykonywana w wielu firmach, a dla niekt\u00f3rych z nich jest ono wr\u0119cz przedmiotem ich g\u0142\u00f3wnej dzia\u0142alno\u015bci, jak na [&hellip;]<\/p>\n","protected":false},"author":1,"featured_media":0,"parent":7698,"menu_order":0,"comment_status":"closed","ping_status":"closed","template":"","meta":{"footnotes":""},"class_list":["post-8164","page","type-page","status-publish","hentry"],"yoast_head":"<!-- This site is optimized with the Yoast SEO plugin v26.8 - https:\/\/yoast.com\/product\/yoast-seo-wordpress\/ -->\n<title>DATA ENTRY I POMOC PODCZAS WPROWADZANIA DANYCH W CALL CENTER - Egon<\/title>\n<meta name=\"robots\" content=\"index, follow, max-snippet:-1, max-image-preview:large, max-video-preview:-1\" \/>\n<link rel=\"canonical\" href=\"https:\/\/www.egon.com\/pl\/aplikacje\/data-entry\" \/>\n<meta property=\"og:locale\" content=\"pl_PL\" \/>\n<meta property=\"og:type\" content=\"article\" \/>\n<meta property=\"og:title\" content=\"DATA ENTRY I POMOC PODCZAS WPROWADZANIA DANYCH W CALL CENTER - Egon\" \/>\n<meta property=\"og:description\" content=\"Data entry \u00a0to czynno\u015b\u0107 wykonywana w wielu firmach, a dla niekt\u00f3rych z nich jest ono wr\u0119cz przedmiotem ich g\u0142\u00f3wnej dzia\u0142alno\u015bci, jak na [&hellip;]\" \/>\n<meta property=\"og:url\" content=\"https:\/\/www.egon.com\/pl\/aplikacje\/data-entry\" \/>\n<meta property=\"og:site_name\" content=\"Egon\" \/>\n<meta property=\"article:modified_time\" content=\"2017-10-20T12:31:31+00:00\" \/>\n<meta property=\"og:image\" content=\"https:\/\/www.egon.com\/wp-content\/uploads\/2017\/07\/real-time-validation-data-entry-820x400.jpg\" \/>\n<meta name=\"twitter:card\" content=\"summary_large_image\" \/>\n<meta name=\"twitter:label1\" content=\"Szacowany czas czytania\" \/>\n\t<meta name=\"twitter:data1\" content=\"2 minuty\" \/>\n<script type=\"application\/ld+json\" class=\"yoast-schema-graph\">{\"@context\":\"https:\/\/schema.org\",\"@graph\":[{\"@type\":\"WebPage\",\"@id\":\"https:\/\/www.egon.com\/pl\/aplikacje\/data-entry\",\"url\":\"https:\/\/www.egon.com\/pl\/aplikacje\/data-entry\",\"name\":\"DATA ENTRY I POMOC PODCZAS WPROWADZANIA DANYCH W CALL CENTER - Egon\",\"isPartOf\":{\"@id\":\"https:\/\/www.egon.com\/zh\/#website\"},\"primaryImageOfPage\":{\"@id\":\"https:\/\/www.egon.com\/pl\/aplikacje\/data-entry#primaryimage\"},\"image\":{\"@id\":\"https:\/\/www.egon.com\/pl\/aplikacje\/data-entry#primaryimage\"},\"thumbnailUrl\":\"https:\/\/www.egon.com\/wp-content\/uploads\/2017\/07\/real-time-validation-data-entry-820x400.jpg\",\"datePublished\":\"2017-09-19T13:40:07+00:00\",\"dateModified\":\"2017-10-20T12:31:31+00:00\",\"breadcrumb\":{\"@id\":\"https:\/\/www.egon.com\/pl\/aplikacje\/data-entry#breadcrumb\"},\"inLanguage\":\"pl-PL\",\"potentialAction\":[{\"@type\":\"ReadAction\",\"target\":[\"https:\/\/www.egon.com\/pl\/aplikacje\/data-entry\"]}]},{\"@type\":\"ImageObject\",\"inLanguage\":\"pl-PL\",\"@id\":\"https:\/\/www.egon.com\/pl\/aplikacje\/data-entry#primaryimage\",\"url\":\"https:\/\/www.egon.com\/wp-content\/uploads\/2017\/07\/real-time-validation-data-entry-820x400.jpg\",\"contentUrl\":\"https:\/\/www.egon.com\/wp-content\/uploads\/2017\/07\/real-time-validation-data-entry-820x400.jpg\"},{\"@type\":\"BreadcrumbList\",\"@id\":\"https:\/\/www.egon.com\/pl\/aplikacje\/data-entry#breadcrumb\",\"itemListElement\":[{\"@type\":\"ListItem\",\"position\":1,\"name\":\"Home\",\"item\":\"https:\/\/www.egon.com\/pl\"},{\"@type\":\"ListItem\",\"position\":2,\"name\":\"Applications\",\"item\":\"https:\/\/www.egon.com\/pl\/aplikacje\"},{\"@type\":\"ListItem\",\"position\":3,\"name\":\"DATA ENTRY I POMOC PODCZAS WPROWADZANIA DANYCH W CALL CENTER\"}]},{\"@type\":\"WebSite\",\"@id\":\"https:\/\/www.egon.com\/zh\/#website\",\"url\":\"https:\/\/www.egon.com\/zh\/\",\"name\":\"Egon\",\"description\":\"Normalizzazione indirizzi - Address validation - Egon.com\",\"potentialAction\":[{\"@type\":\"SearchAction\",\"target\":{\"@type\":\"EntryPoint\",\"urlTemplate\":\"https:\/\/www.egon.com\/zh\/?s={search_term_string}\"},\"query-input\":{\"@type\":\"PropertyValueSpecification\",\"valueRequired\":true,\"valueName\":\"search_term_string\"}}],\"inLanguage\":\"pl-PL\"}]}<\/script>\n<!-- \/ Yoast SEO plugin. -->","yoast_head_json":{"title":"DATA ENTRY I POMOC PODCZAS WPROWADZANIA DANYCH W CALL CENTER - Egon","robots":{"index":"index","follow":"follow","max-snippet":"max-snippet:-1","max-image-preview":"max-image-preview:large","max-video-preview":"max-video-preview:-1"},"canonical":"https:\/\/www.egon.com\/pl\/aplikacje\/data-entry","og_locale":"pl_PL","og_type":"article","og_title":"DATA ENTRY I POMOC PODCZAS WPROWADZANIA DANYCH W CALL CENTER - Egon","og_description":"Data entry \u00a0to czynno\u015b\u0107 wykonywana w wielu firmach, a dla niekt\u00f3rych z nich jest ono wr\u0119cz przedmiotem ich g\u0142\u00f3wnej dzia\u0142alno\u015bci, jak na [&hellip;]","og_url":"https:\/\/www.egon.com\/pl\/aplikacje\/data-entry","og_site_name":"Egon","article_modified_time":"2017-10-20T12:31:31+00:00","og_image":[{"url":"https:\/\/www.egon.com\/wp-content\/uploads\/2017\/07\/real-time-validation-data-entry-820x400.jpg","type":"","width":"","height":""}],"twitter_card":"summary_large_image","twitter_misc":{"Szacowany czas czytania":"2 minuty"},"schema":{"@context":"https:\/\/schema.org","@graph":[{"@type":"WebPage","@id":"https:\/\/www.egon.com\/pl\/aplikacje\/data-entry","url":"https:\/\/www.egon.com\/pl\/aplikacje\/data-entry","name":"DATA ENTRY I POMOC PODCZAS WPROWADZANIA DANYCH W CALL CENTER - Egon","isPartOf":{"@id":"https:\/\/www.egon.com\/zh\/#website"},"primaryImageOfPage":{"@id":"https:\/\/www.egon.com\/pl\/aplikacje\/data-entry#primaryimage"},"image":{"@id":"https:\/\/www.egon.com\/pl\/aplikacje\/data-entry#primaryimage"},"thumbnailUrl":"https:\/\/www.egon.com\/wp-content\/uploads\/2017\/07\/real-time-validation-data-entry-820x400.jpg","datePublished":"2017-09-19T13:40:07+00:00","dateModified":"2017-10-20T12:31:31+00:00","breadcrumb":{"@id":"https:\/\/www.egon.com\/pl\/aplikacje\/data-entry#breadcrumb"},"inLanguage":"pl-PL","potentialAction":[{"@type":"ReadAction","target":["https:\/\/www.egon.com\/pl\/aplikacje\/data-entry"]}]},{"@type":"ImageObject","inLanguage":"pl-PL","@id":"https:\/\/www.egon.com\/pl\/aplikacje\/data-entry#primaryimage","url":"https:\/\/www.egon.com\/wp-content\/uploads\/2017\/07\/real-time-validation-data-entry-820x400.jpg","contentUrl":"https:\/\/www.egon.com\/wp-content\/uploads\/2017\/07\/real-time-validation-data-entry-820x400.jpg"},{"@type":"BreadcrumbList","@id":"https:\/\/www.egon.com\/pl\/aplikacje\/data-entry#breadcrumb","itemListElement":[{"@type":"ListItem","position":1,"name":"Home","item":"https:\/\/www.egon.com\/pl"},{"@type":"ListItem","position":2,"name":"Applications","item":"https:\/\/www.egon.com\/pl\/aplikacje"},{"@type":"ListItem","position":3,"name":"DATA ENTRY I POMOC PODCZAS WPROWADZANIA DANYCH W CALL CENTER"}]},{"@type":"WebSite","@id":"https:\/\/www.egon.com\/zh\/#website","url":"https:\/\/www.egon.com\/zh\/","name":"Egon","description":"Normalizzazione indirizzi - Address validation - Egon.com","potentialAction":[{"@type":"SearchAction","target":{"@type":"EntryPoint","urlTemplate":"https:\/\/www.egon.com\/zh\/?s={search_term_string}"},"query-input":{"@type":"PropertyValueSpecification","valueRequired":true,"valueName":"search_term_string"}}],"inLanguage":"pl-PL"}]}},"_links":{"self":[{"href":"https:\/\/www.egon.com\/pl\/wp-json\/wp\/v2\/pages\/8164","targetHints":{"allow":["GET"]}}],"collection":[{"href":"https:\/\/www.egon.com\/pl\/wp-json\/wp\/v2\/pages"}],"about":[{"href":"https:\/\/www.egon.com\/pl\/wp-json\/wp\/v2\/types\/page"}],"author":[{"embeddable":true,"href":"https:\/\/www.egon.com\/pl\/wp-json\/wp\/v2\/users\/1"}],"replies":[{"embeddable":true,"href":"https:\/\/www.egon.com\/pl\/wp-json\/wp\/v2\/comments?post=8164"}],"version-history":[{"count":0,"href":"https:\/\/www.egon.com\/pl\/wp-json\/wp\/v2\/pages\/8164\/revisions"}],"up":[{"embeddable":true,"href":"https:\/\/www.egon.com\/pl\/wp-json\/wp\/v2\/pages\/7698"}],"wp:attachment":[{"href":"https:\/\/www.egon.com\/pl\/wp-json\/wp\/v2\/media?parent=8164"}],"curies":[{"name":"wp","href":"https:\/\/api.w.org\/{rel}","templated":true}]}}