{"id":8135,"date":"2017-09-19T13:29:47","date_gmt":"2017-09-19T13:29:47","guid":{"rendered":"https:\/\/egon.com\/?page_id=8135"},"modified":"2017-10-20T10:11:37","modified_gmt":"2017-10-20T10:11:37","slug":"data-warehouse","status":"publish","type":"page","link":"https:\/\/www.egon.com\/pl\/aplikacje\/data-warehouse","title":{"rendered":"Data warehouse: od danych do informacji"},"content":{"rendered":"<p>Wiele firm posiada zr\u00f3\u017cnicowane dane dotycz\u0105ce klient\u00f3w, poumieszczanych w r\u00f3\u017cnych bazach danych, czasami nawet u\u017cywanymi przez osobne, niekomunikuj\u0105ce si\u0119 mi\u0119dzy sob\u0105 aplikacje. Transformacja o 360\u00b0 tych danych oznacza ich dog\u0142\u0119bn\u0105 analiz\u0119 w celu odnalezienia istniej\u0105cych powi\u0105za\u0144 oraz ich zintegrowaniu w przypadku, gdy dotycz\u0105 tego samego klienta.<\/p>\n<p><img loading=\"lazy\" decoding=\"async\" class=\"alignnone wp-image-622 size-wps_child_large\" src=\"https:\/\/www.egon.com\/wp-content\/uploads\/2017\/07\/data-warehouse-quality-validation-820x400.jpg\" alt=\"Data quality for data warehouse\" width=\"820\" height=\"400\" \/><\/p>\n<p>M\u00f3wimy tu o <span>jednostce jednolitej<\/span> lub o <span>jednolitym widoku<\/span> <span>(Single view of customer)<\/span> maj\u0105c na my\u015bli <span>po\u0142\u0105czenie w jednym archiwum master<\/span> przeanalizowanych danych, pobranych z przer\u00f3\u017cnych \u017ar\u00f3de\u0142 i niesp\u00f3jnych mi\u0119dzy sob\u0105. \u00a0Uzyskanie <span>kompletnego i zintegrowanego widoku ka\u017cdego klienta<\/span> umo\u017cliwia \u0142atwiejsze zrozumienie typologii post\u0119powania tego klienta, jego zainteresowa\u0144 w przesz\u0142o\u015bci oraz ich zmian\u0119 wraz z up\u0142ywem czasu, przynosz\u0105c niew\u0105tpliwe korzy\u015bci w profilowaniu przysz\u0142ych akcji marketingowych.<\/p>\n<h3>\u00a0NAJWA\u017bNIEJSZE KORZY\u015aCI P\u0141YN\u0104CE Z DATA WAREHOUSE:<\/h3>\n<ul>\n<li>To niezawodne narz\u0119dzie umo\u017cliwiaj\u0105ce <span>podejmowanie decyzji<\/span> w ka\u017cdym z obszar\u00f3w firmy, dostarczaj\u0105ce zintegrowane informacje.<\/li>\n<li>U\u0142atwia przeprowadzanie <span>statystyk i analiz<\/span> maj\u0105cych na celu odkrycie niewidocznych uprzednio relacji.<\/li>\n<li>Usprawnia analiz\u0119 niedogodnych sytuacji z przesz\u0142o\u015bci i, w konsekwencji, zapobieganie im <span>oraz analiz\u0119 strategii dla przysz\u0142ych scenariuszy<\/span>.<\/li>\n<li>U\u0142atwia ca\u0142ej firmie \u00a0implementacj\u0119 <span>system\u00f3w zintegrowanego zarz\u0105dzania relacjami z klientem<\/span>.<\/li>\n<li>Usprawnia tworzenie <span>szczeg\u00f3\u0142owych raport\u00f3w<\/span>.<\/li>\n<\/ul>\n<h3>MIGRACJA DO NOWYCH SYSTEM\u00d3W<\/h3>\n<p>Utworzenie <span>archiw\u00f3w zawieraj\u0105cych jednolite i sp\u00f3jne dane<\/span> u\u0142atwia niesamowicie <span>migracj\u0119 do \u201cnowych system\u00f3w\u201d<\/span> b\u0119d\u0105cej krytycznym punktem ka\u017cdej firmy, kt\u00f3ra jest zmuszona wymieni\u0107 swoje programy i aplikacje zarz\u0105dzaj\u0105ce. \u00a0Przy zastosowaniu dynamicznych narz\u0119dzi pobierania, kontroli, opracowywania i konwersji informacji mo\u017cemy nie tylko wykona\u0107 przej\u015bcie bez utraty danych, lecz r\u00f3wnie\u017c wykorzysta\u0107 moment migracji do oczyszczenia i normalizacji posiadanych danych, integruj\u0105c ewentualne podw\u00f3jne informacje dotycz\u0105ce tej samej jednostki.<\/p>\n<p>Zawierzaj\u0105c oprogramowaniu <span>Egon<\/span> \u00a0wykonasz w spos\u00f3b pewny i \u0142atwy wszystkie te operacje, a <span>konserwacja twojego data house stanie si\u0119 nagle niesamowicie prosta i bezpieczna<\/span>.<\/p>\n<p>&nbsp;<\/p>\n","protected":false},"excerpt":{"rendered":"<p>Wiele firm posiada zr\u00f3\u017cnicowane dane dotycz\u0105ce klient\u00f3w, poumieszczanych w r\u00f3\u017cnych bazach danych, czasami nawet u\u017cywanymi przez osobne, niekomunikuj\u0105ce si\u0119 mi\u0119dzy sob\u0105 aplikacje. [&hellip;]<\/p>\n","protected":false},"author":1,"featured_media":0,"parent":7698,"menu_order":0,"comment_status":"closed","ping_status":"closed","template":"","meta":{"footnotes":""},"class_list":["post-8135","page","type-page","status-publish","hentry"],"yoast_head":"<!-- This site is optimized with the Yoast SEO plugin v26.8 - https:\/\/yoast.com\/product\/yoast-seo-wordpress\/ -->\n<title>Data warehouse: migracje i integracje danych w jednym klikni\u0119ciu!<\/title>\n<meta name=\"description\" content=\"Egon upraszcza integracj\u0119 danych pochodz\u0105cych z r\u00f3\u017cnych \u017ar\u00f3de\u0142 oraz migracj\u0119 do nowych system\u00f3w, dzi\u0119ki swojemu systemowi data quality wspieraj\u0105cego tw\u00f3j data warehouse.\" \/>\n<meta name=\"robots\" content=\"index, follow, max-snippet:-1, max-image-preview:large, max-video-preview:-1\" \/>\n<link rel=\"canonical\" href=\"https:\/\/www.egon.com\/pl\/aplikacje\/data-warehouse\" \/>\n<meta property=\"og:locale\" content=\"pl_PL\" \/>\n<meta property=\"og:type\" content=\"article\" \/>\n<meta property=\"og:title\" content=\"Data warehouse: migracje i integracje danych w jednym klikni\u0119ciu!\" \/>\n<meta property=\"og:description\" content=\"Egon upraszcza integracj\u0119 danych pochodz\u0105cych z r\u00f3\u017cnych \u017ar\u00f3de\u0142 oraz migracj\u0119 do nowych system\u00f3w, dzi\u0119ki swojemu systemowi data quality wspieraj\u0105cego tw\u00f3j data warehouse.\" \/>\n<meta property=\"og:url\" content=\"https:\/\/www.egon.com\/pl\/aplikacje\/data-warehouse\" \/>\n<meta property=\"og:site_name\" content=\"Egon\" \/>\n<meta property=\"article:modified_time\" content=\"2017-10-20T10:11:37+00:00\" \/>\n<meta property=\"og:image\" content=\"https:\/\/www.egon.com\/wp-content\/uploads\/2017\/07\/data-warehouse-quality-validation-820x400.jpg\" \/>\n<meta name=\"twitter:card\" content=\"summary_large_image\" \/>\n<meta name=\"twitter:label1\" content=\"Szacowany czas czytania\" \/>\n\t<meta name=\"twitter:data1\" content=\"2 minuty\" \/>\n<script type=\"application\/ld+json\" class=\"yoast-schema-graph\">{\"@context\":\"https:\/\/schema.org\",\"@graph\":[{\"@type\":\"WebPage\",\"@id\":\"https:\/\/www.egon.com\/pl\/aplikacje\/data-warehouse\",\"url\":\"https:\/\/www.egon.com\/pl\/aplikacje\/data-warehouse\",\"name\":\"Data warehouse: migracje i integracje danych w jednym klikni\u0119ciu!\",\"isPartOf\":{\"@id\":\"https:\/\/www.egon.com\/zh\/#website\"},\"primaryImageOfPage\":{\"@id\":\"https:\/\/www.egon.com\/pl\/aplikacje\/data-warehouse#primaryimage\"},\"image\":{\"@id\":\"https:\/\/www.egon.com\/pl\/aplikacje\/data-warehouse#primaryimage\"},\"thumbnailUrl\":\"https:\/\/www.egon.com\/wp-content\/uploads\/2017\/07\/data-warehouse-quality-validation-820x400.jpg\",\"datePublished\":\"2017-09-19T13:29:47+00:00\",\"dateModified\":\"2017-10-20T10:11:37+00:00\",\"description\":\"Egon upraszcza integracj\u0119 danych pochodz\u0105cych z r\u00f3\u017cnych \u017ar\u00f3de\u0142 oraz migracj\u0119 do nowych system\u00f3w, dzi\u0119ki swojemu systemowi data quality wspieraj\u0105cego tw\u00f3j data warehouse.\",\"breadcrumb\":{\"@id\":\"https:\/\/www.egon.com\/pl\/aplikacje\/data-warehouse#breadcrumb\"},\"inLanguage\":\"pl-PL\",\"potentialAction\":[{\"@type\":\"ReadAction\",\"target\":[\"https:\/\/www.egon.com\/pl\/aplikacje\/data-warehouse\"]}]},{\"@type\":\"ImageObject\",\"inLanguage\":\"pl-PL\",\"@id\":\"https:\/\/www.egon.com\/pl\/aplikacje\/data-warehouse#primaryimage\",\"url\":\"https:\/\/www.egon.com\/wp-content\/uploads\/2017\/07\/data-warehouse-quality-validation-820x400.jpg\",\"contentUrl\":\"https:\/\/www.egon.com\/wp-content\/uploads\/2017\/07\/data-warehouse-quality-validation-820x400.jpg\"},{\"@type\":\"BreadcrumbList\",\"@id\":\"https:\/\/www.egon.com\/pl\/aplikacje\/data-warehouse#breadcrumb\",\"itemListElement\":[{\"@type\":\"ListItem\",\"position\":1,\"name\":\"Home\",\"item\":\"https:\/\/www.egon.com\/pl\"},{\"@type\":\"ListItem\",\"position\":2,\"name\":\"Applications\",\"item\":\"https:\/\/www.egon.com\/pl\/aplikacje\"},{\"@type\":\"ListItem\",\"position\":3,\"name\":\"Data warehouse: od danych do informacji\"}]},{\"@type\":\"WebSite\",\"@id\":\"https:\/\/www.egon.com\/zh\/#website\",\"url\":\"https:\/\/www.egon.com\/zh\/\",\"name\":\"Egon\",\"description\":\"Normalizzazione indirizzi - Address validation - Egon.com\",\"potentialAction\":[{\"@type\":\"SearchAction\",\"target\":{\"@type\":\"EntryPoint\",\"urlTemplate\":\"https:\/\/www.egon.com\/zh\/?s={search_term_string}\"},\"query-input\":{\"@type\":\"PropertyValueSpecification\",\"valueRequired\":true,\"valueName\":\"search_term_string\"}}],\"inLanguage\":\"pl-PL\"}]}<\/script>\n<!-- \/ Yoast SEO plugin. -->","yoast_head_json":{"title":"Data warehouse: migracje i integracje danych w jednym klikni\u0119ciu!","description":"Egon upraszcza integracj\u0119 danych pochodz\u0105cych z r\u00f3\u017cnych \u017ar\u00f3de\u0142 oraz migracj\u0119 do nowych system\u00f3w, dzi\u0119ki swojemu systemowi data quality wspieraj\u0105cego tw\u00f3j data warehouse.","robots":{"index":"index","follow":"follow","max-snippet":"max-snippet:-1","max-image-preview":"max-image-preview:large","max-video-preview":"max-video-preview:-1"},"canonical":"https:\/\/www.egon.com\/pl\/aplikacje\/data-warehouse","og_locale":"pl_PL","og_type":"article","og_title":"Data warehouse: migracje i integracje danych w jednym klikni\u0119ciu!","og_description":"Egon upraszcza integracj\u0119 danych pochodz\u0105cych z r\u00f3\u017cnych \u017ar\u00f3de\u0142 oraz migracj\u0119 do nowych system\u00f3w, dzi\u0119ki swojemu systemowi data quality wspieraj\u0105cego tw\u00f3j data warehouse.","og_url":"https:\/\/www.egon.com\/pl\/aplikacje\/data-warehouse","og_site_name":"Egon","article_modified_time":"2017-10-20T10:11:37+00:00","og_image":[{"url":"https:\/\/www.egon.com\/wp-content\/uploads\/2017\/07\/data-warehouse-quality-validation-820x400.jpg","type":"","width":"","height":""}],"twitter_card":"summary_large_image","twitter_misc":{"Szacowany czas czytania":"2 minuty"},"schema":{"@context":"https:\/\/schema.org","@graph":[{"@type":"WebPage","@id":"https:\/\/www.egon.com\/pl\/aplikacje\/data-warehouse","url":"https:\/\/www.egon.com\/pl\/aplikacje\/data-warehouse","name":"Data warehouse: migracje i integracje danych w jednym klikni\u0119ciu!","isPartOf":{"@id":"https:\/\/www.egon.com\/zh\/#website"},"primaryImageOfPage":{"@id":"https:\/\/www.egon.com\/pl\/aplikacje\/data-warehouse#primaryimage"},"image":{"@id":"https:\/\/www.egon.com\/pl\/aplikacje\/data-warehouse#primaryimage"},"thumbnailUrl":"https:\/\/www.egon.com\/wp-content\/uploads\/2017\/07\/data-warehouse-quality-validation-820x400.jpg","datePublished":"2017-09-19T13:29:47+00:00","dateModified":"2017-10-20T10:11:37+00:00","description":"Egon upraszcza integracj\u0119 danych pochodz\u0105cych z r\u00f3\u017cnych \u017ar\u00f3de\u0142 oraz migracj\u0119 do nowych system\u00f3w, dzi\u0119ki swojemu systemowi data quality wspieraj\u0105cego tw\u00f3j data warehouse.","breadcrumb":{"@id":"https:\/\/www.egon.com\/pl\/aplikacje\/data-warehouse#breadcrumb"},"inLanguage":"pl-PL","potentialAction":[{"@type":"ReadAction","target":["https:\/\/www.egon.com\/pl\/aplikacje\/data-warehouse"]}]},{"@type":"ImageObject","inLanguage":"pl-PL","@id":"https:\/\/www.egon.com\/pl\/aplikacje\/data-warehouse#primaryimage","url":"https:\/\/www.egon.com\/wp-content\/uploads\/2017\/07\/data-warehouse-quality-validation-820x400.jpg","contentUrl":"https:\/\/www.egon.com\/wp-content\/uploads\/2017\/07\/data-warehouse-quality-validation-820x400.jpg"},{"@type":"BreadcrumbList","@id":"https:\/\/www.egon.com\/pl\/aplikacje\/data-warehouse#breadcrumb","itemListElement":[{"@type":"ListItem","position":1,"name":"Home","item":"https:\/\/www.egon.com\/pl"},{"@type":"ListItem","position":2,"name":"Applications","item":"https:\/\/www.egon.com\/pl\/aplikacje"},{"@type":"ListItem","position":3,"name":"Data warehouse: od danych do informacji"}]},{"@type":"WebSite","@id":"https:\/\/www.egon.com\/zh\/#website","url":"https:\/\/www.egon.com\/zh\/","name":"Egon","description":"Normalizzazione indirizzi - Address validation - Egon.com","potentialAction":[{"@type":"SearchAction","target":{"@type":"EntryPoint","urlTemplate":"https:\/\/www.egon.com\/zh\/?s={search_term_string}"},"query-input":{"@type":"PropertyValueSpecification","valueRequired":true,"valueName":"search_term_string"}}],"inLanguage":"pl-PL"}]}},"_links":{"self":[{"href":"https:\/\/www.egon.com\/pl\/wp-json\/wp\/v2\/pages\/8135","targetHints":{"allow":["GET"]}}],"collection":[{"href":"https:\/\/www.egon.com\/pl\/wp-json\/wp\/v2\/pages"}],"about":[{"href":"https:\/\/www.egon.com\/pl\/wp-json\/wp\/v2\/types\/page"}],"author":[{"embeddable":true,"href":"https:\/\/www.egon.com\/pl\/wp-json\/wp\/v2\/users\/1"}],"replies":[{"embeddable":true,"href":"https:\/\/www.egon.com\/pl\/wp-json\/wp\/v2\/comments?post=8135"}],"version-history":[{"count":0,"href":"https:\/\/www.egon.com\/pl\/wp-json\/wp\/v2\/pages\/8135\/revisions"}],"up":[{"embeddable":true,"href":"https:\/\/www.egon.com\/pl\/wp-json\/wp\/v2\/pages\/7698"}],"wp:attachment":[{"href":"https:\/\/www.egon.com\/pl\/wp-json\/wp\/v2\/media?parent=8135"}],"curies":[{"name":"wp","href":"https:\/\/api.w.org\/{rel}","templated":true}]}}