{"id":8096,"date":"2017-09-19T13:05:50","date_gmt":"2017-09-19T13:05:50","guid":{"rendered":"https:\/\/egon.com\/?page_id=8096"},"modified":"2021-02-15T11:28:41","modified_gmt":"2021-02-15T11:28:41","slug":"normalizacja-danych-osobowych","status":"publish","type":"page","link":"https:\/\/www.egon.com\/pl\/rozwiazania\/normalizacja-danych-osobowych","title":{"rendered":"Normalizacja danych osobowych"},"content":{"rendered":"[vc_row row_h_align=&#8221;grid&#8211;center&#8221; wrapper=&#8221;true&#8221; holder_class=&#8221;u-section-hero-four u-overlapped-hero-padding&#8221; holder_set_margin=&#8221;true&#8221; holder_margin=&#8221;u-margin-bottom-large&#8221;][vc_column row_width=&#8221;_desktop-9&#8243;]<div class=\"c-heading\"><h1 class=\" u-h1 u-text-bolder u-margin-bottom u-text-center\">Normalizacja danych osobowych<\/h1><\/div>[vc_column_text txt_align=&#8221;u-text-center&#8221; set_margin=&#8221;true&#8221; margin=&#8221;u-margin-bottom-large&#8221;]Informacje osobowe\u00a0stanowi\u0105 strategiczny aspekt dla wielu struktur zajmuj\u0105cych si\u0119 codziennie Bezpo\u015brednim Marketingiem, dla bank\u00f3w, firm ubezpieczeniowych oraz dla urz\u0119d\u00f3w Administracji Publicznej.[\/vc_column_text][\/vc_column][\/vc_row][vc_row wrapper=&#8221;true&#8221; holder_set_margin=&#8221;true&#8221; holder_margin=&#8221;u-margin-bottom&#8221;][vc_column]<div class=\"c-heading\"><h3 class=\" u-text-bolder\">ROZWI\u0104ZANIE EGON DLA DANYCH OSOBOWYCH<\/h3><\/div>[\/vc_column][vc_column width=&#8221;1\/3&#8243; set_margin_inner=&#8221;true&#8221; margin_inner=&#8221;u-margin-bottom&#8221;]<div class=\"c-image\"><img loading=\"lazy\" decoding=\"async\" width=\"400\" height=\"279\" src=\"https:\/\/www.egon.com\/wp-content\/uploads\/2017\/09\/normalizacja-danych-osobowych-400x279.jpg\" class=\" alignone\" alt=\"Normalizacja danych osobowych\" srcset=\"https:\/\/www.egon.com\/wp-content\/uploads\/2017\/09\/normalizacja-danych-osobowych-400x279.jpg 400w, https:\/\/www.egon.com\/wp-content\/uploads\/2017\/09\/normalizacja-danych-osobowych-768x536.jpg 768w, https:\/\/www.egon.com\/wp-content\/uploads\/2017\/09\/normalizacja-danych-osobowych-1024x715.jpg 1024w, https:\/\/www.egon.com\/wp-content\/uploads\/2017\/09\/normalizacja-danych-osobowych.jpg 1547w\" sizes=\"auto, (max-width: 400px) 100vw, 400px\" \/><\/div>[\/vc_column][vc_column width=&#8221;2\/3&#8243;][vc_column_text]Wydajno\u015b\u0107 informacji uzyskanych z danych zebranych, zarchiwizowanych oraz opracowanych w celu ich wykorzystania w najprzer\u00f3\u017cniejszych dziedzinach, zale\u017cy od\u00a0<a href=\"https:\/\/www.egon.com\/pl\/\">jako\u015bci zebranych danych.<\/a><\/p>\n<p>Nie zawsze jednak stosujemy narz\u0119dzia odpowiednie dla zbierania i zarz\u0105dzania informatycznego tymi danymi, z sukcesywnym narastaniem trudno\u015bci operator\u00f3w, kt\u00f3rzy musz\u0105 si\u0119 nimi pos\u0142ugiwa\u0107 w celach administracyjnych lub biznesowych.<\/p>\n<p>Lata studi\u00f3w i nasze bezpo\u015brednie do\u015bwiadczenie w tym sektorze umo\u017cliwi\u0142y nam stworzenie niezawodnej aplikacji,\u00a0<a href=\"https:\/\/www.egon.com\/pl\/\">EGON<\/a>, z kt\u00f3rej jeste\u015bmy szczeg\u00f3lnie dumni, ze wzgl\u0119du na jej wszechstronno\u015b\u0107 zastosowania oraz godn\u0105 pozazdroszczenia precyzj\u0119 ( i b\u0119d\u0105c\u0105 przedmiotem zazdro\u015bci\u2026).[\/vc_column_text][\/vc_column][\/vc_row][vc_row wrapper=&#8221;true&#8221;][vc_column]<div class=\" c-divider c-divider--dashed u-margin-bottom-large\"\/><\/div>[\/vc_column][\/vc_row][vc_row wrapper=&#8221;true&#8221; wrapper_class=&#8221;o-wrapper&#8211;slim&#8221; holder_set_margin=&#8221;true&#8221; holder_margin=&#8221;u-margin-bottom&#8221;][vc_column]<div class=\"c-heading\"><h3 class=\" u-text-bolder\">Egon stanowi obecnie jeden z g\u0142\u00f3wnych punkt\u00f3w odniesienia na poziomie pakiet\u00f3w oprogramowania obecnych na rynku mi\u0119dzynarodowym i s\u0142u\u017c\u0105cym do normalizacji danych osobowych r\u00f3\u017cnego typu:<\/h3><\/div>[\/vc_column][vc_column width=&#8221;1\/2&#8243;]<div class=\" c-list c-list--color-one\"><ul>\n<li><i class=\"c-list__icon fal fa-check-circle\"><\/i>Imi\u0119 i nazwisko<\/li>\n<li><i class=\"c-list__icon fal fa-check-circle\"><\/i>Data urodzenia<\/li>\n<li><i class=\"c-list__icon fal fa-check-circle\"><\/i>Tytu\u0142y<\/li>\n<li><i class=\"c-list__icon fal fa-check-circle\"><\/i>Specyfikacja prawna<\/li>\n<li><i class=\"c-list__icon fal fa-check-circle\"><\/i>Telefony<\/li>\n<li><i class=\"c-list__icon fal fa-check-circle\"><\/i>Email<\/li>\n<\/ul>\n<\/div>[\/vc_column][vc_column width=&#8221;1\/2&#8243;]<div class=\" c-list c-list--color-one\"><ul>\n<li><i class=\"c-list__icon fal fa-check-circle\"><\/i>Kody osobowe\u00a0\u00a0(numer NIP, numer VAT, itd.)<\/li>\n<li><i class=\"c-list__icon fal fa-check-circle\"><\/i>Dane pocztowe<\/li>\n<li><i class=\"c-list__icon fal fa-check-circle\"><\/i>Kod pocztowy<\/li>\n<li><i class=\"c-list__icon fal fa-check-circle\"><\/i>Postcode<\/li>\n<li><i class=\"c-list__icon fal fa-check-circle\"><\/i>Nazwy obce<\/li>\n<li><i class=\"c-list__icon fal fa-check-circle\"><\/i>Dokumenty to\u017csamo\u015bci<\/li>\n<\/ul>\n<\/div>[\/vc_column][\/vc_row][vc_row][vc_column]<div class=\"templatera_shortcode\"><div class=\"o-holder u-background-ca-one u-padding-vertical-large\"><div class=\" o-wrapper\"><div class=\"grid-1\"><div class=\"col _lap-and-up-12\" ><div class=\"c-heading\"><h3 class=\" u-text-color-invert u-text-center\">ODKRYJ JAK NASZE ZARZ\u0104DZAJ\u0104CE DANYMI OPROGRAMOWANIE MO\u017bE POM\u00d3C CI ROZWIN\u0104\u0106 TWOJ\u0104 FIRM\u0118!<\/h3><\/div><div class=\"c-button-holder c-button-holder--center\"><a class=\"c-button u-text-bold c-button--center c-button--white  c-button--ghost\" href=\"https:\/\/www.egon.com\/company\/contact-us\">SKONTAKTUJ SI\u0118 Z NAMI<\/a><\/div><\/div>\n<\/div><\/div><\/div>\r\n<\/div>[\/vc_column][\/vc_row][vc_row wrapper=&#8221;true&#8221;][vc_column]<div class=\" c-divider c-divider--dashed u-margin-bottom-large\"\/><\/div>[\/vc_column][\/vc_row][vc_row wrapper=&#8221;true&#8221;][vc_column]<div class=\"c-heading\"><h3 class=\" u-text-bolder\">CO ROZUMIEMY PRZEZ NORMALIZACJ\u0118 DANYCH OSOBOWYCH?<\/h3><\/div>[vc_column_text]Normalizacja danych osobowych\u00a0 oznacza przede wszystkim za\u0142adowanie danych osobowych dowolnego typu, dotycz\u0105cych zar\u00f3wno os\u00f3b fizycznych jak i podmiot\u00f3w prawnych, ich analiz\u0119 i przeistoczenie w standardow\u0105,\u00a0poprawn\u0105 i jednoznaczn\u0105 form\u0119.<\/p>\n<p>Interwencje te, je\u015bli wykonywane \u201cr\u0119cznie\u201d i bez kontroli ze strony operator\u00f3w \u00a0\u00a0data entry, powoduj\u0105 ogromny wzrost koszt\u00f3w, poniewa\u017c czas potrzebny na optymalne wykonanie zadania znacznie wzrasta. Natomiast Egon jest w stanie przeszukiwa\u0107 archiwa i pracowa\u0107 w spos\u00f3b ca\u0142kowicie automatyczny.[\/vc_column_text]<div class=\"c-heading\"><h3 class=\" u-text-bolder\">OD PRODUKTU DO OSOBY<\/h3><\/div>[vc_column_text]Poprawna\u00a0identyfikacja os\u00f3b, z konsekwentnym\u00a0utworzeniem profilu\u00a0poprzez skrzy\u017cowanie danych pochodz\u0105cych z r\u00f3\u017cnych \u017ar\u00f3de\u0142, umo\u017cliwia natychmiastowe opracowanie cech klienta na podstawie jego charakterystyk.<\/p>\n<p>Zar\u00f3wno w dziedzinie marketingu, jak i komunikacji oraz social activity, z biegiem lat centrum uwagi przenios\u0142o si\u0119\u00a0z produktu na osob\u0119.<\/p>\n<p>Dzisiejszy marketing nie d\u0105\u017cy ju\u017c do przekonania niezr\u00f3\u017cnicowanej masy konsument\u00f3w o zaletach lub seksapilu sprzedawanego produktu, lecz do nawi\u0105zania z ka\u017cd\u0105 pojedyncz\u0105, potencjalnie zainteresowan\u0105, osob\u0105 oraz z pozyskanymi klientami raportu opieraj\u0105cego si\u0119 na obop\u00f3lnym zaufaniu.\u00a0 Dlatego te\u017c, normalizacja danych osobowych pochodz\u0105cych z r\u00f3\u017cnych archiw\u00f3w, ich skrzy\u017cowanie oraz \u00a0 eliminacja podw\u00f3jnych danych, umo\u017cliwia naprawd\u0119 dog\u0142\u0119bne poznanie danej osoby i, w konsekwencji, zaprogramowanie odpowiednio sfinalizowanych kampanii marketingowych.[\/vc_column_text]<div class=\"c-heading\"><h3 class=\" u-text-bolder\">DOST\u0118PNE DZIEDZINY I SPOSOBY ZASTOSOWANIA<\/h3><\/div>[vc_column_text]Egon\u00a0 to niezast\u0105pione narz\u0119dzie dla wielu dziedzin, takich jak\u00a0\u00a0CRM, spedycje, zarz\u0105dzanie firm\u0105, wysy\u0142ki pocztowe\u00a0 itd. Nasze rozwi\u0105zania zawieraj\u0105 narz\u0119dzia b\u0119d\u0105ce w stanie za\u0142adowa\u0107 ca\u0142e archiwa firmowe i wykona\u0107 ich normalizacj\u0119 (<a href=\"https:\/\/www.egon.com\/pl\/ssposoby-uzytkowania\/batch.html\">systemy batch lub masowe<\/a>), a tak\u017ce interaktywne narz\u0119dzia,\u00a0<a href=\"https:\/\/www.egon.com\/pl\/ssposoby-uzytkowania\/on-line.html\">\u00a0on line<\/a>. W drugim przypadku Egon jest integrowany z firmow\u0105 aplikacj\u0105 dowolnego typu i wspiera u\u017cytkownika w procesie wprowadzania danych, poprawiaj\u0105c w czasie rzeczywistym wpisywane informacje oraz informuj\u0105c o ewentualnych duplikatach.[\/vc_column_text][\/vc_column][\/vc_row]\n","protected":false},"excerpt":{"rendered":"ODKRYJ JAK NASZE ZARZ\u0104DZAJ\u0104CE DANYMI OPROGRAMOWANIE MO\u017bE POM\u00d3C CI ROZWIN\u0104\u0106 TWOJ\u0104 FIRM\u0118!SKONTAKTUJ SI\u0118 Z NAMI","protected":false},"author":1,"featured_media":0,"parent":8041,"menu_order":0,"comment_status":"closed","ping_status":"closed","template":"templates\/template-fullwidth.php","meta":{"footnotes":""},"class_list":["post-8096","page","type-page","status-publish","hentry"],"yoast_head":"<!-- This site is optimized with the Yoast SEO plugin v26.8 - https:\/\/yoast.com\/product\/yoast-seo-wordpress\/ -->\n<title>Normalizacja danych osobowych przy u\u017cyciu oprogramowania Egon.<\/title>\n<meta name=\"description\" content=\"Egon to pakiet oprogramowania zarz\u0105dzaj\u0105cy normalizacj\u0105 mi\u0119dzynarodowych danych osobowych (nazwy, kody, tytu\u0142y, numery telefon\u00f3w, itp.) oraz przeistaczaj\u0105cy je w poprawn\u0105, og\u00f3lnie zaakceptowan\u0105 form\u0119.\" \/>\n<meta name=\"robots\" content=\"index, follow, max-snippet:-1, max-image-preview:large, max-video-preview:-1\" \/>\n<link rel=\"canonical\" href=\"https:\/\/www.egon.com\/pl\/rozwiazania\/normalizacja-danych-osobowych\" \/>\n<meta property=\"og:locale\" content=\"pl_PL\" \/>\n<meta property=\"og:type\" content=\"article\" \/>\n<meta property=\"og:title\" content=\"Normalizacja danych osobowych przy u\u017cyciu oprogramowania Egon.\" \/>\n<meta property=\"og:description\" content=\"Egon to pakiet oprogramowania zarz\u0105dzaj\u0105cy normalizacj\u0105 mi\u0119dzynarodowych danych osobowych (nazwy, kody, tytu\u0142y, numery telefon\u00f3w, itp.) oraz przeistaczaj\u0105cy je w poprawn\u0105, og\u00f3lnie zaakceptowan\u0105 form\u0119.\" \/>\n<meta property=\"og:url\" content=\"https:\/\/www.egon.com\/pl\/rozwiazania\/normalizacja-danych-osobowych\" \/>\n<meta property=\"og:site_name\" content=\"Egon\" \/>\n<meta property=\"article:modified_time\" content=\"2021-02-15T11:28:41+00:00\" \/>\n<meta name=\"twitter:card\" content=\"summary_large_image\" \/>\n<meta name=\"twitter:label1\" content=\"Szacowany czas czytania\" \/>\n\t<meta name=\"twitter:data1\" content=\"3 minuty\" \/>\n<script type=\"application\/ld+json\" class=\"yoast-schema-graph\">{\"@context\":\"https:\/\/schema.org\",\"@graph\":[{\"@type\":\"WebPage\",\"@id\":\"https:\/\/www.egon.com\/pl\/rozwiazania\/normalizacja-danych-osobowych\",\"url\":\"https:\/\/www.egon.com\/pl\/rozwiazania\/normalizacja-danych-osobowych\",\"name\":\"Normalizacja danych osobowych przy u\u017cyciu oprogramowania Egon.\",\"isPartOf\":{\"@id\":\"https:\/\/www.egon.com\/zh\/#website\"},\"datePublished\":\"2017-09-19T13:05:50+00:00\",\"dateModified\":\"2021-02-15T11:28:41+00:00\",\"description\":\"Egon to pakiet oprogramowania zarz\u0105dzaj\u0105cy normalizacj\u0105 mi\u0119dzynarodowych danych osobowych (nazwy, kody, tytu\u0142y, numery telefon\u00f3w, itp.) oraz przeistaczaj\u0105cy je w poprawn\u0105, og\u00f3lnie zaakceptowan\u0105 form\u0119.\",\"breadcrumb\":{\"@id\":\"https:\/\/www.egon.com\/pl\/rozwiazania\/normalizacja-danych-osobowych#breadcrumb\"},\"inLanguage\":\"pl-PL\",\"potentialAction\":[{\"@type\":\"ReadAction\",\"target\":[\"https:\/\/www.egon.com\/pl\/rozwiazania\/normalizacja-danych-osobowych\"]}]},{\"@type\":\"BreadcrumbList\",\"@id\":\"https:\/\/www.egon.com\/pl\/rozwiazania\/normalizacja-danych-osobowych#breadcrumb\",\"itemListElement\":[{\"@type\":\"ListItem\",\"position\":1,\"name\":\"Home\",\"item\":\"https:\/\/www.egon.com\/pl\"},{\"@type\":\"ListItem\",\"position\":2,\"name\":\"Rozwi\u0105zania\",\"item\":\"https:\/\/www.egon.com\/pl\/rozwiazania\"},{\"@type\":\"ListItem\",\"position\":3,\"name\":\"Normalizacja danych osobowych\"}]},{\"@type\":\"WebSite\",\"@id\":\"https:\/\/www.egon.com\/zh\/#website\",\"url\":\"https:\/\/www.egon.com\/zh\/\",\"name\":\"Egon\",\"description\":\"Normalizzazione indirizzi - Address validation - Egon.com\",\"potentialAction\":[{\"@type\":\"SearchAction\",\"target\":{\"@type\":\"EntryPoint\",\"urlTemplate\":\"https:\/\/www.egon.com\/zh\/?s={search_term_string}\"},\"query-input\":{\"@type\":\"PropertyValueSpecification\",\"valueRequired\":true,\"valueName\":\"search_term_string\"}}],\"inLanguage\":\"pl-PL\"}]}<\/script>\n<!-- \/ Yoast SEO plugin. -->","yoast_head_json":{"title":"Normalizacja danych osobowych przy u\u017cyciu oprogramowania Egon.","description":"Egon to pakiet oprogramowania zarz\u0105dzaj\u0105cy normalizacj\u0105 mi\u0119dzynarodowych danych osobowych (nazwy, kody, tytu\u0142y, numery telefon\u00f3w, itp.) oraz przeistaczaj\u0105cy je w poprawn\u0105, og\u00f3lnie zaakceptowan\u0105 form\u0119.","robots":{"index":"index","follow":"follow","max-snippet":"max-snippet:-1","max-image-preview":"max-image-preview:large","max-video-preview":"max-video-preview:-1"},"canonical":"https:\/\/www.egon.com\/pl\/rozwiazania\/normalizacja-danych-osobowych","og_locale":"pl_PL","og_type":"article","og_title":"Normalizacja danych osobowych przy u\u017cyciu oprogramowania Egon.","og_description":"Egon to pakiet oprogramowania zarz\u0105dzaj\u0105cy normalizacj\u0105 mi\u0119dzynarodowych danych osobowych (nazwy, kody, tytu\u0142y, numery telefon\u00f3w, itp.) oraz przeistaczaj\u0105cy je w poprawn\u0105, og\u00f3lnie zaakceptowan\u0105 form\u0119.","og_url":"https:\/\/www.egon.com\/pl\/rozwiazania\/normalizacja-danych-osobowych","og_site_name":"Egon","article_modified_time":"2021-02-15T11:28:41+00:00","twitter_card":"summary_large_image","twitter_misc":{"Szacowany czas czytania":"3 minuty"},"schema":{"@context":"https:\/\/schema.org","@graph":[{"@type":"WebPage","@id":"https:\/\/www.egon.com\/pl\/rozwiazania\/normalizacja-danych-osobowych","url":"https:\/\/www.egon.com\/pl\/rozwiazania\/normalizacja-danych-osobowych","name":"Normalizacja danych osobowych przy u\u017cyciu oprogramowania Egon.","isPartOf":{"@id":"https:\/\/www.egon.com\/zh\/#website"},"datePublished":"2017-09-19T13:05:50+00:00","dateModified":"2021-02-15T11:28:41+00:00","description":"Egon to pakiet oprogramowania zarz\u0105dzaj\u0105cy normalizacj\u0105 mi\u0119dzynarodowych danych osobowych (nazwy, kody, tytu\u0142y, numery telefon\u00f3w, itp.) oraz przeistaczaj\u0105cy je w poprawn\u0105, og\u00f3lnie zaakceptowan\u0105 form\u0119.","breadcrumb":{"@id":"https:\/\/www.egon.com\/pl\/rozwiazania\/normalizacja-danych-osobowych#breadcrumb"},"inLanguage":"pl-PL","potentialAction":[{"@type":"ReadAction","target":["https:\/\/www.egon.com\/pl\/rozwiazania\/normalizacja-danych-osobowych"]}]},{"@type":"BreadcrumbList","@id":"https:\/\/www.egon.com\/pl\/rozwiazania\/normalizacja-danych-osobowych#breadcrumb","itemListElement":[{"@type":"ListItem","position":1,"name":"Home","item":"https:\/\/www.egon.com\/pl"},{"@type":"ListItem","position":2,"name":"Rozwi\u0105zania","item":"https:\/\/www.egon.com\/pl\/rozwiazania"},{"@type":"ListItem","position":3,"name":"Normalizacja danych osobowych"}]},{"@type":"WebSite","@id":"https:\/\/www.egon.com\/zh\/#website","url":"https:\/\/www.egon.com\/zh\/","name":"Egon","description":"Normalizzazione indirizzi - Address validation - Egon.com","potentialAction":[{"@type":"SearchAction","target":{"@type":"EntryPoint","urlTemplate":"https:\/\/www.egon.com\/zh\/?s={search_term_string}"},"query-input":{"@type":"PropertyValueSpecification","valueRequired":true,"valueName":"search_term_string"}}],"inLanguage":"pl-PL"}]}},"_links":{"self":[{"href":"https:\/\/www.egon.com\/pl\/wp-json\/wp\/v2\/pages\/8096","targetHints":{"allow":["GET"]}}],"collection":[{"href":"https:\/\/www.egon.com\/pl\/wp-json\/wp\/v2\/pages"}],"about":[{"href":"https:\/\/www.egon.com\/pl\/wp-json\/wp\/v2\/types\/page"}],"author":[{"embeddable":true,"href":"https:\/\/www.egon.com\/pl\/wp-json\/wp\/v2\/users\/1"}],"replies":[{"embeddable":true,"href":"https:\/\/www.egon.com\/pl\/wp-json\/wp\/v2\/comments?post=8096"}],"version-history":[{"count":2,"href":"https:\/\/www.egon.com\/pl\/wp-json\/wp\/v2\/pages\/8096\/revisions"}],"predecessor-version":[{"id":17944,"href":"https:\/\/www.egon.com\/pl\/wp-json\/wp\/v2\/pages\/8096\/revisions\/17944"}],"up":[{"embeddable":true,"href":"https:\/\/www.egon.com\/pl\/wp-json\/wp\/v2\/pages\/8041"}],"wp:attachment":[{"href":"https:\/\/www.egon.com\/pl\/wp-json\/wp\/v2\/media?parent=8096"}],"curies":[{"name":"wp","href":"https:\/\/api.w.org\/{rel}","templated":true}]}}