{"id":8084,"date":"2017-09-19T12:57:28","date_gmt":"2017-09-19T12:57:28","guid":{"rendered":"https:\/\/egon.com\/?page_id=8084"},"modified":"2021-02-15T11:25:56","modified_gmt":"2021-02-15T11:25:56","slug":"deduplikacja-danych","status":"publish","type":"page","link":"https:\/\/www.egon.com\/pl\/rozwiazania\/deduplikacja-danych","title":{"rendered":"Deduplikacja danych i deduplikacja adresy"},"content":{"rendered":"[vc_row row_h_align=&#8221;grid&#8211;center&#8221; wrapper=&#8221;true&#8221; holder_class=&#8221;u-section-hero-three u-overlapped-hero-padding&#8221; holder_set_margin=&#8221;true&#8221; holder_margin=&#8221;u-margin-bottom-large&#8221;][vc_column row_width=&#8221;_desktop-9&#8243;]<div class=\"c-heading\"><h1 class=\" u-h1 u-text-bolder u-margin-bottom u-text-center\">Deduplikacja danych I deduplikacja adresy<\/h1><\/div>[vc_column_text txt_align=&#8221;u-text-center&#8221; set_margin=&#8221;true&#8221; margin=&#8221;u-margin-bottom-large&#8221;]Deduplikacja danych\u00a0(deduplikowanie danych\/ duplicate check) polega na\u00a0identyfikacji podw\u00f3jnych danych, lub danych, o kt\u00f3rych my\u015blimy, \u017ce s\u0105 podw\u00f3jne i zaistnia\u0142ych wewn\u0105trz archiwum informacyjnego na skutek niedok\u0142adno\u015bci lub niesp\u00f3jno\u015bci r\u00f3\u017cnego rodzaju, z sukcesywn\u0105 mo\u017cliwo\u015bci\u0105 zredukowania \u201eduplikat\u00f3w\u201d do jednoznacznej formy.[\/vc_column_text][\/vc_column][\/vc_row][vc_row][vc_column]<div class=\"templatera_shortcode\"><div class=\"o-holder u-background-color-one u-margin-bottom-large u-padding-vertical-large\"><div class=\" o-wrapper\"><div class=\"grid-1 grid--middle grid--equalHeight\"><div class=\"col _lap-and-up-8\" ><div class=\"c-heading\"><h3 class=\" u-h1 u-text-color-invert u-text-thinner\">Twoja baza danych zawiera jakie\u015b duplikaty?<\/h3><\/div><div class=\"c-text-block u-text-color-invert\"><p>Je\u015bli musisz wyeliminowa\u0107 <span>zduplikowane dane w bazie danych swojej firmy <\/span>lub potrzebujesz narz\u0119dzia do integracji z aplikacj\u0105 i sprawdzania wprowadzania danych poprzez zaznaczanie wszelkich zb\u0119dne lub zduplikowanych danych wej\u015bciowych (gdy rekord jest ju\u017c archiwizowany), <span>wypr\u00f3buj EGON<\/span>.<\/p>\n <\/div><\/div><div class=\"col _lap-and-up-4\" ><div class=\"c-button-holder c-button-holder--center\"><a class=\"c-button c-button--center c-button--white  c-button--ghost c-button--large\" href=\"https:\/\/www.egon.com\/egon-demo\">Wypr\u00f3buj nasze BEZP\u0141ATNE WEB DEMO!<\/a><\/div><\/div>\n<\/div><\/div><\/div><\/div>[\/vc_column][\/vc_row][vc_row wrapper=&#8221;true&#8221;][vc_column]<div class=\"c-heading\"><h3 class=\" u-text-bolder\">DLACZEGO DEDUPLIKACJA?<\/h3><\/div>[\/vc_column][vc_column width=&#8221;2\/3&#8243;][vc_column_text]<a href=\"https:\/\/www.egon.com\/pl\/\">Wysoka jako\u015b\u0107 danych\u00a0<\/a>wymaga odpowiedniego zarz\u0105dzania, poniewa\u017c podw\u00f3jne dane przysparzaj\u0105 wiele problem\u00f3w, zar\u00f3wno na poziomie interakcji cz\u0142owiek-aplikacja, jak i ze wzgl\u0119du na nieprzewidziane wydatki spowodowane niepotrzebnymi, podw\u00f3jnymi spedycjami materia\u0142\u00f3w reklamowych lub oficjalnych komunikat\u00f3w wysy\u0142anych do tej samej firmy, szkodz\u0105c tym samym publicznemu wizerunkowi firmy.[\/vc_column_text][vc_column_text]Stosowanie w celach korespondencji baz danych poprawnych, kompletnych, znormalizowanych i bez duplikat\u00f3w, jest\u00a0synonimem profesjonalizmu. Dlatego te\u017c ich zintegrowanie z oprogramowaniem zapewniaj\u0105cym automatyczn\u0105 normalizacj\u0119 zapewnia\u00a0niezliczone korzy\u015bci. Software ten, u\u017cyteczny w przypadku\u00a0fuzji wi\u0119kszej ilo\u015bci archiw\u00f3w i deduplikacji, mo\u017ce by\u0107 stosowany zar\u00f3wno do os\u00f3b fizycznych jak i podmiot\u00f3w prawnych, oraz wykorzystuj\u0119 metod\u0119 \u201ematch-coding\u201d, kt\u00f3ra\u00a0umo\u017cliwia eliminacj\u0119 duplikat\u00f3w, indywidualizacj\u0119 grup i uzupe\u0142nienia istniej\u0105cych danych:[\/vc_column_text][\/vc_column][vc_column width=&#8221;1\/3&#8243;]<div class=\" c-list c-list--color-one\"><ul>\n<li><i class=\"c-list__icon fal fa-check-circle\"><\/i>korelacja danych<\/li>\n<li><i class=\"c-list__icon fal fa-check-circle\"><\/i>integracja danych osobowych, p\u00f3l, adres\u00f3w i archiw\u00f3w<\/li>\n<li><i class=\"c-list__icon fal fa-check-circle\"><\/i>\u0142\u0105czenie informacji i dokument\u00f3w dotycz\u0105cych tego samego podmiotu<\/li>\n<li><i class=\"c-list__icon fal fa-check-circle\"><\/i>zarz\u0105dzanie jednoznaczn\u0105 pozycj\u0105 podmiotu i przypisanie kodu PIN<\/li>\n<li><i class=\"c-list__icon fal fa-check-circle\"><\/i>zarz\u0105dzanie informacjami podw\u00f3jnymi<\/li>\n<\/ul>\n<\/div>[\/vc_column][vc_column]<div class=\" c-divider c-divider--dashed u-margin-bottom-large\"\/><\/div>[\/vc_column][\/vc_row][vc_row wrapper=&#8221;true&#8221; holder_set_margin=&#8221;true&#8221; holder_margin=&#8221;u-margin-bottom&#8221;][vc_column width=&#8221;1\/3&#8243;]<div class=\"c-image\"><img loading=\"lazy\" decoding=\"async\" width=\"500\" height=\"416\" src=\"https:\/\/www.egon.com\/wp-content\/uploads\/2017\/09\/deduplikowanie-danych.jpg\" class=\" alignone\" alt=\"Deduplikacja danych i deduplikacja adresy\" srcset=\"https:\/\/www.egon.com\/wp-content\/uploads\/2017\/09\/deduplikowanie-danych.jpg 500w, https:\/\/www.egon.com\/wp-content\/uploads\/2017\/09\/deduplikowanie-danych-361x300.jpg 361w\" sizes=\"auto, (max-width: 500px) 100vw, 500px\" \/><\/div>[\/vc_column][vc_column width=&#8221;2\/3&#8243;][vc_column_text]Egon\u00a0 to\u00a0oprogramowanie\u00a0 stworzone w celu\u00a0normalizacji baz danych\u00a0oraz\u00a0\u00a0deduplikowania\u00a0 obecnych danych, przy zastosowaniu kryteri\u00f3w takich jak imi\u0119, nazwisko, nazwa, numer VAT, adres, itd. oraz wykrywaniu wszystkich mo\u017cliwych redundancji.<\/p>\n<p>Po znormalizowaniu dowolnego elementu, zostanie mu przypisany jednoznaczny kod, tak zwany \u201ematch code\u201c, kt\u00f3ry, po jego przeanalizowaniu i okre\u015bleniu za pomoc\u0105 odpowiednich regu\u0142, umo\u017cliwia identyfikacj\u0119 i zaznaczenie z wysokim stopniem dok\u0142adno\u015bci w pliku wyj\u015bciowym wszystkich podw\u00f3jnych rekord\u00f3w.<\/p>\n<p>Modu\u0142 opracowuje i por\u00f3wnuje podczas jednej operacji wi\u0119ksz\u0105 ilo\u015b\u0107 archiw\u00f3w, r\u00f3wnie\u017c o niejednolitej formie.<br \/>\nJe\u017celi musisz wykona\u0107 analiz\u0119 twojej bazy danych w celu wyeliminowania duplikat\u00f3w, lub je\u015bli potrzebujesz narz\u0119dzia, kt\u00f3re zintegruje si\u0119 z twoj\u0105 aplikacj\u0105 i u\u0142atwi wprowadzanie danych sygnalizuj\u0105c ewentualne niepotrzebne wpisy (poniewa\u017c wpisywany rekord zosta\u0142 ju\u017c uprzednio zarchiwizowany)\u00a0then\u00a0<a href=\"https:\/\/www.egon.com\/pl\/egon-demo-pl.html\">wypr\u00f3buj EGON<\/a>.[\/vc_column_text][\/vc_column][\/vc_row][vc_row wrapper=&#8221;true&#8221;][vc_column]<div class=\" c-divider c-divider--dashed u-margin-bottom-large\"\/><\/div><div class=\"c-heading\"><h3 class=\" u-text-bolder\">MATCH CODE I KONTROLA DUPLIKAT\u00d3W<\/h3><\/div>[vc_column_text]Wyj\u015bciowym rezultatem deduplikacji jest \u00a0 match-code, ci\u0105g znak\u00f3w lub cyfr zawieraj\u0105cych lub koduj\u0105cych elementy tworz\u0105ce rekord (nazwisko lub nazwa firmy, imi\u0119, p\u0142e\u0107, miejscowo\u015b\u0107, kod pocztowy, ulic\u0119, numer lokalu). Match-code umo\u017cliwia, z niesamowicie wysok\u0105 dok\u0142adno\u015bci\u0105 i wydajno\u015bci\u0105, identyfikacj\u0119 grup lub podw\u00f3jnych rekord\u00f3w.<\/p>\n<p>W praktyce,\u00a0 Duplicate Check\u00a0 obejmuje:[\/vc_column_text]<div class=\" c-list c-list--color-one\"><ul>\n<li><i class=\"c-list__icon fal fa-check-circle\"><\/i><em>deduplikacj\u0119 danych osobowych<\/em><\/li>\n<li><i class=\"c-list__icon fal fa-check-circle\"><\/i><em>zarz\u0105dzanie parametryczne kluczami i regu\u0142ami<\/em><\/li>\n<li><i class=\"c-list__icon fal fa-check-circle\"><\/i><em>zarz\u0105dzanie mo\u017cliwymi duplikatami<\/em><\/li>\n<li><i class=\"c-list__icon fal fa-check-circle\"><\/i><em>zarz\u0105dzanie grupami<\/em><\/li>\n<li><i class=\"c-list__icon fal fa-check-circle\"><\/i><em>tworzenie match-code\/kluczy fonetycznych<\/em><\/li>\n<li><i class=\"c-list__icon fal fa-check-circle\"><\/i><em>\u0142\u0105czenie danych osobowych<\/em><\/li>\n<li><i class=\"c-list__icon fal fa-check-circle\"><\/i><em>zarz\u0105dzanie relacjami i powi\u0105zaniami<\/em><\/li>\n<li><i class=\"c-list__icon fal fa-check-circle\"><\/i><em>scalanie archiw\u00f3w<\/em><\/li>\n<li><i class=\"c-list__icon fal fa-check-circle\"><\/i><\/li>\n<\/ul>\n<\/div>[\/vc_column][\/vc_row][vc_row][vc_column]<div class=\"templatera_shortcode\"><div class=\"o-holder u-background-ca-one u-padding-vertical-large\"><div class=\" o-wrapper\"><div class=\"grid-1\"><div class=\"col _lap-and-up-12\" ><div class=\"c-heading\"><h3 class=\" u-text-color-invert u-text-center\">ODKRYJ JAK NASZE ZARZ\u0104DZAJ\u0104CE DANYMI OPROGRAMOWANIE MO\u017bE POM\u00d3C CI ROZWIN\u0104\u0106 TWOJ\u0104 FIRM\u0118!<\/h3><\/div><div class=\"c-button-holder c-button-holder--center\"><a class=\"c-button u-text-bold c-button--center c-button--white  c-button--ghost\" href=\"https:\/\/www.egon.com\/company\/contact-us\">SKONTAKTUJ SI\u0118 Z NAMI<\/a><\/div><\/div>\n<\/div><\/div><\/div>\r\n<\/div>[\/vc_column][\/vc_row]\n","protected":false},"excerpt":{"rendered":"ODKRYJ JAK NASZE ZARZ\u0104DZAJ\u0104CE DANYMI OPROGRAMOWANIE MO\u017bE POM\u00d3C CI ROZWIN\u0104\u0106 TWOJ\u0104 FIRM\u0118!SKONTAKTUJ SI\u0118 Z NAMI","protected":false},"author":1,"featured_media":0,"parent":8041,"menu_order":0,"comment_status":"closed","ping_status":"closed","template":"templates\/template-fullwidth.php","meta":{"footnotes":""},"class_list":["post-8084","page","type-page","status-publish","hentry"],"yoast_head":"<!-- This site is optimized with the Yoast SEO plugin v26.8 - https:\/\/yoast.com\/product\/yoast-seo-wordpress\/ -->\n<title>Deduplikacja danych i deduplikacja adresy - Egon.com<\/title>\n<meta name=\"description\" content=\"Egon jest oprogramowaniem b\u0119d\u0105cym w stanie zidentyfikowa\u0107 podw\u00f3jne dane znajduj\u0105ce si\u0119 wewn\u0105trz archiwum, z mo\u017cliwo\u015bci\u0105 zredukowania duplikat\u00f3w do jednoznacznej formy.\" \/>\n<meta name=\"robots\" content=\"index, follow, max-snippet:-1, max-image-preview:large, max-video-preview:-1\" \/>\n<link rel=\"canonical\" href=\"https:\/\/www.egon.com\/pl\/rozwiazania\/deduplikacja-danych\" \/>\n<meta property=\"og:locale\" content=\"pl_PL\" \/>\n<meta property=\"og:type\" content=\"article\" \/>\n<meta property=\"og:title\" content=\"Deduplikacja danych i deduplikacja adresy - Egon.com\" \/>\n<meta property=\"og:description\" content=\"Egon jest oprogramowaniem b\u0119d\u0105cym w stanie zidentyfikowa\u0107 podw\u00f3jne dane znajduj\u0105ce si\u0119 wewn\u0105trz archiwum, z mo\u017cliwo\u015bci\u0105 zredukowania duplikat\u00f3w do jednoznacznej formy.\" \/>\n<meta property=\"og:url\" content=\"https:\/\/www.egon.com\/pl\/rozwiazania\/deduplikacja-danych\" \/>\n<meta property=\"og:site_name\" content=\"Egon\" \/>\n<meta property=\"article:modified_time\" content=\"2021-02-15T11:25:56+00:00\" \/>\n<meta name=\"twitter:card\" content=\"summary_large_image\" \/>\n<meta name=\"twitter:label1\" content=\"Szacowany czas czytania\" \/>\n\t<meta name=\"twitter:data1\" content=\"2 minuty\" \/>\n<script type=\"application\/ld+json\" class=\"yoast-schema-graph\">{\"@context\":\"https:\/\/schema.org\",\"@graph\":[{\"@type\":\"WebPage\",\"@id\":\"https:\/\/www.egon.com\/pl\/rozwiazania\/deduplikacja-danych\",\"url\":\"https:\/\/www.egon.com\/pl\/rozwiazania\/deduplikacja-danych\",\"name\":\"Deduplikacja danych i deduplikacja adresy - Egon.com\",\"isPartOf\":{\"@id\":\"https:\/\/www.egon.com\/zh\/#website\"},\"datePublished\":\"2017-09-19T12:57:28+00:00\",\"dateModified\":\"2021-02-15T11:25:56+00:00\",\"description\":\"Egon jest oprogramowaniem b\u0119d\u0105cym w stanie zidentyfikowa\u0107 podw\u00f3jne dane znajduj\u0105ce si\u0119 wewn\u0105trz archiwum, z mo\u017cliwo\u015bci\u0105 zredukowania duplikat\u00f3w do jednoznacznej formy.\",\"breadcrumb\":{\"@id\":\"https:\/\/www.egon.com\/pl\/rozwiazania\/deduplikacja-danych#breadcrumb\"},\"inLanguage\":\"pl-PL\",\"potentialAction\":[{\"@type\":\"ReadAction\",\"target\":[\"https:\/\/www.egon.com\/pl\/rozwiazania\/deduplikacja-danych\"]}]},{\"@type\":\"BreadcrumbList\",\"@id\":\"https:\/\/www.egon.com\/pl\/rozwiazania\/deduplikacja-danych#breadcrumb\",\"itemListElement\":[{\"@type\":\"ListItem\",\"position\":1,\"name\":\"Home\",\"item\":\"https:\/\/www.egon.com\/pl\"},{\"@type\":\"ListItem\",\"position\":2,\"name\":\"Rozwi\u0105zania\",\"item\":\"https:\/\/www.egon.com\/pl\/rozwiazania\"},{\"@type\":\"ListItem\",\"position\":3,\"name\":\"Deduplikacja danych i deduplikacja adresy\"}]},{\"@type\":\"WebSite\",\"@id\":\"https:\/\/www.egon.com\/zh\/#website\",\"url\":\"https:\/\/www.egon.com\/zh\/\",\"name\":\"Egon\",\"description\":\"Normalizzazione indirizzi - Address validation - Egon.com\",\"potentialAction\":[{\"@type\":\"SearchAction\",\"target\":{\"@type\":\"EntryPoint\",\"urlTemplate\":\"https:\/\/www.egon.com\/zh\/?s={search_term_string}\"},\"query-input\":{\"@type\":\"PropertyValueSpecification\",\"valueRequired\":true,\"valueName\":\"search_term_string\"}}],\"inLanguage\":\"pl-PL\"}]}<\/script>\n<!-- \/ Yoast SEO plugin. -->","yoast_head_json":{"title":"Deduplikacja danych i deduplikacja adresy - Egon.com","description":"Egon jest oprogramowaniem b\u0119d\u0105cym w stanie zidentyfikowa\u0107 podw\u00f3jne dane znajduj\u0105ce si\u0119 wewn\u0105trz archiwum, z mo\u017cliwo\u015bci\u0105 zredukowania duplikat\u00f3w do jednoznacznej formy.","robots":{"index":"index","follow":"follow","max-snippet":"max-snippet:-1","max-image-preview":"max-image-preview:large","max-video-preview":"max-video-preview:-1"},"canonical":"https:\/\/www.egon.com\/pl\/rozwiazania\/deduplikacja-danych","og_locale":"pl_PL","og_type":"article","og_title":"Deduplikacja danych i deduplikacja adresy - Egon.com","og_description":"Egon jest oprogramowaniem b\u0119d\u0105cym w stanie zidentyfikowa\u0107 podw\u00f3jne dane znajduj\u0105ce si\u0119 wewn\u0105trz archiwum, z mo\u017cliwo\u015bci\u0105 zredukowania duplikat\u00f3w do jednoznacznej formy.","og_url":"https:\/\/www.egon.com\/pl\/rozwiazania\/deduplikacja-danych","og_site_name":"Egon","article_modified_time":"2021-02-15T11:25:56+00:00","twitter_card":"summary_large_image","twitter_misc":{"Szacowany czas czytania":"2 minuty"},"schema":{"@context":"https:\/\/schema.org","@graph":[{"@type":"WebPage","@id":"https:\/\/www.egon.com\/pl\/rozwiazania\/deduplikacja-danych","url":"https:\/\/www.egon.com\/pl\/rozwiazania\/deduplikacja-danych","name":"Deduplikacja danych i deduplikacja adresy - Egon.com","isPartOf":{"@id":"https:\/\/www.egon.com\/zh\/#website"},"datePublished":"2017-09-19T12:57:28+00:00","dateModified":"2021-02-15T11:25:56+00:00","description":"Egon jest oprogramowaniem b\u0119d\u0105cym w stanie zidentyfikowa\u0107 podw\u00f3jne dane znajduj\u0105ce si\u0119 wewn\u0105trz archiwum, z mo\u017cliwo\u015bci\u0105 zredukowania duplikat\u00f3w do jednoznacznej formy.","breadcrumb":{"@id":"https:\/\/www.egon.com\/pl\/rozwiazania\/deduplikacja-danych#breadcrumb"},"inLanguage":"pl-PL","potentialAction":[{"@type":"ReadAction","target":["https:\/\/www.egon.com\/pl\/rozwiazania\/deduplikacja-danych"]}]},{"@type":"BreadcrumbList","@id":"https:\/\/www.egon.com\/pl\/rozwiazania\/deduplikacja-danych#breadcrumb","itemListElement":[{"@type":"ListItem","position":1,"name":"Home","item":"https:\/\/www.egon.com\/pl"},{"@type":"ListItem","position":2,"name":"Rozwi\u0105zania","item":"https:\/\/www.egon.com\/pl\/rozwiazania"},{"@type":"ListItem","position":3,"name":"Deduplikacja danych i deduplikacja adresy"}]},{"@type":"WebSite","@id":"https:\/\/www.egon.com\/zh\/#website","url":"https:\/\/www.egon.com\/zh\/","name":"Egon","description":"Normalizzazione indirizzi - Address validation - Egon.com","potentialAction":[{"@type":"SearchAction","target":{"@type":"EntryPoint","urlTemplate":"https:\/\/www.egon.com\/zh\/?s={search_term_string}"},"query-input":{"@type":"PropertyValueSpecification","valueRequired":true,"valueName":"search_term_string"}}],"inLanguage":"pl-PL"}]}},"_links":{"self":[{"href":"https:\/\/www.egon.com\/pl\/wp-json\/wp\/v2\/pages\/8084","targetHints":{"allow":["GET"]}}],"collection":[{"href":"https:\/\/www.egon.com\/pl\/wp-json\/wp\/v2\/pages"}],"about":[{"href":"https:\/\/www.egon.com\/pl\/wp-json\/wp\/v2\/types\/page"}],"author":[{"embeddable":true,"href":"https:\/\/www.egon.com\/pl\/wp-json\/wp\/v2\/users\/1"}],"replies":[{"embeddable":true,"href":"https:\/\/www.egon.com\/pl\/wp-json\/wp\/v2\/comments?post=8084"}],"version-history":[{"count":2,"href":"https:\/\/www.egon.com\/pl\/wp-json\/wp\/v2\/pages\/8084\/revisions"}],"predecessor-version":[{"id":17928,"href":"https:\/\/www.egon.com\/pl\/wp-json\/wp\/v2\/pages\/8084\/revisions\/17928"}],"up":[{"embeddable":true,"href":"https:\/\/www.egon.com\/pl\/wp-json\/wp\/v2\/pages\/8041"}],"wp:attachment":[{"href":"https:\/\/www.egon.com\/pl\/wp-json\/wp\/v2\/media?parent=8084"}],"curies":[{"name":"wp","href":"https:\/\/api.w.org\/{rel}","templated":true}]}}