{"id":8070,"date":"2017-09-19T12:47:34","date_gmt":"2017-09-19T12:47:34","guid":{"rendered":"https:\/\/egon.com\/?page_id=8070"},"modified":"2021-02-15T11:21:15","modified_gmt":"2021-02-15T11:21:15","slug":"geokodowanie","status":"publish","type":"page","link":"https:\/\/www.egon.com\/pl\/rozwiazania\/geokodowanie","title":{"rendered":"GEOKODOWANIE"},"content":{"rendered":"[vc_row row_h_align=&#8221;grid&#8211;center&#8221; wrapper=&#8221;true&#8221; holder_class=&#8221;u-section-hero-one u-overlapped-hero-padding&#8221; holder_set_margin=&#8221;true&#8221; holder_margin=&#8221;u-margin-bottom-large&#8221;][vc_column row_width=&#8221;_desktop-9&#8243;]<div class=\"c-heading\"><h1 class=\" u-h1 u-text-bolder u-margin-bottom u-text-center\">Geokodowanie, geoodniesienie i geolokalizacja: rozwi\u0105zania software<\/h1><\/div>[vc_column_text txt_align=&#8221;u-text-center&#8221; set_margin=&#8221;true&#8221; margin=&#8221;u-margin-bottom-large&#8221;]Gokodowanie adres\u00f3w obejmuje przydzielanie okre\u015blonym adresom dok\u0142adnych danych przestrzennych i terytorialnych oraz kod\u00f3w. W fazie wst\u0119pnej sk\u0142ada si\u0119 na to georeferencjonowanie, czyli \u00a0przypisywanie precyzyjnych wsp\u00f3\u0142rz\u0119dnych mapy do adresu w celu zagwarantowania poprawnej i pewnej lokalizacji mapy.[\/vc_column_text][vc_column_text txt_color=&#8221;u-text-color-invert&#8221; txt_align=&#8221;u-text-center&#8221;]WI\u0118CEJ INFORMACJI[\/vc_column_text][\/vc_column][\/vc_row][vc_row][vc_column]<div class=\"templatera_shortcode\"><div class=\"o-holder u-background-color-one u-margin-bottom-large u-padding-vertical-large\"><div class=\" o-wrapper\"><div class=\"grid-1 grid--middle grid--equalHeight\"><div class=\"col _lap-and-up-8\" ><div class=\"c-heading\"><h3 class=\" u-h1 u-text-color-invert u-text-thinner\">Potrzebujesz zlokalizowa\u0107 adres pocztowy na mapie?<\/h3><\/div><div class=\"c-text-block u-text-color-invert\"><p>W ci\u0105gu kilku minut b\u0119dziesz m\u00f3g\u0142 przekszta\u0142ci\u0107 adres pocztowy w dok\u0142adne wsp\u00f3\u0142rz\u0119dne geograficzne (szeroko\u015b\u0107 i d\u0142ugo\u015b\u0107 geograficzna) i odwrotnie. Nast\u0119pnie zobaczysz lokalizacj\u0119 na mapie.<\/p>\n <\/div><\/div><div class=\"col _lap-and-up-4\" ><div class=\"c-button-holder c-button-holder--center\"><a class=\"c-button c-button--center c-button--white  c-button--ghost c-button--large\" href=\"https:\/\/www.egon.com\/egon-demo\">SPR\u00d3BUJ ZA DARMO JU\u017b TERAZ<\/a><\/div><\/div>\n<\/div><\/div><\/div><\/div>[\/vc_column][\/vc_row][vc_row wrapper=&#8221;true&#8221;][vc_column]<div class=\"c-heading\"><h3 class=\" u-text-bolder\">JAK GEOKODOWA\u0106 ADRESY PRZY POMOCY OPROGRAMOWANIA EGON<\/h3><\/div>[\/vc_column][vc_column width=&#8221;7\/12&#8243;][vc_column_text]Egon to bardzo pot\u0119\u017cny pakiet oprogramowania do geokodowania, co umo\u017cliwia geokodowanie w wielu rejestrowych bazach danych, zapewniaj\u0105c zatwierdzony format i wsp\u00f3\u0142rz\u0119dne mapy dla dowolnego adresu.<\/p>\n<p>Dzi\u0119ki szybkiemu rozwojowi technologii i us\u0142ug geolokalizacji oraz rosn\u0105cej dost\u0119pno\u015bci danych terytorialnych z ca\u0142ego \u015bwiata kluczowe znaczenie dla ka\u017cdego sektora biznesowego ma staranne rozwa\u017cenie strategicznej warto\u015bci adres\u00f3w i dok\u0142adnych danych geograficznych.<\/p>\n<p><em>Egon odnosi si\u0119 do danych na terytorium<\/em> i poprzez skupienie si\u0119 na najwy\u017cszym poziomie szczeg\u00f3\u0142\u00f3w, daje dok\u0142adn\u0105 reprezentacj\u0119 danych, tworz\u0105c kopie zapasowe aplikacji GIS oraz wyznaczaj\u0105c obszary odpowiedzialno\u015bci i adres, itp.[\/vc_column_text][\/vc_column][vc_column width=&#8221;5\/12&#8243;][vc_column_text]Oprogramowanie nie ogranicza si\u0119 jedynie do podstawowych funkcji georeferencyjnych, mo\u017ce ono r\u00f3wnie\u017c zaspokoi\u0107 bardzo wyrafinowane i zr\u00f3\u017cnicowane potrzeby zwi\u0105zane z geokodowaniem:[\/vc_column_text]<div class=\" c-list c-list--color-one\"><ul>\n<li><i class=\"c-list__icon fal fa-check-circle\"><\/i>Przypisywanie stref podlegaj\u0105cych opodatkowaniu<\/li>\n<li><i class=\"c-list__icon fal fa-check-circle\"><\/i>Blisko\u015b\u0107 i natychmiastowe obliczanie odleg\u0142o\u015bci prosto i na piechot\u0119<\/li>\n<li><i class=\"c-list__icon fal fa-check-circle\"><\/i>odwrotne geokodowanie<\/li>\n<li><i class=\"c-list__icon fal fa-check-circle\"><\/i>punkty zainteresowania<\/li>\n<li><i class=\"c-list__icon fal fa-check-circle\"><\/i>lokalizacja wed\u0142ug nazwy ulicy<\/li>\n<li><i class=\"c-list__icon fal fa-check-circle\"><\/i>identyfikacja skrzy\u017cowa\u0144 (rogi)<\/li>\n<\/ul>\n<\/div>[\/vc_column][vc_column]<div class=\" c-divider c-divider--dashed\"\/><\/div>[\/vc_column][\/vc_row][vc_row wrapper=&#8221;true&#8221; holder_set_margin=&#8221;true&#8221; holder_margin=&#8221;u-margin-bottom&#8221;][vc_column]<div class=\"c-heading\"><h3 class=\" u-text-bolder\">OD GEOLOKALIZACJI DO WY\u015aWIETLANIA MAPY<\/h3><\/div>[\/vc_column][vc_column width=&#8221;1\/3&#8243;]<div class=\"c-image\"><img loading=\"lazy\" decoding=\"async\" width=\"500\" height=\"535\" src=\"https:\/\/www.egon.com\/wp-content\/uploads\/2017\/09\/geokodowanie.jpg\" class=\" aligncenter\" alt=\"Gokodowanie adres\u00f3w\" srcset=\"https:\/\/www.egon.com\/wp-content\/uploads\/2017\/09\/geokodowanie.jpg 500w, https:\/\/www.egon.com\/wp-content\/uploads\/2017\/09\/geokodowanie-280x300.jpg 280w\" sizes=\"auto, (max-width: 500px) 100vw, 500px\" \/><\/div>[\/vc_column][vc_column width=&#8221;2\/3&#8243;][vc_column_text]Geolokalizacja zapewnia, \u017ce \u200b\u200bwszelkie dane zostan\u0105 wzbogacone o dane terytorialne i statystyczne dla mikrostrefy opodatkowania.<\/p>\n<p>Z pomoc\u0105 dowolnej mapy geolokalizacja ko\u0144czy si\u0119 poprzez wy\u015bwietlenie (r\u00f3wnie\u017c w internecie) precyzyjnie zmapowanej pozycji.<\/p>\n<p>Skuteczno\u015b\u0107 naszego silnika weryfikacji gwarantuje wyj\u0105tkow\u0105 i precyzyjn\u0105 wydajno\u015b\u0107 a\u017c do numeru ulicy, nawet je\u015bli wprowadzane s\u0105 niekompletne lub niedok\u0142adne adresy[\/vc_column_text]<div class=\"c-heading\"><h3 class=\" u-h5\">APLIKACJE DO GEOKODOWANIA<\/h3><\/div>[vc_column_text]Egon jest niezwykle elastycznym oprogramowaniem do geokodowania i mo\u017ce by\u0107 zintegrowany z dowolnym systemem operacyjnym wymagaj\u0105cym geolokacji danych. Geokodowanie ma zasadnicze znaczenie w r\u00f3\u017cnych dziedzinach, z kt\u00f3rych najwa\u017cniejsze to:[\/vc_column_text]<div class=\" c-list c-list--color-one\"><ul>\n<li><i class=\"c-list__icon fal fa-check-circle\"><\/i>Logistyka i transportu: dost\u0119pne s\u0105 ju\u017c bardzo wyrafinowane aplikacje logistyczne, kt\u00f3re mog\u0105 szczeg\u00f3\u0142owo \u015bledzi\u0107 plan podr\u00f3\u017cy towar\u00f3w w czasie rzeczywistym, co oznacza, \u017ce \u200b\u200bplan podr\u00f3\u017cy mo\u017cna zaplanowa\u0107 wcze\u015bniej za pomoc\u0105 r\u00f3\u017cnych punkt\u00f3w po\u015brednich. Poprawne \u015bledzenie adres\u00f3w wed\u0142ug numeru ulicy umo\u017cliwia znaczne oszcz\u0119dno\u015bci w zasobach i czasie.<\/li>\n<li><i class=\"c-list__icon fal fa-check-circle\"><\/i>Geomarketing: Za pomoc\u0105 automatycznej kopii zapasowej oprogramowania Egon niekt\u00f3re aplikacje adresowane do bada\u0144 geomarketingowych umo\u017cliwiaj\u0105 odtworzenie wszystkich najwa\u017cniejszych danych dotycz\u0105cych potencja\u0142u biznesowego w okre\u015blonym miejscu lub obszarze.\u00a0<a href=\"https:\/\/www.egon.com\/pl\/rozwiazania\/normalizacja-adresow\">Weryfikacja adresu<\/a> oraz georeferencjonowanie stanowi\u0105 wst\u0119p do ka\u017cdej p\u00f3\u017aniejszej analizy geomarketingowej.<\/li>\n<li><i class=\"c-list__icon fal fa-check-circle\"><\/i><\/li>\n<\/ul>\n<\/div>[\/vc_column][\/vc_row][vc_row][vc_column]<div class=\"templatera_shortcode\"><div class=\"o-holder u-background-ca-one u-padding-vertical-large\"><div class=\" o-wrapper\"><div class=\"grid-1\"><div class=\"col _lap-and-up-12\" ><div class=\"c-heading\"><h3 class=\" u-text-color-invert u-text-center\">ODKRYJ JAK NASZE ZARZ\u0104DZAJ\u0104CE DANYMI OPROGRAMOWANIE MO\u017bE POM\u00d3C CI ROZWIN\u0104\u0106 TWOJ\u0104 FIRM\u0118!<\/h3><\/div><div class=\"c-button-holder c-button-holder--center\"><a class=\"c-button u-text-bold c-button--center c-button--white  c-button--ghost\" href=\"https:\/\/www.egon.com\/company\/contact-us\">SKONTAKTUJ SI\u0118 Z NAMI<\/a><\/div><\/div>\n<\/div><\/div><\/div>\r\n<\/div>[\/vc_column][\/vc_row]\n","protected":false},"excerpt":{"rendered":"ODKRYJ JAK NASZE ZARZ\u0104DZAJ\u0104CE DANYMI OPROGRAMOWANIE MO\u017bE POM\u00d3C CI ROZWIN\u0104\u0106 TWOJ\u0104 FIRM\u0118!SKONTAKTUJ SI\u0118 Z NAMI","protected":false},"author":1,"featured_media":0,"parent":8041,"menu_order":0,"comment_status":"closed","ping_status":"closed","template":"templates\/template-fullwidth.php","meta":{"footnotes":""},"class_list":["post-8070","page","type-page","status-publish","hentry"],"yoast_head":"<!-- This site is optimized with the Yoast SEO plugin v26.8 - https:\/\/yoast.com\/product\/yoast-seo-wordpress\/ -->\n<title>Geokodowanie, geoodniesienie i geolokalizacja: rozwi\u0105zania software<\/title>\n<meta name=\"description\" content=\"Dok\u0142adne geokodowanie dowolnego adresu lub archiwum adres\u00f3w mi\u0119dzynarodowych. Wypr\u00f3buj EGON za Darmo!\" \/>\n<meta name=\"robots\" content=\"index, follow, max-snippet:-1, max-image-preview:large, max-video-preview:-1\" \/>\n<link rel=\"canonical\" href=\"https:\/\/www.egon.com\/pl\/rozwiazania\/geokodowanie\" \/>\n<meta property=\"og:locale\" content=\"pl_PL\" \/>\n<meta property=\"og:type\" content=\"article\" \/>\n<meta property=\"og:title\" content=\"Geokodowanie, geoodniesienie i geolokalizacja: rozwi\u0105zania software\" \/>\n<meta property=\"og:description\" content=\"Dok\u0142adne geokodowanie dowolnego adresu lub archiwum adres\u00f3w mi\u0119dzynarodowych. Wypr\u00f3buj EGON za Darmo!\" \/>\n<meta property=\"og:url\" content=\"https:\/\/www.egon.com\/pl\/rozwiazania\/geokodowanie\" \/>\n<meta property=\"og:site_name\" content=\"Egon\" \/>\n<meta property=\"article:modified_time\" content=\"2021-02-15T11:21:15+00:00\" \/>\n<meta name=\"twitter:card\" content=\"summary_large_image\" \/>\n<meta name=\"twitter:label1\" content=\"Szacowany czas czytania\" \/>\n\t<meta name=\"twitter:data1\" content=\"2 minuty\" \/>\n<script type=\"application\/ld+json\" class=\"yoast-schema-graph\">{\"@context\":\"https:\/\/schema.org\",\"@graph\":[{\"@type\":\"WebPage\",\"@id\":\"https:\/\/www.egon.com\/pl\/rozwiazania\/geokodowanie\",\"url\":\"https:\/\/www.egon.com\/pl\/rozwiazania\/geokodowanie\",\"name\":\"Geokodowanie, geoodniesienie i geolokalizacja: rozwi\u0105zania software\",\"isPartOf\":{\"@id\":\"https:\/\/www.egon.com\/zh\/#website\"},\"datePublished\":\"2017-09-19T12:47:34+00:00\",\"dateModified\":\"2021-02-15T11:21:15+00:00\",\"description\":\"Dok\u0142adne geokodowanie dowolnego adresu lub archiwum adres\u00f3w mi\u0119dzynarodowych. Wypr\u00f3buj EGON za Darmo!\",\"breadcrumb\":{\"@id\":\"https:\/\/www.egon.com\/pl\/rozwiazania\/geokodowanie#breadcrumb\"},\"inLanguage\":\"pl-PL\",\"potentialAction\":[{\"@type\":\"ReadAction\",\"target\":[\"https:\/\/www.egon.com\/pl\/rozwiazania\/geokodowanie\"]}]},{\"@type\":\"BreadcrumbList\",\"@id\":\"https:\/\/www.egon.com\/pl\/rozwiazania\/geokodowanie#breadcrumb\",\"itemListElement\":[{\"@type\":\"ListItem\",\"position\":1,\"name\":\"Home\",\"item\":\"https:\/\/www.egon.com\/pl\"},{\"@type\":\"ListItem\",\"position\":2,\"name\":\"Rozwi\u0105zania\",\"item\":\"https:\/\/www.egon.com\/pl\/rozwiazania\"},{\"@type\":\"ListItem\",\"position\":3,\"name\":\"GEOKODOWANIE\"}]},{\"@type\":\"WebSite\",\"@id\":\"https:\/\/www.egon.com\/zh\/#website\",\"url\":\"https:\/\/www.egon.com\/zh\/\",\"name\":\"Egon\",\"description\":\"Normalizzazione indirizzi - Address validation - Egon.com\",\"potentialAction\":[{\"@type\":\"SearchAction\",\"target\":{\"@type\":\"EntryPoint\",\"urlTemplate\":\"https:\/\/www.egon.com\/zh\/?s={search_term_string}\"},\"query-input\":{\"@type\":\"PropertyValueSpecification\",\"valueRequired\":true,\"valueName\":\"search_term_string\"}}],\"inLanguage\":\"pl-PL\"}]}<\/script>\n<!-- \/ Yoast SEO plugin. -->","yoast_head_json":{"title":"Geokodowanie, geoodniesienie i geolokalizacja: rozwi\u0105zania software","description":"Dok\u0142adne geokodowanie dowolnego adresu lub archiwum adres\u00f3w mi\u0119dzynarodowych. Wypr\u00f3buj EGON za Darmo!","robots":{"index":"index","follow":"follow","max-snippet":"max-snippet:-1","max-image-preview":"max-image-preview:large","max-video-preview":"max-video-preview:-1"},"canonical":"https:\/\/www.egon.com\/pl\/rozwiazania\/geokodowanie","og_locale":"pl_PL","og_type":"article","og_title":"Geokodowanie, geoodniesienie i geolokalizacja: rozwi\u0105zania software","og_description":"Dok\u0142adne geokodowanie dowolnego adresu lub archiwum adres\u00f3w mi\u0119dzynarodowych. Wypr\u00f3buj EGON za Darmo!","og_url":"https:\/\/www.egon.com\/pl\/rozwiazania\/geokodowanie","og_site_name":"Egon","article_modified_time":"2021-02-15T11:21:15+00:00","twitter_card":"summary_large_image","twitter_misc":{"Szacowany czas czytania":"2 minuty"},"schema":{"@context":"https:\/\/schema.org","@graph":[{"@type":"WebPage","@id":"https:\/\/www.egon.com\/pl\/rozwiazania\/geokodowanie","url":"https:\/\/www.egon.com\/pl\/rozwiazania\/geokodowanie","name":"Geokodowanie, geoodniesienie i geolokalizacja: rozwi\u0105zania software","isPartOf":{"@id":"https:\/\/www.egon.com\/zh\/#website"},"datePublished":"2017-09-19T12:47:34+00:00","dateModified":"2021-02-15T11:21:15+00:00","description":"Dok\u0142adne geokodowanie dowolnego adresu lub archiwum adres\u00f3w mi\u0119dzynarodowych. Wypr\u00f3buj EGON za Darmo!","breadcrumb":{"@id":"https:\/\/www.egon.com\/pl\/rozwiazania\/geokodowanie#breadcrumb"},"inLanguage":"pl-PL","potentialAction":[{"@type":"ReadAction","target":["https:\/\/www.egon.com\/pl\/rozwiazania\/geokodowanie"]}]},{"@type":"BreadcrumbList","@id":"https:\/\/www.egon.com\/pl\/rozwiazania\/geokodowanie#breadcrumb","itemListElement":[{"@type":"ListItem","position":1,"name":"Home","item":"https:\/\/www.egon.com\/pl"},{"@type":"ListItem","position":2,"name":"Rozwi\u0105zania","item":"https:\/\/www.egon.com\/pl\/rozwiazania"},{"@type":"ListItem","position":3,"name":"GEOKODOWANIE"}]},{"@type":"WebSite","@id":"https:\/\/www.egon.com\/zh\/#website","url":"https:\/\/www.egon.com\/zh\/","name":"Egon","description":"Normalizzazione indirizzi - Address validation - Egon.com","potentialAction":[{"@type":"SearchAction","target":{"@type":"EntryPoint","urlTemplate":"https:\/\/www.egon.com\/zh\/?s={search_term_string}"},"query-input":{"@type":"PropertyValueSpecification","valueRequired":true,"valueName":"search_term_string"}}],"inLanguage":"pl-PL"}]}},"_links":{"self":[{"href":"https:\/\/www.egon.com\/pl\/wp-json\/wp\/v2\/pages\/8070","targetHints":{"allow":["GET"]}}],"collection":[{"href":"https:\/\/www.egon.com\/pl\/wp-json\/wp\/v2\/pages"}],"about":[{"href":"https:\/\/www.egon.com\/pl\/wp-json\/wp\/v2\/types\/page"}],"author":[{"embeddable":true,"href":"https:\/\/www.egon.com\/pl\/wp-json\/wp\/v2\/users\/1"}],"replies":[{"embeddable":true,"href":"https:\/\/www.egon.com\/pl\/wp-json\/wp\/v2\/comments?post=8070"}],"version-history":[{"count":2,"href":"https:\/\/www.egon.com\/pl\/wp-json\/wp\/v2\/pages\/8070\/revisions"}],"predecessor-version":[{"id":17911,"href":"https:\/\/www.egon.com\/pl\/wp-json\/wp\/v2\/pages\/8070\/revisions\/17911"}],"up":[{"embeddable":true,"href":"https:\/\/www.egon.com\/pl\/wp-json\/wp\/v2\/pages\/8041"}],"wp:attachment":[{"href":"https:\/\/www.egon.com\/pl\/wp-json\/wp\/v2\/media?parent=8070"}],"curies":[{"name":"wp","href":"https:\/\/api.w.org\/{rel}","templated":true}]}}