{"id":8053,"date":"2017-09-19T12:01:32","date_gmt":"2017-09-19T12:01:32","guid":{"rendered":"https:\/\/egon.com\/?page_id=8053"},"modified":"2022-10-17T09:50:30","modified_gmt":"2022-10-17T09:50:30","slug":"normalizacja-adresow","status":"publish","type":"page","link":"https:\/\/www.egon.com\/pl\/rozwiazania\/normalizacja-adresow","title":{"rendered":"Europejskie I mi\u0119dzynarodowe Narz\u0119dzi do weryfikacji adres\u00f3w pocztowych"},"content":{"rendered":"[vc_row row_h_align=&#8221;grid&#8211;center&#8221; wrapper=&#8221;true&#8221; holder_class=&#8221;u-section-hero-two u-overlapped-hero-padding&#8221; holder_set_margin=&#8221;true&#8221; holder_margin=&#8221;u-margin-bottom-large&#8221;][vc_column row_width=&#8221;_desktop-9&#8243;]<div class=\"c-heading\"><h1 class=\" u-h1 u-text-bolder u-margin-bottom-none u-text-center\">Europejskie I mi\u0119dzynarodowe Narz\u0119dzi do weryfikacji adres\u00f3w pocztowych<\/h1><\/div>[vc_column_text txt_align=&#8221;u-text-center&#8221; set_margin=&#8221;true&#8221; margin=&#8221;u-margin-bottom-large&#8221;]Sprawdzanie adresu pocztowego jest podstawow\u0105 potrzeb\u0105 ka\u017cdego przedsi\u0119biorstwa pracuj\u0105cego z bazami o du\u017cej ilo\u015bci danych.[\/vc_column_text][vc_column_text txt_color=&#8221;u-text-color-invert&#8221; txt_align=&#8221;u-text-center&#8221;]WI\u0118CEJ INFORMACJI[\/vc_column_text]<div class=\"c-button-holder c-button-holder--center\"><a class=\"c-button c-button--center u-margin-right u-margin-bottom u-margin-left c-button--primary\" href=\"https:\/\/www.egon.com\/egon-demo\">BEZP\u0141ATNE WEB DEMO<\/a><\/div>[\/vc_column][\/vc_row][vc_row wrapper=&#8221;true&#8221;][vc_column]<div class=\"c-heading\"><h3 class=\" u-text-bolder\">OPROGRAMOWANIE DO WERYFIKACJI ADRESU POCZTOWEGO<\/h3><\/div>[vc_column_text]Proces weryfikacji adresu pocztowego polega na analizowaniu i korygowaniu niedok\u0142adno\u015bci lub niesp\u00f3jno\u015bci w adresie lub grupie adres\u00f3w (na przyk\u0142ad w bazie danych klient\u00f3w \/ dostawc\u00f3w). Celem jest sprowadzenie ka\u017cdego adresu do powszechnie zrozumia\u0142ej formy, kt\u00f3r\u0105 mo\u017cna \u0142atwo namierzy\u0107 z dowolnego systemu informatycznego. Sprawdzaniem adres\u00f3w europejskich to nasza podstawowa dzia\u0142alno\u015b\u0107, ale zapewniamy r\u00f3wnie\u017c pe\u0142n\u0105 pomoc w przypadku ponad 250 kraj\u00f3w na ca\u0142ym \u015bwiecie za po\u015brednictwem <a href=\"https:\/\/www.egon.com\/pl\/ssposoby-uzytkowania\/batch\">weryfikacja serii adres\u00f3w <\/a>i poprzez <a href=\"https:\/\/www.egon.com\/pl\/ssposoby-uzytkowania\/on-line\">us\u0142ugi online<\/a>.<\/p>\n<p>Oprogramowanie Egon mo\u017cna zastosowa\u0107 do mi\u0119dzynarodowej weryfikacji adres\u00f3w, zosta\u0142o ono zaprojektowane specjalnie do precyzyjnego wykonywania i zautomatyzowania tych operacji poprzez precyzyjn\u0105 weryfikacj\u0119 poprawno\u015bci b\u0142\u0119d\u00f3w lub niekompletnych adres\u00f3w.\u00a0Koniec z problemami z pisowni\u0105 i b\u0142\u0119dnym formatowaniem, teraz, dzi\u0119ki interaktywnej kopii zapasowej naszego oprogramowania wyposa\u017conego w funkcjami czasu rzeczywistego, gdy operator bezpo\u015brednio wprowadza dane (w tym automatyczne dodawanie brakuj\u0105cych kod\u00f3w pocztowych).[\/vc_column_text][\/vc_column][\/vc_row][vc_row holder_set_margin=&#8221;true&#8221; holder_margin=&#8221;u-margin-bottom-large&#8221;][vc_column]<div class=\"templatera_shortcode\"><div class=\"o-holder u-background-color-one\"><div class=\" o-wrapper\"><div class=\"grid-1 u-deco-globe grid--equalHeight\"><div class=\"col _lap-and-up-8\" ><div class=\"o-holder u-padding-vertical-large\"><div class=\"grid-1\"><div class=\"col _lap-and-up-4\" ><div class=\"c-heading\"><h3 class=\" u-text-color-invert u-text-right\">Wypr\u00f3buj nasze oprogramowanie do weryfikacji adresu<\/h3><\/div><\/div><div class=\"col _lap-and-up-8\" ><div class=\"c-text-block u-text-color-invert\"><p><span>Weryfikacja adresu wymaga zestawu technik<\/span> maj\u0105cych na celu weryfikacj\u0119, popraw\u0119, aktualizacj\u0119, deduplikacj\u0119 i w razie konieczno\u015bci wzbogacenie danych zarchiwizowanych lub przechowywanych w pojedynczej bazie danych lub kilku r\u00f3\u017cnych bazach danych.<\/p>\n<p class=\"p1\">Egon od razu sprawdzi poprawno\u015b\u0107 informacji. Weryfikacja sprawdza b\u0142\u0119dy gramatyczne (podw\u00f3jne litery, odst\u0119py itd.), nieaktualne zapisy, duplikaty danych i a potem uzupe\u0142nia adres, wzbogacony o wszelkie brakuj\u0105ce informacje (kod pocztowy, pa\u0144stwo, wojew\u00f3dztwo, kraj itp.).<\/p>\n <\/div><\/div>\n<\/div><\/div><\/div><div class=\"col _lap-and-up-4\" ><div class=\"col_inner u-padding-vertical col_inner--middle\"><div class=\"c-button-holder c-button-holder--center\"><a class=\"c-button u-text-bold c-button--center c-button--white\" href=\"https:\/\/www.egon.com\/egon-demo\">Wypr\u00f3buj nasze BEZP\u0141ATNE WEB DEMO!<\/a><\/div><\/div><\/div>\n<\/div><\/div><\/div><\/div>[\/vc_column][\/vc_row][vc_row wrapper=&#8221;true&#8221;][vc_column]<div class=\"c-heading\"><h3 class=\" u-text-bolder\">ZAKRES STOSOWANIA<\/h3><\/div>[\/vc_column][\/vc_row][vc_row wrapper=&#8221;true&#8221;][vc_column width=&#8221;1\/3&#8243;]<div class=\"c-image\"><img loading=\"lazy\" decoding=\"async\" width=\"500\" height=\"472\" src=\"https:\/\/www.egon.com\/wp-content\/uploads\/2017\/09\/normalizacja-adresow-1.jpg\" class=\" aligncenter\" alt=\"normalizacja adresow\" srcset=\"https:\/\/www.egon.com\/wp-content\/uploads\/2017\/09\/normalizacja-adresow-1.jpg 500w, https:\/\/www.egon.com\/wp-content\/uploads\/2017\/09\/normalizacja-adresow-1-318x300.jpg 318w\" sizes=\"auto, (max-width: 500px) 100vw, 500px\" \/><\/div>[\/vc_column][vc_column width=&#8221;2\/3&#8243;][vc_column_text]Z\u0142o\u017cony zestaw regu\u0142 zosta\u0142 opracowany do analizy i weryfikacji adres\u00f3w pocztowych na podstawie wielu czynnik\u00f3w, takich jak puste przestrzenie mi\u0119dzy s\u0142owami wej\u015bciowymi, kolejno\u015b\u0107 i inne elementy, kt\u00f3re s\u0105 powi\u0105zane z tabelami tezaurus\u00f3w, aby osi\u0105gn\u0105\u0107 jak najlepsze rezultaty.<\/p>\n<p>Egon mo\u017ce by\u0107 p\u0142ynnie zintegrowany z dowolnym rodzajem aplikacji (ERP, operacyjn\u0105, CRM, itp.) oraz standardowymi \u015brodowiskami oprogramowania (SAP, Oracle, Windows, itp.), co oznacza natychmiastowe zwi\u0119kszenie dzia\u0142alno\u015bci przedsi\u0119biorstwa we wszystkich zastosowaniach danych z precyzyjnymi funkcjami, o kt\u00f3rych kiedy\u015b mo\u017cna by\u0142o tylko pomarzy\u0107.<\/p>\n<p>Istnieje wiele kierunk\u00f3w zastosowania dla oprogramowania do weryfikacji adres\u00f3w pocztowych, pocz\u0105wszy od weryfikacji kilku pojedynczych baz danych, do mailingu (klasyczna obs\u0142uga sprzeda\u017cy wysy\u0142kowej), konwergencji pomi\u0119dzy r\u00f3\u017cnymi bazami danych lub migracji z system\u00f3w starych na nowe.<\/p>\n<p>Egon automatycznie integruje si\u0119 z Tob\u0105, gdy wprowadzasz dane, koryguje b\u0142\u0119dy, sprawdza poprawno\u015b\u0107 adres\u00f3w i dba o ich standaryzacj\u0119 do oficjalnego formatu.<\/p>\n<p>Egon to jednak te\u017c co\u015b wi\u0119cej, posiada on wiele u\u017cytecznych i zaawansowanych funkcji, na przyk\u0142ad podpowiedzi w czasie rzeczywistym, co oznacza, \u017ce \u200b\u200bgdy wprowadzisz tylko kilka p\u00f3l w formularzu wej\u015bciowym, Egon automatycznie wype\u0142nia pozosta\u0142e, co sprawia, \u017ce \u200b\u200bca\u0142y proces dokonuje si\u0119 du\u017co szybciej, a pracuje si\u0119 du\u017co \u0142atwiej.[\/vc_column_text][\/vc_column][\/vc_row][vc_row wrapper=&#8221;true&#8221; holder_set_margin=&#8221;true&#8221; holder_margin=&#8221;u-margin-bottom-large&#8221;][vc_column inner_bg_fx=&#8221;u-background-color-six&#8221; set_padding_inner=&#8221;true&#8221; padding_inner=&#8221;u-padding&#8221;][vc_column_text txt_color=&#8221;u-text-color-invert&#8221;]\n<h3>A JE\u015aLI MUSZ\u0118 ZWERYFKOWA\u0106 DU\u017b\u0104 ILO\u015a\u0106 ADRES\u00d3W NARAZ?<\/h3>\n<p>Nie ma problemu! Opr\u00f3cz funkcji czasu rzeczywistego, Egon umo\u017cliwia tak\u017ce us\u0142uga weryfikacji serii: system pracuje w\u00f3wczas na ca\u0142ych bazach danych lub r\u00f3\u017cne formaty plik\u00f3w (csv, xml itp.), a potem analizuje i przetwarza je, aby zwr\u00f3ci\u0107 je do Ciebie w pe\u0142ni zweryfikowanie i zdeduplikowane.[\/vc_column_text]<div class=\"c-button-holder c-button-holder--center\"><a class=\"c-button c-button--center c-button--white  c-button--ghost\" href=\"https:\/\/www.egon.com\/methodology\/batch\">Wi\u0119cej informacji<\/a><\/div>[\/vc_column][\/vc_row][vc_row wrapper=&#8221;true&#8221;][vc_column]<div class=\"c-heading\"><h3 class=\" u-text-bolder\">OPROGRAMOWANIE DO WERYFIKACJI ADRES\u00d3W POCZTOWYCH W EUROPIE I CO DALEJ?<\/h3><\/div>[vc_column_text]Algorytm, na kt\u00f3rym opiera si\u0119 oprogramowanie Egon, umo\u017cliwia r\u00f3wnie\u017c obs\u0142ug\u0119 danych osobowych (przyk\u0142ady weryfikacj\u0119 danych osobowych obejmuj\u0105cych kod podatkowy, dokumenty to\u017csamo\u015bci itd.), w tym tytu\u0142y i r\u00f3\u017cne typy danych bankowych, zwracaj\u0105c dane wyj\u015bciowe w uniwersalnym standardowym formacie. Weryfikowa\u0107 mo\u017cna bazy danych zar\u00f3wno os\u00f3b fizycznych jak i prawnych.<\/p>\n<p>Egon gwarantuje doskona\u0142e wyniki czyszczenia baz danych, w celu r\u0119cznego korygowania wszelkich rekord\u00f3w, kt\u00f3re zosta\u0142y odrzucone przez proces automatyczny.<\/p>\n<p>Dzi\u0119ki naszym us\u0142ugom wysokiej jako\u015bci jeste\u015bmy w stanie zagwarantowa\u0107 globalny zasi\u0119g (weryfikacja adres\u00f3w w Europie i w krajach na ca\u0142ym \u015bwiecie). Nasza firma od lat specjalizuje si\u0119 w \u015bwiadczeniu us\u0142ug w zakresie weryfikacji adres\u00f3w europejskich, deduplikacji i jako\u015bci danych, nasza siedziba znajduje si\u0119 we W\u0142oszech, w Weronie (w samym sercu Wenecji Euganejskiej region).[\/vc_column_text][\/vc_column][\/vc_row][vc_row][vc_column]<div class=\"templatera_shortcode\"><div class=\"o-holder u-background-ca-one u-padding-vertical-large\"><div class=\" o-wrapper\"><div class=\"grid-1\"><div class=\"col _lap-and-up-12\" ><div class=\"c-heading\"><h3 class=\" u-text-color-invert u-text-center\">ODKRYJ JAK NASZE ZARZ\u0104DZAJ\u0104CE DANYMI OPROGRAMOWANIE MO\u017bE POM\u00d3C CI ROZWIN\u0104\u0106 TWOJ\u0104 FIRM\u0118!<\/h3><\/div><div class=\"c-button-holder c-button-holder--center\"><a class=\"c-button u-text-bold c-button--center c-button--white  c-button--ghost\" href=\"https:\/\/www.egon.com\/company\/contact-us\">SKONTAKTUJ SI\u0118 Z NAMI<\/a><\/div><\/div>\n<\/div><\/div><\/div>\r\n<\/div>[\/vc_column][\/vc_row]\n","protected":false},"excerpt":{"rendered":"ODKRYJ JAK NASZE ZARZ\u0104DZAJ\u0104CE DANYMI OPROGRAMOWANIE MO\u017bE POM\u00d3C CI ROZWIN\u0104\u0106 TWOJ\u0104 FIRM\u0118!SKONTAKTUJ SI\u0118 Z NAMI","protected":false},"author":1,"featured_media":0,"parent":8041,"menu_order":0,"comment_status":"closed","ping_status":"closed","template":"templates\/template-fullwidth.php","meta":{"footnotes":""},"class_list":["post-8053","page","type-page","status-publish","hentry"],"yoast_head":"<!-- This site is optimized with the Yoast SEO plugin v26.8 - https:\/\/yoast.com\/product\/yoast-seo-wordpress\/ -->\n<title>Normalizacja adres\u00f3w b\u0142\u0119dnych lub niekompletnych: wybierz Egon<\/title>\n<meta name=\"description\" content=\"Normalizacja mi\u0119dzynarodowych adres\u00f3w pocztowych i uzupe\u0142nianie brakuj\u0105cych danych (np. dopisywanie kod\u00f3w pocztowych): wybierz oprogramowanie EGON\" \/>\n<meta name=\"robots\" content=\"index, follow, max-snippet:-1, max-image-preview:large, max-video-preview:-1\" \/>\n<link rel=\"canonical\" href=\"https:\/\/www.egon.com\/pl\/rozwiazania\/normalizacja-adresow\" \/>\n<meta property=\"og:locale\" content=\"pl_PL\" \/>\n<meta property=\"og:type\" content=\"article\" \/>\n<meta property=\"og:title\" content=\"Normalizacja adres\u00f3w b\u0142\u0119dnych lub niekompletnych: wybierz Egon\" \/>\n<meta property=\"og:description\" content=\"Normalizacja mi\u0119dzynarodowych adres\u00f3w pocztowych i uzupe\u0142nianie brakuj\u0105cych danych (np. dopisywanie kod\u00f3w pocztowych): wybierz oprogramowanie EGON\" \/>\n<meta property=\"og:url\" content=\"https:\/\/www.egon.com\/pl\/rozwiazania\/normalizacja-adresow\" \/>\n<meta property=\"og:site_name\" content=\"Egon\" \/>\n<meta property=\"article:modified_time\" content=\"2022-10-17T09:50:30+00:00\" \/>\n<meta name=\"twitter:card\" content=\"summary_large_image\" \/>\n<meta name=\"twitter:label1\" content=\"Szacowany czas czytania\" \/>\n\t<meta name=\"twitter:data1\" content=\"3 minuty\" \/>\n<script type=\"application\/ld+json\" class=\"yoast-schema-graph\">{\"@context\":\"https:\/\/schema.org\",\"@graph\":[{\"@type\":\"WebPage\",\"@id\":\"https:\/\/www.egon.com\/pl\/rozwiazania\/normalizacja-adresow\",\"url\":\"https:\/\/www.egon.com\/pl\/rozwiazania\/normalizacja-adresow\",\"name\":\"Normalizacja adres\u00f3w b\u0142\u0119dnych lub niekompletnych: wybierz Egon\",\"isPartOf\":{\"@id\":\"https:\/\/www.egon.com\/zh\/#website\"},\"datePublished\":\"2017-09-19T12:01:32+00:00\",\"dateModified\":\"2022-10-17T09:50:30+00:00\",\"description\":\"Normalizacja mi\u0119dzynarodowych adres\u00f3w pocztowych i uzupe\u0142nianie brakuj\u0105cych danych (np. dopisywanie kod\u00f3w pocztowych): wybierz oprogramowanie EGON\",\"breadcrumb\":{\"@id\":\"https:\/\/www.egon.com\/pl\/rozwiazania\/normalizacja-adresow#breadcrumb\"},\"inLanguage\":\"pl-PL\",\"potentialAction\":[{\"@type\":\"ReadAction\",\"target\":[\"https:\/\/www.egon.com\/pl\/rozwiazania\/normalizacja-adresow\"]}]},{\"@type\":\"BreadcrumbList\",\"@id\":\"https:\/\/www.egon.com\/pl\/rozwiazania\/normalizacja-adresow#breadcrumb\",\"itemListElement\":[{\"@type\":\"ListItem\",\"position\":1,\"name\":\"Home\",\"item\":\"https:\/\/www.egon.com\/pl\"},{\"@type\":\"ListItem\",\"position\":2,\"name\":\"Rozwi\u0105zania\",\"item\":\"https:\/\/www.egon.com\/pl\/rozwiazania\"},{\"@type\":\"ListItem\",\"position\":3,\"name\":\"Europejskie I mi\u0119dzynarodowe Narz\u0119dzi do weryfikacji adres\u00f3w pocztowych\"}]},{\"@type\":\"WebSite\",\"@id\":\"https:\/\/www.egon.com\/zh\/#website\",\"url\":\"https:\/\/www.egon.com\/zh\/\",\"name\":\"Egon\",\"description\":\"Normalizzazione indirizzi - Address validation - Egon.com\",\"potentialAction\":[{\"@type\":\"SearchAction\",\"target\":{\"@type\":\"EntryPoint\",\"urlTemplate\":\"https:\/\/www.egon.com\/zh\/?s={search_term_string}\"},\"query-input\":{\"@type\":\"PropertyValueSpecification\",\"valueRequired\":true,\"valueName\":\"search_term_string\"}}],\"inLanguage\":\"pl-PL\"}]}<\/script>\n<!-- \/ Yoast SEO plugin. -->","yoast_head_json":{"title":"Normalizacja adres\u00f3w b\u0142\u0119dnych lub niekompletnych: wybierz Egon","description":"Normalizacja mi\u0119dzynarodowych adres\u00f3w pocztowych i uzupe\u0142nianie brakuj\u0105cych danych (np. dopisywanie kod\u00f3w pocztowych): wybierz oprogramowanie EGON","robots":{"index":"index","follow":"follow","max-snippet":"max-snippet:-1","max-image-preview":"max-image-preview:large","max-video-preview":"max-video-preview:-1"},"canonical":"https:\/\/www.egon.com\/pl\/rozwiazania\/normalizacja-adresow","og_locale":"pl_PL","og_type":"article","og_title":"Normalizacja adres\u00f3w b\u0142\u0119dnych lub niekompletnych: wybierz Egon","og_description":"Normalizacja mi\u0119dzynarodowych adres\u00f3w pocztowych i uzupe\u0142nianie brakuj\u0105cych danych (np. dopisywanie kod\u00f3w pocztowych): wybierz oprogramowanie EGON","og_url":"https:\/\/www.egon.com\/pl\/rozwiazania\/normalizacja-adresow","og_site_name":"Egon","article_modified_time":"2022-10-17T09:50:30+00:00","twitter_card":"summary_large_image","twitter_misc":{"Szacowany czas czytania":"3 minuty"},"schema":{"@context":"https:\/\/schema.org","@graph":[{"@type":"WebPage","@id":"https:\/\/www.egon.com\/pl\/rozwiazania\/normalizacja-adresow","url":"https:\/\/www.egon.com\/pl\/rozwiazania\/normalizacja-adresow","name":"Normalizacja adres\u00f3w b\u0142\u0119dnych lub niekompletnych: wybierz Egon","isPartOf":{"@id":"https:\/\/www.egon.com\/zh\/#website"},"datePublished":"2017-09-19T12:01:32+00:00","dateModified":"2022-10-17T09:50:30+00:00","description":"Normalizacja mi\u0119dzynarodowych adres\u00f3w pocztowych i uzupe\u0142nianie brakuj\u0105cych danych (np. dopisywanie kod\u00f3w pocztowych): wybierz oprogramowanie EGON","breadcrumb":{"@id":"https:\/\/www.egon.com\/pl\/rozwiazania\/normalizacja-adresow#breadcrumb"},"inLanguage":"pl-PL","potentialAction":[{"@type":"ReadAction","target":["https:\/\/www.egon.com\/pl\/rozwiazania\/normalizacja-adresow"]}]},{"@type":"BreadcrumbList","@id":"https:\/\/www.egon.com\/pl\/rozwiazania\/normalizacja-adresow#breadcrumb","itemListElement":[{"@type":"ListItem","position":1,"name":"Home","item":"https:\/\/www.egon.com\/pl"},{"@type":"ListItem","position":2,"name":"Rozwi\u0105zania","item":"https:\/\/www.egon.com\/pl\/rozwiazania"},{"@type":"ListItem","position":3,"name":"Europejskie I mi\u0119dzynarodowe Narz\u0119dzi do weryfikacji adres\u00f3w pocztowych"}]},{"@type":"WebSite","@id":"https:\/\/www.egon.com\/zh\/#website","url":"https:\/\/www.egon.com\/zh\/","name":"Egon","description":"Normalizzazione indirizzi - Address validation - Egon.com","potentialAction":[{"@type":"SearchAction","target":{"@type":"EntryPoint","urlTemplate":"https:\/\/www.egon.com\/zh\/?s={search_term_string}"},"query-input":{"@type":"PropertyValueSpecification","valueRequired":true,"valueName":"search_term_string"}}],"inLanguage":"pl-PL"}]}},"_links":{"self":[{"href":"https:\/\/www.egon.com\/pl\/wp-json\/wp\/v2\/pages\/8053","targetHints":{"allow":["GET"]}}],"collection":[{"href":"https:\/\/www.egon.com\/pl\/wp-json\/wp\/v2\/pages"}],"about":[{"href":"https:\/\/www.egon.com\/pl\/wp-json\/wp\/v2\/types\/page"}],"author":[{"embeddable":true,"href":"https:\/\/www.egon.com\/pl\/wp-json\/wp\/v2\/users\/1"}],"replies":[{"embeddable":true,"href":"https:\/\/www.egon.com\/pl\/wp-json\/wp\/v2\/comments?post=8053"}],"version-history":[{"count":2,"href":"https:\/\/www.egon.com\/pl\/wp-json\/wp\/v2\/pages\/8053\/revisions"}],"predecessor-version":[{"id":19521,"href":"https:\/\/www.egon.com\/pl\/wp-json\/wp\/v2\/pages\/8053\/revisions\/19521"}],"up":[{"embeddable":true,"href":"https:\/\/www.egon.com\/pl\/wp-json\/wp\/v2\/pages\/8041"}],"wp:attachment":[{"href":"https:\/\/www.egon.com\/pl\/wp-json\/wp\/v2\/media?parent=8053"}],"curies":[{"name":"wp","href":"https:\/\/api.w.org\/{rel}","templated":true}]}}