{"id":7698,"date":"2017-09-08T13:12:56","date_gmt":"2017-09-08T13:12:56","guid":{"rendered":"https:\/\/egon.com\/?page_id=7698"},"modified":"2019-02-20T10:46:39","modified_gmt":"2019-02-20T10:46:39","slug":"aplikacje","status":"publish","type":"page","link":"https:\/\/www.egon.com\/pl\/aplikacje","title":{"rendered":"Applications"},"content":{"rendered":"[vc_row row_h_align=&#8221;grid&#8211;center&#8221; wrapper=&#8221;true&#8221; holder_class=&#8221;u-section-hero-applications u-overlapped-hero-padding&#8221; holder_set_margin=&#8221;true&#8221; holder_margin=&#8221;u-margin-bottom-large&#8221;][vc_column row_width=&#8221;_desktop-9&#8243;][vc_column_text]\n<h3 class=\"u-text-large\">APLIKACJE<\/h3>\n<p class=\"u-text-thinner u-h3\">Zweryfikuj, przeprowad\u017a deduplikacj\u0119 i zachowaj dok\u0142adne i mo\u017cliwe do dostarczenia dane adresowe.<\/p>\n[\/vc_column_text]<a class=\"c-button u-margin-bottom c-button--primary\" href=\"https:\/\/www.egon.com\/pl\/firma\/kontakty\">PRO\u015aBA O INFORMACJE<\/a><a class=\"c-button u-margin-right u-margin-bottom u-margin-left c-button--secondary\" href=\"https:\/\/www.egon.com\/egon-demo\">BEZP\u0141ATNE WEB DEMO <\/a>[vc_column_text]\n<ul>\n<li><em>Weryfikacja partii baz danych zawieraj\u0105cych tysi\u0105ce adres\u00f3w i danych kontaktowych<\/em><\/li>\n<li><em>Weryfikacja w czasie rzeczywistym z propozycj\u0105 i autouzupe\u0142nieniem w witrynie lub aplikacji<\/em><\/li>\n<li><em>Transliteracja i formatowanie poczty, gotowe do wysy\u0142ki<\/em><\/li>\n<\/ul>\n[\/vc_column_text][\/vc_column][\/vc_row][vc_row wrapper=&#8221;true&#8221;][vc_column width=&#8221;2\/3&#8243;][vc_column_text]<span>System Relacji z Klientami (CRM)<\/span>: wsparcie dla aplikacji CRM w celu optymalizacji akcji promocyjnych.<\/p>\n<p><span>Data Warehousing<\/span>: rozpoznanie i integracja danych pochodz\u0105cych z r\u00f3\u017cnych \u017ar\u00f3de\u0142, gwarancja wydajno\u015bci, poprawno\u015bci i jednoznaczno\u015bci informacji oraz ich bezustanna aktualizacja.<span>\u00a0\u00a0<\/span><\/p>\n<p><span>Migracja<\/span>: u\u0142atwia migracj\u0119 do \u201enowych system\u00f3w\u201d, poprzez zastosowanie dynamicznych narz\u0119dzi pobierania, opracowywania i konwersji informacji.<\/p>\n<p><span>Enterprise Resource Planning (ERP)<\/span>: wsparcie dla zarz\u0105dzania danymi bezpo\u015brednio wewn\u0105trz aplikacji \u00a0ERP..<\/p>\n<p><span>E-business<\/span>: wsparcie dla projekt\u00f3w e-business i aplikacji internetowych, z bezpo\u015brednim filtrowaniem b\u0142\u0119d\u00f3w powstaj\u0105cych podczas rejestracji u\u017cytkownik\u00f3w.<\/p>\n<p><span>Mailing<\/span>: dla kampanii mailingowych, w celu optymalizacji efektywno\u015bci wysy\u0142ek, identyfikacja niepo\u017c\u0105danych obszar\u00f3w lub podmiot\u00f3w (screening), przygotowywanie i porz\u0105dkowanie danych zgodnie z zadanymi regu\u0142ami (formatowanie), gwarancja dostarczenia wysy\u0142ki w kr\u00f3tkim czasie.<\/p>\n<p><span>Kampanie Marketingu Bezpo\u015bredniego<\/span>: podczas operacji Marketingu Bezpo\u015bredniego cz\u0119sto jako\u015b\u0107 danych dostarczanych przez klient\u00f3w jest niewystarczaj\u0105ca. Wykonanie normalizacji list przed wykonaniem kampanii zapobiega zwrotom przesy\u0142ek i eliminuje niepotrzebne koszty, cz\u0119sto niema\u0142e, spowodowane ponownym wysy\u0142aniem informacji. Dodatkowo, redukuje znacznie ca\u0142kowity czas i koszty zarz\u0105dzania kampani\u0105.<\/p>\n<p><span>Call Center<\/span>: operatorzy call center pracuj\u0105 zawsze pod presj\u0105 up\u0142ywaj\u0105cego czasu, dlatego te\u017c wysoka jako\u015b\u0107 i dok\u0142adno\u015b\u0107 informacji s\u0105 dla nich niezb\u0119dne. Automatyczna kontrola danych wprowadzanych przez operator\u00f3w call center umo\u017cliwia zredukowanie b\u0142\u0119d\u00f3w do minimum oraz konsekwentn\u0105 optymalizacj\u0119 czasu i koszt\u00f3w.<\/p>\n<p><span>Portale web<\/span>: dane pochodz\u0105ce z Internetu, zar\u00f3wno te wprowadzone bezpo\u015brednio przez klient\u00f3w, jak i znalezione, s\u0105 cz\u0119sto niewystarczaj\u0105ce lub b\u0142\u0119dne. Us\u0142uga normalizacji, pod\u0142\u0105czona do internetowego formularza rejestracyjnego klient\u00f3w, gwarantuje lepsz\u0105 jako\u015b\u0107 i precyzj\u0119 cennych informacji.<\/p>\n<p><span>Data entry<\/span>: w przypadku, gdy dane s\u0105 wprowadzane przez zewn\u0119trzne jednostki opracowywania danych lub w innych kontekstach, przez niewyspecjalizowany personel, poprawna kompilacja wprowadzonych informacji stanowi gwarancj\u0119 jako\u015bci danych i redukcji koszt\u00f3w.<\/p>\n<p><span>Wydawnictwa<\/span>: firmy wysy\u0142aj\u0105ce katalogi i broszury z opisem produkt\u00f3w drog\u0105 pocztow\u0105, wiedz\u0105 z do\u015bwiadczenia ile trudu wymaga ci\u0105g\u0142e zarz\u0105dzanie niepoprawnymi wysy\u0142kami oraz ponowna kontrola adres\u00f3w. System normalizacji jPuzzle oferuje rozwi\u0105zanie dla ca\u0142ej gamy problem\u00f3w zwi\u0105zanych z informacjami adresowymi, jak na przyk\u0142ad zmiany kodu pocztowego, kt\u00f3re s\u0105 zarz\u0105dzane automatycznie, r\u00f3wnie\u017c dla adres\u00f3w ju\u017c nieaktualnych.[\/vc_column_text][\/vc_column][vc_column width=&#8221;1\/3&#8243;]<div class=\"templatera_shortcode\"><div class=\"grid-1\"><div class=\"col _lap-and-up-12\" ><div class=\"c-cta c-cta--style-one\"><a href=\"https:\/\/www.egon.com\/egon-demo\" class=\"c-cta__link\"><div class=\"c-cta__content\"><div class=\"c-cta__label-one\">DARMOWE DEMO ONLINE<\/div><div class=\"c-cta__label-two\">Wypr\u00f3buj teraz darmowy demo online!<\/div><span class=\"c-button c-button--center c-button--white c-cta__button\">Wypr\u00f3buj teraz<\/span><\/div><?xml version=\"1.0\" encoding=\"utf-8\"?>\r\n\t<svg class=\"c-cta__symbol\" xmlns=\"http:\/\/www.w3.org\/2000\/svg\" width=\"487\" height=\"487\" viewBox=\"0 0 487 487\">\r\n\t\t<path fill=\"none\" fill-rule=\"evenodd\" stroke=\"#FFF\" stroke-dasharray=\"2,5\" d=\"M243.5 1C109.789 1 1 109.783 1 243.5 1 377.217 109.789 486 243.5 486 377.21 486 486 377.217 486 243.5 486 109.783 377.21 1 243.5 1zM24.68 255.048h92.092c.783 33.126 4.86 64.271 11.692 92.38H50.342c-14.988-27.744-23.918-59.122-25.662-92.38zm230.368-138.572V25.617c29.453 7.246 55.552 41.763 72.447 90.86h-72.447zm79.523 23.095c7.316 27.895 11.708 59.33 12.571 92.381h-92.094v-92.38h79.523zM231.952 25.617v90.86h-72.447c16.895-49.097 42.994-83.614 72.447-90.86zm0 113.954v92.381h-92.094c.862-33.05 5.255-64.486 12.57-92.38h79.524zm-115.18 92.381H24.68c1.744-33.258 10.674-64.636 25.662-92.38h78.122c-6.832 28.109-10.91 59.254-11.692 92.38zm23.086 23.096h92.094v92.38h-79.524c-7.315-27.894-11.708-59.33-12.57-92.38zm92.094 115.476v90.859c-29.453-7.246-55.552-41.763-72.447-90.86h72.447zm23.096 90.859v-90.86h72.447c-16.895 49.097-42.994 83.614-72.447 90.86zm0-113.954v-92.381h92.094c-.863 33.05-5.255 64.486-12.57 92.38h-79.524zm115.18-92.381h92.091c-1.744 33.258-10.673 64.636-25.661 92.38h-78.122c6.832-28.109 10.909-59.254 11.692-92.38zm0-23.096c-.783-33.126-4.86-64.271-11.692-92.38h78.122c14.988 27.744 23.917 59.122 25.661 92.38h-92.091zm51.834-115.476h-69.968c-10.85-34.233-25.98-62.62-44.145-82.687 46.56 14.34 86.422 43.878 114.113 82.687zM179.05 33.79c-18.164 20.067-33.295 48.454-44.144 82.687H64.938C92.629 77.667 132.49 48.128 179.05 33.79zM64.938 370.524h69.968c10.849 34.233 25.98 62.62 44.144 82.687-46.56-14.34-86.421-43.878-114.112-82.687zm243.011 82.687c18.165-20.067 33.296-48.454 44.145-82.687h69.968c-27.691 38.809-67.553 68.348-114.113 82.687z\" opacity=\".9\"\/>\r\n\t<\/svg><\/a><\/div><\/div>\n<\/div><div class=\"grid-1\"><div class=\"col _lap-and-up-12\" ><div class=\"c-lbox c-lbox--style-one\"><a href=\"https:\/\/www.egon.com\/web-in-the-cloud\" class=\"c-lbox__link\"><div class=\"c-lbox__content\"><div class=\"c-lbox__label-one\">Egon Web<\/div><div class=\"c-lbox__label-two\">IN THE CLOUD<\/div><\/div><?xml version=\"1.0\" encoding=\"UTF-8\"?>\r\n\t<svg class=\"c-lbox__arrow\" width=\"11px\" height=\"25px\" viewBox=\"0 0 11 25\" version=\"1.1\" xmlns=\"http:\/\/www.w3.org\/2000\/svg\" xmlns:xlink=\"http:\/\/www.w3.org\/1999\/xlink\">\r\n\t\t<g id=\"Page-1\" stroke=\"none\" stroke-width=\"1\" fill=\"none\" fill-rule=\"evenodd\" stroke-linecap=\"round\" stroke-linejoin=\"round\">\r\n\t\t\t<g id=\"Egon-Batch-Sidebar\" class=\"line\" transform=\"translate(-1337.000000, -463.000000)\" stroke=\"#42CFF4\">\r\n\t\t\t\t<polyline id=\"Path\" points=\"1338.1 463.1 1346.9 475.2 1338.1 487.3\"><\/polyline>\r\n\t\t\t<\/g>\r\n\t\t<\/g>\r\n\t<\/svg><\/a><\/div><div class=\"c-lbox c-lbox--style-two\"><a href=\"https:\/\/www.egon.com\/on-site-on-premises\" class=\"c-lbox__link\"><div class=\"c-lbox__content\"><div class=\"c-lbox__label-one\">Egon OnSite<\/div><div class=\"c-lbox__label-two\">ON PREMISES<\/div><\/div><?xml version=\"1.0\" encoding=\"UTF-8\"?>\r\n\t<svg class=\"c-lbox__arrow\" width=\"11px\" height=\"25px\" viewBox=\"0 0 11 25\" version=\"1.1\" xmlns=\"http:\/\/www.w3.org\/2000\/svg\" xmlns:xlink=\"http:\/\/www.w3.org\/1999\/xlink\">\r\n\t\t<g id=\"Page-1\" stroke=\"none\" stroke-width=\"1\" fill=\"none\" fill-rule=\"evenodd\" stroke-linecap=\"round\" stroke-linejoin=\"round\">\r\n\t\t\t<g id=\"Egon-Batch-Sidebar\" class=\"line\" transform=\"translate(-1337.000000, -463.000000)\" stroke=\"#42CFF4\">\r\n\t\t\t\t<polyline id=\"Path\" points=\"1338.1 463.1 1346.9 475.2 1338.1 487.3\"><\/polyline>\r\n\t\t\t<\/g>\r\n\t\t<\/g>\r\n\t<\/svg><\/a><\/div><\/div>\n<\/div>\r\n<\/div>[\/vc_column][\/vc_row]\n","protected":false},"excerpt":{"rendered":"DARMOWE DEMO ONLINEWypr\u00f3buj teraz darmowy demo online!Wypr\u00f3buj teraz Egon WebIN THE CLOUD Egon OnSiteON PREMISES","protected":false},"author":1,"featured_media":0,"parent":0,"menu_order":0,"comment_status":"closed","ping_status":"closed","template":"templates\/template-fullwidth.php","meta":{"footnotes":""},"class_list":["post-7698","page","type-page","status-publish","hentry"],"yoast_head":"<!-- This site is optimized with the Yoast SEO plugin v26.8 - https:\/\/yoast.com\/product\/yoast-seo-wordpress\/ -->\n<title>Egon: profesjonalne zastosowanie oprogramowania data quality.<\/title>\n<meta name=\"description\" content=\"Egon. Profesjonalne zastosowanie naszego oprogramowania dla normalizacji i geokodowania. Bezp\u0142atne web demo!\" \/>\n<meta name=\"robots\" content=\"index, follow, max-snippet:-1, max-image-preview:large, max-video-preview:-1\" \/>\n<link rel=\"canonical\" href=\"https:\/\/www.egon.com\/pl\/aplikacje\" \/>\n<meta property=\"og:locale\" content=\"pl_PL\" \/>\n<meta property=\"og:type\" content=\"article\" \/>\n<meta property=\"og:title\" content=\"Egon: profesjonalne zastosowanie oprogramowania data quality.\" \/>\n<meta property=\"og:description\" content=\"Egon. Profesjonalne zastosowanie naszego oprogramowania dla normalizacji i geokodowania. Bezp\u0142atne web demo!\" \/>\n<meta property=\"og:url\" content=\"https:\/\/www.egon.com\/pl\/aplikacje\" \/>\n<meta property=\"og:site_name\" content=\"Egon\" \/>\n<meta property=\"article:modified_time\" content=\"2019-02-20T10:46:39+00:00\" \/>\n<meta name=\"twitter:card\" content=\"summary_large_image\" \/>\n<meta name=\"twitter:label1\" content=\"Szacowany czas czytania\" \/>\n\t<meta name=\"twitter:data1\" content=\"3 minuty\" \/>\n<script type=\"application\/ld+json\" class=\"yoast-schema-graph\">{\"@context\":\"https:\/\/schema.org\",\"@graph\":[{\"@type\":\"WebPage\",\"@id\":\"https:\/\/www.egon.com\/pl\/aplikacje\",\"url\":\"https:\/\/www.egon.com\/pl\/aplikacje\",\"name\":\"Egon: profesjonalne zastosowanie oprogramowania data quality.\",\"isPartOf\":{\"@id\":\"https:\/\/www.egon.com\/zh\/#website\"},\"datePublished\":\"2017-09-08T13:12:56+00:00\",\"dateModified\":\"2019-02-20T10:46:39+00:00\",\"description\":\"Egon. Profesjonalne zastosowanie naszego oprogramowania dla normalizacji i geokodowania. Bezp\u0142atne web demo!\",\"breadcrumb\":{\"@id\":\"https:\/\/www.egon.com\/pl\/aplikacje#breadcrumb\"},\"inLanguage\":\"pl-PL\",\"potentialAction\":[{\"@type\":\"ReadAction\",\"target\":[\"https:\/\/www.egon.com\/pl\/aplikacje\"]}]},{\"@type\":\"BreadcrumbList\",\"@id\":\"https:\/\/www.egon.com\/pl\/aplikacje#breadcrumb\",\"itemListElement\":[{\"@type\":\"ListItem\",\"position\":1,\"name\":\"Home\",\"item\":\"https:\/\/www.egon.com\/pl\"},{\"@type\":\"ListItem\",\"position\":2,\"name\":\"Applications\"}]},{\"@type\":\"WebSite\",\"@id\":\"https:\/\/www.egon.com\/zh\/#website\",\"url\":\"https:\/\/www.egon.com\/zh\/\",\"name\":\"Egon\",\"description\":\"Normalizzazione indirizzi - Address validation - Egon.com\",\"potentialAction\":[{\"@type\":\"SearchAction\",\"target\":{\"@type\":\"EntryPoint\",\"urlTemplate\":\"https:\/\/www.egon.com\/zh\/?s={search_term_string}\"},\"query-input\":{\"@type\":\"PropertyValueSpecification\",\"valueRequired\":true,\"valueName\":\"search_term_string\"}}],\"inLanguage\":\"pl-PL\"}]}<\/script>\n<!-- \/ Yoast SEO plugin. -->","yoast_head_json":{"title":"Egon: profesjonalne zastosowanie oprogramowania data quality.","description":"Egon. Profesjonalne zastosowanie naszego oprogramowania dla normalizacji i geokodowania. Bezp\u0142atne web demo!","robots":{"index":"index","follow":"follow","max-snippet":"max-snippet:-1","max-image-preview":"max-image-preview:large","max-video-preview":"max-video-preview:-1"},"canonical":"https:\/\/www.egon.com\/pl\/aplikacje","og_locale":"pl_PL","og_type":"article","og_title":"Egon: profesjonalne zastosowanie oprogramowania data quality.","og_description":"Egon. Profesjonalne zastosowanie naszego oprogramowania dla normalizacji i geokodowania. Bezp\u0142atne web demo!","og_url":"https:\/\/www.egon.com\/pl\/aplikacje","og_site_name":"Egon","article_modified_time":"2019-02-20T10:46:39+00:00","twitter_card":"summary_large_image","twitter_misc":{"Szacowany czas czytania":"3 minuty"},"schema":{"@context":"https:\/\/schema.org","@graph":[{"@type":"WebPage","@id":"https:\/\/www.egon.com\/pl\/aplikacje","url":"https:\/\/www.egon.com\/pl\/aplikacje","name":"Egon: profesjonalne zastosowanie oprogramowania data quality.","isPartOf":{"@id":"https:\/\/www.egon.com\/zh\/#website"},"datePublished":"2017-09-08T13:12:56+00:00","dateModified":"2019-02-20T10:46:39+00:00","description":"Egon. Profesjonalne zastosowanie naszego oprogramowania dla normalizacji i geokodowania. Bezp\u0142atne web demo!","breadcrumb":{"@id":"https:\/\/www.egon.com\/pl\/aplikacje#breadcrumb"},"inLanguage":"pl-PL","potentialAction":[{"@type":"ReadAction","target":["https:\/\/www.egon.com\/pl\/aplikacje"]}]},{"@type":"BreadcrumbList","@id":"https:\/\/www.egon.com\/pl\/aplikacje#breadcrumb","itemListElement":[{"@type":"ListItem","position":1,"name":"Home","item":"https:\/\/www.egon.com\/pl"},{"@type":"ListItem","position":2,"name":"Applications"}]},{"@type":"WebSite","@id":"https:\/\/www.egon.com\/zh\/#website","url":"https:\/\/www.egon.com\/zh\/","name":"Egon","description":"Normalizzazione indirizzi - Address validation - Egon.com","potentialAction":[{"@type":"SearchAction","target":{"@type":"EntryPoint","urlTemplate":"https:\/\/www.egon.com\/zh\/?s={search_term_string}"},"query-input":{"@type":"PropertyValueSpecification","valueRequired":true,"valueName":"search_term_string"}}],"inLanguage":"pl-PL"}]}},"_links":{"self":[{"href":"https:\/\/www.egon.com\/pl\/wp-json\/wp\/v2\/pages\/7698","targetHints":{"allow":["GET"]}}],"collection":[{"href":"https:\/\/www.egon.com\/pl\/wp-json\/wp\/v2\/pages"}],"about":[{"href":"https:\/\/www.egon.com\/pl\/wp-json\/wp\/v2\/types\/page"}],"author":[{"embeddable":true,"href":"https:\/\/www.egon.com\/pl\/wp-json\/wp\/v2\/users\/1"}],"replies":[{"embeddable":true,"href":"https:\/\/www.egon.com\/pl\/wp-json\/wp\/v2\/comments?post=7698"}],"version-history":[{"count":0,"href":"https:\/\/www.egon.com\/pl\/wp-json\/wp\/v2\/pages\/7698\/revisions"}],"wp:attachment":[{"href":"https:\/\/www.egon.com\/pl\/wp-json\/wp\/v2\/media?parent=7698"}],"curies":[{"name":"wp","href":"https:\/\/api.w.org\/{rel}","templated":true}]}}