{"id":17117,"date":"2019-04-19T11:42:14","date_gmt":"2019-04-19T11:42:14","guid":{"rendered":"https:\/\/www.egon.com\/?page_id=17117"},"modified":"2019-04-19T11:42:14","modified_gmt":"2019-04-19T11:42:14","slug":"rynek","status":"publish","type":"page","link":"https:\/\/www.egon.com\/pl\/firma\/rynek","title":{"rendered":"Rynek"},"content":{"rendered":"<p>Wszystkie firmy i urz\u0119dy posiadaj\u0105ce bazy danych z danymi osobowymi potrzebuj\u0105 odpowiedniego instrumentu umo\u017cliwiaj\u0105cego certyfikowanie i normalizacj\u0119 informacji. <\/p>\n<h3>UTILITIES<\/h3>\n<p>Nasze rozwi\u0105zania znajduj\u0105 zastosowanie w nast\u0119puj\u0105cych sektorach:  zarz\u0105dzanie baz\u0105 danych klient\u00f3w, marketing, CRM,  Data Warehouse, geomarketing, zarz\u0105dzanie mailing list, zarz\u0105dzanie kampaniami, zarz\u0105dzanie sieci\u0105 dystrybucji, zarz\u0105dzanie u\u017cytkownikami, serwis obs\u0142ugi klienta, us\u0142ugi sygnalizacji usterek, zarz\u0105dzanie strefami kompetencji. <\/p>\n<h3>BANKI<\/h3>\n<p>Nasze rozwi\u0105zania znajduj\u0105 zastosowanie w nast\u0119puj\u0105cych sektorach:  biuro rejestr\u00f3w os\u00f3b,  marketing, CRM, Data warehouse, geomarketing, zarz\u0105dzanie mailing list, zarz\u0105dzanie sieci\u0105 dystrybucji (oddzia\u0142y), przelewy, portfolio komercyjne, operacje zagraniczne, raporty, zarz\u0105dzanie ryzykiem, call center, home banking, trading online.<\/p>\n<h3>UBEZPIECZENIA<\/h3>\n<p>Nasze rozwi\u0105zania znajduj\u0105 zastosowanie w nast\u0119puj\u0105cych sektorach:  biuro rejestr\u00f3w os\u00f3b,  marketing, CRM, Data warehouse, geomarketing, zarz\u0105dzanie mailing list, zarz\u0105dzanie sieci\u0105 dystrybucji (agencje), zarz\u0105dzanie promotorami finansowymi, portfolio \u017cyciowe, portfoglio szk\u00f3d, wypadki, zarz\u0105dzanie ryzykiem, call center, ubezpieczenia  online.<\/p>\n<h3>FIRMY FINANSOWE<\/h3>\n<p>Nasze rozwi\u0105zania znajduj\u0105 zastosowanie w nast\u0119puj\u0105cych sektorach:  biuro rejestr\u00f3w os\u00f3b,  marketing, CRM, Data warehouse, geomarketing, zarz\u0105dzanie mailing list, zarz\u0105dzanie promotorami, zarz\u0105dzanie butikami finansowymi zarz\u0105dzanie ryzykiem, call center, us\u0142ugi Web, trading online. <\/p>\n<h3>WIELKA DYSTRYBUCJA<\/h3>\n<p>Nasze rozwi\u0105zania znajduj\u0105 zastosowanie w nast\u0119puj\u0105cych sektorach:  zarz\u0105dzanie baz\u0105 danych klient\u00f3w, zarz\u0105dzanie mailing list, marketing, CRM, data warehouse, geomarketing, zarz\u0105dzanie punktami sprzeda\u017cy, zarz\u0105dzanie kartami lojalno\u015bciowymi\/ kartami zakup\u00f3w, zarz\u0105dzanie zbieraniem punkt\u00f3w.  <\/p>\n<h3>PRZEMYS\u0141<\/h3>\n<p>Nasze rozwi\u0105zania znajduj\u0105 zastosowanie w nast\u0119puj\u0105cych sektorach:  zarz\u0105dzanie baz\u0105 danych klient\u00f3w, zarz\u0105dzanie mailing list, marketing, CRM, data warehouse, geomarketing, zarz\u0105dzanie sieci\u0105 dystrybucji (hurtownicy i\/lub sklepy), zarz\u0105dzanie gwarancjami. <\/p>\n<h3>AUTOMOTIVE<\/h3>\n<p>Nasze rozwi\u0105zania znajduj\u0105 zastosowanie w nast\u0119puj\u0105cych sektorach:  zarz\u0105dzanie CIDB, zarz\u0105dzaniem mailing list, marketing, CRM, data warehouse, geomarketing, zarz\u0105dzanie dealerami, legacy, zarz\u0105dzanie gwarancjami.<\/p>\n<h3>ADMINISTRACJA PUBLICZNA<\/h3>\n<p>Nasze rozwi\u0105zania znajduj\u0105 zastosowanie w nast\u0119puj\u0105cych sektorach:  jako\u015b\u0107 danych, zarz\u0105dzanie zbior\u00f3w adresowych, zarz\u0105dzanie rekordami, data warehouse, komunikacja pomi\u0119dzy urz\u0119dami, statystyki, zdrowie, transporty, podatki, pob\u00f3r podatk\u00f3w, kataster, us\u0142ugi dla ludno\u015bci, o\u015bwiata, bezpiecze\u0144stwo. <\/p>\n<h3>TELEKOMUNIKACJA<\/h3>\n<p>Nasze rozwi\u0105zania znajduj\u0105 zastosowanie w nast\u0119puj\u0105cych sektorach:  zarz\u0105dzanie baz\u0105 danych klient\u00f3w, marketing, CRM, data warehouse, geomarketing, zarz\u0105dzanie mailing list, zarz\u0105dzanie kampaniami, zarz\u0105dzanie sieci\u0105 dystrybucji (sprzedawcy\/sklepy), abonamenty, asysta klient\u00f3w, us\u0142ugi sygnalizacji usterek. <\/p>\n<h3>WYDAWNICTWA<\/h3>\n<p>Nasze rozwi\u0105zania znajduj\u0105 zastosowanie w nast\u0119puj\u0105cych sektorach:  zarz\u0105dzanie baz\u0105 danych klient\u00f3w, marketing, marketing bezpo\u015bredni, CRM, data warehouse, geomarketing, zarz\u0105dzanie mailing list, zarz\u0105dzanie kampaniami, zarz\u0105dzanie sieci\u0105 dystrybucji (sprzedawcy\/sklepy), abonamenty, ERP, pocztowe us\u0142ugi spedycyjne. <\/p>\n<h3>STOWARZYSZENIA<\/h3>\n<p>Nasze rozwi\u0105zania znajduj\u0105 zastosowanie w nast\u0119puj\u0105cych sektorach:  zarz\u0105dzanie baz\u0105 danych cz\u0142onk\u00f3w, zarz\u0105dzanie mailing list, marketing, CRM, data warehouse, geomarketing, zarz\u0105dzanie zbieraniem nowych cz\u0142onk\u00f3w, zarz\u0105dzanie kampaniami, pocztowe us\u0142ugi spedycyjne.<br \/>\nSPRZEDA\u017b NA ODLEG\u0141O\u015a\u0106<br \/>\nNasze rozwi\u0105zania znajduj\u0105 zastosowanie w nast\u0119puj\u0105cych sektorach:  zarz\u0105dzanie baz\u0105 danych klient\u00f3w, zarz\u0105dzanie mailing list, marketing, CRM, data warehouse, geomarketing, zarz\u0105dzanie kampaniami, pocztowe us\u0142ugi spedycyjne.<\/p>\n<h3>US\u0141UGI<\/h3>\n<p>Nasze rozwi\u0105zania znajduj\u0105 zastosowanie w nast\u0119puj\u0105cych sektorach:  zarz\u0105dzanie baz\u0105 danych klient\u00f3w, marketing, marketing bezpo\u015bredni, CRM, data warehouse, geomarketing, zarz\u0105dzanie mailing list, zarz\u0105dzanie kampaniami, zarz\u0105dzanie sieci\u0105 dystrybucji, us\u0142ugi web, kontrola ryzyka, kontrola jako\u015bci danych.<\/p>\n","protected":false},"excerpt":{"rendered":"<p>Wszystkie firmy i urz\u0119dy posiadaj\u0105ce bazy danych z danymi osobowymi potrzebuj\u0105 odpowiedniego instrumentu umo\u017cliwiaj\u0105cego certyfikowanie i normalizacj\u0119 informacji. UTILITIES Nasze rozwi\u0105zania znajduj\u0105 [&hellip;]<\/p>\n","protected":false},"author":1,"featured_media":0,"parent":8270,"menu_order":0,"comment_status":"closed","ping_status":"closed","template":"","meta":{"footnotes":""},"class_list":["post-17117","page","type-page","status-publish","hentry"],"yoast_head":"<!-- This site is optimized with the Yoast SEO plugin v26.8 - https:\/\/yoast.com\/product\/yoast-seo-wordpress\/ -->\n<title>Rynek - Egon<\/title>\n<meta name=\"robots\" content=\"index, follow, max-snippet:-1, max-image-preview:large, max-video-preview:-1\" \/>\n<link rel=\"canonical\" href=\"https:\/\/www.egon.com\/pl\/firma\/rynek\" \/>\n<meta property=\"og:locale\" content=\"pl_PL\" \/>\n<meta property=\"og:type\" content=\"article\" \/>\n<meta property=\"og:title\" content=\"Rynek - Egon\" \/>\n<meta property=\"og:description\" content=\"Wszystkie firmy i urz\u0119dy posiadaj\u0105ce bazy danych z danymi osobowymi potrzebuj\u0105 odpowiedniego instrumentu umo\u017cliwiaj\u0105cego certyfikowanie i normalizacj\u0119 informacji. UTILITIES Nasze rozwi\u0105zania znajduj\u0105 [&hellip;]\" \/>\n<meta property=\"og:url\" content=\"https:\/\/www.egon.com\/pl\/firma\/rynek\" \/>\n<meta property=\"og:site_name\" content=\"Egon\" \/>\n<meta name=\"twitter:card\" content=\"summary_large_image\" \/>\n<meta name=\"twitter:label1\" content=\"Szacowany czas czytania\" \/>\n\t<meta name=\"twitter:data1\" content=\"3 minuty\" \/>\n<script type=\"application\/ld+json\" class=\"yoast-schema-graph\">{\"@context\":\"https:\/\/schema.org\",\"@graph\":[{\"@type\":\"WebPage\",\"@id\":\"https:\/\/www.egon.com\/pl\/firma\/rynek\",\"url\":\"https:\/\/www.egon.com\/pl\/firma\/rynek\",\"name\":\"Rynek - Egon\",\"isPartOf\":{\"@id\":\"https:\/\/www.egon.com\/zh\/#website\"},\"datePublished\":\"2019-04-19T11:42:14+00:00\",\"breadcrumb\":{\"@id\":\"https:\/\/www.egon.com\/pl\/firma\/rynek#breadcrumb\"},\"inLanguage\":\"pl-PL\",\"potentialAction\":[{\"@type\":\"ReadAction\",\"target\":[\"https:\/\/www.egon.com\/pl\/firma\/rynek\"]}]},{\"@type\":\"BreadcrumbList\",\"@id\":\"https:\/\/www.egon.com\/pl\/firma\/rynek#breadcrumb\",\"itemListElement\":[{\"@type\":\"ListItem\",\"position\":1,\"name\":\"Home\",\"item\":\"https:\/\/www.egon.com\/pl\"},{\"@type\":\"ListItem\",\"position\":2,\"name\":\"Company\",\"item\":\"https:\/\/www.egon.com\/pl\/firma\"},{\"@type\":\"ListItem\",\"position\":3,\"name\":\"Rynek\"}]},{\"@type\":\"WebSite\",\"@id\":\"https:\/\/www.egon.com\/zh\/#website\",\"url\":\"https:\/\/www.egon.com\/zh\/\",\"name\":\"Egon\",\"description\":\"Normalizzazione indirizzi - Address validation - Egon.com\",\"potentialAction\":[{\"@type\":\"SearchAction\",\"target\":{\"@type\":\"EntryPoint\",\"urlTemplate\":\"https:\/\/www.egon.com\/zh\/?s={search_term_string}\"},\"query-input\":{\"@type\":\"PropertyValueSpecification\",\"valueRequired\":true,\"valueName\":\"search_term_string\"}}],\"inLanguage\":\"pl-PL\"}]}<\/script>\n<!-- \/ Yoast SEO plugin. -->","yoast_head_json":{"title":"Rynek - Egon","robots":{"index":"index","follow":"follow","max-snippet":"max-snippet:-1","max-image-preview":"max-image-preview:large","max-video-preview":"max-video-preview:-1"},"canonical":"https:\/\/www.egon.com\/pl\/firma\/rynek","og_locale":"pl_PL","og_type":"article","og_title":"Rynek - Egon","og_description":"Wszystkie firmy i urz\u0119dy posiadaj\u0105ce bazy danych z danymi osobowymi potrzebuj\u0105 odpowiedniego instrumentu umo\u017cliwiaj\u0105cego certyfikowanie i normalizacj\u0119 informacji. UTILITIES Nasze rozwi\u0105zania znajduj\u0105 [&hellip;]","og_url":"https:\/\/www.egon.com\/pl\/firma\/rynek","og_site_name":"Egon","twitter_card":"summary_large_image","twitter_misc":{"Szacowany czas czytania":"3 minuty"},"schema":{"@context":"https:\/\/schema.org","@graph":[{"@type":"WebPage","@id":"https:\/\/www.egon.com\/pl\/firma\/rynek","url":"https:\/\/www.egon.com\/pl\/firma\/rynek","name":"Rynek - Egon","isPartOf":{"@id":"https:\/\/www.egon.com\/zh\/#website"},"datePublished":"2019-04-19T11:42:14+00:00","breadcrumb":{"@id":"https:\/\/www.egon.com\/pl\/firma\/rynek#breadcrumb"},"inLanguage":"pl-PL","potentialAction":[{"@type":"ReadAction","target":["https:\/\/www.egon.com\/pl\/firma\/rynek"]}]},{"@type":"BreadcrumbList","@id":"https:\/\/www.egon.com\/pl\/firma\/rynek#breadcrumb","itemListElement":[{"@type":"ListItem","position":1,"name":"Home","item":"https:\/\/www.egon.com\/pl"},{"@type":"ListItem","position":2,"name":"Company","item":"https:\/\/www.egon.com\/pl\/firma"},{"@type":"ListItem","position":3,"name":"Rynek"}]},{"@type":"WebSite","@id":"https:\/\/www.egon.com\/zh\/#website","url":"https:\/\/www.egon.com\/zh\/","name":"Egon","description":"Normalizzazione indirizzi - Address validation - Egon.com","potentialAction":[{"@type":"SearchAction","target":{"@type":"EntryPoint","urlTemplate":"https:\/\/www.egon.com\/zh\/?s={search_term_string}"},"query-input":{"@type":"PropertyValueSpecification","valueRequired":true,"valueName":"search_term_string"}}],"inLanguage":"pl-PL"}]}},"_links":{"self":[{"href":"https:\/\/www.egon.com\/pl\/wp-json\/wp\/v2\/pages\/17117","targetHints":{"allow":["GET"]}}],"collection":[{"href":"https:\/\/www.egon.com\/pl\/wp-json\/wp\/v2\/pages"}],"about":[{"href":"https:\/\/www.egon.com\/pl\/wp-json\/wp\/v2\/types\/page"}],"author":[{"embeddable":true,"href":"https:\/\/www.egon.com\/pl\/wp-json\/wp\/v2\/users\/1"}],"replies":[{"embeddable":true,"href":"https:\/\/www.egon.com\/pl\/wp-json\/wp\/v2\/comments?post=17117"}],"version-history":[{"count":0,"href":"https:\/\/www.egon.com\/pl\/wp-json\/wp\/v2\/pages\/17117\/revisions"}],"up":[{"embeddable":true,"href":"https:\/\/www.egon.com\/pl\/wp-json\/wp\/v2\/pages\/8270"}],"wp:attachment":[{"href":"https:\/\/www.egon.com\/pl\/wp-json\/wp\/v2\/media?parent=17117"}],"curies":[{"name":"wp","href":"https:\/\/api.w.org\/{rel}","templated":true}]}}