{"id":9671,"date":"2017-11-29T11:44:04","date_gmt":"2017-11-29T11:44:04","guid":{"rendered":"https:\/\/www.egon.com?page_id=9671"},"modified":"2021-05-11T08:18:20","modified_gmt":"2021-05-11T08:18:20","slug":"validazione-anacredit","status":"publish","type":"page","link":"https:\/\/www.egon.com\/it\/applicazioni\/validazione-anacredit","title":{"rendered":"VALIDAZIONE DATI ANACREDIT SECONDO DISPOSIZIONI BCE"},"content":{"rendered":"<p>EGON for AnaCredit \u00e8 l&#8217;innovativo servizio dedicato agli istituti di credito che dovranno comunicare alla Banca Centrale Europea (BCE) le informazioni richieste dalla recente direttiva sulla raccolta di dati granulari sul credito e sul rischio di credito (BCE\/2016\/13). Con Egon \u00e8 possibile verificare i dati e tradurli nel formato previsto da AnaCredit in modo semplice, veloce e preciso. Scopri di pi\u00f9!<\/p>\n<p><a href=\"https:\/\/www.egon.com\/wp-content\/uploads\/2017\/11\/EGONforAnaCredit.pdf\" target=\"_blank\" rel=\"noopener\"><u><a class=\"c-button c-button--primary\" href=\"https:\/\/www.egon.com\/wp-content\/uploads\/2017\/11\/EGONforAnaCredit.pdf\" target=\"_blank\">Scarica il PDF di approfondimento con i dettagli di Egon for AnaCredit<\/a><\/u><\/a><\/p>\n<p><img loading=\"lazy\" decoding=\"async\" class=\"alignnone wp-image-9601 size-full\" src=\"https:\/\/www.egon.com\/wp-content\/uploads\/2017\/11\/anacredit.jpg\" alt=\"\" width=\"849\" height=\"566\" srcset=\"https:\/\/www.egon.com\/wp-content\/uploads\/2017\/11\/anacredit.jpg 849w, https:\/\/www.egon.com\/wp-content\/uploads\/2017\/11\/anacredit-400x267.jpg 400w, https:\/\/www.egon.com\/wp-content\/uploads\/2017\/11\/anacredit-768x512.jpg 768w\" sizes=\"auto, (max-width: 849px) 100vw, 849px\" \/><\/p>\n<p>Gli istituti di credito e le banche registrate all&#8217;interno dell&#8217;Unione Europea dovranno fornire alla BCE dati anagrafici relativi ai prestiti alle imprese (e altre entit\u00e0 giuridiche).\u00a0 Le nuove informazioni alimenteranno un archivio europeo dei crediti e del rischio di credito che verr\u00e0 gestito dalla BCE e utilizzato per soddisfare le esigenze informative del Sistema Europeo delle Banche Centrali\u00a0 in merito alla politica monetaria e vigilanza microprudenziale.<\/p>\n<h2>LE FUNZIONALITA&#8217; EGON FOR ANACREDIT PER GESTIRE I DATI<\/h2>\n<p>EGON offre degli strumenti specifici a supporto delle Banche che dovranno comunicare alla BCE queste informazioni in maniera univoca e codificata secondo degli standard Europei prestabiliti. Grazie a EGON sar\u00e0 possibile gestire alcune fra le principali informazioni richieste dalla BCE attraverso servizi web service (REST o SOAP), in Cloud o nella modalit\u00e0 on-site (sia su ambiente dipartimentale che Mainframe). In particolare EGON for AnaCredit \u00e8 in grado di gestire e standardizzare le seguenti informazioni:<\/p>\n<p>1) Indirizzi con attribuzione codifica NUTS<br \/>\nL\u2019indirizzo dovr\u00e0 essere fornito secondo una struttura definita.<br \/>\nEGON permette di validare qualsiasi indirizzo Europeo e attribuire la codifica NUTS 3.<\/p>\n<p>2) National Identifier<br \/>\nIl National Identifier \u00e8 un codice identificativo nazionale che identifica univocamente un soggetto fisico o giuridico e la sua composizione \u00e8 differente per ogni Nazione.<br \/>\nEGON permette di validare tutti i National Identifier applicando logiche e algoritmi specifici per ciascun Paese.<\/p>\n<p>3) Legal Form<br \/>\nOgni forma giuridica viene classificata in base a un codice univoco a livello europeo in ottemperanza a quanto previsto dalla BCE.<br \/>\nEGON permette di riconoscere la Forma Giuridica dalla Ragione Sociale ed \u00e8 in grado di attribuire la relativa codifica Europea.<\/p>\n<p>4) LEI (Legal entities Identifier)<br \/>\nIl codice LEI \u00e8 un identificativo univoco e globale assegnato ai soggetti che operano nei mercati finanziari.<br \/>\nEGON permette di recuperare il codice LEI a fronte di una Ragione Sociale anche se scritta diversamente da come viene indicata negli archivi messi a disposizione dal GLEIF.<\/p>\n<p>5) Classificazione delle attivit\u00e0 economiche<br \/>\nLa trasmissione delle informazioni relative alla classificazione delle attivit\u00e0 economiche dovr\u00e0 avvenire secondo lo standard NACE rev.2. EGON \u00e8 in grado di gestire le classificazioni proprie di ogni Paese, trascodificandole nella classificazione NACE.<\/p>\n<p>EGON valida, corregge e riorganizza i dati di interesse per ciascuno dei 28 paesi membri dell&#8217;Unione Europea. L&#8217;aggiornamento costante dei database e la qualit\u00e0 delle tecnologie utilizzate garantiscono risultati all&#8217;altezza delle aspettative sotto ogni punto di vista. Ad oggi EGON si conferma come un pacchetto completo ideale per operazioni massive o in real time inerenti alla normativa AnaCredit.<\/p>\n<p><a href=\"https:\/\/www.egon.com\/it\/iscrizione-demo-it\" target=\"_blank\" rel=\"noopener\"><u><a class=\"c-button c-button--primary c-button--large\" href=\"https:\/\/www.egon.com\/it\/iscrizione-demo-it\">Prova subito e senza impegno la demo gratuita di Egon for AnaCredit<\/a><\/u><\/a><\/p>\n","protected":false},"excerpt":{"rendered":"<p>EGON for AnaCredit \u00e8 l&#8217;innovativo servizio dedicato agli istituti di credito che dovranno comunicare alla Banca Centrale Europea (BCE) le informazioni richieste [&hellip;]<\/p>\n","protected":false},"author":1,"featured_media":0,"parent":6253,"menu_order":0,"comment_status":"closed","ping_status":"closed","template":"","meta":{"footnotes":""},"class_list":["post-9671","page","type-page","status-publish","hentry"],"yoast_head":"<!-- This site is optimized with the Yoast SEO plugin v26.8 - https:\/\/yoast.com\/product\/yoast-seo-wordpress\/ -->\n<title>Egon for AnaCredit, il software dedicato alle banche | EGON<\/title>\n<meta name=\"description\" content=\"Con il software Egon for AnaCredit sar\u00e0 possibile controllare, validare e tradurre nel formato corretto i dati richiesti dalla BCE. Prova Subito la Demo!\" \/>\n<meta name=\"robots\" content=\"index, follow, max-snippet:-1, max-image-preview:large, max-video-preview:-1\" \/>\n<link rel=\"canonical\" href=\"https:\/\/www.egon.com\/it\/applicazioni\/validazione-anacredit\" \/>\n<meta property=\"og:locale\" content=\"it_IT\" \/>\n<meta property=\"og:type\" content=\"article\" \/>\n<meta property=\"og:title\" content=\"Egon for AnaCredit, il software dedicato alle banche | EGON\" \/>\n<meta property=\"og:description\" content=\"Con il software Egon for AnaCredit sar\u00e0 possibile controllare, validare e tradurre nel formato corretto i dati richiesti dalla BCE. Prova Subito la Demo!\" \/>\n<meta property=\"og:url\" content=\"https:\/\/www.egon.com\/it\/applicazioni\/validazione-anacredit\" \/>\n<meta property=\"og:site_name\" content=\"Egon\" \/>\n<meta property=\"article:modified_time\" content=\"2021-05-11T08:18:20+00:00\" \/>\n<meta property=\"og:image\" content=\"https:\/\/www.egon.com\/wp-content\/uploads\/2017\/11\/anacredit.jpg\" \/>\n<meta name=\"twitter:card\" content=\"summary_large_image\" \/>\n<meta name=\"twitter:label1\" content=\"Tempo di lettura stimato\" \/>\n\t<meta name=\"twitter:data1\" content=\"3 minuti\" \/>\n<script type=\"application\/ld+json\" class=\"yoast-schema-graph\">{\"@context\":\"https:\/\/schema.org\",\"@graph\":[{\"@type\":\"WebPage\",\"@id\":\"https:\/\/www.egon.com\/it\/applicazioni\/validazione-anacredit\",\"url\":\"https:\/\/www.egon.com\/it\/applicazioni\/validazione-anacredit\",\"name\":\"Egon for AnaCredit, il software dedicato alle banche | EGON\",\"isPartOf\":{\"@id\":\"https:\/\/www.egon.com\/zh\/#website\"},\"primaryImageOfPage\":{\"@id\":\"https:\/\/www.egon.com\/it\/applicazioni\/validazione-anacredit#primaryimage\"},\"image\":{\"@id\":\"https:\/\/www.egon.com\/it\/applicazioni\/validazione-anacredit#primaryimage\"},\"thumbnailUrl\":\"https:\/\/www.egon.com\/wp-content\/uploads\/2017\/11\/anacredit.jpg\",\"datePublished\":\"2017-11-29T11:44:04+00:00\",\"dateModified\":\"2021-05-11T08:18:20+00:00\",\"description\":\"Con il software Egon for AnaCredit sar\u00e0 possibile controllare, validare e tradurre nel formato corretto i dati richiesti dalla BCE. Prova Subito la Demo!\",\"breadcrumb\":{\"@id\":\"https:\/\/www.egon.com\/it\/applicazioni\/validazione-anacredit#breadcrumb\"},\"inLanguage\":\"it-IT\",\"potentialAction\":[{\"@type\":\"ReadAction\",\"target\":[\"https:\/\/www.egon.com\/it\/applicazioni\/validazione-anacredit\"]}]},{\"@type\":\"ImageObject\",\"inLanguage\":\"it-IT\",\"@id\":\"https:\/\/www.egon.com\/it\/applicazioni\/validazione-anacredit#primaryimage\",\"url\":\"https:\/\/www.egon.com\/wp-content\/uploads\/2017\/11\/anacredit.jpg\",\"contentUrl\":\"https:\/\/www.egon.com\/wp-content\/uploads\/2017\/11\/anacredit.jpg\"},{\"@type\":\"BreadcrumbList\",\"@id\":\"https:\/\/www.egon.com\/it\/applicazioni\/validazione-anacredit#breadcrumb\",\"itemListElement\":[{\"@type\":\"ListItem\",\"position\":1,\"name\":\"Home\",\"item\":\"https:\/\/www.egon.com\/it\"},{\"@type\":\"ListItem\",\"position\":2,\"name\":\"Applicazioni\",\"item\":\"https:\/\/www.egon.com\/it\/applicazioni\"},{\"@type\":\"ListItem\",\"position\":3,\"name\":\"VALIDAZIONE DATI ANACREDIT SECONDO DISPOSIZIONI BCE\"}]},{\"@type\":\"WebSite\",\"@id\":\"https:\/\/www.egon.com\/zh\/#website\",\"url\":\"https:\/\/www.egon.com\/zh\/\",\"name\":\"Egon\",\"description\":\"Normalizzazione indirizzi - Address validation - Egon.com\",\"potentialAction\":[{\"@type\":\"SearchAction\",\"target\":{\"@type\":\"EntryPoint\",\"urlTemplate\":\"https:\/\/www.egon.com\/zh\/?s={search_term_string}\"},\"query-input\":{\"@type\":\"PropertyValueSpecification\",\"valueRequired\":true,\"valueName\":\"search_term_string\"}}],\"inLanguage\":\"it-IT\"}]}<\/script>\n<!-- \/ Yoast SEO plugin. -->","yoast_head_json":{"title":"Egon for AnaCredit, il software dedicato alle banche | EGON","description":"Con il software Egon for AnaCredit sar\u00e0 possibile controllare, validare e tradurre nel formato corretto i dati richiesti dalla BCE. Prova Subito la Demo!","robots":{"index":"index","follow":"follow","max-snippet":"max-snippet:-1","max-image-preview":"max-image-preview:large","max-video-preview":"max-video-preview:-1"},"canonical":"https:\/\/www.egon.com\/it\/applicazioni\/validazione-anacredit","og_locale":"it_IT","og_type":"article","og_title":"Egon for AnaCredit, il software dedicato alle banche | EGON","og_description":"Con il software Egon for AnaCredit sar\u00e0 possibile controllare, validare e tradurre nel formato corretto i dati richiesti dalla BCE. Prova Subito la Demo!","og_url":"https:\/\/www.egon.com\/it\/applicazioni\/validazione-anacredit","og_site_name":"Egon","article_modified_time":"2021-05-11T08:18:20+00:00","og_image":[{"url":"https:\/\/www.egon.com\/wp-content\/uploads\/2017\/11\/anacredit.jpg","type":"","width":"","height":""}],"twitter_card":"summary_large_image","twitter_misc":{"Tempo di lettura stimato":"3 minuti"},"schema":{"@context":"https:\/\/schema.org","@graph":[{"@type":"WebPage","@id":"https:\/\/www.egon.com\/it\/applicazioni\/validazione-anacredit","url":"https:\/\/www.egon.com\/it\/applicazioni\/validazione-anacredit","name":"Egon for AnaCredit, il software dedicato alle banche | EGON","isPartOf":{"@id":"https:\/\/www.egon.com\/zh\/#website"},"primaryImageOfPage":{"@id":"https:\/\/www.egon.com\/it\/applicazioni\/validazione-anacredit#primaryimage"},"image":{"@id":"https:\/\/www.egon.com\/it\/applicazioni\/validazione-anacredit#primaryimage"},"thumbnailUrl":"https:\/\/www.egon.com\/wp-content\/uploads\/2017\/11\/anacredit.jpg","datePublished":"2017-11-29T11:44:04+00:00","dateModified":"2021-05-11T08:18:20+00:00","description":"Con il software Egon for AnaCredit sar\u00e0 possibile controllare, validare e tradurre nel formato corretto i dati richiesti dalla BCE. Prova Subito la Demo!","breadcrumb":{"@id":"https:\/\/www.egon.com\/it\/applicazioni\/validazione-anacredit#breadcrumb"},"inLanguage":"it-IT","potentialAction":[{"@type":"ReadAction","target":["https:\/\/www.egon.com\/it\/applicazioni\/validazione-anacredit"]}]},{"@type":"ImageObject","inLanguage":"it-IT","@id":"https:\/\/www.egon.com\/it\/applicazioni\/validazione-anacredit#primaryimage","url":"https:\/\/www.egon.com\/wp-content\/uploads\/2017\/11\/anacredit.jpg","contentUrl":"https:\/\/www.egon.com\/wp-content\/uploads\/2017\/11\/anacredit.jpg"},{"@type":"BreadcrumbList","@id":"https:\/\/www.egon.com\/it\/applicazioni\/validazione-anacredit#breadcrumb","itemListElement":[{"@type":"ListItem","position":1,"name":"Home","item":"https:\/\/www.egon.com\/it"},{"@type":"ListItem","position":2,"name":"Applicazioni","item":"https:\/\/www.egon.com\/it\/applicazioni"},{"@type":"ListItem","position":3,"name":"VALIDAZIONE DATI ANACREDIT SECONDO DISPOSIZIONI BCE"}]},{"@type":"WebSite","@id":"https:\/\/www.egon.com\/zh\/#website","url":"https:\/\/www.egon.com\/zh\/","name":"Egon","description":"Normalizzazione indirizzi - Address validation - Egon.com","potentialAction":[{"@type":"SearchAction","target":{"@type":"EntryPoint","urlTemplate":"https:\/\/www.egon.com\/zh\/?s={search_term_string}"},"query-input":{"@type":"PropertyValueSpecification","valueRequired":true,"valueName":"search_term_string"}}],"inLanguage":"it-IT"}]}},"_links":{"self":[{"href":"https:\/\/www.egon.com\/it\/wp-json\/wp\/v2\/pages\/9671","targetHints":{"allow":["GET"]}}],"collection":[{"href":"https:\/\/www.egon.com\/it\/wp-json\/wp\/v2\/pages"}],"about":[{"href":"https:\/\/www.egon.com\/it\/wp-json\/wp\/v2\/types\/page"}],"author":[{"embeddable":true,"href":"https:\/\/www.egon.com\/it\/wp-json\/wp\/v2\/users\/1"}],"replies":[{"embeddable":true,"href":"https:\/\/www.egon.com\/it\/wp-json\/wp\/v2\/comments?post=9671"}],"version-history":[{"count":1,"href":"https:\/\/www.egon.com\/it\/wp-json\/wp\/v2\/pages\/9671\/revisions"}],"predecessor-version":[{"id":18187,"href":"https:\/\/www.egon.com\/it\/wp-json\/wp\/v2\/pages\/9671\/revisions\/18187"}],"up":[{"embeddable":true,"href":"https:\/\/www.egon.com\/it\/wp-json\/wp\/v2\/pages\/6253"}],"wp:attachment":[{"href":"https:\/\/www.egon.com\/it\/wp-json\/wp\/v2\/media?parent=9671"}],"curies":[{"name":"wp","href":"https:\/\/api.w.org\/{rel}","templated":true}]}}