{"id":6480,"date":"2017-07-06T10:09:25","date_gmt":"2017-07-06T10:09:25","guid":{"rendered":"https:\/\/egon.com\/?page_id=6480"},"modified":"2022-09-09T07:21:20","modified_gmt":"2022-09-09T07:21:20","slug":"azienda","status":"publish","type":"page","link":"https:\/\/www.egon.com\/it\/azienda","title":{"rendered":"Company"},"content":{"rendered":"[vc_row row_h_align=&#8221;grid&#8211;center&#8221; wrapper=&#8221;true&#8221; holder_class=&#8221;u-section-hero-applications u-overlapped-hero-padding&#8221; holder_set_margin=&#8221;true&#8221; holder_margin=&#8221;u-margin-bottom-large&#8221;][vc_column row_width=&#8221;_desktop-9&#8243;][vc_column_text]\n<h3 class=\"u-text-large\">EGON<\/h3>\n<p class=\"u-text-thinner u-h3\">Normalizzazione, geocodifica, deduplica. La qualit\u00e0 dei tuoi dati a portata di click.<\/p>\n[\/vc_column_text][vc_column_text]\n<p>Progettiamo applicazioni software in grado di automatizzare la verifica, la normalizzazione e la geocodifica di indirizzi postali e dati personali inclusi in database aziendali.<\/p>\n[\/vc_column_text][\/vc_column][\/vc_row][vc_row wrapper=&#8221;true&#8221;][vc_column][vc_column_text]la nostra impresa affonda le proprie radici in una partnership storica, solida e duratura tra alcuni professionisti accomunati da\u00a0una grande passione:\u00a0valorizzare le informazioni di business, con una attenzione particolare agli\u00a0indirizzi postali, alla\u00a0normalizzazione\u00a0e alla\u00a0geolocalizzazione.<\/p>\n<p>Forte di questa collaborazione, in pochi anni Egon \u00a0\u00e8 riuscita a guadagnarsi la stima del mercato italiano in ambito data quality e si \u00e8 fatta conoscere all\u2019estero, sino a sviluppare una crescente e consolidata notoriet\u00e0 a livello internazionale.[\/vc_column_text]<div class=\"c-heading\"><h3 class=\" u-h2 u-text-bold\">SERVIZI DATA QUALITY, GEOCODIFICA E NORMALIZZAZIONE INDIRIZZI<\/h3><\/div>[vc_column_text]Forte dell\u2019 esperienza ventennale dei collaboratori che hanno dato vita al gruppo, Egon \u00e8 sorta con l\u2019obiettivo di potenziare costantemente e diffondere su larga scala l\u2019erogazione di servizi data quality legati al portale web di riferimento, Egon.com.<\/p>\n<p>Ad oggi Egon \u00e8 perfettamente in grado di fornire soluzioni sofisticate e assietenza a 360 gradi nel settore della <a title=\"normalizzazione indirizzi\" href=\"https:\/\/www.egon.com\/it\/soluzioni\/normalizzazione-indirizzi.html\">normalizzazione di indirizzi<\/a>\u00a0e dati personali,\u00a0<a title=\"geocoding\" href=\"https:\/\/www.egon.com\/it\/soluzioni\/geocodifica.html\">geocoding<\/a>,\u00a0<a title=\"deduplica dei dati\" href=\"https:\/\/www.egon.com\/it\/soluzioni\/deduplica.html\">deduplica<\/a>\u00a0ed affini.[\/vc_column_text]<div class=\"c-heading\"><h3 class=\" u-h3 u-text-bold\">SPECIALIZZAZIONE E OBIETTIVI<\/h3><\/div><div class=\"c-mediabox u-margin-bottom\">\n<div class=\" o-media o-media--responsive\">\n<div class=\"o-media__img\"><img loading=\"lazy\" decoding=\"async\" width=\"400\" height=\"267\" src=\"https:\/\/www.egon.com\/wp-content\/uploads\/2017\/07\/staff-egon-400x267.jpg\" class=\"attachment-medium size-medium\" alt=\"\" srcset=\"https:\/\/www.egon.com\/wp-content\/uploads\/2017\/07\/staff-egon-400x267.jpg 400w, https:\/\/www.egon.com\/wp-content\/uploads\/2017\/07\/staff-egon-768x512.jpg 768w, https:\/\/www.egon.com\/wp-content\/uploads\/2017\/07\/staff-egon-1024x683.jpg 1024w, https:\/\/www.egon.com\/wp-content\/uploads\/2017\/07\/staff-egon.jpg 1920w\" sizes=\"auto, (max-width: 400px) 100vw, 400px\" \/><\/div>\n<div class=\"o-media__body\">Egon ha pertanto compiuto una precisa scelta di specializzazione, per rispondere in modo efficace e innovativo alle esigenze dei propri partner di mercato e di una clientela sempre pi\u00f9 attenta alle nuove tecnologie e alle modalit\u00e0 emergenti di fruizione dei servizi. Grazie ai numerosi accordi siglati con importanti societ\u00e0 del settore, Egon si pone oggi come punto di riferimento nella fornitura di servizi web rivolti ai temi della normalizzazione, della certificazione e della identificazione univoca delle informazioni di business.<\/p>\n<p>Il principale prodotto di successo da noi distribuito \u00e8 una\u00a0soluzione software\u00a0basata su un\u00a0sofisticatissimo algoritmo\u00a0in grado di operare a livello di normalizzazione in locale, con installazioni in data center del cliente, oppure anche via web, in clouding (in tal caso il cliente fruisce direttamente del servizio in pochi click).<\/p>\n<p>Attualmente il nostro\u00a0staff\u00a0\u00e8 composto da\u00a0circa 30 persone, tra dipendenti e stretti collaboratori, che costituiscono una base di specialisti preparata ed efficace. Nella realizzazione di progetti ci avvaliamo della solida partnership stretta con alcune societ\u00e0 esterne.<\/p>\n<p>Con i propri clienti Egon instaura un rapporto duraturo sia in funzione del raggiungimento congiunto degli obiettivi, sia allo scopo condividere il costante aggiornamento che il patrimonio informativo richiede.<\/p><\/div>\n<\/div>\n<\/div>\n<div class=\" c-divider c-divider--dashed\"\/><\/div>[\/vc_column][\/vc_row][vc_row wrapper=&#8221;true&#8221;][vc_column]<div class=\"c-heading\"><h3 class=\" u-h2 u-text-bold\">LA NOSTRA MISSIONE<\/h3><\/div>[vc_column_text]Abbiamo fondato Egon con un\u2019idea ben precisa: puntare a diventare progressivamente un punto di riferimento di livello internazionale per l\u2019erogazione di servizi di normalizzazione, certificazione e identificazione univoca delle informazioni, per mezzo di soluzioni innovative, supportate da una metodologia di lavoro trasparente e personalizzata al meglio in base ai singoli progetti.[\/vc_column_text]<div class=\"c-heading\"><h3 class=\" u-h4 u-text-bold\">PASSIONE E COMPETENZE\u2026<\/h3><\/div>[vc_column_text]Si tratta indubbiamente di un obiettivo ambizioso, che, coniugato alla nostra\u00a0passione storica per indirizzi e mappe, ci ha consentito di ottenere risultati, via via pi\u00f9 prestigiosi, anche nell\u2019ambito del\u00a0geocoding.<\/p>\n<p>I nostri sforzi quotidiani sono costantemente tesi ad ottimizzare le operazioni legate al\u00a0data quality\u00a0e ad adattarle alle esigenze degli utenti, mediante l\u2019erogazione di servizi evoluti, integrabili e fruibili anche a distanza, direttamente via web.<\/p>\n<p>Possiamo contare su un team di specialisti che hanno maturato un\u2019 esperienza considerevole in questo settore, lavorando su progetti di stampo internazionale.<\/p>\n<h3>EGON: SEMPLICE, AFFIDABILE, A PORTATA DI CLICK<\/h3>\n<p>Nel corso degli anni ci siamo dedicati ad una ricerca accurata e costante di soluzioni in grado di offrire\u00a0affidabilit\u00e0 e sicurezza, ma anche di soddisfare le pi\u00f9 particolari e complesse esigenze. Oggi, grazie alla suite\u00a0Egon, possiamo garantire una gamma di servizi completa e consolidata, sempre pi\u00f9 aperta al mondo web e clouding.<\/p>\n<p>Pensiamo quindi di poter proseguire la nostra scalata alla conquista di una\u00a0posizione leader nel mercato europeo e mondiale.<br \/>\nLa creazione di un\u00a0polo internazionale per la certificazione della business information\u00a0rappresenta per noi una tappa e un\u2019occasione fondamentale in vista di un\u2019ulteriore affermazione a livello internazionale.[\/vc_column_text][\/vc_column][\/vc_row][vc_row holder_set_margin=&#8221;true&#8221; holder_margin=&#8221;u-margin-bottom-large&#8221;][vc_column]<div class=\"templatera_shortcode\"><div class=\"o-holder u-background-color-one\"><div class=\" o-wrapper\"><div class=\"grid-1 u-deco-globe grid--equalHeight\"><div class=\"col _lap-and-up-8\" ><div class=\"o-holder u-padding-vertical-large\"><div class=\"grid-1\"><div class=\"col _lap-and-up-4\" ><div class=\"c-heading\"><h3 class=\" u-text-color-invert u-text-right\">Vuoi provare Egon GRATUITAMENTE e senza nessun impegno?<\/h3><\/div><\/div><div class=\"col _lap-and-up-8\" ><div class=\"c-text-block u-text-color-invert\"><p>Iscriviti gratuitamente e potrai provare i servizi Egon di validazione e geocodifica degli indirizzi postali.<br \/>\nNessuna attesa e nessun bisogno di inserire i dettagli della carta di credito.<br \/>\nE' sufficiente che tu compili il form di iscrizione al Trial gratuito e potrai iniziare subito ad usare tutti i servizi di Egon!<\/p>\n <\/div><\/div>\n<\/div><\/div><\/div><div class=\"col _lap-and-up-4\" ><div class=\"col_inner u-padding-vertical col_inner--middle\"><div class=\"c-button-holder c-button-holder--center\"><a class=\"c-button u-text-bold c-button--center c-button--white\" href=\"https:\/\/www.egon.com\/egon-demo\">PROVA EGON GRATIS ADESSO!<\/a><\/div><\/div><\/div>\n<\/div><\/div><\/div><\/div>[\/vc_column][\/vc_row]\n","protected":false},"excerpt":{"rendered":"Vuoi provare Egon GRATUITAMENTE e senza nessun impegno?Iscriviti gratuitamente e potrai provare i servizi Egon di validazione e geocodifica degli indirizzi postali. [...]","protected":false},"author":1,"featured_media":0,"parent":0,"menu_order":0,"comment_status":"closed","ping_status":"closed","template":"templates\/template-fullwidth.php","meta":{"footnotes":""},"class_list":["post-6480","page","type-page","status-publish","hentry"],"yoast_head":"<!-- This site is optimized with the Yoast SEO plugin v26.8 - https:\/\/yoast.com\/product\/yoast-seo-wordpress\/ -->\n<title>EGON - Informazioni aziendali<\/title>\n<meta name=\"description\" content=\"Progettiamo applicazioni software in grado di automatizzare la validazione degli indirizzi postali e dei dati personali inseriti nei database aziendali.\" \/>\n<meta name=\"robots\" content=\"index, follow, max-snippet:-1, max-image-preview:large, max-video-preview:-1\" \/>\n<link rel=\"canonical\" href=\"https:\/\/www.egon.com\/it\/azienda\" \/>\n<meta property=\"og:locale\" content=\"it_IT\" \/>\n<meta property=\"og:type\" content=\"article\" \/>\n<meta property=\"og:title\" content=\"EGON - Informazioni aziendali\" \/>\n<meta property=\"og:description\" content=\"Progettiamo applicazioni software in grado di automatizzare la validazione degli indirizzi postali e dei dati personali inseriti nei database aziendali.\" \/>\n<meta property=\"og:url\" content=\"https:\/\/www.egon.com\/it\/azienda\" \/>\n<meta property=\"og:site_name\" content=\"Egon\" \/>\n<meta property=\"article:modified_time\" content=\"2022-09-09T07:21:20+00:00\" \/>\n<meta name=\"twitter:card\" content=\"summary_large_image\" \/>\n<meta name=\"twitter:label1\" content=\"Tempo di lettura stimato\" \/>\n\t<meta name=\"twitter:data1\" content=\"4 minuti\" \/>\n<script type=\"application\/ld+json\" class=\"yoast-schema-graph\">{\"@context\":\"https:\/\/schema.org\",\"@graph\":[{\"@type\":\"WebPage\",\"@id\":\"https:\/\/www.egon.com\/it\/azienda\",\"url\":\"https:\/\/www.egon.com\/it\/azienda\",\"name\":\"EGON - Informazioni aziendali\",\"isPartOf\":{\"@id\":\"https:\/\/www.egon.com\/zh\/#website\"},\"datePublished\":\"2017-07-06T10:09:25+00:00\",\"dateModified\":\"2022-09-09T07:21:20+00:00\",\"description\":\"Progettiamo applicazioni software in grado di automatizzare la validazione degli indirizzi postali e dei dati personali inseriti nei database aziendali.\",\"breadcrumb\":{\"@id\":\"https:\/\/www.egon.com\/it\/azienda#breadcrumb\"},\"inLanguage\":\"it-IT\",\"potentialAction\":[{\"@type\":\"ReadAction\",\"target\":[\"https:\/\/www.egon.com\/it\/azienda\"]}]},{\"@type\":\"BreadcrumbList\",\"@id\":\"https:\/\/www.egon.com\/it\/azienda#breadcrumb\",\"itemListElement\":[{\"@type\":\"ListItem\",\"position\":1,\"name\":\"Home\",\"item\":\"https:\/\/www.egon.com\/it\"},{\"@type\":\"ListItem\",\"position\":2,\"name\":\"Company\"}]},{\"@type\":\"WebSite\",\"@id\":\"https:\/\/www.egon.com\/zh\/#website\",\"url\":\"https:\/\/www.egon.com\/zh\/\",\"name\":\"Egon\",\"description\":\"Normalizzazione indirizzi - Address validation - Egon.com\",\"potentialAction\":[{\"@type\":\"SearchAction\",\"target\":{\"@type\":\"EntryPoint\",\"urlTemplate\":\"https:\/\/www.egon.com\/zh\/?s={search_term_string}\"},\"query-input\":{\"@type\":\"PropertyValueSpecification\",\"valueRequired\":true,\"valueName\":\"search_term_string\"}}],\"inLanguage\":\"it-IT\"}]}<\/script>\n<!-- \/ Yoast SEO plugin. -->","yoast_head_json":{"title":"EGON - Informazioni aziendali","description":"Progettiamo applicazioni software in grado di automatizzare la validazione degli indirizzi postali e dei dati personali inseriti nei database aziendali.","robots":{"index":"index","follow":"follow","max-snippet":"max-snippet:-1","max-image-preview":"max-image-preview:large","max-video-preview":"max-video-preview:-1"},"canonical":"https:\/\/www.egon.com\/it\/azienda","og_locale":"it_IT","og_type":"article","og_title":"EGON - Informazioni aziendali","og_description":"Progettiamo applicazioni software in grado di automatizzare la validazione degli indirizzi postali e dei dati personali inseriti nei database aziendali.","og_url":"https:\/\/www.egon.com\/it\/azienda","og_site_name":"Egon","article_modified_time":"2022-09-09T07:21:20+00:00","twitter_card":"summary_large_image","twitter_misc":{"Tempo di lettura stimato":"4 minuti"},"schema":{"@context":"https:\/\/schema.org","@graph":[{"@type":"WebPage","@id":"https:\/\/www.egon.com\/it\/azienda","url":"https:\/\/www.egon.com\/it\/azienda","name":"EGON - Informazioni aziendali","isPartOf":{"@id":"https:\/\/www.egon.com\/zh\/#website"},"datePublished":"2017-07-06T10:09:25+00:00","dateModified":"2022-09-09T07:21:20+00:00","description":"Progettiamo applicazioni software in grado di automatizzare la validazione degli indirizzi postali e dei dati personali inseriti nei database aziendali.","breadcrumb":{"@id":"https:\/\/www.egon.com\/it\/azienda#breadcrumb"},"inLanguage":"it-IT","potentialAction":[{"@type":"ReadAction","target":["https:\/\/www.egon.com\/it\/azienda"]}]},{"@type":"BreadcrumbList","@id":"https:\/\/www.egon.com\/it\/azienda#breadcrumb","itemListElement":[{"@type":"ListItem","position":1,"name":"Home","item":"https:\/\/www.egon.com\/it"},{"@type":"ListItem","position":2,"name":"Company"}]},{"@type":"WebSite","@id":"https:\/\/www.egon.com\/zh\/#website","url":"https:\/\/www.egon.com\/zh\/","name":"Egon","description":"Normalizzazione indirizzi - Address validation - Egon.com","potentialAction":[{"@type":"SearchAction","target":{"@type":"EntryPoint","urlTemplate":"https:\/\/www.egon.com\/zh\/?s={search_term_string}"},"query-input":{"@type":"PropertyValueSpecification","valueRequired":true,"valueName":"search_term_string"}}],"inLanguage":"it-IT"}]}},"_links":{"self":[{"href":"https:\/\/www.egon.com\/it\/wp-json\/wp\/v2\/pages\/6480","targetHints":{"allow":["GET"]}}],"collection":[{"href":"https:\/\/www.egon.com\/it\/wp-json\/wp\/v2\/pages"}],"about":[{"href":"https:\/\/www.egon.com\/it\/wp-json\/wp\/v2\/types\/page"}],"author":[{"embeddable":true,"href":"https:\/\/www.egon.com\/it\/wp-json\/wp\/v2\/users\/1"}],"replies":[{"embeddable":true,"href":"https:\/\/www.egon.com\/it\/wp-json\/wp\/v2\/comments?post=6480"}],"version-history":[{"count":2,"href":"https:\/\/www.egon.com\/it\/wp-json\/wp\/v2\/pages\/6480\/revisions"}],"predecessor-version":[{"id":19312,"href":"https:\/\/www.egon.com\/it\/wp-json\/wp\/v2\/pages\/6480\/revisions\/19312"}],"wp:attachment":[{"href":"https:\/\/www.egon.com\/it\/wp-json\/wp\/v2\/media?parent=6480"}],"curies":[{"name":"wp","href":"https:\/\/api.w.org\/{rel}","templated":true}]}}