{"id":6386,"date":"2017-07-06T10:05:39","date_gmt":"2017-07-06T10:05:39","guid":{"rendered":"https:\/\/egon.com\/?page_id=6386"},"modified":"2017-09-18T13:52:11","modified_gmt":"2017-09-18T13:52:11","slug":"data-entry","status":"publish","type":"page","link":"https:\/\/www.egon.com\/it\/applicazioni\/data-entry","title":{"rendered":"VALIDAZIONE INTERATTIVA DEI DATI INSERITI"},"content":{"rendered":"<p>I sistemi data entry utilizzati nei call center necessitano di rigorose procedure di controllo dei dati che venogno inseriti dagli operatori. Tutti i dati\u00a0devono essere\u00a0<span>verificati in real time, contestualmente alla digitazione<\/span>\u00a0e, in caso di errori o presenza di dati doppi nel database, il sistema deve essere in grado di\u00a0<span>forzare la correzione necessaria<\/span>.<\/p>\n<p><img loading=\"lazy\" decoding=\"async\" class=\"alignnone wp-image-627 size-wps_child_large\" title=\"Validazione real time durante data entry\" src=\"https:\/\/www.egon.com\/wp-content\/uploads\/2017\/07\/real-time-validation-data-entry-820x400.jpg\" alt=\"Validazione real time durante data entry\" width=\"820\" height=\"400\" \/><\/p>\n<p>Grazie alla suite Egon, le operazioni di data entry diventano pi\u00f9 rapide e pi\u00f9 precise. Il nostro software \u00e8 in grado di supportare tutte le operazioni di<span>\u00a0inserimento di dati anagrafici e postali<\/span>\u00a0rendendo il lavoro dell\u2019operatore molto pi\u00f9 sicuro, velocizzando i tempi di lavoro con conseguente abbattimento dei costi di gestione.<\/p>\n<p>L\u2019intero processo di digitazione ed inserimento di nuovi utenti da parte degli operatori viene infatti considerevolmente agevolato dal\u00a0supporto interattivo, per cui, durante la digitazione stessa dei dati, viene fornita un\u2019<span>assistenza real time<\/span>, con\u00a0<a title=\"autocompletamento dei dati\" href=\"https:\/\/www.egon.com\/it\/modalita-di-utilizzo\/autocomplete\"><span>autocompletamento<\/span><\/a>\u00a0dei dati mancanti e \u201csuggest\u201d dei dati validi che \u00e8 possibile inserire.<\/p>\n<h3>LA FLESSIBILIT\u00c0 DELLE NOSTRE SOLUZIONI PER IL DATA ENTRY<\/h3>\n<p>Egon \u00e8 agevolmente installabile, sotto forma di plugin aggiuntivo, in integrazione di qualsiasi software aziendale preesistente per la raccolta dei dati.<\/p>\n<p>Non sar\u00e0 quindi necessario sostituire integralmente il proprio applicativo per il data entry, in quanto saremo noi, attraverso semplici accorgimenti tecnici, ormai patrimonio consolidato del nostro know how aziendale, ad\u00a0<a title=\"data quality integrata\" href=\"https:\/\/www.egon.com\/it\/modalita-di-utilizzo\/integrato\">integrare Egon in qualsiasi piattaforma software preinstallata<\/a>.<\/p>\n<h3>I VANTAGGI DEL SUPPORTO EGON AGLI APPLICATIVI DATA ENTRY<\/h3>\n<p>I vantaggi forniti dal nostro applicativo sono quindi numerosi:<\/p>\n<ul>\n<li>Validazione real time dati immessi<\/li>\n<li>Aumento dell\u2019efficienza e della rapidit\u00e0 dei processi<\/li>\n<li>Eliminazione delle sgradevoli attese telefoniche per gli utenti<\/li>\n<li>Inserimento di informazioni valide gi\u00e0 in fase di digitazione<\/li>\n<li>Incremento della soddisfazione da parte degli utenti<\/li>\n<li>Flessibilit\u00e0 di integrazione in qualsiasi architettura software preesistente<\/li>\n<\/ul>\n","protected":false},"excerpt":{"rendered":"<p>I sistemi data entry utilizzati nei call center necessitano di rigorose procedure di controllo dei dati che venogno inseriti dagli operatori. Tutti [&hellip;]<\/p>\n","protected":false},"author":1,"featured_media":0,"parent":6253,"menu_order":0,"comment_status":"closed","ping_status":"closed","template":"","meta":{"footnotes":""},"class_list":["post-6386","page","type-page","status-publish","hentry"],"yoast_head":"<!-- This site is optimized with the Yoast SEO plugin v26.8 - https:\/\/yoast.com\/product\/yoast-seo-wordpress\/ -->\n<title>Validazione interattiva dei dati inseriti nel data entry: Egon<\/title>\n<meta name=\"description\" content=\"Egon fornisce assistenza al data entry con autocompletamento dei dati mancanti e suggest dei dati validi inseribili. Prova la Demo!\" \/>\n<meta name=\"robots\" content=\"index, follow, max-snippet:-1, max-image-preview:large, max-video-preview:-1\" \/>\n<link rel=\"canonical\" href=\"https:\/\/www.egon.com\/it\/applicazioni\/data-entry\" \/>\n<meta property=\"og:locale\" content=\"it_IT\" \/>\n<meta property=\"og:type\" content=\"article\" \/>\n<meta property=\"og:title\" content=\"Validazione interattiva dei dati inseriti nel data entry: Egon\" \/>\n<meta property=\"og:description\" content=\"Egon fornisce assistenza al data entry con autocompletamento dei dati mancanti e suggest dei dati validi inseribili. Prova la Demo!\" \/>\n<meta property=\"og:url\" content=\"https:\/\/www.egon.com\/it\/applicazioni\/data-entry\" \/>\n<meta property=\"og:site_name\" content=\"Egon\" \/>\n<meta property=\"article:modified_time\" content=\"2017-09-18T13:52:11+00:00\" \/>\n<meta property=\"og:image\" content=\"https:\/\/www.egon.com\/wp-content\/uploads\/2017\/07\/real-time-validation-data-entry-820x400.jpg\" \/>\n<meta name=\"twitter:card\" content=\"summary_large_image\" \/>\n<meta name=\"twitter:label1\" content=\"Tempo di lettura stimato\" \/>\n\t<meta name=\"twitter:data1\" content=\"1 minuto\" \/>\n<script type=\"application\/ld+json\" class=\"yoast-schema-graph\">{\"@context\":\"https:\/\/schema.org\",\"@graph\":[{\"@type\":\"WebPage\",\"@id\":\"https:\/\/www.egon.com\/it\/applicazioni\/data-entry\",\"url\":\"https:\/\/www.egon.com\/it\/applicazioni\/data-entry\",\"name\":\"Validazione interattiva dei dati inseriti nel data entry: Egon\",\"isPartOf\":{\"@id\":\"https:\/\/www.egon.com\/zh\/#website\"},\"primaryImageOfPage\":{\"@id\":\"https:\/\/www.egon.com\/it\/applicazioni\/data-entry#primaryimage\"},\"image\":{\"@id\":\"https:\/\/www.egon.com\/it\/applicazioni\/data-entry#primaryimage\"},\"thumbnailUrl\":\"https:\/\/www.egon.com\/wp-content\/uploads\/2017\/07\/real-time-validation-data-entry-820x400.jpg\",\"datePublished\":\"2017-07-06T10:05:39+00:00\",\"dateModified\":\"2017-09-18T13:52:11+00:00\",\"description\":\"Egon fornisce assistenza al data entry con autocompletamento dei dati mancanti e suggest dei dati validi inseribili. Prova la Demo!\",\"breadcrumb\":{\"@id\":\"https:\/\/www.egon.com\/it\/applicazioni\/data-entry#breadcrumb\"},\"inLanguage\":\"it-IT\",\"potentialAction\":[{\"@type\":\"ReadAction\",\"target\":[\"https:\/\/www.egon.com\/it\/applicazioni\/data-entry\"]}]},{\"@type\":\"ImageObject\",\"inLanguage\":\"it-IT\",\"@id\":\"https:\/\/www.egon.com\/it\/applicazioni\/data-entry#primaryimage\",\"url\":\"https:\/\/www.egon.com\/wp-content\/uploads\/2017\/07\/real-time-validation-data-entry-820x400.jpg\",\"contentUrl\":\"https:\/\/www.egon.com\/wp-content\/uploads\/2017\/07\/real-time-validation-data-entry-820x400.jpg\"},{\"@type\":\"BreadcrumbList\",\"@id\":\"https:\/\/www.egon.com\/it\/applicazioni\/data-entry#breadcrumb\",\"itemListElement\":[{\"@type\":\"ListItem\",\"position\":1,\"name\":\"Home\",\"item\":\"https:\/\/www.egon.com\/it\"},{\"@type\":\"ListItem\",\"position\":2,\"name\":\"Applicazioni\",\"item\":\"https:\/\/www.egon.com\/it\/applicazioni\"},{\"@type\":\"ListItem\",\"position\":3,\"name\":\"VALIDAZIONE INTERATTIVA DEI DATI INSERITI\"}]},{\"@type\":\"WebSite\",\"@id\":\"https:\/\/www.egon.com\/zh\/#website\",\"url\":\"https:\/\/www.egon.com\/zh\/\",\"name\":\"Egon\",\"description\":\"Normalizzazione indirizzi - Address validation - Egon.com\",\"potentialAction\":[{\"@type\":\"SearchAction\",\"target\":{\"@type\":\"EntryPoint\",\"urlTemplate\":\"https:\/\/www.egon.com\/zh\/?s={search_term_string}\"},\"query-input\":{\"@type\":\"PropertyValueSpecification\",\"valueRequired\":true,\"valueName\":\"search_term_string\"}}],\"inLanguage\":\"it-IT\"}]}<\/script>\n<!-- \/ Yoast SEO plugin. -->","yoast_head_json":{"title":"Validazione interattiva dei dati inseriti nel data entry: Egon","description":"Egon fornisce assistenza al data entry con autocompletamento dei dati mancanti e suggest dei dati validi inseribili. Prova la Demo!","robots":{"index":"index","follow":"follow","max-snippet":"max-snippet:-1","max-image-preview":"max-image-preview:large","max-video-preview":"max-video-preview:-1"},"canonical":"https:\/\/www.egon.com\/it\/applicazioni\/data-entry","og_locale":"it_IT","og_type":"article","og_title":"Validazione interattiva dei dati inseriti nel data entry: Egon","og_description":"Egon fornisce assistenza al data entry con autocompletamento dei dati mancanti e suggest dei dati validi inseribili. Prova la Demo!","og_url":"https:\/\/www.egon.com\/it\/applicazioni\/data-entry","og_site_name":"Egon","article_modified_time":"2017-09-18T13:52:11+00:00","og_image":[{"url":"https:\/\/www.egon.com\/wp-content\/uploads\/2017\/07\/real-time-validation-data-entry-820x400.jpg","type":"","width":"","height":""}],"twitter_card":"summary_large_image","twitter_misc":{"Tempo di lettura stimato":"1 minuto"},"schema":{"@context":"https:\/\/schema.org","@graph":[{"@type":"WebPage","@id":"https:\/\/www.egon.com\/it\/applicazioni\/data-entry","url":"https:\/\/www.egon.com\/it\/applicazioni\/data-entry","name":"Validazione interattiva dei dati inseriti nel data entry: Egon","isPartOf":{"@id":"https:\/\/www.egon.com\/zh\/#website"},"primaryImageOfPage":{"@id":"https:\/\/www.egon.com\/it\/applicazioni\/data-entry#primaryimage"},"image":{"@id":"https:\/\/www.egon.com\/it\/applicazioni\/data-entry#primaryimage"},"thumbnailUrl":"https:\/\/www.egon.com\/wp-content\/uploads\/2017\/07\/real-time-validation-data-entry-820x400.jpg","datePublished":"2017-07-06T10:05:39+00:00","dateModified":"2017-09-18T13:52:11+00:00","description":"Egon fornisce assistenza al data entry con autocompletamento dei dati mancanti e suggest dei dati validi inseribili. Prova la Demo!","breadcrumb":{"@id":"https:\/\/www.egon.com\/it\/applicazioni\/data-entry#breadcrumb"},"inLanguage":"it-IT","potentialAction":[{"@type":"ReadAction","target":["https:\/\/www.egon.com\/it\/applicazioni\/data-entry"]}]},{"@type":"ImageObject","inLanguage":"it-IT","@id":"https:\/\/www.egon.com\/it\/applicazioni\/data-entry#primaryimage","url":"https:\/\/www.egon.com\/wp-content\/uploads\/2017\/07\/real-time-validation-data-entry-820x400.jpg","contentUrl":"https:\/\/www.egon.com\/wp-content\/uploads\/2017\/07\/real-time-validation-data-entry-820x400.jpg"},{"@type":"BreadcrumbList","@id":"https:\/\/www.egon.com\/it\/applicazioni\/data-entry#breadcrumb","itemListElement":[{"@type":"ListItem","position":1,"name":"Home","item":"https:\/\/www.egon.com\/it"},{"@type":"ListItem","position":2,"name":"Applicazioni","item":"https:\/\/www.egon.com\/it\/applicazioni"},{"@type":"ListItem","position":3,"name":"VALIDAZIONE INTERATTIVA DEI DATI INSERITI"}]},{"@type":"WebSite","@id":"https:\/\/www.egon.com\/zh\/#website","url":"https:\/\/www.egon.com\/zh\/","name":"Egon","description":"Normalizzazione indirizzi - Address validation - Egon.com","potentialAction":[{"@type":"SearchAction","target":{"@type":"EntryPoint","urlTemplate":"https:\/\/www.egon.com\/zh\/?s={search_term_string}"},"query-input":{"@type":"PropertyValueSpecification","valueRequired":true,"valueName":"search_term_string"}}],"inLanguage":"it-IT"}]}},"_links":{"self":[{"href":"https:\/\/www.egon.com\/it\/wp-json\/wp\/v2\/pages\/6386","targetHints":{"allow":["GET"]}}],"collection":[{"href":"https:\/\/www.egon.com\/it\/wp-json\/wp\/v2\/pages"}],"about":[{"href":"https:\/\/www.egon.com\/it\/wp-json\/wp\/v2\/types\/page"}],"author":[{"embeddable":true,"href":"https:\/\/www.egon.com\/it\/wp-json\/wp\/v2\/users\/1"}],"replies":[{"embeddable":true,"href":"https:\/\/www.egon.com\/it\/wp-json\/wp\/v2\/comments?post=6386"}],"version-history":[{"count":0,"href":"https:\/\/www.egon.com\/it\/wp-json\/wp\/v2\/pages\/6386\/revisions"}],"up":[{"embeddable":true,"href":"https:\/\/www.egon.com\/it\/wp-json\/wp\/v2\/pages\/6253"}],"wp:attachment":[{"href":"https:\/\/www.egon.com\/it\/wp-json\/wp\/v2\/media?parent=6386"}],"curies":[{"name":"wp","href":"https:\/\/api.w.org\/{rel}","templated":true}]}}