{"id":6253,"date":"2017-07-06T09:39:03","date_gmt":"2017-07-06T09:39:03","guid":{"rendered":"https:\/\/egon.com\/?page_id=6253"},"modified":"2022-06-16T14:10:06","modified_gmt":"2022-06-16T14:10:06","slug":"applicazioni","status":"publish","type":"page","link":"https:\/\/www.egon.com\/it\/applicazioni","title":{"rendered":"Applicazioni"},"content":{"rendered":"[vc_row row_h_align=&#8221;grid&#8211;center&#8221; wrapper=&#8221;true&#8221; holder_class=&#8221;u-section-hero-applications u-overlapped-hero-padding&#8221; holder_set_margin=&#8221;true&#8221; holder_margin=&#8221;u-margin-bottom-large&#8221;][vc_column row_width=&#8221;_desktop-9&#8243;][vc_column_text]\n<h3 class=\"u-text-large\">Applicazioni<\/h3>\n<p class=\"u-text-thinner u-h3\">Normalizzazione, geocodifica, deduplica. La qualit\u00e0 dei tuoi dati a portata di click.<\/p>\n[\/vc_column_text]<a class=\"c-button u-margin-bottom c-button--primary\" href=\"https:\/\/www.egon.com\/it\/azienda\/contattaci\">RICHIEDI INFORMAZIONI<\/a><a class=\"c-button u-margin-right u-margin-bottom u-margin-left c-button--secondary\" href=\"https:\/\/www.egon.com\/it\/iscrizione-demo-it\">PROVA LA DEMO<\/a>[vc_column_text]\n<ul>\n<li><em>Normalizzazione batch di database contenenti migliaia di indirizzi postali e dati di contatto<\/em><\/li>\n<li><em>Validazione real-time con suggerimenti interattivi e autocomplete nel tuo sito o nella tua applicazione aziendale<\/em><\/li>\n<li><em>Traslitterazione\u00a0e formattazione postale indirizzi, subito pronti per la spedizione<\/em><\/li>\n<\/ul>\n[\/vc_column_text][\/vc_column][\/vc_row][vc_row wrapper=&#8221;true&#8221;][vc_column width=&#8221;2\/3&#8243;][vc_column_text]Customer Relationship Management (CRM): a supporto di applicativi CRM allo scopo di ottimizzare le azioni promozionali e le analisi di business.<\/p>\n<p>Data Warehousing e migrazioni:\u00a0per la validazione ed integrazione di dati provenienti da fonti disparate, garantendo la bont\u00e0, l\u2019accuratezza e l\u2019univocit\u00e0 delle informazioni, nonch\u00e9 il loro costante aggiornamento anche durante le eventuali delicate fasi di migrazione a nuovi sistemi.<\/p>\n<p>Enterprise Resource Planning (ERP): a supporto della gestione di dati direttamente all\u2019interno delle applicazioni ERP.<\/p>\n<p>E-business: a supporto di progetti di e-business e di applicazioni web based, allo scopo di filtrare gli errori direttamente in fase di registrazione utenti.<\/p>\n<p>Mailing: nelle campagne mailing, allo scopo di ottimizzare le performance legate alle spedizioni, identificare zone o soggetti indesiderati (screening), preparare e ordinare i dati secondo le regole richieste (formatting), garantire la recapitabilit\u00e0 in tempi brevi.<\/p>\n<p>Campagne Direct Marketing: nelle attivit\u00e0 di Direct Marketing spesso la qualit\u00e0 dei dati forniti dai committenti \u00e8 scarsa. Normalizzare le liste prima di eseguire una campagna, evita il ritorno delle spedizioni ed elimina i costi, spesso importanti, per il reinvio delle comunicazioni, inoltre riduce sensibilmente i tempi ed i costi complessivi di gestione.<\/p>\n<p>Call Center: gli operatori dei call center sono sempre sottoposti alla pressione del tempo e sono fondamentali la qualit\u00e0 e l\u2019accuratezza delle informazioni. Verificare i dati forniti dagli operatori del call center, in modo automatico, permette di limitare al massimo gli errori e ottimizzare tempi e costi.<\/p>\n<p>Portali web: i dati provenienti da Internet, quelli inseriti dagli stessi clienti o prospect, sono solitamente inaffidabili o errati. Il servizio di normalizzazione agganciato alla registrazione utenti del sito, garantisce una migliore qualit\u00e0 e precisione delle preziose informazioni raccolte.<\/p>\n<p>Data entry: quando i dati vengono raccolti in centri di elaborazione esterna o in altri contesti, da parte di personale non specializzato, fornire un\u2019assistenza alla compilazione dei dati immessi \u00e8 la chiave per garantire la qualit\u00e0 dei dati e la riduzione degli errori.<\/p>\n<p>Editoria: le aziende che inviano i cataloghi e le brochure dei prodotti a mezzo posta sanno, per esperienza, quale sforzo sia richiesto nella continua gestione delle mancate consegne e nell\u2019attivit\u00e0 di verifica dei singoli indirizzi a posteriori. Il sistema di normalizzazione jPuzzle offre una soluzione unica a tutta la gamma di problemi legati alle anagrafiche. Compresi ad esempio le modifiche ai CAP, che vengono gestite in automatico anche su indirizzi obsoleti.[\/vc_column_text][\/vc_column][vc_column width=&#8221;1\/3&#8243;]<div class=\"templatera_shortcode\"><div class=\"grid-1\"><div class=\"col _lap-and-up-12\" ><div class=\"c-cta c-cta--style-one\"><a href=\"https:\/\/www.egon.com\/egon-demo\" class=\"c-cta__link\"><div class=\"c-cta__content\"><div class=\"c-cta__label-one\">DEMO GRATUITA ONLINE<\/div><div class=\"c-cta__label-two\">Prova Adesso la Demo via Web!<\/div><span class=\"c-button c-button--center c-button--white c-cta__button\">Prova Adesso<\/span><\/div><?xml version=\"1.0\" encoding=\"utf-8\"?>\r\n\t<svg class=\"c-cta__symbol\" xmlns=\"http:\/\/www.w3.org\/2000\/svg\" width=\"487\" height=\"487\" viewBox=\"0 0 487 487\">\r\n\t\t<path fill=\"none\" fill-rule=\"evenodd\" stroke=\"#FFF\" stroke-dasharray=\"2,5\" d=\"M243.5 1C109.789 1 1 109.783 1 243.5 1 377.217 109.789 486 243.5 486 377.21 486 486 377.217 486 243.5 486 109.783 377.21 1 243.5 1zM24.68 255.048h92.092c.783 33.126 4.86 64.271 11.692 92.38H50.342c-14.988-27.744-23.918-59.122-25.662-92.38zm230.368-138.572V25.617c29.453 7.246 55.552 41.763 72.447 90.86h-72.447zm79.523 23.095c7.316 27.895 11.708 59.33 12.571 92.381h-92.094v-92.38h79.523zM231.952 25.617v90.86h-72.447c16.895-49.097 42.994-83.614 72.447-90.86zm0 113.954v92.381h-92.094c.862-33.05 5.255-64.486 12.57-92.38h79.524zm-115.18 92.381H24.68c1.744-33.258 10.674-64.636 25.662-92.38h78.122c-6.832 28.109-10.91 59.254-11.692 92.38zm23.086 23.096h92.094v92.38h-79.524c-7.315-27.894-11.708-59.33-12.57-92.38zm92.094 115.476v90.859c-29.453-7.246-55.552-41.763-72.447-90.86h72.447zm23.096 90.859v-90.86h72.447c-16.895 49.097-42.994 83.614-72.447 90.86zm0-113.954v-92.381h92.094c-.863 33.05-5.255 64.486-12.57 92.38h-79.524zm115.18-92.381h92.091c-1.744 33.258-10.673 64.636-25.661 92.38h-78.122c6.832-28.109 10.909-59.254 11.692-92.38zm0-23.096c-.783-33.126-4.86-64.271-11.692-92.38h78.122c14.988 27.744 23.917 59.122 25.661 92.38h-92.091zm51.834-115.476h-69.968c-10.85-34.233-25.98-62.62-44.145-82.687 46.56 14.34 86.422 43.878 114.113 82.687zM179.05 33.79c-18.164 20.067-33.295 48.454-44.144 82.687H64.938C92.629 77.667 132.49 48.128 179.05 33.79zM64.938 370.524h69.968c10.849 34.233 25.98 62.62 44.144 82.687-46.56-14.34-86.421-43.878-114.112-82.687zm243.011 82.687c18.165-20.067 33.296-48.454 44.145-82.687h69.968c-27.691 38.809-67.553 68.348-114.113 82.687z\" opacity=\".9\"\/>\r\n\t<\/svg><\/a><\/div><\/div>\n<\/div><div class=\"grid-1\"><div class=\"col _lap-and-up-12\" ><div class=\"c-lbox c-lbox--style-one\"><a href=\"https:\/\/www.egon.com\/web-in-the-cloud\" class=\"c-lbox__link\"><div class=\"c-lbox__content\"><div class=\"c-lbox__label-one\">Egon Web<\/div><div class=\"c-lbox__label-two\">IN THE CLOUD<\/div><\/div><?xml version=\"1.0\" encoding=\"UTF-8\"?>\r\n\t<svg class=\"c-lbox__arrow\" width=\"11px\" height=\"25px\" viewBox=\"0 0 11 25\" version=\"1.1\" xmlns=\"http:\/\/www.w3.org\/2000\/svg\" xmlns:xlink=\"http:\/\/www.w3.org\/1999\/xlink\">\r\n\t\t<g id=\"Page-1\" stroke=\"none\" stroke-width=\"1\" fill=\"none\" fill-rule=\"evenodd\" stroke-linecap=\"round\" stroke-linejoin=\"round\">\r\n\t\t\t<g id=\"Egon-Batch-Sidebar\" class=\"line\" transform=\"translate(-1337.000000, -463.000000)\" stroke=\"#42CFF4\">\r\n\t\t\t\t<polyline id=\"Path\" points=\"1338.1 463.1 1346.9 475.2 1338.1 487.3\"><\/polyline>\r\n\t\t\t<\/g>\r\n\t\t<\/g>\r\n\t<\/svg><\/a><\/div><div class=\"c-lbox c-lbox--style-two\"><a href=\"https:\/\/www.egon.com\/on-site-on-premises\" class=\"c-lbox__link\"><div class=\"c-lbox__content\"><div class=\"c-lbox__label-one\">Egon OnSite<\/div><div class=\"c-lbox__label-two\">ON PREMISES<\/div><\/div><?xml version=\"1.0\" encoding=\"UTF-8\"?>\r\n\t<svg class=\"c-lbox__arrow\" width=\"11px\" height=\"25px\" viewBox=\"0 0 11 25\" version=\"1.1\" xmlns=\"http:\/\/www.w3.org\/2000\/svg\" xmlns:xlink=\"http:\/\/www.w3.org\/1999\/xlink\">\r\n\t\t<g id=\"Page-1\" stroke=\"none\" stroke-width=\"1\" fill=\"none\" fill-rule=\"evenodd\" stroke-linecap=\"round\" stroke-linejoin=\"round\">\r\n\t\t\t<g id=\"Egon-Batch-Sidebar\" class=\"line\" transform=\"translate(-1337.000000, -463.000000)\" stroke=\"#42CFF4\">\r\n\t\t\t\t<polyline id=\"Path\" points=\"1338.1 463.1 1346.9 475.2 1338.1 487.3\"><\/polyline>\r\n\t\t\t<\/g>\r\n\t\t<\/g>\r\n\t<\/svg><\/a><\/div><\/div>\n<\/div><\/div>[\/vc_column][\/vc_row]\n","protected":false},"excerpt":{"rendered":"DEMO GRATUITA ONLINEProva Adesso la Demo via Web!Prova Adesso Egon WebIN THE CLOUD Egon OnSiteON PREMISES","protected":false},"author":1,"featured_media":0,"parent":0,"menu_order":0,"comment_status":"closed","ping_status":"closed","template":"templates\/template-fullwidth.php","meta":{"footnotes":""},"class_list":["post-6253","page","type-page","status-publish","hentry"],"yoast_head":"<!-- This site is optimized with the Yoast SEO plugin v26.8 - https:\/\/yoast.com\/product\/yoast-seo-wordpress\/ -->\n<title>Applicazioni validazione indirizzi alle realt\u00e0 professionali | EGON<\/title>\n<meta name=\"description\" content=\"Egon: Ambiti di applicazione del nostro software per la normalizzazione degli indirizzi e la geocodifica. Prova la Demo!\" \/>\n<meta name=\"robots\" content=\"index, follow, max-snippet:-1, max-image-preview:large, max-video-preview:-1\" \/>\n<link rel=\"canonical\" href=\"https:\/\/www.egon.com\/it\/applicazioni\" \/>\n<meta property=\"og:locale\" content=\"it_IT\" \/>\n<meta property=\"og:type\" content=\"article\" \/>\n<meta property=\"og:title\" content=\"Applicazioni validazione indirizzi alle realt\u00e0 professionali | EGON\" \/>\n<meta property=\"og:description\" content=\"Egon: Ambiti di applicazione del nostro software per la normalizzazione degli indirizzi e la geocodifica. Prova la Demo!\" \/>\n<meta property=\"og:url\" content=\"https:\/\/www.egon.com\/it\/applicazioni\" \/>\n<meta property=\"og:site_name\" content=\"Egon\" \/>\n<meta property=\"article:modified_time\" content=\"2022-06-16T14:10:06+00:00\" \/>\n<meta name=\"twitter:card\" content=\"summary_large_image\" \/>\n<meta name=\"twitter:label1\" content=\"Tempo di lettura stimato\" \/>\n\t<meta name=\"twitter:data1\" content=\"3 minuti\" \/>\n<script type=\"application\/ld+json\" class=\"yoast-schema-graph\">{\"@context\":\"https:\/\/schema.org\",\"@graph\":[{\"@type\":\"WebPage\",\"@id\":\"https:\/\/www.egon.com\/it\/applicazioni\",\"url\":\"https:\/\/www.egon.com\/it\/applicazioni\",\"name\":\"Applicazioni validazione indirizzi alle realt\u00e0 professionali | EGON\",\"isPartOf\":{\"@id\":\"https:\/\/www.egon.com\/zh\/#website\"},\"datePublished\":\"2017-07-06T09:39:03+00:00\",\"dateModified\":\"2022-06-16T14:10:06+00:00\",\"description\":\"Egon: Ambiti di applicazione del nostro software per la normalizzazione degli indirizzi e la geocodifica. Prova la Demo!\",\"breadcrumb\":{\"@id\":\"https:\/\/www.egon.com\/it\/applicazioni#breadcrumb\"},\"inLanguage\":\"it-IT\",\"potentialAction\":[{\"@type\":\"ReadAction\",\"target\":[\"https:\/\/www.egon.com\/it\/applicazioni\"]}]},{\"@type\":\"BreadcrumbList\",\"@id\":\"https:\/\/www.egon.com\/it\/applicazioni#breadcrumb\",\"itemListElement\":[{\"@type\":\"ListItem\",\"position\":1,\"name\":\"Home\",\"item\":\"https:\/\/www.egon.com\/it\"},{\"@type\":\"ListItem\",\"position\":2,\"name\":\"Applicazioni\"}]},{\"@type\":\"WebSite\",\"@id\":\"https:\/\/www.egon.com\/zh\/#website\",\"url\":\"https:\/\/www.egon.com\/zh\/\",\"name\":\"Egon\",\"description\":\"Normalizzazione indirizzi - Address validation - Egon.com\",\"potentialAction\":[{\"@type\":\"SearchAction\",\"target\":{\"@type\":\"EntryPoint\",\"urlTemplate\":\"https:\/\/www.egon.com\/zh\/?s={search_term_string}\"},\"query-input\":{\"@type\":\"PropertyValueSpecification\",\"valueRequired\":true,\"valueName\":\"search_term_string\"}}],\"inLanguage\":\"it-IT\"}]}<\/script>\n<!-- \/ Yoast SEO plugin. -->","yoast_head_json":{"title":"Applicazioni validazione indirizzi alle realt\u00e0 professionali | EGON","description":"Egon: Ambiti di applicazione del nostro software per la normalizzazione degli indirizzi e la geocodifica. Prova la Demo!","robots":{"index":"index","follow":"follow","max-snippet":"max-snippet:-1","max-image-preview":"max-image-preview:large","max-video-preview":"max-video-preview:-1"},"canonical":"https:\/\/www.egon.com\/it\/applicazioni","og_locale":"it_IT","og_type":"article","og_title":"Applicazioni validazione indirizzi alle realt\u00e0 professionali | EGON","og_description":"Egon: Ambiti di applicazione del nostro software per la normalizzazione degli indirizzi e la geocodifica. Prova la Demo!","og_url":"https:\/\/www.egon.com\/it\/applicazioni","og_site_name":"Egon","article_modified_time":"2022-06-16T14:10:06+00:00","twitter_card":"summary_large_image","twitter_misc":{"Tempo di lettura stimato":"3 minuti"},"schema":{"@context":"https:\/\/schema.org","@graph":[{"@type":"WebPage","@id":"https:\/\/www.egon.com\/it\/applicazioni","url":"https:\/\/www.egon.com\/it\/applicazioni","name":"Applicazioni validazione indirizzi alle realt\u00e0 professionali | EGON","isPartOf":{"@id":"https:\/\/www.egon.com\/zh\/#website"},"datePublished":"2017-07-06T09:39:03+00:00","dateModified":"2022-06-16T14:10:06+00:00","description":"Egon: Ambiti di applicazione del nostro software per la normalizzazione degli indirizzi e la geocodifica. Prova la Demo!","breadcrumb":{"@id":"https:\/\/www.egon.com\/it\/applicazioni#breadcrumb"},"inLanguage":"it-IT","potentialAction":[{"@type":"ReadAction","target":["https:\/\/www.egon.com\/it\/applicazioni"]}]},{"@type":"BreadcrumbList","@id":"https:\/\/www.egon.com\/it\/applicazioni#breadcrumb","itemListElement":[{"@type":"ListItem","position":1,"name":"Home","item":"https:\/\/www.egon.com\/it"},{"@type":"ListItem","position":2,"name":"Applicazioni"}]},{"@type":"WebSite","@id":"https:\/\/www.egon.com\/zh\/#website","url":"https:\/\/www.egon.com\/zh\/","name":"Egon","description":"Normalizzazione indirizzi - Address validation - Egon.com","potentialAction":[{"@type":"SearchAction","target":{"@type":"EntryPoint","urlTemplate":"https:\/\/www.egon.com\/zh\/?s={search_term_string}"},"query-input":{"@type":"PropertyValueSpecification","valueRequired":true,"valueName":"search_term_string"}}],"inLanguage":"it-IT"}]}},"_links":{"self":[{"href":"https:\/\/www.egon.com\/it\/wp-json\/wp\/v2\/pages\/6253","targetHints":{"allow":["GET"]}}],"collection":[{"href":"https:\/\/www.egon.com\/it\/wp-json\/wp\/v2\/pages"}],"about":[{"href":"https:\/\/www.egon.com\/it\/wp-json\/wp\/v2\/types\/page"}],"author":[{"embeddable":true,"href":"https:\/\/www.egon.com\/it\/wp-json\/wp\/v2\/users\/1"}],"replies":[{"embeddable":true,"href":"https:\/\/www.egon.com\/it\/wp-json\/wp\/v2\/comments?post=6253"}],"version-history":[{"count":1,"href":"https:\/\/www.egon.com\/it\/wp-json\/wp\/v2\/pages\/6253\/revisions"}],"predecessor-version":[{"id":19249,"href":"https:\/\/www.egon.com\/it\/wp-json\/wp\/v2\/pages\/6253\/revisions\/19249"}],"wp:attachment":[{"href":"https:\/\/www.egon.com\/it\/wp-json\/wp\/v2\/media?parent=6253"}],"curies":[{"name":"wp","href":"https:\/\/api.w.org\/{rel}","templated":true}]}}