{"id":6241,"date":"2017-07-06T09:58:23","date_gmt":"2017-07-06T09:58:23","guid":{"rendered":"https:\/\/egon.com\/?page_id=6241"},"modified":"2024-07-06T10:27:11","modified_gmt":"2024-07-06T10:27:11","slug":"geocodifica","status":"publish","type":"page","link":"https:\/\/www.egon.com\/it\/soluzioni\/geocodifica","title":{"rendered":"Geocodifica indirizzi postali online"},"content":{"rendered":"[vc_row row_h_align=&#8221;grid&#8211;center&#8221; wrapper=&#8221;true&#8221; holder_class=&#8221;u-section-hero-one u-overlapped-hero-padding&#8221; holder_set_margin=&#8221;true&#8221;][vc_column row_width=&#8221;_desktop-9&#8243;]<div class=\"c-heading\"><h1 class=\" u-h1 u-text-bolder u-margin-bottom u-text-center\">Geocodifica indirizzi postali online \u2192 Semplice e Veloce<\/h1><\/div>[vc_column_text txt_align=&#8221;u-text-center&#8221; set_margin=&#8221;true&#8221; margin=&#8221;u-margin-bottom-large&#8221;]\n<dl>\n<dt>Geocodifica:<\/dt>\n<dd>La\u00a0geocodifica\u00a0consiste nell\u2019attribuzione di informazioni e codici territoriali precisi a determinati indirizzi\u00a0ed include, quale fase preliminare, la\u00a0<a title=\"Georeferenziazione\" href=\"https:\/\/www.egon.com\/it\/soluzioni\">georeferenziazione<\/a> che corrisponde all\u2019assegnazione di coordinate geografiche precise all\u2019indirizzo in esame, in modo da garantirne la corretta ed inequivocabile collocazione in una mappa e trovare le coordinate geografiche da indirizzo.<\/dd>\n<\/dl>\n[\/vc_column_text][\/vc_column][\/vc_row][vc_row][vc_column]<div class=\"templatera_shortcode\"><div class=\"o-holder u-background-color-one u-margin-bottom-large u-padding-vertical-large\"><div class=\" o-wrapper\"><div class=\"grid-1 grid--middle grid--equalHeight\"><div class=\"col _lap-and-up-8\" ><div class=\"c-heading\"><h3 class=\" u-h1 u-text-color-invert u-text-thinner\">Vuoi geolocalizzare un indirizzo e visualizzarlo su una mappa?<\/h3><\/div><div class=\"c-text-block u-text-color-invert\"><p>In pochi istanti potrai convertire un indirizzo postale in coordinate geografiche precise (latitudine and longitudine) e viceversa. Quindi potrai visualizzare l'indirizzo su una mappa.<\/p>\n <\/div><\/div><div class=\"col _lap-and-up-4\" ><div class=\"c-button-holder c-button-holder--center\"><a class=\"c-button c-button--center c-button--white  c-button--ghost c-button--large\" href=\"https:\/\/www.egon.com\/it\/iscrizione-demo-it\">PROVA SUBITO GRATUITAMENTE<\/a><\/div><\/div>\n<\/div><\/div><\/div><\/div>[\/vc_column][\/vc_row][vc_row wrapper=&#8221;true&#8221;][vc_column]<div class=\"c-heading\"><h3 class=\" u-text-bolder\">GEOCODIFICA IMMEDIATA, PRECISA, ANCHE DIRETTAMENTE VIA WEB<\/h3><\/div>[\/vc_column][vc_column width=&#8221;7\/12&#8243;][vc_column_text]Egon\u00a0\u00e8 un\u00a0pacchetto software\u00a0estremamente potente che consente di operare, a livello di geocodifica, su\u00a0database di record anagrafici multipli, fornendo, per un qualsiasi indirizzo, la sua forma normalizzata e le sue coordinate geografiche esatte.<\/p>\n<p>Ai giorni nostri la rapidissima evoluzione di tecnologie e servizi di geolocalizzazione, unito alla crescente disponibilit\u00e0 di dati territoriali provenienti da tutto il mondo, rende indispensabile, in ogni settore di business, un\u2019attenta riconsiderazione del valore strategico di indirizzi ed informazioni geografiche precise.<\/p>\n<p><em>Geocodifica: Egon trova le coordinate geografiche dall&#8217;indirizzo e mette in relazione le informazioni con il territorio di appartenenza<\/em>.[\/vc_column_text][\/vc_column][vc_column width=&#8221;5\/12&#8243;][vc_column_text]Puntando al massimo livello di dettaglio, \u00e8 in grado di rappresentare le informazioni in modo puntuale, supportare le applicazioni\u00a0GIS, creare bacini di utenza, zone di competenza, aree di recapito ecc. L\u2019applicativo non si limita quindi alle funzionalit\u00e0 di georeferenziazione di base, ma \u00e8 in grado di soddisfare esigenze di geocodifica sofisticate e diversificate:[\/vc_column_text]<div class=\" c-list c-list--color-one\"><ul>\n<li><i class=\"c-list__icon fal fa-check-circle\"><\/i>assegnazione zone censuarie<\/li>\n<li><i class=\"c-list__icon fal fa-check-circle\"><\/i>prossimit\u00e0 e calcolo immediato delle distanze in linea d\u2019aria e pedonali<\/li>\n<li><i class=\"c-list__icon fal fa-check-circle\"><\/i>geocodifica inversa<\/li>\n<li><i class=\"c-list__icon fal fa-check-circle\"><\/i>punti di interesse<\/li>\n<li><i class=\"c-list__icon fal fa-check-circle\"><\/i>localizzazione mediante nomi di strade<\/li>\n<li><i class=\"c-list__icon fal fa-check-circle\"><\/i>individuazione incroci (angoli)<\/li>\n<\/ul>\n<\/div>[\/vc_column][vc_column]<div class=\" c-divider c-divider--dashed\"\/><\/div>[\/vc_column][\/vc_row][vc_row wrapper=&#8221;true&#8221; holder_set_margin=&#8221;true&#8221; holder_margin=&#8221;u-margin-bottom&#8221;][vc_column]<div class=\"c-heading\"><h3 class=\" u-text-bolder\">DALLA GEOCODIFICA ALLA VISUALIZZAZIONE SU MAPPA<\/h3><\/div>[\/vc_column][vc_column width=&#8221;1\/3&#8243;]<div class=\"c-image\"><img loading=\"lazy\" decoding=\"async\" width=\"400\" height=\"484\" src=\"https:\/\/www.egon.com\/wp-content\/uploads\/2017\/07\/esempio-geocodifica.jpg\" class=\" aligncenter\" alt=\"esempio geocodifica indirizzi\" srcset=\"https:\/\/www.egon.com\/wp-content\/uploads\/2017\/07\/esempio-geocodifica.jpg 400w, https:\/\/www.egon.com\/wp-content\/uploads\/2017\/07\/esempio-geocodifica-248x300.jpg 248w\" sizes=\"auto, (max-width: 400px) 100vw, 400px\" \/><\/div>[\/vc_column][vc_column width=&#8221;2\/3&#8243;][vc_column_text]Il processo di geolocalizzazione garantisce l\u2019arricchimento di qualsiasi anagrafica mediante le informazioni territoriali e statistiche relative alla\u00a0microzona censuaria\u00a0di riferimento. Con l\u2019ausilio di qualsiasi mappa, dunque, la geolocalizzazione si completa con la visualizzazione (ad esempio via web) del punto geografico in questione su di una mappa (mapping). Ovviamente, l\u2019efficacia del nostro motore di normalizzazione garantisce prestazioni eccezionali, precise sino al numero civico, anche a seguito dell\u2019immissione di indirizzi incompleti o inesatti.[\/vc_column_text]<div class=\"c-heading\"><h3 class=\" u-h5\">APPLICAZIONI DEL SOFTWARE DI GEOCODIFICA<\/h3><\/div>[vc_column_text]Egon \u00e8 in grado di integrarsi con notevole flessibilit\u00e0, in qualsiasi ambiente operativo preesistente il quale necessiti di \u201cgeolocalizzare\u201d determinate informazioni.\u00a0La geocodifica \u00e8 fondamentale in svariati ambiti tra cui i principali:[\/vc_column_text]<div class=\" c-list c-list--color-one\"><ul>\n<li><i class=\"c-list__icon fal fa-check-circle\"><\/i><em>Logistica e trasporti<\/em>: esistono in commercio applicazioni logistiche molto sofisticate in grado di tracciare in dettaglio il tragitto delle merci in tempo reale e di pianificare a monte il tragitto pi\u00f9 efficace attraverso vari punti intermedi. La corretta rintracciabilit\u00e0 degli indirizzi, a livello di numero civico, consente notevoli risparmi in termini di risorse e di tempistica.<\/li>\n<li><i class=\"c-list__icon fal fa-check-circle\"><\/i><em><a href=\"https:\/\/www.egon.com\/it\/applicazioni\">Geomarketing<\/a><\/em>: particolari applicativi informatici, finalizzati a ricerche di geomarketing, consentono, mediante il supporto automatico del software Egon, di ricostruire tutti i dati pi\u00f9 importanti relativi alle potenzialit\u00e0 commerciali di una determinata localit\u00e0 o zona. La\u00a0<a title=\"normalizzazione indirizzi postali\" href=\"https:\/\/www.egon.com\/it\/soluzioni\/normalizzazione-indirizzi\">normalizzazione degli indirizzi postali<\/a>, con successivo posizionamento su mappa, \u00e8 infatti necessariamente propedeutica a qualsiasi ulteriore analisi di geomarketing e l\u2019elemento preliminare \u00e8 un\u2019accurata geocodifica.<\/li>\n<\/ul>\n<\/div>[\/vc_column][\/vc_row][vc_row][vc_column]<div class=\"templatera_shortcode\"><div class=\"o-holder u-background-ca-one u-padding-vertical-large\"><div class=\" o-wrapper\"><div class=\"grid-1\"><div class=\"col _lap-and-up-12\" ><div class=\"c-heading\"><h3 class=\" u-text-color-invert u-text-center\">SCOPRI COME IL NOSTRO SOFTWARE DI GESTIONE DATI PUO\u2019 AIUTARTI A FAR CRESCERE LA TUA AZIENDA!<\/h3><\/div><div class=\"c-button-holder c-button-holder--center\"><a class=\"c-button u-text-bold c-button--center c-button--white  c-button--ghost\" href=\"https:\/\/www.egon.com\/company\/contact-us\">CONTATTACI<\/a><\/div><\/div>\n<\/div><\/div><\/div>\r\n<\/div>[\/vc_column][\/vc_row]\n","protected":false},"excerpt":{"rendered":"SCOPRI COME IL NOSTRO SOFTWARE DI GESTIONE DATI PUO\u2019 AIUTARTI A FAR CRESCERE LA TUA AZIENDA!CONTATTACI","protected":false},"author":1,"featured_media":0,"parent":6233,"menu_order":0,"comment_status":"closed","ping_status":"closed","template":"templates\/template-fullwidth.php","meta":{"footnotes":""},"class_list":["post-6241","page","type-page","status-publish","hentry"],"yoast_head":"<!-- This site is optimized with the Yoast SEO plugin v26.8 - https:\/\/yoast.com\/product\/yoast-seo-wordpress\/ -->\n<title>Geocodifica indirizzi postali online e geolocalizzazione | Egon<\/title>\n<meta name=\"description\" content=\"Geocodifica e georeferenziazione online di qualsiasi indirizzo o archivio di indirizzi italiani e internazionali. Prova Gratis EGON!\" \/>\n<meta name=\"robots\" content=\"index, follow, max-snippet:-1, max-image-preview:large, max-video-preview:-1\" \/>\n<link rel=\"canonical\" href=\"https:\/\/www.egon.com\/it\/soluzioni\/geocodifica\" \/>\n<meta property=\"og:locale\" content=\"it_IT\" \/>\n<meta property=\"og:type\" content=\"article\" \/>\n<meta property=\"og:title\" content=\"Geocodifica indirizzi postali online e geolocalizzazione | Egon\" \/>\n<meta property=\"og:description\" content=\"Geocodifica e georeferenziazione online di qualsiasi indirizzo o archivio di indirizzi italiani e internazionali. Prova Gratis EGON!\" \/>\n<meta property=\"og:url\" content=\"https:\/\/www.egon.com\/it\/soluzioni\/geocodifica\" \/>\n<meta property=\"og:site_name\" content=\"Egon\" \/>\n<meta property=\"article:modified_time\" content=\"2024-07-06T10:27:11+00:00\" \/>\n<meta name=\"twitter:card\" content=\"summary_large_image\" \/>\n<meta name=\"twitter:label1\" content=\"Tempo di lettura stimato\" \/>\n\t<meta name=\"twitter:data1\" content=\"3 minuti\" \/>\n<script type=\"application\/ld+json\" class=\"yoast-schema-graph\">{\"@context\":\"https:\/\/schema.org\",\"@graph\":[{\"@type\":\"WebPage\",\"@id\":\"https:\/\/www.egon.com\/it\/soluzioni\/geocodifica\",\"url\":\"https:\/\/www.egon.com\/it\/soluzioni\/geocodifica\",\"name\":\"Geocodifica indirizzi postali online e geolocalizzazione | Egon\",\"isPartOf\":{\"@id\":\"https:\/\/www.egon.com\/zh\/#website\"},\"datePublished\":\"2017-07-06T09:58:23+00:00\",\"dateModified\":\"2024-07-06T10:27:11+00:00\",\"description\":\"Geocodifica e georeferenziazione online di qualsiasi indirizzo o archivio di indirizzi italiani e internazionali. Prova Gratis EGON!\",\"breadcrumb\":{\"@id\":\"https:\/\/www.egon.com\/it\/soluzioni\/geocodifica#breadcrumb\"},\"inLanguage\":\"it-IT\",\"potentialAction\":[{\"@type\":\"ReadAction\",\"target\":[\"https:\/\/www.egon.com\/it\/soluzioni\/geocodifica\"]}]},{\"@type\":\"BreadcrumbList\",\"@id\":\"https:\/\/www.egon.com\/it\/soluzioni\/geocodifica#breadcrumb\",\"itemListElement\":[{\"@type\":\"ListItem\",\"position\":1,\"name\":\"Home\",\"item\":\"https:\/\/www.egon.com\/it\"},{\"@type\":\"ListItem\",\"position\":2,\"name\":\"Soluzioni Verifica e georeferenziazione indirizzi\",\"item\":\"https:\/\/www.egon.com\/it\/soluzioni\"},{\"@type\":\"ListItem\",\"position\":3,\"name\":\"Geocodifica indirizzi postali online\"}]},{\"@type\":\"WebSite\",\"@id\":\"https:\/\/www.egon.com\/zh\/#website\",\"url\":\"https:\/\/www.egon.com\/zh\/\",\"name\":\"Egon\",\"description\":\"Normalizzazione indirizzi - Address validation - Egon.com\",\"potentialAction\":[{\"@type\":\"SearchAction\",\"target\":{\"@type\":\"EntryPoint\",\"urlTemplate\":\"https:\/\/www.egon.com\/zh\/?s={search_term_string}\"},\"query-input\":{\"@type\":\"PropertyValueSpecification\",\"valueRequired\":true,\"valueName\":\"search_term_string\"}}],\"inLanguage\":\"it-IT\"}]}<\/script>\n<!-- \/ Yoast SEO plugin. -->","yoast_head_json":{"title":"Geocodifica indirizzi postali online e geolocalizzazione | Egon","description":"Geocodifica e georeferenziazione online di qualsiasi indirizzo o archivio di indirizzi italiani e internazionali. Prova Gratis EGON!","robots":{"index":"index","follow":"follow","max-snippet":"max-snippet:-1","max-image-preview":"max-image-preview:large","max-video-preview":"max-video-preview:-1"},"canonical":"https:\/\/www.egon.com\/it\/soluzioni\/geocodifica","og_locale":"it_IT","og_type":"article","og_title":"Geocodifica indirizzi postali online e geolocalizzazione | Egon","og_description":"Geocodifica e georeferenziazione online di qualsiasi indirizzo o archivio di indirizzi italiani e internazionali. Prova Gratis EGON!","og_url":"https:\/\/www.egon.com\/it\/soluzioni\/geocodifica","og_site_name":"Egon","article_modified_time":"2024-07-06T10:27:11+00:00","twitter_card":"summary_large_image","twitter_misc":{"Tempo di lettura stimato":"3 minuti"},"schema":{"@context":"https:\/\/schema.org","@graph":[{"@type":"WebPage","@id":"https:\/\/www.egon.com\/it\/soluzioni\/geocodifica","url":"https:\/\/www.egon.com\/it\/soluzioni\/geocodifica","name":"Geocodifica indirizzi postali online e geolocalizzazione | Egon","isPartOf":{"@id":"https:\/\/www.egon.com\/zh\/#website"},"datePublished":"2017-07-06T09:58:23+00:00","dateModified":"2024-07-06T10:27:11+00:00","description":"Geocodifica e georeferenziazione online di qualsiasi indirizzo o archivio di indirizzi italiani e internazionali. Prova Gratis EGON!","breadcrumb":{"@id":"https:\/\/www.egon.com\/it\/soluzioni\/geocodifica#breadcrumb"},"inLanguage":"it-IT","potentialAction":[{"@type":"ReadAction","target":["https:\/\/www.egon.com\/it\/soluzioni\/geocodifica"]}]},{"@type":"BreadcrumbList","@id":"https:\/\/www.egon.com\/it\/soluzioni\/geocodifica#breadcrumb","itemListElement":[{"@type":"ListItem","position":1,"name":"Home","item":"https:\/\/www.egon.com\/it"},{"@type":"ListItem","position":2,"name":"Soluzioni Verifica e georeferenziazione indirizzi","item":"https:\/\/www.egon.com\/it\/soluzioni"},{"@type":"ListItem","position":3,"name":"Geocodifica indirizzi postali online"}]},{"@type":"WebSite","@id":"https:\/\/www.egon.com\/zh\/#website","url":"https:\/\/www.egon.com\/zh\/","name":"Egon","description":"Normalizzazione indirizzi - Address validation - Egon.com","potentialAction":[{"@type":"SearchAction","target":{"@type":"EntryPoint","urlTemplate":"https:\/\/www.egon.com\/zh\/?s={search_term_string}"},"query-input":{"@type":"PropertyValueSpecification","valueRequired":true,"valueName":"search_term_string"}}],"inLanguage":"it-IT"}]}},"_links":{"self":[{"href":"https:\/\/www.egon.com\/it\/wp-json\/wp\/v2\/pages\/6241","targetHints":{"allow":["GET"]}}],"collection":[{"href":"https:\/\/www.egon.com\/it\/wp-json\/wp\/v2\/pages"}],"about":[{"href":"https:\/\/www.egon.com\/it\/wp-json\/wp\/v2\/types\/page"}],"author":[{"embeddable":true,"href":"https:\/\/www.egon.com\/it\/wp-json\/wp\/v2\/users\/1"}],"replies":[{"embeddable":true,"href":"https:\/\/www.egon.com\/it\/wp-json\/wp\/v2\/comments?post=6241"}],"version-history":[{"count":4,"href":"https:\/\/www.egon.com\/it\/wp-json\/wp\/v2\/pages\/6241\/revisions"}],"predecessor-version":[{"id":20190,"href":"https:\/\/www.egon.com\/it\/wp-json\/wp\/v2\/pages\/6241\/revisions\/20190"}],"up":[{"embeddable":true,"href":"https:\/\/www.egon.com\/it\/wp-json\/wp\/v2\/pages\/6233"}],"wp:attachment":[{"href":"https:\/\/www.egon.com\/it\/wp-json\/wp\/v2\/media?parent=6241"}],"curies":[{"name":"wp","href":"https:\/\/api.w.org\/{rel}","templated":true}]}}