{"id":6237,"date":"2017-07-06T09:57:52","date_gmt":"2017-07-06T09:57:52","guid":{"rendered":"https:\/\/egon.com\/?page_id=6237"},"modified":"2024-07-09T07:54:02","modified_gmt":"2024-07-09T07:54:02","slug":"normalizzazione-indirizzi","status":"publish","type":"page","link":"https:\/\/www.egon.com\/it\/soluzioni\/normalizzazione-indirizzi","title":{"rendered":"Normalizzazione indirizzi postali online"},"content":{"rendered":"[vc_row row_h_align=&#8221;grid&#8211;center&#8221; wrapper=&#8221;true&#8221; holder_class=&#8221;u-section-hero-two u-overlapped-hero-padding&#8221; holder_set_margin=&#8221;true&#8221; holder_margin=&#8221;u-margin-bottom-large&#8221;][vc_column row_width=&#8221;_desktop-9&#8243;]<div class=\"c-heading\"><h1 class=\" u-h1 u-text-bolder u-margin-bottom-none u-text-center\">NORMALIZZAZIONE INDIRIZZI POSTALI ONLINE. ITALIA, EUROPA, MONDO<\/h1><\/div>[vc_column_text txt_align=&#8221;u-text-center&#8221; set_margin=&#8221;true&#8221; margin=&#8221;u-margin-bottom-large&#8221;]Normalizzazione degli indirizzi postali e validazione di dati e indirizzi aziendali sono esigenze imprescindibili per ogni azienda che operi mediante database indirizzi ricchi di dati.[\/vc_column_text]<div class=\"c-button-holder c-button-holder--center\"><a class=\"c-button c-button--center u-margin-right u-margin-bottom u-margin-left c-button--primary\" href=\"https:\/\/www.egon.com\/egon-demo\">PROVA EGON GRATIS<\/a><\/div>[\/vc_column][\/vc_row][vc_row wrapper=&#8221;true&#8221;][vc_column]<div class=\"c-heading\"><h2 class=\" u-text-bolder\">CHE COS'\u00c8 LA NORMALIZZAZIONE DEGLI INDIRIZZI<\/h2><\/div>[vc_column_text]\n<dl>\n<dt>Normalizzazione indirizzi<\/dt>\n<dd>La normalizzazione degli indirizzi postali consiste nella verifica, validazione, formattazione e eventuale correzione delle inesattezze e delle incoerenze riscontrate in un indirizzo o in un insieme di indirizzi, al fine di ridurre ogni singolo recapito alla sua forma universalmente intellegibile, rendendolo cos\u00ec rintracciabile ed utilizzabile dai pi\u00f9 diversi sistemi informativi mondiali.<\/dd>\n<\/dl>\n<p>E&#8217; possibile normalizzare indirizzi uno alla volta, in real time, tramite un form web con suggerimenti durante la digitazione, oppure in modalit\u00e0 batch, massiva, andando cos\u00ec a validare e normalizzare in pochi minuti liste di migliaia di indirizzi postali presenti in un archivio clienti\/fornitori). Inoltre \u00e8 possibile integrare il servizio di <strong>normalizzazione del database di indirizzi<\/strong> a qualsiasi applicativo aziendale, per mezzo delle API Egon, di semplicissima fruizione.<\/p>\n<h2 class=\"p1\">NORMALIZZAZIONE INDIRIZZI POSTALI E NORMALIZZAZIONE CAP CON EGON<\/h2>\n<p>Strettamente collegato al processo di normalizzazione \u00e8 il <strong><a href=\"https:\/\/www.egon.com\/it\/soluzioni\/geocodifica\">processo di geocodifica<\/a><\/strong> e di attribuzione dei diversi codici anagrafici e territoriali a ciascun elemento o record, servizio per il quale, al pari della normalizzazione, siamo in grado di fornire supporto completo per <strong>oltre 250 paesi paesi a livello mondiale<\/strong>.<\/p>\n<p>Egon \u00e8 un software, installabile in locale, oppure disponibile direttamente online via web, progettato per garantire la puntuale normalizzazione di indirizzi errati o incompleti. Gli indirizzi, precisamente normalizzati per mezzo della nostra suite, possono quindi essere restituiti all\u2019utente in\u00a0molteplici modalit\u00e0 e formati, a partire dalla\u00a0formattazione postale\u00a0(direttamente utilizzabile, mediante un copia-incolla, nei processi di postalizzazione), per scendere nello specifico linguistico dei\u00a0formati nativi,\u00a0traslitterati\u00a0oppure\u00a0latinizzati, per ciascun recapito. Il file di output pu\u00f2 inoltre essere liberamente formattato in\u00a0formato minuscolo,\u00a0maiuscolo\u00a0oppure\u00a0capitalizzato.<\/p>\n<p>Potrai finalmente dire addio a tutte le problematiche derivanti da errori ortografici e di formattazione, grazie al\u00a0supporto interattivo del nostro software, che funziona in real-time, direttamente durante la digitazione da parte dell\u2019operatore (\u00e8 compresa la\u00a0<strong>normalizzazione cap<\/strong>, la\u00a0<a href=\"https:\/\/www.egon.com\/it\/soluzioni\/deduplica\">deduplica<\/a>\u00a0e l\u2019<strong>aggiunta dei CAP mancanti<\/strong>\u00a0in modalit\u00e0 automatica).[\/vc_column_text][\/vc_column][\/vc_row][vc_row holder_set_margin=&#8221;true&#8221; holder_margin=&#8221;u-margin-bottom-large&#8221;][vc_column]<div class=\"templatera_shortcode\"><div class=\"o-holder u-background-color-one\"><div class=\" o-wrapper\"><div class=\"grid-1 u-deco-globe grid--equalHeight\"><div class=\"col _lap-and-up-8\" ><div class=\"o-holder u-padding-vertical-large\"><div class=\"grid-1\"><div class=\"col _lap-and-up-4\" ><div class=\"c-heading\"><h3 class=\" u-text-color-invert u-text-right\">Prova subito EGON senza impegno<\/h3><\/div><\/div><div class=\"col _lap-and-up-8\" ><div class=\"c-text-block u-text-color-invert\"><p><span>La normalizzazione degli indirizzi consente di verificare, correggere, deduplicare e se necessario arricchire i dati<\/span>\u00a0memorizzati in uno o pi\u00f9 database.<\/p>\n<p><span>Egon verificher\u00e0 in pochi istanti l'esattezza delle informazioni inserite<\/span>. Il processo di normalizzazione consente di <span>controllare tutti i dati e di correggere<\/span>, laddove necessario, tutti gli errori grammaticali (doppie lettere, spaziature ecc.), indirizzi obsoleti, o duplicati. Infine ciascun indirizzo o dato di contatto potr\u00e0 essere arricchito con le informazioni mancanti (ad esempio il titolo, il codice postale, la citt\u00e0, il paese ecc. .).<\/p>\n <\/div><\/div>\n<\/div><\/div><\/div><div class=\"col _lap-and-up-4\" ><div class=\"col_inner u-padding-vertical col_inner--middle\"><div class=\"c-button-holder c-button-holder--center\"><a class=\"c-button u-text-bold c-button--center c-button--white\" href=\"https:\/\/www.egon.com\/egon-demo\">PROVA SUBITO LA DEMO GRATUITA!<\/a><\/div><\/div><\/div>\n<\/div><\/div><\/div><\/div>[\/vc_column][\/vc_row][vc_row wrapper=&#8221;true&#8221;][vc_column]<div class=\"c-heading\"><h3 class=\" u-text-bolder\">AMBITI APPLICATIVI DELLA NORMALIZZAZIONE ONLINE<\/h3><\/div>[\/vc_column][\/vc_row][vc_row wrapper=&#8221;true&#8221; holder_set_margin=&#8221;true&#8221; holder_margin=&#8221;u-margin-bottom&#8221;][vc_column width=&#8221;1\/3&#8243;]<div class=\"c-image\"><img loading=\"lazy\" decoding=\"async\" width=\"400\" height=\"441\" src=\"https:\/\/www.egon.com\/wp-content\/uploads\/2017\/07\/esempio-normalizzazione-indirizzo-2.jpg\" class=\" aligncenter\" alt=\"normalizzazione indirizzi postali online\" srcset=\"https:\/\/www.egon.com\/wp-content\/uploads\/2017\/07\/esempio-normalizzazione-indirizzo-2.jpg 400w, https:\/\/www.egon.com\/wp-content\/uploads\/2017\/07\/esempio-normalizzazione-indirizzo-2-272x300.jpg 272w\" sizes=\"auto, (max-width: 400px) 100vw, 400px\" \/><\/div>[\/vc_column][vc_column width=&#8221;2\/3&#8243;][vc_column_text]Gli ambiti applicativi legati alla normalizzazione database e alla verifica e validazione degli indirizzi internazionali sono innumerevoli e vanno dalla validazione una tantum di singoli archivi, al mailing (classico utilizzo per chi fa vendite per corrispondenza), alle fusioni tra database differenti o migrazioni da vecchi a \u00a0nuovi sistemi.<br \/>\nIn ogni caso, la\u00a0bonifica degli indirizzi\u00a0on line si rivela un\u2019esigenza imprescindibile per non veder scadere l\u2019organizzazione e la fruibilit\u00e0 dei propri database con progressivo aumento dei costi di gestione.<\/p>\n<p>Come funziona la normalizzazione degli indirizzi on line targata Egon?<\/p>\n<p>Immagina di dover inserire nel tuo gestionale, nel CRM o nell\u2019ecommerce una serie di dati postali relativi ai tuoi clienti, nome, ragione sociale, recapito, cap, dati bancari ecc.<\/p>\n<p>Egon interagisce automaticamente con te durante l\u2019immissione di dati, agevolando le operazioni mediante la correzione di errori, la normalizzazione degli indirizzi e la standardizzazione alla loro forma ufficiale. Non solo, Egon presenta funzionalit\u00e0 avanzate decisamente utili, che consentono, per esempio, l\u2019auto-completamento in real time, per cui, non appena avrai riempito pochi campi del tuo form di immissione, Egon compiler\u00e0 autonomamente i campi rimanenti, velocizzando l\u2019intero processo e semplificando notevolmente il tuo lavoro.[\/vc_column_text][\/vc_column][\/vc_row][vc_row wrapper=&#8221;true&#8221; holder_set_margin=&#8221;true&#8221; holder_margin=&#8221;u-margin-bottom-large&#8221;][vc_column inner_bg_fx=&#8221;u-background-color-six&#8221; set_padding_inner=&#8221;true&#8221; padding_inner=&#8221;u-padding&#8221;][vc_column_text txt_color=&#8221;u-text-color-invert&#8221;]\n<h3>E PER NORMALIZZARE GRANDI QUANTITA&#8217; DI INDIRIZZI IN UNA VOLTA SOLA?<\/h3>\n<p>Nessun problema! Oltre alla funzionalit\u00e0 in real time, Egon consente la cosiddetta\u00a0<a title=\"Normalizzazione batch massiva indirizzi postali\" href=\"https:\/\/www.egon.com\/it\/modalita-di-utilizzo\/batch\">normalizzazione batch o di massa<\/a>: il sistema prender\u00e0 in carico e analizzer\u00e0 interi database o file nei pi\u00f9 svariati formati (csv, xls, xml ecc.) e, dopo averli elaborati, ti restituir\u00e0 il file completamente normalizzato.[\/vc_column_text]<div class=\"c-button-holder c-button-holder--center\"><a class=\"c-button c-button--center c-button--white  c-button--ghost\" href=\"https:\/\/www.egon.com\/it\/modalita-di-utilizzo\/batch\">Scopri di pi\u00f9<\/a><\/div>[\/vc_column][\/vc_row][vc_row wrapper=&#8221;true&#8221;][vc_column]<div class=\"c-heading\"><h3 class=\" u-text-bolder\">NORMALIZZAZIONE INDIRIZZI INTERNAZIONALI\u2026 E POI?<\/h3><\/div>[vc_column_text]\n<p>La normalizzazione degli indirizzi postali e dei codici di avviamento postale (CAP) \u00e8 una delle funzioni fondamentali garantite da Egon, ma ci sono anche altri servizi direttamente associati. La piattaforma Egon consente di operare anche su dati anagrafici personali (codice fiscale, documenti di identit\u00e0, titoli, dati bancari di vario genere ecc.) con restituzione in output, anche in tal caso, della forma standard universalmente accettata. Normalizzare indirizzi non \u00e8 quindi l\u2019unica possibilit\u00e0, in quanto la normalizzazione pu\u00f2 avvenire su banche dati relative a persone fisiche o giuridiche.<\/p>\n<p>Egon garantisce massimi risultati nella bonifica degli archivi anagrafici e consente inoltre l\u2019eventuale integrazione manuale di correzioni sui record scartati dal processo automatico (\u201ccorrezione scarti\u201d).<\/p>\n<p>La nostra azienda, da anni specializzata in erogazione di servizi legati alla\u00a0normalizzazione indirizzi on line, alla\u00a0deduplicae alla\u00a0qualit\u00e0 dei dati\u00a0in genere (data quality), ha sede in\u00a0Italia, a\u00a0Verona\u00a0(nel cuore del\u00a0Veneto). Siamo comunque presenti a livello internazionale, garantendo una copertura a 360\u00b0 con i nostri servizi di qualit\u00e0 e per la qualit\u00e0.[\/vc_column_text][\/vc_column][vc_column][\/vc_column][\/vc_row][vc_row wrapper=&#8221;true&#8221;][vc_column]<div class=\"templatera_shortcode\"><div class=\"o-holder u-background-ca-one u-padding-vertical-large\"><div class=\" o-wrapper\"><div class=\"grid-1\"><div class=\"col _lap-and-up-12\" ><div class=\"c-heading\"><h3 class=\" u-text-color-invert u-text-center\">SCOPRI COME IL NOSTRO SOFTWARE DI GESTIONE DATI PUO\u2019 AIUTARTI A FAR CRESCERE LA TUA AZIENDA!<\/h3><\/div><div class=\"c-button-holder c-button-holder--center\"><a class=\"c-button u-text-bold c-button--center c-button--white  c-button--ghost\" href=\"https:\/\/www.egon.com\/company\/contact-us\">CONTATTACI<\/a><\/div><\/div>\n<\/div><\/div><\/div>\r\n<\/div>[\/vc_column][\/vc_row]\n","protected":false},"excerpt":{"rendered":"SCOPRI COME IL NOSTRO SOFTWARE DI GESTIONE DATI PUO\u2019 AIUTARTI A FAR CRESCERE LA TUA AZIENDA!CONTATTACI","protected":false},"author":1,"featured_media":0,"parent":6233,"menu_order":0,"comment_status":"closed","ping_status":"closed","template":"templates\/template-fullwidth.php","meta":{"footnotes":""},"class_list":["post-6237","page","type-page","status-publish","hentry"],"yoast_head":"<!-- This site is optimized with the Yoast SEO plugin v26.8 - https:\/\/yoast.com\/product\/yoast-seo-wordpress\/ -->\n<title>Normalizzazione indirizzi postali online: EGON<\/title>\n<meta name=\"description\" content=\"Normalizzazione Indirizzi Postali internazionali (servizio batch massivo o online con autocomplete): Prova Gratis il Software Egon!\" \/>\n<meta name=\"robots\" content=\"index, follow, max-snippet:-1, max-image-preview:large, max-video-preview:-1\" \/>\n<link rel=\"canonical\" href=\"https:\/\/www.egon.com\/it\/soluzioni\/normalizzazione-indirizzi\" \/>\n<meta property=\"og:locale\" content=\"it_IT\" \/>\n<meta property=\"og:type\" content=\"article\" \/>\n<meta property=\"og:title\" content=\"Normalizzazione indirizzi postali online: EGON\" \/>\n<meta property=\"og:description\" content=\"Normalizzazione Indirizzi Postali internazionali (servizio batch massivo o online con autocomplete): Prova Gratis il Software Egon!\" \/>\n<meta property=\"og:url\" content=\"https:\/\/www.egon.com\/it\/soluzioni\/normalizzazione-indirizzi\" \/>\n<meta property=\"og:site_name\" content=\"Egon\" \/>\n<meta property=\"article:modified_time\" content=\"2024-07-09T07:54:02+00:00\" \/>\n<meta name=\"twitter:card\" content=\"summary_large_image\" \/>\n<meta name=\"twitter:label1\" content=\"Tempo di lettura stimato\" \/>\n\t<meta name=\"twitter:data1\" content=\"4 minuti\" \/>\n<script type=\"application\/ld+json\" class=\"yoast-schema-graph\">{\"@context\":\"https:\/\/schema.org\",\"@graph\":[{\"@type\":\"WebPage\",\"@id\":\"https:\/\/www.egon.com\/it\/soluzioni\/normalizzazione-indirizzi\",\"url\":\"https:\/\/www.egon.com\/it\/soluzioni\/normalizzazione-indirizzi\",\"name\":\"Normalizzazione indirizzi postali online: EGON\",\"isPartOf\":{\"@id\":\"https:\/\/www.egon.com\/zh\/#website\"},\"datePublished\":\"2017-07-06T09:57:52+00:00\",\"dateModified\":\"2024-07-09T07:54:02+00:00\",\"description\":\"Normalizzazione Indirizzi Postali internazionali (servizio batch massivo o online con autocomplete): Prova Gratis il Software Egon!\",\"breadcrumb\":{\"@id\":\"https:\/\/www.egon.com\/it\/soluzioni\/normalizzazione-indirizzi#breadcrumb\"},\"inLanguage\":\"it-IT\",\"potentialAction\":[{\"@type\":\"ReadAction\",\"target\":[\"https:\/\/www.egon.com\/it\/soluzioni\/normalizzazione-indirizzi\"]}]},{\"@type\":\"BreadcrumbList\",\"@id\":\"https:\/\/www.egon.com\/it\/soluzioni\/normalizzazione-indirizzi#breadcrumb\",\"itemListElement\":[{\"@type\":\"ListItem\",\"position\":1,\"name\":\"Home\",\"item\":\"https:\/\/www.egon.com\/it\"},{\"@type\":\"ListItem\",\"position\":2,\"name\":\"Soluzioni Verifica e georeferenziazione indirizzi\",\"item\":\"https:\/\/www.egon.com\/it\/soluzioni\"},{\"@type\":\"ListItem\",\"position\":3,\"name\":\"Normalizzazione indirizzi postali online\"}]},{\"@type\":\"WebSite\",\"@id\":\"https:\/\/www.egon.com\/zh\/#website\",\"url\":\"https:\/\/www.egon.com\/zh\/\",\"name\":\"Egon\",\"description\":\"Normalizzazione indirizzi - Address validation - Egon.com\",\"potentialAction\":[{\"@type\":\"SearchAction\",\"target\":{\"@type\":\"EntryPoint\",\"urlTemplate\":\"https:\/\/www.egon.com\/zh\/?s={search_term_string}\"},\"query-input\":{\"@type\":\"PropertyValueSpecification\",\"valueRequired\":true,\"valueName\":\"search_term_string\"}}],\"inLanguage\":\"it-IT\"}]}<\/script>\n<!-- \/ Yoast SEO plugin. -->","yoast_head_json":{"title":"Normalizzazione indirizzi postali online: EGON","description":"Normalizzazione Indirizzi Postali internazionali (servizio batch massivo o online con autocomplete): Prova Gratis il Software Egon!","robots":{"index":"index","follow":"follow","max-snippet":"max-snippet:-1","max-image-preview":"max-image-preview:large","max-video-preview":"max-video-preview:-1"},"canonical":"https:\/\/www.egon.com\/it\/soluzioni\/normalizzazione-indirizzi","og_locale":"it_IT","og_type":"article","og_title":"Normalizzazione indirizzi postali online: EGON","og_description":"Normalizzazione Indirizzi Postali internazionali (servizio batch massivo o online con autocomplete): Prova Gratis il Software Egon!","og_url":"https:\/\/www.egon.com\/it\/soluzioni\/normalizzazione-indirizzi","og_site_name":"Egon","article_modified_time":"2024-07-09T07:54:02+00:00","twitter_card":"summary_large_image","twitter_misc":{"Tempo di lettura stimato":"4 minuti"},"schema":{"@context":"https:\/\/schema.org","@graph":[{"@type":"WebPage","@id":"https:\/\/www.egon.com\/it\/soluzioni\/normalizzazione-indirizzi","url":"https:\/\/www.egon.com\/it\/soluzioni\/normalizzazione-indirizzi","name":"Normalizzazione indirizzi postali online: EGON","isPartOf":{"@id":"https:\/\/www.egon.com\/zh\/#website"},"datePublished":"2017-07-06T09:57:52+00:00","dateModified":"2024-07-09T07:54:02+00:00","description":"Normalizzazione Indirizzi Postali internazionali (servizio batch massivo o online con autocomplete): Prova Gratis il Software Egon!","breadcrumb":{"@id":"https:\/\/www.egon.com\/it\/soluzioni\/normalizzazione-indirizzi#breadcrumb"},"inLanguage":"it-IT","potentialAction":[{"@type":"ReadAction","target":["https:\/\/www.egon.com\/it\/soluzioni\/normalizzazione-indirizzi"]}]},{"@type":"BreadcrumbList","@id":"https:\/\/www.egon.com\/it\/soluzioni\/normalizzazione-indirizzi#breadcrumb","itemListElement":[{"@type":"ListItem","position":1,"name":"Home","item":"https:\/\/www.egon.com\/it"},{"@type":"ListItem","position":2,"name":"Soluzioni Verifica e georeferenziazione indirizzi","item":"https:\/\/www.egon.com\/it\/soluzioni"},{"@type":"ListItem","position":3,"name":"Normalizzazione indirizzi postali online"}]},{"@type":"WebSite","@id":"https:\/\/www.egon.com\/zh\/#website","url":"https:\/\/www.egon.com\/zh\/","name":"Egon","description":"Normalizzazione indirizzi - Address validation - Egon.com","potentialAction":[{"@type":"SearchAction","target":{"@type":"EntryPoint","urlTemplate":"https:\/\/www.egon.com\/zh\/?s={search_term_string}"},"query-input":{"@type":"PropertyValueSpecification","valueRequired":true,"valueName":"search_term_string"}}],"inLanguage":"it-IT"}]}},"_links":{"self":[{"href":"https:\/\/www.egon.com\/it\/wp-json\/wp\/v2\/pages\/6237","targetHints":{"allow":["GET"]}}],"collection":[{"href":"https:\/\/www.egon.com\/it\/wp-json\/wp\/v2\/pages"}],"about":[{"href":"https:\/\/www.egon.com\/it\/wp-json\/wp\/v2\/types\/page"}],"author":[{"embeddable":true,"href":"https:\/\/www.egon.com\/it\/wp-json\/wp\/v2\/users\/1"}],"replies":[{"embeddable":true,"href":"https:\/\/www.egon.com\/it\/wp-json\/wp\/v2\/comments?post=6237"}],"version-history":[{"count":7,"href":"https:\/\/www.egon.com\/it\/wp-json\/wp\/v2\/pages\/6237\/revisions"}],"predecessor-version":[{"id":20193,"href":"https:\/\/www.egon.com\/it\/wp-json\/wp\/v2\/pages\/6237\/revisions\/20193"}],"up":[{"embeddable":true,"href":"https:\/\/www.egon.com\/it\/wp-json\/wp\/v2\/pages\/6233"}],"wp:attachment":[{"href":"https:\/\/www.egon.com\/it\/wp-json\/wp\/v2\/media?parent=6237"}],"curies":[{"name":"wp","href":"https:\/\/api.w.org\/{rel}","templated":true}]}}