{"id":9719,"date":"2017-12-19T10:03:12","date_gmt":"2017-12-19T10:03:12","guid":{"rendered":"https:\/\/www.egon.com?page_id=9719"},"modified":"2021-05-11T08:20:40","modified_gmt":"2021-05-11T08:20:40","slug":"anacredit-adathitelesites-az-ekb-rendelkezeseivel-osszhangban","status":"publish","type":"page","link":"https:\/\/www.egon.com\/hu\/alkalmazasok\/anacredit-adathitelesites-az-ekb-rendelkezeseivel-osszhangban","title":{"rendered":"ANACREDIT ADATHITELES\u00cdT\u00c9S AZ EKB RENDELKEZ\u00c9SEIVEL \u00d6SSZHANGBAN"},"content":{"rendered":"<p>Az EGON for AnaCredit egy innovat\u00edv szolg\u00e1ltat\u00e1s azon hitelint\u00e9zeteknek, amelyeknek inform\u00e1ci\u00f3t kell szolg\u00e1ltatniuk az Eur\u00f3pai K\u00f6zponti Banknak (EKB) a r\u00e9szletes hitelez\u00e9si \u00e9s hitelkock\u00e1zati adatok gy\u0171jt\u00e9s\u00e9r\u0151l sz\u00f3l\u00f3 rendelet alapj\u00e1n. Az Egonnal hiteles\u00edtheti az adatokat, \u00e9s \u00e1talak\u00edthatja az AnaCredit form\u00e1tum\u00e1ra egyszer\u0171en, gyorsan \u00e9s pontosan. Tudjon meg t\u00f6bbet!<\/p>\n<p><a href=\"https:\/\/www.egon.com\/wp-content\/uploads\/2017\/12\/EGONforAnaCredit_LEI_eng.pdf\"><a class=\"c-button c-button--primary\" href=\"https:\/\/www.egon.com\/wp-content\/uploads\/2017\/12\/EGONforAnaCredit_LEI_eng.pdf\">T\u00f6ltse le a r\u00e9szletes PDF-et az Egon for AnaCredit inform\u00e1ci\u00f3ival<\/a><\/a><\/p>\n<p><img loading=\"lazy\" decoding=\"async\" class=\"alignnone wp-image-9601 size-full\" src=\"https:\/\/www.egon.com\/wp-content\/uploads\/2017\/11\/anacredit.jpg\" alt=\"\" width=\"849\" height=\"566\" srcset=\"https:\/\/www.egon.com\/wp-content\/uploads\/2017\/11\/anacredit.jpg 849w, https:\/\/www.egon.com\/wp-content\/uploads\/2017\/11\/anacredit-400x267.jpg 400w, https:\/\/www.egon.com\/wp-content\/uploads\/2017\/11\/anacredit-768x512.jpg 768w\" sizes=\"auto, (max-width: 849px) 100vw, 849px\" \/><\/p>\n<p>Az Eur\u00f3pai Uni\u00f3ban regisztr\u00e1lt hitelint\u00e9zeteknek \u00e9s bankoknak adatokat kell szolg\u00e1ltatniuk a v\u00e1llalatoknak (\u00e9s m\u00e1s jogalanyoknak) ny\u00fajtott hitelekr\u0151l. Az \u00faj inform\u00e1ci\u00f3kb\u00f3l \u00f6ssze\u00e1ll egy hitelez\u00e9si \u00e9s hitelkock\u00e1zati adatb\u00e1zis, amelyet az EKB fog kezelni, hogy el\u0151seg\u00edtse a K\u00f6zponti Bankok Eur\u00f3pai Rendszere inform\u00e1ci\u00f3s k\u00f6telezetts\u00e9geinek betart\u00e1s\u00e1t a monet\u00e1ris politika \u00e9s a mikroprudenci\u00e1lis fel\u00fcgyelet ter\u00e9n.<\/p>\n<h2>\u00a0AZ EGON FOR ANACREDIT ADATGY\u0170JT\u00c9SI M\u00d3DSZERE<\/h2>\n<p>Az EGON konkr\u00e9t eszk\u00f6z\u00f6ket biztos\u00edt a bankok t\u00e1mogat\u00e1s\u00e1ra, amelyekkel egyedi \u00e9s k\u00f3dolt m\u00f3don oszthatj\u00e1k meg az inform\u00e1ci\u00f3t az EKB-val a megl\u00e9v\u0151 eur\u00f3pai szabv\u00e1nyokkal \u00f6sszhangban. Az EGON-nak k\u00f6sz\u00f6nhet\u0151en a webszolg\u00e1ltat\u00e1sokon (REST vagy SOAP), a felh\u0151ben vagy a helysz\u00edni szolg\u00e1ltat\u00e1ssal (\u00e1gazati \u00e9s Mainframe egyar\u00e1nt) kezelheti az EKB \u00e1ltal k\u00e9rt f\u0151bb inform\u00e1ci\u00f3kat. Az EGON for AnaCredit szolg\u00e1ltat\u00e1ssal az al\u00e1bbi inform\u00e1ci\u00f3kat kezelheti \u00e9s szabv\u00e1nyos\u00edthatja:<\/p>\n<p>1) C\u00edmek NUTS-k\u00f3dol\u00e1ssal<\/p>\n<p>A c\u00edmeket meghat\u00e1rozott strukt\u00far\u00e1t k\u00f6vetve kell megadni.<\/p>\n<p>Az EGON-nal hiteles\u00edthet\u0151 b\u00e1rmilyen eur\u00f3pai c\u00edm, \u00e9s NUTS 3-k\u00f3dol\u00e1s adhat\u00f3 neki.<\/p>\n<p>2) National Identifier<\/p>\n<p>A National Identifier egy nemzeti azonos\u00edt\u00f3k\u00f3d, amely egyed\u00fcl\u00e1ll\u00f3an azonos\u00edt egy fizikai vagy jogi szem\u00e9lyis\u00e9get. A szerkezete minden orsz\u00e1gban m\u00e1s,<\/p>\n<p>Az EGON-nal hiteles\u00edthet\u0151 minden National Identifier az egyes orsz\u00e1gok saj\u00e1tos logik\u00e1j\u00e1t \u00e9s algoritmusait alkalmazva.<\/p>\n<p>3) Legal Form<\/p>\n<p>Minden jogi form\u00e1t egy egyedi eur\u00f3pai szint\u0171 k\u00f3d alapj\u00e1n oszt\u00e1lyoznak, az EKB rendelkez\u00e9seivel \u00f6sszhangban.<\/p>\n<p>Az EGON lehet\u0151v\u00e9 teszi a jogi forma azonos\u00edt\u00e1s\u00e1t a c\u00e9gn\u00e9vb\u0151l, \u00e9s eur\u00f3pai k\u00f3dol\u00e1st alkalmaz r\u00e1.<\/p>\n<p>4) LEI (Legal entities Identifier)<\/p>\n<p>A LEI-k\u00f3d egy egyedi \u00e9s glob\u00e1lis azonos\u00edt\u00f3, amelyet a p\u00e9nz\u00fcgyi piacon tev\u00e9kenyked\u0151 jogalanyok kapnak.<\/p>\n<p>Az EGON lehet\u0151v\u00e9 teszi a LEI-k\u00f3d kinyer\u00e9s\u00e9t a c\u00e9gn\u00e9vb\u0151l, akkor is, ha m\u00e1shogy van felt\u00fcntetve, mint a GLEIF \u00e1ltal rendelkez\u00e9sre bocs\u00e1jtott arch\u00edvumokban.<\/p>\n<p>5) Gazdas\u00e1gi tev\u00e9kenys\u00e9gek oszt\u00e1lyoz\u00e1sa<\/p>\n<p>Az inform\u00e1ci\u00f3k \u00e1t\u00fcltet\u00e9s\u00e9nek a gazdas\u00e1gi tev\u00e9kenys\u00e9gek oszt\u00e1lyoz\u00e1sa szerint a NACE rev.2 szabv\u00e1ny alapj\u00e1n kell megval\u00f3sulnia. Az EGON k\u00e9pes kezelni az \u00f6sszes orsz\u00e1g saj\u00e1t oszt\u00e1lyoz\u00e1s\u00e1t \u00e1tk\u00f3dolva azokat a NACE oszt\u00e1lyoz\u00e1si rendszerbe.<\/p>\n<p>Az EGON hiteles\u00edti, jav\u00edtja \u00e9s \u00e1tszervezi az Eur\u00f3pai Uni\u00f3 28 orsz\u00e1g\u00e1nak adatait. Az adatb\u00e1zisok folyamatos friss\u00edt\u00e9se \u00e9s az alkalmazott technol\u00f3gi\u00e1k min\u0151s\u00e9ge olyan eredm\u00e9nyeket hoznak, amelyek minden elv\u00e1r\u00e1snak megfelelnek. M\u00e1ra az EGON teljes csomagot k\u00edn\u00e1l, amely ide\u00e1lis a nagym\u00e9rt\u00e9k\u0171 vagy a val\u00f3sidej\u0171 tranzakci\u00f3khoz, amelyek megfelelnek az AnaCredit szab\u00e1lyoz\u00e1soknak.<\/p>\n<p><a href=\"https:\/\/www.egon.com\/hu\/egon-demo\"><a class=\"c-button c-button--primary\" href=\"https:\/\/www.egon.com\/hu\/egon-demo\">Pr\u00f3b\u00e1lja ki az Egon for AnaCredit ingyenes dem\u00f3j\u00e1t most k\u00f6telezetts\u00e9gek n\u00e9lk\u00fcl<\/a><\/a><\/p>\n<p>&nbsp;<\/p>\n<p>&nbsp;<\/p>\n<p>&nbsp;<\/p>\n<p>&nbsp;<\/p>\n<p>&nbsp;<\/p>\n<p>&nbsp;<\/p>\n<p>&nbsp;<\/p>\n","protected":false},"excerpt":{"rendered":"<p>Az EGON for AnaCredit egy innovat\u00edv szolg\u00e1ltat\u00e1s azon hitelint\u00e9zeteknek, amelyeknek inform\u00e1ci\u00f3t kell szolg\u00e1ltatniuk az Eur\u00f3pai K\u00f6zponti Banknak (EKB) a r\u00e9szletes hitelez\u00e9si \u00e9s [&hellip;]<\/p>\n","protected":false},"author":6,"featured_media":0,"parent":8106,"menu_order":0,"comment_status":"closed","ping_status":"closed","template":"","meta":{"footnotes":""},"class_list":["post-9719","page","type-page","status-publish","hentry"],"yoast_head":"<!-- This site is optimized with the Yoast SEO plugin v26.8 - https:\/\/yoast.com\/product\/yoast-seo-wordpress\/ -->\n<title>ANACREDIT ADATHITELES\u00cdT\u00c9S AZ EKB RENDELKEZ\u00c9SEIVEL \u00d6SSZHANGBAN - Egon<\/title>\n<meta name=\"robots\" content=\"index, follow, max-snippet:-1, max-image-preview:large, max-video-preview:-1\" \/>\n<link rel=\"canonical\" href=\"https:\/\/www.egon.com\/hu\/alkalmazasok\/anacredit-adathitelesites-az-ekb-rendelkezeseivel-osszhangban\" \/>\n<meta property=\"og:locale\" content=\"hu_HU\" \/>\n<meta property=\"og:type\" content=\"article\" \/>\n<meta property=\"og:title\" content=\"ANACREDIT ADATHITELES\u00cdT\u00c9S AZ EKB RENDELKEZ\u00c9SEIVEL \u00d6SSZHANGBAN - Egon\" \/>\n<meta property=\"og:description\" content=\"Az EGON for AnaCredit egy innovat\u00edv szolg\u00e1ltat\u00e1s azon hitelint\u00e9zeteknek, amelyeknek inform\u00e1ci\u00f3t kell szolg\u00e1ltatniuk az Eur\u00f3pai K\u00f6zponti Banknak (EKB) a r\u00e9szletes hitelez\u00e9si \u00e9s [&hellip;]\" \/>\n<meta property=\"og:url\" content=\"https:\/\/www.egon.com\/hu\/alkalmazasok\/anacredit-adathitelesites-az-ekb-rendelkezeseivel-osszhangban\" \/>\n<meta property=\"og:site_name\" content=\"Egon\" \/>\n<meta property=\"article:modified_time\" content=\"2021-05-11T08:20:40+00:00\" \/>\n<meta property=\"og:image\" content=\"https:\/\/www.egon.com\/wp-content\/uploads\/2017\/11\/anacredit.jpg\" \/>\n<meta name=\"twitter:card\" content=\"summary_large_image\" \/>\n<meta name=\"twitter:label1\" content=\"Becs\u00fclt olvas\u00e1si id\u0151\" \/>\n\t<meta name=\"twitter:data1\" content=\"2 perc\" \/>\n<script type=\"application\/ld+json\" class=\"yoast-schema-graph\">{\"@context\":\"https:\/\/schema.org\",\"@graph\":[{\"@type\":\"WebPage\",\"@id\":\"https:\/\/www.egon.com\/hu\/alkalmazasok\/anacredit-adathitelesites-az-ekb-rendelkezeseivel-osszhangban\",\"url\":\"https:\/\/www.egon.com\/hu\/alkalmazasok\/anacredit-adathitelesites-az-ekb-rendelkezeseivel-osszhangban\",\"name\":\"ANACREDIT ADATHITELES\u00cdT\u00c9S AZ EKB RENDELKEZ\u00c9SEIVEL \u00d6SSZHANGBAN - Egon\",\"isPartOf\":{\"@id\":\"https:\/\/www.egon.com\/zh\/#website\"},\"primaryImageOfPage\":{\"@id\":\"https:\/\/www.egon.com\/hu\/alkalmazasok\/anacredit-adathitelesites-az-ekb-rendelkezeseivel-osszhangban#primaryimage\"},\"image\":{\"@id\":\"https:\/\/www.egon.com\/hu\/alkalmazasok\/anacredit-adathitelesites-az-ekb-rendelkezeseivel-osszhangban#primaryimage\"},\"thumbnailUrl\":\"https:\/\/www.egon.com\/wp-content\/uploads\/2017\/11\/anacredit.jpg\",\"datePublished\":\"2017-12-19T10:03:12+00:00\",\"dateModified\":\"2021-05-11T08:20:40+00:00\",\"breadcrumb\":{\"@id\":\"https:\/\/www.egon.com\/hu\/alkalmazasok\/anacredit-adathitelesites-az-ekb-rendelkezeseivel-osszhangban#breadcrumb\"},\"inLanguage\":\"hu\",\"potentialAction\":[{\"@type\":\"ReadAction\",\"target\":[\"https:\/\/www.egon.com\/hu\/alkalmazasok\/anacredit-adathitelesites-az-ekb-rendelkezeseivel-osszhangban\"]}]},{\"@type\":\"ImageObject\",\"inLanguage\":\"hu\",\"@id\":\"https:\/\/www.egon.com\/hu\/alkalmazasok\/anacredit-adathitelesites-az-ekb-rendelkezeseivel-osszhangban#primaryimage\",\"url\":\"https:\/\/www.egon.com\/wp-content\/uploads\/2017\/11\/anacredit.jpg\",\"contentUrl\":\"https:\/\/www.egon.com\/wp-content\/uploads\/2017\/11\/anacredit.jpg\"},{\"@type\":\"BreadcrumbList\",\"@id\":\"https:\/\/www.egon.com\/hu\/alkalmazasok\/anacredit-adathitelesites-az-ekb-rendelkezeseivel-osszhangban#breadcrumb\",\"itemListElement\":[{\"@type\":\"ListItem\",\"position\":1,\"name\":\"Home\",\"item\":\"https:\/\/www.egon.com\/hu\"},{\"@type\":\"ListItem\",\"position\":2,\"name\":\"Applications\",\"item\":\"https:\/\/www.egon.com\/hu\/alkalmazasok\"},{\"@type\":\"ListItem\",\"position\":3,\"name\":\"ANACREDIT ADATHITELES\u00cdT\u00c9S AZ EKB RENDELKEZ\u00c9SEIVEL \u00d6SSZHANGBAN\"}]},{\"@type\":\"WebSite\",\"@id\":\"https:\/\/www.egon.com\/zh\/#website\",\"url\":\"https:\/\/www.egon.com\/zh\/\",\"name\":\"Egon\",\"description\":\"Normalizzazione indirizzi - Address validation - Egon.com\",\"potentialAction\":[{\"@type\":\"SearchAction\",\"target\":{\"@type\":\"EntryPoint\",\"urlTemplate\":\"https:\/\/www.egon.com\/zh\/?s={search_term_string}\"},\"query-input\":{\"@type\":\"PropertyValueSpecification\",\"valueRequired\":true,\"valueName\":\"search_term_string\"}}],\"inLanguage\":\"hu\"}]}<\/script>\n<!-- \/ Yoast SEO plugin. -->","yoast_head_json":{"title":"ANACREDIT ADATHITELES\u00cdT\u00c9S AZ EKB RENDELKEZ\u00c9SEIVEL \u00d6SSZHANGBAN - Egon","robots":{"index":"index","follow":"follow","max-snippet":"max-snippet:-1","max-image-preview":"max-image-preview:large","max-video-preview":"max-video-preview:-1"},"canonical":"https:\/\/www.egon.com\/hu\/alkalmazasok\/anacredit-adathitelesites-az-ekb-rendelkezeseivel-osszhangban","og_locale":"hu_HU","og_type":"article","og_title":"ANACREDIT ADATHITELES\u00cdT\u00c9S AZ EKB RENDELKEZ\u00c9SEIVEL \u00d6SSZHANGBAN - Egon","og_description":"Az EGON for AnaCredit egy innovat\u00edv szolg\u00e1ltat\u00e1s azon hitelint\u00e9zeteknek, amelyeknek inform\u00e1ci\u00f3t kell szolg\u00e1ltatniuk az Eur\u00f3pai K\u00f6zponti Banknak (EKB) a r\u00e9szletes hitelez\u00e9si \u00e9s [&hellip;]","og_url":"https:\/\/www.egon.com\/hu\/alkalmazasok\/anacredit-adathitelesites-az-ekb-rendelkezeseivel-osszhangban","og_site_name":"Egon","article_modified_time":"2021-05-11T08:20:40+00:00","og_image":[{"url":"https:\/\/www.egon.com\/wp-content\/uploads\/2017\/11\/anacredit.jpg","type":"","width":"","height":""}],"twitter_card":"summary_large_image","twitter_misc":{"Becs\u00fclt olvas\u00e1si id\u0151":"2 perc"},"schema":{"@context":"https:\/\/schema.org","@graph":[{"@type":"WebPage","@id":"https:\/\/www.egon.com\/hu\/alkalmazasok\/anacredit-adathitelesites-az-ekb-rendelkezeseivel-osszhangban","url":"https:\/\/www.egon.com\/hu\/alkalmazasok\/anacredit-adathitelesites-az-ekb-rendelkezeseivel-osszhangban","name":"ANACREDIT ADATHITELES\u00cdT\u00c9S AZ EKB RENDELKEZ\u00c9SEIVEL \u00d6SSZHANGBAN - Egon","isPartOf":{"@id":"https:\/\/www.egon.com\/zh\/#website"},"primaryImageOfPage":{"@id":"https:\/\/www.egon.com\/hu\/alkalmazasok\/anacredit-adathitelesites-az-ekb-rendelkezeseivel-osszhangban#primaryimage"},"image":{"@id":"https:\/\/www.egon.com\/hu\/alkalmazasok\/anacredit-adathitelesites-az-ekb-rendelkezeseivel-osszhangban#primaryimage"},"thumbnailUrl":"https:\/\/www.egon.com\/wp-content\/uploads\/2017\/11\/anacredit.jpg","datePublished":"2017-12-19T10:03:12+00:00","dateModified":"2021-05-11T08:20:40+00:00","breadcrumb":{"@id":"https:\/\/www.egon.com\/hu\/alkalmazasok\/anacredit-adathitelesites-az-ekb-rendelkezeseivel-osszhangban#breadcrumb"},"inLanguage":"hu","potentialAction":[{"@type":"ReadAction","target":["https:\/\/www.egon.com\/hu\/alkalmazasok\/anacredit-adathitelesites-az-ekb-rendelkezeseivel-osszhangban"]}]},{"@type":"ImageObject","inLanguage":"hu","@id":"https:\/\/www.egon.com\/hu\/alkalmazasok\/anacredit-adathitelesites-az-ekb-rendelkezeseivel-osszhangban#primaryimage","url":"https:\/\/www.egon.com\/wp-content\/uploads\/2017\/11\/anacredit.jpg","contentUrl":"https:\/\/www.egon.com\/wp-content\/uploads\/2017\/11\/anacredit.jpg"},{"@type":"BreadcrumbList","@id":"https:\/\/www.egon.com\/hu\/alkalmazasok\/anacredit-adathitelesites-az-ekb-rendelkezeseivel-osszhangban#breadcrumb","itemListElement":[{"@type":"ListItem","position":1,"name":"Home","item":"https:\/\/www.egon.com\/hu"},{"@type":"ListItem","position":2,"name":"Applications","item":"https:\/\/www.egon.com\/hu\/alkalmazasok"},{"@type":"ListItem","position":3,"name":"ANACREDIT ADATHITELES\u00cdT\u00c9S AZ EKB RENDELKEZ\u00c9SEIVEL \u00d6SSZHANGBAN"}]},{"@type":"WebSite","@id":"https:\/\/www.egon.com\/zh\/#website","url":"https:\/\/www.egon.com\/zh\/","name":"Egon","description":"Normalizzazione indirizzi - Address validation - Egon.com","potentialAction":[{"@type":"SearchAction","target":{"@type":"EntryPoint","urlTemplate":"https:\/\/www.egon.com\/zh\/?s={search_term_string}"},"query-input":{"@type":"PropertyValueSpecification","valueRequired":true,"valueName":"search_term_string"}}],"inLanguage":"hu"}]}},"_links":{"self":[{"href":"https:\/\/www.egon.com\/hu\/wp-json\/wp\/v2\/pages\/9719","targetHints":{"allow":["GET"]}}],"collection":[{"href":"https:\/\/www.egon.com\/hu\/wp-json\/wp\/v2\/pages"}],"about":[{"href":"https:\/\/www.egon.com\/hu\/wp-json\/wp\/v2\/types\/page"}],"author":[{"embeddable":true,"href":"https:\/\/www.egon.com\/hu\/wp-json\/wp\/v2\/users\/6"}],"replies":[{"embeddable":true,"href":"https:\/\/www.egon.com\/hu\/wp-json\/wp\/v2\/comments?post=9719"}],"version-history":[{"count":2,"href":"https:\/\/www.egon.com\/hu\/wp-json\/wp\/v2\/pages\/9719\/revisions"}],"predecessor-version":[{"id":18194,"href":"https:\/\/www.egon.com\/hu\/wp-json\/wp\/v2\/pages\/9719\/revisions\/18194"}],"up":[{"embeddable":true,"href":"https:\/\/www.egon.com\/hu\/wp-json\/wp\/v2\/pages\/8106"}],"wp:attachment":[{"href":"https:\/\/www.egon.com\/hu\/wp-json\/wp\/v2\/media?parent=9719"}],"curies":[{"name":"wp","href":"https:\/\/api.w.org\/{rel}","templated":true}]}}