{"id":8421,"date":"2017-09-19T15:22:36","date_gmt":"2017-09-19T15:22:36","guid":{"rendered":"https:\/\/egon.com\/?page_id=8421"},"modified":"2021-02-25T07:45:54","modified_gmt":"2021-02-25T07:45:54","slug":"oceania","status":"publish","type":"page","link":"https:\/\/www.egon.com\/hu\/orszagok\/oceania","title":{"rendered":"OCEANIA \u2013 ADDRESS VALIDATION, GEOCODING AND DEDUPLICATION SERVICES"},"content":{"rendered":"<h1>\u00d3CE\u00c1NIA<\/h1>\n<div class=\"country-list\"><div class=\"country-list__head\"><div class=\"country-list__item\"><span class=\"country-label\">Orsz\u00e1g<\/span><span class=\"country-label\">ISO 3166<\/span><span class=\"country-label\">C\u00edmek szabv\u00e1nyos\u00edt\u00e1sa<\/span><span class=\"country-label\">Geok\u00f3dol\u00e1s<\/span><span class=\"country-label\">Szint<\/span><span class=\"country-label\">Ism\u00e9tl\u00e9sek t\u00f6rl\u00e9se<\/span><span class=\"country-label\">Szem\u00e9lyes adatok szabv\u00e1nyos\u00edt\u00e1sa<\/span><span class=\"country-label\">\u00cdr\u00e1sm\u00f3d<\/span><\/div><\/div><div class=\"country-list__item\"><span><a href=\"https:\/\/www.egon.com\/hu\/country\/american-samoa\"><img decoding=\"async\" class=\"u-margin-right-small\" width=\"25\" src=\"https:\/\/www.egon.com\/wp-content\/plugins\/wp-egon-plugin\/flags\/as.svg\"\/>Amerikai Szamoa<\/a><\/span><span>ASM<\/span><span>Igen<\/span><span>Igen<\/span><span>V\u00e1ros<\/span><span>Igen<\/span><span>Igen<\/span><span>Helyi, Transzlit., Latin<\/span><\/div><div class=\"country-list__item\"><span><a href=\"https:\/\/www.egon.com\/hu\/country\/australia\"><img decoding=\"async\" class=\"u-margin-right-small\" width=\"25\" src=\"https:\/\/www.egon.com\/wp-content\/plugins\/wp-egon-plugin\/flags\/au.svg\"\/>Ausztr\u00e1lia<\/a><\/span><span>AUS<\/span><span>Igen<\/span><span>Igen<\/span><span>Utca<\/span><span>Igen<\/span><span>Igen<\/span><span>Helyi, Transzlit., Latin<\/span><\/div><div class=\"country-list__item\"><span><a href=\"https:\/\/www.egon.com\/hu\/country\/christmas-island\"><img decoding=\"async\" class=\"u-margin-right-small\" width=\"25\" src=\"https:\/\/www.egon.com\/wp-content\/plugins\/wp-egon-plugin\/flags\/cx.svg\"\/>Kar\u00e1csony-sziget<\/a><\/span><span>CXR<\/span><span>Igen<\/span><span>Igen<\/span><span>V\u00e1ros<\/span><span>Igen<\/span><span>Igen<\/span><span>Helyi, Transzlit., Latin<\/span><\/div><div class=\"country-list__item\"><span><a href=\"https:\/\/www.egon.com\/hu\/country\/cocos-keeling-islands\"><img decoding=\"async\" class=\"u-margin-right-small\" width=\"25\" src=\"https:\/\/www.egon.com\/wp-content\/plugins\/wp-egon-plugin\/flags\/cc.svg\"\/>K\u00f3kusz (Keeling)-szigetek<\/a><\/span><span>CCK<\/span><span>Igen<\/span><span>Igen<\/span><span>V\u00e1ros<\/span><span>Igen<\/span><span>Igen<\/span><span>Helyi, Transzlit., Latin<\/span><\/div><div class=\"country-list__item\"><span><a href=\"https:\/\/www.egon.com\/hu\/country\/cook-islands\"><img decoding=\"async\" class=\"u-margin-right-small\" width=\"25\" src=\"https:\/\/www.egon.com\/wp-content\/plugins\/wp-egon-plugin\/flags\/ck.svg\"\/>Cook-szigetek<\/a><\/span><span>COK<\/span><span>Igen<\/span><span>Igen<\/span><span>V\u00e1ros<\/span><span>Igen<\/span><span>Igen<\/span><span>Helyi, Transzlit., Latin<\/span><\/div><div class=\"country-list__item\"><span><a href=\"https:\/\/www.egon.com\/hu\/country\/fiji\"><img decoding=\"async\" class=\"u-margin-right-small\" width=\"25\" src=\"https:\/\/www.egon.com\/wp-content\/plugins\/wp-egon-plugin\/flags\/fj.svg\"\/>Fidzsi-szigetek<\/a><\/span><span>FJI<\/span><span>Igen<\/span><span>Igen<\/span><span>V\u00e1ros<\/span><span>Igen<\/span><span>Igen<\/span><span>Helyi, Transzlit., Latin<\/span><\/div><div class=\"country-list__item\"><span><a href=\"https:\/\/www.egon.com\/hu\/country\/french-polynesia\"><img decoding=\"async\" class=\"u-margin-right-small\" width=\"25\" src=\"https:\/\/www.egon.com\/wp-content\/plugins\/wp-egon-plugin\/flags\/pf.svg\"\/>Francia Polin\u00e9zia<\/a><\/span><span>PYF<\/span><span>Igen<\/span><span>Igen<\/span><span>Utca<\/span><span>Igen<\/span><span>Igen<\/span><span>Helyi, Transzlit., Latin<\/span><\/div><div class=\"country-list__item\"><span><a href=\"https:\/\/www.egon.com\/hu\/country\/guam\"><img decoding=\"async\" class=\"u-margin-right-small\" width=\"25\" src=\"https:\/\/www.egon.com\/wp-content\/plugins\/wp-egon-plugin\/flags\/gu.svg\"\/>Guam<\/a><\/span><span>GUM<\/span><span>Igen<\/span><span>Igen<\/span><span>V\u00e1ros<\/span><span>Igen<\/span><span>Igen<\/span><span>Helyi, Transzlit., Latin<\/span><\/div><div class=\"country-list__item\"><span><a href=\"https:\/\/www.egon.com\/hu\/country\/kiribati\"><img decoding=\"async\" class=\"u-margin-right-small\" width=\"25\" src=\"https:\/\/www.egon.com\/wp-content\/plugins\/wp-egon-plugin\/flags\/ki.svg\"\/>Kiribati<\/a><\/span><span>KIR<\/span><span>Igen<\/span><span>Igen<\/span><span>V\u00e1ros<\/span><span>Igen<\/span><span>Igen<\/span><span>Helyi, Transzlit., Latin<\/span><\/div><div class=\"country-list__item\"><span><a href=\"https:\/\/www.egon.com\/hu\/country\/marshall-islands\"><img decoding=\"async\" class=\"u-margin-right-small\" width=\"25\" src=\"https:\/\/www.egon.com\/wp-content\/plugins\/wp-egon-plugin\/flags\/mh.svg\"\/>Marshall-szigetek<\/a><\/span><span>MHL<\/span><span>Igen<\/span><span>Igen<\/span><span>V\u00e1ros<\/span><span>Igen<\/span><span>Igen<\/span><span>Helyi, Transzlit., Latin<\/span><\/div><div class=\"country-list__item\"><span><a href=\"https:\/\/www.egon.com\/hu\/country\/micronesia\"><img decoding=\"async\" class=\"u-margin-right-small\" width=\"25\" src=\"https:\/\/www.egon.com\/wp-content\/plugins\/wp-egon-plugin\/flags\/fm.svg\"\/>Mikron\u00e9zia<\/a><\/span><span>FSM<\/span><span>Igen<\/span><span>Igen<\/span><span>V\u00e1ros<\/span><span>Igen<\/span><span>Igen<\/span><span>Helyi, Transzlit., Latin<\/span><\/div><div class=\"country-list__item\"><span><a href=\"https:\/\/www.egon.com\/hu\/country\/nauru\"><img decoding=\"async\" class=\"u-margin-right-small\" width=\"25\" src=\"https:\/\/www.egon.com\/wp-content\/plugins\/wp-egon-plugin\/flags\/nr.svg\"\/>Nauru<\/a><\/span><span>NRU<\/span><span>Igen<\/span><span>Igen<\/span><span>V\u00e1ros<\/span><span>Igen<\/span><span>Igen<\/span><span>Helyi, Transzlit., Latin<\/span><\/div><div class=\"country-list__item\"><span><a href=\"https:\/\/www.egon.com\/hu\/country\/new-caledonia\"><img decoding=\"async\" class=\"u-margin-right-small\" width=\"25\" src=\"https:\/\/www.egon.com\/wp-content\/plugins\/wp-egon-plugin\/flags\/nc.svg\"\/>\u00daj-Kaled\u00f3nia<\/a><\/span><span>NCL<\/span><span>Igen<\/span><span>Igen<\/span><span>Utca<\/span><span>Igen<\/span><span>Igen<\/span><span>Helyi, Transzlit., Latin<\/span><\/div><div class=\"country-list__item\"><span><a href=\"https:\/\/www.egon.com\/hu\/country\/new-zeland\"><img decoding=\"async\" class=\"u-margin-right-small\" width=\"25\" src=\"https:\/\/www.egon.com\/wp-content\/plugins\/wp-egon-plugin\/flags\/nz.svg\"\/>\u00daj-Z\u00e9land<\/a><\/span><span>NZL<\/span><span>Igen<\/span><span>Igen<\/span><span>Utca<\/span><span>Igen<\/span><span>Igen<\/span><span>Helyi, Transzlit., Latin<\/span><\/div><div class=\"country-list__item\"><span><a href=\"https:\/\/www.egon.com\/hu\/country\/niue\"><img decoding=\"async\" class=\"u-margin-right-small\" width=\"25\" src=\"https:\/\/www.egon.com\/wp-content\/plugins\/wp-egon-plugin\/flags\/nu.svg\"\/>Niue<\/a><\/span><span>NIU<\/span><span>Igen<\/span><span>Igen<\/span><span>V\u00e1ros<\/span><span>Igen<\/span><span>Igen<\/span><span>Helyi, Transzlit., Latin<\/span><\/div><div class=\"country-list__item\"><span><a href=\"https:\/\/www.egon.com\/hu\/country\/norfolk-island\"><img decoding=\"async\" class=\"u-margin-right-small\" width=\"25\" src=\"https:\/\/www.egon.com\/wp-content\/plugins\/wp-egon-plugin\/flags\/nf.svg\"\/>Norfolk-sziget<\/a><\/span><span>NFK<\/span><span>Igen<\/span><span>Igen<\/span><span>V\u00e1ros<\/span><span>Igen<\/span><span>Igen<\/span><span>Helyi, Transzlit., Latin<\/span><\/div><div class=\"country-list__item\"><span><a href=\"https:\/\/www.egon.com\/hu\/country\/northern-mariana-islands\"><img decoding=\"async\" class=\"u-margin-right-small\" width=\"25\" src=\"https:\/\/www.egon.com\/wp-content\/plugins\/wp-egon-plugin\/flags\/mp.svg\"\/>\u00c9szaki-Mariana-szigetek<\/a><\/span><span>MNP<\/span><span>Igen<\/span><span>Igen<\/span><span>V\u00e1ros<\/span><span>Igen<\/span><span>Igen<\/span><span>Helyi, Transzlit., Latin<\/span><\/div><div class=\"country-list__item\"><span><a href=\"https:\/\/www.egon.com\/hu\/country\/palau\"><img decoding=\"async\" class=\"u-margin-right-small\" width=\"25\" src=\"https:\/\/www.egon.com\/wp-content\/plugins\/wp-egon-plugin\/flags\/pw.svg\"\/>Palau<\/a><\/span><span>PLW<\/span><span>Igen<\/span><span>Igen<\/span><span>V\u00e1ros<\/span><span>Igen<\/span><span>Igen<\/span><span>Helyi, Transzlit., Latin<\/span><\/div><div class=\"country-list__item\"><span><a href=\"https:\/\/www.egon.com\/hu\/country\/papua-new-guinea\"><img decoding=\"async\" class=\"u-margin-right-small\" width=\"25\" src=\"https:\/\/www.egon.com\/wp-content\/plugins\/wp-egon-plugin\/flags\/pg.svg\"\/>P\u00e1pua \u00daj-Guinea<\/a><\/span><span>PNG<\/span><span>Igen<\/span><span>Igen<\/span><span>V\u00e1ros<\/span><span>Igen<\/span><span>Igen<\/span><span>Helyi, Transzlit., Latin<\/span><\/div><div class=\"country-list__item\"><span><a href=\"https:\/\/www.egon.com\/hu\/country\/pitcairn-islands\"><img decoding=\"async\" class=\"u-margin-right-small\" width=\"25\" src=\"https:\/\/www.egon.com\/wp-content\/plugins\/wp-egon-plugin\/flags\/pn.svg\"\/>Pitcairn-szigetek<\/a><\/span><span>PCN<\/span><span>Igen<\/span><span>Igen<\/span><span>V\u00e1ros<\/span><span>Igen<\/span><span>Igen<\/span><span>Helyi, Transzlit., Latin<\/span><\/div><div class=\"country-list__item\"><span><a href=\"https:\/\/www.egon.com\/hu\/country\/samoa\"><img decoding=\"async\" class=\"u-margin-right-small\" width=\"25\" src=\"https:\/\/www.egon.com\/wp-content\/plugins\/wp-egon-plugin\/flags\/ws.svg\"\/>Szamoa<\/a><\/span><span>WSM<\/span><span>Igen<\/span><span>Igen<\/span><span>V\u00e1ros<\/span><span>Igen<\/span><span>Igen<\/span><span>Helyi, Transzlit., Latin<\/span><\/div><div class=\"country-list__item\"><span><a href=\"https:\/\/www.egon.com\/hu\/country\/solomon-islands\"><img decoding=\"async\" class=\"u-margin-right-small\" width=\"25\" src=\"https:\/\/www.egon.com\/wp-content\/plugins\/wp-egon-plugin\/flags\/sb.svg\"\/>Salamon-szigetek<\/a><\/span><span>SLB<\/span><span>Igen<\/span><span>Igen<\/span><span>V\u00e1ros<\/span><span>Igen<\/span><span>Igen<\/span><span>Helyi, Transzlit., Latin<\/span><\/div><div class=\"country-list__item\"><span><a href=\"https:\/\/www.egon.com\/hu\/country\/tokelau\"><img decoding=\"async\" class=\"u-margin-right-small\" width=\"25\" src=\"https:\/\/www.egon.com\/wp-content\/plugins\/wp-egon-plugin\/flags\/tk.svg\"\/>Tokelau-szigetek<\/a><\/span><span>TKL<\/span><span>Igen<\/span><span>Igen<\/span><span>V\u00e1ros<\/span><span>Igen<\/span><span>Igen<\/span><span>Helyi, Transzlit., Latin<\/span><\/div><div class=\"country-list__item\"><span><a href=\"https:\/\/www.egon.com\/hu\/country\/tonga\"><img decoding=\"async\" class=\"u-margin-right-small\" width=\"25\" src=\"https:\/\/www.egon.com\/wp-content\/plugins\/wp-egon-plugin\/flags\/to.svg\"\/>Tonga<\/a><\/span><span>TON<\/span><span>Igen<\/span><span>Igen<\/span><span>V\u00e1ros<\/span><span>Igen<\/span><span>Igen<\/span><span>Helyi, Transzlit., Latin<\/span><\/div><div class=\"country-list__item\"><span><a href=\"https:\/\/www.egon.com\/hu\/country\/tuvalu\"><img decoding=\"async\" class=\"u-margin-right-small\" width=\"25\" src=\"https:\/\/www.egon.com\/wp-content\/plugins\/wp-egon-plugin\/flags\/tv.svg\"\/>Tuvalu<\/a><\/span><span>TUV<\/span><span>Igen<\/span><span>Igen<\/span><span>V\u00e1ros<\/span><span>Igen<\/span><span>Igen<\/span><span>Helyi, Transzlit., Latin<\/span><\/div><div class=\"country-list__item\"><span><a href=\"https:\/\/www.egon.com\/hu\/country\/vanuatu\"><img decoding=\"async\" class=\"u-margin-right-small\" width=\"25\" src=\"https:\/\/www.egon.com\/wp-content\/plugins\/wp-egon-plugin\/flags\/vu.svg\"\/>Vanuatu<\/a><\/span><span>VUT<\/span><span>Igen<\/span><span>Igen<\/span><span>V\u00e1ros<\/span><span>Igen<\/span><span>Igen<\/span><span>Helyi, Transzlit., Latin<\/span><\/div><div class=\"country-list__item\"><span><a href=\"https:\/\/www.egon.com\/hu\/country\/wallis-and-futuna\"><img decoding=\"async\" class=\"u-margin-right-small\" width=\"25\" src=\"https:\/\/www.egon.com\/wp-content\/plugins\/wp-egon-plugin\/flags\/wf.svg\"\/>Wallis \u00e9s Futuna<\/a><\/span><span>WLF<\/span><span>Igen<\/span><span>Igen<\/span><span>V\u00e1ros<\/span><span>Igen<\/span><span>Igen<\/span><span>Helyi, Transzlit., Latin<\/span><\/div><\/div><div class=\"country-list-legend\"><h4 class=\"u-margin-bottom-small\">Jelmagyar\u00e1zat<\/h4><span>C\u00edmek szabv\u00e1nyos\u00edt\u00e1sa: IGEN = rendelkez\u00e9sre \u00e1ll a c\u00edm szabv\u00e1nyos\u00edt\u00e1si szolg\u00e1ltat\u00e1s; NEM = nem \u00e1ll rendelkez\u00e9sre a c\u00edm szabv\u00e1nyos\u00edt\u00e1si szolg\u00e1ltat\u00e1s<\/span>\r\n        <span>Geok\u00f3dol\u00e1s: IGEN = geok\u00f3dol\u00e1si szolg\u00e1ltat\u00e1s rendelkez\u00e9sre \u00e1ll; NEM = geok\u00f3dol\u00e1si szolg\u00e1ltat\u00e1s nem \u00e1ll rendelkez\u00e9sre<\/span>        \r\n        <span>Szint: UTCA = utcai szint\u0171 r\u00e9szlet; V\u00c1ROS = helyi szint\u0171 r\u00e9szlet<\/span>        \r\n        <span>Ism\u00e9tl\u00e9sek t\u00f6rl\u00e9se: IGEN = ism\u00e9tl\u00e9sek t\u00f6rl\u00e9se szolg\u00e1ltat\u00e1s rendelkez\u00e9sre \u00e1ll; NEM = ism\u00e9tl\u00e9sek t\u00f6rl\u00e9se szolg\u00e1ltat\u00e1s nem \u00e1ll rendelkez\u00e9sre<\/span>        \r\n        <span>Szem\u00e9lyes adatok szabv\u00e1nyos\u00edt\u00e1sa: IGEN = szem\u00e9lyes adatok szabv\u00e1nyos\u00edt\u00e1sa rendelkez\u00e9sre \u00e1ll; NEM = szem\u00e9lyes adatok szabv\u00e1nyos\u00edt\u00e1sa nem \u00e1ll rendelkez\u00e9sre<\/span>        \r\n        <span>Bet\u0171t\u00edpusok: Native = saj\u00e1t nyelvi karakterek; Roman= lantin bet\u0171k; Nemzetk\u00f6zi = nemzetk\u00f6zi form\u00e1tum. Mindegyik forma lehet nagybet\u0171s.<\/span><\/div>\n","protected":false},"excerpt":{"rendered":"<p>\u00d3CE\u00c1NIA<\/p>\n","protected":false},"author":1,"featured_media":0,"parent":8385,"menu_order":0,"comment_status":"closed","ping_status":"closed","template":"templates\/template-nosidebar.php","meta":{"footnotes":""},"class_list":["post-8421","page","type-page","status-publish","hentry"],"yoast_head":"<!-- This site is optimized with the Yoast SEO plugin v26.8 - https:\/\/yoast.com\/product\/yoast-seo-wordpress\/ -->\n<title>OCEANIA \u2013 ADDRESS VALIDATION, GEOCODING AND DEDUPLICATION SERVICES - Egon<\/title>\n<meta name=\"robots\" content=\"index, follow, max-snippet:-1, max-image-preview:large, max-video-preview:-1\" \/>\n<link rel=\"canonical\" href=\"https:\/\/www.egon.com\/hu\/orszagok\/oceania\" \/>\n<meta property=\"og:locale\" content=\"hu_HU\" \/>\n<meta property=\"og:type\" content=\"article\" \/>\n<meta property=\"og:title\" content=\"OCEANIA \u2013 ADDRESS VALIDATION, GEOCODING AND DEDUPLICATION SERVICES - Egon\" \/>\n<meta property=\"og:description\" content=\"\u00d3CE\u00c1NIA\" \/>\n<meta property=\"og:url\" content=\"https:\/\/www.egon.com\/hu\/orszagok\/oceania\" \/>\n<meta property=\"og:site_name\" content=\"Egon\" \/>\n<meta property=\"article:modified_time\" content=\"2021-02-25T07:45:54+00:00\" \/>\n<meta name=\"twitter:card\" content=\"summary_large_image\" \/>\n<meta name=\"twitter:label1\" content=\"Becs\u00fclt olvas\u00e1si id\u0151\" \/>\n\t<meta name=\"twitter:data1\" content=\"1 perc\" \/>\n<script type=\"application\/ld+json\" class=\"yoast-schema-graph\">{\"@context\":\"https:\/\/schema.org\",\"@graph\":[{\"@type\":\"WebPage\",\"@id\":\"https:\/\/www.egon.com\/hu\/orszagok\/oceania\",\"url\":\"https:\/\/www.egon.com\/hu\/orszagok\/oceania\",\"name\":\"OCEANIA \u2013 ADDRESS VALIDATION, GEOCODING AND DEDUPLICATION SERVICES - Egon\",\"isPartOf\":{\"@id\":\"https:\/\/www.egon.com\/zh\/#website\"},\"datePublished\":\"2017-09-19T15:22:36+00:00\",\"dateModified\":\"2021-02-25T07:45:54+00:00\",\"breadcrumb\":{\"@id\":\"https:\/\/www.egon.com\/hu\/orszagok\/oceania#breadcrumb\"},\"inLanguage\":\"hu\",\"potentialAction\":[{\"@type\":\"ReadAction\",\"target\":[\"https:\/\/www.egon.com\/hu\/orszagok\/oceania\"]}]},{\"@type\":\"BreadcrumbList\",\"@id\":\"https:\/\/www.egon.com\/hu\/orszagok\/oceania#breadcrumb\",\"itemListElement\":[{\"@type\":\"ListItem\",\"position\":1,\"name\":\"Home\",\"item\":\"https:\/\/www.egon.com\/hu\"},{\"@type\":\"ListItem\",\"position\":2,\"name\":\"El\u00e9rhet\u0151 szolg\u00e1ltat\u00e1sok orsz\u00e1gonk\u00e9nt &#8211; Orsz\u00e1glist\u00e1k\",\"item\":\"https:\/\/www.egon.com\/hu\/orszagok\"},{\"@type\":\"ListItem\",\"position\":3,\"name\":\"OCEANIA \u2013 ADDRESS VALIDATION, GEOCODING AND DEDUPLICATION SERVICES\"}]},{\"@type\":\"WebSite\",\"@id\":\"https:\/\/www.egon.com\/zh\/#website\",\"url\":\"https:\/\/www.egon.com\/zh\/\",\"name\":\"Egon\",\"description\":\"Normalizzazione indirizzi - Address validation - Egon.com\",\"potentialAction\":[{\"@type\":\"SearchAction\",\"target\":{\"@type\":\"EntryPoint\",\"urlTemplate\":\"https:\/\/www.egon.com\/zh\/?s={search_term_string}\"},\"query-input\":{\"@type\":\"PropertyValueSpecification\",\"valueRequired\":true,\"valueName\":\"search_term_string\"}}],\"inLanguage\":\"hu\"}]}<\/script>\n<!-- \/ Yoast SEO plugin. -->","yoast_head_json":{"title":"OCEANIA \u2013 ADDRESS VALIDATION, GEOCODING AND DEDUPLICATION SERVICES - Egon","robots":{"index":"index","follow":"follow","max-snippet":"max-snippet:-1","max-image-preview":"max-image-preview:large","max-video-preview":"max-video-preview:-1"},"canonical":"https:\/\/www.egon.com\/hu\/orszagok\/oceania","og_locale":"hu_HU","og_type":"article","og_title":"OCEANIA \u2013 ADDRESS VALIDATION, GEOCODING AND DEDUPLICATION SERVICES - Egon","og_description":"\u00d3CE\u00c1NIA","og_url":"https:\/\/www.egon.com\/hu\/orszagok\/oceania","og_site_name":"Egon","article_modified_time":"2021-02-25T07:45:54+00:00","twitter_card":"summary_large_image","twitter_misc":{"Becs\u00fclt olvas\u00e1si id\u0151":"1 perc"},"schema":{"@context":"https:\/\/schema.org","@graph":[{"@type":"WebPage","@id":"https:\/\/www.egon.com\/hu\/orszagok\/oceania","url":"https:\/\/www.egon.com\/hu\/orszagok\/oceania","name":"OCEANIA \u2013 ADDRESS VALIDATION, GEOCODING AND DEDUPLICATION SERVICES - Egon","isPartOf":{"@id":"https:\/\/www.egon.com\/zh\/#website"},"datePublished":"2017-09-19T15:22:36+00:00","dateModified":"2021-02-25T07:45:54+00:00","breadcrumb":{"@id":"https:\/\/www.egon.com\/hu\/orszagok\/oceania#breadcrumb"},"inLanguage":"hu","potentialAction":[{"@type":"ReadAction","target":["https:\/\/www.egon.com\/hu\/orszagok\/oceania"]}]},{"@type":"BreadcrumbList","@id":"https:\/\/www.egon.com\/hu\/orszagok\/oceania#breadcrumb","itemListElement":[{"@type":"ListItem","position":1,"name":"Home","item":"https:\/\/www.egon.com\/hu"},{"@type":"ListItem","position":2,"name":"El\u00e9rhet\u0151 szolg\u00e1ltat\u00e1sok orsz\u00e1gonk\u00e9nt &#8211; Orsz\u00e1glist\u00e1k","item":"https:\/\/www.egon.com\/hu\/orszagok"},{"@type":"ListItem","position":3,"name":"OCEANIA \u2013 ADDRESS VALIDATION, GEOCODING AND DEDUPLICATION SERVICES"}]},{"@type":"WebSite","@id":"https:\/\/www.egon.com\/zh\/#website","url":"https:\/\/www.egon.com\/zh\/","name":"Egon","description":"Normalizzazione indirizzi - Address validation - Egon.com","potentialAction":[{"@type":"SearchAction","target":{"@type":"EntryPoint","urlTemplate":"https:\/\/www.egon.com\/zh\/?s={search_term_string}"},"query-input":{"@type":"PropertyValueSpecification","valueRequired":true,"valueName":"search_term_string"}}],"inLanguage":"hu"}]}},"_links":{"self":[{"href":"https:\/\/www.egon.com\/hu\/wp-json\/wp\/v2\/pages\/8421","targetHints":{"allow":["GET"]}}],"collection":[{"href":"https:\/\/www.egon.com\/hu\/wp-json\/wp\/v2\/pages"}],"about":[{"href":"https:\/\/www.egon.com\/hu\/wp-json\/wp\/v2\/types\/page"}],"author":[{"embeddable":true,"href":"https:\/\/www.egon.com\/hu\/wp-json\/wp\/v2\/users\/1"}],"replies":[{"embeddable":true,"href":"https:\/\/www.egon.com\/hu\/wp-json\/wp\/v2\/comments?post=8421"}],"version-history":[{"count":1,"href":"https:\/\/www.egon.com\/hu\/wp-json\/wp\/v2\/pages\/8421\/revisions"}],"predecessor-version":[{"id":18085,"href":"https:\/\/www.egon.com\/hu\/wp-json\/wp\/v2\/pages\/8421\/revisions\/18085"}],"up":[{"embeddable":true,"href":"https:\/\/www.egon.com\/hu\/wp-json\/wp\/v2\/pages\/8385"}],"wp:attachment":[{"href":"https:\/\/www.egon.com\/hu\/wp-json\/wp\/v2\/media?parent=8421"}],"curies":[{"name":"wp","href":"https:\/\/api.w.org\/{rel}","templated":true}]}}