{"id":8420,"date":"2017-09-19T15:28:23","date_gmt":"2017-09-19T15:28:23","guid":{"rendered":"https:\/\/egon.com\/?page_id=8420"},"modified":"2021-02-19T13:57:14","modified_gmt":"2021-02-19T13:57:14","slug":"eszak-amerika","status":"publish","type":"page","link":"https:\/\/www.egon.com\/hu\/orszagok\/eszak-amerika","title":{"rendered":"NORTH AMERICA \u2013 ADDRESS VALIDATION, GEOCODING AND DEDUPLICATION SERVICES"},"content":{"rendered":"<h2>Postai c\u00edmhiteles\u00edt\u00e9si \u00c9szak-amerika<\/h2>\n<div class=\"country-list\"><div class=\"country-list__head\"><div class=\"country-list__item\"><span class=\"country-label\">Orsz\u00e1g<\/span><span class=\"country-label\">ISO 3166<\/span><span class=\"country-label\">C\u00edmek szabv\u00e1nyos\u00edt\u00e1sa<\/span><span class=\"country-label\">Geok\u00f3dol\u00e1s<\/span><span class=\"country-label\">Szint<\/span><span class=\"country-label\">Ism\u00e9tl\u00e9sek t\u00f6rl\u00e9se<\/span><span class=\"country-label\">Szem\u00e9lyes adatok szabv\u00e1nyos\u00edt\u00e1sa<\/span><span class=\"country-label\">\u00cdr\u00e1sm\u00f3d<\/span><\/div><\/div><div class=\"country-list__item\"><span><a href=\"https:\/\/www.egon.com\/hu\/country\/bahamas\"><img decoding=\"async\" class=\"u-margin-right-small\" width=\"25\" src=\"https:\/\/www.egon.com\/wp-content\/plugins\/wp-egon-plugin\/flags\/bs.svg\"\/>Baham\u00e1k<\/a><\/span><span>BHS<\/span><span>Igen<\/span><span>Igen<\/span><span>V\u00e1ros<\/span><span>Igen<\/span><span>Igen<\/span><span>Helyi, Transzlit., Latin<\/span><\/div><div class=\"country-list__item\"><span><a href=\"https:\/\/www.egon.com\/hu\/country\/bermuda\"><img decoding=\"async\" class=\"u-margin-right-small\" width=\"25\" src=\"https:\/\/www.egon.com\/wp-content\/plugins\/wp-egon-plugin\/flags\/bm.svg\"\/>Bermuda<\/a><\/span><span>BMU<\/span><span>Igen<\/span><span>Igen<\/span><span>V\u00e1ros<\/span><span>Igen<\/span><span>Igen<\/span><span>Helyi, Transzlit., Latin<\/span><\/div><div class=\"country-list__item\"><span><a href=\"https:\/\/www.egon.com\/hu\/country\/canada\"><img decoding=\"async\" class=\"u-margin-right-small\" width=\"25\" src=\"https:\/\/www.egon.com\/wp-content\/plugins\/wp-egon-plugin\/flags\/ca.svg\"\/>Kanada<\/a><\/span><span>CAN<\/span><span>Igen<\/span><span>Igen<\/span><span>Utca<\/span><span>Igen<\/span><span>Igen<\/span><span>Helyi, Transzlit., Latin<\/span><\/div><div class=\"country-list__item\"><span><a href=\"https:\/\/www.egon.com\/hu\/country\/greenland\"><img decoding=\"async\" class=\"u-margin-right-small\" width=\"25\" src=\"https:\/\/www.egon.com\/wp-content\/plugins\/wp-egon-plugin\/flags\/gl.svg\"\/>Gr\u00f6nland<\/a><\/span><span>GRL<\/span><span>Igen<\/span><span>Igen<\/span><span>V\u00e1ros<\/span><span>Igen<\/span><span>Igen<\/span><span>Helyi, Transzlit., Latin<\/span><\/div><div class=\"country-list__item\"><span><a href=\"https:\/\/www.egon.com\/hu\/country\/mexico\"><img decoding=\"async\" class=\"u-margin-right-small\" width=\"25\" src=\"https:\/\/www.egon.com\/wp-content\/plugins\/wp-egon-plugin\/flags\/mx.svg\"\/>Mexik\u00f3<\/a><\/span><span>MEX<\/span><span>Igen<\/span><span>Igen<\/span><span>Utca<\/span><span>Igen<\/span><span>Igen<\/span><span>Helyi, Transzlit., Latin<\/span><\/div><div class=\"country-list__item\"><span><a href=\"https:\/\/www.egon.com\/hu\/country\/puerto-rico\"><img decoding=\"async\" class=\"u-margin-right-small\" width=\"25\" src=\"https:\/\/www.egon.com\/wp-content\/plugins\/wp-egon-plugin\/flags\/pr.svg\"\/>Puerto Rico<\/a><\/span><span>PRI<\/span><span>Igen<\/span><span>Igen<\/span><span>Utca<\/span><span>Igen<\/span><span>Igen<\/span><span>Helyi, Transzlit., Latin<\/span><\/div><div class=\"country-list__item\"><span><a href=\"https:\/\/www.egon.com\/hu\/country\/saint-pierre-miquelon\"><img decoding=\"async\" class=\"u-margin-right-small\" width=\"25\" src=\"https:\/\/www.egon.com\/wp-content\/plugins\/wp-egon-plugin\/flags\/pm.svg\"\/>Saint-Pierre \u00e9s Miquelon<\/a><\/span><span>SPM<\/span><span>Igen<\/span><span>Igen<\/span><span>V\u00e1ros<\/span><span>Igen<\/span><span>Igen<\/span><span>Helyi, Transzlit., Latin<\/span><\/div><div class=\"country-list__item\"><span><a href=\"https:\/\/www.egon.com\/hu\/country\/united-states\"><img decoding=\"async\" class=\"u-margin-right-small\" width=\"25\" src=\"https:\/\/www.egon.com\/wp-content\/plugins\/wp-egon-plugin\/flags\/us.svg\"\/>Amerikai Egyes\u00fclt \u00c1llamok<\/a><\/span><span>USA<\/span><span>Igen<\/span><span>Igen<\/span><span>Utca<\/span><span>Igen<\/span><span>Igen<\/span><span>Helyi, Transzlit., Latin<\/span><\/div><\/div><div class=\"country-list-legend\"><h4 class=\"u-margin-bottom-small\">Jelmagyar\u00e1zat<\/h4><span>C\u00edmek szabv\u00e1nyos\u00edt\u00e1sa: IGEN = rendelkez\u00e9sre \u00e1ll a c\u00edm szabv\u00e1nyos\u00edt\u00e1si szolg\u00e1ltat\u00e1s; NEM = nem \u00e1ll rendelkez\u00e9sre a c\u00edm szabv\u00e1nyos\u00edt\u00e1si szolg\u00e1ltat\u00e1s<\/span>\r\n        <span>Geok\u00f3dol\u00e1s: IGEN = geok\u00f3dol\u00e1si szolg\u00e1ltat\u00e1s rendelkez\u00e9sre \u00e1ll; NEM = geok\u00f3dol\u00e1si szolg\u00e1ltat\u00e1s nem \u00e1ll rendelkez\u00e9sre<\/span>        \r\n        <span>Szint: UTCA = utcai szint\u0171 r\u00e9szlet; V\u00c1ROS = helyi szint\u0171 r\u00e9szlet<\/span>        \r\n        <span>Ism\u00e9tl\u00e9sek t\u00f6rl\u00e9se: IGEN = ism\u00e9tl\u00e9sek t\u00f6rl\u00e9se szolg\u00e1ltat\u00e1s rendelkez\u00e9sre \u00e1ll; NEM = ism\u00e9tl\u00e9sek t\u00f6rl\u00e9se szolg\u00e1ltat\u00e1s nem \u00e1ll rendelkez\u00e9sre<\/span>        \r\n        <span>Szem\u00e9lyes adatok szabv\u00e1nyos\u00edt\u00e1sa: IGEN = szem\u00e9lyes adatok szabv\u00e1nyos\u00edt\u00e1sa rendelkez\u00e9sre \u00e1ll; NEM = szem\u00e9lyes adatok szabv\u00e1nyos\u00edt\u00e1sa nem \u00e1ll rendelkez\u00e9sre<\/span>        \r\n        <span>Bet\u0171t\u00edpusok: Native = saj\u00e1t nyelvi karakterek; Roman= lantin bet\u0171k; Nemzetk\u00f6zi = nemzetk\u00f6zi form\u00e1tum. Mindegyik forma lehet nagybet\u0171s.<\/span><\/div>\n","protected":false},"excerpt":{"rendered":"<p>Postai c\u00edmhiteles\u00edt\u00e9si \u00c9szak-amerika<\/p>\n","protected":false},"author":1,"featured_media":0,"parent":8385,"menu_order":0,"comment_status":"closed","ping_status":"closed","template":"templates\/template-nosidebar.php","meta":{"footnotes":""},"class_list":["post-8420","page","type-page","status-publish","hentry"],"yoast_head":"<!-- This site is optimized with the Yoast SEO plugin v26.8 - https:\/\/yoast.com\/product\/yoast-seo-wordpress\/ -->\n<title>NORTH AMERICA \u2013 ADDRESS VALIDATION, GEOCODING AND DEDUPLICATION SERVICES - Egon<\/title>\n<meta name=\"robots\" content=\"index, follow, max-snippet:-1, max-image-preview:large, max-video-preview:-1\" \/>\n<link rel=\"canonical\" href=\"https:\/\/www.egon.com\/hu\/orszagok\/eszak-amerika\" \/>\n<meta property=\"og:locale\" content=\"hu_HU\" \/>\n<meta property=\"og:type\" content=\"article\" \/>\n<meta property=\"og:title\" content=\"NORTH AMERICA \u2013 ADDRESS VALIDATION, GEOCODING AND DEDUPLICATION SERVICES - Egon\" \/>\n<meta property=\"og:description\" content=\"Postai c\u00edmhiteles\u00edt\u00e9si \u00c9szak-amerika\" \/>\n<meta property=\"og:url\" content=\"https:\/\/www.egon.com\/hu\/orszagok\/eszak-amerika\" \/>\n<meta property=\"og:site_name\" content=\"Egon\" \/>\n<meta property=\"article:modified_time\" content=\"2021-02-19T13:57:14+00:00\" \/>\n<meta name=\"twitter:card\" content=\"summary_large_image\" \/>\n<meta name=\"twitter:label1\" content=\"Becs\u00fclt olvas\u00e1si id\u0151\" \/>\n\t<meta name=\"twitter:data1\" content=\"1 perc\" \/>\n<script type=\"application\/ld+json\" class=\"yoast-schema-graph\">{\"@context\":\"https:\/\/schema.org\",\"@graph\":[{\"@type\":\"WebPage\",\"@id\":\"https:\/\/www.egon.com\/hu\/orszagok\/eszak-amerika\",\"url\":\"https:\/\/www.egon.com\/hu\/orszagok\/eszak-amerika\",\"name\":\"NORTH AMERICA \u2013 ADDRESS VALIDATION, GEOCODING AND DEDUPLICATION SERVICES - Egon\",\"isPartOf\":{\"@id\":\"https:\/\/www.egon.com\/zh\/#website\"},\"datePublished\":\"2017-09-19T15:28:23+00:00\",\"dateModified\":\"2021-02-19T13:57:14+00:00\",\"breadcrumb\":{\"@id\":\"https:\/\/www.egon.com\/hu\/orszagok\/eszak-amerika#breadcrumb\"},\"inLanguage\":\"hu\",\"potentialAction\":[{\"@type\":\"ReadAction\",\"target\":[\"https:\/\/www.egon.com\/hu\/orszagok\/eszak-amerika\"]}]},{\"@type\":\"BreadcrumbList\",\"@id\":\"https:\/\/www.egon.com\/hu\/orszagok\/eszak-amerika#breadcrumb\",\"itemListElement\":[{\"@type\":\"ListItem\",\"position\":1,\"name\":\"Home\",\"item\":\"https:\/\/www.egon.com\/hu\"},{\"@type\":\"ListItem\",\"position\":2,\"name\":\"El\u00e9rhet\u0151 szolg\u00e1ltat\u00e1sok orsz\u00e1gonk\u00e9nt &#8211; Orsz\u00e1glist\u00e1k\",\"item\":\"https:\/\/www.egon.com\/hu\/orszagok\"},{\"@type\":\"ListItem\",\"position\":3,\"name\":\"NORTH AMERICA \u2013 ADDRESS VALIDATION, GEOCODING AND DEDUPLICATION SERVICES\"}]},{\"@type\":\"WebSite\",\"@id\":\"https:\/\/www.egon.com\/zh\/#website\",\"url\":\"https:\/\/www.egon.com\/zh\/\",\"name\":\"Egon\",\"description\":\"Normalizzazione indirizzi - Address validation - Egon.com\",\"potentialAction\":[{\"@type\":\"SearchAction\",\"target\":{\"@type\":\"EntryPoint\",\"urlTemplate\":\"https:\/\/www.egon.com\/zh\/?s={search_term_string}\"},\"query-input\":{\"@type\":\"PropertyValueSpecification\",\"valueRequired\":true,\"valueName\":\"search_term_string\"}}],\"inLanguage\":\"hu\"}]}<\/script>\n<!-- \/ Yoast SEO plugin. -->","yoast_head_json":{"title":"NORTH AMERICA \u2013 ADDRESS VALIDATION, GEOCODING AND DEDUPLICATION SERVICES - Egon","robots":{"index":"index","follow":"follow","max-snippet":"max-snippet:-1","max-image-preview":"max-image-preview:large","max-video-preview":"max-video-preview:-1"},"canonical":"https:\/\/www.egon.com\/hu\/orszagok\/eszak-amerika","og_locale":"hu_HU","og_type":"article","og_title":"NORTH AMERICA \u2013 ADDRESS VALIDATION, GEOCODING AND DEDUPLICATION SERVICES - Egon","og_description":"Postai c\u00edmhiteles\u00edt\u00e9si \u00c9szak-amerika","og_url":"https:\/\/www.egon.com\/hu\/orszagok\/eszak-amerika","og_site_name":"Egon","article_modified_time":"2021-02-19T13:57:14+00:00","twitter_card":"summary_large_image","twitter_misc":{"Becs\u00fclt olvas\u00e1si id\u0151":"1 perc"},"schema":{"@context":"https:\/\/schema.org","@graph":[{"@type":"WebPage","@id":"https:\/\/www.egon.com\/hu\/orszagok\/eszak-amerika","url":"https:\/\/www.egon.com\/hu\/orszagok\/eszak-amerika","name":"NORTH AMERICA \u2013 ADDRESS VALIDATION, GEOCODING AND DEDUPLICATION SERVICES - Egon","isPartOf":{"@id":"https:\/\/www.egon.com\/zh\/#website"},"datePublished":"2017-09-19T15:28:23+00:00","dateModified":"2021-02-19T13:57:14+00:00","breadcrumb":{"@id":"https:\/\/www.egon.com\/hu\/orszagok\/eszak-amerika#breadcrumb"},"inLanguage":"hu","potentialAction":[{"@type":"ReadAction","target":["https:\/\/www.egon.com\/hu\/orszagok\/eszak-amerika"]}]},{"@type":"BreadcrumbList","@id":"https:\/\/www.egon.com\/hu\/orszagok\/eszak-amerika#breadcrumb","itemListElement":[{"@type":"ListItem","position":1,"name":"Home","item":"https:\/\/www.egon.com\/hu"},{"@type":"ListItem","position":2,"name":"El\u00e9rhet\u0151 szolg\u00e1ltat\u00e1sok orsz\u00e1gonk\u00e9nt &#8211; Orsz\u00e1glist\u00e1k","item":"https:\/\/www.egon.com\/hu\/orszagok"},{"@type":"ListItem","position":3,"name":"NORTH AMERICA \u2013 ADDRESS VALIDATION, GEOCODING AND DEDUPLICATION SERVICES"}]},{"@type":"WebSite","@id":"https:\/\/www.egon.com\/zh\/#website","url":"https:\/\/www.egon.com\/zh\/","name":"Egon","description":"Normalizzazione indirizzi - Address validation - Egon.com","potentialAction":[{"@type":"SearchAction","target":{"@type":"EntryPoint","urlTemplate":"https:\/\/www.egon.com\/zh\/?s={search_term_string}"},"query-input":{"@type":"PropertyValueSpecification","valueRequired":true,"valueName":"search_term_string"}}],"inLanguage":"hu"}]}},"_links":{"self":[{"href":"https:\/\/www.egon.com\/hu\/wp-json\/wp\/v2\/pages\/8420","targetHints":{"allow":["GET"]}}],"collection":[{"href":"https:\/\/www.egon.com\/hu\/wp-json\/wp\/v2\/pages"}],"about":[{"href":"https:\/\/www.egon.com\/hu\/wp-json\/wp\/v2\/types\/page"}],"author":[{"embeddable":true,"href":"https:\/\/www.egon.com\/hu\/wp-json\/wp\/v2\/users\/1"}],"replies":[{"embeddable":true,"href":"https:\/\/www.egon.com\/hu\/wp-json\/wp\/v2\/comments?post=8420"}],"version-history":[{"count":2,"href":"https:\/\/www.egon.com\/hu\/wp-json\/wp\/v2\/pages\/8420\/revisions"}],"predecessor-version":[{"id":18036,"href":"https:\/\/www.egon.com\/hu\/wp-json\/wp\/v2\/pages\/8420\/revisions\/18036"}],"up":[{"embeddable":true,"href":"https:\/\/www.egon.com\/hu\/wp-json\/wp\/v2\/pages\/8385"}],"wp:attachment":[{"href":"https:\/\/www.egon.com\/hu\/wp-json\/wp\/v2\/media?parent=8420"}],"curies":[{"name":"wp","href":"https:\/\/api.w.org\/{rel}","templated":true}]}}