{"id":8385,"date":"2017-09-19T14:56:07","date_gmt":"2017-09-19T14:56:07","guid":{"rendered":"https:\/\/egon.com\/?page_id=8385"},"modified":"2019-02-15T16:18:56","modified_gmt":"2019-02-15T16:18:56","slug":"orszagok","status":"publish","type":"page","link":"https:\/\/www.egon.com\/hu\/orszagok","title":{"rendered":"El\u00e9rhet\u0151 szolg\u00e1ltat\u00e1sok orsz\u00e1gonk\u00e9nt &#8211; Orsz\u00e1glist\u00e1k"},"content":{"rendered":"[vc_row][vc_column][vc_column_text]<div id=\"mapsvg-14597\" class=\"mapsvg\"><\/div>[\/vc_column_text][\/vc_column][\/vc_row][vc_row][vc_column][vc_column_text]V\u00e1lassza ki az orsz\u00e1g\u00e1t vagy ter\u00fclet\u00e9t, \u00e9s jel\u00f6lje be az \u00f6sszes el\u00e9rhet\u0151 szolg\u00e1ltat\u00e1st \u00e9s szintet. Konvert\u00e1lhatja az \u00f6sszes postai c\u00edmet a k\u00edv\u00e1nt nyelvre \u00e9s form\u00e1tumra, \u00e9s kiv\u00e1laszthatja a k\u00edv\u00e1nt \u00edr\u00e1smodellt a helyi \u00edr\u00e1s (a c\u00e9lorsz\u00e1g helyi form\u00e1tum\u00e1ban \u00edrva), a Latin \u00edr\u00e1s (Latin karakterek) \u00e9s az \u00e1t\u00edrt \u00edr\u00e1s (egy \u00edr\u00e1srendszer graf\u00e9m\u00e1inak felcser\u00e9l\u00e9se egy m\u00e1sik rendszer graf\u00e9m\u00e1ival) k\u00f6z\u00fcl.[\/vc_column_text][\/vc_column][\/vc_row][vc_row][vc_column width=&#8221;1\/3&#8243;]<div class=\"c-heading\"><h3><a href=\"https:\/\/www.egon.com\/countries\/address-validation-north-america\" title=\"C\u00cdMEK SZABV\u00c1NYOS\u00cdT\u00c1SA, GEOK\u00d3DOL\u00c1S \u00c9S ISM\u00c9TL\u00c9SEK T\u00d6RL\u00c9SE\">D\u00c9L-AMERIKA<\/a><\/h3><\/div>[\/vc_column][vc_column width=&#8221;1\/3&#8243;]<div class=\"c-heading\"><h3><a href=\"https:\/\/www.egon.com\/countries\/europe\" title=\"C\u00cdMEK SZABV\u00c1NYOS\u00cdT\u00c1SA, GEOK\u00d3DOL\u00c1S \u00c9S ISM\u00c9TL\u00c9SEK T\u00d6RL\u00c9SE\">EUR\u00d3PA<\/a><\/h3><\/div>[\/vc_column][vc_column width=&#8221;1\/3&#8243;]<div class=\"c-heading\"><h3><a href=\"https:\/\/www.egon.com\/countries\/south-america\" title=\"C\u00cdMEK SZABV\u00c1NYOS\u00cdT\u00c1SA, GEOK\u00d3DOL\u00c1S \u00c9S ISM\u00c9TL\u00c9SEK T\u00d6RL\u00c9SE\">\u00c9SZAK-AMERIKA<\/a><\/h3><\/div>[\/vc_column][vc_column width=&#8221;1\/3&#8243;]<div class=\"c-heading\"><h3><a href=\"https:\/\/www.egon.com\/countries\/oceania\" title=\"C\u00cdMEK SZABV\u00c1NYOS\u00cdT\u00c1SA, GEOK\u00d3DOL\u00c1S \u00c9S ISM\u00c9TL\u00c9SEK T\u00d6RL\u00c9SE\">\u00d3CE\u00c1NIA<\/a><\/h3><\/div>[\/vc_column][vc_column width=&#8221;1\/3&#8243;]<div class=\"c-heading\"><h3><a href=\"https:\/\/www.egon.com\/countries\/asia\" title=\"C\u00cdMEK SZABV\u00c1NYOS\u00cdT\u00c1SA, GEOK\u00d3DOL\u00c1S \u00c9S ISM\u00c9TL\u00c9SEK T\u00d6RL\u00c9SE\">\u00c1ZSIA<\/a><\/h3><\/div>[\/vc_column][vc_column width=&#8221;1\/3&#8243;]<div class=\"c-heading\"><h3><a href=\"https:\/\/www.egon.com\/countries\/africa\" title=\"C\u00cdMEK SZABV\u00c1NYOS\u00cdT\u00c1SA, GEOK\u00d3DOL\u00c1S \u00c9S ISM\u00c9TL\u00c9SEK T\u00d6RL\u00c9SE\">AFRIkA<\/a><\/h3><\/div>[\/vc_column][\/vc_row]\n","protected":false},"excerpt":{"rendered":"<p>[vc_row][vc_column][vc_column_text][\/vc_column_text][\/vc_column][\/vc_row][vc_row][vc_column][vc_column_text]V\u00e1lassza ki az orsz\u00e1g\u00e1t vagy ter\u00fclet\u00e9t, \u00e9s jel\u00f6lje be az \u00f6sszes el\u00e9rhet\u0151 szolg\u00e1ltat\u00e1st \u00e9s szintet. Konvert\u00e1lhatja az \u00f6sszes postai c\u00edmet a k\u00edv\u00e1nt [&hellip;]<\/p>\n","protected":false},"author":1,"featured_media":0,"parent":0,"menu_order":0,"comment_status":"closed","ping_status":"closed","template":"templates\/template-nosidebar.php","meta":{"footnotes":""},"class_list":["post-8385","page","type-page","status-publish","hentry"],"yoast_head":"<!-- This site is optimized with the Yoast SEO plugin v26.8 - https:\/\/yoast.com\/product\/yoast-seo-wordpress\/ -->\n<title>El\u00e9rhet\u0151 szolg\u00e1ltat\u00e1sok orsz\u00e1gonk\u00e9nt - Orsz\u00e1glist\u00e1k - Egon<\/title>\n<meta name=\"robots\" content=\"noindex, follow\" \/>\n<meta property=\"og:locale\" content=\"hu_HU\" \/>\n<meta property=\"og:type\" content=\"article\" \/>\n<meta property=\"og:title\" content=\"El\u00e9rhet\u0151 szolg\u00e1ltat\u00e1sok orsz\u00e1gonk\u00e9nt - Orsz\u00e1glist\u00e1k - Egon\" \/>\n<meta property=\"og:description\" content=\"[vc_row][vc_column][vc_column_text][\/vc_column_text][\/vc_column][\/vc_row][vc_row][vc_column][vc_column_text]V\u00e1lassza ki az orsz\u00e1g\u00e1t vagy ter\u00fclet\u00e9t, \u00e9s jel\u00f6lje be az \u00f6sszes el\u00e9rhet\u0151 szolg\u00e1ltat\u00e1st \u00e9s szintet. Konvert\u00e1lhatja az \u00f6sszes postai c\u00edmet a k\u00edv\u00e1nt [&hellip;]\" \/>\n<meta property=\"og:url\" content=\"https:\/\/www.egon.com\/hu\/orszagok\" \/>\n<meta property=\"og:site_name\" content=\"Egon\" \/>\n<meta property=\"article:modified_time\" content=\"2019-02-15T16:18:56+00:00\" \/>\n<meta name=\"twitter:card\" content=\"summary_large_image\" \/>\n<meta name=\"twitter:label1\" content=\"Becs\u00fclt olvas\u00e1si id\u0151\" \/>\n\t<meta name=\"twitter:data1\" content=\"1 perc\" \/>\n<script type=\"application\/ld+json\" class=\"yoast-schema-graph\">{\"@context\":\"https:\/\/schema.org\",\"@graph\":[{\"@type\":\"WebPage\",\"@id\":\"https:\/\/www.egon.com\/hu\/orszagok\",\"url\":\"https:\/\/www.egon.com\/hu\/orszagok\",\"name\":\"El\u00e9rhet\u0151 szolg\u00e1ltat\u00e1sok orsz\u00e1gonk\u00e9nt - Orsz\u00e1glist\u00e1k - Egon\",\"isPartOf\":{\"@id\":\"https:\/\/www.egon.com\/zh\/#website\"},\"datePublished\":\"2017-09-19T14:56:07+00:00\",\"dateModified\":\"2019-02-15T16:18:56+00:00\",\"breadcrumb\":{\"@id\":\"https:\/\/www.egon.com\/hu\/orszagok#breadcrumb\"},\"inLanguage\":\"hu\",\"potentialAction\":[{\"@type\":\"ReadAction\",\"target\":[\"https:\/\/www.egon.com\/hu\/orszagok\"]}]},{\"@type\":\"BreadcrumbList\",\"@id\":\"https:\/\/www.egon.com\/hu\/orszagok#breadcrumb\",\"itemListElement\":[{\"@type\":\"ListItem\",\"position\":1,\"name\":\"Home\",\"item\":\"https:\/\/www.egon.com\/hu\"},{\"@type\":\"ListItem\",\"position\":2,\"name\":\"El\u00e9rhet\u0151 szolg\u00e1ltat\u00e1sok orsz\u00e1gonk\u00e9nt &#8211; Orsz\u00e1glist\u00e1k\"}]},{\"@type\":\"WebSite\",\"@id\":\"https:\/\/www.egon.com\/zh\/#website\",\"url\":\"https:\/\/www.egon.com\/zh\/\",\"name\":\"Egon\",\"description\":\"Normalizzazione indirizzi - Address validation - Egon.com\",\"potentialAction\":[{\"@type\":\"SearchAction\",\"target\":{\"@type\":\"EntryPoint\",\"urlTemplate\":\"https:\/\/www.egon.com\/zh\/?s={search_term_string}\"},\"query-input\":{\"@type\":\"PropertyValueSpecification\",\"valueRequired\":true,\"valueName\":\"search_term_string\"}}],\"inLanguage\":\"hu\"}]}<\/script>\n<!-- \/ Yoast SEO plugin. -->","yoast_head_json":{"title":"El\u00e9rhet\u0151 szolg\u00e1ltat\u00e1sok orsz\u00e1gonk\u00e9nt - Orsz\u00e1glist\u00e1k - Egon","robots":{"index":"noindex","follow":"follow"},"og_locale":"hu_HU","og_type":"article","og_title":"El\u00e9rhet\u0151 szolg\u00e1ltat\u00e1sok orsz\u00e1gonk\u00e9nt - Orsz\u00e1glist\u00e1k - Egon","og_description":"[vc_row][vc_column][vc_column_text][\/vc_column_text][\/vc_column][\/vc_row][vc_row][vc_column][vc_column_text]V\u00e1lassza ki az orsz\u00e1g\u00e1t vagy ter\u00fclet\u00e9t, \u00e9s jel\u00f6lje be az \u00f6sszes el\u00e9rhet\u0151 szolg\u00e1ltat\u00e1st \u00e9s szintet. Konvert\u00e1lhatja az \u00f6sszes postai c\u00edmet a k\u00edv\u00e1nt [&hellip;]","og_url":"https:\/\/www.egon.com\/hu\/orszagok","og_site_name":"Egon","article_modified_time":"2019-02-15T16:18:56+00:00","twitter_card":"summary_large_image","twitter_misc":{"Becs\u00fclt olvas\u00e1si id\u0151":"1 perc"},"schema":{"@context":"https:\/\/schema.org","@graph":[{"@type":"WebPage","@id":"https:\/\/www.egon.com\/hu\/orszagok","url":"https:\/\/www.egon.com\/hu\/orszagok","name":"El\u00e9rhet\u0151 szolg\u00e1ltat\u00e1sok orsz\u00e1gonk\u00e9nt - Orsz\u00e1glist\u00e1k - Egon","isPartOf":{"@id":"https:\/\/www.egon.com\/zh\/#website"},"datePublished":"2017-09-19T14:56:07+00:00","dateModified":"2019-02-15T16:18:56+00:00","breadcrumb":{"@id":"https:\/\/www.egon.com\/hu\/orszagok#breadcrumb"},"inLanguage":"hu","potentialAction":[{"@type":"ReadAction","target":["https:\/\/www.egon.com\/hu\/orszagok"]}]},{"@type":"BreadcrumbList","@id":"https:\/\/www.egon.com\/hu\/orszagok#breadcrumb","itemListElement":[{"@type":"ListItem","position":1,"name":"Home","item":"https:\/\/www.egon.com\/hu"},{"@type":"ListItem","position":2,"name":"El\u00e9rhet\u0151 szolg\u00e1ltat\u00e1sok orsz\u00e1gonk\u00e9nt &#8211; Orsz\u00e1glist\u00e1k"}]},{"@type":"WebSite","@id":"https:\/\/www.egon.com\/zh\/#website","url":"https:\/\/www.egon.com\/zh\/","name":"Egon","description":"Normalizzazione indirizzi - Address validation - Egon.com","potentialAction":[{"@type":"SearchAction","target":{"@type":"EntryPoint","urlTemplate":"https:\/\/www.egon.com\/zh\/?s={search_term_string}"},"query-input":{"@type":"PropertyValueSpecification","valueRequired":true,"valueName":"search_term_string"}}],"inLanguage":"hu"}]}},"_links":{"self":[{"href":"https:\/\/www.egon.com\/hu\/wp-json\/wp\/v2\/pages\/8385","targetHints":{"allow":["GET"]}}],"collection":[{"href":"https:\/\/www.egon.com\/hu\/wp-json\/wp\/v2\/pages"}],"about":[{"href":"https:\/\/www.egon.com\/hu\/wp-json\/wp\/v2\/types\/page"}],"author":[{"embeddable":true,"href":"https:\/\/www.egon.com\/hu\/wp-json\/wp\/v2\/users\/1"}],"replies":[{"embeddable":true,"href":"https:\/\/www.egon.com\/hu\/wp-json\/wp\/v2\/comments?post=8385"}],"version-history":[{"count":0,"href":"https:\/\/www.egon.com\/hu\/wp-json\/wp\/v2\/pages\/8385\/revisions"}],"wp:attachment":[{"href":"https:\/\/www.egon.com\/hu\/wp-json\/wp\/v2\/media?parent=8385"}],"curies":[{"name":"wp","href":"https:\/\/api.w.org\/{rel}","templated":true}]}}