{"id":8373,"date":"2017-09-19T14:52:43","date_gmt":"2017-09-19T14:52:43","guid":{"rendered":"https:\/\/egon.com\/?page_id=8373"},"modified":"2024-09-12T10:29:17","modified_gmt":"2024-09-12T10:29:17","slug":"egon-demo","status":"publish","type":"page","link":"https:\/\/www.egon.com\/hu\/egon-demo","title":{"rendered":"TESZTELJE MEG A C\u00cdMELLEN\u0150RZ\u00c9SI \u00c9S GEOK\u00d3DOL\u00c1SI SZOLG\u00c1LTAT\u00c1SOKAT"},"content":{"rendered":"[vc_row][vc_column width=&#8221;1\/2&#8243;]<div class=\" c-list c-list--color-one\"><ul>\n<li><i class=\"c-list__icon fal fa-check-circle\"><\/i><strong>Val\u00f3s Idej\u0171 C\u00edmhiteles\u00edt\u00e9si Szolg\u00e1ltat\u00e1s<\/strong>. Adj meg egy postai c\u00edmet a pontoss\u00e1ga ellen\u0151rz\u00e9s\u00e9hez, \u00e9s tudd meg, mik a hozz\u00e1 tartoz\u00f3 ter\u00fcletk\u00f3dok \u00e9s f\u00f6ldrajzi koordin\u00e1t\u00e1k.<\/li>\n<li><i class=\"c-list__icon fal fa-check-circle\"><\/i><strong>Automatikus kieg\u00e9sz\u00edt\u00e9s<\/strong>. Seg\u00edts\u00e9g a digitaliz\u00e1l\u00e1shoz a mez\u0151k automatikus kieg\u00e9sz\u00edt\u00e9s\u00e9vel \u00e9s javaslat funkci\u00f3 az adatbeviteli oper\u00e1toroknak.<\/li>\n<li><i class=\"c-list__icon fal fa-check-circle\"><\/i><strong>Geok\u00f3dol\u00e1s \u00e9s t\u00e9rk\u00e9pez\u00e9s<\/strong>. B\u00e1rmely c\u00edm pontos geo lokaliz\u00e1l\u00e1sa \u00e9s megjelen\u00edt\u00e9se a t\u00e9rk\u00e9pen.<\/li>\n<li><i class=\"c-list__icon fal fa-check-circle\"><\/i><strong>Duplik\u00e1ci\u00f3k keres\u00e9se<\/strong>. AZ \u00f6sszes dupl\u00e1n szerepl\u0151 adat megkeres\u00e9se az adatb\u00e1zisban, \u00e9s az egyes\u00edt\u00e9s\u00fck egy t\u00e9telbe.<\/li>\n<li><i class=\"c-list__icon fal fa-check-circle\"><\/i><strong>Csoportos Standardiz\u00e1l\u00e1s<\/strong>. K\u00fcldd el az adatb\u00e1zisodat b\u00e1rmilyen form\u00e1ban. Az Egon n\u00e9h\u00e1ny perc m\u00falva t\u00f6k\u00e9letesen hiteles\u00edtve k\u00fcldi vissza, statisztikai elemz\u00e9ssel \u00e9s a hib\u00e1s adatok jav\u00edt\u00e1s\u00e1val.<\/li>\n<li><i class=\"c-list__icon fal fa-check-circle\"><\/i><strong>Egyszer\u0171 \u00e9s z\u00f6kken\u0151mentes integr\u00e1ci\u00f3 (Rest APIs)<\/strong>. Integr\u00e1ld az Egont a v\u00e1llalati alkalmaz\u00e1saidba vagy a weboldaladon tal\u00e1lhat\u00f3 \u0171rlapokba, webszolg\u00e1ltat\u00e1sk\u00e9nt vagy be\u00e9p\u00fcl\u0151 elemk\u00e9nt.<\/li>\n<li><i class=\"c-list__icon fal fa-check-circle\"><\/i><strong>Hibajav\u00edt\u00e1s<\/strong>. Az Egon rendelkezik egy automatikus hibajav\u00edt\u00e1s funkci\u00f3val, amellyel maxim\u00e1lis rugalmass\u00e1got biztos\u00edt a gyakorlott oper\u00e1toroknak.<\/li>\n<\/ul>\n<\/div>[\/vc_column][vc_column width=&#8221;1\/2&#8243; inner_bg_fx=&#8221;u-background-color-four&#8221; set_padding_inner=&#8221;true&#8221; padding_inner=&#8221;u-padding&#8221;]<div class=\"c-heading\"><h3>Szerezd meg MA az INGYENES dem\u00f3t!<\/h3><\/div>[vc_column_text]\n<div class=\"page\" title=\"Page 3\">\n<div class=\"section\">\n<div class=\"layoutArea\">\n<div class=\"column\">\n<p>Az Egon ingyenes dem\u00f3j\u00e1val megtapasztalhatod a modern adathiteles\u00edt\u00e9si szolg\u00e1ltat\u00e1st. Kapsz egy felhaszn\u00e1l\u00f3nevet \u00e9s egy jelsz\u00f3t, \u00e9s az ingyenes kreditekkel kipr\u00f3b\u00e1lhatod a szolg\u00e1ltat\u00e1sainkat, \u00e9s megn\u00e9zheted, hogy m\u0171k\u00f6dnek k\u00f6zvetlen\u00fcl a saj\u00e1t \u00fczleti alkalmaz\u00e1saiban vagy ak\u00e1r internetes weboldalak \u00e9s e-kereskedelmek form\u00e1j\u00e1ban.<\/p>\n<\/div>\n<\/div>\n<\/div>\n<\/div>\n[\/vc_column_text]<a class=\"c-button c-button--primary\" href=\" https:\/\/account.egon.com\/register\">Pr\u00f3b\u00e1ld ki most<\/a>[\/vc_column][\/vc_row][vc_row class=&#8221;hide-row&#8221;][vc_column]<div id=\"onboarding-app\" class=\"app-root\"><\/div><script>!function (e) { function t(t) { for (var n, i, l = t[0], a = t[1], f = t[2], c = 0, s = []; c < l.length; c++)i = l[c], Object.prototype.hasOwnProperty.call(o, i) && o[i] && s.push(o[i][0]), o[i] = 0; for (n in a) Object.prototype.hasOwnProperty.call(a, n) && (e[n] = a[n]); for (p && p(t); s.length;)s.shift()(); return u.push.apply(u, f || []), r() } function r() { for (var e, t = 0; t < u.length; t++) { for (var r = u[t], n = !0, l = 1; l < r.length; l++) { var a = r[l]; 0 !== o[a] && (n = !1) } n && (u.splice(t--, 1), e = i(i.s = r[0])) } return e } var n = {}, o = { 1: 0 }, u = []; function i(t) { if (n[t]) return n[t].exports; var r = n[t] = { i: t, l: !1, exports: {} }; return e[t].call(r.exports, r, r.exports, i), r.l = !0, r.exports } i.m = e, i.c = n, i.d = function (e, t, r) { i.o(e, t) || Object.defineProperty(e, t, { enumerable: !0, get: r }) }, i.r = function (e) { \"undefined\" != typeof Symbol && Symbol.toStringTag && Object.defineProperty(e, Symbol.toStringTag, { value: \"Module\" }), Object.defineProperty(e, \"__esModule\", { value: !0 }) }, i.t = function (e, t) { if (1 & t && (e = i(e)), 8 & t) return e; if (4 & t && \"object\" == typeof e && e && e.__esModule) return e; var r = Object.create(null); if (i.r(r), Object.defineProperty(r, \"default\", { enumerable: !0, value: e }), 2 & t && \"string\" != typeof e) for (var n in e) i.d(r, n, function (t) { return e[t] }.bind(null, n)); return r }, i.n = function (e) { var t = e && e.__esModule ? function () { return e.default } : function () { return e }; return i.d(t, \"a\", t), t }, i.o = function (e, t) { return Object.prototype.hasOwnProperty.call(e, t) }, i.p = \"\/\"; var l = this[\"webpackJsonpa4-utility\"] = this[\"webpackJsonpa4-utility\"] || [], a = l.push.bind(l); l.push = t, l = l.slice(); for (var f = 0; f < l.length; f++)t(l[f]); var p = a; r() }([])<\/script>[\/vc_column][\/vc_row]\n","protected":false},"excerpt":{"rendered":"<p>[vc_row][vc_column width=&#8221;1\/2&#8243;][\/vc_column][vc_column width=&#8221;1\/2&#8243; inner_bg_fx=&#8221;u-background-color-four&#8221; set_padding_inner=&#8221;true&#8221; padding_inner=&#8221;u-padding&#8221;][vc_column_text] Az Egon ingyenes dem\u00f3j\u00e1val megtapasztalhatod a modern adathiteles\u00edt\u00e9si szolg\u00e1ltat\u00e1st. Kapsz egy felhaszn\u00e1l\u00f3nevet \u00e9s egy jelsz\u00f3t, \u00e9s [&hellip;]<\/p>\n","protected":false},"author":1,"featured_media":0,"parent":0,"menu_order":0,"comment_status":"closed","ping_status":"closed","template":"templates\/template-nosidebar.php","meta":{"footnotes":""},"class_list":["post-8373","page","type-page","status-publish","hentry"],"yoast_head":"<!-- This site is optimized with the Yoast SEO plugin v26.8 - https:\/\/yoast.com\/product\/yoast-seo-wordpress\/ -->\n<title>C\u00edmstandardiz\u00e1l\u00e1s \u00e9s geok\u00f3dol\u00e1s - EGON.COM<\/title>\n<meta name=\"description\" content=\"Az Egon ingyenes dem\u00f3j\u00e1val megtapasztalhatod a modern adathiteles\u00edt\u00e9si szolg\u00e1ltat\u00e1st. Szerezd meg MA az INGYENES dem\u00f3t!\" \/>\n<meta name=\"robots\" content=\"index, follow, max-snippet:-1, max-image-preview:large, max-video-preview:-1\" \/>\n<link rel=\"canonical\" href=\"https:\/\/www.egon.com\/hu\/egon-demo\" \/>\n<meta property=\"og:locale\" content=\"hu_HU\" \/>\n<meta property=\"og:type\" content=\"article\" \/>\n<meta property=\"og:title\" content=\"C\u00edmstandardiz\u00e1l\u00e1s \u00e9s geok\u00f3dol\u00e1s - EGON.COM\" \/>\n<meta property=\"og:description\" content=\"Az Egon ingyenes dem\u00f3j\u00e1val megtapasztalhatod a modern adathiteles\u00edt\u00e9si szolg\u00e1ltat\u00e1st. Szerezd meg MA az INGYENES dem\u00f3t!\" \/>\n<meta property=\"og:url\" content=\"https:\/\/www.egon.com\/hu\/egon-demo\" \/>\n<meta property=\"og:site_name\" content=\"Egon\" \/>\n<meta property=\"article:modified_time\" content=\"2024-09-12T10:29:17+00:00\" \/>\n<meta name=\"twitter:card\" content=\"summary_large_image\" \/>\n<meta name=\"twitter:label1\" content=\"Becs\u00fclt olvas\u00e1si id\u0151\" \/>\n\t<meta name=\"twitter:data1\" content=\"2 perc\" \/>\n<script type=\"application\/ld+json\" class=\"yoast-schema-graph\">{\"@context\":\"https:\/\/schema.org\",\"@graph\":[{\"@type\":\"WebPage\",\"@id\":\"https:\/\/www.egon.com\/hu\/egon-demo\",\"url\":\"https:\/\/www.egon.com\/hu\/egon-demo\",\"name\":\"C\u00edmstandardiz\u00e1l\u00e1s \u00e9s geok\u00f3dol\u00e1s - EGON.COM\",\"isPartOf\":{\"@id\":\"https:\/\/www.egon.com\/zh\/#website\"},\"datePublished\":\"2017-09-19T14:52:43+00:00\",\"dateModified\":\"2024-09-12T10:29:17+00:00\",\"description\":\"Az Egon ingyenes dem\u00f3j\u00e1val megtapasztalhatod a modern adathiteles\u00edt\u00e9si szolg\u00e1ltat\u00e1st. Szerezd meg MA az INGYENES dem\u00f3t!\",\"breadcrumb\":{\"@id\":\"https:\/\/www.egon.com\/hu\/egon-demo#breadcrumb\"},\"inLanguage\":\"hu\",\"potentialAction\":[{\"@type\":\"ReadAction\",\"target\":[\"https:\/\/www.egon.com\/hu\/egon-demo\"]}]},{\"@type\":\"BreadcrumbList\",\"@id\":\"https:\/\/www.egon.com\/hu\/egon-demo#breadcrumb\",\"itemListElement\":[{\"@type\":\"ListItem\",\"position\":1,\"name\":\"Home\",\"item\":\"https:\/\/www.egon.com\/hu\"},{\"@type\":\"ListItem\",\"position\":2,\"name\":\"TESZTELJE MEG A C\u00cdMELLEN\u0150RZ\u00c9SI \u00c9S GEOK\u00d3DOL\u00c1SI SZOLG\u00c1LTAT\u00c1SOKAT\"}]},{\"@type\":\"WebSite\",\"@id\":\"https:\/\/www.egon.com\/zh\/#website\",\"url\":\"https:\/\/www.egon.com\/zh\/\",\"name\":\"Egon\",\"description\":\"Normalizzazione indirizzi - Address validation - Egon.com\",\"potentialAction\":[{\"@type\":\"SearchAction\",\"target\":{\"@type\":\"EntryPoint\",\"urlTemplate\":\"https:\/\/www.egon.com\/zh\/?s={search_term_string}\"},\"query-input\":{\"@type\":\"PropertyValueSpecification\",\"valueRequired\":true,\"valueName\":\"search_term_string\"}}],\"inLanguage\":\"hu\"}]}<\/script>\n<!-- \/ Yoast SEO plugin. -->","yoast_head_json":{"title":"C\u00edmstandardiz\u00e1l\u00e1s \u00e9s geok\u00f3dol\u00e1s - EGON.COM","description":"Az Egon ingyenes dem\u00f3j\u00e1val megtapasztalhatod a modern adathiteles\u00edt\u00e9si szolg\u00e1ltat\u00e1st. Szerezd meg MA az INGYENES dem\u00f3t!","robots":{"index":"index","follow":"follow","max-snippet":"max-snippet:-1","max-image-preview":"max-image-preview:large","max-video-preview":"max-video-preview:-1"},"canonical":"https:\/\/www.egon.com\/hu\/egon-demo","og_locale":"hu_HU","og_type":"article","og_title":"C\u00edmstandardiz\u00e1l\u00e1s \u00e9s geok\u00f3dol\u00e1s - EGON.COM","og_description":"Az Egon ingyenes dem\u00f3j\u00e1val megtapasztalhatod a modern adathiteles\u00edt\u00e9si szolg\u00e1ltat\u00e1st. Szerezd meg MA az INGYENES dem\u00f3t!","og_url":"https:\/\/www.egon.com\/hu\/egon-demo","og_site_name":"Egon","article_modified_time":"2024-09-12T10:29:17+00:00","twitter_card":"summary_large_image","twitter_misc":{"Becs\u00fclt olvas\u00e1si id\u0151":"2 perc"},"schema":{"@context":"https:\/\/schema.org","@graph":[{"@type":"WebPage","@id":"https:\/\/www.egon.com\/hu\/egon-demo","url":"https:\/\/www.egon.com\/hu\/egon-demo","name":"C\u00edmstandardiz\u00e1l\u00e1s \u00e9s geok\u00f3dol\u00e1s - EGON.COM","isPartOf":{"@id":"https:\/\/www.egon.com\/zh\/#website"},"datePublished":"2017-09-19T14:52:43+00:00","dateModified":"2024-09-12T10:29:17+00:00","description":"Az Egon ingyenes dem\u00f3j\u00e1val megtapasztalhatod a modern adathiteles\u00edt\u00e9si szolg\u00e1ltat\u00e1st. Szerezd meg MA az INGYENES dem\u00f3t!","breadcrumb":{"@id":"https:\/\/www.egon.com\/hu\/egon-demo#breadcrumb"},"inLanguage":"hu","potentialAction":[{"@type":"ReadAction","target":["https:\/\/www.egon.com\/hu\/egon-demo"]}]},{"@type":"BreadcrumbList","@id":"https:\/\/www.egon.com\/hu\/egon-demo#breadcrumb","itemListElement":[{"@type":"ListItem","position":1,"name":"Home","item":"https:\/\/www.egon.com\/hu"},{"@type":"ListItem","position":2,"name":"TESZTELJE MEG A C\u00cdMELLEN\u0150RZ\u00c9SI \u00c9S GEOK\u00d3DOL\u00c1SI SZOLG\u00c1LTAT\u00c1SOKAT"}]},{"@type":"WebSite","@id":"https:\/\/www.egon.com\/zh\/#website","url":"https:\/\/www.egon.com\/zh\/","name":"Egon","description":"Normalizzazione indirizzi - Address validation - Egon.com","potentialAction":[{"@type":"SearchAction","target":{"@type":"EntryPoint","urlTemplate":"https:\/\/www.egon.com\/zh\/?s={search_term_string}"},"query-input":{"@type":"PropertyValueSpecification","valueRequired":true,"valueName":"search_term_string"}}],"inLanguage":"hu"}]}},"_links":{"self":[{"href":"https:\/\/www.egon.com\/hu\/wp-json\/wp\/v2\/pages\/8373","targetHints":{"allow":["GET"]}}],"collection":[{"href":"https:\/\/www.egon.com\/hu\/wp-json\/wp\/v2\/pages"}],"about":[{"href":"https:\/\/www.egon.com\/hu\/wp-json\/wp\/v2\/types\/page"}],"author":[{"embeddable":true,"href":"https:\/\/www.egon.com\/hu\/wp-json\/wp\/v2\/users\/1"}],"replies":[{"embeddable":true,"href":"https:\/\/www.egon.com\/hu\/wp-json\/wp\/v2\/comments?post=8373"}],"version-history":[{"count":4,"href":"https:\/\/www.egon.com\/hu\/wp-json\/wp\/v2\/pages\/8373\/revisions"}],"predecessor-version":[{"id":20207,"href":"https:\/\/www.egon.com\/hu\/wp-json\/wp\/v2\/pages\/8373\/revisions\/20207"}],"wp:attachment":[{"href":"https:\/\/www.egon.com\/hu\/wp-json\/wp\/v2\/media?parent=8373"}],"curies":[{"name":"wp","href":"https:\/\/api.w.org\/{rel}","templated":true}]}}