{"id":8361,"date":"2017-09-19T14:47:21","date_gmt":"2017-09-19T14:47:21","guid":{"rendered":"https:\/\/egon.com\/?page_id=8361"},"modified":"2017-10-18T18:34:05","modified_gmt":"2017-10-18T18:34:05","slug":"web-in-the-cloud","status":"publish","type":"page","link":"https:\/\/www.egon.com\/hu\/web-in-the-cloud","title":{"rendered":"EGON A HELYSZ\u00cdNEN (A TELEPHELYEKEN)"},"content":{"rendered":"[vc_row holder_set_margin=&#8221;true&#8221; holder_margin=&#8221;u-margin-bottom-large&#8221;][vc_column]<div class=\"c-mediabox\">\n<div class=\" o-media o-media--responsive\">\n<div class=\"o-media__img\"><img loading=\"lazy\" decoding=\"async\" width=\"336\" height=\"420\" src=\"https:\/\/www.egon.com\/wp-content\/uploads\/2017\/07\/server-room-336x420.jpg\" class=\"attachment-wps_prime_medium size-wps_prime_medium\" alt=\"\" \/><\/div>\n<div class=\"o-media__body\">Egon haszn\u00e1lat\u00e1ra folyamatosan \u00e9s sz\u00fcks\u00e9g eset\u00e9n is lehet\u0151s\u00e9g van (egyszeri \u00f6sszegben vagy fogyaszt\u00e1s ut\u00e1n t\u00f6rt\u00e9n\u0151 fizet\u00e9si form\u00e1ban, a hagyom\u00e1nyos b\u00e9rleti forma mellett), an\u00e9lk\u00fcl, hogy a v\u00e1llalati informatikai infrastrukt\u00far\u00e1ba k\u00fcl\u00f6n\u00f6s telep\u00edt\u00e9st kellene v\u00e9gezni, egyszer\u0171en\u00a0<span>a web oldalon kereszt\u00fcl<\/span>\u00a0a rendelkez\u00e9sre \u00e1ll\u00f3\u00a0<span>\u201cweb szolg\u00e1ltat\u00e1st\u201d<\/span>\u00a0h\u00edvni, mely lehet\u0151v\u00e9 teszi a v\u00e1llalati alkalmaz\u00e1sok \u00e9s az Egon motor k\u00f6z\u00f6tti k\u00f6zvetlen kommunik\u00e1ci\u00f3t, szabv\u00e1nyos nyelvezetek \u00e9s fel\u00fcletek r\u00e9v\u00e9n (wsdl, api\u2026).<\/p>\n<p>Egy\u00e1ltal\u00e1n nem kell agg\u00f3dnod alkalmaz\u00e1sunk fizikai telep\u00edt\u00e9s\u00e9nek k\u00f6lts\u00e9gei \u00e9s m\u00f3dja miatt, mivel Egon rendelkez\u00e9sedre \u00e1ll k\u00f6zvetlen\u00fcl\u00a0<span>\u201cIn the Cloud\u201d (a felh\u0151kben)<\/span>\u00a0\u00e9s neked\u00a0<span>kiz\u00e1r\u00f3lag a szolg\u00e1ltat\u00e1st kell megv\u00e1s\u00e1rolnod<\/span>, m\u00edg mi gondoskodunk a teljes m\u0171szaki-logisztikai infrastrukt\u00far\u00e1r\u00f3l, tulajdonunkat k\u00e9pez\u0151 \u00e9s ellen\u0151rz\u00e9s\u00fcnk alatt \u00e1ll\u00f3 szerverek telep\u00edt\u00e9se r\u00e9v\u00e9n.<\/div>\n<\/div>\n<\/div>\n[\/vc_column][\/vc_row][vc_row][vc_column]<div class=\"templatera_shortcode\"><div class=\"o-holder u-background-pos-bottom-right u-background-cover u-background-color-one u-margin-bottom-large\" style='background-image:url(https:\/\/www.egon.com\/wp-content\/uploads\/2017\/07\/pattern.svg);'><div class=\"grid-1 grid--middle\"><div class=\"col _lap-and-up-9\" ><div class=\"col_inner u-padding\"><div class=\"c-heading\"><h3 class=\" u-text-color-invert u-text-bolder u-margin-bottom-none u-padding-vertical\">Szeretn\u00e9d azonnal kipr\u00f3b\u00e1lni alkalmaz\u00e1sunk erej\u00e9t?<\/h3><\/div><div class=\"c-text-block u-text-color-invert\"><p>K\u00f6z\u00f6sen felm\u00e9rj\u00fck, k\u00f6telezetts\u00e9g n\u00e9lk\u00fcl, az ig\u00e9nyeidnek legink\u00e1bb megfelel\u0151 megold\u00e1st, lehet\u0151v\u00e9 t\u00e9ve sz\u00e1modra<span>\u00a0n\u00e9h\u00e1ny alapszolg\u00e1ltat\u00e1sunk ingyenes kipr\u00f3b\u00e1l\u00e1s\u00e1t<\/span>, annak \u00e9rdek\u00e9ben, hogy pontosan meg\u00e9rtsd term\u00e9k\u00fcnkben rejl\u0151 jelent\u0151s potenci\u00e1lt.<\/p>\n <\/div><\/div><\/div><div class=\"col _lap-and-up-3\" ><div class=\"col_inner u-padding\"><div class=\"c-button-holder c-button-holder--center\"><a class=\"c-button c-button--center c-button--white  c-button--ghost\" href=\"https:\/\/www.egon.com\/company\/contact-us\">L\u00c9PJ VEL\u00dcNK AZONNAL KAPCSOLATBA<\/a><\/div><\/div><\/div>\n<\/div><\/div><\/div>[\/vc_column][\/vc_row][vc_row holder_set_margin=&#8221;true&#8221; holder_margin=&#8221;u-margin-bottom&#8221;][vc_column]<div class=\"c-heading\"><h3 class=\" u-text-bolder\">A FELH\u0150KB\u0150L A V\u00c1LLALKOZ\u00c1SBA, A WEBEN KERESZT\u00dcLI ADATMIN\u0150S\u00c9G<\/h3><\/div>[vc_column_text]Minden v\u00e1llalkoz\u00e1snak, a legnagyobbakt\u00f3l \u00e9s a tartom\u00e1ny k\u00e9zm\u0171ves k\u00f6zpontj\u00e1ban elhelyezked\u0151kt\u0151l, nap mint nap egyre n\u00f6vekv\u0151 inform\u00e1ci\u00f3s h\u00e1l\u00f3t kell kezelnie, melynek min\u0151s\u00e9ge fokozatosan romlik. Az adatb\u00e1zisok \u00f6sszef\u00fcgg\u00e9s\u00e9nek elveszt\u00e9se gyakran eredm\u00e9nyezi az adatok legk\u00fcl\u00f6nb\u00f6z\u0151bb c\u00e9lokra t\u00f6rt\u00e9n\u0151, hat\u00e9kony felhaszn\u00e1lhat\u00f3s\u00e1g\u00e1nak lehetetlens\u00e9g\u00e9t. Hogyan viselkedj\u00fcnk p\u00e9ld\u00e1ul az \u00fajdons\u00e1gokra vagy az utols\u00f3 k\u00edn\u00e1latra vonatkoz\u00f3 rekl\u00e1mkamp\u00e1ny k\u00fcld\u00e9sekor vagy hogyan k\u00fcldhet\u00fcnk teljesen nyugodt sz\u00edvvel fontos k\u00f6zlem\u00e9nyeket, ha nem vagyunk biztosak abban, hogy rendelkez\u00fcnk az \u00fcgyf\u00e9l\/besz\u00e1ll\u00edt\u00f3i k\u00f6rre vonatkoz\u00f3 helyes anyak\u00f6nyvi adatokkal \u00e9s c\u00edmekkel? Hib\u00e1s vagy dupla postai vagy digit\u00e1lis k\u00f6zlem\u00e9nyek k\u00fcld\u00e9se az adatt\u00e1rak rossz min\u0151s\u00e9ge miatt rossz f\u00e9nyt vethet r\u00e1nk \u00fcgyfeleink el\u0151tt, de az is el\u0151fordulhat, hogy spam k\u00fcld\u0151nek tekintenek vagy akk\u00e9nt t\u00fcntetnek fel benn\u00fcnket.<\/p>\n<p>Ha nem vagy k\u00e9pes adatb\u00e1zisodb\u00f3l k\u00fcl\u00f6nb\u00f6z\u0151 \u00e9s sz\u00e9thullott, de ugyanarra a felhaszn\u00e1l\u00f3ra vonatkoz\u00f3 inform\u00e1ci\u00f3kat \u00f6sszegy\u0171jteni, ez azt eredm\u00e9nyei, hogy nem leszel k\u00e9pes \u00fcgyfeleid helyes profilj\u00e1t l\u00e9trehozni, melynek k\u00f6vetkezm\u00e9nye a birtokodban l\u00e9v\u0151, hatalmas mennyis\u00e9g\u0171 inform\u00e1ci\u00f3 haszn\u00e1lhatatlans\u00e1ga:<\/p>\n<p><em>egy sz\u00e9thullott inform\u00e1ci\u00f3 egy haszn\u00e1lhatatlan inform\u00e1ci\u00f3nak felel meg.<\/em><\/p>\n<p>Ebben az \u00e9rtelemben a magunk el\u00e9 kit\u0171z\u00f6tt k\u00fcldet\u00e9s l\u00e9nyege az, hogy b\u00e1rmelyik v\u00e1llalkoz\u00e1snak, a k\u00f6z\u00e9p-kis v\u00e1llalkoz\u00e1soknak is, lehet\u0151s\u00e9ge legyen saj\u00e1t informatikai adatt\u00e1r\u00e1nak szabv\u00e1nyos\u00edt\u00e1s\u00e1ra \u00e9s hozz\u00e1f\u00e9rhessen az Egon \u00e1ltal ny\u00fajtott szolg\u00e1ltat\u00e1sokhoz,\u00a0<span>gyorsan<\/span>\u00a0\u00e9s\u00a0<span>rendk\u00edv\u00fcl egyszer\u0171en<\/span>, k\u00f6zvetlen\u00fcl\u00a0<span>interneten kereszt\u00fcl<\/span>.<\/p>\n<p>Ez a terv, mely nemr\u00e9giben az adatmin\u0151s\u00e9get szolg\u00e1l\u00f3 \u201e<span>Egon web<\/span>\u201d modul megval\u00f3s\u00edt\u00e1s\u00e1ban \u00f6lt\u00f6tt testet, lehet\u0151v\u00e9 tette azon termel\u0151 egys\u00e9gek sz\u00e1m\u00e1ra is, amelyek nem engedhetnek meg maguknak vagy nem k\u00edv\u00e1nnak hatalmas \u00f6sszegeket inveszt\u00e1lni innov\u00e1ci\u00f3ba, hogy c\u00e9lzottan fektessenek be a min\u0151s\u00e9gbe \u00e9s jelent\u0151s l\u00e9p\u00e9st tegyenek el\u0151re.[\/vc_column_text][\/vc_column][\/vc_row][vc_row holder_set_margin=&#8221;true&#8221; holder_margin=&#8221;u-margin-bottom-large&#8221;][vc_column]<div class=\"templatera_shortcode\"><div class=\"o-holder u-background-pos-bottom-right u-background-cover u-background-color-one u-margin-bottom-large\" style='background-image:url(https:\/\/www.egon.com\/wp-content\/uploads\/2017\/07\/pattern.svg);'><div class=\"grid-1 grid--middle\"><div class=\"col _lap-and-up-9\" ><div class=\"col_inner u-padding\"><div class=\"c-heading\"><h3 class=\" u-text-color-invert u-text-bolder u-margin-bottom-none u-padding-vertical\">L\u00c9PJ KAPCSOLATBA VEL\u00dcNK \u00c9S ADATAIDHOZ PR\u00d3B\u00c1LD KI WEB MEGOLD\u00c1SAINKAT<\/h3><\/div><\/div><\/div><div class=\"col _lap-and-up-3\" ><div class=\"col_inner u-padding\"><div class=\"c-button-holder c-button-holder--center\"><a class=\"c-button c-button--center c-button--white  c-button--ghost\" href=\"https:\/\/www.egon.com\/egon-demo\">INGYENES ONLINE DEM\u00d3<\/a><\/div><\/div><\/div>\n<\/div><\/div><\/div>[\/vc_column][\/vc_row]\n","protected":false},"excerpt":{"rendered":"L\u00c9PJ KAPCSOLATBA VEL\u00dcNK \u00c9S ADATAIDHOZ PR\u00d3B\u00c1LD KI WEB MEGOLD\u00c1SAINKATINGYENES ONLINE DEM\u00d3","protected":false},"author":1,"featured_media":0,"parent":0,"menu_order":0,"comment_status":"closed","ping_status":"closed","template":"templates\/template-nosidebar.php","meta":{"footnotes":""},"class_list":["post-8361","page","type-page","status-publish","hentry"],"yoast_head":"<!-- This site is optimized with the Yoast SEO plugin v26.8 - https:\/\/yoast.com\/product\/yoast-seo-wordpress\/ -->\n<title>Adatmin\u0151s\u00e9g weben kereszt\u00fcl (In the Cloud) - EGON<\/title>\n<meta name=\"description\" content=\"Egon web: Egont haszn\u00e1lhatod (alkalmaz\u00e1saidba integr\u00e1lva is) k\u00f6zvetlen\u00fcl weben kereszt\u00fcl, egyszer\u0171, web szolg\u00e1ltat\u00e1sunkhoz int\u00e9zett helysz\u00edni h\u00edv\u00e1s r\u00e9v\u00e9n;.\" \/>\n<meta name=\"robots\" content=\"index, follow, max-snippet:-1, max-image-preview:large, max-video-preview:-1\" \/>\n<link rel=\"canonical\" href=\"https:\/\/www.egon.com\/hu\/web-in-the-cloud\" \/>\n<meta property=\"og:locale\" content=\"hu_HU\" \/>\n<meta property=\"og:type\" content=\"article\" \/>\n<meta property=\"og:title\" content=\"Adatmin\u0151s\u00e9g weben kereszt\u00fcl (In the Cloud) - EGON\" \/>\n<meta property=\"og:description\" content=\"Egon web: Egont haszn\u00e1lhatod (alkalmaz\u00e1saidba integr\u00e1lva is) k\u00f6zvetlen\u00fcl weben kereszt\u00fcl, egyszer\u0171, web szolg\u00e1ltat\u00e1sunkhoz int\u00e9zett helysz\u00edni h\u00edv\u00e1s r\u00e9v\u00e9n;.\" \/>\n<meta property=\"og:url\" content=\"https:\/\/www.egon.com\/hu\/web-in-the-cloud\" \/>\n<meta property=\"og:site_name\" content=\"Egon\" \/>\n<meta property=\"article:modified_time\" content=\"2017-10-18T18:34:05+00:00\" \/>\n<meta name=\"twitter:card\" content=\"summary_large_image\" \/>\n<meta name=\"twitter:label1\" content=\"Becs\u00fclt olvas\u00e1si id\u0151\" \/>\n\t<meta name=\"twitter:data1\" content=\"3 perc\" \/>\n<script type=\"application\/ld+json\" class=\"yoast-schema-graph\">{\"@context\":\"https:\/\/schema.org\",\"@graph\":[{\"@type\":\"WebPage\",\"@id\":\"https:\/\/www.egon.com\/hu\/web-in-the-cloud\",\"url\":\"https:\/\/www.egon.com\/hu\/web-in-the-cloud\",\"name\":\"Adatmin\u0151s\u00e9g weben kereszt\u00fcl (In the Cloud) - EGON\",\"isPartOf\":{\"@id\":\"https:\/\/www.egon.com\/zh\/#website\"},\"datePublished\":\"2017-09-19T14:47:21+00:00\",\"dateModified\":\"2017-10-18T18:34:05+00:00\",\"description\":\"Egon web: Egont haszn\u00e1lhatod (alkalmaz\u00e1saidba integr\u00e1lva is) k\u00f6zvetlen\u00fcl weben kereszt\u00fcl, egyszer\u0171, web szolg\u00e1ltat\u00e1sunkhoz int\u00e9zett helysz\u00edni h\u00edv\u00e1s r\u00e9v\u00e9n;.\",\"breadcrumb\":{\"@id\":\"https:\/\/www.egon.com\/hu\/web-in-the-cloud#breadcrumb\"},\"inLanguage\":\"hu\",\"potentialAction\":[{\"@type\":\"ReadAction\",\"target\":[\"https:\/\/www.egon.com\/hu\/web-in-the-cloud\"]}]},{\"@type\":\"BreadcrumbList\",\"@id\":\"https:\/\/www.egon.com\/hu\/web-in-the-cloud#breadcrumb\",\"itemListElement\":[{\"@type\":\"ListItem\",\"position\":1,\"name\":\"Home\",\"item\":\"https:\/\/www.egon.com\/hu\"},{\"@type\":\"ListItem\",\"position\":2,\"name\":\"EGON A HELYSZ\u00cdNEN (A TELEPHELYEKEN)\"}]},{\"@type\":\"WebSite\",\"@id\":\"https:\/\/www.egon.com\/zh\/#website\",\"url\":\"https:\/\/www.egon.com\/zh\/\",\"name\":\"Egon\",\"description\":\"Normalizzazione indirizzi - Address validation - Egon.com\",\"potentialAction\":[{\"@type\":\"SearchAction\",\"target\":{\"@type\":\"EntryPoint\",\"urlTemplate\":\"https:\/\/www.egon.com\/zh\/?s={search_term_string}\"},\"query-input\":{\"@type\":\"PropertyValueSpecification\",\"valueRequired\":true,\"valueName\":\"search_term_string\"}}],\"inLanguage\":\"hu\"}]}<\/script>\n<!-- \/ Yoast SEO plugin. -->","yoast_head_json":{"title":"Adatmin\u0151s\u00e9g weben kereszt\u00fcl (In the Cloud) - EGON","description":"Egon web: Egont haszn\u00e1lhatod (alkalmaz\u00e1saidba integr\u00e1lva is) k\u00f6zvetlen\u00fcl weben kereszt\u00fcl, egyszer\u0171, web szolg\u00e1ltat\u00e1sunkhoz int\u00e9zett helysz\u00edni h\u00edv\u00e1s r\u00e9v\u00e9n;.","robots":{"index":"index","follow":"follow","max-snippet":"max-snippet:-1","max-image-preview":"max-image-preview:large","max-video-preview":"max-video-preview:-1"},"canonical":"https:\/\/www.egon.com\/hu\/web-in-the-cloud","og_locale":"hu_HU","og_type":"article","og_title":"Adatmin\u0151s\u00e9g weben kereszt\u00fcl (In the Cloud) - EGON","og_description":"Egon web: Egont haszn\u00e1lhatod (alkalmaz\u00e1saidba integr\u00e1lva is) k\u00f6zvetlen\u00fcl weben kereszt\u00fcl, egyszer\u0171, web szolg\u00e1ltat\u00e1sunkhoz int\u00e9zett helysz\u00edni h\u00edv\u00e1s r\u00e9v\u00e9n;.","og_url":"https:\/\/www.egon.com\/hu\/web-in-the-cloud","og_site_name":"Egon","article_modified_time":"2017-10-18T18:34:05+00:00","twitter_card":"summary_large_image","twitter_misc":{"Becs\u00fclt olvas\u00e1si id\u0151":"3 perc"},"schema":{"@context":"https:\/\/schema.org","@graph":[{"@type":"WebPage","@id":"https:\/\/www.egon.com\/hu\/web-in-the-cloud","url":"https:\/\/www.egon.com\/hu\/web-in-the-cloud","name":"Adatmin\u0151s\u00e9g weben kereszt\u00fcl (In the Cloud) - EGON","isPartOf":{"@id":"https:\/\/www.egon.com\/zh\/#website"},"datePublished":"2017-09-19T14:47:21+00:00","dateModified":"2017-10-18T18:34:05+00:00","description":"Egon web: Egont haszn\u00e1lhatod (alkalmaz\u00e1saidba integr\u00e1lva is) k\u00f6zvetlen\u00fcl weben kereszt\u00fcl, egyszer\u0171, web szolg\u00e1ltat\u00e1sunkhoz int\u00e9zett helysz\u00edni h\u00edv\u00e1s r\u00e9v\u00e9n;.","breadcrumb":{"@id":"https:\/\/www.egon.com\/hu\/web-in-the-cloud#breadcrumb"},"inLanguage":"hu","potentialAction":[{"@type":"ReadAction","target":["https:\/\/www.egon.com\/hu\/web-in-the-cloud"]}]},{"@type":"BreadcrumbList","@id":"https:\/\/www.egon.com\/hu\/web-in-the-cloud#breadcrumb","itemListElement":[{"@type":"ListItem","position":1,"name":"Home","item":"https:\/\/www.egon.com\/hu"},{"@type":"ListItem","position":2,"name":"EGON A HELYSZ\u00cdNEN (A TELEPHELYEKEN)"}]},{"@type":"WebSite","@id":"https:\/\/www.egon.com\/zh\/#website","url":"https:\/\/www.egon.com\/zh\/","name":"Egon","description":"Normalizzazione indirizzi - Address validation - Egon.com","potentialAction":[{"@type":"SearchAction","target":{"@type":"EntryPoint","urlTemplate":"https:\/\/www.egon.com\/zh\/?s={search_term_string}"},"query-input":{"@type":"PropertyValueSpecification","valueRequired":true,"valueName":"search_term_string"}}],"inLanguage":"hu"}]}},"_links":{"self":[{"href":"https:\/\/www.egon.com\/hu\/wp-json\/wp\/v2\/pages\/8361","targetHints":{"allow":["GET"]}}],"collection":[{"href":"https:\/\/www.egon.com\/hu\/wp-json\/wp\/v2\/pages"}],"about":[{"href":"https:\/\/www.egon.com\/hu\/wp-json\/wp\/v2\/types\/page"}],"author":[{"embeddable":true,"href":"https:\/\/www.egon.com\/hu\/wp-json\/wp\/v2\/users\/1"}],"replies":[{"embeddable":true,"href":"https:\/\/www.egon.com\/hu\/wp-json\/wp\/v2\/comments?post=8361"}],"version-history":[{"count":0,"href":"https:\/\/www.egon.com\/hu\/wp-json\/wp\/v2\/pages\/8361\/revisions"}],"wp:attachment":[{"href":"https:\/\/www.egon.com\/hu\/wp-json\/wp\/v2\/media?parent=8361"}],"curies":[{"name":"wp","href":"https:\/\/api.w.org\/{rel}","templated":true}]}}