{"id":8295,"date":"2017-09-19T14:29:43","date_gmt":"2017-09-19T14:29:43","guid":{"rendered":"https:\/\/egon.com\/?page_id=8295"},"modified":"2019-04-19T12:09:20","modified_gmt":"2019-04-19T12:09:20","slug":"szemelyzet","status":"publish","type":"page","link":"https:\/\/www.egon.com\/hu\/vallalkozas\/szemelyzet","title":{"rendered":"Dolgoz\u00f3k"},"content":{"rendered":"[vc_row][vc_column][vc_column_text]Munkat\u00e1rsaink igazolt tapasztalattal rendelkeznek, \u00e9s t\u00f6bb\u00e9ves munk\u00e1juk sor\u00e1n m\u00e9lyrehat\u00f3 ismereteket szereztek. \u00c9rt\u00e9kes egy\u00fcttm\u0171k\u00f6d\u00e9s\u00fcknek k\u00f6sz\u00f6nhet\u0151en a n\u00f6vekv\u0151 piaci ig\u00e9nyekre mindig gyors \u00e9s professzion\u00e1lis v\u00e1laszt adunk, \u00e9s a kezdetekt\u0151l fogva kiv\u00e1l\u00f3 eredm\u00e9nyeket \u00e9rt\u00fcnk el.[\/vc_column_text]<div class=\"c-mediabox u-margin-bottom\">\n<div class=\" o-media o-media--responsive\">\n<div class=\"o-media__img\"><img loading=\"lazy\" decoding=\"async\" width=\"336\" height=\"420\" src=\"https:\/\/www.egon.com\/wp-content\/uploads\/2017\/07\/company-staff-e1501220020532-336x420.jpg\" class=\"attachment-wps_prime_medium size-wps_prime_medium\" alt=\"\" \/><\/div>\n<div class=\"o-media__body\">\n<h3>A SIKERES STRAT\u00c9GIA L\u00c9NYEGE AZ ODAFIGYEL\u00c9S AZ EMBEREKRE<\/h3>\n<p>Csapatunk els\u0151sorban szervezeti fel\u00e9p\u00edt\u00e9s\u00e9vel t\u0171nik ki. A c\u00e9ges strat\u00e9gi\u00e1val \u00f6sszhangban a csapat fel\u00e1ll\u00edt\u00e1sa \u00e9s vezet\u00e9se sor\u00e1n k\u00fcl\u00f6n\u00f6s figyelmet szentelt\u00fcnk az embereknek, \u00e9rdekl\u0151d\u00e9si k\u00f6reiknek \u00e9s szok\u00e1saiknak, hogy megmaradjon lelkesed\u00e9s\u00fck a napi munka sor\u00e1n.<\/p>\n<p>\u00dagy gondoljuk, hogy a siker szorosan \u00f6sszekapcsol\u00f3dik dolgoz\u00f3ink megbecs\u00fcl\u00e9s\u00e9vel \u00e9s j\u00f3l\u00e9t\u00e9vel, c\u00e9lunk \u00f6szt\u00f6nz\u0151 munkahely kialak\u00edt\u00e1sa ahol mindenki ki tudja bontakoztatni amb\u00edci\u00f3it \u00e9s tehets\u00e9g\u00e9t.<\/p><\/div>\n<\/div>\n<\/div>\n<div class=\" c-divider c-divider--dashed\"\/><\/div><div class=\"c-heading\"><h3 class=\" u-text-bolder\">A PROJEKTHEZ HOZZ\u00c1TARTOZNAK A VEV\u0150 IG\u00c9NYEI<\/h3><\/div>[vc_column_text]Csapatunk napr\u00f3l napra t\u00f6bbf\u00e9le projekten dolgozik, \u00e9s a sz\u00e9khely\u00fcnk\u00f6n illetve m\u00e1s helysz\u00edneken, a t\u00e1voli irod\u00e1inkban \u00e9s a vev\u0151ink sz\u00e9khely\u00e9n tart\u00f3zkod\u00f3 dolgoz\u00f3ink akt\u00edvan egy\u00fcttm\u0171k\u00f6dnek. Szervezet\u00fcnk rugalmas \u00e9s egy\u00fcttm\u0171k\u00f6d\u0151, minden projekthez \u00fajj\u00e1alakul az egyes \u00fcgyfelek specifikus ig\u00e9nyeinek teljes kiel\u00e9g\u00edt\u00e9se \u00e9rdek\u00e9ben.[\/vc_column_text][\/vc_column][\/vc_row][vc_row holder_set_margin=&#8221;true&#8221; holder_margin=&#8221;u-margin-bottom-large&#8221;][vc_column]<div class=\"templatera_shortcode\"><div class=\"o-holder u-background-ca-one u-padding-vertical-large\"><div class=\" o-wrapper\"><div class=\"grid-1\"><div class=\"col _lap-and-up-12\" ><div class=\"c-heading\"><h3 class=\" u-text-color-invert u-text-center\">FEDEZZE FEL HOGY TUD HOZZ\u00c1J\u00c1RULNI MIN\u0150S\u00c9GI ADATKEZEL\u0150 SZOFTVER\u00dcNK T\u00c1RSAS\u00c1GA FEJLESZT\u00c9S\u00c9HEZ<\/h3><\/div><div class=\"c-button-holder c-button-holder--center\"><a class=\"c-button u-text-bold c-button--center c-button--white  c-button--ghost\" href=\"https:\/\/www.egon.com\/company\/contact-us\">VEGYE FEL VEL\u00dcNK A KAPCSOLATOT!<\/a><\/div><\/div>\n<\/div><\/div><\/div>\r\n<\/div>[\/vc_column][\/vc_row]\n","protected":false},"excerpt":{"rendered":"FEDEZZE FEL HOGY TUD HOZZ\u00c1J\u00c1RULNI MIN\u0150S\u00c9GI ADATKEZEL\u0150 SZOFTVER\u00dcNK T\u00c1RSAS\u00c1GA FEJLESZT\u00c9S\u00c9HEZVEGYE FEL VEL\u00dcNK A KAPCSOLATOT!","protected":false},"author":1,"featured_media":0,"parent":8269,"menu_order":0,"comment_status":"closed","ping_status":"closed","template":"templates\/template-nosidebar.php","meta":{"footnotes":""},"class_list":["post-8295","page","type-page","status-publish","hentry"],"yoast_head":"<!-- This site is optimized with the Yoast SEO plugin v26.8 - https:\/\/yoast.com\/product\/yoast-seo-wordpress\/ -->\n<title>Dolgoz\u00f3k - Egon<\/title>\n<meta name=\"robots\" content=\"index, follow, max-snippet:-1, max-image-preview:large, max-video-preview:-1\" \/>\n<link rel=\"canonical\" href=\"https:\/\/www.egon.com\/hu\/vallalkozas\/szemelyzet\" \/>\n<meta property=\"og:locale\" content=\"hu_HU\" \/>\n<meta property=\"og:type\" content=\"article\" \/>\n<meta property=\"og:title\" content=\"Dolgoz\u00f3k - Egon\" \/>\n<meta property=\"og:url\" content=\"https:\/\/www.egon.com\/hu\/vallalkozas\/szemelyzet\" \/>\n<meta property=\"og:site_name\" content=\"Egon\" \/>\n<meta property=\"article:modified_time\" content=\"2019-04-19T12:09:20+00:00\" \/>\n<meta name=\"twitter:card\" content=\"summary_large_image\" \/>\n<meta name=\"twitter:label1\" content=\"Becs\u00fclt olvas\u00e1si id\u0151\" \/>\n\t<meta name=\"twitter:data1\" content=\"2 perc\" \/>\n<script type=\"application\/ld+json\" class=\"yoast-schema-graph\">{\"@context\":\"https:\/\/schema.org\",\"@graph\":[{\"@type\":\"WebPage\",\"@id\":\"https:\/\/www.egon.com\/hu\/vallalkozas\/szemelyzet\",\"url\":\"https:\/\/www.egon.com\/hu\/vallalkozas\/szemelyzet\",\"name\":\"Dolgoz\u00f3k - Egon\",\"isPartOf\":{\"@id\":\"https:\/\/www.egon.com\/zh\/#website\"},\"datePublished\":\"2017-09-19T14:29:43+00:00\",\"dateModified\":\"2019-04-19T12:09:20+00:00\",\"breadcrumb\":{\"@id\":\"https:\/\/www.egon.com\/hu\/vallalkozas\/szemelyzet#breadcrumb\"},\"inLanguage\":\"hu\",\"potentialAction\":[{\"@type\":\"ReadAction\",\"target\":[\"https:\/\/www.egon.com\/hu\/vallalkozas\/szemelyzet\"]}]},{\"@type\":\"BreadcrumbList\",\"@id\":\"https:\/\/www.egon.com\/hu\/vallalkozas\/szemelyzet#breadcrumb\",\"itemListElement\":[{\"@type\":\"ListItem\",\"position\":1,\"name\":\"Home\",\"item\":\"https:\/\/www.egon.com\/hu\"},{\"@type\":\"ListItem\",\"position\":2,\"name\":\"Company\",\"item\":\"https:\/\/www.egon.com\/hu\/vallalkozas\"},{\"@type\":\"ListItem\",\"position\":3,\"name\":\"Dolgoz\u00f3k\"}]},{\"@type\":\"WebSite\",\"@id\":\"https:\/\/www.egon.com\/zh\/#website\",\"url\":\"https:\/\/www.egon.com\/zh\/\",\"name\":\"Egon\",\"description\":\"Normalizzazione indirizzi - Address validation - Egon.com\",\"potentialAction\":[{\"@type\":\"SearchAction\",\"target\":{\"@type\":\"EntryPoint\",\"urlTemplate\":\"https:\/\/www.egon.com\/zh\/?s={search_term_string}\"},\"query-input\":{\"@type\":\"PropertyValueSpecification\",\"valueRequired\":true,\"valueName\":\"search_term_string\"}}],\"inLanguage\":\"hu\"}]}<\/script>\n<!-- \/ Yoast SEO plugin. -->","yoast_head_json":{"title":"Dolgoz\u00f3k - Egon","robots":{"index":"index","follow":"follow","max-snippet":"max-snippet:-1","max-image-preview":"max-image-preview:large","max-video-preview":"max-video-preview:-1"},"canonical":"https:\/\/www.egon.com\/hu\/vallalkozas\/szemelyzet","og_locale":"hu_HU","og_type":"article","og_title":"Dolgoz\u00f3k - Egon","og_url":"https:\/\/www.egon.com\/hu\/vallalkozas\/szemelyzet","og_site_name":"Egon","article_modified_time":"2019-04-19T12:09:20+00:00","twitter_card":"summary_large_image","twitter_misc":{"Becs\u00fclt olvas\u00e1si id\u0151":"2 perc"},"schema":{"@context":"https:\/\/schema.org","@graph":[{"@type":"WebPage","@id":"https:\/\/www.egon.com\/hu\/vallalkozas\/szemelyzet","url":"https:\/\/www.egon.com\/hu\/vallalkozas\/szemelyzet","name":"Dolgoz\u00f3k - Egon","isPartOf":{"@id":"https:\/\/www.egon.com\/zh\/#website"},"datePublished":"2017-09-19T14:29:43+00:00","dateModified":"2019-04-19T12:09:20+00:00","breadcrumb":{"@id":"https:\/\/www.egon.com\/hu\/vallalkozas\/szemelyzet#breadcrumb"},"inLanguage":"hu","potentialAction":[{"@type":"ReadAction","target":["https:\/\/www.egon.com\/hu\/vallalkozas\/szemelyzet"]}]},{"@type":"BreadcrumbList","@id":"https:\/\/www.egon.com\/hu\/vallalkozas\/szemelyzet#breadcrumb","itemListElement":[{"@type":"ListItem","position":1,"name":"Home","item":"https:\/\/www.egon.com\/hu"},{"@type":"ListItem","position":2,"name":"Company","item":"https:\/\/www.egon.com\/hu\/vallalkozas"},{"@type":"ListItem","position":3,"name":"Dolgoz\u00f3k"}]},{"@type":"WebSite","@id":"https:\/\/www.egon.com\/zh\/#website","url":"https:\/\/www.egon.com\/zh\/","name":"Egon","description":"Normalizzazione indirizzi - Address validation - Egon.com","potentialAction":[{"@type":"SearchAction","target":{"@type":"EntryPoint","urlTemplate":"https:\/\/www.egon.com\/zh\/?s={search_term_string}"},"query-input":{"@type":"PropertyValueSpecification","valueRequired":true,"valueName":"search_term_string"}}],"inLanguage":"hu"}]}},"_links":{"self":[{"href":"https:\/\/www.egon.com\/hu\/wp-json\/wp\/v2\/pages\/8295","targetHints":{"allow":["GET"]}}],"collection":[{"href":"https:\/\/www.egon.com\/hu\/wp-json\/wp\/v2\/pages"}],"about":[{"href":"https:\/\/www.egon.com\/hu\/wp-json\/wp\/v2\/types\/page"}],"author":[{"embeddable":true,"href":"https:\/\/www.egon.com\/hu\/wp-json\/wp\/v2\/users\/1"}],"replies":[{"embeddable":true,"href":"https:\/\/www.egon.com\/hu\/wp-json\/wp\/v2\/comments?post=8295"}],"version-history":[{"count":0,"href":"https:\/\/www.egon.com\/hu\/wp-json\/wp\/v2\/pages\/8295\/revisions"}],"up":[{"embeddable":true,"href":"https:\/\/www.egon.com\/hu\/wp-json\/wp\/v2\/pages\/8269"}],"wp:attachment":[{"href":"https:\/\/www.egon.com\/hu\/wp-json\/wp\/v2\/media?parent=8295"}],"curies":[{"name":"wp","href":"https:\/\/api.w.org\/{rel}","templated":true}]}}