{"id":8269,"date":"2017-09-19T14:20:43","date_gmt":"2017-09-19T14:20:43","guid":{"rendered":"https:\/\/egon.com\/?page_id=8269"},"modified":"2022-09-09T07:59:10","modified_gmt":"2022-09-09T07:59:10","slug":"vallalkozas","status":"publish","type":"page","link":"https:\/\/www.egon.com\/hu\/vallalkozas","title":{"rendered":"Company"},"content":{"rendered":"[vc_row row_h_align=&#8221;grid&#8211;center&#8221; wrapper=&#8221;true&#8221; holder_class=&#8221;u-section-hero-applications u-overlapped-hero-padding&#8221; holder_set_margin=&#8221;true&#8221; holder_margin=&#8221;u-margin-bottom-large&#8221;][vc_column row_width=&#8221;_desktop-9&#8243;][vc_column_text]\n<h3 class=\"u-text-large\">EGON<\/h3>\n<p class=\"u-text-thinner u-h3\">Hiteles\u00edti, deduplik\u00e1lja \u00e9s fenntartja a pontos \u00e9s k\u00e9zbes\u00edthet\u0151 c\u00edmadatokat.<\/p>\n[\/vc_column_text][vc_column_text]Olyan szoftveralkalmaz\u00e1sokat tervez\u00fcnk, amelyek k\u00e9pesek a v\u00e1llalati adatb\u00e1zisokban megtal\u00e1lhat\u00f3 postai c\u00edmek \u00e9s a szem\u00e9lyes adatok verifik\u00e1l\u00e1s\u00e1nak \u00e9s hiteles\u00edt\u00e9s\u00e9nek automatiz\u00e1l\u00e1s\u00e1ra.[\/vc_column_text][\/vc_column][\/vc_row][vc_row wrapper=&#8221;true&#8221;][vc_column][vc_column_text]A EGON DATA QUALITY S.L. egy olyan szolg\u00e1ltat\u00f3 t\u00e1rsas\u00e1g, mely harmadik szem\u00e9lyek \u00e1ltal szolg\u00e1ltatott szoftvereket haszn\u00e1l annak \u00e9rdek\u00e9ben, hogy min\u00e9l jobban kiel\u00e9g\u00edtse a sokr\u00e9t\u0171 \u00fczleti ig\u00e9nyeket, az id\u0151 sor\u00e1n k\u00f6vetve az \u00fcgyfeleket \u00e9s t\u00e1mogatva \u0151ket a k\u00fcl\u00f6nb\u00f6z\u0151 probl\u00e9m\u00e1k kezel\u00e9s\u00e9ben \u00e9s megold\u00e1s\u00e1ban.[\/vc_column_text]<div class=\"c-heading\"><h3 class=\" u-h2 u-text-bold\">EGON: ADATMIN\u0150S\u00c9GI SZOLG\u00c1LTAT\u00c1SOK TERJESZT\u00c9SE<\/h3><\/div>[vc_column_text]A EGON DATA QUALITY S.L. t\u00e1rsas\u00e1got \u00e9letre h\u00edv\u00f3 munkat\u00e1rsak h\u00fasz\u00e9ves tapasztalat\u00e1nak birtok\u00e1ban EGON DATA QUALITY S.L. azzal a c\u00e9llal j\u00f6tt l\u00e9tre, hogy folyamatosan n\u00f6velje \u00e9s sz\u00e9les k\u00f6rben terjessze hivatkoz\u00e1si port\u00e1lunkhoz, az Egon.com port\u00e1lhoz kapcsol\u00f3d\u00f3 adatmin\u0151s\u00e9gi szolg\u00e1ltat\u00e1sokat.<\/p>\n<p>M\u00e1ra EGON DATA QUALITY S.L. t\u00f6k\u00e9letes m\u00e9rt\u00e9kben k\u00e9pes a c\u00edmek \u00e9s szem\u00e9lyes adatok, a geok\u00f3dol\u00e1s, az ism\u00e9tl\u0151d\u0151 adatok t\u00f6rl\u00e9se \u00e9s hasonl\u00f3 t\u00e9m\u00e1k ter\u00fclet\u00e9n kifinomult \u00e9s versenyk\u00e9pes megold\u00e1sokat biztos\u00edtani.[\/vc_column_text]<div class=\"c-heading\"><h3 class=\" u-h3 u-text-bold\">SZAKTER\u00dcLET \u00c9S C\u00c9LOK<\/h3><\/div><div class=\"c-mediabox u-margin-bottom\">\n<div class=\" o-media o-media--responsive\">\n<div class=\"o-media__img\"><img loading=\"lazy\" decoding=\"async\" width=\"400\" height=\"267\" src=\"https:\/\/www.egon.com\/wp-content\/uploads\/2017\/07\/staff-egon-400x267.jpg\" class=\"attachment-medium size-medium\" alt=\"\" srcset=\"https:\/\/www.egon.com\/wp-content\/uploads\/2017\/07\/staff-egon-400x267.jpg 400w, https:\/\/www.egon.com\/wp-content\/uploads\/2017\/07\/staff-egon-768x512.jpg 768w, https:\/\/www.egon.com\/wp-content\/uploads\/2017\/07\/staff-egon-1024x683.jpg 1024w, https:\/\/www.egon.com\/wp-content\/uploads\/2017\/07\/staff-egon.jpg 1920w\" sizes=\"auto, (max-width: 400px) 100vw, 400px\" \/><\/div>\n<div class=\"o-media__body\">EGON DATA QUALITY S.L. pontos szakter\u00fcletet v\u00e1lasztott mag\u00e1nak, hogy hat\u00e9konyan \u00e9s \u00fajszer\u0171en tudjon megfelelni piaci partnerei \u00e9s az \u00faj technol\u00f3gi\u00e1kra \u00e9s a szolg\u00e1ltat\u00e1sok megjelen\u0151 felhaszn\u00e1l\u00e1si m\u00f3djaira egyre jobban odafigyel\u0151 \u00fcgyfelek elv\u00e1r\u00e1sainak. Az \u00e1gazat fontos t\u00e1rsas\u00e1gaival k\u00f6t\u00f6tt sz\u00e1mos meg\u00e1llapod\u00e1snak k\u00f6sz\u00f6nhet\u0151en, EGON DATA QUALITY S.L. m\u00e1ra a szabv\u00e1nyos\u00edt\u00e1si, hiteles\u00edt\u00e9si \u00e9s az \u00fczleti inform\u00e1ci\u00f3k egy\u00e9ni azonos\u00edt\u00e1s\u00e1nak t\u00e9mak\u00f6reire vonatkoz\u00f3 tervek \u00e9s web megold\u00e1sok hivatkoz\u00e1si pontj\u00e1v\u00e1 v\u00e1lt.<\/p>\n<p>A v\u00e1llalati hivatkoz\u00e1si term\u00e9k, Egon, egy olyan, rendk\u00edv\u00fcl kifinomult algoritmuson alapul\u00f3 szoftver megold\u00e1s, mely k\u00e9pes a szabv\u00e1nyos\u00edt\u00e1st k\u00fcl\u00f6nb\u00f6z\u0151 megold\u00e1sokkal elv\u00e9gezn, helyben az \u00fcgyf\u00e9l adatk\u00f6zpontj\u00e1ba t\u00f6rt\u00e9n\u0151 telep\u00edt\u00e9ssel, vagy weben kereszt\u00fcl is, in clouding.<\/p>\n<p>Jelenlegi \u00e1llom\u00e1nyunk kb. 30 szem\u00e9lyb\u0151l \u00e1ll, alkalmazottak \u00e9s szorosan vel\u00fcnk egy\u00fcttm\u0171k\u00f6d\u0151k, akik felk\u00e9sz\u00fclt \u00e9s hat\u00e9kony szakember g\u00e1rd\u00e1t alkotnak. A tervek megval\u00f3s\u00edt\u00e1sa sor\u00e1n n\u00e9h\u00e1ny k\u00fcls\u0151 t\u00e1rsas\u00e1ggal is egy\u00fcttm\u0171k\u00f6dik. EGON \u00fcgyfeleivel hosszantart\u00f3 egy\u00fcttm\u0171k\u00f6d\u00e9st alak\u00edt ki, mind a c\u00e9lok k\u00f6z\u00f6s el\u00e9r\u00e9se, mind az informatikai kincst\u00e1r \u00e1ltal megk\u00f6vetelt, folyamatos friss\u00edt\u00e9s \u00e9rdek\u00e9ben.<\/p><\/div>\n<\/div>\n<\/div>\n<div class=\" c-divider c-divider--dashed\"\/><\/div>[\/vc_column][\/vc_row][vc_row wrapper=&#8221;true&#8221;][vc_column]<div class=\"c-heading\"><h3 class=\" u-h2 u-text-bold\">K\u00dcLDET\u00c9S\u00dcNK A MIN\u0150S\u00c9G<\/h3><\/div>[vc_column_text]Hivatkoz\u00e1si cosportunk (EGON DATA QUALITY S.L.) termel\u00e9si tapasztalat\u00e1b\u00f3l \u00e9s know howj\u00e1b\u00f3l kiindulva pontos elk\u00e9pzel\u00e9ssel hoztuk l\u00e9tre a EGON-t: c\u00e9lunk az, hogy fokozatosan nemzetk\u00f6zi szinten hivatkoz\u00e1si pontt\u00e1 v\u00e1ljunk a szabv\u00e1nyos\u00edt\u00e1si, hiteles\u00edt\u00e9si \u00e9s az inform\u00e1ci\u00f3k egy\u00e9ni azonos\u00edt\u00e1s\u00e1t szolg\u00e1l\u00f3 szolg\u00e1ltat\u00e1sok ny\u00fajt\u00e1s\u00e1ban, olyan innovat\u00edv megold\u00e1sok r\u00e9v\u00e9n, melyeket egy\u00e9rtelm\u0171 \u00e9s szem\u00e9lyre szabott munka m\u00f3dszer t\u00e1mogat az egyes tervek f\u00fcggv\u00e9ny\u00e9ben.[\/vc_column_text]<div class=\"c-heading\"><h3 class=\" u-h4 u-text-bold\">EGON: SZENVED\u00c9LY \u00c9S SZAK\u00c9RTELEM\u2026<\/h3><\/div>[vc_column_text]K\u00e9ts\u00e9g k\u00edv\u00fcl olyan ambici\u00f3zus c\u00e9lkit\u0171z\u00e9sr\u0151l van sz\u00f3, mely a c\u00edmek \u00e9s t\u00e9rk\u00e9pek ir\u00e1nti szenved\u00e9ly\u00fcnkkel p\u00e1rosulva lehet\u0151v\u00e9 tette sz\u00e1munkra, hogy a geok\u00f3dol\u00e1s ter\u00fclet\u00e9n is egyre tekint\u00e9lyesebb eredm\u00e9nyeket \u00e9rj\u00fcnk el.<\/p>\n<p>Mindennapos er\u0151fesz\u00edt\u00e9seink \u00e1lland\u00f3an arra ir\u00e1nyulnak, hogy optimiz\u00e1ljuk az adatmin\u0151s\u00e9ggel kapcsolatos m\u0171veleteket \u00e9s azokat a felhaszn\u00e1l\u00f3k ig\u00e9nyeihez igaz\u00edtsuk, fejlett, integr\u00e1lhat\u00f3 \u00e9s t\u00e1volr\u00f3l is haszn\u00e1lhat\u00f3 szolg\u00e1ltat\u00e1sok ny\u00fajt\u00e1sa r\u00e9v\u00e9n, k\u00f6zvetlen\u00fcl weben kereszt\u00fcl. EGON DATA QUALITY S.L. egy olyan szakember g\u00e1rd\u00e1ra t\u00e1maszkodhat, akik jelent\u0151s tapasztalatot szereztek ebben az \u00e1gazatban, nemzetk\u00f6zi horderej\u0171 terveken dolgozva.[\/vc_column_text]<div class=\" c-divider c-divider--dashed\"\/><\/div><div class=\"c-heading\"><h3 class=\" u-h4 u-text-bold\">EGON: EGYSZER\u0170, MEGB\u00cdZHAT\u00d3, EGY KATTINT\u00c1SNYIRA<\/h3><\/div>[vc_column_text]Az \u00e9vek sor\u00e1n olyan megold\u00e1sok alapos \u00e9s \u00e1lland\u00f3 kutat\u00e1s\u00e1nak szentelt\u00fck munk\u00e1nkat, melyek k\u00e9pesek megb\u00edzhat\u00f3s\u00e1got \u00e9s biztons\u00e1got ny\u00fajtani, ugyanakkor k\u00e9pesek a legk\u00fcl\u00f6nlegesebb \u00e9s leg\u00f6sszetettebb ig\u00e9nyeket is kiel\u00e9g\u00edteni. Ma, az Egon csomagnak k\u00f6sz\u00f6nhet\u0151en, teljes \u00e9s konszolid\u00e1lt szolg\u00e1ltat\u00e1si k\u00f6rt tudunk ny\u00fajtani, melyre egyre nyitottabb a web \u00e9s a clouding vil\u00e1ga fel\u00e9.<\/p>\n<p>Ez\u00e9rt \u00fagy v\u00e9lj\u00fck, hogy folytathatjuk utunkat az eur\u00f3pai \u00e9s nemzetk\u00f6zi piacon bet\u00f6lt\u00f6tt vezet\u0151 szerep megszerz\u00e9se \u00e9rdek\u00e9ben. Az \u00fczleti inform\u00e1ci\u00f3k hiteles\u00edt\u00e9s\u00e9t szolg\u00e1l\u00f3 nemzetk\u00f6zi k\u00f6zpont l\u00e9trehoz\u00e1sa l\u00e9nyeges m\u00e9rf\u00f6ldk\u00f6vet \u00e9s lehet\u0151s\u00e9get jelent sz\u00e1munkra a tov\u00e1bbi nemzetk\u00f6zi szint\u0171 sikerhez.[\/vc_column_text][\/vc_column][\/vc_row][vc_row][vc_column]<div class=\"templatera_shortcode\"><div class=\"o-holder u-background-color-one\"><div class=\" o-wrapper\"><div class=\"grid-1 u-deco-globe grid--equalHeight\"><div class=\"col _lap-and-up-8\" ><div class=\"o-holder u-padding-vertical-large\"><div class=\"grid-1\"><div class=\"col _lap-and-up-4\" ><div class=\"c-heading\"><h3 class=\" u-text-color-invert u-text-right\">Fontos az adatmin\u0151s\u00e9g a v\u00e1llalata sz\u00e1m\u00e1ra? <\/h3><\/div><\/div><div class=\"col _lap-and-up-8\" ><div class=\"c-text-block u-text-color-invert\"><p>A sz\u00e1ll\u00edt\u00e1sok, p\u00e9ld\u00e1ul a haj\u00f3val t\u00f6rt\u00e9n\u0151 sz\u00e1ll\u00edt\u00e1s sor\u00e1n az adatbevitelben, \u00fagymint a geomarketingben, \u00e9s a statisztik\u00e1ban, \u00fagymint a lek\u00e9pez\u00e9sben sz\u00e1mos olyan szektor \u00e9s m\u0171velet van, ami a postai c\u00edmek haszn\u00e1lat\u00e1n alapul. A min\u0151s\u00e9gi arch\u00edvumok \u00e9s adatb\u00e1zisok jelent\u0151s gazdas\u00e1gi \u00e9s logisztikai megtakar\u00edt\u00e1st biztos\u00edtanak a v\u00e1llalatoknak, melyek sikere a m\u0171velet hangol\u00e1s\u00e1n m\u00falik. Nem szabad alulbecs\u00fclni ezt a hozz\u00e1adott \u00e9rt\u00e9ket, amely k\u00f6nnyebb\u00e9 \u00e9s hat\u00e9konyabb\u00e1 teszi a munk\u00e1t.<\/p>\n <\/div><\/div>\n<\/div><\/div><\/div><div class=\"col _lap-and-up-4\" ><div class=\"col_inner u-padding-vertical col_inner--middle\"><div class=\"c-button-holder c-button-holder--center\"><a class=\"c-button u-text-bold c-button--center c-button--white\" href=\"https:\/\/www.egon.com\/egon-demo\">Pr\u00f3b\u00e1lja ki az INGYENES WEB DEM\u00d3T!<\/a><\/div><\/div><\/div>\n<\/div><\/div><\/div><\/div>[\/vc_column][\/vc_row]\n","protected":false},"excerpt":{"rendered":"Fontos az adatmin\u0151s\u00e9g a v\u00e1llalata sz\u00e1m\u00e1ra? A sz\u00e1ll\u00edt\u00e1sok, p\u00e9ld\u00e1ul a haj\u00f3val t\u00f6rt\u00e9n\u0151 sz\u00e1ll\u00edt\u00e1s sor\u00e1n az adatbevitelben, \u00fagymint a geomarketingben, \u00e9s a statisztik\u00e1ban, [...]","protected":false},"author":1,"featured_media":0,"parent":0,"menu_order":0,"comment_status":"closed","ping_status":"closed","template":"templates\/template-fullwidth.php","meta":{"footnotes":""},"class_list":["post-8269","page","type-page","status-publish","hentry"],"yoast_head":"<!-- This site is optimized with the Yoast SEO plugin v26.8 - https:\/\/yoast.com\/product\/yoast-seo-wordpress\/ -->\n<title>Egon R\u00f3lunk<\/title>\n<meta name=\"robots\" content=\"index, follow, max-snippet:-1, max-image-preview:large, max-video-preview:-1\" \/>\n<link rel=\"canonical\" href=\"https:\/\/www.egon.com\/hu\/vallalkozas\" \/>\n<meta property=\"og:locale\" content=\"hu_HU\" \/>\n<meta property=\"og:type\" content=\"article\" \/>\n<meta property=\"og:title\" content=\"Egon R\u00f3lunk\" \/>\n<meta property=\"og:url\" content=\"https:\/\/www.egon.com\/hu\/vallalkozas\" \/>\n<meta property=\"og:site_name\" content=\"Egon\" \/>\n<meta property=\"article:modified_time\" content=\"2022-09-09T07:59:10+00:00\" \/>\n<meta name=\"twitter:card\" content=\"summary_large_image\" \/>\n<meta name=\"twitter:label1\" content=\"Becs\u00fclt olvas\u00e1si id\u0151\" \/>\n\t<meta name=\"twitter:data1\" content=\"5 perc\" \/>\n<script type=\"application\/ld+json\" class=\"yoast-schema-graph\">{\"@context\":\"https:\/\/schema.org\",\"@graph\":[{\"@type\":\"WebPage\",\"@id\":\"https:\/\/www.egon.com\/hu\/vallalkozas\",\"url\":\"https:\/\/www.egon.com\/hu\/vallalkozas\",\"name\":\"Egon R\u00f3lunk\",\"isPartOf\":{\"@id\":\"https:\/\/www.egon.com\/zh\/#website\"},\"datePublished\":\"2017-09-19T14:20:43+00:00\",\"dateModified\":\"2022-09-09T07:59:10+00:00\",\"breadcrumb\":{\"@id\":\"https:\/\/www.egon.com\/hu\/vallalkozas#breadcrumb\"},\"inLanguage\":\"hu\",\"potentialAction\":[{\"@type\":\"ReadAction\",\"target\":[\"https:\/\/www.egon.com\/hu\/vallalkozas\"]}]},{\"@type\":\"BreadcrumbList\",\"@id\":\"https:\/\/www.egon.com\/hu\/vallalkozas#breadcrumb\",\"itemListElement\":[{\"@type\":\"ListItem\",\"position\":1,\"name\":\"Home\",\"item\":\"https:\/\/www.egon.com\/hu\"},{\"@type\":\"ListItem\",\"position\":2,\"name\":\"Company\"}]},{\"@type\":\"WebSite\",\"@id\":\"https:\/\/www.egon.com\/zh\/#website\",\"url\":\"https:\/\/www.egon.com\/zh\/\",\"name\":\"Egon\",\"description\":\"Normalizzazione indirizzi - Address validation - Egon.com\",\"potentialAction\":[{\"@type\":\"SearchAction\",\"target\":{\"@type\":\"EntryPoint\",\"urlTemplate\":\"https:\/\/www.egon.com\/zh\/?s={search_term_string}\"},\"query-input\":{\"@type\":\"PropertyValueSpecification\",\"valueRequired\":true,\"valueName\":\"search_term_string\"}}],\"inLanguage\":\"hu\"}]}<\/script>\n<!-- \/ Yoast SEO plugin. -->","yoast_head_json":{"title":"Egon R\u00f3lunk","robots":{"index":"index","follow":"follow","max-snippet":"max-snippet:-1","max-image-preview":"max-image-preview:large","max-video-preview":"max-video-preview:-1"},"canonical":"https:\/\/www.egon.com\/hu\/vallalkozas","og_locale":"hu_HU","og_type":"article","og_title":"Egon R\u00f3lunk","og_url":"https:\/\/www.egon.com\/hu\/vallalkozas","og_site_name":"Egon","article_modified_time":"2022-09-09T07:59:10+00:00","twitter_card":"summary_large_image","twitter_misc":{"Becs\u00fclt olvas\u00e1si id\u0151":"5 perc"},"schema":{"@context":"https:\/\/schema.org","@graph":[{"@type":"WebPage","@id":"https:\/\/www.egon.com\/hu\/vallalkozas","url":"https:\/\/www.egon.com\/hu\/vallalkozas","name":"Egon R\u00f3lunk","isPartOf":{"@id":"https:\/\/www.egon.com\/zh\/#website"},"datePublished":"2017-09-19T14:20:43+00:00","dateModified":"2022-09-09T07:59:10+00:00","breadcrumb":{"@id":"https:\/\/www.egon.com\/hu\/vallalkozas#breadcrumb"},"inLanguage":"hu","potentialAction":[{"@type":"ReadAction","target":["https:\/\/www.egon.com\/hu\/vallalkozas"]}]},{"@type":"BreadcrumbList","@id":"https:\/\/www.egon.com\/hu\/vallalkozas#breadcrumb","itemListElement":[{"@type":"ListItem","position":1,"name":"Home","item":"https:\/\/www.egon.com\/hu"},{"@type":"ListItem","position":2,"name":"Company"}]},{"@type":"WebSite","@id":"https:\/\/www.egon.com\/zh\/#website","url":"https:\/\/www.egon.com\/zh\/","name":"Egon","description":"Normalizzazione indirizzi - Address validation - Egon.com","potentialAction":[{"@type":"SearchAction","target":{"@type":"EntryPoint","urlTemplate":"https:\/\/www.egon.com\/zh\/?s={search_term_string}"},"query-input":{"@type":"PropertyValueSpecification","valueRequired":true,"valueName":"search_term_string"}}],"inLanguage":"hu"}]}},"_links":{"self":[{"href":"https:\/\/www.egon.com\/hu\/wp-json\/wp\/v2\/pages\/8269","targetHints":{"allow":["GET"]}}],"collection":[{"href":"https:\/\/www.egon.com\/hu\/wp-json\/wp\/v2\/pages"}],"about":[{"href":"https:\/\/www.egon.com\/hu\/wp-json\/wp\/v2\/types\/page"}],"author":[{"embeddable":true,"href":"https:\/\/www.egon.com\/hu\/wp-json\/wp\/v2\/users\/1"}],"replies":[{"embeddable":true,"href":"https:\/\/www.egon.com\/hu\/wp-json\/wp\/v2\/comments?post=8269"}],"version-history":[{"count":1,"href":"https:\/\/www.egon.com\/hu\/wp-json\/wp\/v2\/pages\/8269\/revisions"}],"predecessor-version":[{"id":19322,"href":"https:\/\/www.egon.com\/hu\/wp-json\/wp\/v2\/pages\/8269\/revisions\/19322"}],"wp:attachment":[{"href":"https:\/\/www.egon.com\/hu\/wp-json\/wp\/v2\/media?parent=8269"}],"curies":[{"name":"wp","href":"https:\/\/api.w.org\/{rel}","templated":true}]}}