{"id":8236,"date":"2017-09-19T14:08:52","date_gmt":"2017-09-19T14:08:52","guid":{"rendered":"https:\/\/egon.com\/?page_id=8236"},"modified":"2021-02-18T15:43:51","modified_gmt":"2021-02-18T15:43:51","slug":"on-line","status":"publish","type":"page","link":"https:\/\/www.egon.com\/hu\/hasznalati-mod\/on-line","title":{"rendered":"On line, most elv\u00e9gzi c\u00edmed szabv\u00e1nyos\u00edt\u00e1s\u00e1t"},"content":{"rendered":"[vc_row row_h_align=&#8221;grid&#8211;center&#8221; wrapper=&#8221;true&#8221; holder_class=&#8221;u-section-hero-methodology u-overlapped-hero-padding&#8221; holder_set_margin=&#8221;true&#8221; holder_margin=&#8221;u-margin-bottom-large&#8221;][vc_column row_width=&#8221;_desktop-9&#8243;]<div class=\"c-heading\"><h1 class=\" u-h1 u-text-bolder u-margin-bottom u-text-center\">On line, most elv\u00e9gzi c\u00edmed szabv\u00e1nyos\u00edt\u00e1s\u00e1t<\/h1><\/div>[vc_column_text txt_align=&#8221;u-text-center&#8221; set_margin=&#8221;true&#8221; margin=&#8221;u-margin-bottom-large&#8221;]Az Egon on line haszn\u00e1lata azt jelenti, hogy k\u00f6zvetlen\u00fcl interneten kereszt\u00fcli hozz\u00e1f\u00e9r\u00e9sed van egy egyszer\u0171 adatbeviteli maszkhoz, melyen kereszt\u00fcl k\u00e9rheted egy c\u00edm szabv\u00e1nyos\u00edt\u00e1s\u00e1t, apr\u00e1nk\u00e9nt, amint erre sz\u00fcks\u00e9ged lesz.[\/vc_column_text][\/vc_column][\/vc_row][vc_row wrapper=&#8221;true&#8221;][vc_column width=&#8221;1\/3&#8243;]<div class=\"c-image\"><a href=\"https:\/\/www.egon.com\/wp-content\/uploads\/2017\/07\/address-validation-online.jpg\"><\/a><\/div>[\/vc_column][vc_column width=&#8221;2\/3&#8243;][vc_column_text]Az Egon On Line lehet\u0151v\u00e9 teszi sz\u00e1modra a nemzetk\u00f6zi c\u00edmekre vonatkoz\u00f3 adatok jav\u00edt\u00e1s\u00e1t, b\u00e1rmikor \u00e9s b\u00e1rhonnan.<\/p>\n<p>Elegend\u0151 internet hozz\u00e1f\u00e9r\u00e9ssel rendelkezni.<\/p>\n<p>K\u00fcl\u00f6nb\u00f6z\u0151 funkci\u00f3k \u00e1llnak rendelkez\u00e9sre:[\/vc_column_text]<div class=\" c-list c-list--color-one\"><ul>\n<li><i class=\"c-list__icon fal fa-check-circle\"><\/i>a c\u00edm ellen\u0151rz\u00e9se \u00e9s szabv\u00e1nyos\u00edt\u00e1sa<\/li>\n<li><i class=\"c-list__icon fal fa-check-circle\"><\/i>esetleges jelentkez\u0151k k\u00f6z\u00fcli v\u00e1laszt\u00e1s<\/li>\n<li><i class=\"c-list__icon fal fa-check-circle\"><\/i>ter\u00fcleti k\u00f3dok bevitele<\/li>\n<li><i class=\"c-list__icon fal fa-check-circle\"><\/i>\u00fcres mez\u0151k automata kieg\u00e9sz\u00edt\u00e9se (<a href=\"https:\/\/www.egon.com\/hu\/hasznalati-mod\/autocomplete.html\">autocomplete<\/a>)<\/li>\n<li><i class=\"c-list__icon fal fa-check-circle\"><\/i>koordin\u00e1t\u00e1k hozz\u00e1ad\u00e1sa<\/li>\n<li><i class=\"c-list__icon fal fa-check-circle\"><\/i>t\u00e9rk\u00e9pen t\u00f6rt\u00e9n\u0151 megjelen\u00edt\u00e9s<\/li>\n<\/ul>\n<\/div>[vc_column_text]Az on line szolg\u00e1ltat\u00e1sok olyan automatikus, interakt\u00edv vez\u00e9rl\u00e9seken kereszt\u00fcl hatnak, melyek alapj\u00e1n a rendszer k\u00e9pes val\u00f3s id\u0151ben, a felhaszn\u00e1l\u00f3 ig\u00e9nyeit t\u00e1mogatva m\u0171k\u00f6dni.<\/p>\n<p>Egy adott c\u00edmre vonatkoz\u00f3 teljes adat bevitele eset\u00e9n kimenetkor, a helyes \u00e9s georefer\u00e1lt, az \u00f6sszes ter\u00fcleti k\u00f3ddal ell\u00e1tott c\u00edmen k\u00edv\u00fcl megkaphatod a pontos f\u00f6ldrajzi koordin\u00e1t\u00e1kat is, bele\u00e9rtve a h\u00e1zsz\u00e1mot (<a title=\"Geok\u00f3dol\u00e1s\" href=\"https:\/\/www.egon.com\/hu\/megoldasok\/geokodolas.html\">geok\u00f3dol\u00e1s<\/a>) \u00e9s lehet\u0151s\u00e9ged lesz a kapott eredm\u00e9ny t\u00e9rk\u00e9pen t\u00f6rt\u00e9n\u0151 megjelen\u00edt\u00e9s\u00e9re is.[\/vc_column_text][\/vc_column][\/vc_row][vc_row][vc_column]<div class=\"templatera_shortcode\"><div class=\"o-holder u-background-ca-one u-padding-vertical-large\"><div class=\" o-wrapper\"><div class=\"grid-1\"><div class=\"col _lap-and-up-12\" ><div class=\"c-heading\"><h3 class=\" u-text-color-invert u-text-center\">FEDEZZE FEL HOGY TUD HOZZ\u00c1J\u00c1RULNI MIN\u0150S\u00c9GI ADATKEZEL\u0150 SZOFTVER\u00dcNK T\u00c1RSAS\u00c1GA FEJLESZT\u00c9S\u00c9HEZ<\/h3><\/div><div class=\"c-button-holder c-button-holder--center\"><a class=\"c-button u-text-bold c-button--center c-button--white  c-button--ghost\" href=\"https:\/\/www.egon.com\/company\/contact-us\">VEGYE FEL VEL\u00dcNK A KAPCSOLATOT!<\/a><\/div><\/div>\n<\/div><\/div><\/div>\r\n<\/div>[\/vc_column][\/vc_row]\n","protected":false},"excerpt":{"rendered":"FEDEZZE FEL HOGY TUD HOZZ\u00c1J\u00c1RULNI MIN\u0150S\u00c9GI ADATKEZEL\u0150 SZOFTVER\u00dcNK T\u00c1RSAS\u00c1GA FEJLESZT\u00c9S\u00c9HEZVEGYE FEL VEL\u00dcNK A KAPCSOLATOT!","protected":false},"author":1,"featured_media":0,"parent":8191,"menu_order":0,"comment_status":"closed","ping_status":"closed","template":"templates\/template-fullwidth.php","meta":{"footnotes":""},"class_list":["post-8236","page","type-page","status-publish","hentry"],"yoast_head":"<!-- This site is optimized with the Yoast SEO plugin v26.8 - https:\/\/yoast.com\/product\/yoast-seo-wordpress\/ -->\n<title>On line, most elv\u00e9gzi c\u00edmed szabv\u00e1nyos\u00edt\u00e1s\u00e1t - EGON.COM<\/title>\n<meta name=\"description\" content=\"Egon On Line: \u00edrd be \u00e9s szabv\u00e1nyos\u00edtsd c\u00edmedet a web oldalon tal\u00e1lhat\u00f3 egyszer\u0171 maszkon kereszt\u00fcl\" \/>\n<meta name=\"robots\" content=\"index, follow, max-snippet:-1, max-image-preview:large, max-video-preview:-1\" \/>\n<link rel=\"canonical\" href=\"https:\/\/www.egon.com\/hu\/hasznalati-mod\/on-line\" \/>\n<meta property=\"og:locale\" content=\"hu_HU\" \/>\n<meta property=\"og:type\" content=\"article\" \/>\n<meta property=\"og:title\" content=\"On line, most elv\u00e9gzi c\u00edmed szabv\u00e1nyos\u00edt\u00e1s\u00e1t - EGON.COM\" \/>\n<meta property=\"og:description\" content=\"Egon On Line: \u00edrd be \u00e9s szabv\u00e1nyos\u00edtsd c\u00edmedet a web oldalon tal\u00e1lhat\u00f3 egyszer\u0171 maszkon kereszt\u00fcl\" \/>\n<meta property=\"og:url\" content=\"https:\/\/www.egon.com\/hu\/hasznalati-mod\/on-line\" \/>\n<meta property=\"og:site_name\" content=\"Egon\" \/>\n<meta property=\"article:modified_time\" content=\"2021-02-18T15:43:51+00:00\" \/>\n<meta name=\"twitter:card\" content=\"summary_large_image\" \/>\n<meta name=\"twitter:label1\" content=\"Becs\u00fclt olvas\u00e1si id\u0151\" \/>\n\t<meta name=\"twitter:data1\" content=\"1 perc\" \/>\n<script type=\"application\/ld+json\" class=\"yoast-schema-graph\">{\"@context\":\"https:\/\/schema.org\",\"@graph\":[{\"@type\":\"WebPage\",\"@id\":\"https:\/\/www.egon.com\/hu\/hasznalati-mod\/on-line\",\"url\":\"https:\/\/www.egon.com\/hu\/hasznalati-mod\/on-line\",\"name\":\"On line, most elv\u00e9gzi c\u00edmed szabv\u00e1nyos\u00edt\u00e1s\u00e1t - EGON.COM\",\"isPartOf\":{\"@id\":\"https:\/\/www.egon.com\/zh\/#website\"},\"datePublished\":\"2017-09-19T14:08:52+00:00\",\"dateModified\":\"2021-02-18T15:43:51+00:00\",\"description\":\"Egon On Line: \u00edrd be \u00e9s szabv\u00e1nyos\u00edtsd c\u00edmedet a web oldalon tal\u00e1lhat\u00f3 egyszer\u0171 maszkon kereszt\u00fcl\",\"breadcrumb\":{\"@id\":\"https:\/\/www.egon.com\/hu\/hasznalati-mod\/on-line#breadcrumb\"},\"inLanguage\":\"hu\",\"potentialAction\":[{\"@type\":\"ReadAction\",\"target\":[\"https:\/\/www.egon.com\/hu\/hasznalati-mod\/on-line\"]}]},{\"@type\":\"BreadcrumbList\",\"@id\":\"https:\/\/www.egon.com\/hu\/hasznalati-mod\/on-line#breadcrumb\",\"itemListElement\":[{\"@type\":\"ListItem\",\"position\":1,\"name\":\"Home\",\"item\":\"https:\/\/www.egon.com\/hu\"},{\"@type\":\"ListItem\",\"position\":2,\"name\":\"HASZN\u00c1LATI M\u00d3D\",\"item\":\"https:\/\/www.egon.com\/hu\/hasznalati-mod\"},{\"@type\":\"ListItem\",\"position\":3,\"name\":\"On line, most elv\u00e9gzi c\u00edmed szabv\u00e1nyos\u00edt\u00e1s\u00e1t\"}]},{\"@type\":\"WebSite\",\"@id\":\"https:\/\/www.egon.com\/zh\/#website\",\"url\":\"https:\/\/www.egon.com\/zh\/\",\"name\":\"Egon\",\"description\":\"Normalizzazione indirizzi - Address validation - Egon.com\",\"potentialAction\":[{\"@type\":\"SearchAction\",\"target\":{\"@type\":\"EntryPoint\",\"urlTemplate\":\"https:\/\/www.egon.com\/zh\/?s={search_term_string}\"},\"query-input\":{\"@type\":\"PropertyValueSpecification\",\"valueRequired\":true,\"valueName\":\"search_term_string\"}}],\"inLanguage\":\"hu\"}]}<\/script>\n<!-- \/ Yoast SEO plugin. -->","yoast_head_json":{"title":"On line, most elv\u00e9gzi c\u00edmed szabv\u00e1nyos\u00edt\u00e1s\u00e1t - EGON.COM","description":"Egon On Line: \u00edrd be \u00e9s szabv\u00e1nyos\u00edtsd c\u00edmedet a web oldalon tal\u00e1lhat\u00f3 egyszer\u0171 maszkon kereszt\u00fcl","robots":{"index":"index","follow":"follow","max-snippet":"max-snippet:-1","max-image-preview":"max-image-preview:large","max-video-preview":"max-video-preview:-1"},"canonical":"https:\/\/www.egon.com\/hu\/hasznalati-mod\/on-line","og_locale":"hu_HU","og_type":"article","og_title":"On line, most elv\u00e9gzi c\u00edmed szabv\u00e1nyos\u00edt\u00e1s\u00e1t - EGON.COM","og_description":"Egon On Line: \u00edrd be \u00e9s szabv\u00e1nyos\u00edtsd c\u00edmedet a web oldalon tal\u00e1lhat\u00f3 egyszer\u0171 maszkon kereszt\u00fcl","og_url":"https:\/\/www.egon.com\/hu\/hasznalati-mod\/on-line","og_site_name":"Egon","article_modified_time":"2021-02-18T15:43:51+00:00","twitter_card":"summary_large_image","twitter_misc":{"Becs\u00fclt olvas\u00e1si id\u0151":"1 perc"},"schema":{"@context":"https:\/\/schema.org","@graph":[{"@type":"WebPage","@id":"https:\/\/www.egon.com\/hu\/hasznalati-mod\/on-line","url":"https:\/\/www.egon.com\/hu\/hasznalati-mod\/on-line","name":"On line, most elv\u00e9gzi c\u00edmed szabv\u00e1nyos\u00edt\u00e1s\u00e1t - EGON.COM","isPartOf":{"@id":"https:\/\/www.egon.com\/zh\/#website"},"datePublished":"2017-09-19T14:08:52+00:00","dateModified":"2021-02-18T15:43:51+00:00","description":"Egon On Line: \u00edrd be \u00e9s szabv\u00e1nyos\u00edtsd c\u00edmedet a web oldalon tal\u00e1lhat\u00f3 egyszer\u0171 maszkon kereszt\u00fcl","breadcrumb":{"@id":"https:\/\/www.egon.com\/hu\/hasznalati-mod\/on-line#breadcrumb"},"inLanguage":"hu","potentialAction":[{"@type":"ReadAction","target":["https:\/\/www.egon.com\/hu\/hasznalati-mod\/on-line"]}]},{"@type":"BreadcrumbList","@id":"https:\/\/www.egon.com\/hu\/hasznalati-mod\/on-line#breadcrumb","itemListElement":[{"@type":"ListItem","position":1,"name":"Home","item":"https:\/\/www.egon.com\/hu"},{"@type":"ListItem","position":2,"name":"HASZN\u00c1LATI M\u00d3D","item":"https:\/\/www.egon.com\/hu\/hasznalati-mod"},{"@type":"ListItem","position":3,"name":"On line, most elv\u00e9gzi c\u00edmed szabv\u00e1nyos\u00edt\u00e1s\u00e1t"}]},{"@type":"WebSite","@id":"https:\/\/www.egon.com\/zh\/#website","url":"https:\/\/www.egon.com\/zh\/","name":"Egon","description":"Normalizzazione indirizzi - Address validation - Egon.com","potentialAction":[{"@type":"SearchAction","target":{"@type":"EntryPoint","urlTemplate":"https:\/\/www.egon.com\/zh\/?s={search_term_string}"},"query-input":{"@type":"PropertyValueSpecification","valueRequired":true,"valueName":"search_term_string"}}],"inLanguage":"hu"}]}},"_links":{"self":[{"href":"https:\/\/www.egon.com\/hu\/wp-json\/wp\/v2\/pages\/8236","targetHints":{"allow":["GET"]}}],"collection":[{"href":"https:\/\/www.egon.com\/hu\/wp-json\/wp\/v2\/pages"}],"about":[{"href":"https:\/\/www.egon.com\/hu\/wp-json\/wp\/v2\/types\/page"}],"author":[{"embeddable":true,"href":"https:\/\/www.egon.com\/hu\/wp-json\/wp\/v2\/users\/1"}],"replies":[{"embeddable":true,"href":"https:\/\/www.egon.com\/hu\/wp-json\/wp\/v2\/comments?post=8236"}],"version-history":[{"count":2,"href":"https:\/\/www.egon.com\/hu\/wp-json\/wp\/v2\/pages\/8236\/revisions"}],"predecessor-version":[{"id":18004,"href":"https:\/\/www.egon.com\/hu\/wp-json\/wp\/v2\/pages\/8236\/revisions\/18004"}],"up":[{"embeddable":true,"href":"https:\/\/www.egon.com\/hu\/wp-json\/wp\/v2\/pages\/8191"}],"wp:attachment":[{"href":"https:\/\/www.egon.com\/hu\/wp-json\/wp\/v2\/media?parent=8236"}],"curies":[{"name":"wp","href":"https:\/\/api.w.org\/{rel}","templated":true}]}}