{"id":8219,"date":"2017-09-19T13:59:21","date_gmt":"2017-09-19T13:59:21","guid":{"rendered":"https:\/\/egon.com\/?page_id=8219"},"modified":"2021-02-15T13:53:57","modified_gmt":"2021-02-15T13:53:57","slug":"integralt","status":"publish","type":"page","link":"https:\/\/www.egon.com\/hu\/hasznalati-mod\/integralt","title":{"rendered":"Egon: azonnal az alkalmaz\u00e1sodba integr\u00e1lt szabv\u00e1nyos\u00edt\u00e1s \u00e9s geok\u00f3dol\u00e1s"},"content":{"rendered":"[vc_row row_h_align=&#8221;grid&#8211;center&#8221; wrapper=&#8221;true&#8221; holder_class=&#8221;u-section-hero-methodology u-overlapped-hero-padding&#8221; holder_set_margin=&#8221;true&#8221; holder_margin=&#8221;u-margin-bottom-large&#8221;][vc_column row_width=&#8221;_desktop-9&#8243;]<div class=\"c-heading\"><h1 class=\" u-h1 u-text-bolder u-margin-bottom u-text-center\">Integr\u00e1lt<\/h1><\/div>[vc_column_text txt_align=&#8221;u-text-center&#8221; set_margin=&#8221;true&#8221; margin=&#8221;u-margin-bottom-large&#8221;]Egon egy olyan alkalmaz\u00e1s, mely nemcsak teljes adatt\u00e1rokon k\u00e9pes t\u00f6megesen m\u0171k\u00f6dni, de k\u00e9pes b\u00e1rmilyen t\u00edpus\u00fa \u00e9s standard k\u00f6rnyezetben l\u00e9v\u0151 m\u00e1s alkalmaz\u00e1sokba be\u00e9p\u00fclni \u00e9s azokkal egy\u00fcttm\u0171k\u00f6dni.[\/vc_column_text][\/vc_column][\/vc_row][vc_row wrapper=&#8221;true&#8221;][vc_column][vc_column_text]Kifejezetten arra gondolunk, hogy b\u00e1rmilyen v\u00e1llalati szoftvert haszn\u00e1lnak az adatok kezel\u00e9s\u00e9re, az integr\u00e1l\u00e1s lehet\u0151v\u00e9 fogja tenni szoftvered sz\u00e1m\u00e1ra, hogy sz\u00fcks\u00e9g eset\u00e9n seg\u00edts\u00e9get k\u00e9rjen az Egon motort\u00f3l a szabv\u00e1nyos\u00edt\u00e1shoz \u00e9s az \u00f6sszes, tervezett funkci\u00f3hoz <a href=\"https:\/\/www.egon.com\/hu\/on-site-on-premises.html\">a v\u00e1llalati intraneten kereszt\u00fcl<\/a>, vagy <a href=\"https:\/\/www.egon.com\/hu\/web-in-the-cloud.html\">weben kereszt\u00fcl<\/a>, az \u00e1ltalad v\u00e1lasztott telep\u00edt\u00e9s t\u00edpus\u00e1t\u00f3l f\u00fcgg\u0151en (On Premises \u2013 In the Cloud).<\/p>\n<p>Az Egon b\u00e1rmilyen informatikai megold\u00e1sba integr\u00e1lhat\u00f3, bele\u00e9rtve a legelterjedtebb standard szoftver infrastrukt\u00far\u00e1kat, melyekbe seg\u00e9d b\u0151v\u00edtm\u00e9ny form\u00e1j\u00e1ban lesz \u00e1t\u00fcltethet\u0151[\/vc_column_text]<div class=\" c-divider c-divider--dashed\"\/><\/div>[\/vc_column][\/vc_row][vc_row wrapper=&#8221;true&#8221;][vc_column width=&#8221;1\/2&#8243;]<div class=\"c-heading\"><h3 class=\" u-text-bolder u-padding-vertical-small\">\u00e1llalati alkalmaz\u00e1sokba t\u00f6rt\u00e9n\u0151 integr\u00e1l\u00e1s<\/h3><\/div>[vc_column_text]Egon on line m\u0171k\u00f6dik a v\u00e1llalati intraneten vagy a weben kereszt\u00fcl, k\u00f6zvetlen\u00fcl vagy az integr\u00e1l\u00e1sra automatiz\u00e1lt batch m\u00f3dban teljes m\u00e9rt\u00e9kben f\u00fcggetlen a hivatkoz\u00e1si rendszert\u0151l (Windows, Linux, Unix, IBMi, Mainframe ecc.) \u00e9s b\u00e1rmilyen t\u00edpus\u00fa alkalmaz\u00e1son elv\u00e9gezhet\u0151:[\/vc_column_text]<div class=\" c-list c-list--color-one\"><ul>\n<li><i class=\"c-list__icon fal fa-check-circle\"><\/i>CRM<\/li>\n<li><i class=\"c-list__icon fal fa-check-circle\"><\/i>ERP<\/li>\n<li><i class=\"c-list__icon fal fa-check-circle\"><\/i>adatbeviteli szoftver<\/li>\n<li><i class=\"c-list__icon fal fa-check-circle\"><\/i>web<\/li>\n<li><i class=\"c-list__icon fal fa-check-circle\"><\/i>e-business<\/li>\n<\/ul>\n<\/div>[\/vc_column][vc_column width=&#8221;1\/2&#8243;]<div class=\"c-heading\"><h3 class=\" u-text-bolder u-padding-vertical-small\">Szabv\u00e1ny k\u00f6rnyezetbe t\u00f6rt\u00e9n\u0151 integr\u00e1l\u00e1s (Enterprise application\/v\u00e1llalati alkalmaz\u00e1s)<\/h3><\/div><div class=\" c-list c-list--color-one\"><p>Egon ebben az esetben seg\u00e9d b\u0151v\u00edtm\u00e9ny form\u00e1j\u00e1ban a m\u00e1r megl\u00e9v\u0151 infrastrukt\u00far\u00e1kba ker\u00fcl be\u00e9p\u00edt\u00e9sre:<\/p>\n<ul>\n<li><i class=\"c-list__icon fal fa-check-circle\"><\/i>IBM<\/li>\n<li><i class=\"c-list__icon fal fa-check-circle\"><\/i>Oracle<\/li>\n<li><i class=\"c-list__icon fal fa-check-circle\"><\/i>Google<\/li>\n<li><i class=\"c-list__icon fal fa-check-circle\"><\/i>Microsoft<\/li>\n<li><i class=\"c-list__icon fal fa-check-circle\"><\/i>SAP<\/li>\n<li><i class=\"c-list__icon fal fa-check-circle\"><\/i>Windows<\/li>\n<\/ul>\n<\/div>[\/vc_column][\/vc_row][vc_row][vc_column]<div class=\"templatera_shortcode\"><div class=\"o-holder u-background-ca-one u-padding-vertical-large\"><div class=\" o-wrapper\"><div class=\"grid-1\"><div class=\"col _lap-and-up-12\" ><div class=\"c-heading\"><h3 class=\" u-text-color-invert u-text-center\">FEDEZZE FEL HOGY TUD HOZZ\u00c1J\u00c1RULNI MIN\u0150S\u00c9GI ADATKEZEL\u0150 SZOFTVER\u00dcNK T\u00c1RSAS\u00c1GA FEJLESZT\u00c9S\u00c9HEZ<\/h3><\/div><div class=\"c-button-holder c-button-holder--center\"><a class=\"c-button u-text-bold c-button--center c-button--white  c-button--ghost\" href=\"https:\/\/www.egon.com\/company\/contact-us\">VEGYE FEL VEL\u00dcNK A KAPCSOLATOT!<\/a><\/div><\/div>\n<\/div><\/div><\/div>\r\n<\/div>[\/vc_column][\/vc_row]\n","protected":false},"excerpt":{"rendered":"FEDEZZE FEL HOGY TUD HOZZ\u00c1J\u00c1RULNI MIN\u0150S\u00c9GI ADATKEZEL\u0150 SZOFTVER\u00dcNK T\u00c1RSAS\u00c1GA FEJLESZT\u00c9S\u00c9HEZVEGYE FEL VEL\u00dcNK A KAPCSOLATOT!","protected":false},"author":1,"featured_media":0,"parent":8191,"menu_order":0,"comment_status":"closed","ping_status":"closed","template":"templates\/template-fullwidth.php","meta":{"footnotes":""},"class_list":["post-8219","page","type-page","status-publish","hentry"],"yoast_head":"<!-- This site is optimized with the Yoast SEO plugin v26.8 - https:\/\/yoast.com\/product\/yoast-seo-wordpress\/ -->\n<title>Egon: azonnal az alkalmaz\u00e1sodba integr\u00e1lt szabv\u00e1nyos\u00edt\u00e1s \u00e9s geok\u00f3dol\u00e1s<\/title>\n<meta name=\"description\" content=\"Egon egy olyan alkalmaz\u00e1s, mely k\u00e9pes b\u00e1rmilyen t\u00edpus\u00fa idegen alkalmaz\u00e1sba integr\u00e1l\u00f3dni \u00e9s azzal egy\u00fcttm\u0171k\u00f6dni, \u00e9s mint b\u0151v\u00edtm\u00e9ny, standard \u00fczemeltet\u00e9si k\u00f6rnyezetekben is (Enterprise application).\" \/>\n<meta name=\"robots\" content=\"index, follow, max-snippet:-1, max-image-preview:large, max-video-preview:-1\" \/>\n<link rel=\"canonical\" href=\"https:\/\/www.egon.com\/hu\/hasznalati-mod\/integralt\" \/>\n<meta property=\"og:locale\" content=\"hu_HU\" \/>\n<meta property=\"og:type\" content=\"article\" \/>\n<meta property=\"og:title\" content=\"Egon: azonnal az alkalmaz\u00e1sodba integr\u00e1lt szabv\u00e1nyos\u00edt\u00e1s \u00e9s geok\u00f3dol\u00e1s\" \/>\n<meta property=\"og:description\" content=\"Egon egy olyan alkalmaz\u00e1s, mely k\u00e9pes b\u00e1rmilyen t\u00edpus\u00fa idegen alkalmaz\u00e1sba integr\u00e1l\u00f3dni \u00e9s azzal egy\u00fcttm\u0171k\u00f6dni, \u00e9s mint b\u0151v\u00edtm\u00e9ny, standard \u00fczemeltet\u00e9si k\u00f6rnyezetekben is (Enterprise application).\" \/>\n<meta property=\"og:url\" content=\"https:\/\/www.egon.com\/hu\/hasznalati-mod\/integralt\" \/>\n<meta property=\"og:site_name\" content=\"Egon\" \/>\n<meta property=\"article:modified_time\" content=\"2021-02-15T13:53:57+00:00\" \/>\n<meta name=\"twitter:card\" content=\"summary_large_image\" \/>\n<meta name=\"twitter:label1\" content=\"Becs\u00fclt olvas\u00e1si id\u0151\" \/>\n\t<meta name=\"twitter:data1\" content=\"1 perc\" \/>\n<script type=\"application\/ld+json\" class=\"yoast-schema-graph\">{\"@context\":\"https:\/\/schema.org\",\"@graph\":[{\"@type\":\"WebPage\",\"@id\":\"https:\/\/www.egon.com\/hu\/hasznalati-mod\/integralt\",\"url\":\"https:\/\/www.egon.com\/hu\/hasznalati-mod\/integralt\",\"name\":\"Egon: azonnal az alkalmaz\u00e1sodba integr\u00e1lt szabv\u00e1nyos\u00edt\u00e1s \u00e9s geok\u00f3dol\u00e1s\",\"isPartOf\":{\"@id\":\"https:\/\/www.egon.com\/zh\/#website\"},\"datePublished\":\"2017-09-19T13:59:21+00:00\",\"dateModified\":\"2021-02-15T13:53:57+00:00\",\"description\":\"Egon egy olyan alkalmaz\u00e1s, mely k\u00e9pes b\u00e1rmilyen t\u00edpus\u00fa idegen alkalmaz\u00e1sba integr\u00e1l\u00f3dni \u00e9s azzal egy\u00fcttm\u0171k\u00f6dni, \u00e9s mint b\u0151v\u00edtm\u00e9ny, standard \u00fczemeltet\u00e9si k\u00f6rnyezetekben is (Enterprise application).\",\"breadcrumb\":{\"@id\":\"https:\/\/www.egon.com\/hu\/hasznalati-mod\/integralt#breadcrumb\"},\"inLanguage\":\"hu\",\"potentialAction\":[{\"@type\":\"ReadAction\",\"target\":[\"https:\/\/www.egon.com\/hu\/hasznalati-mod\/integralt\"]}]},{\"@type\":\"BreadcrumbList\",\"@id\":\"https:\/\/www.egon.com\/hu\/hasznalati-mod\/integralt#breadcrumb\",\"itemListElement\":[{\"@type\":\"ListItem\",\"position\":1,\"name\":\"Home\",\"item\":\"https:\/\/www.egon.com\/hu\"},{\"@type\":\"ListItem\",\"position\":2,\"name\":\"HASZN\u00c1LATI M\u00d3D\",\"item\":\"https:\/\/www.egon.com\/hu\/hasznalati-mod\"},{\"@type\":\"ListItem\",\"position\":3,\"name\":\"Egon: azonnal az alkalmaz\u00e1sodba integr\u00e1lt szabv\u00e1nyos\u00edt\u00e1s \u00e9s geok\u00f3dol\u00e1s\"}]},{\"@type\":\"WebSite\",\"@id\":\"https:\/\/www.egon.com\/zh\/#website\",\"url\":\"https:\/\/www.egon.com\/zh\/\",\"name\":\"Egon\",\"description\":\"Normalizzazione indirizzi - Address validation - Egon.com\",\"potentialAction\":[{\"@type\":\"SearchAction\",\"target\":{\"@type\":\"EntryPoint\",\"urlTemplate\":\"https:\/\/www.egon.com\/zh\/?s={search_term_string}\"},\"query-input\":{\"@type\":\"PropertyValueSpecification\",\"valueRequired\":true,\"valueName\":\"search_term_string\"}}],\"inLanguage\":\"hu\"}]}<\/script>\n<!-- \/ Yoast SEO plugin. -->","yoast_head_json":{"title":"Egon: azonnal az alkalmaz\u00e1sodba integr\u00e1lt szabv\u00e1nyos\u00edt\u00e1s \u00e9s geok\u00f3dol\u00e1s","description":"Egon egy olyan alkalmaz\u00e1s, mely k\u00e9pes b\u00e1rmilyen t\u00edpus\u00fa idegen alkalmaz\u00e1sba integr\u00e1l\u00f3dni \u00e9s azzal egy\u00fcttm\u0171k\u00f6dni, \u00e9s mint b\u0151v\u00edtm\u00e9ny, standard \u00fczemeltet\u00e9si k\u00f6rnyezetekben is (Enterprise application).","robots":{"index":"index","follow":"follow","max-snippet":"max-snippet:-1","max-image-preview":"max-image-preview:large","max-video-preview":"max-video-preview:-1"},"canonical":"https:\/\/www.egon.com\/hu\/hasznalati-mod\/integralt","og_locale":"hu_HU","og_type":"article","og_title":"Egon: azonnal az alkalmaz\u00e1sodba integr\u00e1lt szabv\u00e1nyos\u00edt\u00e1s \u00e9s geok\u00f3dol\u00e1s","og_description":"Egon egy olyan alkalmaz\u00e1s, mely k\u00e9pes b\u00e1rmilyen t\u00edpus\u00fa idegen alkalmaz\u00e1sba integr\u00e1l\u00f3dni \u00e9s azzal egy\u00fcttm\u0171k\u00f6dni, \u00e9s mint b\u0151v\u00edtm\u00e9ny, standard \u00fczemeltet\u00e9si k\u00f6rnyezetekben is (Enterprise application).","og_url":"https:\/\/www.egon.com\/hu\/hasznalati-mod\/integralt","og_site_name":"Egon","article_modified_time":"2021-02-15T13:53:57+00:00","twitter_card":"summary_large_image","twitter_misc":{"Becs\u00fclt olvas\u00e1si id\u0151":"1 perc"},"schema":{"@context":"https:\/\/schema.org","@graph":[{"@type":"WebPage","@id":"https:\/\/www.egon.com\/hu\/hasznalati-mod\/integralt","url":"https:\/\/www.egon.com\/hu\/hasznalati-mod\/integralt","name":"Egon: azonnal az alkalmaz\u00e1sodba integr\u00e1lt szabv\u00e1nyos\u00edt\u00e1s \u00e9s geok\u00f3dol\u00e1s","isPartOf":{"@id":"https:\/\/www.egon.com\/zh\/#website"},"datePublished":"2017-09-19T13:59:21+00:00","dateModified":"2021-02-15T13:53:57+00:00","description":"Egon egy olyan alkalmaz\u00e1s, mely k\u00e9pes b\u00e1rmilyen t\u00edpus\u00fa idegen alkalmaz\u00e1sba integr\u00e1l\u00f3dni \u00e9s azzal egy\u00fcttm\u0171k\u00f6dni, \u00e9s mint b\u0151v\u00edtm\u00e9ny, standard \u00fczemeltet\u00e9si k\u00f6rnyezetekben is (Enterprise application).","breadcrumb":{"@id":"https:\/\/www.egon.com\/hu\/hasznalati-mod\/integralt#breadcrumb"},"inLanguage":"hu","potentialAction":[{"@type":"ReadAction","target":["https:\/\/www.egon.com\/hu\/hasznalati-mod\/integralt"]}]},{"@type":"BreadcrumbList","@id":"https:\/\/www.egon.com\/hu\/hasznalati-mod\/integralt#breadcrumb","itemListElement":[{"@type":"ListItem","position":1,"name":"Home","item":"https:\/\/www.egon.com\/hu"},{"@type":"ListItem","position":2,"name":"HASZN\u00c1LATI M\u00d3D","item":"https:\/\/www.egon.com\/hu\/hasznalati-mod"},{"@type":"ListItem","position":3,"name":"Egon: azonnal az alkalmaz\u00e1sodba integr\u00e1lt szabv\u00e1nyos\u00edt\u00e1s \u00e9s geok\u00f3dol\u00e1s"}]},{"@type":"WebSite","@id":"https:\/\/www.egon.com\/zh\/#website","url":"https:\/\/www.egon.com\/zh\/","name":"Egon","description":"Normalizzazione indirizzi - Address validation - Egon.com","potentialAction":[{"@type":"SearchAction","target":{"@type":"EntryPoint","urlTemplate":"https:\/\/www.egon.com\/zh\/?s={search_term_string}"},"query-input":{"@type":"PropertyValueSpecification","valueRequired":true,"valueName":"search_term_string"}}],"inLanguage":"hu"}]}},"_links":{"self":[{"href":"https:\/\/www.egon.com\/hu\/wp-json\/wp\/v2\/pages\/8219","targetHints":{"allow":["GET"]}}],"collection":[{"href":"https:\/\/www.egon.com\/hu\/wp-json\/wp\/v2\/pages"}],"about":[{"href":"https:\/\/www.egon.com\/hu\/wp-json\/wp\/v2\/types\/page"}],"author":[{"embeddable":true,"href":"https:\/\/www.egon.com\/hu\/wp-json\/wp\/v2\/users\/1"}],"replies":[{"embeddable":true,"href":"https:\/\/www.egon.com\/hu\/wp-json\/wp\/v2\/comments?post=8219"}],"version-history":[{"count":2,"href":"https:\/\/www.egon.com\/hu\/wp-json\/wp\/v2\/pages\/8219\/revisions"}],"predecessor-version":[{"id":17990,"href":"https:\/\/www.egon.com\/hu\/wp-json\/wp\/v2\/pages\/8219\/revisions\/17990"}],"up":[{"embeddable":true,"href":"https:\/\/www.egon.com\/hu\/wp-json\/wp\/v2\/pages\/8191"}],"wp:attachment":[{"href":"https:\/\/www.egon.com\/hu\/wp-json\/wp\/v2\/media?parent=8219"}],"curies":[{"name":"wp","href":"https:\/\/api.w.org\/{rel}","templated":true}]}}