{"id":8191,"date":"2017-09-19T13:47:48","date_gmt":"2017-09-19T13:47:48","guid":{"rendered":"https:\/\/egon.com\/?page_id=8191"},"modified":"2017-10-26T10:17:28","modified_gmt":"2017-10-26T10:17:28","slug":"hasznalati-mod","status":"publish","type":"page","link":"https:\/\/www.egon.com\/hu\/hasznalati-mod","title":{"rendered":"HASZN\u00c1LATI M\u00d3D"},"content":{"rendered":"[vc_row][vc_column width=&#8221;1\/4&#8243;]<div class=\"c-featured-box u-background-gradient-one\">\t\r\n\t\t\t\t\t\t\t\t\t\t\t\r\n\t\t\t\t\t\t<div class=\"c-featured-box__content\">\t\t\t\t\t\t\r\n\t\t\t\t\t\t\t<p class=\"c-featured-box__title\">BATCH<\/b><\/p>\r\n\t\t\t\t\t\t\t\t\t\t\t\t\t\t\r\n\t\t\t\t\t\t<\/div>\t\r\n\t\t\t\t\t\t<a class=\"c-featured-box__link\" href=\"https:\/\/www.egon.com\/methodology\/batch\">Learn more<\/a>\t\t\r\n\t\t\t\t\t<\/div>[\/vc_column][vc_column width=&#8221;1\/4&#8243;]<div class=\"c-featured-box u-background-gradient-two\">\t\r\n\t\t\t\t\t\t\t\t\t\t\t\r\n\t\t\t\t\t\t<div class=\"c-featured-box__content\">\t\t\t\t\t\t\r\n\t\t\t\t\t\t\t<p class=\"c-featured-box__title\">INTEGR\u00c1LT<\/b><\/p>\r\n\t\t\t\t\t\t\t\t\t\t\t\t\t\t\r\n\t\t\t\t\t\t<\/div>\t\r\n\t\t\t\t\t\t<a class=\"c-featured-box__link\" href=\"https:\/\/www.egon.com\/methodology\/integrated\">Learn more<\/a>\t\t\r\n\t\t\t\t\t<\/div>[\/vc_column][vc_column width=&#8221;1\/4&#8243;]<div class=\"c-featured-box u-background-gradient-three\">\t\r\n\t\t\t\t\t\t\t\t\t\t\t\r\n\t\t\t\t\t\t<div class=\"c-featured-box__content\">\t\t\t\t\t\t\r\n\t\t\t\t\t\t\t<p class=\"c-featured-box__title\">ON LINE<\/b><\/p>\r\n\t\t\t\t\t\t\t\t\t\t\t\t\t\t\r\n\t\t\t\t\t\t<\/div>\t\r\n\t\t\t\t\t\t<a class=\"c-featured-box__link\" href=\"https:\/\/www.egon.com\/methodology\/online\">Learn more<\/a>\t\t\r\n\t\t\t\t\t<\/div>[\/vc_column][vc_column width=&#8221;1\/4&#8243;]<div class=\"c-featured-box u-background-gradient-four\">\t\r\n\t\t\t\t\t\t\t\t\t\t\t\r\n\t\t\t\t\t\t<div class=\"c-featured-box__content\">\t\t\t\t\t\t\r\n\t\t\t\t\t\t\t<p class=\"c-featured-box__title\">AUTOCOMPLETE<\/b><\/p>\r\n\t\t\t\t\t\t\t\t\t\t\t\t\t\t\r\n\t\t\t\t\t\t<\/div>\t\r\n\t\t\t\t\t\t<a class=\"c-featured-box__link\" href=\"https:\/\/www.egon.com\/methodology\/autocomplete\">Learn more<\/a>\t\t\r\n\t\t\t\t\t<\/div>[\/vc_column][\/vc_row]\n","protected":false},"excerpt":{"rendered":"<p>[vc_row][vc_column width=&#8221;1\/4&#8243;][\/vc_column][vc_column width=&#8221;1\/4&#8243;][\/vc_column][vc_column width=&#8221;1\/4&#8243;][\/vc_column][vc_column width=&#8221;1\/4&#8243;][\/vc_column][\/vc_row]<\/p>\n","protected":false},"author":1,"featured_media":0,"parent":0,"menu_order":0,"comment_status":"closed","ping_status":"closed","template":"templates\/template-nosidebar.php","meta":{"footnotes":""},"class_list":["post-8191","page","type-page","status-publish","hentry"],"yoast_head":"<!-- This site is optimized with the Yoast SEO plugin v26.8 - https:\/\/yoast.com\/product\/yoast-seo-wordpress\/ -->\n<title>Egon: adatmin\u0151s\u00e9gi szoftver alkalmaz\u00e1sok szakmai k\u00f6rnyezetekhez<\/title>\n<meta name=\"description\" content=\"Egon adatmin\u0151s\u00e9gi szoftver\u00fcnk professzion\u00e1lis alkalmaz\u00e1si ter\u00fcletei a szabv\u00e1nyos\u00edt\u00e1shoz \u00e9s geok\u00f3dol\u00e1shoz\" \/>\n<meta name=\"robots\" content=\"index, follow, max-snippet:-1, max-image-preview:large, max-video-preview:-1\" \/>\n<link rel=\"canonical\" href=\"https:\/\/www.egon.com\/hu\/hasznalati-mod\" \/>\n<meta property=\"og:locale\" content=\"hu_HU\" \/>\n<meta property=\"og:type\" content=\"article\" \/>\n<meta property=\"og:title\" content=\"Egon: adatmin\u0151s\u00e9gi szoftver alkalmaz\u00e1sok szakmai k\u00f6rnyezetekhez\" \/>\n<meta property=\"og:description\" content=\"Egon adatmin\u0151s\u00e9gi szoftver\u00fcnk professzion\u00e1lis alkalmaz\u00e1si ter\u00fcletei a szabv\u00e1nyos\u00edt\u00e1shoz \u00e9s geok\u00f3dol\u00e1shoz\" \/>\n<meta property=\"og:url\" content=\"https:\/\/www.egon.com\/hu\/hasznalati-mod\" \/>\n<meta property=\"og:site_name\" content=\"Egon\" \/>\n<meta property=\"article:modified_time\" content=\"2017-10-26T10:17:28+00:00\" \/>\n<meta name=\"twitter:card\" content=\"summary_large_image\" \/>\n<script type=\"application\/ld+json\" class=\"yoast-schema-graph\">{\"@context\":\"https:\/\/schema.org\",\"@graph\":[{\"@type\":\"WebPage\",\"@id\":\"https:\/\/www.egon.com\/hu\/hasznalati-mod\",\"url\":\"https:\/\/www.egon.com\/hu\/hasznalati-mod\",\"name\":\"Egon: adatmin\u0151s\u00e9gi szoftver alkalmaz\u00e1sok szakmai k\u00f6rnyezetekhez\",\"isPartOf\":{\"@id\":\"https:\/\/www.egon.com\/zh\/#website\"},\"datePublished\":\"2017-09-19T13:47:48+00:00\",\"dateModified\":\"2017-10-26T10:17:28+00:00\",\"description\":\"Egon adatmin\u0151s\u00e9gi szoftver\u00fcnk professzion\u00e1lis alkalmaz\u00e1si ter\u00fcletei a szabv\u00e1nyos\u00edt\u00e1shoz \u00e9s geok\u00f3dol\u00e1shoz\",\"breadcrumb\":{\"@id\":\"https:\/\/www.egon.com\/hu\/hasznalati-mod#breadcrumb\"},\"inLanguage\":\"hu\",\"potentialAction\":[{\"@type\":\"ReadAction\",\"target\":[\"https:\/\/www.egon.com\/hu\/hasznalati-mod\"]}]},{\"@type\":\"BreadcrumbList\",\"@id\":\"https:\/\/www.egon.com\/hu\/hasznalati-mod#breadcrumb\",\"itemListElement\":[{\"@type\":\"ListItem\",\"position\":1,\"name\":\"Home\",\"item\":\"https:\/\/www.egon.com\/hu\"},{\"@type\":\"ListItem\",\"position\":2,\"name\":\"HASZN\u00c1LATI M\u00d3D\"}]},{\"@type\":\"WebSite\",\"@id\":\"https:\/\/www.egon.com\/zh\/#website\",\"url\":\"https:\/\/www.egon.com\/zh\/\",\"name\":\"Egon\",\"description\":\"Normalizzazione indirizzi - Address validation - Egon.com\",\"potentialAction\":[{\"@type\":\"SearchAction\",\"target\":{\"@type\":\"EntryPoint\",\"urlTemplate\":\"https:\/\/www.egon.com\/zh\/?s={search_term_string}\"},\"query-input\":{\"@type\":\"PropertyValueSpecification\",\"valueRequired\":true,\"valueName\":\"search_term_string\"}}],\"inLanguage\":\"hu\"}]}<\/script>\n<!-- \/ Yoast SEO plugin. -->","yoast_head_json":{"title":"Egon: adatmin\u0151s\u00e9gi szoftver alkalmaz\u00e1sok szakmai k\u00f6rnyezetekhez","description":"Egon adatmin\u0151s\u00e9gi szoftver\u00fcnk professzion\u00e1lis alkalmaz\u00e1si ter\u00fcletei a szabv\u00e1nyos\u00edt\u00e1shoz \u00e9s geok\u00f3dol\u00e1shoz","robots":{"index":"index","follow":"follow","max-snippet":"max-snippet:-1","max-image-preview":"max-image-preview:large","max-video-preview":"max-video-preview:-1"},"canonical":"https:\/\/www.egon.com\/hu\/hasznalati-mod","og_locale":"hu_HU","og_type":"article","og_title":"Egon: adatmin\u0151s\u00e9gi szoftver alkalmaz\u00e1sok szakmai k\u00f6rnyezetekhez","og_description":"Egon adatmin\u0151s\u00e9gi szoftver\u00fcnk professzion\u00e1lis alkalmaz\u00e1si ter\u00fcletei a szabv\u00e1nyos\u00edt\u00e1shoz \u00e9s geok\u00f3dol\u00e1shoz","og_url":"https:\/\/www.egon.com\/hu\/hasznalati-mod","og_site_name":"Egon","article_modified_time":"2017-10-26T10:17:28+00:00","twitter_card":"summary_large_image","schema":{"@context":"https:\/\/schema.org","@graph":[{"@type":"WebPage","@id":"https:\/\/www.egon.com\/hu\/hasznalati-mod","url":"https:\/\/www.egon.com\/hu\/hasznalati-mod","name":"Egon: adatmin\u0151s\u00e9gi szoftver alkalmaz\u00e1sok szakmai k\u00f6rnyezetekhez","isPartOf":{"@id":"https:\/\/www.egon.com\/zh\/#website"},"datePublished":"2017-09-19T13:47:48+00:00","dateModified":"2017-10-26T10:17:28+00:00","description":"Egon adatmin\u0151s\u00e9gi szoftver\u00fcnk professzion\u00e1lis alkalmaz\u00e1si ter\u00fcletei a szabv\u00e1nyos\u00edt\u00e1shoz \u00e9s geok\u00f3dol\u00e1shoz","breadcrumb":{"@id":"https:\/\/www.egon.com\/hu\/hasznalati-mod#breadcrumb"},"inLanguage":"hu","potentialAction":[{"@type":"ReadAction","target":["https:\/\/www.egon.com\/hu\/hasznalati-mod"]}]},{"@type":"BreadcrumbList","@id":"https:\/\/www.egon.com\/hu\/hasznalati-mod#breadcrumb","itemListElement":[{"@type":"ListItem","position":1,"name":"Home","item":"https:\/\/www.egon.com\/hu"},{"@type":"ListItem","position":2,"name":"HASZN\u00c1LATI M\u00d3D"}]},{"@type":"WebSite","@id":"https:\/\/www.egon.com\/zh\/#website","url":"https:\/\/www.egon.com\/zh\/","name":"Egon","description":"Normalizzazione indirizzi - Address validation - Egon.com","potentialAction":[{"@type":"SearchAction","target":{"@type":"EntryPoint","urlTemplate":"https:\/\/www.egon.com\/zh\/?s={search_term_string}"},"query-input":{"@type":"PropertyValueSpecification","valueRequired":true,"valueName":"search_term_string"}}],"inLanguage":"hu"}]}},"_links":{"self":[{"href":"https:\/\/www.egon.com\/hu\/wp-json\/wp\/v2\/pages\/8191","targetHints":{"allow":["GET"]}}],"collection":[{"href":"https:\/\/www.egon.com\/hu\/wp-json\/wp\/v2\/pages"}],"about":[{"href":"https:\/\/www.egon.com\/hu\/wp-json\/wp\/v2\/types\/page"}],"author":[{"embeddable":true,"href":"https:\/\/www.egon.com\/hu\/wp-json\/wp\/v2\/users\/1"}],"replies":[{"embeddable":true,"href":"https:\/\/www.egon.com\/hu\/wp-json\/wp\/v2\/comments?post=8191"}],"version-history":[{"count":0,"href":"https:\/\/www.egon.com\/hu\/wp-json\/wp\/v2\/pages\/8191\/revisions"}],"wp:attachment":[{"href":"https:\/\/www.egon.com\/hu\/wp-json\/wp\/v2\/media?parent=8191"}],"curies":[{"name":"wp","href":"https:\/\/api.w.org\/{rel}","templated":true}]}}